{"id":4298,"date":"2026-01-21T04:09:15","date_gmt":"2026-01-21T04:09:15","guid":{"rendered":"https:\/\/fumot.uk\/?post_type=product&#038;p=4298"},"modified":"2026-01-21T06:59:06","modified_gmt":"2026-01-21T06:59:06","slug":"sour-cherry-ice-jnr-mega-box-50000-puffs","status":"publish","type":"product","link":"https:\/\/fumot.uk\/nl\/product\/sour-cherry-ice-jnr-mega-box-50000-puffs\/","title":{"rendered":"JNR Mega Box Pro Zure Kers IJs 50000 Puffs \u2013 32ml, 850mAh, Dual Mesh, Type\u2011C (0\/2\/5% Nic)"},"content":{"rendered":"<h2>JNR Mega Box Pro 50000 Puffs \u2013 Sour Cherry Ice<\/h2>\n<p><strong>Zure Kers IJs<\/strong> brengt een levendige kersensmaak met een frisse, koele afdronk\u2014helder, fruitig en schoon bij het uitademen. De eerste trek levert een sappige zure-kersenpop, gevolgd door een ijzige bries die de smaak verfrissend houdt zonder het fruit te overheersen.<\/p>\n<h3>Premium Uiterlijk, Moderne Controle<\/h3>\n<p>De <strong>JNR Mega Box Pro 50000 Puffs<\/strong> combineert een slank, donker metallic lichaam met minimalistische lijnen voor een verfijnd gevoel in de hand. Een duidelijke <strong>LED display<\/strong> houdt je in \u00e9\u00e9n oogopslag ge\u00efnformeerd\u2014zodat je van je vape kunt genieten zonder giswerk.<\/p>\n<h3>Gebouwd voor Soepele, Dichte Damp<\/h3>\n<p>Aangedreven door <strong>Dubbele Mesh Coil &amp; Dual Core technologie<\/strong>, dit apparaat is ontworpen om consistente smaak en een bevredigend wolkenprofiel te leveren\u2014ideaal voor <strong>DTL (Direct-to-Lung)<\/strong> gebruikers die een soepele maar krachtige kersen-ijs smaak willen.<\/p>\n<h3>Kies Je Nicotine Sterkte<\/h3>\n<p>Kies het nicotinegehalte dat bij je voorkeur past: <strong>0%<\/strong>, <strong>2%<\/strong>, of <strong>5%<\/strong>. Het Sour Cherry Ice-profiel blijft in balans over de sterktes\u2014zure kers voorop, koele afdronk erachter.<\/p>\n<h3>Specificaties<\/h3>\n<ul>\n<li><strong>E\u2011Liquid Capaciteit:<\/strong> 32ml<\/li>\n<li><strong>Aantal Puffs:<\/strong> Tot 50000 puffs<\/li>\n<li><strong>Spoel:<\/strong> Dubbele Mesh Coil &amp; Dual Core<\/li>\n<li><strong>Batterij:<\/strong> 850mAh (oplaadbaar)<\/li>\n<li><strong>Opladen:<\/strong> USB Type\u2011C<\/li>\n<li><strong>Display:<\/strong> E\u2011liquid &amp; batterijstatus<\/li>\n<li><strong>Nicotine Opties:<\/strong> 0% \/ 2% \/ 5%<\/li>\n<\/ul>\n<h3>Waarom Je van Sour Cherry Ice zult Houden<\/h3>\n<ul>\n<li><strong>Pittige kersensmaak<\/strong> met een schone ijzige afdronk<\/li>\n<li><strong>Soepele, dichte damp<\/strong> dankzij dual-mesh prestaties<\/li>\n<li><strong>LED display<\/strong> voor snelle, praktische statuscontroles<\/li>\n<li><strong>Type\u2011C oplaadbaar<\/strong> gemak<\/li>\n<\/ul>\n<p>Ontdek meer smaken en apparaten bij <a href=\"https:\/\/fumot.uk\/nl\/\">fumot.uk<\/a>.<\/p>","protected":false},"excerpt":{"rendered":"<p>JNR Mega Box Pro Zure Kers IJs met tot 50000 trekjes. 32ml e\u2011vloeistof, 850mAh Type\u2011C oplaadbaar, LED-display, Dual Mesh\/Dual Core. Nic: 0\/2\/5%.<\/p>","protected":false},"featured_media":4341,"comment_status":"open","ping_status":"closed","template":"","meta":[],"product_brand":[],"product_cat":[110,214,17],"product_tag":[84,70,167,71,20,36,72,23,73,29,26,28],"class_list":{"0":"post-4298","1":"product","2":"type-product","3":"status-publish","4":"has-post-thumbnail","6":"product_cat-50000-puff","7":"product_cat-jnr-mega-box-pro-50000-puffs","8":"product_cat-vape","9":"product_tag-0-nikotin","10":"product_tag-2-nikotin","11":"product_tag-32ml","12":"product_tag-5-nikotin","13":"product_tag-850mah","14":"product_tag-cherry","15":"product_tag-direct-to-lung","16":"product_tag-display","17":"product_tag-dual-mesh","18":"product_tag-ice","19":"product_tag-rechargeable","20":"product_tag-type-c","22":"first","23":"instock","24":"sale","25":"shipping-taxable","26":"purchasable","27":"product-type-variable","28":"has-default-attributes"},"yoast_head":"<!-- This site is optimized with the Yoast SEO plugin v26.8 - https:\/\/yoast.com\/product\/yoast-seo-wordpress\/ -->\n<title>JNR Mega Box Pro Sour Cherry Ice 50000 Puffs | fumot.uk<\/title>\n<meta name=\"description\" content=\"Sour Cherry Ice JNR Mega Box Pro: up to 50000 puffs, 32ml, 850mAh Type\u2011C rechargeable, LED display, Dual Mesh\/Dual Core. 0\/2\/5% nic.\" \/>\n<meta name=\"robots\" content=\"index, follow, max-snippet:-1, max-image-preview:large, max-video-preview:-1\" \/>\n<link rel=\"canonical\" href=\"https:\/\/fumot.uk\/nl\/product\/sour-cherry-ice-jnr-mega-box-50000-puffs\/\" \/>\n<meta property=\"og:locale\" content=\"nl_NL\" \/>\n<meta property=\"og:type\" content=\"article\" \/>\n<meta property=\"og:title\" content=\"Sour Cherry Ice \u2013 JNR Mega Box Pro 50000 Puffs\" \/>\n<meta property=\"og:description\" content=\"Tangy sour cherry with a cool icy finish. 32ml, 850mAh Type\u2011C rechargeable, LED display, Dual Mesh\/Dual Core. Choose 0\/2\/5% nic.\" \/>\n<meta property=\"og:url\" content=\"https:\/\/fumot.uk\/nl\/product\/sour-cherry-ice-jnr-mega-box-50000-puffs\/\" \/>\n<meta property=\"og:site_name\" content=\"Fumot Official Direct | Straight from the Factory, 100% Genuine\" \/>\n<meta property=\"article:modified_time\" content=\"2026-01-21T06:59:06+00:00\" \/>\n<meta property=\"og:image\" content=\"https:\/\/fumot.uk\/wp-content\/uploads\/2026\/01\/SOUR-CHERRY-ICE-JNR-Mega-Box-Pro-50000-Puffs-Disposable-Device-scaled-1.jpg\" \/>\n\t<meta property=\"og:image:width\" content=\"2560\" \/>\n\t<meta property=\"og:image:height\" content=\"2560\" \/>\n\t<meta property=\"og:image:type\" content=\"image\/jpeg\" \/>\n<meta name=\"twitter:card\" content=\"summary_large_image\" \/>\n<meta name=\"twitter:label1\" content=\"Geschatte leestijd\" \/>\n\t<meta name=\"twitter:data1\" content=\"1 minuut\" \/>\n<script type=\"application\/ld+json\" class=\"yoast-schema-graph\">{\"@context\":\"https:\/\/schema.org\",\"@graph\":[{\"@type\":\"WebPage\",\"@id\":\"https:\/\/fumot.uk\/product\/sour-cherry-ice-jnr-mega-box-50000-puffs\/\",\"url\":\"https:\/\/fumot.uk\/product\/sour-cherry-ice-jnr-mega-box-50000-puffs\/\",\"name\":\"JNR Mega Box Pro Sour Cherry Ice 50000 Puffs | fumot.uk\",\"isPartOf\":{\"@id\":\"https:\/\/fumot.uk\/#website\"},\"primaryImageOfPage\":{\"@id\":\"https:\/\/fumot.uk\/product\/sour-cherry-ice-jnr-mega-box-50000-puffs\/#primaryimage\"},\"image\":{\"@id\":\"https:\/\/fumot.uk\/product\/sour-cherry-ice-jnr-mega-box-50000-puffs\/#primaryimage\"},\"thumbnailUrl\":\"https:\/\/fumot.uk\/wp-content\/uploads\/2026\/01\/SOUR-CHERRY-ICE-JNR-Mega-Box-Pro-50000-Puffs-Disposable-Device-scaled-1.jpg\",\"datePublished\":\"2026-01-21T04:09:15+00:00\",\"dateModified\":\"2026-01-21T06:59:06+00:00\",\"description\":\"Sour Cherry Ice JNR Mega Box Pro: up to 50000 puffs, 32ml, 850mAh Type\u2011C rechargeable, LED display, Dual Mesh\/Dual Core. 0\/2\/5% nic.\",\"breadcrumb\":{\"@id\":\"https:\/\/fumot.uk\/product\/sour-cherry-ice-jnr-mega-box-50000-puffs\/#breadcrumb\"},\"inLanguage\":\"nl-NL\",\"potentialAction\":[{\"@type\":\"ReadAction\",\"target\":[\"https:\/\/fumot.uk\/product\/sour-cherry-ice-jnr-mega-box-50000-puffs\/\"]}]},{\"@type\":\"ImageObject\",\"inLanguage\":\"nl-NL\",\"@id\":\"https:\/\/fumot.uk\/product\/sour-cherry-ice-jnr-mega-box-50000-puffs\/#primaryimage\",\"url\":\"https:\/\/fumot.uk\/wp-content\/uploads\/2026\/01\/SOUR-CHERRY-ICE-JNR-Mega-Box-Pro-50000-Puffs-Disposable-Device-scaled-1.jpg\",\"contentUrl\":\"https:\/\/fumot.uk\/wp-content\/uploads\/2026\/01\/SOUR-CHERRY-ICE-JNR-Mega-Box-Pro-50000-Puffs-Disposable-Device-scaled-1.jpg\",\"width\":2560,\"height\":2560},{\"@type\":\"BreadcrumbList\",\"@id\":\"https:\/\/fumot.uk\/product\/sour-cherry-ice-jnr-mega-box-50000-puffs\/#breadcrumb\",\"itemListElement\":[{\"@type\":\"ListItem\",\"position\":1,\"name\":\"Home\",\"item\":\"https:\/\/fumot.uk\/\"},{\"@type\":\"ListItem\",\"position\":2,\"name\":\"Shop\",\"item\":\"https:\/\/fumot.uk\/shop\/\"},{\"@type\":\"ListItem\",\"position\":3,\"name\":\"JNR Mega Box Pro Sour Cherry Ice 50000 Puffs \u2013 32ml, 850mAh, Dual Mesh, Type\u2011C (0\/2\/5% Nic)\"}]},{\"@type\":\"WebSite\",\"@id\":\"https:\/\/fumot.uk\/#website\",\"url\":\"https:\/\/fumot.uk\/\",\"name\":\"Fumot Official Direct | Straight from the Factory, 100% Genuine\",\"description\":\"Official Website\",\"publisher\":{\"@id\":\"https:\/\/fumot.uk\/#organization\"},\"potentialAction\":[{\"@type\":\"SearchAction\",\"target\":{\"@type\":\"EntryPoint\",\"urlTemplate\":\"https:\/\/fumot.uk\/?s={search_term_string}\"},\"query-input\":{\"@type\":\"PropertyValueSpecification\",\"valueRequired\":true,\"valueName\":\"search_term_string\"}}],\"inLanguage\":\"nl-NL\"},{\"@type\":\"Organization\",\"@id\":\"https:\/\/fumot.uk\/#organization\",\"name\":\"Fumot Official Direct | Straight from the Factory, 100% Genuine\",\"url\":\"https:\/\/fumot.uk\/\",\"logo\":{\"@type\":\"ImageObject\",\"inLanguage\":\"nl-NL\",\"@id\":\"https:\/\/fumot.uk\/#\/schema\/logo\/image\/\",\"url\":\"https:\/\/fumot.uk\/wp-content\/uploads\/2026\/01\/cropped-fumot-logo1.png\",\"contentUrl\":\"https:\/\/fumot.uk\/wp-content\/uploads\/2026\/01\/cropped-fumot-logo1.png\",\"width\":152,\"height\":106,\"caption\":\"Fumot Official Direct | Straight from the Factory, 100% Genuine\"},\"image\":{\"@id\":\"https:\/\/fumot.uk\/#\/schema\/logo\/image\/\"}}]}<\/script>\n<!-- \/ Yoast SEO plugin. -->","yoast_head_json":{"title":"JNR Mega Box Pro Zure Kers IJs 50000 Puffs | fumot.uk","description":"Zure Kersenijs JNR Mega Box Pro: tot 50000 puffs, 32ml, 850mAh Type\u2011C oplaadbaar, LED-display, Dual Mesh\/Dual Core. 0\/2\/5% nic.","robots":{"index":"index","follow":"follow","max-snippet":"max-snippet:-1","max-image-preview":"max-image-preview:large","max-video-preview":"max-video-preview:-1"},"canonical":"https:\/\/fumot.uk\/nl\/product\/sour-cherry-ice-jnr-mega-box-50000-puffs\/","og_locale":"nl_NL","og_type":"article","og_title":"Sour Cherry Ice \u2013 JNR Mega Box Pro 50000 Puffs","og_description":"Tangy sour cherry with a cool icy finish. 32ml, 850mAh Type\u2011C rechargeable, LED display, Dual Mesh\/Dual Core. Choose 0\/2\/5% nic.","og_url":"https:\/\/fumot.uk\/nl\/product\/sour-cherry-ice-jnr-mega-box-50000-puffs\/","og_site_name":"Fumot Official Direct | Straight from the Factory, 100% Genuine","article_modified_time":"2026-01-21T06:59:06+00:00","og_image":[{"width":2560,"height":2560,"url":"https:\/\/fumot.uk\/wp-content\/uploads\/2026\/01\/SOUR-CHERRY-ICE-JNR-Mega-Box-Pro-50000-Puffs-Disposable-Device-scaled-1.jpg","type":"image\/jpeg"}],"twitter_card":"summary_large_image","twitter_misc":{"Geschatte leestijd":"1 minuut"},"schema":{"@context":"https:\/\/schema.org","@graph":[{"@type":"WebPage","@id":"https:\/\/fumot.uk\/product\/sour-cherry-ice-jnr-mega-box-50000-puffs\/","url":"https:\/\/fumot.uk\/product\/sour-cherry-ice-jnr-mega-box-50000-puffs\/","name":"JNR Mega Box Pro Zure Kers IJs 50000 Puffs | fumot.uk","isPartOf":{"@id":"https:\/\/fumot.uk\/#website"},"primaryImageOfPage":{"@id":"https:\/\/fumot.uk\/product\/sour-cherry-ice-jnr-mega-box-50000-puffs\/#primaryimage"},"image":{"@id":"https:\/\/fumot.uk\/product\/sour-cherry-ice-jnr-mega-box-50000-puffs\/#primaryimage"},"thumbnailUrl":"https:\/\/fumot.uk\/wp-content\/uploads\/2026\/01\/SOUR-CHERRY-ICE-JNR-Mega-Box-Pro-50000-Puffs-Disposable-Device-scaled-1.jpg","datePublished":"2026-01-21T04:09:15+00:00","dateModified":"2026-01-21T06:59:06+00:00","description":"Zure Kersenijs JNR Mega Box Pro: tot 50000 puffs, 32ml, 850mAh Type\u2011C oplaadbaar, LED-display, Dual Mesh\/Dual Core. 0\/2\/5% nic.","breadcrumb":{"@id":"https:\/\/fumot.uk\/product\/sour-cherry-ice-jnr-mega-box-50000-puffs\/#breadcrumb"},"inLanguage":"nl-NL","potentialAction":[{"@type":"ReadAction","target":["https:\/\/fumot.uk\/product\/sour-cherry-ice-jnr-mega-box-50000-puffs\/"]}]},{"@type":"ImageObject","inLanguage":"nl-NL","@id":"https:\/\/fumot.uk\/product\/sour-cherry-ice-jnr-mega-box-50000-puffs\/#primaryimage","url":"https:\/\/fumot.uk\/wp-content\/uploads\/2026\/01\/SOUR-CHERRY-ICE-JNR-Mega-Box-Pro-50000-Puffs-Disposable-Device-scaled-1.jpg","contentUrl":"https:\/\/fumot.uk\/wp-content\/uploads\/2026\/01\/SOUR-CHERRY-ICE-JNR-Mega-Box-Pro-50000-Puffs-Disposable-Device-scaled-1.jpg","width":2560,"height":2560},{"@type":"BreadcrumbList","@id":"https:\/\/fumot.uk\/product\/sour-cherry-ice-jnr-mega-box-50000-puffs\/#breadcrumb","itemListElement":[{"@type":"ListItem","position":1,"name":"Home","item":"https:\/\/fumot.uk\/"},{"@type":"ListItem","position":2,"name":"Shop","item":"https:\/\/fumot.uk\/shop\/"},{"@type":"ListItem","position":3,"name":"JNR Mega Box Pro Sour Cherry Ice 50000 Puffs \u2013 32ml, 850mAh, Dual Mesh, Type\u2011C (0\/2\/5% Nic)"}]},{"@type":"WebSite","@id":"https:\/\/fumot.uk\/#website","url":"https:\/\/fumot.uk\/","name":"Fumot Official Direct | Rechtstreeks van de fabriek, 100% Echt","description":"Offici\u00eble website","publisher":{"@id":"https:\/\/fumot.uk\/#organization"},"potentialAction":[{"@type":"SearchAction","target":{"@type":"EntryPoint","urlTemplate":"https:\/\/fumot.uk\/?s={search_term_string}"},"query-input":{"@type":"PropertyValueSpecification","valueRequired":true,"valueName":"search_term_string"}}],"inLanguage":"nl-NL"},{"@type":"Organization","@id":"https:\/\/fumot.uk\/#organization","name":"Fumot Official Direct | Rechtstreeks van de fabriek, 100% Echt","url":"https:\/\/fumot.uk\/","logo":{"@type":"ImageObject","inLanguage":"nl-NL","@id":"https:\/\/fumot.uk\/#\/schema\/logo\/image\/","url":"https:\/\/fumot.uk\/wp-content\/uploads\/2026\/01\/cropped-fumot-logo1.png","contentUrl":"https:\/\/fumot.uk\/wp-content\/uploads\/2026\/01\/cropped-fumot-logo1.png","width":152,"height":106,"caption":"Fumot Official Direct | Straight from the Factory, 100% Genuine"},"image":{"@id":"https:\/\/fumot.uk\/#\/schema\/logo\/image\/"}}]}},"_links":{"self":[{"href":"https:\/\/fumot.uk\/nl\/wp-json\/wp\/v2\/product\/4298","targetHints":{"allow":["GET"]}}],"collection":[{"href":"https:\/\/fumot.uk\/nl\/wp-json\/wp\/v2\/product"}],"about":[{"href":"https:\/\/fumot.uk\/nl\/wp-json\/wp\/v2\/types\/product"}],"replies":[{"embeddable":true,"href":"https:\/\/fumot.uk\/nl\/wp-json\/wp\/v2\/comments?post=4298"}],"wp:featuredmedia":[{"embeddable":true,"href":"https:\/\/fumot.uk\/nl\/wp-json\/wp\/v2\/media\/4341"}],"wp:attachment":[{"href":"https:\/\/fumot.uk\/nl\/wp-json\/wp\/v2\/media?parent=4298"}],"wp:term":[{"taxonomy":"product_brand","embeddable":true,"href":"https:\/\/fumot.uk\/nl\/wp-json\/wp\/v2\/product_brand?post=4298"},{"taxonomy":"product_cat","embeddable":true,"href":"https:\/\/fumot.uk\/nl\/wp-json\/wp\/v2\/product_cat?post=4298"},{"taxonomy":"product_tag","embeddable":true,"href":"https:\/\/fumot.uk\/nl\/wp-json\/wp\/v2\/product_tag?post=4298"}],"curies":[{"name":"wp","href":"https:\/\/api.w.org\/{rel}","templated":true}]}}