{"id":3570,"date":"2026-01-20T10:13:51","date_gmt":"2026-01-20T10:13:51","guid":{"rendered":"https:\/\/fumot.uk\/?post_type=product&#038;p=3570"},"modified":"2026-01-20T10:15:44","modified_gmt":"2026-01-20T10:15:44","slug":"waspe-fw-30000-puffs-mixed-berry","status":"publish","type":"product","link":"https:\/\/fumot.uk\/nl\/product\/waspe-fw-30000-puffs-mixed-berry\/","title":{"rendered":"WASPE FW-30000 PUFFS-Gemengde Bessen"},"content":{"rendered":"<h4 data-start=\"64\" data-end=\"137\"><strong data-start=\"64\" data-end=\"135\">WASPE FW-30000 Mixed Berries: Berry-fris, intensieve dampbeleving<\/strong><\/h4>\n<p data-start=\"139\" data-end=\"569\">Geniet van de perfecte mix van fruitig aroma \u2013 <strong data-start=\"197\" data-end=\"214\">Mixed <a href=\"https:\/\/ultravape.de\/product-tag\/berry\/\">Berries<\/a><\/strong>, dat zich ontvouwt tot een zoete en licht zure smaakexplosie in de mond. Elke trek levert volle bessensmaak en zachte, fijne damp, die zowel qua smaak overtuigt als een aangename keel-hit biedt. Of het nu voor dagelijks genot is of onderweg \u2013 dit aroma zorgt voor een verfrissende, langdurige dampbeleving.<\/p>\n<h4 data-start=\"563\" data-end=\"588\"><strong data-start=\"563\" data-end=\"586\">Bijzondere kenmerken:<\/strong><\/h4>\n<p>1.Intens fruitaroma, uitgebalanceerd zoet-zuur<br data-start=\"79\" data-end=\"82\" \/>2.Zachte keel-hit, pure smaak<strong data-start=\"82\" data-end=\"122\"><br \/>\n<\/strong><\/p>\n<h4 data-start=\"44\" data-end=\"142\"><strong data-start=\"44\" data-end=\"140\">WASPE FW-30000 E-sigaret: Slim display \u00d7 Dual Mesh Coil \u00d7 Instelbare luchtstroom<\/strong><\/h4>\n<p data-start=\"144\" data-end=\"431\"><strong data-start=\"144\" data-end=\"173\">Slim LED-display<\/strong><br data-start=\"173\" data-end=\"176\" \/>Het LED-display toont te allen tijde batterij- en vloeistofniveau aan, zodat plotselinge uitval of lege tank wordt vermeden. In combinatie met de 850mAh-batterij en Type-C-snelladen zorgt het voor snel opladen, lange batterijduur en stabiele prestaties.<\/p>\n<p data-start=\"433\" data-end=\"515\"><strong data-start=\"433\" data-end=\"460\">Instelbare luchtstroom<\/strong><br data-start=\"460\" data-end=\"463\" \/>De draaibare luchtstroomregelaar biedt twee modi:<\/p>\n<ul data-start=\"516\" data-end=\"669\">\n<li data-start=\"516\" data-end=\"588\">\n<p data-start=\"518\" data-end=\"588\"><strong data-start=\"518\" data-end=\"535\">Standaardmodus<\/strong>: 30000 trekken, ideaal voor dagelijks dampgenot.<\/p>\n<\/li>\n<li data-start=\"589\" data-end=\"669\">\n<p data-start=\"591\" data-end=\"669\"><strong data-start=\"591\" data-end=\"606\">Pulse-modus<\/strong>: 15000 trekken, intensere smaak en sterkere keel-hit.<\/p>\n<\/li>\n<\/ul>\n<p><strong>Dubbele Mesh Spoel<\/strong><br data-start=\"689\" data-end=\"692\" \/>De 1\u03a9 + 1\u03a9 Dual Mesh Coil zorgt voor gelijkmatige verwarming, dichte damp en pure smaak. Met de 28ml grote tank kan lang worden gedampt. Er zijn nicotinegehaltes van 0%, 2% en 5% beschikbaar, geschikt voor beginners en ervaren dampers.<\/p>\n<h4 data-start=\"671\" data-end=\"946\"><strong data-start=\"671\" data-end=\"689\">Basiskenmerken\uff1a<\/strong><\/h4>\n<p>Regular: 30000 trekken<br \/>\nPulse: 15000 trekken<br \/>\nDual Mesh Coil: 1ohm+1ohm<br \/>\nE-liquid:28ml<br \/>\nNicotine<strong>:<\/strong>0%\/2%\/5%<br \/>\nBatterij:850mah<br \/>\nVerstelbare luchtstroom<br \/>\nOplaadbaar:Type-C<br \/>\nLED Display<\/p>\n<p>Ontdek op <a href=\"http:\/\/ultravape.de\/\"><strong data-start=\"47\" data-end=\"63\">ultravape.de<\/strong><\/a> een grote selectie van hoogwaardige e-sigaretten. Wij bieden u uitstekende service en topproducten voor een eersteklas dampbeleving.<\/p>\n<p><strong data-start=\"82\" data-end=\"122\">\u00a0<\/strong><\/p>","protected":false},"excerpt":{"rendered":"<p>WASPE FW-30000 Gemengde Bessen: Bessig-fris, intense dampgenot Geniet van de perfecte mix van fruitig aroma \u2013 Gemengde Bessen, die zich ontvouwt tot een zoete en licht zure smaakexplosie in de mond. Elke trek levert volle bessensmaak en zachte, fijne damp, die zowel qua smaak overtuigt als een aangename throat-hit biedt. Of het nu voor dagelijks genot is of [\u2026]<\/p>","protected":false},"featured_media":3614,"comment_status":"open","ping_status":"closed","template":"","meta":[],"product_brand":[],"product_cat":[125,17,187],"product_tag":[84,70,124,71,20,21,72,23,73,79,26,28],"class_list":{"0":"post-3570","1":"product","2":"type-product","3":"status-publish","4":"has-post-thumbnail","6":"product_cat-30000-puff","7":"product_cat-vape","8":"product_cat-waspe-fw-30000-puffs","9":"product_tag-0-nikotin","10":"product_tag-2-nikotin","11":"product_tag-28ml","12":"product_tag-5-nikotin","13":"product_tag-850mah","14":"product_tag-adjustable-airflow","15":"product_tag-direct-to-lung","16":"product_tag-display","17":"product_tag-dual-mesh","18":"product_tag-mixed-berries","19":"product_tag-rechargeable","20":"product_tag-type-c","22":"first","23":"instock","24":"sale","25":"shipping-taxable","26":"purchasable","27":"product-type-variable","28":"has-default-attributes"},"yoast_head":"<!-- This site is optimized with the Yoast SEO plugin v26.8 - https:\/\/yoast.com\/product\/yoast-seo-wordpress\/ -->\n<title>WASPE FW-30000 PUFFS-Mixed Berry - Fumot Official Direct | Straight from the Factory, 100% Genuine<\/title>\n<meta name=\"robots\" content=\"index, follow, max-snippet:-1, max-image-preview:large, max-video-preview:-1\" \/>\n<link rel=\"canonical\" href=\"https:\/\/fumot.uk\/nl\/product\/waspe-fw-30000-puffs-mixed-berry\/\" \/>\n<meta property=\"og:locale\" content=\"nl_NL\" \/>\n<meta property=\"og:type\" content=\"article\" \/>\n<meta property=\"og:title\" content=\"WASPE FW-30000 PUFFS-Mixed Berry - Fumot Official Direct | Straight from the Factory, 100% Genuine\" \/>\n<meta property=\"og:description\" content=\"WASPE FW-30000 Mixed Berries: Beerig-frisch, intensiver Dampfgenuss Genie\u00dfen Sie die perfekte Mischung aus fruchtigem Aroma \u2013 Mixed Berries, das sich zu einer s\u00fc\u00dfen und leicht s\u00e4uerlichen Geschmacksexplosion im Mund entfaltet. Jeder Zug liefert vollen Beerengeschmack und sanften, feinen Dampf, der sowohl geschmacklich \u00fcberzeugt als auch einen angenehmen Throat-Hit bietet. Ob f\u00fcr den t\u00e4glichen Genuss oder [&hellip;]\" \/>\n<meta property=\"og:url\" content=\"https:\/\/fumot.uk\/nl\/product\/waspe-fw-30000-puffs-mixed-berry\/\" \/>\n<meta property=\"og:site_name\" content=\"Fumot Official Direct | Straight from the Factory, 100% Genuine\" \/>\n<meta property=\"article:modified_time\" content=\"2026-01-20T10:15:44+00:00\" \/>\n<meta property=\"og:image\" content=\"https:\/\/fumot.uk\/wp-content\/uploads\/2026\/01\/Mixed-Berry-WASPE-FW-30000-PUFFS-Disposable-Vape.jpg\" \/>\n\t<meta property=\"og:image:width\" content=\"1600\" \/>\n\t<meta property=\"og:image:height\" content=\"1600\" \/>\n\t<meta property=\"og:image:type\" content=\"image\/jpeg\" \/>\n<meta name=\"twitter:card\" content=\"summary_large_image\" \/>\n<meta name=\"twitter:label1\" content=\"Geschatte leestijd\" \/>\n\t<meta name=\"twitter:data1\" content=\"2 minuten\" \/>\n<script type=\"application\/ld+json\" class=\"yoast-schema-graph\">{\"@context\":\"https:\/\/schema.org\",\"@graph\":[{\"@type\":\"WebPage\",\"@id\":\"https:\/\/fumot.uk\/product\/waspe-fw-30000-puffs-mixed-berry\/\",\"url\":\"https:\/\/fumot.uk\/product\/waspe-fw-30000-puffs-mixed-berry\/\",\"name\":\"WASPE FW-30000 PUFFS-Mixed Berry - Fumot Official Direct | Straight from the Factory, 100% Genuine\",\"isPartOf\":{\"@id\":\"https:\/\/fumot.uk\/#website\"},\"primaryImageOfPage\":{\"@id\":\"https:\/\/fumot.uk\/product\/waspe-fw-30000-puffs-mixed-berry\/#primaryimage\"},\"image\":{\"@id\":\"https:\/\/fumot.uk\/product\/waspe-fw-30000-puffs-mixed-berry\/#primaryimage\"},\"thumbnailUrl\":\"https:\/\/fumot.uk\/wp-content\/uploads\/2026\/01\/Mixed-Berry-WASPE-FW-30000-PUFFS-Disposable-Vape.jpg\",\"datePublished\":\"2026-01-20T10:13:51+00:00\",\"dateModified\":\"2026-01-20T10:15:44+00:00\",\"breadcrumb\":{\"@id\":\"https:\/\/fumot.uk\/product\/waspe-fw-30000-puffs-mixed-berry\/#breadcrumb\"},\"inLanguage\":\"nl-NL\",\"potentialAction\":[{\"@type\":\"ReadAction\",\"target\":[\"https:\/\/fumot.uk\/product\/waspe-fw-30000-puffs-mixed-berry\/\"]}]},{\"@type\":\"ImageObject\",\"inLanguage\":\"nl-NL\",\"@id\":\"https:\/\/fumot.uk\/product\/waspe-fw-30000-puffs-mixed-berry\/#primaryimage\",\"url\":\"https:\/\/fumot.uk\/wp-content\/uploads\/2026\/01\/Mixed-Berry-WASPE-FW-30000-PUFFS-Disposable-Vape.jpg\",\"contentUrl\":\"https:\/\/fumot.uk\/wp-content\/uploads\/2026\/01\/Mixed-Berry-WASPE-FW-30000-PUFFS-Disposable-Vape.jpg\",\"width\":1600,\"height\":1600},{\"@type\":\"BreadcrumbList\",\"@id\":\"https:\/\/fumot.uk\/product\/waspe-fw-30000-puffs-mixed-berry\/#breadcrumb\",\"itemListElement\":[{\"@type\":\"ListItem\",\"position\":1,\"name\":\"Home\",\"item\":\"https:\/\/fumot.uk\/\"},{\"@type\":\"ListItem\",\"position\":2,\"name\":\"Shop\",\"item\":\"https:\/\/fumot.uk\/shop\/\"},{\"@type\":\"ListItem\",\"position\":3,\"name\":\"WASPE FW-30000 PUFFS-Mixed Berry\"}]},{\"@type\":\"WebSite\",\"@id\":\"https:\/\/fumot.uk\/#website\",\"url\":\"https:\/\/fumot.uk\/\",\"name\":\"Fumot Official Direct | Straight from the Factory, 100% Genuine\",\"description\":\"Official Website\",\"publisher\":{\"@id\":\"https:\/\/fumot.uk\/#organization\"},\"potentialAction\":[{\"@type\":\"SearchAction\",\"target\":{\"@type\":\"EntryPoint\",\"urlTemplate\":\"https:\/\/fumot.uk\/?s={search_term_string}\"},\"query-input\":{\"@type\":\"PropertyValueSpecification\",\"valueRequired\":true,\"valueName\":\"search_term_string\"}}],\"inLanguage\":\"nl-NL\"},{\"@type\":\"Organization\",\"@id\":\"https:\/\/fumot.uk\/#organization\",\"name\":\"Fumot Official Direct | Straight from the Factory, 100% Genuine\",\"url\":\"https:\/\/fumot.uk\/\",\"logo\":{\"@type\":\"ImageObject\",\"inLanguage\":\"nl-NL\",\"@id\":\"https:\/\/fumot.uk\/#\/schema\/logo\/image\/\",\"url\":\"https:\/\/fumot.uk\/wp-content\/uploads\/2026\/01\/cropped-fumot-logo1.png\",\"contentUrl\":\"https:\/\/fumot.uk\/wp-content\/uploads\/2026\/01\/cropped-fumot-logo1.png\",\"width\":152,\"height\":106,\"caption\":\"Fumot Official Direct | Straight from the Factory, 100% Genuine\"},\"image\":{\"@id\":\"https:\/\/fumot.uk\/#\/schema\/logo\/image\/\"}}]}<\/script>\n<!-- \/ Yoast SEO plugin. -->","yoast_head_json":{"title":"WASPE FW-30000 PUFFS-Gemengde Bes - Fumot Offici\u00eble Direct | Rechtstreeks van de Fabriek, 100% Echt","robots":{"index":"index","follow":"follow","max-snippet":"max-snippet:-1","max-image-preview":"max-image-preview:large","max-video-preview":"max-video-preview:-1"},"canonical":"https:\/\/fumot.uk\/nl\/product\/waspe-fw-30000-puffs-mixed-berry\/","og_locale":"nl_NL","og_type":"article","og_title":"WASPE FW-30000 PUFFS-Mixed Berry - Fumot Official Direct | Straight from the Factory, 100% Genuine","og_description":"WASPE FW-30000 Mixed Berries: Beerig-frisch, intensiver Dampfgenuss Genie\u00dfen Sie die perfekte Mischung aus fruchtigem Aroma \u2013 Mixed Berries, das sich zu einer s\u00fc\u00dfen und leicht s\u00e4uerlichen Geschmacksexplosion im Mund entfaltet. Jeder Zug liefert vollen Beerengeschmack und sanften, feinen Dampf, der sowohl geschmacklich \u00fcberzeugt als auch einen angenehmen Throat-Hit bietet. Ob f\u00fcr den t\u00e4glichen Genuss oder [&hellip;]","og_url":"https:\/\/fumot.uk\/nl\/product\/waspe-fw-30000-puffs-mixed-berry\/","og_site_name":"Fumot Official Direct | Straight from the Factory, 100% Genuine","article_modified_time":"2026-01-20T10:15:44+00:00","og_image":[{"width":1600,"height":1600,"url":"https:\/\/fumot.uk\/wp-content\/uploads\/2026\/01\/Mixed-Berry-WASPE-FW-30000-PUFFS-Disposable-Vape.jpg","type":"image\/jpeg"}],"twitter_card":"summary_large_image","twitter_misc":{"Geschatte leestijd":"2 minuten"},"schema":{"@context":"https:\/\/schema.org","@graph":[{"@type":"WebPage","@id":"https:\/\/fumot.uk\/product\/waspe-fw-30000-puffs-mixed-berry\/","url":"https:\/\/fumot.uk\/product\/waspe-fw-30000-puffs-mixed-berry\/","name":"WASPE FW-30000 PUFFS-Gemengde Bes - Fumot Offici\u00eble Direct | Rechtstreeks van de Fabriek, 100% Echt","isPartOf":{"@id":"https:\/\/fumot.uk\/#website"},"primaryImageOfPage":{"@id":"https:\/\/fumot.uk\/product\/waspe-fw-30000-puffs-mixed-berry\/#primaryimage"},"image":{"@id":"https:\/\/fumot.uk\/product\/waspe-fw-30000-puffs-mixed-berry\/#primaryimage"},"thumbnailUrl":"https:\/\/fumot.uk\/wp-content\/uploads\/2026\/01\/Mixed-Berry-WASPE-FW-30000-PUFFS-Disposable-Vape.jpg","datePublished":"2026-01-20T10:13:51+00:00","dateModified":"2026-01-20T10:15:44+00:00","breadcrumb":{"@id":"https:\/\/fumot.uk\/product\/waspe-fw-30000-puffs-mixed-berry\/#breadcrumb"},"inLanguage":"nl-NL","potentialAction":[{"@type":"ReadAction","target":["https:\/\/fumot.uk\/product\/waspe-fw-30000-puffs-mixed-berry\/"]}]},{"@type":"ImageObject","inLanguage":"nl-NL","@id":"https:\/\/fumot.uk\/product\/waspe-fw-30000-puffs-mixed-berry\/#primaryimage","url":"https:\/\/fumot.uk\/wp-content\/uploads\/2026\/01\/Mixed-Berry-WASPE-FW-30000-PUFFS-Disposable-Vape.jpg","contentUrl":"https:\/\/fumot.uk\/wp-content\/uploads\/2026\/01\/Mixed-Berry-WASPE-FW-30000-PUFFS-Disposable-Vape.jpg","width":1600,"height":1600},{"@type":"BreadcrumbList","@id":"https:\/\/fumot.uk\/product\/waspe-fw-30000-puffs-mixed-berry\/#breadcrumb","itemListElement":[{"@type":"ListItem","position":1,"name":"Home","item":"https:\/\/fumot.uk\/"},{"@type":"ListItem","position":2,"name":"Shop","item":"https:\/\/fumot.uk\/shop\/"},{"@type":"ListItem","position":3,"name":"WASPE FW-30000 PUFFS-Mixed Berry"}]},{"@type":"WebSite","@id":"https:\/\/fumot.uk\/#website","url":"https:\/\/fumot.uk\/","name":"Fumot Official Direct | Rechtstreeks van de fabriek, 100% Echt","description":"Offici\u00eble website","publisher":{"@id":"https:\/\/fumot.uk\/#organization"},"potentialAction":[{"@type":"SearchAction","target":{"@type":"EntryPoint","urlTemplate":"https:\/\/fumot.uk\/?s={search_term_string}"},"query-input":{"@type":"PropertyValueSpecification","valueRequired":true,"valueName":"search_term_string"}}],"inLanguage":"nl-NL"},{"@type":"Organization","@id":"https:\/\/fumot.uk\/#organization","name":"Fumot Official Direct | Rechtstreeks van de fabriek, 100% Echt","url":"https:\/\/fumot.uk\/","logo":{"@type":"ImageObject","inLanguage":"nl-NL","@id":"https:\/\/fumot.uk\/#\/schema\/logo\/image\/","url":"https:\/\/fumot.uk\/wp-content\/uploads\/2026\/01\/cropped-fumot-logo1.png","contentUrl":"https:\/\/fumot.uk\/wp-content\/uploads\/2026\/01\/cropped-fumot-logo1.png","width":152,"height":106,"caption":"Fumot Official Direct | Straight from the Factory, 100% Genuine"},"image":{"@id":"https:\/\/fumot.uk\/#\/schema\/logo\/image\/"}}]}},"_links":{"self":[{"href":"https:\/\/fumot.uk\/nl\/wp-json\/wp\/v2\/product\/3570","targetHints":{"allow":["GET"]}}],"collection":[{"href":"https:\/\/fumot.uk\/nl\/wp-json\/wp\/v2\/product"}],"about":[{"href":"https:\/\/fumot.uk\/nl\/wp-json\/wp\/v2\/types\/product"}],"replies":[{"embeddable":true,"href":"https:\/\/fumot.uk\/nl\/wp-json\/wp\/v2\/comments?post=3570"}],"wp:featuredmedia":[{"embeddable":true,"href":"https:\/\/fumot.uk\/nl\/wp-json\/wp\/v2\/media\/3614"}],"wp:attachment":[{"href":"https:\/\/fumot.uk\/nl\/wp-json\/wp\/v2\/media?parent=3570"}],"wp:term":[{"taxonomy":"product_brand","embeddable":true,"href":"https:\/\/fumot.uk\/nl\/wp-json\/wp\/v2\/product_brand?post=3570"},{"taxonomy":"product_cat","embeddable":true,"href":"https:\/\/fumot.uk\/nl\/wp-json\/wp\/v2\/product_cat?post=3570"},{"taxonomy":"product_tag","embeddable":true,"href":"https:\/\/fumot.uk\/nl\/wp-json\/wp\/v2\/product_tag?post=3570"}],"curies":[{"name":"wp","href":"https:\/\/api.w.org\/{rel}","templated":true}]}}