{"id":3377,"date":"2026-01-20T10:11:15","date_gmt":"2026-01-20T10:11:15","guid":{"rendered":"https:\/\/fumot.uk\/?post_type=product&#038;p=3377"},"modified":"2026-01-20T10:12:57","modified_gmt":"2026-01-20T10:12:57","slug":"watermelon-razz-rancher-vozol-rave-40000-puffs","status":"publish","type":"product","link":"https:\/\/fumot.uk\/nl\/product\/watermelon-razz-rancher-vozol-rave-40000-puffs\/","title":{"rendered":"Watermeloen Razz Rancher-Vozol Rave 40000 Puffs"},"content":{"rendered":"<h3 data-start=\"0\" data-end=\"189\"><strong data-start=\"0\" data-end=\"189\">Vozol Rave 40000 Puffs Watermelon Razz Rancher : De perfecte fusie van zoete watermeloen en frisse framboos voor een unieke en verfrissende dampervaring<\/strong><\/h3>\n<p data-start=\"191\" data-end=\"553\">De<strong> Vozol Rave 40000 Puffs Watermelon Razz Rancher<\/strong> Smaak combineert de zoete frisheid van watermeloen met de levendige, lichtzure noot van frambozen. Elke trek onthult de zoete frisheid van de watermeloen, die harmonieus is verbonden met de sprankelende framboosnuance, wat leidt tot een verfrissende en smaakvol unieke dampervaring.<\/p>\n<h4>Smaakkenmerken:<\/h4>\n<ul>\n<li data-start=\"1266\" data-end=\"1455\">\n<p data-start=\"1268\" data-end=\"1455\"><strong data-start=\"587\" data-end=\"615\">Watermeloensmaak:<\/strong> De smaak van watermeloen is zoet en verfrissend, met een natuurlijk fruitaroma dat niet te zoet is, maar een aangename lichte zoetheid biedt \u2013 ideaal voor zomers dampen.<\/p>\n<\/li>\n<li data-start=\"1266\" data-end=\"1455\">\n<p data-start=\"1268\" data-end=\"1455\"><strong data-start=\"811\" data-end=\"833\">Frambozensmaak:<\/strong> De framboos brengt een verfrissende zuurheid met zich mee, die in perfect evenwicht staat met de zoetheid van de watermeloen, en geeft deze smaak een levendige, sprankelende frisheid.<\/p>\n<\/li>\n<li data-start=\"1266\" data-end=\"1455\">\n<p data-start=\"1268\" data-end=\"1455\"><strong data-start=\"1015\" data-end=\"1035\">Perfecte fusie:<\/strong> De combinatie van zoete watermeloen en de zure framboos zorgt voor een harmonische smaakervaring, die noch te intens noch te mild is \u2013 gewoon perfect uitgebalanceerd.<\/p>\n<\/li>\n<li data-start=\"1266\" data-end=\"1455\"><strong data-start=\"1226\" data-end=\"1253\">Verfrissende ervaring:<\/strong> De Vozol Rave 40K Puffs Watermelon Razz Rancher smaak biedt een verfrissende ervaring, die doet denken aan het genot van een zomerse vrucht. Het is geschikt voor zowel dagelijks gebruik als voor gezellige momenten met vrienden.<\/li>\n<\/ul>\n<p data-start=\"1305\" data-end=\"1558\">De <strong><a href=\"https:\/\/ultravape.de\/product-category\/vozol-rave-40000-puffs\/\">Vozol Rave 40K Puffs<\/a> Watermelon Razz Rancher<\/strong> Smaak is de ideale keuze voor gebruikers die van fruitige aroma's houden met een perfecte mix van zoetheid en zuurheid. Het is de perfecte keuze voor dagelijks genot of voor gezellige bijeenkomsten.<\/p>\n<h3>Vozol Rave 40000 Puffs Voordelen\uff1a<\/h3>\n<h4>1.Innovatief 270\u00b0 Touchscreen-ontwerp<\/h4>\n<p data-start=\"112\" data-end=\"517\">De Vozol Rave 40K Puffs is uitgerust met het eerste 270\u00b0 touchscreen ter wereld, dat traditionele ontwerpen doorbreekt en een groter zichtoppervlak en een betere gebruikerservaring biedt. Deze functie maakt niet alleen eenvoudige controle van de apparaatstatus mogelijk, maar synchroniseert ook de verlichting met de muziek en de damp, om indrukwekkende lichteffecten te cre\u00ebren die de sfeer bij sociale gelegenheden verrijken.<\/p>\n<h4>2.Duurzaamheid en krachtige modi<\/h4>\n<p>In de standaardmodus biedt het apparaat een uitzonderlijke levensduur van ongeveer 40.000 trekken, wat voldoet aan de verwachtingen voor langdurig gebruik. In de hoogvermogensmodus wordt het aantal trekken verminderd tot ongeveer 25.000, maar zorgt deze voor sterkere dampontwikkeling en intensere smaak \u2013 ideaal voor gebruikers die een intensere dampervaring prefereren.<\/p>\n<h4>3.Aanpasbare luchtcirculatie en prestatie-instellingen<\/h4>\n<p>De Vozol Rave 40K Puffs biedt een individueel instelbare luchtcirculatie en prestatieopties, waarmee gebruikers de dampervaring naar hun voorkeur kunnen aanpassen. Of een dichte dampwolk of een zachte damp wordt geprefereerd, de luchtcirculatie en prestatie kunnen eenvoudig via het touchscreen worden geregeld.<\/p>\n<h4>4.Effici\u00ebnte USB Type-C snellaadfunctie<\/h4>\n<p>Met een <a href=\"https:\/\/ultravape.de\/product-tag\/1000-mah\/\">1000mAh<\/a> batterij en de USB Type-C oplaadfunctie is de Vozol Rave 40K Puffs uiterst snel weer klaar voor gebruik. Dankzij de snelle laadtijd kan het apparaat na slechts enkele minuten weer worden gebruikt, wat zorgt voor minimale wachttijd en u in staat stelt om op elk moment van het dampen te genieten.<\/p>","protected":false},"excerpt":{"rendered":"<p>Vozol Rave 40000 Puffs Watermelon Razz Rancher: De perfecte fusie van zoete watermeloen en verse framboos voor een unieke en verfrissende dampervaring. De Vozol Rave 40000 Puffs Watermelon Razz Rancher smaak combineert de zoete frisheid van watermeloen met de levendige, licht zure noot van frambozen. Elke trek onthult de zoete frisheid van de watermeloen, die [\u2026]<\/p>","protected":false},"featured_media":3415,"comment_status":"open","ping_status":"closed","template":"","meta":[],"product_brand":[],"product_cat":[82,17,177],"product_tag":[174,21,47,72,23,73,26,27,28,32],"class_list":{"0":"post-3377","1":"product","2":"type-product","3":"status-publish","4":"has-post-thumbnail","6":"product_cat-40000-puff","7":"product_cat-vape","8":"product_cat-vozol-rave-40000-puffs","9":"product_tag-1000-mah","10":"product_tag-adjustable-airflow","11":"product_tag-candy","12":"product_tag-direct-to-lung","13":"product_tag-display","14":"product_tag-dual-mesh","15":"product_tag-rechargeable","16":"product_tag-rgb-light","17":"product_tag-type-c","18":"product_tag-watermelon","20":"first","21":"instock","22":"sale","23":"shipping-taxable","24":"purchasable","25":"product-type-variable","26":"has-default-attributes"},"yoast_head":"<!-- This site is optimized with the Yoast SEO plugin v26.8 - https:\/\/yoast.com\/product\/yoast-seo-wordpress\/ -->\n<title>Watermelon Razz Rancher-Vozol Rave 40000 Puffs - Fumot Official Direct | Straight from the Factory, 100% Genuine<\/title>\n<meta name=\"robots\" content=\"index, follow, max-snippet:-1, max-image-preview:large, max-video-preview:-1\" \/>\n<link rel=\"canonical\" href=\"https:\/\/fumot.uk\/nl\/product\/watermelon-razz-rancher-vozol-rave-40000-puffs\/\" \/>\n<meta property=\"og:locale\" content=\"nl_NL\" \/>\n<meta property=\"og:type\" content=\"article\" \/>\n<meta property=\"og:title\" content=\"Watermelon Razz Rancher-Vozol Rave 40000 Puffs - Fumot Official Direct | Straight from the Factory, 100% Genuine\" \/>\n<meta property=\"og:description\" content=\"Vozol Rave 40000 Puffs Watermelon Razz Rancher : Die perfekte Fusion von s\u00fc\u00dfem Wassermelonen- und frischem Himbeer f\u00fcr ein einzigartiges und erfrischendes Dampferlebnis Der Vozol Rave 40000 Puffs Watermelon Razz Rancher Geschmack kombiniert die s\u00fc\u00dfe Frische von Wassermelone mit der lebendigen, leicht s\u00e4uerlichen Note von Himbeeren. Jeder Zug entfaltet die s\u00fc\u00dfe Frische der Wassermelone, die [&hellip;]\" \/>\n<meta property=\"og:url\" content=\"https:\/\/fumot.uk\/nl\/product\/watermelon-razz-rancher-vozol-rave-40000-puffs\/\" \/>\n<meta property=\"og:site_name\" content=\"Fumot Official Direct | Straight from the Factory, 100% Genuine\" \/>\n<meta property=\"article:modified_time\" content=\"2026-01-20T10:12:57+00:00\" \/>\n<meta property=\"og:image\" content=\"https:\/\/fumot.uk\/wp-content\/uploads\/2026\/01\/Watermelon-Razz-Rancher-Vozol-Rave-40000-Puffs-Disposable-Vape.png\" \/>\n\t<meta property=\"og:image:width\" content=\"1920\" \/>\n\t<meta property=\"og:image:height\" content=\"1920\" \/>\n\t<meta property=\"og:image:type\" content=\"image\/png\" \/>\n<meta name=\"twitter:card\" content=\"summary_large_image\" \/>\n<meta name=\"twitter:label1\" content=\"Geschatte leestijd\" \/>\n\t<meta name=\"twitter:data1\" content=\"3 minuten\" \/>\n<script type=\"application\/ld+json\" class=\"yoast-schema-graph\">{\"@context\":\"https:\/\/schema.org\",\"@graph\":[{\"@type\":\"WebPage\",\"@id\":\"https:\/\/fumot.uk\/product\/watermelon-razz-rancher-vozol-rave-40000-puffs\/\",\"url\":\"https:\/\/fumot.uk\/product\/watermelon-razz-rancher-vozol-rave-40000-puffs\/\",\"name\":\"Watermelon Razz Rancher-Vozol Rave 40000 Puffs - Fumot Official Direct | Straight from the Factory, 100% Genuine\",\"isPartOf\":{\"@id\":\"https:\/\/fumot.uk\/#website\"},\"primaryImageOfPage\":{\"@id\":\"https:\/\/fumot.uk\/product\/watermelon-razz-rancher-vozol-rave-40000-puffs\/#primaryimage\"},\"image\":{\"@id\":\"https:\/\/fumot.uk\/product\/watermelon-razz-rancher-vozol-rave-40000-puffs\/#primaryimage\"},\"thumbnailUrl\":\"https:\/\/fumot.uk\/wp-content\/uploads\/2026\/01\/Watermelon-Razz-Rancher-Vozol-Rave-40000-Puffs-Disposable-Vape.png\",\"datePublished\":\"2026-01-20T10:11:15+00:00\",\"dateModified\":\"2026-01-20T10:12:57+00:00\",\"breadcrumb\":{\"@id\":\"https:\/\/fumot.uk\/product\/watermelon-razz-rancher-vozol-rave-40000-puffs\/#breadcrumb\"},\"inLanguage\":\"nl-NL\",\"potentialAction\":[{\"@type\":\"ReadAction\",\"target\":[\"https:\/\/fumot.uk\/product\/watermelon-razz-rancher-vozol-rave-40000-puffs\/\"]}]},{\"@type\":\"ImageObject\",\"inLanguage\":\"nl-NL\",\"@id\":\"https:\/\/fumot.uk\/product\/watermelon-razz-rancher-vozol-rave-40000-puffs\/#primaryimage\",\"url\":\"https:\/\/fumot.uk\/wp-content\/uploads\/2026\/01\/Watermelon-Razz-Rancher-Vozol-Rave-40000-Puffs-Disposable-Vape.png\",\"contentUrl\":\"https:\/\/fumot.uk\/wp-content\/uploads\/2026\/01\/Watermelon-Razz-Rancher-Vozol-Rave-40000-Puffs-Disposable-Vape.png\",\"width\":1920,\"height\":1920},{\"@type\":\"BreadcrumbList\",\"@id\":\"https:\/\/fumot.uk\/product\/watermelon-razz-rancher-vozol-rave-40000-puffs\/#breadcrumb\",\"itemListElement\":[{\"@type\":\"ListItem\",\"position\":1,\"name\":\"Home\",\"item\":\"https:\/\/fumot.uk\/\"},{\"@type\":\"ListItem\",\"position\":2,\"name\":\"Shop\",\"item\":\"https:\/\/fumot.uk\/shop\/\"},{\"@type\":\"ListItem\",\"position\":3,\"name\":\"Watermelon Razz Rancher-Vozol Rave 40000 Puffs\"}]},{\"@type\":\"WebSite\",\"@id\":\"https:\/\/fumot.uk\/#website\",\"url\":\"https:\/\/fumot.uk\/\",\"name\":\"Fumot Official Direct | Straight from the Factory, 100% Genuine\",\"description\":\"Official Website\",\"publisher\":{\"@id\":\"https:\/\/fumot.uk\/#organization\"},\"potentialAction\":[{\"@type\":\"SearchAction\",\"target\":{\"@type\":\"EntryPoint\",\"urlTemplate\":\"https:\/\/fumot.uk\/?s={search_term_string}\"},\"query-input\":{\"@type\":\"PropertyValueSpecification\",\"valueRequired\":true,\"valueName\":\"search_term_string\"}}],\"inLanguage\":\"nl-NL\"},{\"@type\":\"Organization\",\"@id\":\"https:\/\/fumot.uk\/#organization\",\"name\":\"Fumot Official Direct | Straight from the Factory, 100% Genuine\",\"url\":\"https:\/\/fumot.uk\/\",\"logo\":{\"@type\":\"ImageObject\",\"inLanguage\":\"nl-NL\",\"@id\":\"https:\/\/fumot.uk\/#\/schema\/logo\/image\/\",\"url\":\"https:\/\/fumot.uk\/wp-content\/uploads\/2026\/01\/cropped-fumot-logo1.png\",\"contentUrl\":\"https:\/\/fumot.uk\/wp-content\/uploads\/2026\/01\/cropped-fumot-logo1.png\",\"width\":152,\"height\":106,\"caption\":\"Fumot Official Direct | Straight from the Factory, 100% Genuine\"},\"image\":{\"@id\":\"https:\/\/fumot.uk\/#\/schema\/logo\/image\/\"}}]}<\/script>\n<!-- \/ Yoast SEO plugin. -->","yoast_head_json":{"title":"Watermeloen Razz Rancher-Vozol Rave 40000 Puffs - Fumot Officieel Direct | Rechtstreeks van de Fabriek, 100% Echt","robots":{"index":"index","follow":"follow","max-snippet":"max-snippet:-1","max-image-preview":"max-image-preview:large","max-video-preview":"max-video-preview:-1"},"canonical":"https:\/\/fumot.uk\/nl\/product\/watermelon-razz-rancher-vozol-rave-40000-puffs\/","og_locale":"nl_NL","og_type":"article","og_title":"Watermelon Razz Rancher-Vozol Rave 40000 Puffs - Fumot Official Direct | Straight from the Factory, 100% Genuine","og_description":"Vozol Rave 40000 Puffs Watermelon Razz Rancher : Die perfekte Fusion von s\u00fc\u00dfem Wassermelonen- und frischem Himbeer f\u00fcr ein einzigartiges und erfrischendes Dampferlebnis Der Vozol Rave 40000 Puffs Watermelon Razz Rancher Geschmack kombiniert die s\u00fc\u00dfe Frische von Wassermelone mit der lebendigen, leicht s\u00e4uerlichen Note von Himbeeren. Jeder Zug entfaltet die s\u00fc\u00dfe Frische der Wassermelone, die [&hellip;]","og_url":"https:\/\/fumot.uk\/nl\/product\/watermelon-razz-rancher-vozol-rave-40000-puffs\/","og_site_name":"Fumot Official Direct | Straight from the Factory, 100% Genuine","article_modified_time":"2026-01-20T10:12:57+00:00","og_image":[{"width":1920,"height":1920,"url":"https:\/\/fumot.uk\/wp-content\/uploads\/2026\/01\/Watermelon-Razz-Rancher-Vozol-Rave-40000-Puffs-Disposable-Vape.png","type":"image\/png"}],"twitter_card":"summary_large_image","twitter_misc":{"Geschatte leestijd":"3 minuten"},"schema":{"@context":"https:\/\/schema.org","@graph":[{"@type":"WebPage","@id":"https:\/\/fumot.uk\/product\/watermelon-razz-rancher-vozol-rave-40000-puffs\/","url":"https:\/\/fumot.uk\/product\/watermelon-razz-rancher-vozol-rave-40000-puffs\/","name":"Watermeloen Razz Rancher-Vozol Rave 40000 Puffs - Fumot Officieel Direct | Rechtstreeks van de Fabriek, 100% Echt","isPartOf":{"@id":"https:\/\/fumot.uk\/#website"},"primaryImageOfPage":{"@id":"https:\/\/fumot.uk\/product\/watermelon-razz-rancher-vozol-rave-40000-puffs\/#primaryimage"},"image":{"@id":"https:\/\/fumot.uk\/product\/watermelon-razz-rancher-vozol-rave-40000-puffs\/#primaryimage"},"thumbnailUrl":"https:\/\/fumot.uk\/wp-content\/uploads\/2026\/01\/Watermelon-Razz-Rancher-Vozol-Rave-40000-Puffs-Disposable-Vape.png","datePublished":"2026-01-20T10:11:15+00:00","dateModified":"2026-01-20T10:12:57+00:00","breadcrumb":{"@id":"https:\/\/fumot.uk\/product\/watermelon-razz-rancher-vozol-rave-40000-puffs\/#breadcrumb"},"inLanguage":"nl-NL","potentialAction":[{"@type":"ReadAction","target":["https:\/\/fumot.uk\/product\/watermelon-razz-rancher-vozol-rave-40000-puffs\/"]}]},{"@type":"ImageObject","inLanguage":"nl-NL","@id":"https:\/\/fumot.uk\/product\/watermelon-razz-rancher-vozol-rave-40000-puffs\/#primaryimage","url":"https:\/\/fumot.uk\/wp-content\/uploads\/2026\/01\/Watermelon-Razz-Rancher-Vozol-Rave-40000-Puffs-Disposable-Vape.png","contentUrl":"https:\/\/fumot.uk\/wp-content\/uploads\/2026\/01\/Watermelon-Razz-Rancher-Vozol-Rave-40000-Puffs-Disposable-Vape.png","width":1920,"height":1920},{"@type":"BreadcrumbList","@id":"https:\/\/fumot.uk\/product\/watermelon-razz-rancher-vozol-rave-40000-puffs\/#breadcrumb","itemListElement":[{"@type":"ListItem","position":1,"name":"Home","item":"https:\/\/fumot.uk\/"},{"@type":"ListItem","position":2,"name":"Shop","item":"https:\/\/fumot.uk\/shop\/"},{"@type":"ListItem","position":3,"name":"Watermelon Razz Rancher-Vozol Rave 40000 Puffs"}]},{"@type":"WebSite","@id":"https:\/\/fumot.uk\/#website","url":"https:\/\/fumot.uk\/","name":"Fumot Official Direct | Rechtstreeks van de fabriek, 100% Echt","description":"Offici\u00eble website","publisher":{"@id":"https:\/\/fumot.uk\/#organization"},"potentialAction":[{"@type":"SearchAction","target":{"@type":"EntryPoint","urlTemplate":"https:\/\/fumot.uk\/?s={search_term_string}"},"query-input":{"@type":"PropertyValueSpecification","valueRequired":true,"valueName":"search_term_string"}}],"inLanguage":"nl-NL"},{"@type":"Organization","@id":"https:\/\/fumot.uk\/#organization","name":"Fumot Official Direct | Rechtstreeks van de fabriek, 100% Echt","url":"https:\/\/fumot.uk\/","logo":{"@type":"ImageObject","inLanguage":"nl-NL","@id":"https:\/\/fumot.uk\/#\/schema\/logo\/image\/","url":"https:\/\/fumot.uk\/wp-content\/uploads\/2026\/01\/cropped-fumot-logo1.png","contentUrl":"https:\/\/fumot.uk\/wp-content\/uploads\/2026\/01\/cropped-fumot-logo1.png","width":152,"height":106,"caption":"Fumot Official Direct | Straight from the Factory, 100% Genuine"},"image":{"@id":"https:\/\/fumot.uk\/#\/schema\/logo\/image\/"}}]}},"_links":{"self":[{"href":"https:\/\/fumot.uk\/nl\/wp-json\/wp\/v2\/product\/3377","targetHints":{"allow":["GET"]}}],"collection":[{"href":"https:\/\/fumot.uk\/nl\/wp-json\/wp\/v2\/product"}],"about":[{"href":"https:\/\/fumot.uk\/nl\/wp-json\/wp\/v2\/types\/product"}],"replies":[{"embeddable":true,"href":"https:\/\/fumot.uk\/nl\/wp-json\/wp\/v2\/comments?post=3377"}],"wp:featuredmedia":[{"embeddable":true,"href":"https:\/\/fumot.uk\/nl\/wp-json\/wp\/v2\/media\/3415"}],"wp:attachment":[{"href":"https:\/\/fumot.uk\/nl\/wp-json\/wp\/v2\/media?parent=3377"}],"wp:term":[{"taxonomy":"product_brand","embeddable":true,"href":"https:\/\/fumot.uk\/nl\/wp-json\/wp\/v2\/product_brand?post=3377"},{"taxonomy":"product_cat","embeddable":true,"href":"https:\/\/fumot.uk\/nl\/wp-json\/wp\/v2\/product_cat?post=3377"},{"taxonomy":"product_tag","embeddable":true,"href":"https:\/\/fumot.uk\/nl\/wp-json\/wp\/v2\/product_tag?post=3377"}],"curies":[{"name":"wp","href":"https:\/\/api.w.org\/{rel}","templated":true}]}}