{"id":2970,"date":"2026-01-20T10:06:11","date_gmt":"2026-01-20T10:06:11","guid":{"rendered":"https:\/\/fumot.uk\/?post_type=product&#038;p=2970"},"modified":"2026-01-20T10:08:07","modified_gmt":"2026-01-20T10:08:07","slug":"waspe-double-flavor-40000-puffs-strawberry-banana-pineapple-coconut-lce","status":"publish","type":"product","link":"https:\/\/fumot.uk\/nl\/product\/waspe-double-flavor-40000-puffs-strawberry-banana-pineapple-coconut-lce\/","title":{"rendered":"WASPE Dubbele Smaak 40000 Puffs- Aardbei Banaan &amp; Ananas Kokosnoot IJs"},"content":{"rendered":"<p data-start=\"0\" data-end=\"725\" data-is-last-node=\"\" data-is-only-node=\"\"><strong data-start=\"0\" data-end=\"77\" data-is-only-node=\"\">WASPE Double Flavor 40000 Puffs Strawberry Banana &amp; Pineapple Coconut Ice<\/strong> is uitgerust met 36 ml E-Liquid, wat langdurig gebruik zonder frequent bijvullen mogelijk maakt. De 850mAh-batterij zorgt voor een stabiele energievoorziening, terwijl de Type-C-snellader een snelle oplaadmogelijkheid biedt. Het LED-display bewaakt in realtime de laad- en vloeistofstatus en biedt de gebruiker een intelligent en comfortabel gebruiksgemak. Gebruikers kunnen eenvoudig schakelen tussen de twee smaken \u201cStrawberry Banana\u201d en \u201cPineapple Coconut Ice\u201d en genieten van de verfrissende zoetheid van aardbei-<a href=\"https:\/\/ultravape.de\/product-tag\/banana\/\">Banaan<\/a> evenals het koele gevoel van ananas-kokosijs om aan verschillende smaakvoorkeuren te voldoen.<\/p>\n<h4 data-start=\"0\" data-end=\"26\"><strong data-start=\"0\" data-end=\"26\">Productspecificaties<\/strong><\/h4>\n<ol>\n<li data-start=\"30\" data-end=\"195\"><strong data-start=\"30\" data-end=\"51\">Trekken: 40000 trekken\uff1a<\/strong>Biedt een gebruikservaring van maximaal 40000 trekken, ideaal voor dagelijks gebruik zonder dat het apparaat vaak hoeft te worden vervangen.<\/li>\n<li data-start=\"199\" data-end=\"373\"><strong data-start=\"199\" data-end=\"230\">Dubbele smaakopties\uff1a<\/strong>Maakt het mogelijk om tussen twee smaken te wisselen, zodat u kunt genieten van verschillende aroma's en meer keuze en plezier kunt hebben.<\/li>\n<li data-start=\"377\" data-end=\"490\"><strong data-start=\"377\" data-end=\"403\">Mesh Coil: 0,9\u03a9 + 0,9\u03a9\uff1a<\/strong>Met mesh-coils voor gelijkmatige verwarming, zorgt voor fijnere en gladdere damp.<\/li>\n<li data-start=\"494\" data-end=\"659\"><strong data-start=\"494\" data-end=\"523\">E-Liquid capaciteit: 36 ml\uff1a<\/strong>Grote 36 ml E-Liquid capaciteit vermindert de noodzaak van frequent bijvullen en biedt langdurig, stabiel dampgenot.<\/li>\n<li data-start=\"663\" data-end=\"800\"><strong data-start=\"663\" data-end=\"702\">Nicotineconcentratie: 0% \/ 2% \/ 5%\uff1a<\/strong>Drie nicotine-sterktes om uit te kiezen, om aan de behoeften van verschillende gebruikers te voldoen.<\/li>\n<li data-start=\"804\" data-end=\"934\"><strong data-start=\"804\" data-end=\"834\">Batterijcapaciteit: 850 mAh\uff1a<\/strong>Met een 850 mAh batterij biedt het apparaat een lange gebruiksduur, ideaal voor de hele dag.<\/li>\n<li data-start=\"938\" data-end=\"1127\"><strong data-start=\"938\" data-end=\"986\">Oplaadbaar: Type-C snellaadpoort\uff1a<\/strong>Uitgerust met een Type-C poort voor snel opladen, waardoor wachttijden worden verminderd en het apparaat altijd klaar is voor gebruik.<\/li>\n<li data-start=\"1131\" data-end=\"1289\"><strong data-start=\"1131\" data-end=\"1146\">LED-display\uff1a<\/strong>Toont in realtime het batterijniveau en de resterende E-Liquid hoeveelheid, zodat de gebruiker altijd op de hoogte is van de status van het apparaat.<\/li>\n<\/ol>\n<h4 data-start=\"0\" data-end=\"45\"><strong>Waarom WASPE Double Flavor <a href=\"https:\/\/ultravape.de\/product-category\/40000-puff\/\">40000 Puffs<\/a> kiezen?<\/strong><\/h4>\n<ol data-start=\"47\" data-end=\"907\" data-is-last-node=\"\" data-is-only-node=\"\">\n<li data-start=\"47\" data-end=\"371\">\n<p data-start=\"50\" data-end=\"371\"><strong data-start=\"50\" data-end=\"86\">Duurzaam en gebruiksvriendelijk<br \/>\n<\/strong>Met een royale 36 ml E-Liquid tank, een krachtige 850 mAh batterij en een snelle Type-C snellaadpoort biedt de WASPE Double Flavor 40000 Puffs langdurig gebruik en snel opladen \u2013 ideaal voor dagelijks gebruik zonder frequent bijvullen of opladen.<\/p>\n<\/li>\n<li data-start=\"373\" data-end=\"643\">\n<p data-start=\"376\" data-end=\"643\"><strong data-start=\"376\" data-end=\"409\">Dubbele smaakervaringen<br \/>\n<\/strong>De mogelijkheid om te schakelen tussen de smaken \u201eStrawberry Banana\u201c en \u201ePineapple Coconut Ice\u201c biedt een gevarieerde en verfrissende dampervaring, die kan worden aangepast aan de stemming of voorkeuren.<\/p>\n<\/li>\n<li data-start=\"645\" data-end=\"907\" data-is-last-node=\"\">\n<p data-start=\"648\" data-end=\"907\" data-is-last-node=\"\"><strong data-start=\"648\" data-end=\"672\">Intelligente gebruik<br \/>\n<\/strong>Het ge\u00efntegreerde LED-display toont in realtime de batterijstatus en het vloeistofniveau, zodat de gebruiker altijd weet wanneer het tijd is om bij te vullen of te tanken. Deze functie zorgt voor een comfortabel en stressvrij gebruik.<\/p>\n<\/li>\n<\/ol>","protected":false},"excerpt":{"rendered":"<p>WASPE Double Flavor 40000 Puffs Strawberry Banana &amp; Pineapple Coconut Ice is uitgerust met 36 ml E-Liquid, wat langdurig gebruik zonder frequent bijvullen mogelijk maakt. De 850mAh-accu zorgt voor een stabiele energievoorziening, terwijl de Type-C-snellader een snelle oplaadmogelijkheid biedt. Het LED-display bewaakt in realtime de laad- en vloeistofstatus en biedt de gebruiker een intelligent en [\u2026]<\/p>","protected":false},"featured_media":3000,"comment_status":"open","ping_status":"closed","template":"","meta":[],"product_brand":[],"product_cat":[82,17,164],"product_tag":[165,20,57,114,29,25,35,26,62,37,28],"class_list":{"0":"post-2970","1":"product","2":"type-product","3":"status-publish","4":"has-post-thumbnail","6":"product_cat-40000-puff","7":"product_cat-vape","8":"product_cat-waspe-double-flavor-40000-puffs","9":"product_tag-36ml","10":"product_tag-850mah","11":"product_tag-banana","12":"product_tag-dual-flavor","13":"product_tag-ice","14":"product_tag-mesh-coil","15":"product_tag-pineapple","16":"product_tag-rechargeable","17":"product_tag-sale-vape","18":"product_tag-strawberry","19":"product_tag-type-c","21":"first","22":"instock","23":"sale","24":"shipping-taxable","25":"purchasable","26":"product-type-variable","27":"has-default-attributes"},"yoast_head":"<!-- This site is optimized with the Yoast SEO plugin v26.8 - https:\/\/yoast.com\/product\/yoast-seo-wordpress\/ -->\n<title>WASPE Double Flavor 40000 Puffs- Strawberry Banana &amp; Pineapple Coconut lce - Fumot Official Direct | Straight from the Factory, 100% Genuine<\/title>\n<meta name=\"robots\" content=\"index, follow, max-snippet:-1, max-image-preview:large, max-video-preview:-1\" \/>\n<link rel=\"canonical\" href=\"https:\/\/fumot.uk\/nl\/product\/waspe-double-flavor-40000-puffs-strawberry-banana-pineapple-coconut-lce\/\" \/>\n<meta property=\"og:locale\" content=\"nl_NL\" \/>\n<meta property=\"og:type\" content=\"article\" \/>\n<meta property=\"og:title\" content=\"WASPE Double Flavor 40000 Puffs- Strawberry Banana &amp; Pineapple Coconut lce - Fumot Official Direct | Straight from the Factory, 100% Genuine\" \/>\n<meta property=\"og:description\" content=\"WASPE Double Flavor 40000 Puffs Strawberry Banana &amp; Pineapple Coconut Ice ist mit 36 ml E-Liquid ausgestattet, was eine lange Nutzung ohne h\u00e4ufiges Nachf\u00fcllen erm\u00f6glicht. Der 850mAh-Akku sorgt f\u00fcr eine stabile Energieversorgung, w\u00e4hrend der Type-C-Schnellladeanschluss ein schnelles Aufladen erm\u00f6glicht. Das LED-Display \u00fcberwacht in Echtzeit den Lade- und Liquidstatus und bietet dem Nutzer ein intelligentes und [&hellip;]\" \/>\n<meta property=\"og:url\" content=\"https:\/\/fumot.uk\/nl\/product\/waspe-double-flavor-40000-puffs-strawberry-banana-pineapple-coconut-lce\/\" \/>\n<meta property=\"og:site_name\" content=\"Fumot Official Direct | Straight from the Factory, 100% Genuine\" \/>\n<meta property=\"article:modified_time\" content=\"2026-01-20T10:08:07+00:00\" \/>\n<meta property=\"og:image\" content=\"https:\/\/fumot.uk\/wp-content\/uploads\/2026\/01\/WASPE-Double-Flavor-40000-Puffs-Pineapple-Coconut-Ice-Strawberry-Banana-Disposable-Vape.jpg\" \/>\n\t<meta property=\"og:image:width\" content=\"1600\" \/>\n\t<meta property=\"og:image:height\" content=\"1600\" \/>\n\t<meta property=\"og:image:type\" content=\"image\/jpeg\" \/>\n<meta name=\"twitter:card\" content=\"summary_large_image\" \/>\n<meta name=\"twitter:label1\" content=\"Geschatte leestijd\" \/>\n\t<meta name=\"twitter:data1\" content=\"3 minuten\" \/>\n<script type=\"application\/ld+json\" class=\"yoast-schema-graph\">{\"@context\":\"https:\/\/schema.org\",\"@graph\":[{\"@type\":\"WebPage\",\"@id\":\"https:\/\/fumot.uk\/product\/waspe-double-flavor-40000-puffs-strawberry-banana-pineapple-coconut-lce\/\",\"url\":\"https:\/\/fumot.uk\/product\/waspe-double-flavor-40000-puffs-strawberry-banana-pineapple-coconut-lce\/\",\"name\":\"WASPE Double Flavor 40000 Puffs- Strawberry Banana & Pineapple Coconut lce - Fumot Official Direct | Straight from the Factory, 100% Genuine\",\"isPartOf\":{\"@id\":\"https:\/\/fumot.uk\/#website\"},\"primaryImageOfPage\":{\"@id\":\"https:\/\/fumot.uk\/product\/waspe-double-flavor-40000-puffs-strawberry-banana-pineapple-coconut-lce\/#primaryimage\"},\"image\":{\"@id\":\"https:\/\/fumot.uk\/product\/waspe-double-flavor-40000-puffs-strawberry-banana-pineapple-coconut-lce\/#primaryimage\"},\"thumbnailUrl\":\"https:\/\/fumot.uk\/wp-content\/uploads\/2026\/01\/WASPE-Double-Flavor-40000-Puffs-Pineapple-Coconut-Ice-Strawberry-Banana-Disposable-Vape.jpg\",\"datePublished\":\"2026-01-20T10:06:11+00:00\",\"dateModified\":\"2026-01-20T10:08:07+00:00\",\"breadcrumb\":{\"@id\":\"https:\/\/fumot.uk\/product\/waspe-double-flavor-40000-puffs-strawberry-banana-pineapple-coconut-lce\/#breadcrumb\"},\"inLanguage\":\"nl-NL\",\"potentialAction\":[{\"@type\":\"ReadAction\",\"target\":[\"https:\/\/fumot.uk\/product\/waspe-double-flavor-40000-puffs-strawberry-banana-pineapple-coconut-lce\/\"]}]},{\"@type\":\"ImageObject\",\"inLanguage\":\"nl-NL\",\"@id\":\"https:\/\/fumot.uk\/product\/waspe-double-flavor-40000-puffs-strawberry-banana-pineapple-coconut-lce\/#primaryimage\",\"url\":\"https:\/\/fumot.uk\/wp-content\/uploads\/2026\/01\/WASPE-Double-Flavor-40000-Puffs-Pineapple-Coconut-Ice-Strawberry-Banana-Disposable-Vape.jpg\",\"contentUrl\":\"https:\/\/fumot.uk\/wp-content\/uploads\/2026\/01\/WASPE-Double-Flavor-40000-Puffs-Pineapple-Coconut-Ice-Strawberry-Banana-Disposable-Vape.jpg\",\"width\":1600,\"height\":1600},{\"@type\":\"BreadcrumbList\",\"@id\":\"https:\/\/fumot.uk\/product\/waspe-double-flavor-40000-puffs-strawberry-banana-pineapple-coconut-lce\/#breadcrumb\",\"itemListElement\":[{\"@type\":\"ListItem\",\"position\":1,\"name\":\"Home\",\"item\":\"https:\/\/fumot.uk\/\"},{\"@type\":\"ListItem\",\"position\":2,\"name\":\"Shop\",\"item\":\"https:\/\/fumot.uk\/shop\/\"},{\"@type\":\"ListItem\",\"position\":3,\"name\":\"WASPE Double Flavor 40000 Puffs- Strawberry Banana &#038; Pineapple Coconut lce\"}]},{\"@type\":\"WebSite\",\"@id\":\"https:\/\/fumot.uk\/#website\",\"url\":\"https:\/\/fumot.uk\/\",\"name\":\"Fumot Official Direct | Straight from the Factory, 100% Genuine\",\"description\":\"Official Website\",\"publisher\":{\"@id\":\"https:\/\/fumot.uk\/#organization\"},\"potentialAction\":[{\"@type\":\"SearchAction\",\"target\":{\"@type\":\"EntryPoint\",\"urlTemplate\":\"https:\/\/fumot.uk\/?s={search_term_string}\"},\"query-input\":{\"@type\":\"PropertyValueSpecification\",\"valueRequired\":true,\"valueName\":\"search_term_string\"}}],\"inLanguage\":\"nl-NL\"},{\"@type\":\"Organization\",\"@id\":\"https:\/\/fumot.uk\/#organization\",\"name\":\"Fumot Official Direct | Straight from the Factory, 100% Genuine\",\"url\":\"https:\/\/fumot.uk\/\",\"logo\":{\"@type\":\"ImageObject\",\"inLanguage\":\"nl-NL\",\"@id\":\"https:\/\/fumot.uk\/#\/schema\/logo\/image\/\",\"url\":\"https:\/\/fumot.uk\/wp-content\/uploads\/2026\/01\/cropped-fumot-logo1.png\",\"contentUrl\":\"https:\/\/fumot.uk\/wp-content\/uploads\/2026\/01\/cropped-fumot-logo1.png\",\"width\":152,\"height\":106,\"caption\":\"Fumot Official Direct | Straight from the Factory, 100% Genuine\"},\"image\":{\"@id\":\"https:\/\/fumot.uk\/#\/schema\/logo\/image\/\"}}]}<\/script>\n<!-- \/ Yoast SEO plugin. -->","yoast_head_json":{"title":"WASPE Double Flavor 40000 Puffs- Aardbei Banaan &amp; Ananas Kokosnoot lce - Fumot Offici\u00eble Direct | Rechtstreeks van de Fabriek, 100% Echt","robots":{"index":"index","follow":"follow","max-snippet":"max-snippet:-1","max-image-preview":"max-image-preview:large","max-video-preview":"max-video-preview:-1"},"canonical":"https:\/\/fumot.uk\/nl\/product\/waspe-double-flavor-40000-puffs-strawberry-banana-pineapple-coconut-lce\/","og_locale":"nl_NL","og_type":"article","og_title":"WASPE Double Flavor 40000 Puffs- Strawberry Banana & Pineapple Coconut lce - Fumot Official Direct | Straight from the Factory, 100% Genuine","og_description":"WASPE Double Flavor 40000 Puffs Strawberry Banana &amp; Pineapple Coconut Ice ist mit 36 ml E-Liquid ausgestattet, was eine lange Nutzung ohne h\u00e4ufiges Nachf\u00fcllen erm\u00f6glicht. Der 850mAh-Akku sorgt f\u00fcr eine stabile Energieversorgung, w\u00e4hrend der Type-C-Schnellladeanschluss ein schnelles Aufladen erm\u00f6glicht. Das LED-Display \u00fcberwacht in Echtzeit den Lade- und Liquidstatus und bietet dem Nutzer ein intelligentes und [&hellip;]","og_url":"https:\/\/fumot.uk\/nl\/product\/waspe-double-flavor-40000-puffs-strawberry-banana-pineapple-coconut-lce\/","og_site_name":"Fumot Official Direct | Straight from the Factory, 100% Genuine","article_modified_time":"2026-01-20T10:08:07+00:00","og_image":[{"width":1600,"height":1600,"url":"https:\/\/fumot.uk\/wp-content\/uploads\/2026\/01\/WASPE-Double-Flavor-40000-Puffs-Pineapple-Coconut-Ice-Strawberry-Banana-Disposable-Vape.jpg","type":"image\/jpeg"}],"twitter_card":"summary_large_image","twitter_misc":{"Geschatte leestijd":"3 minuten"},"schema":{"@context":"https:\/\/schema.org","@graph":[{"@type":"WebPage","@id":"https:\/\/fumot.uk\/product\/waspe-double-flavor-40000-puffs-strawberry-banana-pineapple-coconut-lce\/","url":"https:\/\/fumot.uk\/product\/waspe-double-flavor-40000-puffs-strawberry-banana-pineapple-coconut-lce\/","name":"WASPE Double Flavor 40000 Puffs- Aardbei Banaan &amp; Ananas Kokosnoot lce - Fumot Offici\u00eble Direct | Rechtstreeks van de Fabriek, 100% Echt","isPartOf":{"@id":"https:\/\/fumot.uk\/#website"},"primaryImageOfPage":{"@id":"https:\/\/fumot.uk\/product\/waspe-double-flavor-40000-puffs-strawberry-banana-pineapple-coconut-lce\/#primaryimage"},"image":{"@id":"https:\/\/fumot.uk\/product\/waspe-double-flavor-40000-puffs-strawberry-banana-pineapple-coconut-lce\/#primaryimage"},"thumbnailUrl":"https:\/\/fumot.uk\/wp-content\/uploads\/2026\/01\/WASPE-Double-Flavor-40000-Puffs-Pineapple-Coconut-Ice-Strawberry-Banana-Disposable-Vape.jpg","datePublished":"2026-01-20T10:06:11+00:00","dateModified":"2026-01-20T10:08:07+00:00","breadcrumb":{"@id":"https:\/\/fumot.uk\/product\/waspe-double-flavor-40000-puffs-strawberry-banana-pineapple-coconut-lce\/#breadcrumb"},"inLanguage":"nl-NL","potentialAction":[{"@type":"ReadAction","target":["https:\/\/fumot.uk\/product\/waspe-double-flavor-40000-puffs-strawberry-banana-pineapple-coconut-lce\/"]}]},{"@type":"ImageObject","inLanguage":"nl-NL","@id":"https:\/\/fumot.uk\/product\/waspe-double-flavor-40000-puffs-strawberry-banana-pineapple-coconut-lce\/#primaryimage","url":"https:\/\/fumot.uk\/wp-content\/uploads\/2026\/01\/WASPE-Double-Flavor-40000-Puffs-Pineapple-Coconut-Ice-Strawberry-Banana-Disposable-Vape.jpg","contentUrl":"https:\/\/fumot.uk\/wp-content\/uploads\/2026\/01\/WASPE-Double-Flavor-40000-Puffs-Pineapple-Coconut-Ice-Strawberry-Banana-Disposable-Vape.jpg","width":1600,"height":1600},{"@type":"BreadcrumbList","@id":"https:\/\/fumot.uk\/product\/waspe-double-flavor-40000-puffs-strawberry-banana-pineapple-coconut-lce\/#breadcrumb","itemListElement":[{"@type":"ListItem","position":1,"name":"Home","item":"https:\/\/fumot.uk\/"},{"@type":"ListItem","position":2,"name":"Shop","item":"https:\/\/fumot.uk\/shop\/"},{"@type":"ListItem","position":3,"name":"WASPE Double Flavor 40000 Puffs- Strawberry Banana &#038; Pineapple Coconut lce"}]},{"@type":"WebSite","@id":"https:\/\/fumot.uk\/#website","url":"https:\/\/fumot.uk\/","name":"Fumot Official Direct | Rechtstreeks van de fabriek, 100% Echt","description":"Offici\u00eble website","publisher":{"@id":"https:\/\/fumot.uk\/#organization"},"potentialAction":[{"@type":"SearchAction","target":{"@type":"EntryPoint","urlTemplate":"https:\/\/fumot.uk\/?s={search_term_string}"},"query-input":{"@type":"PropertyValueSpecification","valueRequired":true,"valueName":"search_term_string"}}],"inLanguage":"nl-NL"},{"@type":"Organization","@id":"https:\/\/fumot.uk\/#organization","name":"Fumot Official Direct | Rechtstreeks van de fabriek, 100% Echt","url":"https:\/\/fumot.uk\/","logo":{"@type":"ImageObject","inLanguage":"nl-NL","@id":"https:\/\/fumot.uk\/#\/schema\/logo\/image\/","url":"https:\/\/fumot.uk\/wp-content\/uploads\/2026\/01\/cropped-fumot-logo1.png","contentUrl":"https:\/\/fumot.uk\/wp-content\/uploads\/2026\/01\/cropped-fumot-logo1.png","width":152,"height":106,"caption":"Fumot Official Direct | Straight from the Factory, 100% Genuine"},"image":{"@id":"https:\/\/fumot.uk\/#\/schema\/logo\/image\/"}}]}},"_links":{"self":[{"href":"https:\/\/fumot.uk\/nl\/wp-json\/wp\/v2\/product\/2970","targetHints":{"allow":["GET"]}}],"collection":[{"href":"https:\/\/fumot.uk\/nl\/wp-json\/wp\/v2\/product"}],"about":[{"href":"https:\/\/fumot.uk\/nl\/wp-json\/wp\/v2\/types\/product"}],"replies":[{"embeddable":true,"href":"https:\/\/fumot.uk\/nl\/wp-json\/wp\/v2\/comments?post=2970"}],"wp:featuredmedia":[{"embeddable":true,"href":"https:\/\/fumot.uk\/nl\/wp-json\/wp\/v2\/media\/3000"}],"wp:attachment":[{"href":"https:\/\/fumot.uk\/nl\/wp-json\/wp\/v2\/media?parent=2970"}],"wp:term":[{"taxonomy":"product_brand","embeddable":true,"href":"https:\/\/fumot.uk\/nl\/wp-json\/wp\/v2\/product_brand?post=2970"},{"taxonomy":"product_cat","embeddable":true,"href":"https:\/\/fumot.uk\/nl\/wp-json\/wp\/v2\/product_cat?post=2970"},{"taxonomy":"product_tag","embeddable":true,"href":"https:\/\/fumot.uk\/nl\/wp-json\/wp\/v2\/product_tag?post=2970"}],"curies":[{"name":"wp","href":"https:\/\/api.w.org\/{rel}","templated":true}]}}