{"id":1695,"date":"2026-01-20T08:21:39","date_gmt":"2026-01-20T08:21:39","guid":{"rendered":"https:\/\/fumot.uk\/?post_type=product&#038;p=1695"},"modified":"2026-01-20T09:11:40","modified_gmt":"2026-01-20T09:11:40","slug":"uzy-crystal-4-in-1-100000-puffs-peach-ice-blueberry-cherry-energy-drink-watermelon-lychee","status":"publish","type":"product","link":"https:\/\/fumot.uk\/nl\/product\/uzy-crystal-4-in-1-100000-puffs-peach-ice-blueberry-cherry-energy-drink-watermelon-lychee\/","title":{"rendered":"UZY Crystal 4-in-1 Vape 100000 Puffs (56ml) \u2013 Perzik IJs \/ Blauwe Bes Kers \/ Energiedrank \/ Watermeloen Lychee, Type\u2011C Oplaadbaar"},"content":{"rendered":"<p><strong>UZY Crystal 4-in-1 100000 Puffs<\/strong> brengt een frisse draai aan wegwerp-vaping met een kristalhelder, transparant lichaam dat je het prachtig ontworpen interieur laat zien. Het hoogtepunt is zijn <strong>4-smaak roterende mondstuk<\/strong>\u2014draai eenvoudig om van smaak te wisselen en houd elke sessie nieuw.<\/p>\n<p>Gebouwd voor soepele, consistente prestaties, het beschikt over een <strong>quad mesh coil setup (1.0\u03a9 \u00d7 4)<\/strong> voor gelijkmatige verwarming, plus een <strong>LED display<\/strong> zodat je de status in \u00e9\u00e9n oogopslag kunt controleren. Met een <strong>650mAh oplaadbare batterij<\/strong> en <strong>Type\u2011C opladen<\/strong>, is het ontworpen voor gemak zonder zijn premium uitstraling en gevoel te verliezen.<\/p>\n<h3>Smaakeditie: Perzik IJs + Bosbes Kers + Energiedrank + Watermeloen Lychee<\/h3>\n<ul>\n<li><strong>Perzik IJs<\/strong> \u2013 Sappige perzik met een schone ijzige afwerking voor een frisse, fruitige koele trek.<\/li>\n<li><strong>Bosbes Kers<\/strong> \u2013 Een uitgebalanceerde bessen-en-kersen mix: zoet, afgerond en aangenaam aromatisch.<\/li>\n<li><strong>Energiedrank<\/strong> \u2013 Heldere en bruisende smaaknoten voor een levendige, verfrissende sfeer.<\/li>\n<li><strong>Watermeloen Lychee<\/strong> \u2013 Hydraterende watermeloen ontmoet exotische lychee voor een lichte, tropische zoetheid.<\/li>\n<\/ul>\n<p>Van koele vruchten tot gedurfde zoetheid en een verfrissend energieprofiel, deze <strong>4-in-1 vape<\/strong> maakt het gemakkelijk om je stemming te matchen\u2014\u00e9\u00e9n draai, \u00e9\u00e9n nieuwe smaak.<\/p>\n<h3>Belangrijkste Kenmerken<\/h3>\n<ul>\n<li><strong>Puffs:<\/strong> Tot 100000 puffs<\/li>\n<li><strong>Smaken:<\/strong> 4-in-1 (roterend mondstuk)<\/li>\n<li><strong>Spoel:<\/strong> Quad Mesh Coil (1.0\u03a9 \u00d7 4)<\/li>\n<li><strong>E-liquid capaciteit:<\/strong> 56ml<\/li>\n<li><strong>Nicotine opties:<\/strong> 0% \/ 2% \/ 3% \/ 5%<\/li>\n<li><strong>Batterij:<\/strong> 650mAh (oplaadbaar)<\/li>\n<li><strong>Opladen:<\/strong> Type\u2011C<\/li>\n<li><strong>Display:<\/strong> LED Display<\/li>\n<\/ul>\n<p>Ontdek meer opties met meerdere smaken en nieuwe aankomsten op <a href=\"https:\/\/fumot.uk\/nl\/\">fumot.uk<\/a>.<\/p>","protected":false},"excerpt":{"rendered":"<p>UZY Crystal 4-in-1 wegwerp vape met tot 100000 puffs, 56ml e-liquid, quad mesh coil, LED-display en Type\u2011C oplaadbare 650mAh batterij. Draai-om-te-wisselen: Perzik IJs, Blauwe Bes Kers, Energiedrank, Watermeloen Lychee.<\/p>","protected":false},"featured_media":1741,"comment_status":"open","ping_status":"closed","template":"","meta":[],"product_brand":[],"product_cat":[127,128,17],"product_tag":[129,130,131,33,36,113,72,23,29,77,30,132,133,26,64,62,28,32],"class_list":{"0":"post-1695","1":"product","2":"type-product","3":"status-publish","4":"has-post-thumbnail","6":"product_cat-100000-puff","7":"product_cat-uzy-crystal-4-in-1-100000-puffs","8":"product_cat-vape","9":"product_tag-4-in-1-vape","10":"product_tag-56ml","11":"product_tag-650mah","12":"product_tag-blueberry","13":"product_tag-cherry","14":"product_tag-crystal-vape","15":"product_tag-direct-to-lung","16":"product_tag-display","17":"product_tag-ice","18":"product_tag-lychee","19":"product_tag-peach","20":"product_tag-quad-flavors","21":"product_tag-quadruple-mesh-coil","22":"product_tag-rechargeable","23":"product_tag-red-bull","24":"product_tag-sale-vape","25":"product_tag-type-c","26":"product_tag-watermelon","28":"first","29":"instock","30":"sale","31":"shipping-taxable","32":"purchasable","33":"product-type-variable","34":"has-default-attributes"},"yoast_head":"<!-- This site is optimized with the Yoast SEO plugin v26.8 - https:\/\/yoast.com\/product\/yoast-seo-wordpress\/ -->\n<title>UZY Crystal 4-in-1 100000 Puffs \u2013 Peach Ice Mix<\/title>\n<meta name=\"description\" content=\"UZY Crystal 4-in-1 vape: up to 100000 puffs, 56ml, quad mesh coil, LED display, Type\u2011C rechargeable 650mAh. 4 flavors: Peach Ice, Blueberry Cherry.\" \/>\n<meta name=\"robots\" content=\"index, follow, max-snippet:-1, max-image-preview:large, max-video-preview:-1\" \/>\n<link rel=\"canonical\" href=\"https:\/\/fumot.uk\/nl\/product\/uzy-crystal-4-in-1-100000-puffs-peach-ice-blueberry-cherry-energy-drink-watermelon-lychee\/\" \/>\n<meta property=\"og:locale\" content=\"nl_NL\" \/>\n<meta property=\"og:type\" content=\"article\" \/>\n<meta property=\"og:title\" content=\"UZY Crystal 4-in-1 100000 Puffs \u2013 4 Flavors in One\" \/>\n<meta property=\"og:description\" content=\"Twist to switch flavors: Peach Ice, Blueberry Cherry, Energy Drink &amp; Watermelon Lychee. 56ml, quad mesh coil, LED display, Type\u2011C rechargeable 650mAh.\" \/>\n<meta property=\"og:url\" content=\"https:\/\/fumot.uk\/nl\/product\/uzy-crystal-4-in-1-100000-puffs-peach-ice-blueberry-cherry-energy-drink-watermelon-lychee\/\" \/>\n<meta property=\"og:site_name\" content=\"Fumot Official Direct | Straight from the Factory, 100% Genuine\" \/>\n<meta property=\"article:modified_time\" content=\"2026-01-20T09:11:40+00:00\" \/>\n<meta property=\"og:image\" content=\"https:\/\/fumot.uk\/wp-content\/uploads\/2026\/01\/UZY-Crystal-4-in-1-100000-Puffs-HeyVape-peach-ice-blueberry-cherry-energy-drink-watermelon-lychee.jpg\" \/>\n\t<meta property=\"og:image:width\" content=\"2500\" \/>\n\t<meta property=\"og:image:height\" content=\"2500\" \/>\n\t<meta property=\"og:image:type\" content=\"image\/jpeg\" \/>\n<meta name=\"twitter:card\" content=\"summary_large_image\" \/>\n<meta name=\"twitter:label1\" content=\"Geschatte leestijd\" \/>\n\t<meta name=\"twitter:data1\" content=\"2 minuten\" \/>\n<script type=\"application\/ld+json\" class=\"yoast-schema-graph\">{\"@context\":\"https:\/\/schema.org\",\"@graph\":[{\"@type\":\"WebPage\",\"@id\":\"https:\/\/fumot.uk\/product\/uzy-crystal-4-in-1-100000-puffs-peach-ice-blueberry-cherry-energy-drink-watermelon-lychee\/\",\"url\":\"https:\/\/fumot.uk\/product\/uzy-crystal-4-in-1-100000-puffs-peach-ice-blueberry-cherry-energy-drink-watermelon-lychee\/\",\"name\":\"UZY Crystal 4-in-1 100000 Puffs \u2013 Peach Ice Mix\",\"isPartOf\":{\"@id\":\"https:\/\/fumot.uk\/#website\"},\"primaryImageOfPage\":{\"@id\":\"https:\/\/fumot.uk\/product\/uzy-crystal-4-in-1-100000-puffs-peach-ice-blueberry-cherry-energy-drink-watermelon-lychee\/#primaryimage\"},\"image\":{\"@id\":\"https:\/\/fumot.uk\/product\/uzy-crystal-4-in-1-100000-puffs-peach-ice-blueberry-cherry-energy-drink-watermelon-lychee\/#primaryimage\"},\"thumbnailUrl\":\"https:\/\/fumot.uk\/wp-content\/uploads\/2026\/01\/UZY-Crystal-4-in-1-100000-Puffs-HeyVape-peach-ice-blueberry-cherry-energy-drink-watermelon-lychee.jpg\",\"datePublished\":\"2026-01-20T08:21:39+00:00\",\"dateModified\":\"2026-01-20T09:11:40+00:00\",\"description\":\"UZY Crystal 4-in-1 vape: up to 100000 puffs, 56ml, quad mesh coil, LED display, Type\u2011C rechargeable 650mAh. 4 flavors: Peach Ice, Blueberry Cherry.\",\"breadcrumb\":{\"@id\":\"https:\/\/fumot.uk\/product\/uzy-crystal-4-in-1-100000-puffs-peach-ice-blueberry-cherry-energy-drink-watermelon-lychee\/#breadcrumb\"},\"inLanguage\":\"nl-NL\",\"potentialAction\":[{\"@type\":\"ReadAction\",\"target\":[\"https:\/\/fumot.uk\/product\/uzy-crystal-4-in-1-100000-puffs-peach-ice-blueberry-cherry-energy-drink-watermelon-lychee\/\"]}]},{\"@type\":\"ImageObject\",\"inLanguage\":\"nl-NL\",\"@id\":\"https:\/\/fumot.uk\/product\/uzy-crystal-4-in-1-100000-puffs-peach-ice-blueberry-cherry-energy-drink-watermelon-lychee\/#primaryimage\",\"url\":\"https:\/\/fumot.uk\/wp-content\/uploads\/2026\/01\/UZY-Crystal-4-in-1-100000-Puffs-HeyVape-peach-ice-blueberry-cherry-energy-drink-watermelon-lychee.jpg\",\"contentUrl\":\"https:\/\/fumot.uk\/wp-content\/uploads\/2026\/01\/UZY-Crystal-4-in-1-100000-Puffs-HeyVape-peach-ice-blueberry-cherry-energy-drink-watermelon-lychee.jpg\",\"width\":2500,\"height\":2500},{\"@type\":\"BreadcrumbList\",\"@id\":\"https:\/\/fumot.uk\/product\/uzy-crystal-4-in-1-100000-puffs-peach-ice-blueberry-cherry-energy-drink-watermelon-lychee\/#breadcrumb\",\"itemListElement\":[{\"@type\":\"ListItem\",\"position\":1,\"name\":\"Home\",\"item\":\"https:\/\/fumot.uk\/\"},{\"@type\":\"ListItem\",\"position\":2,\"name\":\"Shop\",\"item\":\"https:\/\/fumot.uk\/shop\/\"},{\"@type\":\"ListItem\",\"position\":3,\"name\":\"UZY Crystal 4-in-1 Vape 100000 Puffs (56ml) \u2013 Peach Ice \/ Blueberry Cherry \/ Energy Drink \/ Watermelon Lychee, Type\u2011C Rechargeable\"}]},{\"@type\":\"WebSite\",\"@id\":\"https:\/\/fumot.uk\/#website\",\"url\":\"https:\/\/fumot.uk\/\",\"name\":\"Fumot Official Direct | Straight from the Factory, 100% Genuine\",\"description\":\"Official Website\",\"publisher\":{\"@id\":\"https:\/\/fumot.uk\/#organization\"},\"potentialAction\":[{\"@type\":\"SearchAction\",\"target\":{\"@type\":\"EntryPoint\",\"urlTemplate\":\"https:\/\/fumot.uk\/?s={search_term_string}\"},\"query-input\":{\"@type\":\"PropertyValueSpecification\",\"valueRequired\":true,\"valueName\":\"search_term_string\"}}],\"inLanguage\":\"nl-NL\"},{\"@type\":\"Organization\",\"@id\":\"https:\/\/fumot.uk\/#organization\",\"name\":\"Fumot Official Direct | Straight from the Factory, 100% Genuine\",\"url\":\"https:\/\/fumot.uk\/\",\"logo\":{\"@type\":\"ImageObject\",\"inLanguage\":\"nl-NL\",\"@id\":\"https:\/\/fumot.uk\/#\/schema\/logo\/image\/\",\"url\":\"https:\/\/fumot.uk\/wp-content\/uploads\/2026\/01\/cropped-fumot-logo1.png\",\"contentUrl\":\"https:\/\/fumot.uk\/wp-content\/uploads\/2026\/01\/cropped-fumot-logo1.png\",\"width\":152,\"height\":106,\"caption\":\"Fumot Official Direct | Straight from the Factory, 100% Genuine\"},\"image\":{\"@id\":\"https:\/\/fumot.uk\/#\/schema\/logo\/image\/\"}}]}<\/script>\n<!-- \/ Yoast SEO plugin. -->","yoast_head_json":{"title":"UZY Crystal 4-in-1 100000 Puffs \u2013 Perzik IJs Mix","description":"UZY Crystal 4-in-1 vape: tot 100000 puffs, 56ml, quad mesh coil, LED-display, Type\u2011C oplaadbare 650mAh. 4 smaken: Perzik IJs, Blauwe Bes Kers.","robots":{"index":"index","follow":"follow","max-snippet":"max-snippet:-1","max-image-preview":"max-image-preview:large","max-video-preview":"max-video-preview:-1"},"canonical":"https:\/\/fumot.uk\/nl\/product\/uzy-crystal-4-in-1-100000-puffs-peach-ice-blueberry-cherry-energy-drink-watermelon-lychee\/","og_locale":"nl_NL","og_type":"article","og_title":"UZY Crystal 4-in-1 100000 Puffs \u2013 4 Flavors in One","og_description":"Twist to switch flavors: Peach Ice, Blueberry Cherry, Energy Drink & Watermelon Lychee. 56ml, quad mesh coil, LED display, Type\u2011C rechargeable 650mAh.","og_url":"https:\/\/fumot.uk\/nl\/product\/uzy-crystal-4-in-1-100000-puffs-peach-ice-blueberry-cherry-energy-drink-watermelon-lychee\/","og_site_name":"Fumot Official Direct | Straight from the Factory, 100% Genuine","article_modified_time":"2026-01-20T09:11:40+00:00","og_image":[{"width":2500,"height":2500,"url":"https:\/\/fumot.uk\/wp-content\/uploads\/2026\/01\/UZY-Crystal-4-in-1-100000-Puffs-HeyVape-peach-ice-blueberry-cherry-energy-drink-watermelon-lychee.jpg","type":"image\/jpeg"}],"twitter_card":"summary_large_image","twitter_misc":{"Geschatte leestijd":"2 minuten"},"schema":{"@context":"https:\/\/schema.org","@graph":[{"@type":"WebPage","@id":"https:\/\/fumot.uk\/product\/uzy-crystal-4-in-1-100000-puffs-peach-ice-blueberry-cherry-energy-drink-watermelon-lychee\/","url":"https:\/\/fumot.uk\/product\/uzy-crystal-4-in-1-100000-puffs-peach-ice-blueberry-cherry-energy-drink-watermelon-lychee\/","name":"UZY Crystal 4-in-1 100000 Puffs \u2013 Perzik IJs Mix","isPartOf":{"@id":"https:\/\/fumot.uk\/#website"},"primaryImageOfPage":{"@id":"https:\/\/fumot.uk\/product\/uzy-crystal-4-in-1-100000-puffs-peach-ice-blueberry-cherry-energy-drink-watermelon-lychee\/#primaryimage"},"image":{"@id":"https:\/\/fumot.uk\/product\/uzy-crystal-4-in-1-100000-puffs-peach-ice-blueberry-cherry-energy-drink-watermelon-lychee\/#primaryimage"},"thumbnailUrl":"https:\/\/fumot.uk\/wp-content\/uploads\/2026\/01\/UZY-Crystal-4-in-1-100000-Puffs-HeyVape-peach-ice-blueberry-cherry-energy-drink-watermelon-lychee.jpg","datePublished":"2026-01-20T08:21:39+00:00","dateModified":"2026-01-20T09:11:40+00:00","description":"UZY Crystal 4-in-1 vape: tot 100000 puffs, 56ml, quad mesh coil, LED-display, Type\u2011C oplaadbare 650mAh. 4 smaken: Perzik IJs, Blauwe Bes Kers.","breadcrumb":{"@id":"https:\/\/fumot.uk\/product\/uzy-crystal-4-in-1-100000-puffs-peach-ice-blueberry-cherry-energy-drink-watermelon-lychee\/#breadcrumb"},"inLanguage":"nl-NL","potentialAction":[{"@type":"ReadAction","target":["https:\/\/fumot.uk\/product\/uzy-crystal-4-in-1-100000-puffs-peach-ice-blueberry-cherry-energy-drink-watermelon-lychee\/"]}]},{"@type":"ImageObject","inLanguage":"nl-NL","@id":"https:\/\/fumot.uk\/product\/uzy-crystal-4-in-1-100000-puffs-peach-ice-blueberry-cherry-energy-drink-watermelon-lychee\/#primaryimage","url":"https:\/\/fumot.uk\/wp-content\/uploads\/2026\/01\/UZY-Crystal-4-in-1-100000-Puffs-HeyVape-peach-ice-blueberry-cherry-energy-drink-watermelon-lychee.jpg","contentUrl":"https:\/\/fumot.uk\/wp-content\/uploads\/2026\/01\/UZY-Crystal-4-in-1-100000-Puffs-HeyVape-peach-ice-blueberry-cherry-energy-drink-watermelon-lychee.jpg","width":2500,"height":2500},{"@type":"BreadcrumbList","@id":"https:\/\/fumot.uk\/product\/uzy-crystal-4-in-1-100000-puffs-peach-ice-blueberry-cherry-energy-drink-watermelon-lychee\/#breadcrumb","itemListElement":[{"@type":"ListItem","position":1,"name":"Home","item":"https:\/\/fumot.uk\/"},{"@type":"ListItem","position":2,"name":"Shop","item":"https:\/\/fumot.uk\/shop\/"},{"@type":"ListItem","position":3,"name":"UZY Crystal 4-in-1 Vape 100000 Puffs (56ml) \u2013 Peach Ice \/ Blueberry Cherry \/ Energy Drink \/ Watermelon Lychee, Type\u2011C Rechargeable"}]},{"@type":"WebSite","@id":"https:\/\/fumot.uk\/#website","url":"https:\/\/fumot.uk\/","name":"Fumot Official Direct | Rechtstreeks van de fabriek, 100% Echt","description":"Offici\u00eble website","publisher":{"@id":"https:\/\/fumot.uk\/#organization"},"potentialAction":[{"@type":"SearchAction","target":{"@type":"EntryPoint","urlTemplate":"https:\/\/fumot.uk\/?s={search_term_string}"},"query-input":{"@type":"PropertyValueSpecification","valueRequired":true,"valueName":"search_term_string"}}],"inLanguage":"nl-NL"},{"@type":"Organization","@id":"https:\/\/fumot.uk\/#organization","name":"Fumot Official Direct | Rechtstreeks van de fabriek, 100% Echt","url":"https:\/\/fumot.uk\/","logo":{"@type":"ImageObject","inLanguage":"nl-NL","@id":"https:\/\/fumot.uk\/#\/schema\/logo\/image\/","url":"https:\/\/fumot.uk\/wp-content\/uploads\/2026\/01\/cropped-fumot-logo1.png","contentUrl":"https:\/\/fumot.uk\/wp-content\/uploads\/2026\/01\/cropped-fumot-logo1.png","width":152,"height":106,"caption":"Fumot Official Direct | Straight from the Factory, 100% Genuine"},"image":{"@id":"https:\/\/fumot.uk\/#\/schema\/logo\/image\/"}}]}},"_links":{"self":[{"href":"https:\/\/fumot.uk\/nl\/wp-json\/wp\/v2\/product\/1695","targetHints":{"allow":["GET"]}}],"collection":[{"href":"https:\/\/fumot.uk\/nl\/wp-json\/wp\/v2\/product"}],"about":[{"href":"https:\/\/fumot.uk\/nl\/wp-json\/wp\/v2\/types\/product"}],"replies":[{"embeddable":true,"href":"https:\/\/fumot.uk\/nl\/wp-json\/wp\/v2\/comments?post=1695"}],"wp:featuredmedia":[{"embeddable":true,"href":"https:\/\/fumot.uk\/nl\/wp-json\/wp\/v2\/media\/1741"}],"wp:attachment":[{"href":"https:\/\/fumot.uk\/nl\/wp-json\/wp\/v2\/media?parent=1695"}],"wp:term":[{"taxonomy":"product_brand","embeddable":true,"href":"https:\/\/fumot.uk\/nl\/wp-json\/wp\/v2\/product_brand?post=1695"},{"taxonomy":"product_cat","embeddable":true,"href":"https:\/\/fumot.uk\/nl\/wp-json\/wp\/v2\/product_cat?post=1695"},{"taxonomy":"product_tag","embeddable":true,"href":"https:\/\/fumot.uk\/nl\/wp-json\/wp\/v2\/product_tag?post=1695"}],"curies":[{"name":"wp","href":"https:\/\/api.w.org\/{rel}","templated":true}]}}