{"id":6779,"date":"2026-01-23T01:52:57","date_gmt":"2026-01-23T01:52:57","guid":{"rendered":"https:\/\/fumot.uk\/?page_id=6779"},"modified":"2026-01-23T01:52:57","modified_gmt":"2026-01-23T01:52:57","slug":"shipping-info","status":"publish","type":"page","link":"https:\/\/fumot.uk\/nl\/shipping-info\/","title":{"rendered":"Verzendinformatie"},"content":{"rendered":"<div class=\"entry-content\">\n<h2>Verzendinformatie<\/h2>\n<h3>1. Orderverwerking &amp; Verzending<\/h3>\n<ul>\n<li>Bestellingen worden doorgaans binnen 1-3 werkdagen verwerkt en verzonden.<\/li>\n<li>De levertijd varieert meestal van 7 tot 15 werkdagen na verzending.<\/li>\n<li>Let op: We verwerken of verzenden geen bestellingen in het weekend of op feestdagen.<\/li>\n<\/ul>\n<h3>2. Uw Pakket Volgen<\/h3>\n<ul>\n<li>Zodra uw bestelling is verzonden, ontvangt u een trackingnummer via e-mail.<\/li>\n<li>U kunt de status van uw pakket op elk moment volgen met het trackingnummer op <strong>17track.net<\/strong>.<\/li>\n<li>Trackinginformatie kan 1-2 dagen nodig hebben om actief te worden na verzending.<\/li>\n<\/ul>\n<h3>3. Wijzigingen &amp; Annuleringen van Bestellingen<\/h3>\n<ul>\n<li>U kunt uw bestelling annuleren of het verzendadres op elk moment bijwerken voordat de items zijn verzonden.<\/li>\n<li>Zodra het pakket onze faciliteit heeft verlaten, kunnen er geen adreswijzigingen of restituties worden verwerkt.<\/li>\n<li>Gratis verzending is beschikbaar voor bestellingen die worden geleverd in de Verenigde Staten en Australi\u00eb.<\/li>\n<\/ul>\n<h3>4. DDP Verzending (Delivery Duty Paid)<\/h3>\n<p>Voor geselecteerde landen bieden wij **Delivery Duty Paid (DDP)** service aan, wat betekent dat u geen douane-inklaring hoeft te regelen of invoerrechten\/belastingen hoeft te betalen bij aankomst. Beschikbare opties zijn:<\/p>\n<ul>\n<li><strong>Verenigde Staten:<\/strong> UPS Express (exclusief Alaska en Hawaii)<\/li>\n<li><strong>Verenigd Koninkrijk:<\/strong> Lokale DPD Express<\/li>\n<li><strong>Europa (algemeen):<\/strong> UPS Express \/ DPD Express \/ DHL Express<\/li>\n<\/ul>\n<p><strong>DDP-service is beschikbaar in de volgende Europese landen:<\/strong> Duitsland, Belgi\u00eb, Luxemburg, Nederland, Tsjechi\u00eb, Polen, Kroati\u00eb, Slowakije, Sloveni\u00eb, Finland, Denemarken, Zweden, Oostenrijk, Frankrijk, Itali\u00eb, Hongarije, Bulgarije, Litouwen, Estland, Letland, Griekenland, Ierland, Portugal, Spanje.<\/p>\n<h3>5. Geschatte Levertijden per Land\/Regio<\/h3>\n<p>Hieronder vindt u een overzicht van verzendmethoden en geschatte levertijden voor populaire bestemmingen:<\/p>\n<table>\n<thead>\n<tr>\n<th>Land \/ Regio<\/th>\n<th>Verzendmethode<\/th>\n<th>Geschatte Levertijd<\/th>\n<\/tr>\n<\/thead>\n<tbody>\n<tr>\n<td>Verenigde Staten<\/td>\n<td>Lokale UPS Ground<\/td>\n<td>10-15 werkdagen<\/td>\n<\/tr>\n<tr>\n<td>Verenigd Koninkrijk<\/td>\n<td>Lokale DPD Express<\/td>\n<td>7-12 werkdagen<\/td>\n<\/tr>\n<tr>\n<td>Duitsland<\/td>\n<td>UPS \/ DPD \/ DHL<\/td>\n<td>8-15 werkdagen<\/td>\n<\/tr>\n<tr>\n<td>Frankrijk<\/td>\n<td>UPS \/ DPD \/ DHL<\/td>\n<td>10-15 werkdagen<\/td>\n<\/tr>\n<tr>\n<td>Belgi\u00eb<\/td>\n<td>UPS \/ DPD \/ DHL<\/td>\n<td>10-15 werkdagen<\/td>\n<\/tr>\n<tr>\n<td>Luxemburg<\/td>\n<td>UPS \/ DPD \/ DHL<\/td>\n<td>10-15 werkdagen<\/td>\n<\/tr>\n<tr>\n<td>Nederland<\/td>\n<td>UPS \/ DPD \/ DHL<\/td>\n<td>10-15 werkdagen<\/td>\n<\/tr>\n<tr>\n<td>Tsjechi\u00eb<\/td>\n<td>UPS \/ DPD \/ DHL<\/td>\n<td>10-15 werkdagen<\/td>\n<\/tr>\n<tr>\n<td>Polen<\/td>\n<td>UPS \/ DPD \/ DHL<\/td>\n<td>10-15 werkdagen<\/td>\n<\/tr>\n<tr>\n<td>Kroati\u00eb<\/td>\n<td>UPS \/ DPD \/ DHL<\/td>\n<td>10-15 werkdagen<\/td>\n<\/tr>\n<tr>\n<td>Slowakije<\/td>\n<td>UPS \/ DPD \/ DHL<\/td>\n<td>10-15 werkdagen<\/td>\n<\/tr>\n<tr>\n<td>Sloveni\u00eb<\/td>\n<td>UPS \/ DPD \/ DHL<\/td>\n<td>10-15 werkdagen<\/td>\n<\/tr>\n<tr>\n<td>Finland<\/td>\n<td>UPS \/ DPD \/ DHL<\/td>\n<td>10-15 werkdagen<\/td>\n<\/tr>\n<tr>\n<td>Denemarken<\/td>\n<td>UPS \/ DPD \/ DHL<\/td>\n<td>10-15 werkdagen<\/td>\n<\/tr>\n<tr>\n<td>Zweden<\/td>\n<td>UPS \/ DPD \/ DHL<\/td>\n<td>10-15 werkdagen<\/td>\n<\/tr>\n<tr>\n<td>Oostenrijk<\/td>\n<td>UPS \/ DPD \/ DHL<\/td>\n<td>10-15 werkdagen<\/td>\n<\/tr>\n<tr>\n<td>Itali\u00eb<\/td>\n<td>UPS \/ DPD \/ DHL<\/td>\n<td>10-15 werkdagen<\/td>\n<\/tr>\n<tr>\n<td>Hongarije<\/td>\n<td>UPS \/ DPD \/ DHL<\/td>\n<td>10-15 werkdagen<\/td>\n<\/tr>\n<tr>\n<td>Litouwen<\/td>\n<td>UPS \/ DPD \/ DHL<\/td>\n<td>10-15 werkdagen<\/td>\n<\/tr>\n<tr>\n<td>Estland<\/td>\n<td>UPS \/ DPD \/ DHL<\/td>\n<td>10-15 werkdagen<\/td>\n<\/tr>\n<tr>\n<td>Letland<\/td>\n<td>UPS \/ DPD \/ DHL<\/td>\n<td>10-15 werkdagen<\/td>\n<\/tr>\n<tr>\n<td>Griekenland<\/td>\n<td>UPS \/ DPD \/ DHL<\/td>\n<td>10-15 werkdagen<\/td>\n<\/tr>\n<tr>\n<td>Ierland<\/td>\n<td>UPS \/ DPD \/ DHL<\/td>\n<td>10-15 werkdagen<\/td>\n<\/tr>\n<tr>\n<td>Portugal<\/td>\n<td>UPS \/ DPD \/ DHL<\/td>\n<td>10-15 werkdagen<\/td>\n<\/tr>\n<tr>\n<td>Spanje<\/td>\n<td>UPS \/ DPD \/ DHL<\/td>\n<td>10-15 werkdagen<\/td>\n<\/tr>\n<tr>\n<td>VAE (Dubai gebied)<\/td>\n<td>Dubai toegewijde route<\/td>\n<td>12-18 werkdagen<\/td>\n<\/tr>\n<tr>\n<td>Zuid-Afrika<\/td>\n<td>Zuid-Afrika toegewijde route<\/td>\n<td>15-25 werkdagen<\/td>\n<\/tr>\n<tr>\n<td>Vietnam<\/td>\n<td>Vietnam toegewijde route<\/td>\n<td>3\u20135 werkdagen<\/td>\n<\/tr>\n<tr>\n<td>West-Maleisi\u00eb<\/td>\n<td>Maleisi\u00eb toegewijde route<\/td>\n<td>4\u20138 werkdagen<\/td>\n<\/tr>\n<\/tbody>\n<\/table>\n<h3>6. Inklaring &amp; Invoerrechten<\/h3>\n<ul>\n<li>Voor bestemmingen die niet onder de DDP-service vallen, is inklaring en betaling van eventuele toepasselijke rechten, belastingen of verwerkingskosten de verantwoordelijkheid van de ontvanger bij aankomst.<\/li>\n<li>We raden aan om bij uw lokale douanekantoor te informeren naar details over mogelijke kosten en vereisten.<\/li>\n<li>In sommige gevallen kunnen douaneautoriteiten om een handelsfactuur of bedrijfslicentie vragen.<\/li>\n<\/ul>\n<p>At <a href=\"https:\/\/fumot.uk\/nl\/\">fumot.uk<\/a>, we streven ernaar om snelle, betrouwbare en transparante verzenddiensten te bieden. Als u vragen heeft of hulp nodig heeft, neem dan gerust op elk moment contact met ons op.<\/p>\n<\/div>","protected":false},"excerpt":{"rendered":"<p>Shipping Info 1. Order Processing &amp; Dispatch Orders are typically processed and shipped within 1\u20133 business days. Delivery time usually ranges from 7 to 15 business days after dispatch. Please note: We do not process or ship orders on weekends or public holidays. 2. Tracking Your Package Once your order has been shipped, you will [\u2026]<\/p>","protected":false},"author":1,"featured_media":0,"parent":0,"menu_order":0,"comment_status":"closed","ping_status":"closed","template":"","meta":{"footnotes":""},"class_list":["post-6779","page","type-page","status-publish","hentry"],"yoast_head":"<!-- This site is optimized with the Yoast SEO plugin v26.8 - https:\/\/yoast.com\/product\/yoast-seo-wordpress\/ -->\n<title>Shipping Info - Fumot Official Direct | Straight from the Factory, 100% Genuine<\/title>\n<meta name=\"description\" content=\"Fumot.uk Shipping: 1\u20133 day processing, 7\u201315 day worldwide delivery, free shipping to US &amp; Australia, DDP customs-paid options across Europe &amp; UK, easy 17track tracking. Order with confidence today!\" \/>\n<meta name=\"robots\" content=\"index, follow, max-snippet:-1, max-image-preview:large, max-video-preview:-1\" \/>\n<link rel=\"canonical\" href=\"https:\/\/fumot.uk\/nl\/shipping-info\/\" \/>\n<meta property=\"og:locale\" content=\"nl_NL\" \/>\n<meta property=\"og:type\" content=\"article\" \/>\n<meta property=\"og:title\" content=\"Shipping Info - Fumot Official Direct | Straight from the Factory, 100% Genuine\" \/>\n<meta property=\"og:description\" content=\"Fumot.uk Shipping: 1\u20133 day processing, 7\u201315 day worldwide delivery, free shipping to US &amp; Australia, DDP customs-paid options across Europe &amp; UK, easy 17track tracking. Order with confidence today!\" \/>\n<meta property=\"og:url\" content=\"https:\/\/fumot.uk\/nl\/shipping-info\/\" \/>\n<meta property=\"og:site_name\" content=\"Fumot Official Direct | Straight from the Factory, 100% Genuine\" \/>\n<meta name=\"twitter:card\" content=\"summary_large_image\" \/>\n<meta name=\"twitter:label1\" content=\"Geschatte leestijd\" \/>\n\t<meta name=\"twitter:data1\" content=\"3 minuten\" \/>\n<script type=\"application\/ld+json\" class=\"yoast-schema-graph\">{\"@context\":\"https:\/\/schema.org\",\"@graph\":[{\"@type\":\"WebPage\",\"@id\":\"https:\/\/fumot.uk\/shipping-info\/\",\"url\":\"https:\/\/fumot.uk\/shipping-info\/\",\"name\":\"Shipping Info - Fumot Official Direct | Straight from the Factory, 100% Genuine\",\"isPartOf\":{\"@id\":\"https:\/\/fumot.uk\/#website\"},\"datePublished\":\"2026-01-23T01:52:57+00:00\",\"description\":\"Fumot.uk Shipping: 1\u20133 day processing, 7\u201315 day worldwide delivery, free shipping to US & Australia, DDP customs-paid options across Europe & UK, easy 17track tracking. Order with confidence today!\",\"breadcrumb\":{\"@id\":\"https:\/\/fumot.uk\/shipping-info\/#breadcrumb\"},\"inLanguage\":\"nl-NL\",\"potentialAction\":[{\"@type\":\"ReadAction\",\"target\":[\"https:\/\/fumot.uk\/shipping-info\/\"]}]},{\"@type\":\"BreadcrumbList\",\"@id\":\"https:\/\/fumot.uk\/shipping-info\/#breadcrumb\",\"itemListElement\":[{\"@type\":\"ListItem\",\"position\":1,\"name\":\"Home\",\"item\":\"https:\/\/fumot.uk\/\"},{\"@type\":\"ListItem\",\"position\":2,\"name\":\"Shipping Info\"}]},{\"@type\":\"WebSite\",\"@id\":\"https:\/\/fumot.uk\/#website\",\"url\":\"https:\/\/fumot.uk\/\",\"name\":\"Fumot Official Direct | Straight from the Factory, 100% Genuine\",\"description\":\"Official Website\",\"publisher\":{\"@id\":\"https:\/\/fumot.uk\/#organization\"},\"potentialAction\":[{\"@type\":\"SearchAction\",\"target\":{\"@type\":\"EntryPoint\",\"urlTemplate\":\"https:\/\/fumot.uk\/?s={search_term_string}\"},\"query-input\":{\"@type\":\"PropertyValueSpecification\",\"valueRequired\":true,\"valueName\":\"search_term_string\"}}],\"inLanguage\":\"nl-NL\"},{\"@type\":\"Organization\",\"@id\":\"https:\/\/fumot.uk\/#organization\",\"name\":\"Fumot Official Direct | Straight from the Factory, 100% Genuine\",\"url\":\"https:\/\/fumot.uk\/\",\"logo\":{\"@type\":\"ImageObject\",\"inLanguage\":\"nl-NL\",\"@id\":\"https:\/\/fumot.uk\/#\/schema\/logo\/image\/\",\"url\":\"https:\/\/fumot.uk\/wp-content\/uploads\/2026\/01\/cropped-fumot-logo1.png\",\"contentUrl\":\"https:\/\/fumot.uk\/wp-content\/uploads\/2026\/01\/cropped-fumot-logo1.png\",\"width\":152,\"height\":106,\"caption\":\"Fumot Official Direct | Straight from the Factory, 100% Genuine\"},\"image\":{\"@id\":\"https:\/\/fumot.uk\/#\/schema\/logo\/image\/\"}}]}<\/script>\n<!-- \/ Yoast SEO plugin. -->","yoast_head_json":{"title":"Verzendinformatie - Fumot Official Direct | Rechtstreeks van de Fabriek, 100% Echt","description":"Fumot.uk Verzending: 1\u20133 dagen verwerking, 7\u201315 dagen wereldwijde levering, gratis verzending naar de VS &amp; Australi\u00eb, DDP douane-betaalde opties in heel Europa &amp; het VK, eenvoudige 17track tracking. Bestel vandaag met vertrouwen!","robots":{"index":"index","follow":"follow","max-snippet":"max-snippet:-1","max-image-preview":"max-image-preview:large","max-video-preview":"max-video-preview:-1"},"canonical":"https:\/\/fumot.uk\/nl\/shipping-info\/","og_locale":"nl_NL","og_type":"article","og_title":"Shipping Info - Fumot Official Direct | Straight from the Factory, 100% Genuine","og_description":"Fumot.uk Shipping: 1\u20133 day processing, 7\u201315 day worldwide delivery, free shipping to US & Australia, DDP customs-paid options across Europe & UK, easy 17track tracking. Order with confidence today!","og_url":"https:\/\/fumot.uk\/nl\/shipping-info\/","og_site_name":"Fumot Official Direct | Straight from the Factory, 100% Genuine","twitter_card":"summary_large_image","twitter_misc":{"Geschatte leestijd":"3 minuten"},"schema":{"@context":"https:\/\/schema.org","@graph":[{"@type":"WebPage","@id":"https:\/\/fumot.uk\/shipping-info\/","url":"https:\/\/fumot.uk\/shipping-info\/","name":"Verzendinformatie - Fumot Official Direct | Rechtstreeks van de Fabriek, 100% Echt","isPartOf":{"@id":"https:\/\/fumot.uk\/#website"},"datePublished":"2026-01-23T01:52:57+00:00","description":"Fumot.uk Verzending: 1\u20133 dagen verwerking, 7\u201315 dagen wereldwijde levering, gratis verzending naar de VS &amp; Australi\u00eb, DDP douane-betaalde opties in heel Europa &amp; het VK, eenvoudige 17track tracking. Bestel vandaag met vertrouwen!","breadcrumb":{"@id":"https:\/\/fumot.uk\/shipping-info\/#breadcrumb"},"inLanguage":"nl-NL","potentialAction":[{"@type":"ReadAction","target":["https:\/\/fumot.uk\/shipping-info\/"]}]},{"@type":"BreadcrumbList","@id":"https:\/\/fumot.uk\/shipping-info\/#breadcrumb","itemListElement":[{"@type":"ListItem","position":1,"name":"Home","item":"https:\/\/fumot.uk\/"},{"@type":"ListItem","position":2,"name":"Shipping Info"}]},{"@type":"WebSite","@id":"https:\/\/fumot.uk\/#website","url":"https:\/\/fumot.uk\/","name":"Fumot Official Direct | Rechtstreeks van de fabriek, 100% Echt","description":"Offici\u00eble website","publisher":{"@id":"https:\/\/fumot.uk\/#organization"},"potentialAction":[{"@type":"SearchAction","target":{"@type":"EntryPoint","urlTemplate":"https:\/\/fumot.uk\/?s={search_term_string}"},"query-input":{"@type":"PropertyValueSpecification","valueRequired":true,"valueName":"search_term_string"}}],"inLanguage":"nl-NL"},{"@type":"Organization","@id":"https:\/\/fumot.uk\/#organization","name":"Fumot Official Direct | Rechtstreeks van de fabriek, 100% Echt","url":"https:\/\/fumot.uk\/","logo":{"@type":"ImageObject","inLanguage":"nl-NL","@id":"https:\/\/fumot.uk\/#\/schema\/logo\/image\/","url":"https:\/\/fumot.uk\/wp-content\/uploads\/2026\/01\/cropped-fumot-logo1.png","contentUrl":"https:\/\/fumot.uk\/wp-content\/uploads\/2026\/01\/cropped-fumot-logo1.png","width":152,"height":106,"caption":"Fumot Official Direct | Straight from the Factory, 100% Genuine"},"image":{"@id":"https:\/\/fumot.uk\/#\/schema\/logo\/image\/"}}]}},"_links":{"self":[{"href":"https:\/\/fumot.uk\/nl\/wp-json\/wp\/v2\/pages\/6779","targetHints":{"allow":["GET"]}}],"collection":[{"href":"https:\/\/fumot.uk\/nl\/wp-json\/wp\/v2\/pages"}],"about":[{"href":"https:\/\/fumot.uk\/nl\/wp-json\/wp\/v2\/types\/page"}],"author":[{"embeddable":true,"href":"https:\/\/fumot.uk\/nl\/wp-json\/wp\/v2\/users\/1"}],"replies":[{"embeddable":true,"href":"https:\/\/fumot.uk\/nl\/wp-json\/wp\/v2\/comments?post=6779"}],"version-history":[{"count":1,"href":"https:\/\/fumot.uk\/nl\/wp-json\/wp\/v2\/pages\/6779\/revisions"}],"predecessor-version":[{"id":6781,"href":"https:\/\/fumot.uk\/nl\/wp-json\/wp\/v2\/pages\/6779\/revisions\/6781"}],"wp:attachment":[{"href":"https:\/\/fumot.uk\/nl\/wp-json\/wp\/v2\/media?parent=6779"}],"curies":[{"name":"wp","href":"https:\/\/api.w.org\/{rel}","templated":true}]}}