{"id":433,"date":"2026-01-20T02:44:33","date_gmt":"2026-01-20T02:44:33","guid":{"rendered":"https:\/\/fumot.uk\/?post_type=product&#038;p=433"},"modified":"2026-01-20T02:47:24","modified_gmt":"2026-01-20T02:47:24","slug":"randm-tornado-20000-puffs-strawberry-kiwi","status":"publish","type":"product","link":"https:\/\/fumot.uk\/it\/product\/randm-tornado-20000-puffs-strawberry-kiwi\/","title":{"rendered":"Randm Tornado 20000 Puffs-Fragola Kiwi"},"content":{"rendered":"<h3 data-start=\"0\" data-end=\"45\">Randm Tornado 20000 Puffs \u2013 Fragola Kiwi<\/h3>\n<p data-start=\"47\" data-end=\"391\"><strong>Fruttato e rinfrescante, goditi l'esperienza di svapo definitiva<\/strong><br data-start=\"114\" data-end=\"117\" \/>La sigaretta elettronica Randm Tornado 20000 Puffs al gusto di Fragola Kiwi unisce l'intensit\u00e0 dolce delle fragole mature con la freschezza frizzante del kiwi. Ogni tiro \u00e8 fruttato, rinfrescante e perfettamente bilanciato \u2013 un momento di piacere che fa venire voglia di pi\u00f9.<\/p>\n<h3 data-start=\"393\" data-end=\"409\">Caratteristiche principali:<\/h3>\n<p data-start=\"411\" data-end=\"1153\"><strong>\u2611 Gusto:<\/strong> Gusto fruttato-dolce di Fragola Kiwi con un equilibrio bilanciato tra dolcezza e acidit\u00e0.<br data-start=\"509\" data-end=\"512\" \/><strong>\u2611 Contenuto di nicotina:<\/strong> 2% \/ 5%, per soddisfare esigenze diverse.<br data-start=\"582\" data-end=\"585\" \/><strong>\u2611 Capacit\u00e0 della batteria:<\/strong> Batteria ricaricabile da 850 mAh per una lunga durata.<br data-start=\"661\" data-end=\"664\" \/><strong>\u2611 Numero di tiri:<\/strong> Fino a <a href=\"https:\/\/ultravape.de\/product-category\/20000-puff\/\">20000 tiri<\/a> per un piacere duraturo senza frequenti ricariche.<br data-start=\"747\" data-end=\"750\" \/><strong>\u2611 Capacit\u00e0 del liquido:<\/strong> 20 ml per uno svapo continuo.<br data-start=\"807\" data-end=\"810\" \/><strong>\u2611 Display intelligente:<\/strong> Display LED per il monitoraggio in tempo reale dello stato del liquido e della batteria, gestione semplice.<br data-start=\"918\" data-end=\"921\" \/><strong>\u2611 Tecnologia Dual-Mesh:<\/strong> Vapore intenso e sapore pieno per un'esperienza di svapo morbida e ricca.<br data-start=\"1038\" data-end=\"1041\" \/><strong>\u2611 Porta di ricarica rapida Type-C:<\/strong> Ricarica veloce, sempre pronta per un piacere ininterrotto.<\/p>\n<h3 data-start=\"1155\" data-end=\"1167\">Destinatari<\/h3>\n<p data-start=\"1169\" data-end=\"1310\">Per gli svapatori che amano i gusti fruttati-dolci e rinfrescanti e apprezzano dispositivi di alta qualit\u00e0, durevoli e confortevoli.<\/p>\n<h3 data-start=\"1312\" data-end=\"1374\">Fragola Kiwi \u2013 Freschezza fruttata, ogni tiro un momento clou<\/h3>\n<p data-start=\"1376\" data-end=\"1635\" data-is-last-node=\"\" data-is-only-node=\"\">La sigaretta elettronica Randm Tornado 20000 Puffs in Fragola Kiwi combina tecnologia all'avanguardia con un'intensa esperienza fruttata. Ogni tiro \u00e8 dolce, frizzante e pieno, permettendoti di perderti completamente nel mondo rinfrescante di Fragola Kiwi.<\/p>","protected":false},"excerpt":{"rendered":"<p>Randm Tornado 20000 Puffs \u2013 Fragola Kiwi Fruttato e rinfrescante, goditi l'esperienza di svapo definitiva La sigaretta elettronica Randm Tornado 20000 Puffs nel gusto Fragola Kiwi unisce l'intensit\u00e0 dolce delle fragole mature con la freschezza frizzante del kiwi. Ogni tiro \u00e8 fruttato, rinfrescante e perfettamente bilanciato \u2013 un momento di piacere che fa venire voglia di pi\u00f9. Caratteristiche principali: \u2611 [\u2026]<\/p>","protected":false},"featured_media":475,"comment_status":"open","ping_status":"closed","template":"","meta":[],"product_brand":[],"product_cat":[68,69,17],"product_tag":[70,60,71,20,72,73,45,74,26,27,62,37,28],"class_list":{"0":"post-433","1":"product","2":"type-product","3":"status-publish","4":"has-post-thumbnail","6":"product_cat-20000-puff","7":"product_cat-randm-tornado-20000-puffs","8":"product_cat-vape","9":"product_tag-2-nikotin","10":"product_tag-20ml","11":"product_tag-5-nikotin","12":"product_tag-850mah","13":"product_tag-direct-to-lung","14":"product_tag-dual-mesh","15":"product_tag-kiwi","16":"product_tag-lcd-display","17":"product_tag-rechargeable","18":"product_tag-rgb-light","19":"product_tag-sale-vape","20":"product_tag-strawberry","21":"product_tag-type-c","23":"first","24":"instock","25":"sale","26":"shipping-taxable","27":"purchasable","28":"product-type-variable","29":"has-default-attributes"},"yoast_head":"<!-- This site is optimized with the Yoast SEO plugin v26.8 - https:\/\/yoast.com\/product\/yoast-seo-wordpress\/ -->\n<title>Randm Tornado 20000 Puffs-Strawberry Kiwi - Fumot Official Direct | Straight from the Factory, 100% Genuine<\/title>\n<meta name=\"robots\" content=\"index, follow, max-snippet:-1, max-image-preview:large, max-video-preview:-1\" \/>\n<link rel=\"canonical\" href=\"https:\/\/fumot.uk\/it\/product\/randm-tornado-20000-puffs-strawberry-kiwi\/\" \/>\n<meta property=\"og:locale\" content=\"it_IT\" \/>\n<meta property=\"og:type\" content=\"article\" \/>\n<meta property=\"og:title\" content=\"Randm Tornado 20000 Puffs-Strawberry Kiwi - Fumot Official Direct | Straight from the Factory, 100% Genuine\" \/>\n<meta property=\"og:description\" content=\"Randm Tornado 20000 Puffs \u2013 Strawberry Kiwi Fruchtig und erfrischend, genie\u00dfen Sie das ultimative DampferlebnisDie Randm Tornado 20000 Puffs E-Zigarette in der Geschmacksrichtung Strawberry Kiwi vereint die s\u00fc\u00dfe Intensit\u00e4t reifer Erdbeeren mit der spritzigen Frische von Kiwi. Jeder Zug ist fruchtig, erfrischend und perfekt ausbalanciert \u2013 ein Genussmoment, der Lust auf mehr macht. Hauptmerkmale: \u2611 [&hellip;]\" \/>\n<meta property=\"og:url\" content=\"https:\/\/fumot.uk\/it\/product\/randm-tornado-20000-puffs-strawberry-kiwi\/\" \/>\n<meta property=\"og:site_name\" content=\"Fumot Official Direct | Straight from the Factory, 100% Genuine\" \/>\n<meta property=\"article:modified_time\" content=\"2026-01-20T02:47:24+00:00\" \/>\n<meta property=\"og:image\" content=\"https:\/\/fumot.uk\/wp-content\/uploads\/2026\/01\/Strawberry-Kiwi_Randm-Tornado-20000-Puffs-Disposable-Vape.jpg\" \/>\n\t<meta property=\"og:image:width\" content=\"2000\" \/>\n\t<meta property=\"og:image:height\" content=\"2000\" \/>\n\t<meta property=\"og:image:type\" content=\"image\/jpeg\" \/>\n<meta name=\"twitter:card\" content=\"summary_large_image\" \/>\n<meta name=\"twitter:label1\" content=\"Tempo di lettura stimato\" \/>\n\t<meta name=\"twitter:data1\" content=\"2 minuti\" \/>\n<script type=\"application\/ld+json\" class=\"yoast-schema-graph\">{\"@context\":\"https:\/\/schema.org\",\"@graph\":[{\"@type\":\"WebPage\",\"@id\":\"https:\/\/fumot.uk\/product\/randm-tornado-20000-puffs-strawberry-kiwi\/\",\"url\":\"https:\/\/fumot.uk\/product\/randm-tornado-20000-puffs-strawberry-kiwi\/\",\"name\":\"Randm Tornado 20000 Puffs-Strawberry Kiwi - Fumot Official Direct | Straight from the Factory, 100% Genuine\",\"isPartOf\":{\"@id\":\"https:\/\/fumot.uk\/#website\"},\"primaryImageOfPage\":{\"@id\":\"https:\/\/fumot.uk\/product\/randm-tornado-20000-puffs-strawberry-kiwi\/#primaryimage\"},\"image\":{\"@id\":\"https:\/\/fumot.uk\/product\/randm-tornado-20000-puffs-strawberry-kiwi\/#primaryimage\"},\"thumbnailUrl\":\"https:\/\/fumot.uk\/wp-content\/uploads\/2026\/01\/Strawberry-Kiwi_Randm-Tornado-20000-Puffs-Disposable-Vape.jpg\",\"datePublished\":\"2026-01-20T02:44:33+00:00\",\"dateModified\":\"2026-01-20T02:47:24+00:00\",\"breadcrumb\":{\"@id\":\"https:\/\/fumot.uk\/product\/randm-tornado-20000-puffs-strawberry-kiwi\/#breadcrumb\"},\"inLanguage\":\"it-IT\",\"potentialAction\":[{\"@type\":\"ReadAction\",\"target\":[\"https:\/\/fumot.uk\/product\/randm-tornado-20000-puffs-strawberry-kiwi\/\"]}]},{\"@type\":\"ImageObject\",\"inLanguage\":\"it-IT\",\"@id\":\"https:\/\/fumot.uk\/product\/randm-tornado-20000-puffs-strawberry-kiwi\/#primaryimage\",\"url\":\"https:\/\/fumot.uk\/wp-content\/uploads\/2026\/01\/Strawberry-Kiwi_Randm-Tornado-20000-Puffs-Disposable-Vape.jpg\",\"contentUrl\":\"https:\/\/fumot.uk\/wp-content\/uploads\/2026\/01\/Strawberry-Kiwi_Randm-Tornado-20000-Puffs-Disposable-Vape.jpg\",\"width\":2000,\"height\":2000},{\"@type\":\"BreadcrumbList\",\"@id\":\"https:\/\/fumot.uk\/product\/randm-tornado-20000-puffs-strawberry-kiwi\/#breadcrumb\",\"itemListElement\":[{\"@type\":\"ListItem\",\"position\":1,\"name\":\"Home\",\"item\":\"https:\/\/fumot.uk\/\"},{\"@type\":\"ListItem\",\"position\":2,\"name\":\"Shop\",\"item\":\"https:\/\/fumot.uk\/shop\/\"},{\"@type\":\"ListItem\",\"position\":3,\"name\":\"Randm Tornado 20000 Puffs-Strawberry Kiwi\"}]},{\"@type\":\"WebSite\",\"@id\":\"https:\/\/fumot.uk\/#website\",\"url\":\"https:\/\/fumot.uk\/\",\"name\":\"Fumot Official Direct | Straight from the Factory, 100% Genuine\",\"description\":\"Official Website\",\"publisher\":{\"@id\":\"https:\/\/fumot.uk\/#organization\"},\"potentialAction\":[{\"@type\":\"SearchAction\",\"target\":{\"@type\":\"EntryPoint\",\"urlTemplate\":\"https:\/\/fumot.uk\/?s={search_term_string}\"},\"query-input\":{\"@type\":\"PropertyValueSpecification\",\"valueRequired\":true,\"valueName\":\"search_term_string\"}}],\"inLanguage\":\"it-IT\"},{\"@type\":\"Organization\",\"@id\":\"https:\/\/fumot.uk\/#organization\",\"name\":\"Fumot Official Direct | Straight from the Factory, 100% Genuine\",\"url\":\"https:\/\/fumot.uk\/\",\"logo\":{\"@type\":\"ImageObject\",\"inLanguage\":\"it-IT\",\"@id\":\"https:\/\/fumot.uk\/#\/schema\/logo\/image\/\",\"url\":\"https:\/\/fumot.uk\/wp-content\/uploads\/2026\/01\/cropped-fumot-logo1.png\",\"contentUrl\":\"https:\/\/fumot.uk\/wp-content\/uploads\/2026\/01\/cropped-fumot-logo1.png\",\"width\":152,\"height\":106,\"caption\":\"Fumot Official Direct | Straight from the Factory, 100% Genuine\"},\"image\":{\"@id\":\"https:\/\/fumot.uk\/#\/schema\/logo\/image\/\"}}]}<\/script>\n<!-- \/ Yoast SEO plugin. -->","yoast_head_json":{"title":"Randm Tornado 20000 Puffs-Strawberry Kiwi - Fumot Official Direct | Direttamente dalla Fabbrica, 100% Originale","robots":{"index":"index","follow":"follow","max-snippet":"max-snippet:-1","max-image-preview":"max-image-preview:large","max-video-preview":"max-video-preview:-1"},"canonical":"https:\/\/fumot.uk\/it\/product\/randm-tornado-20000-puffs-strawberry-kiwi\/","og_locale":"it_IT","og_type":"article","og_title":"Randm Tornado 20000 Puffs-Strawberry Kiwi - Fumot Official Direct | Straight from the Factory, 100% Genuine","og_description":"Randm Tornado 20000 Puffs \u2013 Strawberry Kiwi Fruchtig und erfrischend, genie\u00dfen Sie das ultimative DampferlebnisDie Randm Tornado 20000 Puffs E-Zigarette in der Geschmacksrichtung Strawberry Kiwi vereint die s\u00fc\u00dfe Intensit\u00e4t reifer Erdbeeren mit der spritzigen Frische von Kiwi. Jeder Zug ist fruchtig, erfrischend und perfekt ausbalanciert \u2013 ein Genussmoment, der Lust auf mehr macht. Hauptmerkmale: \u2611 [&hellip;]","og_url":"https:\/\/fumot.uk\/it\/product\/randm-tornado-20000-puffs-strawberry-kiwi\/","og_site_name":"Fumot Official Direct | Straight from the Factory, 100% Genuine","article_modified_time":"2026-01-20T02:47:24+00:00","og_image":[{"width":2000,"height":2000,"url":"https:\/\/fumot.uk\/wp-content\/uploads\/2026\/01\/Strawberry-Kiwi_Randm-Tornado-20000-Puffs-Disposable-Vape.jpg","type":"image\/jpeg"}],"twitter_card":"summary_large_image","twitter_misc":{"Tempo di lettura stimato":"2 minuti"},"schema":{"@context":"https:\/\/schema.org","@graph":[{"@type":"WebPage","@id":"https:\/\/fumot.uk\/product\/randm-tornado-20000-puffs-strawberry-kiwi\/","url":"https:\/\/fumot.uk\/product\/randm-tornado-20000-puffs-strawberry-kiwi\/","name":"Randm Tornado 20000 Puffs-Strawberry Kiwi - Fumot Official Direct | Direttamente dalla Fabbrica, 100% Originale","isPartOf":{"@id":"https:\/\/fumot.uk\/#website"},"primaryImageOfPage":{"@id":"https:\/\/fumot.uk\/product\/randm-tornado-20000-puffs-strawberry-kiwi\/#primaryimage"},"image":{"@id":"https:\/\/fumot.uk\/product\/randm-tornado-20000-puffs-strawberry-kiwi\/#primaryimage"},"thumbnailUrl":"https:\/\/fumot.uk\/wp-content\/uploads\/2026\/01\/Strawberry-Kiwi_Randm-Tornado-20000-Puffs-Disposable-Vape.jpg","datePublished":"2026-01-20T02:44:33+00:00","dateModified":"2026-01-20T02:47:24+00:00","breadcrumb":{"@id":"https:\/\/fumot.uk\/product\/randm-tornado-20000-puffs-strawberry-kiwi\/#breadcrumb"},"inLanguage":"it-IT","potentialAction":[{"@type":"ReadAction","target":["https:\/\/fumot.uk\/product\/randm-tornado-20000-puffs-strawberry-kiwi\/"]}]},{"@type":"ImageObject","inLanguage":"it-IT","@id":"https:\/\/fumot.uk\/product\/randm-tornado-20000-puffs-strawberry-kiwi\/#primaryimage","url":"https:\/\/fumot.uk\/wp-content\/uploads\/2026\/01\/Strawberry-Kiwi_Randm-Tornado-20000-Puffs-Disposable-Vape.jpg","contentUrl":"https:\/\/fumot.uk\/wp-content\/uploads\/2026\/01\/Strawberry-Kiwi_Randm-Tornado-20000-Puffs-Disposable-Vape.jpg","width":2000,"height":2000},{"@type":"BreadcrumbList","@id":"https:\/\/fumot.uk\/product\/randm-tornado-20000-puffs-strawberry-kiwi\/#breadcrumb","itemListElement":[{"@type":"ListItem","position":1,"name":"Home","item":"https:\/\/fumot.uk\/"},{"@type":"ListItem","position":2,"name":"Shop","item":"https:\/\/fumot.uk\/shop\/"},{"@type":"ListItem","position":3,"name":"Randm Tornado 20000 Puffs-Strawberry Kiwi"}]},{"@type":"WebSite","@id":"https:\/\/fumot.uk\/#website","url":"https:\/\/fumot.uk\/","name":"Fumot Official Direct | Direttamente dalla Fabbrica, 100% Originale","description":"Sito Ufficiale","publisher":{"@id":"https:\/\/fumot.uk\/#organization"},"potentialAction":[{"@type":"SearchAction","target":{"@type":"EntryPoint","urlTemplate":"https:\/\/fumot.uk\/?s={search_term_string}"},"query-input":{"@type":"PropertyValueSpecification","valueRequired":true,"valueName":"search_term_string"}}],"inLanguage":"it-IT"},{"@type":"Organization","@id":"https:\/\/fumot.uk\/#organization","name":"Fumot Official Direct | Direttamente dalla Fabbrica, 100% Originale","url":"https:\/\/fumot.uk\/","logo":{"@type":"ImageObject","inLanguage":"it-IT","@id":"https:\/\/fumot.uk\/#\/schema\/logo\/image\/","url":"https:\/\/fumot.uk\/wp-content\/uploads\/2026\/01\/cropped-fumot-logo1.png","contentUrl":"https:\/\/fumot.uk\/wp-content\/uploads\/2026\/01\/cropped-fumot-logo1.png","width":152,"height":106,"caption":"Fumot Official Direct | Straight from the Factory, 100% Genuine"},"image":{"@id":"https:\/\/fumot.uk\/#\/schema\/logo\/image\/"}}]}},"_links":{"self":[{"href":"https:\/\/fumot.uk\/it\/wp-json\/wp\/v2\/product\/433","targetHints":{"allow":["GET"]}}],"collection":[{"href":"https:\/\/fumot.uk\/it\/wp-json\/wp\/v2\/product"}],"about":[{"href":"https:\/\/fumot.uk\/it\/wp-json\/wp\/v2\/types\/product"}],"replies":[{"embeddable":true,"href":"https:\/\/fumot.uk\/it\/wp-json\/wp\/v2\/comments?post=433"}],"wp:featuredmedia":[{"embeddable":true,"href":"https:\/\/fumot.uk\/it\/wp-json\/wp\/v2\/media\/475"}],"wp:attachment":[{"href":"https:\/\/fumot.uk\/it\/wp-json\/wp\/v2\/media?parent=433"}],"wp:term":[{"taxonomy":"product_brand","embeddable":true,"href":"https:\/\/fumot.uk\/it\/wp-json\/wp\/v2\/product_brand?post=433"},{"taxonomy":"product_cat","embeddable":true,"href":"https:\/\/fumot.uk\/it\/wp-json\/wp\/v2\/product_cat?post=433"},{"taxonomy":"product_tag","embeddable":true,"href":"https:\/\/fumot.uk\/it\/wp-json\/wp\/v2\/product_tag?post=433"}],"curies":[{"name":"wp","href":"https:\/\/api.w.org\/{rel}","templated":true}]}}