{"id":404,"date":"2026-01-20T02:44:09","date_gmt":"2026-01-20T02:44:09","guid":{"rendered":"https:\/\/fumot.uk\/?post_type=product&#038;p=404"},"modified":"2026-01-20T02:46:56","modified_gmt":"2026-01-20T02:46:56","slug":"randm-tornado-20000-puffs-banana-cake","status":"publish","type":"product","link":"https:\/\/fumot.uk\/it\/product\/randm-tornado-20000-puffs-banana-cake\/","title":{"rendered":"Randm Tornado 20000 Puffs-Torta alla Banana"},"content":{"rendered":"<h3 data-start=\"50\" data-end=\"99\"><strong data-start=\"54\" data-end=\"97\">Randm Tornado 20000 Puffs \u2013 Banana Cake<\/strong><\/h3>\n<p data-start=\"101\" data-end=\"522\"><strong data-start=\"101\" data-end=\"164\">Dolce e intenso, goditi l'esperienza di svapo definitiva<\/strong><br data-start=\"164\" data-end=\"167\" \/>La sigaretta elettronica Randm Tornado 20000 Puffs al gusto Banana Cake unisce il sapore intenso delle banane mature con la dolcezza delicata del dolce. Ogni tiro sembra un fresco dolce alla banana appena sfornato \u2013 dolce, ma non troppo invadente \u2013 e offre un'esperienza di svapo morbida e piacevole che rende ogni utilizzo un piacere.<\/p>\n<h3 data-start=\"524\" data-end=\"544\"><strong data-start=\"524\" data-end=\"542\">Caratteristiche principali:<\/strong><\/h3>\n<p data-start=\"548\" data-end=\"655\">\u2611 <strong data-start=\"26\" data-end=\"40\">Gusto:<\/strong> Ricco sapore di dolce alla banana con aromi stratificati, perfetto come dessert.<br data-start=\"131\" data-end=\"134\" \/>\u2611 <strong data-start=\"136\" data-end=\"154\">Contenuto di nicotina:<\/strong> 2% \/ 5%, per soddisfare esigenze diverse.<br data-start=\"208\" data-end=\"211\" data-is-only-node=\"\" \/>\u2611 <strong data-start=\"213\" data-end=\"231\">Capacit\u00e0 della batteria:<\/strong> Batteria ricaricabile da 850 mAh per una lunga durata.<br data-start=\"291\" data-end=\"294\" \/>\u2611 <strong data-start=\"296\" data-end=\"310\">Numero di tiri:<\/strong> Fino a 20000 tiri per un piacere duraturo senza ricariche frequenti.<br data-start=\"381\" data-end=\"384\" \/>\u2611 <strong data-start=\"386\" data-end=\"409\">Capacit\u00e0 del liquido:<\/strong> <a href=\"https:\/\/ultravape.de\/product-tag\/20ml\/\">20 ml<\/a> per uno svapo continuo.<br data-start=\"445\" data-end=\"448\" \/>\u2611 <strong data-start=\"450\" data-end=\"468\">Display intelligente:<\/strong> Display LED per il monitoraggio in tempo reale dello stato del liquido e della batteria, gestione semplice.<br data-start=\"560\" data-end=\"563\" \/>\u2611 <strong data-start=\"565\" data-end=\"591\">Tecnologia Dual-Mesh:<\/strong> Vapore intenso e sapore pieno per un'esperienza di svapo morbida e ricca.<br data-start=\"684\" data-end=\"687\" \/>\u2611 <strong data-start=\"689\" data-end=\"721\">Porta di ricarica rapida Type-C:<\/strong> Ricarica veloce, sempre pronta per un piacere ininterrotto.<\/p>\n<h3 data-start=\"1274\" data-end=\"1290\">Destinatari<\/h3>\n<p data-start=\"1328\" data-end=\"1486\">Per gli svapatori che amano i gusti fruttati e dessert e che apprezzano dispositivi di alta qualit\u00e0, durevoli e confortevoli.<\/p>\n<p><strong data-start=\"1488\" data-end=\"1543\">Banana Cake \u2013 Dolce seduzione, ogni tiro un piacere<\/strong><\/p>\n<p>La sigaretta elettronica Randm Tornado 20000 Puffs in Banana Cake combina tecnologia all'avanguardia con un'esperienza di gusto intensa. Ogni tiro \u00e8 morbido, pieno e dolce, senza essere eccessivo, permettendoti di perderti completamente nel delizioso mondo del dolce alla banana.<\/p>","protected":false},"excerpt":{"rendered":"<p>Randm Tornado 20000 Puffs \u2013 Banana Cake Dolce e intenso, goditi l'esperienza di svapo definitivaLa sigaretta elettronica Randm Tornado 20000 Puffs al gusto di Banana Cake combina il sapore intenso delle banane mature con la dolcezza delicata del dolce. Ogni tiro sembra un fresco banana cake appena sfornato \u2013 dolce, ma non troppo invadente \u2013 e [\u2026]<\/p>","protected":false},"featured_media":446,"comment_status":"open","ping_status":"closed","template":"","meta":[],"product_brand":[],"product_cat":[68,69,17],"product_tag":[70,60,71,20,57,72,73,74,26,27,62,28],"class_list":{"0":"post-404","1":"product","2":"type-product","3":"status-publish","4":"has-post-thumbnail","6":"product_cat-20000-puff","7":"product_cat-randm-tornado-20000-puffs","8":"product_cat-vape","9":"product_tag-2-nikotin","10":"product_tag-20ml","11":"product_tag-5-nikotin","12":"product_tag-850mah","13":"product_tag-banana","14":"product_tag-direct-to-lung","15":"product_tag-dual-mesh","16":"product_tag-lcd-display","17":"product_tag-rechargeable","18":"product_tag-rgb-light","19":"product_tag-sale-vape","20":"product_tag-type-c","22":"first","23":"instock","24":"sale","25":"shipping-taxable","26":"purchasable","27":"product-type-variable","28":"has-default-attributes"},"yoast_head":"<!-- This site is optimized with the Yoast SEO plugin v26.8 - https:\/\/yoast.com\/product\/yoast-seo-wordpress\/ -->\n<title>Randm Tornado 20000 Puffs-Banana Cake - Fumot Official Direct | Straight from the Factory, 100% Genuine<\/title>\n<meta name=\"robots\" content=\"index, follow, max-snippet:-1, max-image-preview:large, max-video-preview:-1\" \/>\n<link rel=\"canonical\" href=\"https:\/\/fumot.uk\/it\/product\/randm-tornado-20000-puffs-banana-cake\/\" \/>\n<meta property=\"og:locale\" content=\"it_IT\" \/>\n<meta property=\"og:type\" content=\"article\" \/>\n<meta property=\"og:title\" content=\"Randm Tornado 20000 Puffs-Banana Cake - Fumot Official Direct | Straight from the Factory, 100% Genuine\" \/>\n<meta property=\"og:description\" content=\"Randm Tornado 20000 Puffs \u2013 Banana Cake S\u00fc\u00df und intensiv, genie\u00dfen Sie das ultimative DampferlebnisDie Randm Tornado 20000 Puffs E-Zigarette in der Geschmacksrichtung Banana Cake vereint den intensiven Geschmack reifer Bananen mit der sanften S\u00fc\u00dfe von Kuchen. Jeder Zug f\u00fchlt sich an wie ein frisch gebackener Bananenkuchen \u2013 s\u00fc\u00df, aber nicht zu aufdringlich \u2013 und [&hellip;]\" \/>\n<meta property=\"og:url\" content=\"https:\/\/fumot.uk\/it\/product\/randm-tornado-20000-puffs-banana-cake\/\" \/>\n<meta property=\"og:site_name\" content=\"Fumot Official Direct | Straight from the Factory, 100% Genuine\" \/>\n<meta property=\"article:modified_time\" content=\"2026-01-20T02:46:56+00:00\" \/>\n<meta property=\"og:image\" content=\"https:\/\/fumot.uk\/wp-content\/uploads\/2026\/01\/Randm-Tornado-20000-Puffs-Disposable-Vape-Banana-cake.jpg\" \/>\n\t<meta property=\"og:image:width\" content=\"2000\" \/>\n\t<meta property=\"og:image:height\" content=\"2000\" \/>\n\t<meta property=\"og:image:type\" content=\"image\/jpeg\" \/>\n<meta name=\"twitter:card\" content=\"summary_large_image\" \/>\n<meta name=\"twitter:label1\" content=\"Tempo di lettura stimato\" \/>\n\t<meta name=\"twitter:data1\" content=\"2 minuti\" \/>\n<script type=\"application\/ld+json\" class=\"yoast-schema-graph\">{\"@context\":\"https:\/\/schema.org\",\"@graph\":[{\"@type\":\"WebPage\",\"@id\":\"https:\/\/fumot.uk\/product\/randm-tornado-20000-puffs-banana-cake\/\",\"url\":\"https:\/\/fumot.uk\/product\/randm-tornado-20000-puffs-banana-cake\/\",\"name\":\"Randm Tornado 20000 Puffs-Banana Cake - Fumot Official Direct | Straight from the Factory, 100% Genuine\",\"isPartOf\":{\"@id\":\"https:\/\/fumot.uk\/#website\"},\"primaryImageOfPage\":{\"@id\":\"https:\/\/fumot.uk\/product\/randm-tornado-20000-puffs-banana-cake\/#primaryimage\"},\"image\":{\"@id\":\"https:\/\/fumot.uk\/product\/randm-tornado-20000-puffs-banana-cake\/#primaryimage\"},\"thumbnailUrl\":\"https:\/\/fumot.uk\/wp-content\/uploads\/2026\/01\/Randm-Tornado-20000-Puffs-Disposable-Vape-Banana-cake.jpg\",\"datePublished\":\"2026-01-20T02:44:09+00:00\",\"dateModified\":\"2026-01-20T02:46:56+00:00\",\"breadcrumb\":{\"@id\":\"https:\/\/fumot.uk\/product\/randm-tornado-20000-puffs-banana-cake\/#breadcrumb\"},\"inLanguage\":\"it-IT\",\"potentialAction\":[{\"@type\":\"ReadAction\",\"target\":[\"https:\/\/fumot.uk\/product\/randm-tornado-20000-puffs-banana-cake\/\"]}]},{\"@type\":\"ImageObject\",\"inLanguage\":\"it-IT\",\"@id\":\"https:\/\/fumot.uk\/product\/randm-tornado-20000-puffs-banana-cake\/#primaryimage\",\"url\":\"https:\/\/fumot.uk\/wp-content\/uploads\/2026\/01\/Randm-Tornado-20000-Puffs-Disposable-Vape-Banana-cake.jpg\",\"contentUrl\":\"https:\/\/fumot.uk\/wp-content\/uploads\/2026\/01\/Randm-Tornado-20000-Puffs-Disposable-Vape-Banana-cake.jpg\",\"width\":2000,\"height\":2000},{\"@type\":\"BreadcrumbList\",\"@id\":\"https:\/\/fumot.uk\/product\/randm-tornado-20000-puffs-banana-cake\/#breadcrumb\",\"itemListElement\":[{\"@type\":\"ListItem\",\"position\":1,\"name\":\"Home\",\"item\":\"https:\/\/fumot.uk\/\"},{\"@type\":\"ListItem\",\"position\":2,\"name\":\"Shop\",\"item\":\"https:\/\/fumot.uk\/shop\/\"},{\"@type\":\"ListItem\",\"position\":3,\"name\":\"Randm Tornado 20000 Puffs-Banana Cake\"}]},{\"@type\":\"WebSite\",\"@id\":\"https:\/\/fumot.uk\/#website\",\"url\":\"https:\/\/fumot.uk\/\",\"name\":\"Fumot Official Direct | Straight from the Factory, 100% Genuine\",\"description\":\"Official Website\",\"publisher\":{\"@id\":\"https:\/\/fumot.uk\/#organization\"},\"potentialAction\":[{\"@type\":\"SearchAction\",\"target\":{\"@type\":\"EntryPoint\",\"urlTemplate\":\"https:\/\/fumot.uk\/?s={search_term_string}\"},\"query-input\":{\"@type\":\"PropertyValueSpecification\",\"valueRequired\":true,\"valueName\":\"search_term_string\"}}],\"inLanguage\":\"it-IT\"},{\"@type\":\"Organization\",\"@id\":\"https:\/\/fumot.uk\/#organization\",\"name\":\"Fumot Official Direct | Straight from the Factory, 100% Genuine\",\"url\":\"https:\/\/fumot.uk\/\",\"logo\":{\"@type\":\"ImageObject\",\"inLanguage\":\"it-IT\",\"@id\":\"https:\/\/fumot.uk\/#\/schema\/logo\/image\/\",\"url\":\"https:\/\/fumot.uk\/wp-content\/uploads\/2026\/01\/cropped-fumot-logo1.png\",\"contentUrl\":\"https:\/\/fumot.uk\/wp-content\/uploads\/2026\/01\/cropped-fumot-logo1.png\",\"width\":152,\"height\":106,\"caption\":\"Fumot Official Direct | Straight from the Factory, 100% Genuine\"},\"image\":{\"@id\":\"https:\/\/fumot.uk\/#\/schema\/logo\/image\/\"}}]}<\/script>\n<!-- \/ Yoast SEO plugin. -->","yoast_head_json":{"title":"Randm Tornado 20000 Puffs-Banana Cake - Fumot Official Direct | Direttamente dalla Fabbrica, 100% Originale","robots":{"index":"index","follow":"follow","max-snippet":"max-snippet:-1","max-image-preview":"max-image-preview:large","max-video-preview":"max-video-preview:-1"},"canonical":"https:\/\/fumot.uk\/it\/product\/randm-tornado-20000-puffs-banana-cake\/","og_locale":"it_IT","og_type":"article","og_title":"Randm Tornado 20000 Puffs-Banana Cake - Fumot Official Direct | Straight from the Factory, 100% Genuine","og_description":"Randm Tornado 20000 Puffs \u2013 Banana Cake S\u00fc\u00df und intensiv, genie\u00dfen Sie das ultimative DampferlebnisDie Randm Tornado 20000 Puffs E-Zigarette in der Geschmacksrichtung Banana Cake vereint den intensiven Geschmack reifer Bananen mit der sanften S\u00fc\u00dfe von Kuchen. Jeder Zug f\u00fchlt sich an wie ein frisch gebackener Bananenkuchen \u2013 s\u00fc\u00df, aber nicht zu aufdringlich \u2013 und [&hellip;]","og_url":"https:\/\/fumot.uk\/it\/product\/randm-tornado-20000-puffs-banana-cake\/","og_site_name":"Fumot Official Direct | Straight from the Factory, 100% Genuine","article_modified_time":"2026-01-20T02:46:56+00:00","og_image":[{"width":2000,"height":2000,"url":"https:\/\/fumot.uk\/wp-content\/uploads\/2026\/01\/Randm-Tornado-20000-Puffs-Disposable-Vape-Banana-cake.jpg","type":"image\/jpeg"}],"twitter_card":"summary_large_image","twitter_misc":{"Tempo di lettura stimato":"2 minuti"},"schema":{"@context":"https:\/\/schema.org","@graph":[{"@type":"WebPage","@id":"https:\/\/fumot.uk\/product\/randm-tornado-20000-puffs-banana-cake\/","url":"https:\/\/fumot.uk\/product\/randm-tornado-20000-puffs-banana-cake\/","name":"Randm Tornado 20000 Puffs-Banana Cake - Fumot Official Direct | Direttamente dalla Fabbrica, 100% Originale","isPartOf":{"@id":"https:\/\/fumot.uk\/#website"},"primaryImageOfPage":{"@id":"https:\/\/fumot.uk\/product\/randm-tornado-20000-puffs-banana-cake\/#primaryimage"},"image":{"@id":"https:\/\/fumot.uk\/product\/randm-tornado-20000-puffs-banana-cake\/#primaryimage"},"thumbnailUrl":"https:\/\/fumot.uk\/wp-content\/uploads\/2026\/01\/Randm-Tornado-20000-Puffs-Disposable-Vape-Banana-cake.jpg","datePublished":"2026-01-20T02:44:09+00:00","dateModified":"2026-01-20T02:46:56+00:00","breadcrumb":{"@id":"https:\/\/fumot.uk\/product\/randm-tornado-20000-puffs-banana-cake\/#breadcrumb"},"inLanguage":"it-IT","potentialAction":[{"@type":"ReadAction","target":["https:\/\/fumot.uk\/product\/randm-tornado-20000-puffs-banana-cake\/"]}]},{"@type":"ImageObject","inLanguage":"it-IT","@id":"https:\/\/fumot.uk\/product\/randm-tornado-20000-puffs-banana-cake\/#primaryimage","url":"https:\/\/fumot.uk\/wp-content\/uploads\/2026\/01\/Randm-Tornado-20000-Puffs-Disposable-Vape-Banana-cake.jpg","contentUrl":"https:\/\/fumot.uk\/wp-content\/uploads\/2026\/01\/Randm-Tornado-20000-Puffs-Disposable-Vape-Banana-cake.jpg","width":2000,"height":2000},{"@type":"BreadcrumbList","@id":"https:\/\/fumot.uk\/product\/randm-tornado-20000-puffs-banana-cake\/#breadcrumb","itemListElement":[{"@type":"ListItem","position":1,"name":"Home","item":"https:\/\/fumot.uk\/"},{"@type":"ListItem","position":2,"name":"Shop","item":"https:\/\/fumot.uk\/shop\/"},{"@type":"ListItem","position":3,"name":"Randm Tornado 20000 Puffs-Banana Cake"}]},{"@type":"WebSite","@id":"https:\/\/fumot.uk\/#website","url":"https:\/\/fumot.uk\/","name":"Fumot Official Direct | Direttamente dalla Fabbrica, 100% Originale","description":"Sito Ufficiale","publisher":{"@id":"https:\/\/fumot.uk\/#organization"},"potentialAction":[{"@type":"SearchAction","target":{"@type":"EntryPoint","urlTemplate":"https:\/\/fumot.uk\/?s={search_term_string}"},"query-input":{"@type":"PropertyValueSpecification","valueRequired":true,"valueName":"search_term_string"}}],"inLanguage":"it-IT"},{"@type":"Organization","@id":"https:\/\/fumot.uk\/#organization","name":"Fumot Official Direct | Direttamente dalla Fabbrica, 100% Originale","url":"https:\/\/fumot.uk\/","logo":{"@type":"ImageObject","inLanguage":"it-IT","@id":"https:\/\/fumot.uk\/#\/schema\/logo\/image\/","url":"https:\/\/fumot.uk\/wp-content\/uploads\/2026\/01\/cropped-fumot-logo1.png","contentUrl":"https:\/\/fumot.uk\/wp-content\/uploads\/2026\/01\/cropped-fumot-logo1.png","width":152,"height":106,"caption":"Fumot Official Direct | Straight from the Factory, 100% Genuine"},"image":{"@id":"https:\/\/fumot.uk\/#\/schema\/logo\/image\/"}}]}},"_links":{"self":[{"href":"https:\/\/fumot.uk\/it\/wp-json\/wp\/v2\/product\/404","targetHints":{"allow":["GET"]}}],"collection":[{"href":"https:\/\/fumot.uk\/it\/wp-json\/wp\/v2\/product"}],"about":[{"href":"https:\/\/fumot.uk\/it\/wp-json\/wp\/v2\/types\/product"}],"replies":[{"embeddable":true,"href":"https:\/\/fumot.uk\/it\/wp-json\/wp\/v2\/comments?post=404"}],"wp:featuredmedia":[{"embeddable":true,"href":"https:\/\/fumot.uk\/it\/wp-json\/wp\/v2\/media\/446"}],"wp:attachment":[{"href":"https:\/\/fumot.uk\/it\/wp-json\/wp\/v2\/media?parent=404"}],"wp:term":[{"taxonomy":"product_brand","embeddable":true,"href":"https:\/\/fumot.uk\/it\/wp-json\/wp\/v2\/product_brand?post=404"},{"taxonomy":"product_cat","embeddable":true,"href":"https:\/\/fumot.uk\/it\/wp-json\/wp\/v2\/product_cat?post=404"},{"taxonomy":"product_tag","embeddable":true,"href":"https:\/\/fumot.uk\/it\/wp-json\/wp\/v2\/product_tag?post=404"}],"curies":[{"name":"wp","href":"https:\/\/api.w.org\/{rel}","templated":true}]}}