{"id":3800,"date":"2026-01-21T04:04:33","date_gmt":"2026-01-21T04:04:33","guid":{"rendered":"https:\/\/fumot.uk\/?post_type=product&#038;p=3800"},"modified":"2026-01-21T09:12:50","modified_gmt":"2026-01-21T09:12:50","slug":"al-fakher-crown-bar-20000-puffs-mango-pineapple-mango-und-ananas-tropischer-genuss","status":"publish","type":"product","link":"https:\/\/fumot.uk\/it\/product\/al-fakher-crown-bar-20000-puffs-mango-pineapple-mango-und-ananas-tropischer-genuss\/","title":{"rendered":"AL FAKHER Crown Bar 20000 Puffs Mango Pineapple Disposable Vape \u2013 20ml, Flusso d'Aria Regolabile, Display LED, Ricaricabile USB\u2011C"},"content":{"rendered":"<p>Porta una fetta di tropici ad ogni tiro con il <strong>AL FAKHER Crown Bar 20000 Puffs \u2013 Mango Ananas<\/strong>. Progettato con una finitura effetto pelle di alta qualit\u00e0 e un nitido <strong>display digitale LED<\/strong>, questa ad alta capacit\u00e0 <strong>vape usa e getta<\/strong> \u00e8 fatto per la comodit\u00e0 quotidiana con una sensazione pi\u00f9 su misura. Affina la tua inalazione utilizzando il <strong>flusso d'aria regolabile<\/strong>, e goditi un sapore costante dal <strong>coil a rete da 0.6\u03a9<\/strong>.<\/p>\n<h3><strong>Sapore: Mango Ananas (Mango &amp; Ananas)<\/strong><\/h3>\n<p><strong>Mango Ananas<\/strong> fonde la dolcezza del mango maturo con la freschezza vivace e acidula dell'ananas. Il risultato \u00e8 un profilo tropicale vivace\u2014morbido all'inalazione, rinfrescante alla fine\u2014ideale quando vuoi qualcosa di fruttato senza essere eccessivo.<\/p>\n<h3><strong>Caratteristiche principali<\/strong><\/h3>\n<ul>\n<li><strong>Fino a 20.000+ tiri<\/strong> (l'uso varia)<\/li>\n<li><strong>Capacit\u00e0 di e-liquid da 20ml<\/strong> per sessioni durature<\/li>\n<li><strong>da 850mAh<\/strong> con <strong>ricarica rapida USB\u2011C<\/strong><\/li>\n<li><strong>coil a rete da 0.6\u03a9<\/strong> per una consegna di sapore pulita e completa<\/li>\n<li><strong>display digitale LED<\/strong> per controlli rapidi dello stato<\/li>\n<li><strong>Flusso d'aria regolabile<\/strong> per adattarsi al tuo tiro preferito<\/li>\n<li><strong>DTL (Direct-to-Lung)<\/strong> stile di svapo<\/li>\n<li><strong>Opzioni di nicotina:<\/strong> 0% \/ 2% \/ 3% \/ 5%<\/li>\n<\/ul>\n<h3><strong>Perch\u00e9 acquistare Mango Ananas su fumot.uk?<\/strong><\/h3>\n<p>Se stai esplorando sapori pi\u00f9 fruttati o altri <strong>AL FAKHER Crown Bar 20000 Puffs<\/strong> opzioni, sfoglia la nostra collezione su <a href=\"https:\/\/fumot.uk\/it\/\" target=\"_blank\" rel=\"noopener\">fumot.uk<\/a> per gli ultimi arrivi e varianti.<\/p>\n<p><strong>AL FAKHER Crown Bar 20000 Puffs Mango Ananas<\/strong>: una miscela tropicale di mango e ananas con caratteristiche moderne\u2014fatta per uno svapo morbido e rinfrescante dall'inizio alla fine.<\/p>","protected":false},"excerpt":{"rendered":"<p>AL FAKHER Crown Bar 20000 Puffs in Mango Pineapple: dolce mango incontra ananas aspro. 20ml, 850mAh USB\u2011C ricaricabile, 0.6\u03a9 mesh coil, display LED, flusso d'aria regolabile (DTL).<\/p>","protected":false},"featured_media":3849,"comment_status":"open","ping_status":"closed","template":"","meta":[],"product_brand":[],"product_cat":[68,190,17],"product_tag":[60,20,21,72,23,42,25,35,26,28],"class_list":{"0":"post-3800","1":"product","2":"type-product","3":"status-publish","4":"has-post-thumbnail","6":"product_cat-20000-puff","7":"product_cat-al-fakher-crown-bar-20000-puffs","8":"product_cat-vape","9":"product_tag-20ml","10":"product_tag-850mah","11":"product_tag-adjustable-airflow","12":"product_tag-direct-to-lung","13":"product_tag-display","14":"product_tag-mango","15":"product_tag-mesh-coil","16":"product_tag-pineapple","17":"product_tag-rechargeable","18":"product_tag-type-c","20":"first","21":"instock","22":"sale","23":"shipping-taxable","24":"purchasable","25":"product-type-variable","26":"has-default-attributes"},"yoast_head":"<!-- This site is optimized with the Yoast SEO plugin v26.8 - https:\/\/yoast.com\/product\/yoast-seo-wordpress\/ -->\n<title>AL FAKHER Crown Bar 20000 Puffs Mango Pineapple<\/title>\n<meta name=\"description\" content=\"Mango Pineapple AL FAKHER Crown Bar 20000 Puffs: 20ml, 850mAh USB\u2011C rechargeable, 0.6\u03a9 mesh coil, LED display &amp; adjustable airflow. Nicotine 0\/2\/3\/5%.\" \/>\n<meta name=\"robots\" content=\"index, follow, max-snippet:-1, max-image-preview:large, max-video-preview:-1\" \/>\n<link rel=\"canonical\" href=\"https:\/\/fumot.uk\/it\/product\/al-fakher-crown-bar-20000-puffs-mango-pineapple-mango-und-ananas-tropischer-genuss\/\" \/>\n<meta property=\"og:locale\" content=\"it_IT\" \/>\n<meta property=\"og:type\" content=\"article\" \/>\n<meta property=\"og:title\" content=\"AL FAKHER Crown Bar 20000 Puffs \u2013 Mango Pineapple\" \/>\n<meta property=\"og:description\" content=\"Tropical Mango Pineapple flavour with 20ml e-liquid, USB\u2011C rechargeable 850mAh battery, LED display, mesh coil and adjustable airflow. Available on fumot.uk.\" \/>\n<meta property=\"og:url\" content=\"https:\/\/fumot.uk\/it\/product\/al-fakher-crown-bar-20000-puffs-mango-pineapple-mango-und-ananas-tropischer-genuss\/\" \/>\n<meta property=\"og:site_name\" content=\"Fumot Official Direct | Straight from the Factory, 100% Genuine\" \/>\n<meta property=\"article:modified_time\" content=\"2026-01-21T09:12:50+00:00\" \/>\n<meta property=\"og:image\" content=\"https:\/\/fumot.uk\/wp-content\/uploads\/2026\/01\/AL-FAKHER-CROWN-BAR-20000-Puffs-Mango-Pineapple-Disposable-Vape-scaled-1.png\" \/>\n\t<meta property=\"og:image:width\" content=\"2560\" \/>\n\t<meta property=\"og:image:height\" content=\"2560\" \/>\n\t<meta property=\"og:image:type\" content=\"image\/png\" \/>\n<meta name=\"twitter:card\" content=\"summary_large_image\" \/>\n<meta name=\"twitter:label1\" content=\"Tempo di lettura stimato\" \/>\n\t<meta name=\"twitter:data1\" content=\"1 minuto\" \/>\n<script type=\"application\/ld+json\" class=\"yoast-schema-graph\">{\"@context\":\"https:\/\/schema.org\",\"@graph\":[{\"@type\":\"WebPage\",\"@id\":\"https:\/\/fumot.uk\/product\/al-fakher-crown-bar-20000-puffs-mango-pineapple-mango-und-ananas-tropischer-genuss\/\",\"url\":\"https:\/\/fumot.uk\/product\/al-fakher-crown-bar-20000-puffs-mango-pineapple-mango-und-ananas-tropischer-genuss\/\",\"name\":\"AL FAKHER Crown Bar 20000 Puffs Mango Pineapple\",\"isPartOf\":{\"@id\":\"https:\/\/fumot.uk\/#website\"},\"primaryImageOfPage\":{\"@id\":\"https:\/\/fumot.uk\/product\/al-fakher-crown-bar-20000-puffs-mango-pineapple-mango-und-ananas-tropischer-genuss\/#primaryimage\"},\"image\":{\"@id\":\"https:\/\/fumot.uk\/product\/al-fakher-crown-bar-20000-puffs-mango-pineapple-mango-und-ananas-tropischer-genuss\/#primaryimage\"},\"thumbnailUrl\":\"https:\/\/fumot.uk\/wp-content\/uploads\/2026\/01\/AL-FAKHER-CROWN-BAR-20000-Puffs-Mango-Pineapple-Disposable-Vape-scaled-1.png\",\"datePublished\":\"2026-01-21T04:04:33+00:00\",\"dateModified\":\"2026-01-21T09:12:50+00:00\",\"description\":\"Mango Pineapple AL FAKHER Crown Bar 20000 Puffs: 20ml, 850mAh USB\u2011C rechargeable, 0.6\u03a9 mesh coil, LED display & adjustable airflow. Nicotine 0\/2\/3\/5%.\",\"breadcrumb\":{\"@id\":\"https:\/\/fumot.uk\/product\/al-fakher-crown-bar-20000-puffs-mango-pineapple-mango-und-ananas-tropischer-genuss\/#breadcrumb\"},\"inLanguage\":\"it-IT\",\"potentialAction\":[{\"@type\":\"ReadAction\",\"target\":[\"https:\/\/fumot.uk\/product\/al-fakher-crown-bar-20000-puffs-mango-pineapple-mango-und-ananas-tropischer-genuss\/\"]}]},{\"@type\":\"ImageObject\",\"inLanguage\":\"it-IT\",\"@id\":\"https:\/\/fumot.uk\/product\/al-fakher-crown-bar-20000-puffs-mango-pineapple-mango-und-ananas-tropischer-genuss\/#primaryimage\",\"url\":\"https:\/\/fumot.uk\/wp-content\/uploads\/2026\/01\/AL-FAKHER-CROWN-BAR-20000-Puffs-Mango-Pineapple-Disposable-Vape-scaled-1.png\",\"contentUrl\":\"https:\/\/fumot.uk\/wp-content\/uploads\/2026\/01\/AL-FAKHER-CROWN-BAR-20000-Puffs-Mango-Pineapple-Disposable-Vape-scaled-1.png\",\"width\":2560,\"height\":2560},{\"@type\":\"BreadcrumbList\",\"@id\":\"https:\/\/fumot.uk\/product\/al-fakher-crown-bar-20000-puffs-mango-pineapple-mango-und-ananas-tropischer-genuss\/#breadcrumb\",\"itemListElement\":[{\"@type\":\"ListItem\",\"position\":1,\"name\":\"Home\",\"item\":\"https:\/\/fumot.uk\/\"},{\"@type\":\"ListItem\",\"position\":2,\"name\":\"Shop\",\"item\":\"https:\/\/fumot.uk\/shop\/\"},{\"@type\":\"ListItem\",\"position\":3,\"name\":\"AL FAKHER Crown Bar 20000 Puffs Mango Pineapple Disposable Vape \u2013 20ml, Adjustable Airflow, LED Display, USB\u2011C Rechargeable\"}]},{\"@type\":\"WebSite\",\"@id\":\"https:\/\/fumot.uk\/#website\",\"url\":\"https:\/\/fumot.uk\/\",\"name\":\"Fumot Official Direct | Straight from the Factory, 100% Genuine\",\"description\":\"Official Website\",\"publisher\":{\"@id\":\"https:\/\/fumot.uk\/#organization\"},\"potentialAction\":[{\"@type\":\"SearchAction\",\"target\":{\"@type\":\"EntryPoint\",\"urlTemplate\":\"https:\/\/fumot.uk\/?s={search_term_string}\"},\"query-input\":{\"@type\":\"PropertyValueSpecification\",\"valueRequired\":true,\"valueName\":\"search_term_string\"}}],\"inLanguage\":\"it-IT\"},{\"@type\":\"Organization\",\"@id\":\"https:\/\/fumot.uk\/#organization\",\"name\":\"Fumot Official Direct | Straight from the Factory, 100% Genuine\",\"url\":\"https:\/\/fumot.uk\/\",\"logo\":{\"@type\":\"ImageObject\",\"inLanguage\":\"it-IT\",\"@id\":\"https:\/\/fumot.uk\/#\/schema\/logo\/image\/\",\"url\":\"https:\/\/fumot.uk\/wp-content\/uploads\/2026\/01\/cropped-fumot-logo1.png\",\"contentUrl\":\"https:\/\/fumot.uk\/wp-content\/uploads\/2026\/01\/cropped-fumot-logo1.png\",\"width\":152,\"height\":106,\"caption\":\"Fumot Official Direct | Straight from the Factory, 100% Genuine\"},\"image\":{\"@id\":\"https:\/\/fumot.uk\/#\/schema\/logo\/image\/\"}}]}<\/script>\n<!-- \/ Yoast SEO plugin. -->","yoast_head_json":{"title":"AL FAKHER Crown Bar 20000 Puffs Mango Ananas","description":"Mango Ananas AL FAKHER Crown Bar 20000 Puffs: 20ml, 850mAh USB\u2011C ricaricabile, bobina a rete 0.6\u03a9, display LED e flusso d'aria regolabile. Nicotina 0\/2\/3\/5%.","robots":{"index":"index","follow":"follow","max-snippet":"max-snippet:-1","max-image-preview":"max-image-preview:large","max-video-preview":"max-video-preview:-1"},"canonical":"https:\/\/fumot.uk\/it\/product\/al-fakher-crown-bar-20000-puffs-mango-pineapple-mango-und-ananas-tropischer-genuss\/","og_locale":"it_IT","og_type":"article","og_title":"AL FAKHER Crown Bar 20000 Puffs \u2013 Mango Pineapple","og_description":"Tropical Mango Pineapple flavour with 20ml e-liquid, USB\u2011C rechargeable 850mAh battery, LED display, mesh coil and adjustable airflow. Available on fumot.uk.","og_url":"https:\/\/fumot.uk\/it\/product\/al-fakher-crown-bar-20000-puffs-mango-pineapple-mango-und-ananas-tropischer-genuss\/","og_site_name":"Fumot Official Direct | Straight from the Factory, 100% Genuine","article_modified_time":"2026-01-21T09:12:50+00:00","og_image":[{"width":2560,"height":2560,"url":"https:\/\/fumot.uk\/wp-content\/uploads\/2026\/01\/AL-FAKHER-CROWN-BAR-20000-Puffs-Mango-Pineapple-Disposable-Vape-scaled-1.png","type":"image\/png"}],"twitter_card":"summary_large_image","twitter_misc":{"Tempo di lettura stimato":"1 minuto"},"schema":{"@context":"https:\/\/schema.org","@graph":[{"@type":"WebPage","@id":"https:\/\/fumot.uk\/product\/al-fakher-crown-bar-20000-puffs-mango-pineapple-mango-und-ananas-tropischer-genuss\/","url":"https:\/\/fumot.uk\/product\/al-fakher-crown-bar-20000-puffs-mango-pineapple-mango-und-ananas-tropischer-genuss\/","name":"AL FAKHER Crown Bar 20000 Puffs Mango Ananas","isPartOf":{"@id":"https:\/\/fumot.uk\/#website"},"primaryImageOfPage":{"@id":"https:\/\/fumot.uk\/product\/al-fakher-crown-bar-20000-puffs-mango-pineapple-mango-und-ananas-tropischer-genuss\/#primaryimage"},"image":{"@id":"https:\/\/fumot.uk\/product\/al-fakher-crown-bar-20000-puffs-mango-pineapple-mango-und-ananas-tropischer-genuss\/#primaryimage"},"thumbnailUrl":"https:\/\/fumot.uk\/wp-content\/uploads\/2026\/01\/AL-FAKHER-CROWN-BAR-20000-Puffs-Mango-Pineapple-Disposable-Vape-scaled-1.png","datePublished":"2026-01-21T04:04:33+00:00","dateModified":"2026-01-21T09:12:50+00:00","description":"Mango Ananas AL FAKHER Crown Bar 20000 Puffs: 20ml, 850mAh USB\u2011C ricaricabile, bobina a rete 0.6\u03a9, display LED e flusso d'aria regolabile. Nicotina 0\/2\/3\/5%.","breadcrumb":{"@id":"https:\/\/fumot.uk\/product\/al-fakher-crown-bar-20000-puffs-mango-pineapple-mango-und-ananas-tropischer-genuss\/#breadcrumb"},"inLanguage":"it-IT","potentialAction":[{"@type":"ReadAction","target":["https:\/\/fumot.uk\/product\/al-fakher-crown-bar-20000-puffs-mango-pineapple-mango-und-ananas-tropischer-genuss\/"]}]},{"@type":"ImageObject","inLanguage":"it-IT","@id":"https:\/\/fumot.uk\/product\/al-fakher-crown-bar-20000-puffs-mango-pineapple-mango-und-ananas-tropischer-genuss\/#primaryimage","url":"https:\/\/fumot.uk\/wp-content\/uploads\/2026\/01\/AL-FAKHER-CROWN-BAR-20000-Puffs-Mango-Pineapple-Disposable-Vape-scaled-1.png","contentUrl":"https:\/\/fumot.uk\/wp-content\/uploads\/2026\/01\/AL-FAKHER-CROWN-BAR-20000-Puffs-Mango-Pineapple-Disposable-Vape-scaled-1.png","width":2560,"height":2560},{"@type":"BreadcrumbList","@id":"https:\/\/fumot.uk\/product\/al-fakher-crown-bar-20000-puffs-mango-pineapple-mango-und-ananas-tropischer-genuss\/#breadcrumb","itemListElement":[{"@type":"ListItem","position":1,"name":"Home","item":"https:\/\/fumot.uk\/"},{"@type":"ListItem","position":2,"name":"Shop","item":"https:\/\/fumot.uk\/shop\/"},{"@type":"ListItem","position":3,"name":"AL FAKHER Crown Bar 20000 Puffs Mango Pineapple Disposable Vape \u2013 20ml, Adjustable Airflow, LED Display, USB\u2011C Rechargeable"}]},{"@type":"WebSite","@id":"https:\/\/fumot.uk\/#website","url":"https:\/\/fumot.uk\/","name":"Fumot Official Direct | Direttamente dalla Fabbrica, 100% Originale","description":"Sito Ufficiale","publisher":{"@id":"https:\/\/fumot.uk\/#organization"},"potentialAction":[{"@type":"SearchAction","target":{"@type":"EntryPoint","urlTemplate":"https:\/\/fumot.uk\/?s={search_term_string}"},"query-input":{"@type":"PropertyValueSpecification","valueRequired":true,"valueName":"search_term_string"}}],"inLanguage":"it-IT"},{"@type":"Organization","@id":"https:\/\/fumot.uk\/#organization","name":"Fumot Official Direct | Direttamente dalla Fabbrica, 100% Originale","url":"https:\/\/fumot.uk\/","logo":{"@type":"ImageObject","inLanguage":"it-IT","@id":"https:\/\/fumot.uk\/#\/schema\/logo\/image\/","url":"https:\/\/fumot.uk\/wp-content\/uploads\/2026\/01\/cropped-fumot-logo1.png","contentUrl":"https:\/\/fumot.uk\/wp-content\/uploads\/2026\/01\/cropped-fumot-logo1.png","width":152,"height":106,"caption":"Fumot Official Direct | Straight from the Factory, 100% Genuine"},"image":{"@id":"https:\/\/fumot.uk\/#\/schema\/logo\/image\/"}}]}},"_links":{"self":[{"href":"https:\/\/fumot.uk\/it\/wp-json\/wp\/v2\/product\/3800","targetHints":{"allow":["GET"]}}],"collection":[{"href":"https:\/\/fumot.uk\/it\/wp-json\/wp\/v2\/product"}],"about":[{"href":"https:\/\/fumot.uk\/it\/wp-json\/wp\/v2\/types\/product"}],"replies":[{"embeddable":true,"href":"https:\/\/fumot.uk\/it\/wp-json\/wp\/v2\/comments?post=3800"}],"wp:featuredmedia":[{"embeddable":true,"href":"https:\/\/fumot.uk\/it\/wp-json\/wp\/v2\/media\/3849"}],"wp:attachment":[{"href":"https:\/\/fumot.uk\/it\/wp-json\/wp\/v2\/media?parent=3800"}],"wp:term":[{"taxonomy":"product_brand","embeddable":true,"href":"https:\/\/fumot.uk\/it\/wp-json\/wp\/v2\/product_brand?post=3800"},{"taxonomy":"product_cat","embeddable":true,"href":"https:\/\/fumot.uk\/it\/wp-json\/wp\/v2\/product_cat?post=3800"},{"taxonomy":"product_tag","embeddable":true,"href":"https:\/\/fumot.uk\/it\/wp-json\/wp\/v2\/product_tag?post=3800"}],"curies":[{"name":"wp","href":"https:\/\/api.w.org\/{rel}","templated":true}]}}