{"id":3593,"date":"2026-01-20T10:14:16","date_gmt":"2026-01-20T10:14:16","guid":{"rendered":"https:\/\/fumot.uk\/?post_type=product&#038;p=3593"},"modified":"2026-01-21T01:26:03","modified_gmt":"2026-01-21T01:26:03","slug":"waspe-fw-30000-puffs-strawberry-raspberry-cherry","status":"publish","type":"product","link":"https:\/\/fumot.uk\/it\/product\/waspe-fw-30000-puffs-strawberry-raspberry-cherry\/","title":{"rendered":"WASPE FW-30000 Vape Usa e Getta (30.000 Puff) \u2013 Fragola Lampone Ciliegia, Display LED, Flusso d'Aria Regolabile"},"content":{"rendered":"<h2>WASPE FW-30000 Fragola Lampone Ciliegia (30.000 Puff)<\/h2>\n<p>Incontra una miscela di frutta brillante e stratificata progettata per uno svapo quotidiano e duraturo. <strong>Fragola Lampone Ciliegia<\/strong> si apre con una dolcezza di fragola morbida, si fonde in un vivace sapore di lampone e termina con una nota di ciliegia liscia che persiste senza risultare pesante. Abbinato alla costante produzione di vapore del FW-30000, ogni puff rimane pulito, saporito e soddisfacente.<\/p>\n<h3>Profilo Aromatico: Fragola \u00d7 Lampone \u00d7 Ciliegia<\/h3>\n<ul>\n<li><strong>Equilibrio dolce-acido<\/strong> per un gusto facile tutto il giorno<\/li>\n<li><strong>Stratificazione di frutta succosa<\/strong> che rimane chiara dal primo all'ultimo puff<\/li>\n<li><strong>Colpo in gola confortevole<\/strong> (varia in base alla forza della nicotina)<\/li>\n<\/ul>\n<h3>Perch\u00e9 Amerai il FW-30000<\/h3>\n<ul>\n<li><strong>Fino a 30.000 puff (Modalit\u00e0 regolare)<\/strong> per uso prolungato<\/li>\n<li><strong>Modalit\u00e0 impulso: fino a 15.000 puff<\/strong> per un tiro pi\u00f9 forte e intenso<\/li>\n<li><strong>Display LED Intelligente<\/strong> mostra lo stato della batteria e del liquido a colpo d'occhio<\/li>\n<li><strong>Flusso d'aria regolabile<\/strong> per regolare il tuo tiro<\/li>\n<li><strong>Doppia Bobina a Maglia (1\u03a9 + 1\u03a9)<\/strong> per un riscaldamento uniforme e un sapore morbido<\/li>\n<\/ul>\n<h3>Modalit\u00e0 &amp; Flusso d'Aria<\/h3>\n<p>Il controllo del flusso d'aria rotante ti permette di cambiare facilmente la tua esperienza:<\/p>\n<ul>\n<li><strong>Standard (Regolare)<\/strong>: fino a <strong>30.000 puff<\/strong>\u2014sapore equilibrato e prestazioni adatte all'uso quotidiano<\/li>\n<li><strong>Impulso<\/strong>: fino a <strong>15.000 puff<\/strong>\u2014pi\u00f9 intensit\u00e0 e un colpo in gola pi\u00f9 deciso<\/li>\n<\/ul>\n<h3>Specifiche (WASPE FW-30000)<\/h3>\n<ul>\n<li><strong>Puffs:<\/strong> Regolare fino a 30.000 \/ Impulso fino a 15.000<\/li>\n<li><strong>Capacit\u00e0 di e-liquid:<\/strong> 28ml<\/li>\n<li><strong>Bobina:<\/strong> Doppio Mesh 1\u03a9 + 1\u03a9<\/li>\n<li><strong>Gradi di nicotina:<\/strong> 0% \/ 2% \/ 5%<\/li>\n<li><strong>Batteria:<\/strong> 850mAh<\/li>\n<li><strong>Ricarica:<\/strong> USB Type-C (ricaricabile)<\/li>\n<li><strong>Caratteristiche:<\/strong> Display LED, flusso d'aria regolabile<\/li>\n<\/ul>\n<h3>Acquista con Fiducia su fumot.uk<\/h3>\n<p>Cerchi altre opzioni di lunga durata o sapori aggiuntivi? Sfoglia la nostra collezione su <a href=\"https:\/\/fumot.uk\/it\/\">fumot.uk<\/a> ed esplora di pi\u00f9 nella <a href=\"https:\/\/fumot.uk\/it\/product-category\/30000-puff\/\">categoria svapo da 30.000 puff.<\/a> WASPE FW-30000 Fragola Lampone Ciliegia (Fino a 30.000 Puff).<\/p>\n<p><strong>Prezzo:<\/strong> \u00a311.82<\/p>","protected":false},"excerpt":{"rendered":"<p>WASPE FW-30000 Vape monouso alla fragola lampone ciliegia con fino a 30.000 puff (Regolare), display LED, flusso d'aria regolabile, Dual Mesh Coil, 28ml di e-liquid e batteria ricaricabile Type\u2011C da 850mAh. Nicotina: 0%\/2%\/5%.<\/p>","protected":false},"featured_media":3636,"comment_status":"open","ping_status":"closed","template":"","meta":[],"product_brand":[],"product_cat":[125,17,187],"product_tag":[84,70,124,71,20,21,36,72,23,73,34,26,37,28],"class_list":{"0":"post-3593","1":"product","2":"type-product","3":"status-publish","4":"has-post-thumbnail","6":"product_cat-30000-puff","7":"product_cat-vape","8":"product_cat-waspe-fw-30000-puffs","9":"product_tag-0-nikotin","10":"product_tag-2-nikotin","11":"product_tag-28ml","12":"product_tag-5-nikotin","13":"product_tag-850mah","14":"product_tag-adjustable-airflow","15":"product_tag-cherry","16":"product_tag-direct-to-lung","17":"product_tag-display","18":"product_tag-dual-mesh","19":"product_tag-raspberry","20":"product_tag-rechargeable","21":"product_tag-strawberry","22":"product_tag-type-c","24":"first","25":"instock","26":"sale","27":"shipping-taxable","28":"purchasable","29":"product-type-variable","30":"has-default-attributes"},"yoast_head":"<!-- This site is optimized with the Yoast SEO plugin v26.8 - https:\/\/yoast.com\/product\/yoast-seo-wordpress\/ -->\n<title>WASPE FW-30000 Strawberry Raspberry Cherry | 30000 Puffs<\/title>\n<meta name=\"description\" content=\"WASPE FW-30000 Strawberry Raspberry Cherry: up to 30,000 puffs, 28ml, Dual Mesh Coil, LED display, adjustable airflow, 850mAh Type\u2011C rechargeable. 0\/2\/5%.\" \/>\n<meta name=\"robots\" content=\"index, follow, max-snippet:-1, max-image-preview:large, max-video-preview:-1\" \/>\n<link rel=\"canonical\" href=\"https:\/\/fumot.uk\/it\/product\/waspe-fw-30000-puffs-strawberry-raspberry-cherry\/\" \/>\n<meta property=\"og:locale\" content=\"it_IT\" \/>\n<meta property=\"og:type\" content=\"article\" \/>\n<meta property=\"og:title\" content=\"WASPE FW-30000 Strawberry Raspberry Cherry (Up to 30,000 Puffs)\" \/>\n<meta property=\"og:description\" content=\"Sweet strawberry, tangy raspberry, smooth cherry\u2014powered by Dual Mesh Coil, LED display &amp; adjustable airflow. 28ml, 850mAh Type\u2011C rechargeable. 0\/2\/5%.\" \/>\n<meta property=\"og:url\" content=\"https:\/\/fumot.uk\/it\/product\/waspe-fw-30000-puffs-strawberry-raspberry-cherry\/\" \/>\n<meta property=\"og:site_name\" content=\"Fumot Official Direct | Straight from the Factory, 100% Genuine\" \/>\n<meta property=\"article:modified_time\" content=\"2026-01-21T01:26:03+00:00\" \/>\n<meta property=\"og:image\" content=\"https:\/\/fumot.uk\/wp-content\/uploads\/2026\/01\/WASPE-FW-30000-PUFFS-Strawberry-Raspberry-Cherry-Disposable-Vape.jpg\" \/>\n\t<meta property=\"og:image:width\" content=\"1600\" \/>\n\t<meta property=\"og:image:height\" content=\"1600\" \/>\n\t<meta property=\"og:image:type\" content=\"image\/jpeg\" \/>\n<meta name=\"twitter:card\" content=\"summary_large_image\" \/>\n<meta name=\"twitter:label1\" content=\"Tempo di lettura stimato\" \/>\n\t<meta name=\"twitter:data1\" content=\"2 minuti\" \/>\n<script type=\"application\/ld+json\" class=\"yoast-schema-graph\">{\"@context\":\"https:\/\/schema.org\",\"@graph\":[{\"@type\":\"WebPage\",\"@id\":\"https:\/\/fumot.uk\/product\/waspe-fw-30000-puffs-strawberry-raspberry-cherry\/\",\"url\":\"https:\/\/fumot.uk\/product\/waspe-fw-30000-puffs-strawberry-raspberry-cherry\/\",\"name\":\"WASPE FW-30000 Strawberry Raspberry Cherry | 30000 Puffs\",\"isPartOf\":{\"@id\":\"https:\/\/fumot.uk\/#website\"},\"primaryImageOfPage\":{\"@id\":\"https:\/\/fumot.uk\/product\/waspe-fw-30000-puffs-strawberry-raspberry-cherry\/#primaryimage\"},\"image\":{\"@id\":\"https:\/\/fumot.uk\/product\/waspe-fw-30000-puffs-strawberry-raspberry-cherry\/#primaryimage\"},\"thumbnailUrl\":\"https:\/\/fumot.uk\/wp-content\/uploads\/2026\/01\/WASPE-FW-30000-PUFFS-Strawberry-Raspberry-Cherry-Disposable-Vape.jpg\",\"datePublished\":\"2026-01-20T10:14:16+00:00\",\"dateModified\":\"2026-01-21T01:26:03+00:00\",\"description\":\"WASPE FW-30000 Strawberry Raspberry Cherry: up to 30,000 puffs, 28ml, Dual Mesh Coil, LED display, adjustable airflow, 850mAh Type\u2011C rechargeable. 0\/2\/5%.\",\"breadcrumb\":{\"@id\":\"https:\/\/fumot.uk\/product\/waspe-fw-30000-puffs-strawberry-raspberry-cherry\/#breadcrumb\"},\"inLanguage\":\"it-IT\",\"potentialAction\":[{\"@type\":\"ReadAction\",\"target\":[\"https:\/\/fumot.uk\/product\/waspe-fw-30000-puffs-strawberry-raspberry-cherry\/\"]}]},{\"@type\":\"ImageObject\",\"inLanguage\":\"it-IT\",\"@id\":\"https:\/\/fumot.uk\/product\/waspe-fw-30000-puffs-strawberry-raspberry-cherry\/#primaryimage\",\"url\":\"https:\/\/fumot.uk\/wp-content\/uploads\/2026\/01\/WASPE-FW-30000-PUFFS-Strawberry-Raspberry-Cherry-Disposable-Vape.jpg\",\"contentUrl\":\"https:\/\/fumot.uk\/wp-content\/uploads\/2026\/01\/WASPE-FW-30000-PUFFS-Strawberry-Raspberry-Cherry-Disposable-Vape.jpg\",\"width\":1600,\"height\":1600},{\"@type\":\"BreadcrumbList\",\"@id\":\"https:\/\/fumot.uk\/product\/waspe-fw-30000-puffs-strawberry-raspberry-cherry\/#breadcrumb\",\"itemListElement\":[{\"@type\":\"ListItem\",\"position\":1,\"name\":\"Home\",\"item\":\"https:\/\/fumot.uk\/\"},{\"@type\":\"ListItem\",\"position\":2,\"name\":\"Shop\",\"item\":\"https:\/\/fumot.uk\/shop\/\"},{\"@type\":\"ListItem\",\"position\":3,\"name\":\"WASPE FW-30000 Disposable Vape (30,000 Puffs) \u2013 Strawberry Raspberry Cherry, LED Display, Adjustable Airflow\"}]},{\"@type\":\"WebSite\",\"@id\":\"https:\/\/fumot.uk\/#website\",\"url\":\"https:\/\/fumot.uk\/\",\"name\":\"Fumot Official Direct | Straight from the Factory, 100% Genuine\",\"description\":\"Official Website\",\"publisher\":{\"@id\":\"https:\/\/fumot.uk\/#organization\"},\"potentialAction\":[{\"@type\":\"SearchAction\",\"target\":{\"@type\":\"EntryPoint\",\"urlTemplate\":\"https:\/\/fumot.uk\/?s={search_term_string}\"},\"query-input\":{\"@type\":\"PropertyValueSpecification\",\"valueRequired\":true,\"valueName\":\"search_term_string\"}}],\"inLanguage\":\"it-IT\"},{\"@type\":\"Organization\",\"@id\":\"https:\/\/fumot.uk\/#organization\",\"name\":\"Fumot Official Direct | Straight from the Factory, 100% Genuine\",\"url\":\"https:\/\/fumot.uk\/\",\"logo\":{\"@type\":\"ImageObject\",\"inLanguage\":\"it-IT\",\"@id\":\"https:\/\/fumot.uk\/#\/schema\/logo\/image\/\",\"url\":\"https:\/\/fumot.uk\/wp-content\/uploads\/2026\/01\/cropped-fumot-logo1.png\",\"contentUrl\":\"https:\/\/fumot.uk\/wp-content\/uploads\/2026\/01\/cropped-fumot-logo1.png\",\"width\":152,\"height\":106,\"caption\":\"Fumot Official Direct | Straight from the Factory, 100% Genuine\"},\"image\":{\"@id\":\"https:\/\/fumot.uk\/#\/schema\/logo\/image\/\"}}]}<\/script>\n<!-- \/ Yoast SEO plugin. -->","yoast_head_json":{"title":"WASPE FW-30000 Fragola Lampone Ciliegia | 30000 Puffs","description":"WASPE FW-30000 Fragola Lampone Ciliegia: fino a 30.000 puff, 28ml, Doppia Resistenza a Rete, display LED, flusso d'aria regolabile, 850mAh ricaricabile Type\u2011C. 0\/2\/5%.","robots":{"index":"index","follow":"follow","max-snippet":"max-snippet:-1","max-image-preview":"max-image-preview:large","max-video-preview":"max-video-preview:-1"},"canonical":"https:\/\/fumot.uk\/it\/product\/waspe-fw-30000-puffs-strawberry-raspberry-cherry\/","og_locale":"it_IT","og_type":"article","og_title":"WASPE FW-30000 Strawberry Raspberry Cherry (Up to 30,000 Puffs)","og_description":"Sweet strawberry, tangy raspberry, smooth cherry\u2014powered by Dual Mesh Coil, LED display & adjustable airflow. 28ml, 850mAh Type\u2011C rechargeable. 0\/2\/5%.","og_url":"https:\/\/fumot.uk\/it\/product\/waspe-fw-30000-puffs-strawberry-raspberry-cherry\/","og_site_name":"Fumot Official Direct | Straight from the Factory, 100% Genuine","article_modified_time":"2026-01-21T01:26:03+00:00","og_image":[{"width":1600,"height":1600,"url":"https:\/\/fumot.uk\/wp-content\/uploads\/2026\/01\/WASPE-FW-30000-PUFFS-Strawberry-Raspberry-Cherry-Disposable-Vape.jpg","type":"image\/jpeg"}],"twitter_card":"summary_large_image","twitter_misc":{"Tempo di lettura stimato":"2 minuti"},"schema":{"@context":"https:\/\/schema.org","@graph":[{"@type":"WebPage","@id":"https:\/\/fumot.uk\/product\/waspe-fw-30000-puffs-strawberry-raspberry-cherry\/","url":"https:\/\/fumot.uk\/product\/waspe-fw-30000-puffs-strawberry-raspberry-cherry\/","name":"WASPE FW-30000 Fragola Lampone Ciliegia | 30000 Puffs","isPartOf":{"@id":"https:\/\/fumot.uk\/#website"},"primaryImageOfPage":{"@id":"https:\/\/fumot.uk\/product\/waspe-fw-30000-puffs-strawberry-raspberry-cherry\/#primaryimage"},"image":{"@id":"https:\/\/fumot.uk\/product\/waspe-fw-30000-puffs-strawberry-raspberry-cherry\/#primaryimage"},"thumbnailUrl":"https:\/\/fumot.uk\/wp-content\/uploads\/2026\/01\/WASPE-FW-30000-PUFFS-Strawberry-Raspberry-Cherry-Disposable-Vape.jpg","datePublished":"2026-01-20T10:14:16+00:00","dateModified":"2026-01-21T01:26:03+00:00","description":"WASPE FW-30000 Fragola Lampone Ciliegia: fino a 30.000 puff, 28ml, Doppia Resistenza a Rete, display LED, flusso d'aria regolabile, 850mAh ricaricabile Type\u2011C. 0\/2\/5%.","breadcrumb":{"@id":"https:\/\/fumot.uk\/product\/waspe-fw-30000-puffs-strawberry-raspberry-cherry\/#breadcrumb"},"inLanguage":"it-IT","potentialAction":[{"@type":"ReadAction","target":["https:\/\/fumot.uk\/product\/waspe-fw-30000-puffs-strawberry-raspberry-cherry\/"]}]},{"@type":"ImageObject","inLanguage":"it-IT","@id":"https:\/\/fumot.uk\/product\/waspe-fw-30000-puffs-strawberry-raspberry-cherry\/#primaryimage","url":"https:\/\/fumot.uk\/wp-content\/uploads\/2026\/01\/WASPE-FW-30000-PUFFS-Strawberry-Raspberry-Cherry-Disposable-Vape.jpg","contentUrl":"https:\/\/fumot.uk\/wp-content\/uploads\/2026\/01\/WASPE-FW-30000-PUFFS-Strawberry-Raspberry-Cherry-Disposable-Vape.jpg","width":1600,"height":1600},{"@type":"BreadcrumbList","@id":"https:\/\/fumot.uk\/product\/waspe-fw-30000-puffs-strawberry-raspberry-cherry\/#breadcrumb","itemListElement":[{"@type":"ListItem","position":1,"name":"Home","item":"https:\/\/fumot.uk\/"},{"@type":"ListItem","position":2,"name":"Shop","item":"https:\/\/fumot.uk\/shop\/"},{"@type":"ListItem","position":3,"name":"WASPE FW-30000 Disposable Vape (30,000 Puffs) \u2013 Strawberry Raspberry Cherry, LED Display, Adjustable Airflow"}]},{"@type":"WebSite","@id":"https:\/\/fumot.uk\/#website","url":"https:\/\/fumot.uk\/","name":"Fumot Official Direct | Direttamente dalla Fabbrica, 100% Originale","description":"Sito Ufficiale","publisher":{"@id":"https:\/\/fumot.uk\/#organization"},"potentialAction":[{"@type":"SearchAction","target":{"@type":"EntryPoint","urlTemplate":"https:\/\/fumot.uk\/?s={search_term_string}"},"query-input":{"@type":"PropertyValueSpecification","valueRequired":true,"valueName":"search_term_string"}}],"inLanguage":"it-IT"},{"@type":"Organization","@id":"https:\/\/fumot.uk\/#organization","name":"Fumot Official Direct | Direttamente dalla Fabbrica, 100% Originale","url":"https:\/\/fumot.uk\/","logo":{"@type":"ImageObject","inLanguage":"it-IT","@id":"https:\/\/fumot.uk\/#\/schema\/logo\/image\/","url":"https:\/\/fumot.uk\/wp-content\/uploads\/2026\/01\/cropped-fumot-logo1.png","contentUrl":"https:\/\/fumot.uk\/wp-content\/uploads\/2026\/01\/cropped-fumot-logo1.png","width":152,"height":106,"caption":"Fumot Official Direct | Straight from the Factory, 100% Genuine"},"image":{"@id":"https:\/\/fumot.uk\/#\/schema\/logo\/image\/"}}]}},"_links":{"self":[{"href":"https:\/\/fumot.uk\/it\/wp-json\/wp\/v2\/product\/3593","targetHints":{"allow":["GET"]}}],"collection":[{"href":"https:\/\/fumot.uk\/it\/wp-json\/wp\/v2\/product"}],"about":[{"href":"https:\/\/fumot.uk\/it\/wp-json\/wp\/v2\/types\/product"}],"replies":[{"embeddable":true,"href":"https:\/\/fumot.uk\/it\/wp-json\/wp\/v2\/comments?post=3593"}],"wp:featuredmedia":[{"embeddable":true,"href":"https:\/\/fumot.uk\/it\/wp-json\/wp\/v2\/media\/3636"}],"wp:attachment":[{"href":"https:\/\/fumot.uk\/it\/wp-json\/wp\/v2\/media?parent=3593"}],"wp:term":[{"taxonomy":"product_brand","embeddable":true,"href":"https:\/\/fumot.uk\/it\/wp-json\/wp\/v2\/product_brand?post=3593"},{"taxonomy":"product_cat","embeddable":true,"href":"https:\/\/fumot.uk\/it\/wp-json\/wp\/v2\/product_cat?post=3593"},{"taxonomy":"product_tag","embeddable":true,"href":"https:\/\/fumot.uk\/it\/wp-json\/wp\/v2\/product_tag?post=3593"}],"curies":[{"name":"wp","href":"https:\/\/api.w.org\/{rel}","templated":true}]}}