{"id":3570,"date":"2026-01-20T10:13:51","date_gmt":"2026-01-20T10:13:51","guid":{"rendered":"https:\/\/fumot.uk\/?post_type=product&#038;p=3570"},"modified":"2026-01-20T10:15:44","modified_gmt":"2026-01-20T10:15:44","slug":"waspe-fw-30000-puffs-mixed-berry","status":"publish","type":"product","link":"https:\/\/fumot.uk\/it\/product\/waspe-fw-30000-puffs-mixed-berry\/","title":{"rendered":"WASPE FW-30000 PUFFS-Frutti di Bosco Misti"},"content":{"rendered":"<h4 data-start=\"64\" data-end=\"137\"><strong data-start=\"64\" data-end=\"135\">WASPE FW-30000 Bacche Miste: Fresco di bacche, intenso piacere di svapo<\/strong><\/h4>\n<p data-start=\"139\" data-end=\"569\">Goditi la perfetta miscela di aroma fruttato \u2013 <strong data-start=\"197\" data-end=\"214\">Misto <a href=\"https:\/\/ultravape.de\/product-tag\/berry\/\">Bacche<\/a><\/strong>, che si trasforma in un'esplosione di gusto dolce e leggermente acidulo in bocca. Ogni tiro offre un pieno sapore di bacche e un vapore morbido e fine, che convince sia nel gusto che offre un piacevole colpo alla gola. Sia per il piacere quotidiano che in movimento \u2013 questo aroma assicura un'esperienza di svapo rinfrescante e duratura.<\/p>\n<h4 data-start=\"563\" data-end=\"588\"><strong data-start=\"563\" data-end=\"586\">Caratteristiche speciali:<\/strong><\/h4>\n<p>1.Aroma fruttato intenso, dolce-acidulo equilibrato<br data-start=\"79\" data-end=\"82\" \/>2.Colpo alla gola morbido, gusto puro<strong data-start=\"82\" data-end=\"122\"><br \/>\n<\/strong><\/p>\n<h4 data-start=\"44\" data-end=\"142\"><strong data-start=\"44\" data-end=\"140\">WASPE FW-30000 Sigaretta elettronica: Display intelligente \u00d7 Dual Mesh Coil \u00d7 Flusso d'aria regolabile<\/strong><\/h4>\n<p data-start=\"144\" data-end=\"431\"><strong data-start=\"144\" data-end=\"173\">Display LED intelligente<\/strong><br data-start=\"173\" data-end=\"176\" \/>Il display LED mostra in qualsiasi momento il livello della batteria e del liquido, evitando cos\u00ec improvvisi guasti o serbatoi vuoti. In combinazione con la batteria da 850mAh e la ricarica rapida Type-C, garantisce una ricarica veloce, lunga durata della batteria e prestazioni stabili.<\/p>\n<p data-start=\"433\" data-end=\"515\"><strong data-start=\"433\" data-end=\"460\">Flusso d'aria regolabile<\/strong><br data-start=\"460\" data-end=\"463\" \/>Il regolatore del flusso d'aria rotante permette due modalit\u00e0:<\/p>\n<ul data-start=\"516\" data-end=\"669\">\n<li data-start=\"516\" data-end=\"588\">\n<p data-start=\"518\" data-end=\"588\"><strong data-start=\"518\" data-end=\"535\">Modalit\u00e0 standard<\/strong>: 30000 tiri, ideale per il piacere quotidiano di svapo.<\/p>\n<\/li>\n<li data-start=\"589\" data-end=\"669\">\n<p data-start=\"591\" data-end=\"669\"><strong data-start=\"591\" data-end=\"606\">Modalit\u00e0 Pulse<\/strong>: 15000 tiri, gusto intenso e colpo alla gola pi\u00f9 forte.<\/p>\n<\/li>\n<\/ul>\n<p><strong>Doppia bobina a maglia<\/strong><br data-start=\"689\" data-end=\"692\" \/>La Dual Mesh Coil 1\u03a9 + 1\u03a9 assicura un riscaldamento uniforme, vapore denso e gusto puro. Con il serbatoio grande da 28ml si pu\u00f2 svapare a lungo. Sono disponibili livelli di nicotina di 0%, 2% e 5%, adatti sia per principianti che per svapatori esperti.<\/p>\n<h4 data-start=\"671\" data-end=\"946\"><strong data-start=\"671\" data-end=\"689\">Propriet\u00e0 fondamentali\uff1a<\/strong><\/h4>\n<p>Regolare: 30000 tiri<br \/>\nPulse: 15000 tiri<br \/>\nDual Mesh Coil: 1ohm+1ohm<br \/>\nE-liquid:28ml<br \/>\nNicotina<strong>:<\/strong>0%\/2%\/5%<br \/>\nBatteria:850mah<br \/>\nFlusso d'aria regolabile<br \/>\nRicaricabile:Type-C<br \/>\nDisplay LED<\/p>\n<p>Scopri su <a href=\"http:\/\/ultravape.de\/\"><strong data-start=\"47\" data-end=\"63\">ultravape.de<\/strong><\/a> una vasta gamma di sigarette elettroniche di alta qualit\u00e0. Ti offriamo un servizio eccellente e prodotti top per un'esperienza di svapo di prima classe.<\/p>\n<p><strong data-start=\"82\" data-end=\"122\">\u00a0<\/strong><\/p>","protected":false},"excerpt":{"rendered":"<p>WASPE FW-30000 Mixed Berries: Frutti di bosco freschi e intensi Goditi la perfetta combinazione di aroma fruttato \u2013 Mixed Berries, che si trasforma in un'esplosione di sapore dolce e leggermente acidulo in bocca. Ogni tiro offre un pieno sapore di frutti di bosco e un vapore morbido e fine, che convince sia per il gusto che per un piacevole colpo in gola. Che sia per il piacere quotidiano o [\u2026]<\/p>","protected":false},"featured_media":3614,"comment_status":"open","ping_status":"closed","template":"","meta":[],"product_brand":[],"product_cat":[125,17,187],"product_tag":[84,70,124,71,20,21,72,23,73,79,26,28],"class_list":{"0":"post-3570","1":"product","2":"type-product","3":"status-publish","4":"has-post-thumbnail","6":"product_cat-30000-puff","7":"product_cat-vape","8":"product_cat-waspe-fw-30000-puffs","9":"product_tag-0-nikotin","10":"product_tag-2-nikotin","11":"product_tag-28ml","12":"product_tag-5-nikotin","13":"product_tag-850mah","14":"product_tag-adjustable-airflow","15":"product_tag-direct-to-lung","16":"product_tag-display","17":"product_tag-dual-mesh","18":"product_tag-mixed-berries","19":"product_tag-rechargeable","20":"product_tag-type-c","22":"first","23":"instock","24":"sale","25":"shipping-taxable","26":"purchasable","27":"product-type-variable","28":"has-default-attributes"},"yoast_head":"<!-- This site is optimized with the Yoast SEO plugin v26.8 - https:\/\/yoast.com\/product\/yoast-seo-wordpress\/ -->\n<title>WASPE FW-30000 PUFFS-Mixed Berry - Fumot Official Direct | Straight from the Factory, 100% Genuine<\/title>\n<meta name=\"robots\" content=\"index, follow, max-snippet:-1, max-image-preview:large, max-video-preview:-1\" \/>\n<link rel=\"canonical\" href=\"https:\/\/fumot.uk\/it\/product\/waspe-fw-30000-puffs-mixed-berry\/\" \/>\n<meta property=\"og:locale\" content=\"it_IT\" \/>\n<meta property=\"og:type\" content=\"article\" \/>\n<meta property=\"og:title\" content=\"WASPE FW-30000 PUFFS-Mixed Berry - Fumot Official Direct | Straight from the Factory, 100% Genuine\" \/>\n<meta property=\"og:description\" content=\"WASPE FW-30000 Mixed Berries: Beerig-frisch, intensiver Dampfgenuss Genie\u00dfen Sie die perfekte Mischung aus fruchtigem Aroma \u2013 Mixed Berries, das sich zu einer s\u00fc\u00dfen und leicht s\u00e4uerlichen Geschmacksexplosion im Mund entfaltet. Jeder Zug liefert vollen Beerengeschmack und sanften, feinen Dampf, der sowohl geschmacklich \u00fcberzeugt als auch einen angenehmen Throat-Hit bietet. Ob f\u00fcr den t\u00e4glichen Genuss oder [&hellip;]\" \/>\n<meta property=\"og:url\" content=\"https:\/\/fumot.uk\/it\/product\/waspe-fw-30000-puffs-mixed-berry\/\" \/>\n<meta property=\"og:site_name\" content=\"Fumot Official Direct | Straight from the Factory, 100% Genuine\" \/>\n<meta property=\"article:modified_time\" content=\"2026-01-20T10:15:44+00:00\" \/>\n<meta property=\"og:image\" content=\"https:\/\/fumot.uk\/wp-content\/uploads\/2026\/01\/Mixed-Berry-WASPE-FW-30000-PUFFS-Disposable-Vape.jpg\" \/>\n\t<meta property=\"og:image:width\" content=\"1600\" \/>\n\t<meta property=\"og:image:height\" content=\"1600\" \/>\n\t<meta property=\"og:image:type\" content=\"image\/jpeg\" \/>\n<meta name=\"twitter:card\" content=\"summary_large_image\" \/>\n<meta name=\"twitter:label1\" content=\"Tempo di lettura stimato\" \/>\n\t<meta name=\"twitter:data1\" content=\"2 minuti\" \/>\n<script type=\"application\/ld+json\" class=\"yoast-schema-graph\">{\"@context\":\"https:\/\/schema.org\",\"@graph\":[{\"@type\":\"WebPage\",\"@id\":\"https:\/\/fumot.uk\/product\/waspe-fw-30000-puffs-mixed-berry\/\",\"url\":\"https:\/\/fumot.uk\/product\/waspe-fw-30000-puffs-mixed-berry\/\",\"name\":\"WASPE FW-30000 PUFFS-Mixed Berry - Fumot Official Direct | Straight from the Factory, 100% Genuine\",\"isPartOf\":{\"@id\":\"https:\/\/fumot.uk\/#website\"},\"primaryImageOfPage\":{\"@id\":\"https:\/\/fumot.uk\/product\/waspe-fw-30000-puffs-mixed-berry\/#primaryimage\"},\"image\":{\"@id\":\"https:\/\/fumot.uk\/product\/waspe-fw-30000-puffs-mixed-berry\/#primaryimage\"},\"thumbnailUrl\":\"https:\/\/fumot.uk\/wp-content\/uploads\/2026\/01\/Mixed-Berry-WASPE-FW-30000-PUFFS-Disposable-Vape.jpg\",\"datePublished\":\"2026-01-20T10:13:51+00:00\",\"dateModified\":\"2026-01-20T10:15:44+00:00\",\"breadcrumb\":{\"@id\":\"https:\/\/fumot.uk\/product\/waspe-fw-30000-puffs-mixed-berry\/#breadcrumb\"},\"inLanguage\":\"it-IT\",\"potentialAction\":[{\"@type\":\"ReadAction\",\"target\":[\"https:\/\/fumot.uk\/product\/waspe-fw-30000-puffs-mixed-berry\/\"]}]},{\"@type\":\"ImageObject\",\"inLanguage\":\"it-IT\",\"@id\":\"https:\/\/fumot.uk\/product\/waspe-fw-30000-puffs-mixed-berry\/#primaryimage\",\"url\":\"https:\/\/fumot.uk\/wp-content\/uploads\/2026\/01\/Mixed-Berry-WASPE-FW-30000-PUFFS-Disposable-Vape.jpg\",\"contentUrl\":\"https:\/\/fumot.uk\/wp-content\/uploads\/2026\/01\/Mixed-Berry-WASPE-FW-30000-PUFFS-Disposable-Vape.jpg\",\"width\":1600,\"height\":1600},{\"@type\":\"BreadcrumbList\",\"@id\":\"https:\/\/fumot.uk\/product\/waspe-fw-30000-puffs-mixed-berry\/#breadcrumb\",\"itemListElement\":[{\"@type\":\"ListItem\",\"position\":1,\"name\":\"Home\",\"item\":\"https:\/\/fumot.uk\/\"},{\"@type\":\"ListItem\",\"position\":2,\"name\":\"Shop\",\"item\":\"https:\/\/fumot.uk\/shop\/\"},{\"@type\":\"ListItem\",\"position\":3,\"name\":\"WASPE FW-30000 PUFFS-Mixed Berry\"}]},{\"@type\":\"WebSite\",\"@id\":\"https:\/\/fumot.uk\/#website\",\"url\":\"https:\/\/fumot.uk\/\",\"name\":\"Fumot Official Direct | Straight from the Factory, 100% Genuine\",\"description\":\"Official Website\",\"publisher\":{\"@id\":\"https:\/\/fumot.uk\/#organization\"},\"potentialAction\":[{\"@type\":\"SearchAction\",\"target\":{\"@type\":\"EntryPoint\",\"urlTemplate\":\"https:\/\/fumot.uk\/?s={search_term_string}\"},\"query-input\":{\"@type\":\"PropertyValueSpecification\",\"valueRequired\":true,\"valueName\":\"search_term_string\"}}],\"inLanguage\":\"it-IT\"},{\"@type\":\"Organization\",\"@id\":\"https:\/\/fumot.uk\/#organization\",\"name\":\"Fumot Official Direct | Straight from the Factory, 100% Genuine\",\"url\":\"https:\/\/fumot.uk\/\",\"logo\":{\"@type\":\"ImageObject\",\"inLanguage\":\"it-IT\",\"@id\":\"https:\/\/fumot.uk\/#\/schema\/logo\/image\/\",\"url\":\"https:\/\/fumot.uk\/wp-content\/uploads\/2026\/01\/cropped-fumot-logo1.png\",\"contentUrl\":\"https:\/\/fumot.uk\/wp-content\/uploads\/2026\/01\/cropped-fumot-logo1.png\",\"width\":152,\"height\":106,\"caption\":\"Fumot Official Direct | Straight from the Factory, 100% Genuine\"},\"image\":{\"@id\":\"https:\/\/fumot.uk\/#\/schema\/logo\/image\/\"}}]}<\/script>\n<!-- \/ Yoast SEO plugin. -->","yoast_head_json":{"title":"WASPE FW-30000 PUFFS-Mixed Berry - Fumot Official Direct | Direttamente dalla Fabbrica, 100% Originale","robots":{"index":"index","follow":"follow","max-snippet":"max-snippet:-1","max-image-preview":"max-image-preview:large","max-video-preview":"max-video-preview:-1"},"canonical":"https:\/\/fumot.uk\/it\/product\/waspe-fw-30000-puffs-mixed-berry\/","og_locale":"it_IT","og_type":"article","og_title":"WASPE FW-30000 PUFFS-Mixed Berry - Fumot Official Direct | Straight from the Factory, 100% Genuine","og_description":"WASPE FW-30000 Mixed Berries: Beerig-frisch, intensiver Dampfgenuss Genie\u00dfen Sie die perfekte Mischung aus fruchtigem Aroma \u2013 Mixed Berries, das sich zu einer s\u00fc\u00dfen und leicht s\u00e4uerlichen Geschmacksexplosion im Mund entfaltet. Jeder Zug liefert vollen Beerengeschmack und sanften, feinen Dampf, der sowohl geschmacklich \u00fcberzeugt als auch einen angenehmen Throat-Hit bietet. Ob f\u00fcr den t\u00e4glichen Genuss oder [&hellip;]","og_url":"https:\/\/fumot.uk\/it\/product\/waspe-fw-30000-puffs-mixed-berry\/","og_site_name":"Fumot Official Direct | Straight from the Factory, 100% Genuine","article_modified_time":"2026-01-20T10:15:44+00:00","og_image":[{"width":1600,"height":1600,"url":"https:\/\/fumot.uk\/wp-content\/uploads\/2026\/01\/Mixed-Berry-WASPE-FW-30000-PUFFS-Disposable-Vape.jpg","type":"image\/jpeg"}],"twitter_card":"summary_large_image","twitter_misc":{"Tempo di lettura stimato":"2 minuti"},"schema":{"@context":"https:\/\/schema.org","@graph":[{"@type":"WebPage","@id":"https:\/\/fumot.uk\/product\/waspe-fw-30000-puffs-mixed-berry\/","url":"https:\/\/fumot.uk\/product\/waspe-fw-30000-puffs-mixed-berry\/","name":"WASPE FW-30000 PUFFS-Mixed Berry - Fumot Official Direct | Direttamente dalla Fabbrica, 100% Originale","isPartOf":{"@id":"https:\/\/fumot.uk\/#website"},"primaryImageOfPage":{"@id":"https:\/\/fumot.uk\/product\/waspe-fw-30000-puffs-mixed-berry\/#primaryimage"},"image":{"@id":"https:\/\/fumot.uk\/product\/waspe-fw-30000-puffs-mixed-berry\/#primaryimage"},"thumbnailUrl":"https:\/\/fumot.uk\/wp-content\/uploads\/2026\/01\/Mixed-Berry-WASPE-FW-30000-PUFFS-Disposable-Vape.jpg","datePublished":"2026-01-20T10:13:51+00:00","dateModified":"2026-01-20T10:15:44+00:00","breadcrumb":{"@id":"https:\/\/fumot.uk\/product\/waspe-fw-30000-puffs-mixed-berry\/#breadcrumb"},"inLanguage":"it-IT","potentialAction":[{"@type":"ReadAction","target":["https:\/\/fumot.uk\/product\/waspe-fw-30000-puffs-mixed-berry\/"]}]},{"@type":"ImageObject","inLanguage":"it-IT","@id":"https:\/\/fumot.uk\/product\/waspe-fw-30000-puffs-mixed-berry\/#primaryimage","url":"https:\/\/fumot.uk\/wp-content\/uploads\/2026\/01\/Mixed-Berry-WASPE-FW-30000-PUFFS-Disposable-Vape.jpg","contentUrl":"https:\/\/fumot.uk\/wp-content\/uploads\/2026\/01\/Mixed-Berry-WASPE-FW-30000-PUFFS-Disposable-Vape.jpg","width":1600,"height":1600},{"@type":"BreadcrumbList","@id":"https:\/\/fumot.uk\/product\/waspe-fw-30000-puffs-mixed-berry\/#breadcrumb","itemListElement":[{"@type":"ListItem","position":1,"name":"Home","item":"https:\/\/fumot.uk\/"},{"@type":"ListItem","position":2,"name":"Shop","item":"https:\/\/fumot.uk\/shop\/"},{"@type":"ListItem","position":3,"name":"WASPE FW-30000 PUFFS-Mixed Berry"}]},{"@type":"WebSite","@id":"https:\/\/fumot.uk\/#website","url":"https:\/\/fumot.uk\/","name":"Fumot Official Direct | Direttamente dalla Fabbrica, 100% Originale","description":"Sito Ufficiale","publisher":{"@id":"https:\/\/fumot.uk\/#organization"},"potentialAction":[{"@type":"SearchAction","target":{"@type":"EntryPoint","urlTemplate":"https:\/\/fumot.uk\/?s={search_term_string}"},"query-input":{"@type":"PropertyValueSpecification","valueRequired":true,"valueName":"search_term_string"}}],"inLanguage":"it-IT"},{"@type":"Organization","@id":"https:\/\/fumot.uk\/#organization","name":"Fumot Official Direct | Direttamente dalla Fabbrica, 100% Originale","url":"https:\/\/fumot.uk\/","logo":{"@type":"ImageObject","inLanguage":"it-IT","@id":"https:\/\/fumot.uk\/#\/schema\/logo\/image\/","url":"https:\/\/fumot.uk\/wp-content\/uploads\/2026\/01\/cropped-fumot-logo1.png","contentUrl":"https:\/\/fumot.uk\/wp-content\/uploads\/2026\/01\/cropped-fumot-logo1.png","width":152,"height":106,"caption":"Fumot Official Direct | Straight from the Factory, 100% Genuine"},"image":{"@id":"https:\/\/fumot.uk\/#\/schema\/logo\/image\/"}}]}},"_links":{"self":[{"href":"https:\/\/fumot.uk\/it\/wp-json\/wp\/v2\/product\/3570","targetHints":{"allow":["GET"]}}],"collection":[{"href":"https:\/\/fumot.uk\/it\/wp-json\/wp\/v2\/product"}],"about":[{"href":"https:\/\/fumot.uk\/it\/wp-json\/wp\/v2\/types\/product"}],"replies":[{"embeddable":true,"href":"https:\/\/fumot.uk\/it\/wp-json\/wp\/v2\/comments?post=3570"}],"wp:featuredmedia":[{"embeddable":true,"href":"https:\/\/fumot.uk\/it\/wp-json\/wp\/v2\/media\/3614"}],"wp:attachment":[{"href":"https:\/\/fumot.uk\/it\/wp-json\/wp\/v2\/media?parent=3570"}],"wp:term":[{"taxonomy":"product_brand","embeddable":true,"href":"https:\/\/fumot.uk\/it\/wp-json\/wp\/v2\/product_brand?post=3570"},{"taxonomy":"product_cat","embeddable":true,"href":"https:\/\/fumot.uk\/it\/wp-json\/wp\/v2\/product_cat?post=3570"},{"taxonomy":"product_tag","embeddable":true,"href":"https:\/\/fumot.uk\/it\/wp-json\/wp\/v2\/product_tag?post=3570"}],"curies":[{"name":"wp","href":"https:\/\/api.w.org\/{rel}","templated":true}]}}