{"id":3377,"date":"2026-01-20T10:11:15","date_gmt":"2026-01-20T10:11:15","guid":{"rendered":"https:\/\/fumot.uk\/?post_type=product&#038;p=3377"},"modified":"2026-01-20T10:12:57","modified_gmt":"2026-01-20T10:12:57","slug":"watermelon-razz-rancher-vozol-rave-40000-puffs","status":"publish","type":"product","link":"https:\/\/fumot.uk\/it\/product\/watermelon-razz-rancher-vozol-rave-40000-puffs\/","title":{"rendered":"Anguria Razz Rancher-Vozol Rave 40000 Puffs"},"content":{"rendered":"<h3 data-start=\"0\" data-end=\"189\"><strong data-start=\"0\" data-end=\"189\">Vozol Rave 40000 Puffs Watermelon Razz Rancher: La perfetta fusione di dolce anguria e fresca lampone per un'esperienza di svapo unica e rinfrescante<\/strong><\/h3>\n<p data-start=\"191\" data-end=\"553\">Il<strong> Vozol Rave 40000 Puffs Watermelon Razz Rancher<\/strong> gusto combina la dolce freschezza dell'anguria con la vivace nota leggermente acidula dei lamponi. Ogni tiro sprigiona la dolce freschezza dell'anguria, che si fonde armoniosamente con la sfumatura frizzante del lampone, portando a un'esperienza di svapo rinfrescante e dal sapore unico.<\/p>\n<h4>Caratteristiche gustative:<\/h4>\n<ul>\n<li data-start=\"1266\" data-end=\"1455\">\n<p data-start=\"1268\" data-end=\"1455\"><strong data-start=\"587\" data-end=\"615\">Gusto di anguria:<\/strong> Il gusto dell'anguria \u00e8 dolce e rinfrescante, con un aroma fruttato naturale che non \u00e8 troppo dolce, ma offre una piacevole leggerezza \u2013 ideale per uno svapo estivo.<\/p>\n<\/li>\n<li data-start=\"1266\" data-end=\"1455\">\n<p data-start=\"1268\" data-end=\"1455\"><strong data-start=\"811\" data-end=\"833\">Gusto di lampone:<\/strong> Il lampone porta con s\u00e9 un'acidit\u00e0 rinfrescante, che \u00e8 in perfetto equilibrio con la dolcezza dell'anguria, e dona a questo gusto una freschezza vivace e frizzante.<\/p>\n<\/li>\n<li data-start=\"1266\" data-end=\"1455\">\n<p data-start=\"1268\" data-end=\"1455\"><strong data-start=\"1015\" data-end=\"1035\">Fusione perfetta:<\/strong> La combinazione di dolce anguria e lampone acidulo assicura un'esperienza gustativa armoniosa, che non \u00e8 n\u00e9 troppo intensa n\u00e9 troppo delicata \u2013 semplicemente perfettamente bilanciata.<\/p>\n<\/li>\n<li data-start=\"1266\" data-end=\"1455\"><strong data-start=\"1226\" data-end=\"1253\">Esperienza rinfrescante:<\/strong> Il gusto Vozol Rave 40K Puffs Watermelon Razz Rancher offre un'esperienza rinfrescante che ricorda il piacere di un frutto estivo. \u00c8 adatto sia per l'uso quotidiano che per momenti conviviali con amici.<\/li>\n<\/ul>\n<p data-start=\"1305\" data-end=\"1558\">Il <strong><a href=\"https:\/\/ultravape.de\/product-category\/vozol-rave-40000-puffs\/\">Vozol Rave 40K Puffs<\/a> Watermelon Razz Rancher<\/strong> Il gusto \u00e8 la scelta ideale per gli utenti che preferiscono aromi fruttati con una perfetta miscela di dolcezza e acidit\u00e0. \u00c8 la scelta perfetta per il piacere quotidiano o per incontri conviviali.<\/p>\n<h3>Vantaggi del Vozol Rave 40000 Puffs\uff1a<\/h3>\n<h4>1.Design innovativo con touchscreen a 270\u00b0<\/h4>\n<p data-start=\"112\" data-end=\"517\">Il Vozol Rave 40K Puffs \u00e8 dotato del primo touchscreen a 270\u00b0 al mondo, che rompe i design tradizionali e offre una maggiore area di visualizzazione e una migliore esperienza utente. Questa funzione consente non solo di controllare facilmente lo stato del dispositivo, ma sincronizza anche l'illuminazione con la musica e il vapore, per creare effetti luminosi impressionanti che arricchiscono l'atmosfera durante le occasioni conviviali.<\/p>\n<h4>2.Durata e modalit\u00e0 potenti<\/h4>\n<p>In modalit\u00e0 standard, il dispositivo offre una durata eccezionale di circa 40.000 tiri, soddisfacendo le aspettative di utilizzo a lungo termine. In modalit\u00e0 ad alte prestazioni, il numero di tiri si riduce a circa 25.000, ma assicura una maggiore produzione di vapore e un gusto pi\u00f9 intenso \u2013 ideale per gli utenti che preferiscono un'esperienza di svapo pi\u00f9 intensa.<\/p>\n<h4>3.Circolazione dell'aria e impostazioni di potenza personalizzabili<\/h4>\n<p>Il Vozol Rave 40K Puffs offre una circolazione dell'aria e opzioni di potenza regolabili individualmente, che consentono agli utenti di personalizzare l'esperienza di svapo secondo le proprie preferenze. Che si preferisca una densa nuvola di vapore o uno svapo delicato, \u00e8 possibile controllare facilmente la circolazione dell'aria e la potenza tramite il touchscreen.<\/p>\n<h4>4.Funzione di ricarica rapida efficiente USB Type-C<\/h4>\n<p>Con una <a href=\"https:\/\/ultravape.de\/product-tag\/1000-mah\/\">batteria da 1000mAh<\/a> e la funzione di ricarica USB Type-C, il Vozol Rave 40K Puffs \u00e8 rapidamente pronto all'uso. Grazie al tempo di ricarica veloce, il dispositivo pu\u00f2 essere utilizzato di nuovo dopo pochi minuti, garantendo un tempo di attesa minimo e permettendoti di goderti lo svapo in qualsiasi momento.<\/p>","protected":false},"excerpt":{"rendered":"<p>Vozol Rave 40000 Puffs Watermelon Razz Rancher: La perfetta fusione di dolce anguria e fresco lampone per un'esperienza di svapo unica e rinfrescante Il gusto Vozol Rave 40000 Puffs Watermelon Razz Rancher combina la dolce freschezza dell'anguria con la vivace nota leggermente acidula dei lamponi. Ogni tiro svela la dolce freschezza dell'anguria, che [\u2026]<\/p>","protected":false},"featured_media":3415,"comment_status":"open","ping_status":"closed","template":"","meta":[],"product_brand":[],"product_cat":[82,17,177],"product_tag":[174,21,47,72,23,73,26,27,28,32],"class_list":{"0":"post-3377","1":"product","2":"type-product","3":"status-publish","4":"has-post-thumbnail","6":"product_cat-40000-puff","7":"product_cat-vape","8":"product_cat-vozol-rave-40000-puffs","9":"product_tag-1000-mah","10":"product_tag-adjustable-airflow","11":"product_tag-candy","12":"product_tag-direct-to-lung","13":"product_tag-display","14":"product_tag-dual-mesh","15":"product_tag-rechargeable","16":"product_tag-rgb-light","17":"product_tag-type-c","18":"product_tag-watermelon","20":"first","21":"instock","22":"sale","23":"shipping-taxable","24":"purchasable","25":"product-type-variable","26":"has-default-attributes"},"yoast_head":"<!-- This site is optimized with the Yoast SEO plugin v26.8 - https:\/\/yoast.com\/product\/yoast-seo-wordpress\/ -->\n<title>Watermelon Razz Rancher-Vozol Rave 40000 Puffs - Fumot Official Direct | Straight from the Factory, 100% Genuine<\/title>\n<meta name=\"robots\" content=\"index, follow, max-snippet:-1, max-image-preview:large, max-video-preview:-1\" \/>\n<link rel=\"canonical\" href=\"https:\/\/fumot.uk\/it\/product\/watermelon-razz-rancher-vozol-rave-40000-puffs\/\" \/>\n<meta property=\"og:locale\" content=\"it_IT\" \/>\n<meta property=\"og:type\" content=\"article\" \/>\n<meta property=\"og:title\" content=\"Watermelon Razz Rancher-Vozol Rave 40000 Puffs - Fumot Official Direct | Straight from the Factory, 100% Genuine\" \/>\n<meta property=\"og:description\" content=\"Vozol Rave 40000 Puffs Watermelon Razz Rancher : Die perfekte Fusion von s\u00fc\u00dfem Wassermelonen- und frischem Himbeer f\u00fcr ein einzigartiges und erfrischendes Dampferlebnis Der Vozol Rave 40000 Puffs Watermelon Razz Rancher Geschmack kombiniert die s\u00fc\u00dfe Frische von Wassermelone mit der lebendigen, leicht s\u00e4uerlichen Note von Himbeeren. Jeder Zug entfaltet die s\u00fc\u00dfe Frische der Wassermelone, die [&hellip;]\" \/>\n<meta property=\"og:url\" content=\"https:\/\/fumot.uk\/it\/product\/watermelon-razz-rancher-vozol-rave-40000-puffs\/\" \/>\n<meta property=\"og:site_name\" content=\"Fumot Official Direct | Straight from the Factory, 100% Genuine\" \/>\n<meta property=\"article:modified_time\" content=\"2026-01-20T10:12:57+00:00\" \/>\n<meta property=\"og:image\" content=\"https:\/\/fumot.uk\/wp-content\/uploads\/2026\/01\/Watermelon-Razz-Rancher-Vozol-Rave-40000-Puffs-Disposable-Vape.png\" \/>\n\t<meta property=\"og:image:width\" content=\"1920\" \/>\n\t<meta property=\"og:image:height\" content=\"1920\" \/>\n\t<meta property=\"og:image:type\" content=\"image\/png\" \/>\n<meta name=\"twitter:card\" content=\"summary_large_image\" \/>\n<meta name=\"twitter:label1\" content=\"Tempo di lettura stimato\" \/>\n\t<meta name=\"twitter:data1\" content=\"3 minuti\" \/>\n<script type=\"application\/ld+json\" class=\"yoast-schema-graph\">{\"@context\":\"https:\/\/schema.org\",\"@graph\":[{\"@type\":\"WebPage\",\"@id\":\"https:\/\/fumot.uk\/product\/watermelon-razz-rancher-vozol-rave-40000-puffs\/\",\"url\":\"https:\/\/fumot.uk\/product\/watermelon-razz-rancher-vozol-rave-40000-puffs\/\",\"name\":\"Watermelon Razz Rancher-Vozol Rave 40000 Puffs - Fumot Official Direct | Straight from the Factory, 100% Genuine\",\"isPartOf\":{\"@id\":\"https:\/\/fumot.uk\/#website\"},\"primaryImageOfPage\":{\"@id\":\"https:\/\/fumot.uk\/product\/watermelon-razz-rancher-vozol-rave-40000-puffs\/#primaryimage\"},\"image\":{\"@id\":\"https:\/\/fumot.uk\/product\/watermelon-razz-rancher-vozol-rave-40000-puffs\/#primaryimage\"},\"thumbnailUrl\":\"https:\/\/fumot.uk\/wp-content\/uploads\/2026\/01\/Watermelon-Razz-Rancher-Vozol-Rave-40000-Puffs-Disposable-Vape.png\",\"datePublished\":\"2026-01-20T10:11:15+00:00\",\"dateModified\":\"2026-01-20T10:12:57+00:00\",\"breadcrumb\":{\"@id\":\"https:\/\/fumot.uk\/product\/watermelon-razz-rancher-vozol-rave-40000-puffs\/#breadcrumb\"},\"inLanguage\":\"it-IT\",\"potentialAction\":[{\"@type\":\"ReadAction\",\"target\":[\"https:\/\/fumot.uk\/product\/watermelon-razz-rancher-vozol-rave-40000-puffs\/\"]}]},{\"@type\":\"ImageObject\",\"inLanguage\":\"it-IT\",\"@id\":\"https:\/\/fumot.uk\/product\/watermelon-razz-rancher-vozol-rave-40000-puffs\/#primaryimage\",\"url\":\"https:\/\/fumot.uk\/wp-content\/uploads\/2026\/01\/Watermelon-Razz-Rancher-Vozol-Rave-40000-Puffs-Disposable-Vape.png\",\"contentUrl\":\"https:\/\/fumot.uk\/wp-content\/uploads\/2026\/01\/Watermelon-Razz-Rancher-Vozol-Rave-40000-Puffs-Disposable-Vape.png\",\"width\":1920,\"height\":1920},{\"@type\":\"BreadcrumbList\",\"@id\":\"https:\/\/fumot.uk\/product\/watermelon-razz-rancher-vozol-rave-40000-puffs\/#breadcrumb\",\"itemListElement\":[{\"@type\":\"ListItem\",\"position\":1,\"name\":\"Home\",\"item\":\"https:\/\/fumot.uk\/\"},{\"@type\":\"ListItem\",\"position\":2,\"name\":\"Shop\",\"item\":\"https:\/\/fumot.uk\/shop\/\"},{\"@type\":\"ListItem\",\"position\":3,\"name\":\"Watermelon Razz Rancher-Vozol Rave 40000 Puffs\"}]},{\"@type\":\"WebSite\",\"@id\":\"https:\/\/fumot.uk\/#website\",\"url\":\"https:\/\/fumot.uk\/\",\"name\":\"Fumot Official Direct | Straight from the Factory, 100% Genuine\",\"description\":\"Official Website\",\"publisher\":{\"@id\":\"https:\/\/fumot.uk\/#organization\"},\"potentialAction\":[{\"@type\":\"SearchAction\",\"target\":{\"@type\":\"EntryPoint\",\"urlTemplate\":\"https:\/\/fumot.uk\/?s={search_term_string}\"},\"query-input\":{\"@type\":\"PropertyValueSpecification\",\"valueRequired\":true,\"valueName\":\"search_term_string\"}}],\"inLanguage\":\"it-IT\"},{\"@type\":\"Organization\",\"@id\":\"https:\/\/fumot.uk\/#organization\",\"name\":\"Fumot Official Direct | Straight from the Factory, 100% Genuine\",\"url\":\"https:\/\/fumot.uk\/\",\"logo\":{\"@type\":\"ImageObject\",\"inLanguage\":\"it-IT\",\"@id\":\"https:\/\/fumot.uk\/#\/schema\/logo\/image\/\",\"url\":\"https:\/\/fumot.uk\/wp-content\/uploads\/2026\/01\/cropped-fumot-logo1.png\",\"contentUrl\":\"https:\/\/fumot.uk\/wp-content\/uploads\/2026\/01\/cropped-fumot-logo1.png\",\"width\":152,\"height\":106,\"caption\":\"Fumot Official Direct | Straight from the Factory, 100% Genuine\"},\"image\":{\"@id\":\"https:\/\/fumot.uk\/#\/schema\/logo\/image\/\"}}]}<\/script>\n<!-- \/ Yoast SEO plugin. -->","yoast_head_json":{"title":"Watermelon Razz Rancher-Vozol Rave 40000 Puffs - Fumot Official Direct | Direttamente dalla Fabbrica, 100% Originale","robots":{"index":"index","follow":"follow","max-snippet":"max-snippet:-1","max-image-preview":"max-image-preview:large","max-video-preview":"max-video-preview:-1"},"canonical":"https:\/\/fumot.uk\/it\/product\/watermelon-razz-rancher-vozol-rave-40000-puffs\/","og_locale":"it_IT","og_type":"article","og_title":"Watermelon Razz Rancher-Vozol Rave 40000 Puffs - Fumot Official Direct | Straight from the Factory, 100% Genuine","og_description":"Vozol Rave 40000 Puffs Watermelon Razz Rancher : Die perfekte Fusion von s\u00fc\u00dfem Wassermelonen- und frischem Himbeer f\u00fcr ein einzigartiges und erfrischendes Dampferlebnis Der Vozol Rave 40000 Puffs Watermelon Razz Rancher Geschmack kombiniert die s\u00fc\u00dfe Frische von Wassermelone mit der lebendigen, leicht s\u00e4uerlichen Note von Himbeeren. Jeder Zug entfaltet die s\u00fc\u00dfe Frische der Wassermelone, die [&hellip;]","og_url":"https:\/\/fumot.uk\/it\/product\/watermelon-razz-rancher-vozol-rave-40000-puffs\/","og_site_name":"Fumot Official Direct | Straight from the Factory, 100% Genuine","article_modified_time":"2026-01-20T10:12:57+00:00","og_image":[{"width":1920,"height":1920,"url":"https:\/\/fumot.uk\/wp-content\/uploads\/2026\/01\/Watermelon-Razz-Rancher-Vozol-Rave-40000-Puffs-Disposable-Vape.png","type":"image\/png"}],"twitter_card":"summary_large_image","twitter_misc":{"Tempo di lettura stimato":"3 minuti"},"schema":{"@context":"https:\/\/schema.org","@graph":[{"@type":"WebPage","@id":"https:\/\/fumot.uk\/product\/watermelon-razz-rancher-vozol-rave-40000-puffs\/","url":"https:\/\/fumot.uk\/product\/watermelon-razz-rancher-vozol-rave-40000-puffs\/","name":"Watermelon Razz Rancher-Vozol Rave 40000 Puffs - Fumot Official Direct | Direttamente dalla Fabbrica, 100% Originale","isPartOf":{"@id":"https:\/\/fumot.uk\/#website"},"primaryImageOfPage":{"@id":"https:\/\/fumot.uk\/product\/watermelon-razz-rancher-vozol-rave-40000-puffs\/#primaryimage"},"image":{"@id":"https:\/\/fumot.uk\/product\/watermelon-razz-rancher-vozol-rave-40000-puffs\/#primaryimage"},"thumbnailUrl":"https:\/\/fumot.uk\/wp-content\/uploads\/2026\/01\/Watermelon-Razz-Rancher-Vozol-Rave-40000-Puffs-Disposable-Vape.png","datePublished":"2026-01-20T10:11:15+00:00","dateModified":"2026-01-20T10:12:57+00:00","breadcrumb":{"@id":"https:\/\/fumot.uk\/product\/watermelon-razz-rancher-vozol-rave-40000-puffs\/#breadcrumb"},"inLanguage":"it-IT","potentialAction":[{"@type":"ReadAction","target":["https:\/\/fumot.uk\/product\/watermelon-razz-rancher-vozol-rave-40000-puffs\/"]}]},{"@type":"ImageObject","inLanguage":"it-IT","@id":"https:\/\/fumot.uk\/product\/watermelon-razz-rancher-vozol-rave-40000-puffs\/#primaryimage","url":"https:\/\/fumot.uk\/wp-content\/uploads\/2026\/01\/Watermelon-Razz-Rancher-Vozol-Rave-40000-Puffs-Disposable-Vape.png","contentUrl":"https:\/\/fumot.uk\/wp-content\/uploads\/2026\/01\/Watermelon-Razz-Rancher-Vozol-Rave-40000-Puffs-Disposable-Vape.png","width":1920,"height":1920},{"@type":"BreadcrumbList","@id":"https:\/\/fumot.uk\/product\/watermelon-razz-rancher-vozol-rave-40000-puffs\/#breadcrumb","itemListElement":[{"@type":"ListItem","position":1,"name":"Home","item":"https:\/\/fumot.uk\/"},{"@type":"ListItem","position":2,"name":"Shop","item":"https:\/\/fumot.uk\/shop\/"},{"@type":"ListItem","position":3,"name":"Watermelon Razz Rancher-Vozol Rave 40000 Puffs"}]},{"@type":"WebSite","@id":"https:\/\/fumot.uk\/#website","url":"https:\/\/fumot.uk\/","name":"Fumot Official Direct | Direttamente dalla Fabbrica, 100% Originale","description":"Sito Ufficiale","publisher":{"@id":"https:\/\/fumot.uk\/#organization"},"potentialAction":[{"@type":"SearchAction","target":{"@type":"EntryPoint","urlTemplate":"https:\/\/fumot.uk\/?s={search_term_string}"},"query-input":{"@type":"PropertyValueSpecification","valueRequired":true,"valueName":"search_term_string"}}],"inLanguage":"it-IT"},{"@type":"Organization","@id":"https:\/\/fumot.uk\/#organization","name":"Fumot Official Direct | Direttamente dalla Fabbrica, 100% Originale","url":"https:\/\/fumot.uk\/","logo":{"@type":"ImageObject","inLanguage":"it-IT","@id":"https:\/\/fumot.uk\/#\/schema\/logo\/image\/","url":"https:\/\/fumot.uk\/wp-content\/uploads\/2026\/01\/cropped-fumot-logo1.png","contentUrl":"https:\/\/fumot.uk\/wp-content\/uploads\/2026\/01\/cropped-fumot-logo1.png","width":152,"height":106,"caption":"Fumot Official Direct | Straight from the Factory, 100% Genuine"},"image":{"@id":"https:\/\/fumot.uk\/#\/schema\/logo\/image\/"}}]}},"_links":{"self":[{"href":"https:\/\/fumot.uk\/it\/wp-json\/wp\/v2\/product\/3377","targetHints":{"allow":["GET"]}}],"collection":[{"href":"https:\/\/fumot.uk\/it\/wp-json\/wp\/v2\/product"}],"about":[{"href":"https:\/\/fumot.uk\/it\/wp-json\/wp\/v2\/types\/product"}],"replies":[{"embeddable":true,"href":"https:\/\/fumot.uk\/it\/wp-json\/wp\/v2\/comments?post=3377"}],"wp:featuredmedia":[{"embeddable":true,"href":"https:\/\/fumot.uk\/it\/wp-json\/wp\/v2\/media\/3415"}],"wp:attachment":[{"href":"https:\/\/fumot.uk\/it\/wp-json\/wp\/v2\/media?parent=3377"}],"wp:term":[{"taxonomy":"product_brand","embeddable":true,"href":"https:\/\/fumot.uk\/it\/wp-json\/wp\/v2\/product_brand?post=3377"},{"taxonomy":"product_cat","embeddable":true,"href":"https:\/\/fumot.uk\/it\/wp-json\/wp\/v2\/product_cat?post=3377"},{"taxonomy":"product_tag","embeddable":true,"href":"https:\/\/fumot.uk\/it\/wp-json\/wp\/v2\/product_tag?post=3377"}],"curies":[{"name":"wp","href":"https:\/\/api.w.org\/{rel}","templated":true}]}}