{"id":2990,"date":"2026-01-20T10:06:15","date_gmt":"2026-01-20T10:06:15","guid":{"rendered":"https:\/\/fumot.uk\/?post_type=product&#038;p=2990"},"modified":"2026-01-21T03:32:18","modified_gmt":"2026-01-21T03:32:18","slug":"waspe-triple-flavor-60000-puffs-strawberry-watermelon-strawberry-raspberry-candy-grape-ice","status":"publish","type":"product","link":"https:\/\/fumot.uk\/it\/product\/waspe-triple-flavor-60000-puffs-strawberry-watermelon-strawberry-raspberry-candy-grape-ice\/","title":{"rendered":"WASPE Triple Flavor 60000 Puffs Disposable Vape (54ml) \u2013 Fragola Anguria \/ Fragola Caramella Lampone \/ Ghiaccio Uva"},"content":{"rendered":"<h3>WASPE Triple Flavor 60000 Puffs \u2013 Tre sapori, un passaggio fluido<\/h3>\n<p><strong>WASPE Triplo Gusto 60000 Tiri (Fragola Anguria + Fragola Lampone Caramella + Ghiaccio d'Uva)<\/strong> \u00e8 una sigaretta elettronica usa e getta ad alta capacit\u00e0 progettata per gli amanti della variet\u00e0 che desiderano un tiro costante e un facile cambio di gusto. Costruita con <strong>tre bobine a rete separate da 0.9\u03a9<\/strong> e un semplice <strong>meccanismo a rotazione<\/strong> meccanismo, ti permette di ruotare tra i gusti senza cambiare dispositivo. Con un generoso <strong>capacit\u00e0 di e-liquid da 54ml<\/strong>, fino a <strong>60.000 puff<\/strong> (l'uso varia), un <strong>Batteria ricaricabile da 650mAh<\/strong>, e un chiaro <strong>display LED<\/strong>, \u00e8 fatta per la comodit\u00e0 quotidiana\u2014a casa, nei viaggi e mentre si viaggia.<\/p>\n<h4>Trio di Gusti: Frutta Vivace, Dolcezza di Caramella, Finale Ghiacciato<\/h4>\n<ul>\n<li><strong>Fragola Anguria<\/strong> \u2013 frutta succosa e fresca d'estate con un finale liscio e dolce.<\/li>\n<li><strong>Fragola Lampone Caramella<\/strong> \u2013 un mix giocoso di bacche con una dolcezza in stile caramella.<\/li>\n<li><strong>Grape Ice<\/strong> \u2013 ricche note di uva abbinate a un fresco e pulito brivido all'espirazione.<\/li>\n<\/ul>\n<p>Vuoi pi\u00f9 opzioni di frutta? Esplora le nostre scelte ispirate all'uva qui: <a href=\"https:\/\/fumot.uk\/it\/product-tag\/grape\/\">Sigarette elettroniche all'uva<\/a>.<\/p>\n<h4>Caratteristiche principali<\/h4>\n<ul>\n<li><strong>Interruttore di Gusto 3-in-1 Twist<\/strong> \u2013 ruota per cambiare gusto velocemente, ogni volta che il tuo gusto cambia.<\/li>\n<li><strong>Triple bobine a rete da 0.9\u03a9<\/strong> \u2013 tre bobine dedicate aiutano a mantenere il gusto chiaro e costante su tutti i profili.<\/li>\n<li><strong>Capacit\u00e0 di e-liquid di 54ml<\/strong> \u2013 costruito per un uso prolungato con meno sostituzioni.<\/li>\n<li><strong>Display LED<\/strong> \u2013 controlla il livello della batteria e del liquido a colpo d'occhio (vedi pi\u00f9 dispositivi di visualizzazione: <a href=\"https:\/\/fumot.uk\/it\/product-tag\/display\/\">Sigarette elettroniche con display LED<\/a>).<\/li>\n<li><strong>Ricaricabile Tipo-C (650mAh)<\/strong> \u2013 ricarica conveniente per prestazioni quotidiane costanti.<\/li>\n<\/ul>\n<h4>Specifiche<\/h4>\n<ul>\n<li><strong>Puffs:<\/strong> Fino a 60.000 (varia in base all'uso)<\/li>\n<li><strong>Sistema di Sapori:<\/strong> Triplo gusto (3-in-1)<\/li>\n<li><strong>Bobina:<\/strong> 0,9\u03a9 Mesh \u00d7 3 (Triplo Mesh)<\/li>\n<li><strong>Opzioni di nicotina:<\/strong> 54ml<\/li>\n<li><strong>Profilo croccante e succoso<\/strong> 0% \/ 2% \/ 3% \/ 5%<\/li>\n<li><strong>Batteria:<\/strong> 650mAh ricaricabile<\/li>\n<li><strong>Ricarica:<\/strong> Type-C<\/li>\n<li><strong>Display:<\/strong> LED (indicatore batteria + liquido)<\/li>\n<\/ul>\n<p><em>Nota: Il conteggio dei tiri e le prestazioni della batteria dipendono dalla lunghezza e dalla frequenza del tiro.<\/em><\/p>","protected":false},"excerpt":{"rendered":"<p>Passa tra tre gusti con un tocco: Fragola Anguria, Fragola Lampone Caramella e Ghiaccio all'Uva. 54ml, fino a 60.000 tiri, tripla bobina a rete da 0,9\u03a9, display LED e batteria ricaricabile da 650mAh di tipo C. Nicotina: 0\/2\/3\/5%.<\/p>","protected":false},"featured_media":3035,"comment_status":"open","ping_status":"closed","template":"","meta":[],"product_brand":[],"product_cat":[115,17,168],"product_tag":[117,131,47,23,39,26,62,37,118,169,28,32],"class_list":{"0":"post-2990","1":"product","2":"type-product","3":"status-publish","4":"has-post-thumbnail","6":"product_cat-60000-puff","7":"product_cat-vape","8":"product_cat-waspe-triple-flavor-60000-puffs","9":"product_tag-54ml","10":"product_tag-650mah","11":"product_tag-candy","12":"product_tag-display","13":"product_tag-grape","14":"product_tag-rechargeable","15":"product_tag-sale-vape","16":"product_tag-strawberry","17":"product_tag-triple-flavor","18":"product_tag-triple-mesh","19":"product_tag-type-c","20":"product_tag-watermelon","22":"first","23":"instock","24":"sale","25":"shipping-taxable","26":"purchasable","27":"product-type-variable","28":"has-default-attributes"},"yoast_head":"<!-- This site is optimized with the Yoast SEO plugin v26.8 - https:\/\/yoast.com\/product\/yoast-seo-wordpress\/ -->\n<title>WASPE Triple Flavor 60000 Puffs \u2013 3-in-1 Disposable Vape<\/title>\n<meta name=\"description\" content=\"WASPE Triple Flavor 60000 Puffs: 3-in-1 twist flavor switch, 54ml, triple 0.9\u03a9 mesh coils, LED display, Type-C rechargeable 650mAh. Nic: 0\/2\/3\/5%.\" \/>\n<meta name=\"robots\" content=\"index, follow, max-snippet:-1, max-image-preview:large, max-video-preview:-1\" \/>\n<link rel=\"canonical\" href=\"https:\/\/fumot.uk\/it\/product\/waspe-triple-flavor-60000-puffs-strawberry-watermelon-strawberry-raspberry-candy-grape-ice\/\" \/>\n<meta property=\"og:locale\" content=\"it_IT\" \/>\n<meta property=\"og:type\" content=\"article\" \/>\n<meta property=\"og:title\" content=\"WASPE 60000 Puffs 3-in-1 \u2013 Strawberry Watermelon, Candy &amp; Grape Ice\" \/>\n<meta property=\"og:description\" content=\"A 3-flavor disposable vape with twist switching, 54ml capacity, triple mesh coils, LED display, and Type-C rechargeable 650mAh battery. Nic: 0\/2\/3\/5%.\" \/>\n<meta property=\"og:url\" content=\"https:\/\/fumot.uk\/it\/product\/waspe-triple-flavor-60000-puffs-strawberry-watermelon-strawberry-raspberry-candy-grape-ice\/\" \/>\n<meta property=\"og:site_name\" content=\"Fumot Official Direct | Straight from the Factory, 100% Genuine\" \/>\n<meta property=\"article:modified_time\" content=\"2026-01-21T03:32:18+00:00\" \/>\n<meta property=\"og:image\" content=\"https:\/\/fumot.uk\/wp-content\/uploads\/2026\/01\/WASPE-3-IN-1-60000-PUFFS_Grape-Ice-Strawberry-Candy-Strawberry-Raspberry-Cherry-Disposable-Vape.jpg\" \/>\n\t<meta property=\"og:image:width\" content=\"1200\" \/>\n\t<meta property=\"og:image:height\" content=\"1200\" \/>\n\t<meta property=\"og:image:type\" content=\"image\/jpeg\" \/>\n<meta name=\"twitter:card\" content=\"summary_large_image\" \/>\n<meta name=\"twitter:label1\" content=\"Tempo di lettura stimato\" \/>\n\t<meta name=\"twitter:data1\" content=\"2 minuti\" \/>\n<script type=\"application\/ld+json\" class=\"yoast-schema-graph\">{\"@context\":\"https:\/\/schema.org\",\"@graph\":[{\"@type\":\"WebPage\",\"@id\":\"https:\/\/fumot.uk\/product\/waspe-triple-flavor-60000-puffs-strawberry-watermelon-strawberry-raspberry-candy-grape-ice\/\",\"url\":\"https:\/\/fumot.uk\/product\/waspe-triple-flavor-60000-puffs-strawberry-watermelon-strawberry-raspberry-candy-grape-ice\/\",\"name\":\"WASPE Triple Flavor 60000 Puffs \u2013 3-in-1 Disposable Vape\",\"isPartOf\":{\"@id\":\"https:\/\/fumot.uk\/#website\"},\"primaryImageOfPage\":{\"@id\":\"https:\/\/fumot.uk\/product\/waspe-triple-flavor-60000-puffs-strawberry-watermelon-strawberry-raspberry-candy-grape-ice\/#primaryimage\"},\"image\":{\"@id\":\"https:\/\/fumot.uk\/product\/waspe-triple-flavor-60000-puffs-strawberry-watermelon-strawberry-raspberry-candy-grape-ice\/#primaryimage\"},\"thumbnailUrl\":\"https:\/\/fumot.uk\/wp-content\/uploads\/2026\/01\/WASPE-3-IN-1-60000-PUFFS_Grape-Ice-Strawberry-Candy-Strawberry-Raspberry-Cherry-Disposable-Vape.jpg\",\"datePublished\":\"2026-01-20T10:06:15+00:00\",\"dateModified\":\"2026-01-21T03:32:18+00:00\",\"description\":\"WASPE Triple Flavor 60000 Puffs: 3-in-1 twist flavor switch, 54ml, triple 0.9\u03a9 mesh coils, LED display, Type-C rechargeable 650mAh. Nic: 0\/2\/3\/5%.\",\"breadcrumb\":{\"@id\":\"https:\/\/fumot.uk\/product\/waspe-triple-flavor-60000-puffs-strawberry-watermelon-strawberry-raspberry-candy-grape-ice\/#breadcrumb\"},\"inLanguage\":\"it-IT\",\"potentialAction\":[{\"@type\":\"ReadAction\",\"target\":[\"https:\/\/fumot.uk\/product\/waspe-triple-flavor-60000-puffs-strawberry-watermelon-strawberry-raspberry-candy-grape-ice\/\"]}]},{\"@type\":\"ImageObject\",\"inLanguage\":\"it-IT\",\"@id\":\"https:\/\/fumot.uk\/product\/waspe-triple-flavor-60000-puffs-strawberry-watermelon-strawberry-raspberry-candy-grape-ice\/#primaryimage\",\"url\":\"https:\/\/fumot.uk\/wp-content\/uploads\/2026\/01\/WASPE-3-IN-1-60000-PUFFS_Grape-Ice-Strawberry-Candy-Strawberry-Raspberry-Cherry-Disposable-Vape.jpg\",\"contentUrl\":\"https:\/\/fumot.uk\/wp-content\/uploads\/2026\/01\/WASPE-3-IN-1-60000-PUFFS_Grape-Ice-Strawberry-Candy-Strawberry-Raspberry-Cherry-Disposable-Vape.jpg\",\"width\":1200,\"height\":1200},{\"@type\":\"BreadcrumbList\",\"@id\":\"https:\/\/fumot.uk\/product\/waspe-triple-flavor-60000-puffs-strawberry-watermelon-strawberry-raspberry-candy-grape-ice\/#breadcrumb\",\"itemListElement\":[{\"@type\":\"ListItem\",\"position\":1,\"name\":\"Home\",\"item\":\"https:\/\/fumot.uk\/\"},{\"@type\":\"ListItem\",\"position\":2,\"name\":\"Shop\",\"item\":\"https:\/\/fumot.uk\/shop\/\"},{\"@type\":\"ListItem\",\"position\":3,\"name\":\"WASPE Triple Flavor 60000 Puffs Disposable Vape (54ml) \u2013 Strawberry Watermelon \/ Strawberry Raspberry Candy \/ Grape Ice\"}]},{\"@type\":\"WebSite\",\"@id\":\"https:\/\/fumot.uk\/#website\",\"url\":\"https:\/\/fumot.uk\/\",\"name\":\"Fumot Official Direct | Straight from the Factory, 100% Genuine\",\"description\":\"Official Website\",\"publisher\":{\"@id\":\"https:\/\/fumot.uk\/#organization\"},\"potentialAction\":[{\"@type\":\"SearchAction\",\"target\":{\"@type\":\"EntryPoint\",\"urlTemplate\":\"https:\/\/fumot.uk\/?s={search_term_string}\"},\"query-input\":{\"@type\":\"PropertyValueSpecification\",\"valueRequired\":true,\"valueName\":\"search_term_string\"}}],\"inLanguage\":\"it-IT\"},{\"@type\":\"Organization\",\"@id\":\"https:\/\/fumot.uk\/#organization\",\"name\":\"Fumot Official Direct | Straight from the Factory, 100% Genuine\",\"url\":\"https:\/\/fumot.uk\/\",\"logo\":{\"@type\":\"ImageObject\",\"inLanguage\":\"it-IT\",\"@id\":\"https:\/\/fumot.uk\/#\/schema\/logo\/image\/\",\"url\":\"https:\/\/fumot.uk\/wp-content\/uploads\/2026\/01\/cropped-fumot-logo1.png\",\"contentUrl\":\"https:\/\/fumot.uk\/wp-content\/uploads\/2026\/01\/cropped-fumot-logo1.png\",\"width\":152,\"height\":106,\"caption\":\"Fumot Official Direct | Straight from the Factory, 100% Genuine\"},\"image\":{\"@id\":\"https:\/\/fumot.uk\/#\/schema\/logo\/image\/\"}}]}<\/script>\n<!-- \/ Yoast SEO plugin. -->","yoast_head_json":{"title":"WASPE Triple Flavor 60000 Puffs \u2013 Vape usa e getta 3-in-1","description":"WASPE Triple Flavor 60000 Puffs: interruttore di sapore a 3-in-1 twist, 54ml, tripla bobina a rete da 0.9\u03a9, display LED, ricaricabile Type-C 650mAh. Nic: 0\/2\/3\/5%.","robots":{"index":"index","follow":"follow","max-snippet":"max-snippet:-1","max-image-preview":"max-image-preview:large","max-video-preview":"max-video-preview:-1"},"canonical":"https:\/\/fumot.uk\/it\/product\/waspe-triple-flavor-60000-puffs-strawberry-watermelon-strawberry-raspberry-candy-grape-ice\/","og_locale":"it_IT","og_type":"article","og_title":"WASPE 60000 Puffs 3-in-1 \u2013 Strawberry Watermelon, Candy & Grape Ice","og_description":"A 3-flavor disposable vape with twist switching, 54ml capacity, triple mesh coils, LED display, and Type-C rechargeable 650mAh battery. Nic: 0\/2\/3\/5%.","og_url":"https:\/\/fumot.uk\/it\/product\/waspe-triple-flavor-60000-puffs-strawberry-watermelon-strawberry-raspberry-candy-grape-ice\/","og_site_name":"Fumot Official Direct | Straight from the Factory, 100% Genuine","article_modified_time":"2026-01-21T03:32:18+00:00","og_image":[{"width":1200,"height":1200,"url":"https:\/\/fumot.uk\/wp-content\/uploads\/2026\/01\/WASPE-3-IN-1-60000-PUFFS_Grape-Ice-Strawberry-Candy-Strawberry-Raspberry-Cherry-Disposable-Vape.jpg","type":"image\/jpeg"}],"twitter_card":"summary_large_image","twitter_misc":{"Tempo di lettura stimato":"2 minuti"},"schema":{"@context":"https:\/\/schema.org","@graph":[{"@type":"WebPage","@id":"https:\/\/fumot.uk\/product\/waspe-triple-flavor-60000-puffs-strawberry-watermelon-strawberry-raspberry-candy-grape-ice\/","url":"https:\/\/fumot.uk\/product\/waspe-triple-flavor-60000-puffs-strawberry-watermelon-strawberry-raspberry-candy-grape-ice\/","name":"WASPE Triple Flavor 60000 Puffs \u2013 Vape usa e getta 3-in-1","isPartOf":{"@id":"https:\/\/fumot.uk\/#website"},"primaryImageOfPage":{"@id":"https:\/\/fumot.uk\/product\/waspe-triple-flavor-60000-puffs-strawberry-watermelon-strawberry-raspberry-candy-grape-ice\/#primaryimage"},"image":{"@id":"https:\/\/fumot.uk\/product\/waspe-triple-flavor-60000-puffs-strawberry-watermelon-strawberry-raspberry-candy-grape-ice\/#primaryimage"},"thumbnailUrl":"https:\/\/fumot.uk\/wp-content\/uploads\/2026\/01\/WASPE-3-IN-1-60000-PUFFS_Grape-Ice-Strawberry-Candy-Strawberry-Raspberry-Cherry-Disposable-Vape.jpg","datePublished":"2026-01-20T10:06:15+00:00","dateModified":"2026-01-21T03:32:18+00:00","description":"WASPE Triple Flavor 60000 Puffs: interruttore di sapore a 3-in-1 twist, 54ml, tripla bobina a rete da 0.9\u03a9, display LED, ricaricabile Type-C 650mAh. Nic: 0\/2\/3\/5%.","breadcrumb":{"@id":"https:\/\/fumot.uk\/product\/waspe-triple-flavor-60000-puffs-strawberry-watermelon-strawberry-raspberry-candy-grape-ice\/#breadcrumb"},"inLanguage":"it-IT","potentialAction":[{"@type":"ReadAction","target":["https:\/\/fumot.uk\/product\/waspe-triple-flavor-60000-puffs-strawberry-watermelon-strawberry-raspberry-candy-grape-ice\/"]}]},{"@type":"ImageObject","inLanguage":"it-IT","@id":"https:\/\/fumot.uk\/product\/waspe-triple-flavor-60000-puffs-strawberry-watermelon-strawberry-raspberry-candy-grape-ice\/#primaryimage","url":"https:\/\/fumot.uk\/wp-content\/uploads\/2026\/01\/WASPE-3-IN-1-60000-PUFFS_Grape-Ice-Strawberry-Candy-Strawberry-Raspberry-Cherry-Disposable-Vape.jpg","contentUrl":"https:\/\/fumot.uk\/wp-content\/uploads\/2026\/01\/WASPE-3-IN-1-60000-PUFFS_Grape-Ice-Strawberry-Candy-Strawberry-Raspberry-Cherry-Disposable-Vape.jpg","width":1200,"height":1200},{"@type":"BreadcrumbList","@id":"https:\/\/fumot.uk\/product\/waspe-triple-flavor-60000-puffs-strawberry-watermelon-strawberry-raspberry-candy-grape-ice\/#breadcrumb","itemListElement":[{"@type":"ListItem","position":1,"name":"Home","item":"https:\/\/fumot.uk\/"},{"@type":"ListItem","position":2,"name":"Shop","item":"https:\/\/fumot.uk\/shop\/"},{"@type":"ListItem","position":3,"name":"WASPE Triple Flavor 60000 Puffs Disposable Vape (54ml) \u2013 Strawberry Watermelon \/ Strawberry Raspberry Candy \/ Grape Ice"}]},{"@type":"WebSite","@id":"https:\/\/fumot.uk\/#website","url":"https:\/\/fumot.uk\/","name":"Fumot Official Direct | Direttamente dalla Fabbrica, 100% Originale","description":"Sito Ufficiale","publisher":{"@id":"https:\/\/fumot.uk\/#organization"},"potentialAction":[{"@type":"SearchAction","target":{"@type":"EntryPoint","urlTemplate":"https:\/\/fumot.uk\/?s={search_term_string}"},"query-input":{"@type":"PropertyValueSpecification","valueRequired":true,"valueName":"search_term_string"}}],"inLanguage":"it-IT"},{"@type":"Organization","@id":"https:\/\/fumot.uk\/#organization","name":"Fumot Official Direct | Direttamente dalla Fabbrica, 100% Originale","url":"https:\/\/fumot.uk\/","logo":{"@type":"ImageObject","inLanguage":"it-IT","@id":"https:\/\/fumot.uk\/#\/schema\/logo\/image\/","url":"https:\/\/fumot.uk\/wp-content\/uploads\/2026\/01\/cropped-fumot-logo1.png","contentUrl":"https:\/\/fumot.uk\/wp-content\/uploads\/2026\/01\/cropped-fumot-logo1.png","width":152,"height":106,"caption":"Fumot Official Direct | Straight from the Factory, 100% Genuine"},"image":{"@id":"https:\/\/fumot.uk\/#\/schema\/logo\/image\/"}}]}},"_links":{"self":[{"href":"https:\/\/fumot.uk\/it\/wp-json\/wp\/v2\/product\/2990","targetHints":{"allow":["GET"]}}],"collection":[{"href":"https:\/\/fumot.uk\/it\/wp-json\/wp\/v2\/product"}],"about":[{"href":"https:\/\/fumot.uk\/it\/wp-json\/wp\/v2\/types\/product"}],"replies":[{"embeddable":true,"href":"https:\/\/fumot.uk\/it\/wp-json\/wp\/v2\/comments?post=2990"}],"wp:featuredmedia":[{"embeddable":true,"href":"https:\/\/fumot.uk\/it\/wp-json\/wp\/v2\/media\/3035"}],"wp:attachment":[{"href":"https:\/\/fumot.uk\/it\/wp-json\/wp\/v2\/media?parent=2990"}],"wp:term":[{"taxonomy":"product_brand","embeddable":true,"href":"https:\/\/fumot.uk\/it\/wp-json\/wp\/v2\/product_brand?post=2990"},{"taxonomy":"product_cat","embeddable":true,"href":"https:\/\/fumot.uk\/it\/wp-json\/wp\/v2\/product_cat?post=2990"},{"taxonomy":"product_tag","embeddable":true,"href":"https:\/\/fumot.uk\/it\/wp-json\/wp\/v2\/product_tag?post=2990"}],"curies":[{"name":"wp","href":"https:\/\/api.w.org\/{rel}","templated":true}]}}