{"id":1694,"date":"2026-01-20T08:21:39","date_gmt":"2026-01-20T08:21:39","guid":{"rendered":"https:\/\/fumot.uk\/?post_type=product&#038;p=1694"},"modified":"2026-01-20T09:11:09","modified_gmt":"2026-01-20T09:11:09","slug":"uzy-crystal-4-in-1-100000-puffs-strawberry-watermelon-blue-razz-ice-blueberry-raspberry-cherry-fizzy-cherry-ice","status":"publish","type":"product","link":"https:\/\/fumot.uk\/it\/product\/uzy-crystal-4-in-1-100000-puffs-strawberry-watermelon-blue-razz-ice-blueberry-raspberry-cherry-fizzy-cherry-ice\/","title":{"rendered":"UZY Crystal 4-in-1 Vape Monouso 100000 Puff (56ml) \u2013 Fragola Anguria, Ghiaccio Blue Razz, Mirtillo Lampone Ciliegia &amp; Ghiaccio Ciliegia Frizzante"},"content":{"rendered":"<p><strong>UZY Crystal 4-in-1 100000 Puffs<\/strong> porta una svolta fresca al <em>vape usa e getta<\/em> esperienza con un corpo cristallino e trasparente che mostra la sua elegante struttura interna. Il punto forte \u00e8 il <strong>bocchino rotante a 4 sapori<\/strong>\u2014basta ruotare per cambiare gusto in qualsiasi momento, mantenendo ogni sessione varia e soddisfacente. Con una <strong>bobina a maglia quadrupla (1.0\u03a9\u00d74)<\/strong> per un sapore liscio e costante, un <strong>display LED<\/strong> per uno stato a colpo d'occhio, e <strong>ricarica USB Type-C<\/strong>, \u00e8 progettato per una comodit\u00e0 duratura e uno stile quotidiano.<\/p>\n<h3>4 Sapori in 1 Dispositivo<\/h3>\n<p>Un dispositivo, quattro profili distinti\u2014fruttato, ghiacciato e leggermente frizzante. Ruota il bocchino per adattarlo al tuo umore in pochi secondi.<\/p>\n<h4>Fragola Anguria<\/h4>\n<p>Anguria succosa incontra fragola dolce per una miscela luminosa e estiva che rimane facile e tranquilla dall'inizio alla fine.<\/p>\n<h4>Blue Razz Ice<\/h4>\n<p>Note di lampone blu pungente abbinate a un finale ghiacciato pulito\u2014croccante, rinfrescante e perfetto quando vuoi un colpo pi\u00f9 fresco.<\/p>\n<h4>Mirtillo Lampone Ciliegia<\/h4>\n<p>Un ricco trio di bacche con profondit\u00e0 di ciliegia: morbidezza di mirtillo, vivacit\u00e0 di lampone e dolcezza di ciliegia arrotondata per uno svapo di frutta pi\u00f9 pieno.<\/p>\n<h4>Ciliegia Frizzante Ghiacciata<\/h4>\n<p>Ciliegia dolce con un bordo ghiacciato e un sottile scintillio \u201cfrizzante\u201d\u2014leggermente giocoso, pulito e piacevolmente diverso.<\/p>\n<p><strong>Suggerimento:<\/strong> Se ti piace esplorare pi\u00f9 opzioni di sapore quadruplo, sfoglia l'intera gamma su <a href=\"https:\/\/fumot.uk\/it\/\" target=\"_blank\" rel=\"noopener\">fumot.uk<\/a>.<\/p>\n<h3>Caratteristiche principali<\/h3>\n<ul>\n<li><strong>Puffs:<\/strong> Fino a 100000 puffs<\/li>\n<li><strong>Sistema di Sapori:<\/strong> Bocchino rotante 4-in-1 (quattro sapori)<\/li>\n<li><strong>Bobina:<\/strong> Bobina a maglia quadrupla (1.0\u03a9 \u00d7 4)<\/li>\n<li><strong>850mAh (ricaricabile)<\/strong> 56ml<\/li>\n<li><strong>Profilo croccante e succoso<\/strong> 0% \/ 2% \/ 3% \/ 5%<\/li>\n<li><strong>Batteria:<\/strong> 650mAh<\/li>\n<li><strong>Ricarica:<\/strong> Ricaricabile USB Type-C<\/li>\n<li><strong>Display:<\/strong> Display LED \/ schermo intelligente<\/li>\n<\/ul>\n<h3>Perch\u00e9 Ti Piacer\u00e0<\/h3>\n<ul>\n<li><strong>Cambia sapori istantaneamente<\/strong>\u2014senza cambiare dispositivi, senza mescolare bottiglie<\/li>\n<li><strong>Sapore pulito e costante<\/strong> dal setup di riscaldamento a maglia quadrupla<\/li>\n<li><strong>Aspetto cristallino trasparente<\/strong> che si distingue nella tua mano<\/li>\n<li><strong>Cerchi pi\u00f9 miscele fruttate? Visita<\/strong> per uso prolungato<\/li>\n<\/ul>","protected":false},"excerpt":{"rendered":"<p>UZY Crystal 4-in-1 vape usa e getta con fino a 100000 puff, 56ml di e-liquid, bobina a rete quadrupla, display LED e ricarica Type\u2011C. Ruota per passare tra Fragola Anguria, Blue Razz Ice, Mirtillo Lampone Ciliegia &amp; Ciliegia Frizzante Ice.<\/p>","protected":false},"featured_media":1740,"comment_status":"open","ping_status":"closed","template":"","meta":[],"product_brand":[],"product_cat":[127,128,17],"product_tag":[129,130,131,22,33,36,113,72,23,29,132,133,34,26,62,37,28,32],"class_list":{"0":"post-1694","1":"product","2":"type-product","3":"status-publish","4":"has-post-thumbnail","6":"product_cat-100000-puff","7":"product_cat-uzy-crystal-4-in-1-100000-puffs","8":"product_cat-vape","9":"product_tag-4-in-1-vape","10":"product_tag-56ml","11":"product_tag-650mah","12":"product_tag-blue-razz","13":"product_tag-blueberry","14":"product_tag-cherry","15":"product_tag-crystal-vape","16":"product_tag-direct-to-lung","17":"product_tag-display","18":"product_tag-ice","19":"product_tag-quad-flavors","20":"product_tag-quadruple-mesh-coil","21":"product_tag-raspberry","22":"product_tag-rechargeable","23":"product_tag-sale-vape","24":"product_tag-strawberry","25":"product_tag-type-c","26":"product_tag-watermelon","28":"first","29":"instock","30":"sale","31":"shipping-taxable","32":"purchasable","33":"product-type-variable","34":"has-default-attributes"},"yoast_head":"<!-- This site is optimized with the Yoast SEO plugin v26.8 - https:\/\/yoast.com\/product\/yoast-seo-wordpress\/ -->\n<title>UZY Crystal 4-in-1 100000 Puffs \u2013 4 Flavors, 56ml<\/title>\n<meta name=\"description\" content=\"UZY Crystal 4-in-1 disposable vape: up to 100000 puffs, 56ml, quad mesh coil, LED display, Type\u2011C recharge. 4 flavors in 1: fruit &amp; ice.\" \/>\n<meta name=\"robots\" content=\"index, follow, max-snippet:-1, max-image-preview:large, max-video-preview:-1\" \/>\n<link rel=\"canonical\" href=\"https:\/\/fumot.uk\/it\/product\/uzy-crystal-4-in-1-100000-puffs-strawberry-watermelon-blue-razz-ice-blueberry-raspberry-cherry-fizzy-cherry-ice\/\" \/>\n<meta property=\"og:locale\" content=\"it_IT\" \/>\n<meta property=\"og:type\" content=\"article\" \/>\n<meta property=\"og:title\" content=\"UZY Crystal 4-in-1: 100000 Puffs, 4 Flavors in One\" \/>\n<meta property=\"og:description\" content=\"Twist-to-switch quad flavors\u2014Strawberry Watermelon, Blue Razz Ice, Blueberry Raspberry Cherry &amp; Fizzy Cherry Ice. 56ml, quad mesh coil, LED display, Type\u2011C.\" \/>\n<meta property=\"og:url\" content=\"https:\/\/fumot.uk\/it\/product\/uzy-crystal-4-in-1-100000-puffs-strawberry-watermelon-blue-razz-ice-blueberry-raspberry-cherry-fizzy-cherry-ice\/\" \/>\n<meta property=\"og:site_name\" content=\"Fumot Official Direct | Straight from the Factory, 100% Genuine\" \/>\n<meta property=\"article:modified_time\" content=\"2026-01-20T09:11:09+00:00\" \/>\n<meta property=\"og:image\" content=\"https:\/\/fumot.uk\/wp-content\/uploads\/2026\/01\/UZY-Crystal-4-in-1-100000-Puffs-HeyVape-strawberry-watermelon-blue-razz-ice-blueberry-raspberry-cherry-fizzy-cherry-ice.jpg\" \/>\n\t<meta property=\"og:image:width\" content=\"2500\" \/>\n\t<meta property=\"og:image:height\" content=\"2500\" \/>\n\t<meta property=\"og:image:type\" content=\"image\/jpeg\" \/>\n<meta name=\"twitter:card\" content=\"summary_large_image\" \/>\n<meta name=\"twitter:label1\" content=\"Tempo di lettura stimato\" \/>\n\t<meta name=\"twitter:data1\" content=\"2 minuti\" \/>\n<script type=\"application\/ld+json\" class=\"yoast-schema-graph\">{\"@context\":\"https:\/\/schema.org\",\"@graph\":[{\"@type\":\"WebPage\",\"@id\":\"https:\/\/fumot.uk\/product\/uzy-crystal-4-in-1-100000-puffs-strawberry-watermelon-blue-razz-ice-blueberry-raspberry-cherry-fizzy-cherry-ice\/\",\"url\":\"https:\/\/fumot.uk\/product\/uzy-crystal-4-in-1-100000-puffs-strawberry-watermelon-blue-razz-ice-blueberry-raspberry-cherry-fizzy-cherry-ice\/\",\"name\":\"UZY Crystal 4-in-1 100000 Puffs \u2013 4 Flavors, 56ml\",\"isPartOf\":{\"@id\":\"https:\/\/fumot.uk\/#website\"},\"primaryImageOfPage\":{\"@id\":\"https:\/\/fumot.uk\/product\/uzy-crystal-4-in-1-100000-puffs-strawberry-watermelon-blue-razz-ice-blueberry-raspberry-cherry-fizzy-cherry-ice\/#primaryimage\"},\"image\":{\"@id\":\"https:\/\/fumot.uk\/product\/uzy-crystal-4-in-1-100000-puffs-strawberry-watermelon-blue-razz-ice-blueberry-raspberry-cherry-fizzy-cherry-ice\/#primaryimage\"},\"thumbnailUrl\":\"https:\/\/fumot.uk\/wp-content\/uploads\/2026\/01\/UZY-Crystal-4-in-1-100000-Puffs-HeyVape-strawberry-watermelon-blue-razz-ice-blueberry-raspberry-cherry-fizzy-cherry-ice.jpg\",\"datePublished\":\"2026-01-20T08:21:39+00:00\",\"dateModified\":\"2026-01-20T09:11:09+00:00\",\"description\":\"UZY Crystal 4-in-1 disposable vape: up to 100000 puffs, 56ml, quad mesh coil, LED display, Type\u2011C recharge. 4 flavors in 1: fruit & ice.\",\"breadcrumb\":{\"@id\":\"https:\/\/fumot.uk\/product\/uzy-crystal-4-in-1-100000-puffs-strawberry-watermelon-blue-razz-ice-blueberry-raspberry-cherry-fizzy-cherry-ice\/#breadcrumb\"},\"inLanguage\":\"it-IT\",\"potentialAction\":[{\"@type\":\"ReadAction\",\"target\":[\"https:\/\/fumot.uk\/product\/uzy-crystal-4-in-1-100000-puffs-strawberry-watermelon-blue-razz-ice-blueberry-raspberry-cherry-fizzy-cherry-ice\/\"]}]},{\"@type\":\"ImageObject\",\"inLanguage\":\"it-IT\",\"@id\":\"https:\/\/fumot.uk\/product\/uzy-crystal-4-in-1-100000-puffs-strawberry-watermelon-blue-razz-ice-blueberry-raspberry-cherry-fizzy-cherry-ice\/#primaryimage\",\"url\":\"https:\/\/fumot.uk\/wp-content\/uploads\/2026\/01\/UZY-Crystal-4-in-1-100000-Puffs-HeyVape-strawberry-watermelon-blue-razz-ice-blueberry-raspberry-cherry-fizzy-cherry-ice.jpg\",\"contentUrl\":\"https:\/\/fumot.uk\/wp-content\/uploads\/2026\/01\/UZY-Crystal-4-in-1-100000-Puffs-HeyVape-strawberry-watermelon-blue-razz-ice-blueberry-raspberry-cherry-fizzy-cherry-ice.jpg\",\"width\":2500,\"height\":2500},{\"@type\":\"BreadcrumbList\",\"@id\":\"https:\/\/fumot.uk\/product\/uzy-crystal-4-in-1-100000-puffs-strawberry-watermelon-blue-razz-ice-blueberry-raspberry-cherry-fizzy-cherry-ice\/#breadcrumb\",\"itemListElement\":[{\"@type\":\"ListItem\",\"position\":1,\"name\":\"Home\",\"item\":\"https:\/\/fumot.uk\/\"},{\"@type\":\"ListItem\",\"position\":2,\"name\":\"Shop\",\"item\":\"https:\/\/fumot.uk\/shop\/\"},{\"@type\":\"ListItem\",\"position\":3,\"name\":\"UZY Crystal 4-in-1 Disposable Vape 100000 Puffs (56ml) \u2013 Strawberry Watermelon, Blue Razz Ice, Blueberry Raspberry Cherry &#038; Fizzy Cherry Ice\"}]},{\"@type\":\"WebSite\",\"@id\":\"https:\/\/fumot.uk\/#website\",\"url\":\"https:\/\/fumot.uk\/\",\"name\":\"Fumot Official Direct | Straight from the Factory, 100% Genuine\",\"description\":\"Official Website\",\"publisher\":{\"@id\":\"https:\/\/fumot.uk\/#organization\"},\"potentialAction\":[{\"@type\":\"SearchAction\",\"target\":{\"@type\":\"EntryPoint\",\"urlTemplate\":\"https:\/\/fumot.uk\/?s={search_term_string}\"},\"query-input\":{\"@type\":\"PropertyValueSpecification\",\"valueRequired\":true,\"valueName\":\"search_term_string\"}}],\"inLanguage\":\"it-IT\"},{\"@type\":\"Organization\",\"@id\":\"https:\/\/fumot.uk\/#organization\",\"name\":\"Fumot Official Direct | Straight from the Factory, 100% Genuine\",\"url\":\"https:\/\/fumot.uk\/\",\"logo\":{\"@type\":\"ImageObject\",\"inLanguage\":\"it-IT\",\"@id\":\"https:\/\/fumot.uk\/#\/schema\/logo\/image\/\",\"url\":\"https:\/\/fumot.uk\/wp-content\/uploads\/2026\/01\/cropped-fumot-logo1.png\",\"contentUrl\":\"https:\/\/fumot.uk\/wp-content\/uploads\/2026\/01\/cropped-fumot-logo1.png\",\"width\":152,\"height\":106,\"caption\":\"Fumot Official Direct | Straight from the Factory, 100% Genuine\"},\"image\":{\"@id\":\"https:\/\/fumot.uk\/#\/schema\/logo\/image\/\"}}]}<\/script>\n<!-- \/ Yoast SEO plugin. -->","yoast_head_json":{"title":"UZY Crystal 4-in-1 100000 Puff \u2013 4 Gusti, 56ml","description":"UZY Crystal 4-in-1 vape usa e getta: fino a 100000 tiri, 56ml, bobina a rete quadrupla, display LED, ricarica Type\u2011C. 4 sapori in 1: frutta &amp; ghiaccio.","robots":{"index":"index","follow":"follow","max-snippet":"max-snippet:-1","max-image-preview":"max-image-preview:large","max-video-preview":"max-video-preview:-1"},"canonical":"https:\/\/fumot.uk\/it\/product\/uzy-crystal-4-in-1-100000-puffs-strawberry-watermelon-blue-razz-ice-blueberry-raspberry-cherry-fizzy-cherry-ice\/","og_locale":"it_IT","og_type":"article","og_title":"UZY Crystal 4-in-1: 100000 Puffs, 4 Flavors in One","og_description":"Twist-to-switch quad flavors\u2014Strawberry Watermelon, Blue Razz Ice, Blueberry Raspberry Cherry & Fizzy Cherry Ice. 56ml, quad mesh coil, LED display, Type\u2011C.","og_url":"https:\/\/fumot.uk\/it\/product\/uzy-crystal-4-in-1-100000-puffs-strawberry-watermelon-blue-razz-ice-blueberry-raspberry-cherry-fizzy-cherry-ice\/","og_site_name":"Fumot Official Direct | Straight from the Factory, 100% Genuine","article_modified_time":"2026-01-20T09:11:09+00:00","og_image":[{"width":2500,"height":2500,"url":"https:\/\/fumot.uk\/wp-content\/uploads\/2026\/01\/UZY-Crystal-4-in-1-100000-Puffs-HeyVape-strawberry-watermelon-blue-razz-ice-blueberry-raspberry-cherry-fizzy-cherry-ice.jpg","type":"image\/jpeg"}],"twitter_card":"summary_large_image","twitter_misc":{"Tempo di lettura stimato":"2 minuti"},"schema":{"@context":"https:\/\/schema.org","@graph":[{"@type":"WebPage","@id":"https:\/\/fumot.uk\/product\/uzy-crystal-4-in-1-100000-puffs-strawberry-watermelon-blue-razz-ice-blueberry-raspberry-cherry-fizzy-cherry-ice\/","url":"https:\/\/fumot.uk\/product\/uzy-crystal-4-in-1-100000-puffs-strawberry-watermelon-blue-razz-ice-blueberry-raspberry-cherry-fizzy-cherry-ice\/","name":"UZY Crystal 4-in-1 100000 Puff \u2013 4 Gusti, 56ml","isPartOf":{"@id":"https:\/\/fumot.uk\/#website"},"primaryImageOfPage":{"@id":"https:\/\/fumot.uk\/product\/uzy-crystal-4-in-1-100000-puffs-strawberry-watermelon-blue-razz-ice-blueberry-raspberry-cherry-fizzy-cherry-ice\/#primaryimage"},"image":{"@id":"https:\/\/fumot.uk\/product\/uzy-crystal-4-in-1-100000-puffs-strawberry-watermelon-blue-razz-ice-blueberry-raspberry-cherry-fizzy-cherry-ice\/#primaryimage"},"thumbnailUrl":"https:\/\/fumot.uk\/wp-content\/uploads\/2026\/01\/UZY-Crystal-4-in-1-100000-Puffs-HeyVape-strawberry-watermelon-blue-razz-ice-blueberry-raspberry-cherry-fizzy-cherry-ice.jpg","datePublished":"2026-01-20T08:21:39+00:00","dateModified":"2026-01-20T09:11:09+00:00","description":"UZY Crystal 4-in-1 vape usa e getta: fino a 100000 tiri, 56ml, bobina a rete quadrupla, display LED, ricarica Type\u2011C. 4 sapori in 1: frutta &amp; ghiaccio.","breadcrumb":{"@id":"https:\/\/fumot.uk\/product\/uzy-crystal-4-in-1-100000-puffs-strawberry-watermelon-blue-razz-ice-blueberry-raspberry-cherry-fizzy-cherry-ice\/#breadcrumb"},"inLanguage":"it-IT","potentialAction":[{"@type":"ReadAction","target":["https:\/\/fumot.uk\/product\/uzy-crystal-4-in-1-100000-puffs-strawberry-watermelon-blue-razz-ice-blueberry-raspberry-cherry-fizzy-cherry-ice\/"]}]},{"@type":"ImageObject","inLanguage":"it-IT","@id":"https:\/\/fumot.uk\/product\/uzy-crystal-4-in-1-100000-puffs-strawberry-watermelon-blue-razz-ice-blueberry-raspberry-cherry-fizzy-cherry-ice\/#primaryimage","url":"https:\/\/fumot.uk\/wp-content\/uploads\/2026\/01\/UZY-Crystal-4-in-1-100000-Puffs-HeyVape-strawberry-watermelon-blue-razz-ice-blueberry-raspberry-cherry-fizzy-cherry-ice.jpg","contentUrl":"https:\/\/fumot.uk\/wp-content\/uploads\/2026\/01\/UZY-Crystal-4-in-1-100000-Puffs-HeyVape-strawberry-watermelon-blue-razz-ice-blueberry-raspberry-cherry-fizzy-cherry-ice.jpg","width":2500,"height":2500},{"@type":"BreadcrumbList","@id":"https:\/\/fumot.uk\/product\/uzy-crystal-4-in-1-100000-puffs-strawberry-watermelon-blue-razz-ice-blueberry-raspberry-cherry-fizzy-cherry-ice\/#breadcrumb","itemListElement":[{"@type":"ListItem","position":1,"name":"Home","item":"https:\/\/fumot.uk\/"},{"@type":"ListItem","position":2,"name":"Shop","item":"https:\/\/fumot.uk\/shop\/"},{"@type":"ListItem","position":3,"name":"UZY Crystal 4-in-1 Disposable Vape 100000 Puffs (56ml) \u2013 Strawberry Watermelon, Blue Razz Ice, Blueberry Raspberry Cherry &#038; Fizzy Cherry Ice"}]},{"@type":"WebSite","@id":"https:\/\/fumot.uk\/#website","url":"https:\/\/fumot.uk\/","name":"Fumot Official Direct | Direttamente dalla Fabbrica, 100% Originale","description":"Sito Ufficiale","publisher":{"@id":"https:\/\/fumot.uk\/#organization"},"potentialAction":[{"@type":"SearchAction","target":{"@type":"EntryPoint","urlTemplate":"https:\/\/fumot.uk\/?s={search_term_string}"},"query-input":{"@type":"PropertyValueSpecification","valueRequired":true,"valueName":"search_term_string"}}],"inLanguage":"it-IT"},{"@type":"Organization","@id":"https:\/\/fumot.uk\/#organization","name":"Fumot Official Direct | Direttamente dalla Fabbrica, 100% Originale","url":"https:\/\/fumot.uk\/","logo":{"@type":"ImageObject","inLanguage":"it-IT","@id":"https:\/\/fumot.uk\/#\/schema\/logo\/image\/","url":"https:\/\/fumot.uk\/wp-content\/uploads\/2026\/01\/cropped-fumot-logo1.png","contentUrl":"https:\/\/fumot.uk\/wp-content\/uploads\/2026\/01\/cropped-fumot-logo1.png","width":152,"height":106,"caption":"Fumot Official Direct | Straight from the Factory, 100% Genuine"},"image":{"@id":"https:\/\/fumot.uk\/#\/schema\/logo\/image\/"}}]}},"_links":{"self":[{"href":"https:\/\/fumot.uk\/it\/wp-json\/wp\/v2\/product\/1694","targetHints":{"allow":["GET"]}}],"collection":[{"href":"https:\/\/fumot.uk\/it\/wp-json\/wp\/v2\/product"}],"about":[{"href":"https:\/\/fumot.uk\/it\/wp-json\/wp\/v2\/types\/product"}],"replies":[{"embeddable":true,"href":"https:\/\/fumot.uk\/it\/wp-json\/wp\/v2\/comments?post=1694"}],"wp:featuredmedia":[{"embeddable":true,"href":"https:\/\/fumot.uk\/it\/wp-json\/wp\/v2\/media\/1740"}],"wp:attachment":[{"href":"https:\/\/fumot.uk\/it\/wp-json\/wp\/v2\/media?parent=1694"}],"wp:term":[{"taxonomy":"product_brand","embeddable":true,"href":"https:\/\/fumot.uk\/it\/wp-json\/wp\/v2\/product_brand?post=1694"},{"taxonomy":"product_cat","embeddable":true,"href":"https:\/\/fumot.uk\/it\/wp-json\/wp\/v2\/product_cat?post=1694"},{"taxonomy":"product_tag","embeddable":true,"href":"https:\/\/fumot.uk\/it\/wp-json\/wp\/v2\/product_tag?post=1694"}],"curies":[{"name":"wp","href":"https:\/\/api.w.org\/{rel}","templated":true}]}}