{"id":90,"date":"2026-01-20T02:40:09","date_gmt":"2026-01-20T02:40:09","guid":{"rendered":"https:\/\/fumot.uk\/?post_type=product&#038;p=90"},"modified":"2026-01-20T07:31:16","modified_gmt":"2026-01-20T07:31:16","slug":"randm-tornado-15000-puffs-blueberry-bubblegum","status":"publish","type":"product","link":"https:\/\/fumot.uk\/fr\/product\/randm-tornado-15000-puffs-blueberry-bubblegum\/","title":{"rendered":"RandM Tornado 15000 Bouff\u00e9es Myrtille Chewing-gum Vape Jetable (25ml, 850mAh, R\u00e9sistance en Maille, Flux d'air R\u00e9glable)"},"content":{"rendered":"<h4>Blueberry Bubblegum \u2013 RandM Tornado 15000 Puffs<\/h4>\n<p><strong>RandM Tornado 15000 Puffs Blueberry Bubblegum<\/strong> offre un m\u00e9lange ludique de style bonbon o\u00f9 les notes de myrtille juteuse rencontrent la douceur famili\u00e8re du bubblegum. Le r\u00e9sultat est une vape douce et sucr\u00e9e avec une touche fruit\u00e9e\u2014id\u00e9ale pour les sessions quotidiennes lorsque vous voulez quelque chose de amusant mais pas accablant.<\/p>\n<p>Con\u00e7u pour la coh\u00e9rence et le contr\u00f4le facile, ce jetable dispose <strong>bobine en maille<\/strong> de la technologie pour un chauffage uniforme et une saveur plus compl\u00e8te, plus un <strong>flux d'air r\u00e9glable<\/strong> syst\u00e8me afin que vous puissiez affiner votre tirage de plus serr\u00e9 \u00e0 plus a\u00e9rien. L'int\u00e9gration <strong>affichage LED<\/strong> et <strong>\u00e9clairage RGB<\/strong> ajoute une touche moderne pendant que vous vapez.<\/p>\n<p>D\u00e9couvrez plus de saveurs et d'appareils chez <a href=\"https:\/\/fumot.uk\/fr\/\">fumot.uk<\/a>.<\/p>\n<h4>Caract\u00e9ristiques cl\u00e9s<\/h4>\n<ul>\n<li><strong>Jusqu'\u00e0 15000 puffs<\/strong> (l'utilisation varie)<\/li>\n<li><strong>Capacit\u00e9 d'e-liquide :<\/strong> Blueberry Bubblegum<\/li>\n<li><strong>Capacit\u00e9 de e-liquide :<\/strong> 25ml<\/li>\n<li><strong>Options de sel de nicotine :<\/strong> 0% \/ 2% \/ 3% \/ 5%<\/li>\n<li><strong>R\u00e9sistance :<\/strong> Indicateur de batterie et d'e-liquide<\/li>\n<li><strong>Flux d'air :<\/strong> R\u00e9glable<\/li>\n<li><strong>Batterie :<\/strong> Batterie int\u00e9gr\u00e9e de 850mAh, rechargeable<\/li>\n<li><strong>Chargement :<\/strong> Type-C<\/li>\n<li><strong>Affichage :<\/strong> Affichage LED + lumi\u00e8re RGB<\/li>\n<li><strong>Gamme de saveurs :<\/strong> 41 saveurs disponibles dans la s\u00e9rie<\/li>\n<\/ul>\n<h4>Pourquoi vous aimerez cette saveur<\/h4>\n<p><strong>Blueberry Bubblegum<\/strong> s'appuie sur une note de t\u00eate de baie lumineuse suivie d'une finition douce et sucr\u00e9e de bubblegum. Si vous appr\u00e9ciez les profils de bonbons-fruits avec un arri\u00e8re-go\u00fbt doux, c'est un choix solide.<\/p>\n<p><em>Remarque :<\/em> Le nombre de bouff\u00e9es est une estimation et peut varier en fonction de la longueur de tirage et du r\u00e9glage du flux d'air.<\/p>","protected":false},"excerpt":{"rendered":"<p>RandM Tornado 15000 Puffs en Bubblegum Myrtille\u2014myrtille sucr\u00e9e rencontre le bubblegum classique. 25ml e-liquide, bobine en mesh, d\u00e9bit d'air r\u00e9glable, affichage LED, 850mAh rechargeable (Type-C).<\/p>","protected":false},"featured_media":147,"comment_status":"open","ping_status":"closed","template":"","meta":[],"product_brand":[],"product_cat":[16,18,17],"product_tag":[19,20,21,33,49,23,25,26,27,28],"class_list":{"0":"post-90","1":"product","2":"type-product","3":"status-publish","4":"has-post-thumbnail","6":"product_cat-15000-puff","7":"product_cat-randm-tornado-15000-puffs","8":"product_cat-vape","9":"product_tag-25ml","10":"product_tag-850mah","11":"product_tag-adjustable-airflow","12":"product_tag-blueberry","13":"product_tag-bubblegum","14":"product_tag-display","15":"product_tag-mesh-coil","16":"product_tag-rechargeable","17":"product_tag-rgb-light","18":"product_tag-type-c","20":"first","21":"instock","22":"sale","23":"shipping-taxable","24":"purchasable","25":"product-type-variable","26":"has-default-attributes"},"yoast_head":"<!-- This site is optimized with the Yoast SEO plugin v26.8 - https:\/\/yoast.com\/product\/yoast-seo-wordpress\/ -->\n<title>RandM Tornado 15000 Blueberry Bubblegum | 25ml<\/title>\n<meta name=\"description\" content=\"RandM Tornado 15000 Puffs Blueberry Bubblegum: 25ml e-liquid, mesh coil, adjustable airflow, LED display, 850mAh rechargeable Type-C. Nic 0\/2\/3\/5%.\" \/>\n<meta name=\"robots\" content=\"index, follow, max-snippet:-1, max-image-preview:large, max-video-preview:-1\" \/>\n<link rel=\"canonical\" href=\"https:\/\/fumot.uk\/fr\/product\/randm-tornado-15000-puffs-blueberry-bubblegum\/\" \/>\n<meta property=\"og:locale\" content=\"fr_FR\" \/>\n<meta property=\"og:type\" content=\"article\" \/>\n<meta property=\"og:title\" content=\"RandM Tornado 15000 Puffs \u2013 Blueberry Bubblegum\" \/>\n<meta property=\"og:description\" content=\"A fun candy-fruit vape: juicy blueberry with a sweet bubblegum finish. Mesh coil, adjustable airflow, LED display, 25ml, 850mAh rechargeable (Type\u2011C).\" \/>\n<meta property=\"og:url\" content=\"https:\/\/fumot.uk\/fr\/product\/randm-tornado-15000-puffs-blueberry-bubblegum\/\" \/>\n<meta property=\"og:site_name\" content=\"Fumot Official Direct | Straight from the Factory, 100% Genuine\" \/>\n<meta property=\"article:modified_time\" content=\"2026-01-20T07:31:16+00:00\" \/>\n<meta property=\"og:image\" content=\"https:\/\/fumot.uk\/wp-content\/uploads\/2026\/01\/Randm-Tornado-15000-Blueberry-Bubblegum.jpg\" \/>\n\t<meta property=\"og:image:width\" content=\"2000\" \/>\n\t<meta property=\"og:image:height\" content=\"2000\" \/>\n\t<meta property=\"og:image:type\" content=\"image\/jpeg\" \/>\n<meta name=\"twitter:card\" content=\"summary_large_image\" \/>\n<meta name=\"twitter:label1\" content=\"Dur\u00e9e de lecture estim\u00e9e\" \/>\n\t<meta name=\"twitter:data1\" content=\"1 minute\" \/>\n<script type=\"application\/ld+json\" class=\"yoast-schema-graph\">{\"@context\":\"https:\/\/schema.org\",\"@graph\":[{\"@type\":\"WebPage\",\"@id\":\"https:\/\/fumot.uk\/product\/randm-tornado-15000-puffs-blueberry-bubblegum\/\",\"url\":\"https:\/\/fumot.uk\/product\/randm-tornado-15000-puffs-blueberry-bubblegum\/\",\"name\":\"RandM Tornado 15000 Blueberry Bubblegum | 25ml\",\"isPartOf\":{\"@id\":\"https:\/\/fumot.uk\/#website\"},\"primaryImageOfPage\":{\"@id\":\"https:\/\/fumot.uk\/product\/randm-tornado-15000-puffs-blueberry-bubblegum\/#primaryimage\"},\"image\":{\"@id\":\"https:\/\/fumot.uk\/product\/randm-tornado-15000-puffs-blueberry-bubblegum\/#primaryimage\"},\"thumbnailUrl\":\"https:\/\/fumot.uk\/wp-content\/uploads\/2026\/01\/Randm-Tornado-15000-Blueberry-Bubblegum.jpg\",\"datePublished\":\"2026-01-20T02:40:09+00:00\",\"dateModified\":\"2026-01-20T07:31:16+00:00\",\"description\":\"RandM Tornado 15000 Puffs Blueberry Bubblegum: 25ml e-liquid, mesh coil, adjustable airflow, LED display, 850mAh rechargeable Type-C. Nic 0\/2\/3\/5%.\",\"breadcrumb\":{\"@id\":\"https:\/\/fumot.uk\/product\/randm-tornado-15000-puffs-blueberry-bubblegum\/#breadcrumb\"},\"inLanguage\":\"fr-FR\",\"potentialAction\":[{\"@type\":\"ReadAction\",\"target\":[\"https:\/\/fumot.uk\/product\/randm-tornado-15000-puffs-blueberry-bubblegum\/\"]}]},{\"@type\":\"ImageObject\",\"inLanguage\":\"fr-FR\",\"@id\":\"https:\/\/fumot.uk\/product\/randm-tornado-15000-puffs-blueberry-bubblegum\/#primaryimage\",\"url\":\"https:\/\/fumot.uk\/wp-content\/uploads\/2026\/01\/Randm-Tornado-15000-Blueberry-Bubblegum.jpg\",\"contentUrl\":\"https:\/\/fumot.uk\/wp-content\/uploads\/2026\/01\/Randm-Tornado-15000-Blueberry-Bubblegum.jpg\",\"width\":2000,\"height\":2000},{\"@type\":\"BreadcrumbList\",\"@id\":\"https:\/\/fumot.uk\/product\/randm-tornado-15000-puffs-blueberry-bubblegum\/#breadcrumb\",\"itemListElement\":[{\"@type\":\"ListItem\",\"position\":1,\"name\":\"Home\",\"item\":\"https:\/\/fumot.uk\/\"},{\"@type\":\"ListItem\",\"position\":2,\"name\":\"Shop\",\"item\":\"https:\/\/fumot.uk\/shop\/\"},{\"@type\":\"ListItem\",\"position\":3,\"name\":\"RandM Tornado 15000 Puffs Blueberry Bubblegum Disposable Vape (25ml, 850mAh, Mesh Coil, Adjustable Airflow)\"}]},{\"@type\":\"WebSite\",\"@id\":\"https:\/\/fumot.uk\/#website\",\"url\":\"https:\/\/fumot.uk\/\",\"name\":\"Fumot Official Direct | Straight from the Factory, 100% Genuine\",\"description\":\"Official Website\",\"publisher\":{\"@id\":\"https:\/\/fumot.uk\/#organization\"},\"potentialAction\":[{\"@type\":\"SearchAction\",\"target\":{\"@type\":\"EntryPoint\",\"urlTemplate\":\"https:\/\/fumot.uk\/?s={search_term_string}\"},\"query-input\":{\"@type\":\"PropertyValueSpecification\",\"valueRequired\":true,\"valueName\":\"search_term_string\"}}],\"inLanguage\":\"fr-FR\"},{\"@type\":\"Organization\",\"@id\":\"https:\/\/fumot.uk\/#organization\",\"name\":\"Fumot Official Direct | Straight from the Factory, 100% Genuine\",\"url\":\"https:\/\/fumot.uk\/\",\"logo\":{\"@type\":\"ImageObject\",\"inLanguage\":\"fr-FR\",\"@id\":\"https:\/\/fumot.uk\/#\/schema\/logo\/image\/\",\"url\":\"https:\/\/fumot.uk\/wp-content\/uploads\/2026\/01\/cropped-fumot-logo1.png\",\"contentUrl\":\"https:\/\/fumot.uk\/wp-content\/uploads\/2026\/01\/cropped-fumot-logo1.png\",\"width\":152,\"height\":106,\"caption\":\"Fumot Official Direct | Straight from the Factory, 100% Genuine\"},\"image\":{\"@id\":\"https:\/\/fumot.uk\/#\/schema\/logo\/image\/\"}}]}<\/script>\n<!-- \/ Yoast SEO plugin. -->","yoast_head_json":{"title":"RandM Tornado 15000 Bubblegum Myrtille | 25ml","description":"RandM Tornado 15000 Puffs Blueberry Bubblegum : 25ml e-liquide, bobine en mesh, flux d'air r\u00e9glable, affichage LED, 850mAh rechargeable Type-C. Nic 0\/2\/3\/5%.","robots":{"index":"index","follow":"follow","max-snippet":"max-snippet:-1","max-image-preview":"max-image-preview:large","max-video-preview":"max-video-preview:-1"},"canonical":"https:\/\/fumot.uk\/fr\/product\/randm-tornado-15000-puffs-blueberry-bubblegum\/","og_locale":"fr_FR","og_type":"article","og_title":"RandM Tornado 15000 Puffs \u2013 Blueberry Bubblegum","og_description":"A fun candy-fruit vape: juicy blueberry with a sweet bubblegum finish. Mesh coil, adjustable airflow, LED display, 25ml, 850mAh rechargeable (Type\u2011C).","og_url":"https:\/\/fumot.uk\/fr\/product\/randm-tornado-15000-puffs-blueberry-bubblegum\/","og_site_name":"Fumot Official Direct | Straight from the Factory, 100% Genuine","article_modified_time":"2026-01-20T07:31:16+00:00","og_image":[{"width":2000,"height":2000,"url":"https:\/\/fumot.uk\/wp-content\/uploads\/2026\/01\/Randm-Tornado-15000-Blueberry-Bubblegum.jpg","type":"image\/jpeg"}],"twitter_card":"summary_large_image","twitter_misc":{"Dur\u00e9e de lecture estim\u00e9e":"1 minute"},"schema":{"@context":"https:\/\/schema.org","@graph":[{"@type":"WebPage","@id":"https:\/\/fumot.uk\/product\/randm-tornado-15000-puffs-blueberry-bubblegum\/","url":"https:\/\/fumot.uk\/product\/randm-tornado-15000-puffs-blueberry-bubblegum\/","name":"RandM Tornado 15000 Bubblegum Myrtille | 25ml","isPartOf":{"@id":"https:\/\/fumot.uk\/#website"},"primaryImageOfPage":{"@id":"https:\/\/fumot.uk\/product\/randm-tornado-15000-puffs-blueberry-bubblegum\/#primaryimage"},"image":{"@id":"https:\/\/fumot.uk\/product\/randm-tornado-15000-puffs-blueberry-bubblegum\/#primaryimage"},"thumbnailUrl":"https:\/\/fumot.uk\/wp-content\/uploads\/2026\/01\/Randm-Tornado-15000-Blueberry-Bubblegum.jpg","datePublished":"2026-01-20T02:40:09+00:00","dateModified":"2026-01-20T07:31:16+00:00","description":"RandM Tornado 15000 Puffs Blueberry Bubblegum : 25ml e-liquide, bobine en mesh, flux d'air r\u00e9glable, affichage LED, 850mAh rechargeable Type-C. Nic 0\/2\/3\/5%.","breadcrumb":{"@id":"https:\/\/fumot.uk\/product\/randm-tornado-15000-puffs-blueberry-bubblegum\/#breadcrumb"},"inLanguage":"fr-FR","potentialAction":[{"@type":"ReadAction","target":["https:\/\/fumot.uk\/product\/randm-tornado-15000-puffs-blueberry-bubblegum\/"]}]},{"@type":"ImageObject","inLanguage":"fr-FR","@id":"https:\/\/fumot.uk\/product\/randm-tornado-15000-puffs-blueberry-bubblegum\/#primaryimage","url":"https:\/\/fumot.uk\/wp-content\/uploads\/2026\/01\/Randm-Tornado-15000-Blueberry-Bubblegum.jpg","contentUrl":"https:\/\/fumot.uk\/wp-content\/uploads\/2026\/01\/Randm-Tornado-15000-Blueberry-Bubblegum.jpg","width":2000,"height":2000},{"@type":"BreadcrumbList","@id":"https:\/\/fumot.uk\/product\/randm-tornado-15000-puffs-blueberry-bubblegum\/#breadcrumb","itemListElement":[{"@type":"ListItem","position":1,"name":"Home","item":"https:\/\/fumot.uk\/"},{"@type":"ListItem","position":2,"name":"Shop","item":"https:\/\/fumot.uk\/shop\/"},{"@type":"ListItem","position":3,"name":"RandM Tornado 15000 Puffs Blueberry Bubblegum Disposable Vape (25ml, 850mAh, Mesh Coil, Adjustable Airflow)"}]},{"@type":"WebSite","@id":"https:\/\/fumot.uk\/#website","url":"https:\/\/fumot.uk\/","name":"Fumot Official Direct | Directement de l'usine, 100% Authentique","description":"Site officiel","publisher":{"@id":"https:\/\/fumot.uk\/#organization"},"potentialAction":[{"@type":"SearchAction","target":{"@type":"EntryPoint","urlTemplate":"https:\/\/fumot.uk\/?s={search_term_string}"},"query-input":{"@type":"PropertyValueSpecification","valueRequired":true,"valueName":"search_term_string"}}],"inLanguage":"fr-FR"},{"@type":"Organization","@id":"https:\/\/fumot.uk\/#organization","name":"Fumot Official Direct | Directement de l'usine, 100% Authentique","url":"https:\/\/fumot.uk\/","logo":{"@type":"ImageObject","inLanguage":"fr-FR","@id":"https:\/\/fumot.uk\/#\/schema\/logo\/image\/","url":"https:\/\/fumot.uk\/wp-content\/uploads\/2026\/01\/cropped-fumot-logo1.png","contentUrl":"https:\/\/fumot.uk\/wp-content\/uploads\/2026\/01\/cropped-fumot-logo1.png","width":152,"height":106,"caption":"Fumot Official Direct | Straight from the Factory, 100% Genuine"},"image":{"@id":"https:\/\/fumot.uk\/#\/schema\/logo\/image\/"}}]}},"_links":{"self":[{"href":"https:\/\/fumot.uk\/fr\/wp-json\/wp\/v2\/product\/90","targetHints":{"allow":["GET"]}}],"collection":[{"href":"https:\/\/fumot.uk\/fr\/wp-json\/wp\/v2\/product"}],"about":[{"href":"https:\/\/fumot.uk\/fr\/wp-json\/wp\/v2\/types\/product"}],"replies":[{"embeddable":true,"href":"https:\/\/fumot.uk\/fr\/wp-json\/wp\/v2\/comments?post=90"}],"wp:featuredmedia":[{"embeddable":true,"href":"https:\/\/fumot.uk\/fr\/wp-json\/wp\/v2\/media\/147"}],"wp:attachment":[{"href":"https:\/\/fumot.uk\/fr\/wp-json\/wp\/v2\/media?parent=90"}],"wp:term":[{"taxonomy":"product_brand","embeddable":true,"href":"https:\/\/fumot.uk\/fr\/wp-json\/wp\/v2\/product_brand?post=90"},{"taxonomy":"product_cat","embeddable":true,"href":"https:\/\/fumot.uk\/fr\/wp-json\/wp\/v2\/product_cat?post=90"},{"taxonomy":"product_tag","embeddable":true,"href":"https:\/\/fumot.uk\/fr\/wp-json\/wp\/v2\/product_tag?post=90"}],"curies":[{"name":"wp","href":"https:\/\/api.w.org\/{rel}","templated":true}]}}