{"id":89,"date":"2026-01-20T02:40:09","date_gmt":"2026-01-20T02:40:09","guid":{"rendered":"https:\/\/fumot.uk\/?post_type=product&#038;p=89"},"modified":"2026-01-20T07:31:14","modified_gmt":"2026-01-20T07:31:14","slug":"randm-tornado-15000-puffs-blue-razz-cherry","status":"publish","type":"product","link":"https:\/\/fumot.uk\/fr\/product\/randm-tornado-15000-puffs-blue-razz-cherry\/","title":{"rendered":"RandM Tornado 15000 Bouff\u00e9es Framboise Bleue Cerise Vape Jetable (25ml, 850mAh, Affichage, Flux d'air R\u00e9glable)"},"content":{"rendered":"<h4>Blue Razz Cherry \u2013 RandM Tornado 15000 Puffs<\/h4>\n<p><strong>RandM Tornado 15000 Puffs Blue Razz Cherry<\/strong> m\u00e9lange la saveur vive et sucr\u00e9e du bonbon \u00e0 la framboise bleue avec la profondeur riche et juteuse de la cerise pour une finition douce et acidul\u00e9e. Chaque bouff\u00e9e est douce et fruit\u00e9e, avec une touche nette qui maintient la saveur vive du premier au dernier souffle.<\/p>\n<p>Con\u00e7u pour la commodit\u00e9 quotidienne, ce <strong>vape jetable 15000 puffs<\/strong> comprend un <strong>bobine en maille<\/strong> pour un go\u00fbt constant, <strong>flux d'air r\u00e9glable<\/strong> pour affiner votre tirage, et un clair <strong>affichage LED<\/strong> qui vous aide \u00e0 suivre l'\u00e9tat de la batterie et du liquide en un coup d'\u0153il. Rechargez si n\u00e9cessaire et restez pr\u00eat pour votre prochaine session.<\/p>\n<h4>Caract\u00e9ristiques cl\u00e9s<\/h4>\n<ul>\n<li><strong>Nombre de bouff\u00e9es :<\/strong> jusqu'\u00e0 15000 bouff\u00e9es<\/li>\n<li><strong>Capacit\u00e9 de e-liquide :<\/strong> 25ml<\/li>\n<li><strong>Options de sel de nicotine :<\/strong> 0% \/ 2% \/ 3% \/ 5%<\/li>\n<li><strong>R\u00e9sistance :<\/strong> Indicateur de batterie et d'e-liquide<\/li>\n<li><strong>Flux d'air :<\/strong> Flux d'air ajustable<\/li>\n<li><strong>Batterie :<\/strong> 850mAh rechargeable<\/li>\n<li><strong>Chargement :<\/strong> Type-C<\/li>\n<li><strong>Affichage :<\/strong> \u00c9cran LED pour un statut en temps r\u00e9el<\/li>\n<li><strong>Saveurs disponibles :<\/strong> 41 options<\/li>\n<\/ul>\n<h4>Pourquoi vous aimerez Blue Razz Cherry<\/h4>\n<ul>\n<li><strong>Saveur \u00e9quilibr\u00e9e :<\/strong> framboise bleue acidul\u00e9e rehauss\u00e9e par des notes de cerise sucr\u00e9e<\/li>\n<li><strong>Tirage doux :<\/strong> la bobine en mesh aide \u00e0 maintenir le go\u00fbt uniforme et propre<\/li>\n<li><strong>Contr\u00f4le facile :<\/strong> ajustez le flux d'air pour une inhalation plus serr\u00e9e ou plus a\u00e9r\u00e9e<\/li>\n<li><strong>Restez inform\u00e9 :<\/strong> l'affichage LED simplifie la surveillance de l'utilisation<\/li>\n<\/ul>\n<p>Explorez plus de saveurs et de dispositifs sur <a href=\"https:\/\/fumot.uk\/fr\/\">fumot.uk<\/a> et d\u00e9couvrez votre prochaine vape de toute la journ\u00e9e.<\/p>","protected":false},"excerpt":{"rendered":"<p>RandM Tornado 15000 Puffs Blue Razz Cherry vape jetable avec 25ml d'e-liquide, bobine en mesh, flux d'air r\u00e9glable, \u00e9cran LED, et batterie rechargeable Type\u2011C de 850mAh. Sel de nicotine : 0\/2\/3\/5%.<\/p>","protected":false},"featured_media":146,"comment_status":"open","ping_status":"closed","template":"","meta":[],"product_brand":[],"product_cat":[16,18,17],"product_tag":[19,20,21,22,36,23,25,26,27,28],"class_list":{"0":"post-89","1":"product","2":"type-product","3":"status-publish","4":"has-post-thumbnail","6":"product_cat-15000-puff","7":"product_cat-randm-tornado-15000-puffs","8":"product_cat-vape","9":"product_tag-25ml","10":"product_tag-850mah","11":"product_tag-adjustable-airflow","12":"product_tag-blue-razz","13":"product_tag-cherry","14":"product_tag-display","15":"product_tag-mesh-coil","16":"product_tag-rechargeable","17":"product_tag-rgb-light","18":"product_tag-type-c","20":"first","21":"instock","22":"sale","23":"shipping-taxable","24":"purchasable","25":"product-type-variable","26":"has-default-attributes"},"yoast_head":"<!-- This site is optimized with the Yoast SEO plugin v26.8 - https:\/\/yoast.com\/product\/yoast-seo-wordpress\/ -->\n<title>RandM Tornado 15000 Blue Razz Cherry | 25ml, 850mAh<\/title>\n<meta name=\"description\" content=\"RandM Tornado 15000 Puffs Blue Razz Cherry: 25ml e-liquid, mesh coil, adjustable airflow, LED display, 850mAh rechargeable Type\u2011C. 0\/2\/3\/5%.\" \/>\n<meta name=\"robots\" content=\"index, follow, max-snippet:-1, max-image-preview:large, max-video-preview:-1\" \/>\n<link rel=\"canonical\" href=\"https:\/\/fumot.uk\/fr\/product\/randm-tornado-15000-puffs-blue-razz-cherry\/\" \/>\n<meta property=\"og:locale\" content=\"fr_FR\" \/>\n<meta property=\"og:type\" content=\"article\" \/>\n<meta property=\"og:title\" content=\"RandM Tornado 15000 Puffs \u2013 Blue Razz Cherry\" \/>\n<meta property=\"og:description\" content=\"A tangy blue raspberry and juicy cherry blend with mesh coil, adjustable airflow, LED display, 25ml e-liquid and 850mAh rechargeable Type\u2011C battery.\" \/>\n<meta property=\"og:url\" content=\"https:\/\/fumot.uk\/fr\/product\/randm-tornado-15000-puffs-blue-razz-cherry\/\" \/>\n<meta property=\"og:site_name\" content=\"Fumot Official Direct | Straight from the Factory, 100% Genuine\" \/>\n<meta property=\"article:modified_time\" content=\"2026-01-20T07:31:14+00:00\" \/>\n<meta property=\"og:image\" content=\"https:\/\/fumot.uk\/wp-content\/uploads\/2026\/01\/Randm-Tornado-15000-Blue-Razz-Cherry.jpg\" \/>\n\t<meta property=\"og:image:width\" content=\"2000\" \/>\n\t<meta property=\"og:image:height\" content=\"2000\" \/>\n\t<meta property=\"og:image:type\" content=\"image\/jpeg\" \/>\n<meta name=\"twitter:card\" content=\"summary_large_image\" \/>\n<meta name=\"twitter:label1\" content=\"Dur\u00e9e de lecture estim\u00e9e\" \/>\n\t<meta name=\"twitter:data1\" content=\"1 minute\" \/>\n<script type=\"application\/ld+json\" class=\"yoast-schema-graph\">{\"@context\":\"https:\/\/schema.org\",\"@graph\":[{\"@type\":\"WebPage\",\"@id\":\"https:\/\/fumot.uk\/product\/randm-tornado-15000-puffs-blue-razz-cherry\/\",\"url\":\"https:\/\/fumot.uk\/product\/randm-tornado-15000-puffs-blue-razz-cherry\/\",\"name\":\"RandM Tornado 15000 Blue Razz Cherry | 25ml, 850mAh\",\"isPartOf\":{\"@id\":\"https:\/\/fumot.uk\/#website\"},\"primaryImageOfPage\":{\"@id\":\"https:\/\/fumot.uk\/product\/randm-tornado-15000-puffs-blue-razz-cherry\/#primaryimage\"},\"image\":{\"@id\":\"https:\/\/fumot.uk\/product\/randm-tornado-15000-puffs-blue-razz-cherry\/#primaryimage\"},\"thumbnailUrl\":\"https:\/\/fumot.uk\/wp-content\/uploads\/2026\/01\/Randm-Tornado-15000-Blue-Razz-Cherry.jpg\",\"datePublished\":\"2026-01-20T02:40:09+00:00\",\"dateModified\":\"2026-01-20T07:31:14+00:00\",\"description\":\"RandM Tornado 15000 Puffs Blue Razz Cherry: 25ml e-liquid, mesh coil, adjustable airflow, LED display, 850mAh rechargeable Type\u2011C. 0\/2\/3\/5%.\",\"breadcrumb\":{\"@id\":\"https:\/\/fumot.uk\/product\/randm-tornado-15000-puffs-blue-razz-cherry\/#breadcrumb\"},\"inLanguage\":\"fr-FR\",\"potentialAction\":[{\"@type\":\"ReadAction\",\"target\":[\"https:\/\/fumot.uk\/product\/randm-tornado-15000-puffs-blue-razz-cherry\/\"]}]},{\"@type\":\"ImageObject\",\"inLanguage\":\"fr-FR\",\"@id\":\"https:\/\/fumot.uk\/product\/randm-tornado-15000-puffs-blue-razz-cherry\/#primaryimage\",\"url\":\"https:\/\/fumot.uk\/wp-content\/uploads\/2026\/01\/Randm-Tornado-15000-Blue-Razz-Cherry.jpg\",\"contentUrl\":\"https:\/\/fumot.uk\/wp-content\/uploads\/2026\/01\/Randm-Tornado-15000-Blue-Razz-Cherry.jpg\",\"width\":2000,\"height\":2000},{\"@type\":\"BreadcrumbList\",\"@id\":\"https:\/\/fumot.uk\/product\/randm-tornado-15000-puffs-blue-razz-cherry\/#breadcrumb\",\"itemListElement\":[{\"@type\":\"ListItem\",\"position\":1,\"name\":\"Home\",\"item\":\"https:\/\/fumot.uk\/\"},{\"@type\":\"ListItem\",\"position\":2,\"name\":\"Shop\",\"item\":\"https:\/\/fumot.uk\/shop\/\"},{\"@type\":\"ListItem\",\"position\":3,\"name\":\"RandM Tornado 15000 Puffs Blue Razz Cherry Disposable Vape (25ml, 850mAh, Display, Adjustable Airflow)\"}]},{\"@type\":\"WebSite\",\"@id\":\"https:\/\/fumot.uk\/#website\",\"url\":\"https:\/\/fumot.uk\/\",\"name\":\"Fumot Official Direct | Straight from the Factory, 100% Genuine\",\"description\":\"Official Website\",\"publisher\":{\"@id\":\"https:\/\/fumot.uk\/#organization\"},\"potentialAction\":[{\"@type\":\"SearchAction\",\"target\":{\"@type\":\"EntryPoint\",\"urlTemplate\":\"https:\/\/fumot.uk\/?s={search_term_string}\"},\"query-input\":{\"@type\":\"PropertyValueSpecification\",\"valueRequired\":true,\"valueName\":\"search_term_string\"}}],\"inLanguage\":\"fr-FR\"},{\"@type\":\"Organization\",\"@id\":\"https:\/\/fumot.uk\/#organization\",\"name\":\"Fumot Official Direct | Straight from the Factory, 100% Genuine\",\"url\":\"https:\/\/fumot.uk\/\",\"logo\":{\"@type\":\"ImageObject\",\"inLanguage\":\"fr-FR\",\"@id\":\"https:\/\/fumot.uk\/#\/schema\/logo\/image\/\",\"url\":\"https:\/\/fumot.uk\/wp-content\/uploads\/2026\/01\/cropped-fumot-logo1.png\",\"contentUrl\":\"https:\/\/fumot.uk\/wp-content\/uploads\/2026\/01\/cropped-fumot-logo1.png\",\"width\":152,\"height\":106,\"caption\":\"Fumot Official Direct | Straight from the Factory, 100% Genuine\"},\"image\":{\"@id\":\"https:\/\/fumot.uk\/#\/schema\/logo\/image\/\"}}]}<\/script>\n<!-- \/ Yoast SEO plugin. -->","yoast_head_json":{"title":"RandM Tornado 15000 Blue Razz Cherry | 25ml, 850mAh","description":"RandM Tornado 15000 Puffs Blue Razz Cherry : 25ml e-liquide, bobine en maille, d\u00e9bit d'air r\u00e9glable, affichage LED, 850mAh rechargeable Type\u2011C. 0\/2\/3\/5%.","robots":{"index":"index","follow":"follow","max-snippet":"max-snippet:-1","max-image-preview":"max-image-preview:large","max-video-preview":"max-video-preview:-1"},"canonical":"https:\/\/fumot.uk\/fr\/product\/randm-tornado-15000-puffs-blue-razz-cherry\/","og_locale":"fr_FR","og_type":"article","og_title":"RandM Tornado 15000 Puffs \u2013 Blue Razz Cherry","og_description":"A tangy blue raspberry and juicy cherry blend with mesh coil, adjustable airflow, LED display, 25ml e-liquid and 850mAh rechargeable Type\u2011C battery.","og_url":"https:\/\/fumot.uk\/fr\/product\/randm-tornado-15000-puffs-blue-razz-cherry\/","og_site_name":"Fumot Official Direct | Straight from the Factory, 100% Genuine","article_modified_time":"2026-01-20T07:31:14+00:00","og_image":[{"width":2000,"height":2000,"url":"https:\/\/fumot.uk\/wp-content\/uploads\/2026\/01\/Randm-Tornado-15000-Blue-Razz-Cherry.jpg","type":"image\/jpeg"}],"twitter_card":"summary_large_image","twitter_misc":{"Dur\u00e9e de lecture estim\u00e9e":"1 minute"},"schema":{"@context":"https:\/\/schema.org","@graph":[{"@type":"WebPage","@id":"https:\/\/fumot.uk\/product\/randm-tornado-15000-puffs-blue-razz-cherry\/","url":"https:\/\/fumot.uk\/product\/randm-tornado-15000-puffs-blue-razz-cherry\/","name":"RandM Tornado 15000 Blue Razz Cherry | 25ml, 850mAh","isPartOf":{"@id":"https:\/\/fumot.uk\/#website"},"primaryImageOfPage":{"@id":"https:\/\/fumot.uk\/product\/randm-tornado-15000-puffs-blue-razz-cherry\/#primaryimage"},"image":{"@id":"https:\/\/fumot.uk\/product\/randm-tornado-15000-puffs-blue-razz-cherry\/#primaryimage"},"thumbnailUrl":"https:\/\/fumot.uk\/wp-content\/uploads\/2026\/01\/Randm-Tornado-15000-Blue-Razz-Cherry.jpg","datePublished":"2026-01-20T02:40:09+00:00","dateModified":"2026-01-20T07:31:14+00:00","description":"RandM Tornado 15000 Puffs Blue Razz Cherry : 25ml e-liquide, bobine en maille, d\u00e9bit d'air r\u00e9glable, affichage LED, 850mAh rechargeable Type\u2011C. 0\/2\/3\/5%.","breadcrumb":{"@id":"https:\/\/fumot.uk\/product\/randm-tornado-15000-puffs-blue-razz-cherry\/#breadcrumb"},"inLanguage":"fr-FR","potentialAction":[{"@type":"ReadAction","target":["https:\/\/fumot.uk\/product\/randm-tornado-15000-puffs-blue-razz-cherry\/"]}]},{"@type":"ImageObject","inLanguage":"fr-FR","@id":"https:\/\/fumot.uk\/product\/randm-tornado-15000-puffs-blue-razz-cherry\/#primaryimage","url":"https:\/\/fumot.uk\/wp-content\/uploads\/2026\/01\/Randm-Tornado-15000-Blue-Razz-Cherry.jpg","contentUrl":"https:\/\/fumot.uk\/wp-content\/uploads\/2026\/01\/Randm-Tornado-15000-Blue-Razz-Cherry.jpg","width":2000,"height":2000},{"@type":"BreadcrumbList","@id":"https:\/\/fumot.uk\/product\/randm-tornado-15000-puffs-blue-razz-cherry\/#breadcrumb","itemListElement":[{"@type":"ListItem","position":1,"name":"Home","item":"https:\/\/fumot.uk\/"},{"@type":"ListItem","position":2,"name":"Shop","item":"https:\/\/fumot.uk\/shop\/"},{"@type":"ListItem","position":3,"name":"RandM Tornado 15000 Puffs Blue Razz Cherry Disposable Vape (25ml, 850mAh, Display, Adjustable Airflow)"}]},{"@type":"WebSite","@id":"https:\/\/fumot.uk\/#website","url":"https:\/\/fumot.uk\/","name":"Fumot Official Direct | Directement de l'usine, 100% Authentique","description":"Site officiel","publisher":{"@id":"https:\/\/fumot.uk\/#organization"},"potentialAction":[{"@type":"SearchAction","target":{"@type":"EntryPoint","urlTemplate":"https:\/\/fumot.uk\/?s={search_term_string}"},"query-input":{"@type":"PropertyValueSpecification","valueRequired":true,"valueName":"search_term_string"}}],"inLanguage":"fr-FR"},{"@type":"Organization","@id":"https:\/\/fumot.uk\/#organization","name":"Fumot Official Direct | Directement de l'usine, 100% Authentique","url":"https:\/\/fumot.uk\/","logo":{"@type":"ImageObject","inLanguage":"fr-FR","@id":"https:\/\/fumot.uk\/#\/schema\/logo\/image\/","url":"https:\/\/fumot.uk\/wp-content\/uploads\/2026\/01\/cropped-fumot-logo1.png","contentUrl":"https:\/\/fumot.uk\/wp-content\/uploads\/2026\/01\/cropped-fumot-logo1.png","width":152,"height":106,"caption":"Fumot Official Direct | Straight from the Factory, 100% Genuine"},"image":{"@id":"https:\/\/fumot.uk\/#\/schema\/logo\/image\/"}}]}},"_links":{"self":[{"href":"https:\/\/fumot.uk\/fr\/wp-json\/wp\/v2\/product\/89","targetHints":{"allow":["GET"]}}],"collection":[{"href":"https:\/\/fumot.uk\/fr\/wp-json\/wp\/v2\/product"}],"about":[{"href":"https:\/\/fumot.uk\/fr\/wp-json\/wp\/v2\/types\/product"}],"replies":[{"embeddable":true,"href":"https:\/\/fumot.uk\/fr\/wp-json\/wp\/v2\/comments?post=89"}],"wp:featuredmedia":[{"embeddable":true,"href":"https:\/\/fumot.uk\/fr\/wp-json\/wp\/v2\/media\/146"}],"wp:attachment":[{"href":"https:\/\/fumot.uk\/fr\/wp-json\/wp\/v2\/media?parent=89"}],"wp:term":[{"taxonomy":"product_brand","embeddable":true,"href":"https:\/\/fumot.uk\/fr\/wp-json\/wp\/v2\/product_brand?post=89"},{"taxonomy":"product_cat","embeddable":true,"href":"https:\/\/fumot.uk\/fr\/wp-json\/wp\/v2\/product_cat?post=89"},{"taxonomy":"product_tag","embeddable":true,"href":"https:\/\/fumot.uk\/fr\/wp-json\/wp\/v2\/product_tag?post=89"}],"curies":[{"name":"wp","href":"https:\/\/api.w.org\/{rel}","templated":true}]}}