{"id":85,"date":"2026-01-20T02:40:08","date_gmt":"2026-01-20T02:40:08","guid":{"rendered":"https:\/\/fumot.uk\/?post_type=product&#038;p=85"},"modified":"2026-01-20T07:31:24","modified_gmt":"2026-01-20T07:31:24","slug":"randm-tornado-15000-puffs-triple-berry","status":"publish","type":"product","link":"https:\/\/fumot.uk\/fr\/product\/randm-tornado-15000-puffs-triple-berry\/","title":{"rendered":"RandM Tornado 15000 Puffs Triple Berry Vape Jetable (25ml, 850mAh, Flux d'air r\u00e9glable)"},"content":{"rendered":"<h2>RandM Tornado 15000 Puffs \u2013 Triple Berry<\/h2>\n<p><strong>Triple Berry<\/strong> m\u00e9lange la douceur juteuse de <strong>fraise<\/strong>, la profondeur douce de <strong>myrtille<\/strong>, et la finition audacieuse de <strong>m\u00fbre<\/strong> en une vape fruit\u00e9e et stratifi\u00e9e. C\u2019est lumineux \u00e0 l\u2019inhalation, riche au milieu, et propre \u00e0 l\u2019exhalation\u2014parfait quand vous voulez un profil de baies qui reste savoureux du premier au dernier puff.<\/p>\n<p>Aliment\u00e9 par un <strong>bobine en maille<\/strong>, le RandM Tornado 15000 offre un chauffage plus uniforme pour un go\u00fbt constant et une inhalation plus douce. Avec <strong>flux d'air r\u00e9glable<\/strong>, vous pouvez facilement ajuster votre inhalation de plus serr\u00e9e et percutante \u00e0 plus ouverte et a\u00e9r\u00e9e\u2014pour que le m\u00e9lange de baies frappe exactement comme vous l\u2019aimez.<\/p>\n<p>Vous cherchez plus de saveurs ou les derni\u00e8res options RandM ? D\u00e9couvrez-en plus sur <a href=\"https:\/\/fumot.uk\/fr\/\">fumot.uk<\/a>.<\/p>\n<h3>Caract\u00e9ristiques cl\u00e9s<\/h3>\n<ul>\n<li><strong>Jusqu'\u00e0 15000 puffs<\/strong> (l\u2019utilisation varie selon le style d\u2019inhalation)<\/li>\n<li><strong>Capacit\u00e9 d'e-liquide :<\/strong> Triple Berry (fraise, myrtille, m\u00fbre)<\/li>\n<li><strong>Capacit\u00e9 de e-liquide :<\/strong> 25ml<\/li>\n<li><strong>Options de sel de nicotine :<\/strong> 0% \/ 2% \/ 3% \/ 5%<\/li>\n<li><strong>Indicateur de batterie et d'e-liquide<\/strong> pour une saveur constante<\/li>\n<li><strong>Flux d'air ajustable<\/strong> pour une aspiration personnalis\u00e9e<\/li>\n<li><strong>Rechargeable<\/strong> appareil avec <strong>batterie int\u00e9gr\u00e9e de 850mAh<\/strong><\/li>\n<li><strong>charge Type-C<\/strong><\/li>\n<li><strong>Affichage<\/strong> + <strong>D\u00e9tail de design<\/strong><\/li>\n<li><strong>41 saveurs disponibles<\/strong> \u00e0 travers la gamme<\/li>\n<\/ul>\n<h3>Pourquoi vous aimerez Triple Berry<\/h3>\n<ul>\n<li><strong>M\u00e9lange \u00e9quilibr\u00e9 de baies<\/strong>\u2014doux, juteux, et pas trop puissant<\/li>\n<li><strong>Id\u00e9al pour le vapotage quotidien<\/strong> quand vous voulez un profil fruit\u00e9 fiable<\/li>\n<li><strong>Intensit\u00e9 ajustable<\/strong> avec contr\u00f4le du flux d\u2019air<\/li>\n<\/ul>\n<p><em>Astuce :<\/em> Pour la meilleure exp\u00e9rience, rechargez lorsque la batterie est faible et gardez le r\u00e9glage du flux d\u2019air constant pour une saveur stable. D\u00e9couvrez plus de saveurs de vapes jetables sur <a href=\"https:\/\/fumot.uk\/fr\/\">fumot.uk<\/a>.<\/p>","protected":false},"excerpt":{"rendered":"<p>RandM Tornado 15000 Puffs Triple Berry : un m\u00e9lange de fraise-myrtille-m\u00fbre en couches avec une bobine en mesh, un flux d'air r\u00e9glable, 25 ml de e-liquide, et un appareil rechargeable 850mAh Type\u2011C. Sels de nicotine : 0\/2\/3\/5%.<\/p>","protected":false},"featured_media":129,"comment_status":"open","ping_status":"closed","template":"","meta":[],"product_brand":[],"product_cat":[16,18,17],"product_tag":[19,20,21,41,23,25,26,27,28],"class_list":{"0":"post-85","1":"product","2":"type-product","3":"status-publish","4":"has-post-thumbnail","6":"product_cat-15000-puff","7":"product_cat-randm-tornado-15000-puffs","8":"product_cat-vape","9":"product_tag-25ml","10":"product_tag-850mah","11":"product_tag-adjustable-airflow","12":"product_tag-berry","13":"product_tag-display","14":"product_tag-mesh-coil","15":"product_tag-rechargeable","16":"product_tag-rgb-light","17":"product_tag-type-c","19":"first","20":"instock","21":"sale","22":"shipping-taxable","23":"purchasable","24":"product-type-variable","25":"has-default-attributes"},"yoast_head":"<!-- This site is optimized with the Yoast SEO plugin v26.8 - https:\/\/yoast.com\/product\/yoast-seo-wordpress\/ -->\n<title>RandM Tornado 15000 Triple Berry | 15000 Puffs<\/title>\n<meta name=\"description\" content=\"RandM Tornado 15000 Triple Berry disposable vape: 25ml e-liquid, mesh coil, adjustable airflow, 850mAh rechargeable Type\u2011C. Nic salts 0\/2\/3\/5%.\" \/>\n<meta name=\"robots\" content=\"index, follow, max-snippet:-1, max-image-preview:large, max-video-preview:-1\" \/>\n<link rel=\"canonical\" href=\"https:\/\/fumot.uk\/fr\/product\/randm-tornado-15000-puffs-triple-berry\/\" \/>\n<meta property=\"og:locale\" content=\"fr_FR\" \/>\n<meta property=\"og:type\" content=\"article\" \/>\n<meta property=\"og:title\" content=\"RandM Tornado 15000 Puffs \u2013 Triple Berry\" \/>\n<meta property=\"og:description\" content=\"Enjoy a juicy Triple Berry blend (strawberry, blueberry, blackberry) with mesh coil flavour, adjustable airflow, 25ml e-liquid and a rechargeable 850mAh Type\u2011C device.\" \/>\n<meta property=\"og:url\" content=\"https:\/\/fumot.uk\/fr\/product\/randm-tornado-15000-puffs-triple-berry\/\" \/>\n<meta property=\"og:site_name\" content=\"Fumot Official Direct | Straight from the Factory, 100% Genuine\" \/>\n<meta property=\"article:modified_time\" content=\"2026-01-20T07:31:24+00:00\" \/>\n<meta property=\"og:image\" content=\"https:\/\/fumot.uk\/wp-content\/uploads\/2026\/01\/Randm-Tornado-15000-Triple-berry.jpg\" \/>\n\t<meta property=\"og:image:width\" content=\"2000\" \/>\n\t<meta property=\"og:image:height\" content=\"2000\" \/>\n\t<meta property=\"og:image:type\" content=\"image\/jpeg\" \/>\n<meta name=\"twitter:card\" content=\"summary_large_image\" \/>\n<meta name=\"twitter:label1\" content=\"Dur\u00e9e de lecture estim\u00e9e\" \/>\n\t<meta name=\"twitter:data1\" content=\"1 minute\" \/>\n<script type=\"application\/ld+json\" class=\"yoast-schema-graph\">{\"@context\":\"https:\/\/schema.org\",\"@graph\":[{\"@type\":\"WebPage\",\"@id\":\"https:\/\/fumot.uk\/product\/randm-tornado-15000-puffs-triple-berry\/\",\"url\":\"https:\/\/fumot.uk\/product\/randm-tornado-15000-puffs-triple-berry\/\",\"name\":\"RandM Tornado 15000 Triple Berry | 15000 Puffs\",\"isPartOf\":{\"@id\":\"https:\/\/fumot.uk\/#website\"},\"primaryImageOfPage\":{\"@id\":\"https:\/\/fumot.uk\/product\/randm-tornado-15000-puffs-triple-berry\/#primaryimage\"},\"image\":{\"@id\":\"https:\/\/fumot.uk\/product\/randm-tornado-15000-puffs-triple-berry\/#primaryimage\"},\"thumbnailUrl\":\"https:\/\/fumot.uk\/wp-content\/uploads\/2026\/01\/Randm-Tornado-15000-Triple-berry.jpg\",\"datePublished\":\"2026-01-20T02:40:08+00:00\",\"dateModified\":\"2026-01-20T07:31:24+00:00\",\"description\":\"RandM Tornado 15000 Triple Berry disposable vape: 25ml e-liquid, mesh coil, adjustable airflow, 850mAh rechargeable Type\u2011C. Nic salts 0\/2\/3\/5%.\",\"breadcrumb\":{\"@id\":\"https:\/\/fumot.uk\/product\/randm-tornado-15000-puffs-triple-berry\/#breadcrumb\"},\"inLanguage\":\"fr-FR\",\"potentialAction\":[{\"@type\":\"ReadAction\",\"target\":[\"https:\/\/fumot.uk\/product\/randm-tornado-15000-puffs-triple-berry\/\"]}]},{\"@type\":\"ImageObject\",\"inLanguage\":\"fr-FR\",\"@id\":\"https:\/\/fumot.uk\/product\/randm-tornado-15000-puffs-triple-berry\/#primaryimage\",\"url\":\"https:\/\/fumot.uk\/wp-content\/uploads\/2026\/01\/Randm-Tornado-15000-Triple-berry.jpg\",\"contentUrl\":\"https:\/\/fumot.uk\/wp-content\/uploads\/2026\/01\/Randm-Tornado-15000-Triple-berry.jpg\",\"width\":2000,\"height\":2000},{\"@type\":\"BreadcrumbList\",\"@id\":\"https:\/\/fumot.uk\/product\/randm-tornado-15000-puffs-triple-berry\/#breadcrumb\",\"itemListElement\":[{\"@type\":\"ListItem\",\"position\":1,\"name\":\"Home\",\"item\":\"https:\/\/fumot.uk\/\"},{\"@type\":\"ListItem\",\"position\":2,\"name\":\"Shop\",\"item\":\"https:\/\/fumot.uk\/shop\/\"},{\"@type\":\"ListItem\",\"position\":3,\"name\":\"RandM Tornado 15000 Puffs Triple Berry Disposable Vape (25ml, 850mAh, Adjustable Airflow)\"}]},{\"@type\":\"WebSite\",\"@id\":\"https:\/\/fumot.uk\/#website\",\"url\":\"https:\/\/fumot.uk\/\",\"name\":\"Fumot Official Direct | Straight from the Factory, 100% Genuine\",\"description\":\"Official Website\",\"publisher\":{\"@id\":\"https:\/\/fumot.uk\/#organization\"},\"potentialAction\":[{\"@type\":\"SearchAction\",\"target\":{\"@type\":\"EntryPoint\",\"urlTemplate\":\"https:\/\/fumot.uk\/?s={search_term_string}\"},\"query-input\":{\"@type\":\"PropertyValueSpecification\",\"valueRequired\":true,\"valueName\":\"search_term_string\"}}],\"inLanguage\":\"fr-FR\"},{\"@type\":\"Organization\",\"@id\":\"https:\/\/fumot.uk\/#organization\",\"name\":\"Fumot Official Direct | Straight from the Factory, 100% Genuine\",\"url\":\"https:\/\/fumot.uk\/\",\"logo\":{\"@type\":\"ImageObject\",\"inLanguage\":\"fr-FR\",\"@id\":\"https:\/\/fumot.uk\/#\/schema\/logo\/image\/\",\"url\":\"https:\/\/fumot.uk\/wp-content\/uploads\/2026\/01\/cropped-fumot-logo1.png\",\"contentUrl\":\"https:\/\/fumot.uk\/wp-content\/uploads\/2026\/01\/cropped-fumot-logo1.png\",\"width\":152,\"height\":106,\"caption\":\"Fumot Official Direct | Straight from the Factory, 100% Genuine\"},\"image\":{\"@id\":\"https:\/\/fumot.uk\/#\/schema\/logo\/image\/\"}}]}<\/script>\n<!-- \/ Yoast SEO plugin. -->","yoast_head_json":{"title":"RandM Tornado 15000 Triple Berry | 15000 Bouff\u00e9es","description":"RandM Tornado 15000 Triple Berry vape jetable : 25ml e-liquide, bobine en maille, flux d'air r\u00e9glable, 850mAh rechargeable Type\u2011C. Sels de nicotine 0\/2\/3\/5%.","robots":{"index":"index","follow":"follow","max-snippet":"max-snippet:-1","max-image-preview":"max-image-preview:large","max-video-preview":"max-video-preview:-1"},"canonical":"https:\/\/fumot.uk\/fr\/product\/randm-tornado-15000-puffs-triple-berry\/","og_locale":"fr_FR","og_type":"article","og_title":"RandM Tornado 15000 Puffs \u2013 Triple Berry","og_description":"Enjoy a juicy Triple Berry blend (strawberry, blueberry, blackberry) with mesh coil flavour, adjustable airflow, 25ml e-liquid and a rechargeable 850mAh Type\u2011C device.","og_url":"https:\/\/fumot.uk\/fr\/product\/randm-tornado-15000-puffs-triple-berry\/","og_site_name":"Fumot Official Direct | Straight from the Factory, 100% Genuine","article_modified_time":"2026-01-20T07:31:24+00:00","og_image":[{"width":2000,"height":2000,"url":"https:\/\/fumot.uk\/wp-content\/uploads\/2026\/01\/Randm-Tornado-15000-Triple-berry.jpg","type":"image\/jpeg"}],"twitter_card":"summary_large_image","twitter_misc":{"Dur\u00e9e de lecture estim\u00e9e":"1 minute"},"schema":{"@context":"https:\/\/schema.org","@graph":[{"@type":"WebPage","@id":"https:\/\/fumot.uk\/product\/randm-tornado-15000-puffs-triple-berry\/","url":"https:\/\/fumot.uk\/product\/randm-tornado-15000-puffs-triple-berry\/","name":"RandM Tornado 15000 Triple Berry | 15000 Bouff\u00e9es","isPartOf":{"@id":"https:\/\/fumot.uk\/#website"},"primaryImageOfPage":{"@id":"https:\/\/fumot.uk\/product\/randm-tornado-15000-puffs-triple-berry\/#primaryimage"},"image":{"@id":"https:\/\/fumot.uk\/product\/randm-tornado-15000-puffs-triple-berry\/#primaryimage"},"thumbnailUrl":"https:\/\/fumot.uk\/wp-content\/uploads\/2026\/01\/Randm-Tornado-15000-Triple-berry.jpg","datePublished":"2026-01-20T02:40:08+00:00","dateModified":"2026-01-20T07:31:24+00:00","description":"RandM Tornado 15000 Triple Berry vape jetable : 25ml e-liquide, bobine en maille, flux d'air r\u00e9glable, 850mAh rechargeable Type\u2011C. Sels de nicotine 0\/2\/3\/5%.","breadcrumb":{"@id":"https:\/\/fumot.uk\/product\/randm-tornado-15000-puffs-triple-berry\/#breadcrumb"},"inLanguage":"fr-FR","potentialAction":[{"@type":"ReadAction","target":["https:\/\/fumot.uk\/product\/randm-tornado-15000-puffs-triple-berry\/"]}]},{"@type":"ImageObject","inLanguage":"fr-FR","@id":"https:\/\/fumot.uk\/product\/randm-tornado-15000-puffs-triple-berry\/#primaryimage","url":"https:\/\/fumot.uk\/wp-content\/uploads\/2026\/01\/Randm-Tornado-15000-Triple-berry.jpg","contentUrl":"https:\/\/fumot.uk\/wp-content\/uploads\/2026\/01\/Randm-Tornado-15000-Triple-berry.jpg","width":2000,"height":2000},{"@type":"BreadcrumbList","@id":"https:\/\/fumot.uk\/product\/randm-tornado-15000-puffs-triple-berry\/#breadcrumb","itemListElement":[{"@type":"ListItem","position":1,"name":"Home","item":"https:\/\/fumot.uk\/"},{"@type":"ListItem","position":2,"name":"Shop","item":"https:\/\/fumot.uk\/shop\/"},{"@type":"ListItem","position":3,"name":"RandM Tornado 15000 Puffs Triple Berry Disposable Vape (25ml, 850mAh, Adjustable Airflow)"}]},{"@type":"WebSite","@id":"https:\/\/fumot.uk\/#website","url":"https:\/\/fumot.uk\/","name":"Fumot Official Direct | Directement de l'usine, 100% Authentique","description":"Site officiel","publisher":{"@id":"https:\/\/fumot.uk\/#organization"},"potentialAction":[{"@type":"SearchAction","target":{"@type":"EntryPoint","urlTemplate":"https:\/\/fumot.uk\/?s={search_term_string}"},"query-input":{"@type":"PropertyValueSpecification","valueRequired":true,"valueName":"search_term_string"}}],"inLanguage":"fr-FR"},{"@type":"Organization","@id":"https:\/\/fumot.uk\/#organization","name":"Fumot Official Direct | Directement de l'usine, 100% Authentique","url":"https:\/\/fumot.uk\/","logo":{"@type":"ImageObject","inLanguage":"fr-FR","@id":"https:\/\/fumot.uk\/#\/schema\/logo\/image\/","url":"https:\/\/fumot.uk\/wp-content\/uploads\/2026\/01\/cropped-fumot-logo1.png","contentUrl":"https:\/\/fumot.uk\/wp-content\/uploads\/2026\/01\/cropped-fumot-logo1.png","width":152,"height":106,"caption":"Fumot Official Direct | Straight from the Factory, 100% Genuine"},"image":{"@id":"https:\/\/fumot.uk\/#\/schema\/logo\/image\/"}}]}},"_links":{"self":[{"href":"https:\/\/fumot.uk\/fr\/wp-json\/wp\/v2\/product\/85","targetHints":{"allow":["GET"]}}],"collection":[{"href":"https:\/\/fumot.uk\/fr\/wp-json\/wp\/v2\/product"}],"about":[{"href":"https:\/\/fumot.uk\/fr\/wp-json\/wp\/v2\/types\/product"}],"replies":[{"embeddable":true,"href":"https:\/\/fumot.uk\/fr\/wp-json\/wp\/v2\/comments?post=85"}],"wp:featuredmedia":[{"embeddable":true,"href":"https:\/\/fumot.uk\/fr\/wp-json\/wp\/v2\/media\/129"}],"wp:attachment":[{"href":"https:\/\/fumot.uk\/fr\/wp-json\/wp\/v2\/media?parent=85"}],"wp:term":[{"taxonomy":"product_brand","embeddable":true,"href":"https:\/\/fumot.uk\/fr\/wp-json\/wp\/v2\/product_brand?post=85"},{"taxonomy":"product_cat","embeddable":true,"href":"https:\/\/fumot.uk\/fr\/wp-json\/wp\/v2\/product_cat?post=85"},{"taxonomy":"product_tag","embeddable":true,"href":"https:\/\/fumot.uk\/fr\/wp-json\/wp\/v2\/product_tag?post=85"}],"curies":[{"name":"wp","href":"https:\/\/api.w.org\/{rel}","templated":true}]}}