{"id":79,"date":"2026-01-20T02:40:07","date_gmt":"2026-01-20T02:40:07","guid":{"rendered":"https:\/\/fumot.uk\/?post_type=product&#038;p=79"},"modified":"2026-01-20T07:45:13","modified_gmt":"2026-01-20T07:45:13","slug":"randm-tornado-15000-puffs-strawberry-grape","status":"publish","type":"product","link":"https:\/\/fumot.uk\/fr\/product\/randm-tornado-15000-puffs-strawberry-grape\/","title":{"rendered":"RandM Tornado 15000 Puffs Vape Jetable Fraise Raisin (25ml, 850mAh, Flux d'air ajustable)"},"content":{"rendered":"<h2>RandM Tornado 15000 Puffs \u2013 Fraise Raisin<\/h2>\n<p><strong>RandM Tornado 15000 Puffs Fraise Raisin<\/strong> m\u00e9lange la douceur de la fraise m\u00fbre avec le raisin croquant et juteux pour une vape douce et en couches qui reste fra\u00eeche du premier tirage au dernier. Aliment\u00e9 par un <strong>Indicateur de batterie et d'e-liquide<\/strong> pour un chauffage uniforme et une saveur constante, il est con\u00e7u pour une inhalation satisfaisante et pleine de corps\u2014sans duret\u00e9.<\/p>\n<p>Avec <strong>flux d'air r\u00e9glable<\/strong>, vous pouvez affiner votre exp\u00e9rience : gardez-le plus serr\u00e9 pour une saveur plus concentr\u00e9e, ou ouvrez-le pour un tirage plus a\u00e9rien et l\u00e9ger. Le <strong>batterie rechargeable 850mAh<\/strong> soutient des sessions plus longues, tandis que le g\u00e9n\u00e9reux <strong>Capacit\u00e9 de 25ml de e-liquide<\/strong> vous aide \u00e0 rester approvisionn\u00e9 pour la journ\u00e9e.<\/p>\n<h3>Profil de saveur<\/h3>\n<ul>\n<li><strong>Inhalation :<\/strong> fraise vive et sucr\u00e9e comme un bonbon<\/li>\n<li><strong>Expiration :<\/strong> finition de raisin propre avec un arri\u00e8re-go\u00fbt fruit\u00e9<\/li>\n<li><strong>Global :<\/strong> fusion \u00e9quilibr\u00e9e de fruits sucr\u00e9s pour le vapotage quotidien<\/li>\n<\/ul>\n<h3>Caract\u00e9ristiques cl\u00e9s<\/h3>\n<ul>\n<li>Jusqu'\u00e0 <strong>15000 bouff\u00e9es<\/strong> (l'utilisation varie selon la longueur du tirage)<\/li>\n<li><strong>Options de sel de nicotine :<\/strong> 0% \/ 2% \/ 3% \/ 5%<\/li>\n<li><strong>25ml<\/strong> e-liquide pr\u00e9-rempli<\/li>\n<li><strong>Indicateur de batterie et d'e-liquide<\/strong> pour une saveur douce et constante<\/li>\n<li><strong>Flux d'air ajustable<\/strong> pour un tirage personnalis\u00e9<\/li>\n<li><strong>Rechargeable<\/strong> appareil avec <strong>850mAh<\/strong> batterie int\u00e9gr\u00e9e<\/li>\n<li><strong>Type-C<\/strong> support de charge<\/li>\n<li><strong>Affichage<\/strong> + <strong>D\u00e9tail de design<\/strong> (lorsque applicable par lot)<\/li>\n<li><strong>41 saveurs<\/strong> disponible dans la s\u00e9rie<\/li>\n<\/ul>\n<h3>Pourquoi Fraise Raisin ?<\/h3>\n<p>Si vous aimez les m\u00e9langes de fruits qui sont \u00e0 la fois sucr\u00e9s et rafra\u00eechissants, Fraise Raisin atteint un juste milieu satisfaisant\u2014fraise en t\u00eate, raisin pour compl\u00e9ter, et une finition douce \u00e0 laquelle il est facile de revenir.<\/p>\n<p>Explorez plus de saveurs et de mises \u00e0 jour sur <a href=\"https:\/\/fumot.uk\/fr\/\">fumot.uk<\/a>.<\/p>","protected":false},"excerpt":{"rendered":"<p>RandM Tornado 15000 Puffs Strawberry Grape vape jetable avec 25ml d'e-liquide, bobine en mesh, d\u00e9bit d'air r\u00e9glable, et batterie rechargeable de 850mAh. Nic salt : 0\/2\/3\/5%.<\/p>","protected":false},"featured_media":123,"comment_status":"open","ping_status":"closed","template":"","meta":[],"product_brand":[],"product_cat":[16,18,17],"product_tag":[19,20,21,23,39,25,26,27,37,28],"class_list":{"0":"post-79","1":"product","2":"type-product","3":"status-publish","4":"has-post-thumbnail","6":"product_cat-15000-puff","7":"product_cat-randm-tornado-15000-puffs","8":"product_cat-vape","9":"product_tag-25ml","10":"product_tag-850mah","11":"product_tag-adjustable-airflow","12":"product_tag-display","13":"product_tag-grape","14":"product_tag-mesh-coil","15":"product_tag-rechargeable","16":"product_tag-rgb-light","17":"product_tag-strawberry","18":"product_tag-type-c","20":"first","21":"instock","22":"sale","23":"shipping-taxable","24":"purchasable","25":"product-type-variable","26":"has-default-attributes"},"yoast_head":"<!-- This site is optimized with the Yoast SEO plugin v26.8 - https:\/\/yoast.com\/product\/yoast-seo-wordpress\/ -->\n<title>RandM Tornado 15000 Strawberry Grape | 25ml 850mAh<\/title>\n<meta name=\"description\" content=\"RandM Tornado 15000 Puffs Strawberry Grape: smooth mesh coil flavour, 25ml e-liquid, adjustable airflow, rechargeable 850mAh battery. Nic: 0\/2\/3\/5%.\" \/>\n<meta name=\"robots\" content=\"index, follow, max-snippet:-1, max-image-preview:large, max-video-preview:-1\" \/>\n<link rel=\"canonical\" href=\"https:\/\/fumot.uk\/fr\/product\/randm-tornado-15000-puffs-strawberry-grape\/\" \/>\n<meta property=\"og:locale\" content=\"fr_FR\" \/>\n<meta property=\"og:type\" content=\"article\" \/>\n<meta property=\"og:title\" content=\"RandM Tornado 15000 Puffs \u2013 Strawberry Grape\" \/>\n<meta property=\"og:description\" content=\"A sweet strawberry inhale with a crisp grape finish. Mesh coil, adjustable airflow, 25ml e-liquid, rechargeable 850mAh battery. Nic: 0\/2\/3\/5%.\" \/>\n<meta property=\"og:url\" content=\"https:\/\/fumot.uk\/fr\/product\/randm-tornado-15000-puffs-strawberry-grape\/\" \/>\n<meta property=\"og:site_name\" content=\"Fumot Official Direct | Straight from the Factory, 100% Genuine\" \/>\n<meta property=\"article:modified_time\" content=\"2026-01-20T07:45:13+00:00\" \/>\n<meta property=\"og:image\" content=\"https:\/\/fumot.uk\/wp-content\/uploads\/2026\/01\/Randm-Tornado-15000-Strawberry-grape.jpg\" \/>\n\t<meta property=\"og:image:width\" content=\"2000\" \/>\n\t<meta property=\"og:image:height\" content=\"2000\" \/>\n\t<meta property=\"og:image:type\" content=\"image\/jpeg\" \/>\n<meta name=\"twitter:card\" content=\"summary_large_image\" \/>\n<meta name=\"twitter:label1\" content=\"Dur\u00e9e de lecture estim\u00e9e\" \/>\n\t<meta name=\"twitter:data1\" content=\"1 minute\" \/>\n<script type=\"application\/ld+json\" class=\"yoast-schema-graph\">{\"@context\":\"https:\/\/schema.org\",\"@graph\":[{\"@type\":\"WebPage\",\"@id\":\"https:\/\/fumot.uk\/product\/randm-tornado-15000-puffs-strawberry-grape\/\",\"url\":\"https:\/\/fumot.uk\/product\/randm-tornado-15000-puffs-strawberry-grape\/\",\"name\":\"RandM Tornado 15000 Strawberry Grape | 25ml 850mAh\",\"isPartOf\":{\"@id\":\"https:\/\/fumot.uk\/#website\"},\"primaryImageOfPage\":{\"@id\":\"https:\/\/fumot.uk\/product\/randm-tornado-15000-puffs-strawberry-grape\/#primaryimage\"},\"image\":{\"@id\":\"https:\/\/fumot.uk\/product\/randm-tornado-15000-puffs-strawberry-grape\/#primaryimage\"},\"thumbnailUrl\":\"https:\/\/fumot.uk\/wp-content\/uploads\/2026\/01\/Randm-Tornado-15000-Strawberry-grape.jpg\",\"datePublished\":\"2026-01-20T02:40:07+00:00\",\"dateModified\":\"2026-01-20T07:45:13+00:00\",\"description\":\"RandM Tornado 15000 Puffs Strawberry Grape: smooth mesh coil flavour, 25ml e-liquid, adjustable airflow, rechargeable 850mAh battery. Nic: 0\/2\/3\/5%.\",\"breadcrumb\":{\"@id\":\"https:\/\/fumot.uk\/product\/randm-tornado-15000-puffs-strawberry-grape\/#breadcrumb\"},\"inLanguage\":\"fr-FR\",\"potentialAction\":[{\"@type\":\"ReadAction\",\"target\":[\"https:\/\/fumot.uk\/product\/randm-tornado-15000-puffs-strawberry-grape\/\"]}]},{\"@type\":\"ImageObject\",\"inLanguage\":\"fr-FR\",\"@id\":\"https:\/\/fumot.uk\/product\/randm-tornado-15000-puffs-strawberry-grape\/#primaryimage\",\"url\":\"https:\/\/fumot.uk\/wp-content\/uploads\/2026\/01\/Randm-Tornado-15000-Strawberry-grape.jpg\",\"contentUrl\":\"https:\/\/fumot.uk\/wp-content\/uploads\/2026\/01\/Randm-Tornado-15000-Strawberry-grape.jpg\",\"width\":2000,\"height\":2000},{\"@type\":\"BreadcrumbList\",\"@id\":\"https:\/\/fumot.uk\/product\/randm-tornado-15000-puffs-strawberry-grape\/#breadcrumb\",\"itemListElement\":[{\"@type\":\"ListItem\",\"position\":1,\"name\":\"Home\",\"item\":\"https:\/\/fumot.uk\/\"},{\"@type\":\"ListItem\",\"position\":2,\"name\":\"Shop\",\"item\":\"https:\/\/fumot.uk\/shop\/\"},{\"@type\":\"ListItem\",\"position\":3,\"name\":\"RandM Tornado 15000 Puffs Strawberry Grape Disposable Vape (25ml, 850mAh, Adjustable Airflow)\"}]},{\"@type\":\"WebSite\",\"@id\":\"https:\/\/fumot.uk\/#website\",\"url\":\"https:\/\/fumot.uk\/\",\"name\":\"Fumot Official Direct | Straight from the Factory, 100% Genuine\",\"description\":\"Official Website\",\"publisher\":{\"@id\":\"https:\/\/fumot.uk\/#organization\"},\"potentialAction\":[{\"@type\":\"SearchAction\",\"target\":{\"@type\":\"EntryPoint\",\"urlTemplate\":\"https:\/\/fumot.uk\/?s={search_term_string}\"},\"query-input\":{\"@type\":\"PropertyValueSpecification\",\"valueRequired\":true,\"valueName\":\"search_term_string\"}}],\"inLanguage\":\"fr-FR\"},{\"@type\":\"Organization\",\"@id\":\"https:\/\/fumot.uk\/#organization\",\"name\":\"Fumot Official Direct | Straight from the Factory, 100% Genuine\",\"url\":\"https:\/\/fumot.uk\/\",\"logo\":{\"@type\":\"ImageObject\",\"inLanguage\":\"fr-FR\",\"@id\":\"https:\/\/fumot.uk\/#\/schema\/logo\/image\/\",\"url\":\"https:\/\/fumot.uk\/wp-content\/uploads\/2026\/01\/cropped-fumot-logo1.png\",\"contentUrl\":\"https:\/\/fumot.uk\/wp-content\/uploads\/2026\/01\/cropped-fumot-logo1.png\",\"width\":152,\"height\":106,\"caption\":\"Fumot Official Direct | Straight from the Factory, 100% Genuine\"},\"image\":{\"@id\":\"https:\/\/fumot.uk\/#\/schema\/logo\/image\/\"}}]}<\/script>\n<!-- \/ Yoast SEO plugin. -->","yoast_head_json":{"title":"RandM Tornado 15000 Fraise Raisin | 25ml 850mAh","description":"RandM Tornado 15000 Puffs Fraise Raisin : saveur de bobine en maille lisse, 25ml d'e-liquide, flux d'air r\u00e9glable, batterie rechargeable 850mAh. Nic : 0\/2\/3\/5%.","robots":{"index":"index","follow":"follow","max-snippet":"max-snippet:-1","max-image-preview":"max-image-preview:large","max-video-preview":"max-video-preview:-1"},"canonical":"https:\/\/fumot.uk\/fr\/product\/randm-tornado-15000-puffs-strawberry-grape\/","og_locale":"fr_FR","og_type":"article","og_title":"RandM Tornado 15000 Puffs \u2013 Strawberry Grape","og_description":"A sweet strawberry inhale with a crisp grape finish. Mesh coil, adjustable airflow, 25ml e-liquid, rechargeable 850mAh battery. Nic: 0\/2\/3\/5%.","og_url":"https:\/\/fumot.uk\/fr\/product\/randm-tornado-15000-puffs-strawberry-grape\/","og_site_name":"Fumot Official Direct | Straight from the Factory, 100% Genuine","article_modified_time":"2026-01-20T07:45:13+00:00","og_image":[{"width":2000,"height":2000,"url":"https:\/\/fumot.uk\/wp-content\/uploads\/2026\/01\/Randm-Tornado-15000-Strawberry-grape.jpg","type":"image\/jpeg"}],"twitter_card":"summary_large_image","twitter_misc":{"Dur\u00e9e de lecture estim\u00e9e":"1 minute"},"schema":{"@context":"https:\/\/schema.org","@graph":[{"@type":"WebPage","@id":"https:\/\/fumot.uk\/product\/randm-tornado-15000-puffs-strawberry-grape\/","url":"https:\/\/fumot.uk\/product\/randm-tornado-15000-puffs-strawberry-grape\/","name":"RandM Tornado 15000 Fraise Raisin | 25ml 850mAh","isPartOf":{"@id":"https:\/\/fumot.uk\/#website"},"primaryImageOfPage":{"@id":"https:\/\/fumot.uk\/product\/randm-tornado-15000-puffs-strawberry-grape\/#primaryimage"},"image":{"@id":"https:\/\/fumot.uk\/product\/randm-tornado-15000-puffs-strawberry-grape\/#primaryimage"},"thumbnailUrl":"https:\/\/fumot.uk\/wp-content\/uploads\/2026\/01\/Randm-Tornado-15000-Strawberry-grape.jpg","datePublished":"2026-01-20T02:40:07+00:00","dateModified":"2026-01-20T07:45:13+00:00","description":"RandM Tornado 15000 Puffs Fraise Raisin : saveur de bobine en maille lisse, 25ml d'e-liquide, flux d'air r\u00e9glable, batterie rechargeable 850mAh. Nic : 0\/2\/3\/5%.","breadcrumb":{"@id":"https:\/\/fumot.uk\/product\/randm-tornado-15000-puffs-strawberry-grape\/#breadcrumb"},"inLanguage":"fr-FR","potentialAction":[{"@type":"ReadAction","target":["https:\/\/fumot.uk\/product\/randm-tornado-15000-puffs-strawberry-grape\/"]}]},{"@type":"ImageObject","inLanguage":"fr-FR","@id":"https:\/\/fumot.uk\/product\/randm-tornado-15000-puffs-strawberry-grape\/#primaryimage","url":"https:\/\/fumot.uk\/wp-content\/uploads\/2026\/01\/Randm-Tornado-15000-Strawberry-grape.jpg","contentUrl":"https:\/\/fumot.uk\/wp-content\/uploads\/2026\/01\/Randm-Tornado-15000-Strawberry-grape.jpg","width":2000,"height":2000},{"@type":"BreadcrumbList","@id":"https:\/\/fumot.uk\/product\/randm-tornado-15000-puffs-strawberry-grape\/#breadcrumb","itemListElement":[{"@type":"ListItem","position":1,"name":"Home","item":"https:\/\/fumot.uk\/"},{"@type":"ListItem","position":2,"name":"Shop","item":"https:\/\/fumot.uk\/shop\/"},{"@type":"ListItem","position":3,"name":"RandM Tornado 15000 Puffs Strawberry Grape Disposable Vape (25ml, 850mAh, Adjustable Airflow)"}]},{"@type":"WebSite","@id":"https:\/\/fumot.uk\/#website","url":"https:\/\/fumot.uk\/","name":"Fumot Official Direct | Directement de l'usine, 100% Authentique","description":"Site officiel","publisher":{"@id":"https:\/\/fumot.uk\/#organization"},"potentialAction":[{"@type":"SearchAction","target":{"@type":"EntryPoint","urlTemplate":"https:\/\/fumot.uk\/?s={search_term_string}"},"query-input":{"@type":"PropertyValueSpecification","valueRequired":true,"valueName":"search_term_string"}}],"inLanguage":"fr-FR"},{"@type":"Organization","@id":"https:\/\/fumot.uk\/#organization","name":"Fumot Official Direct | Directement de l'usine, 100% Authentique","url":"https:\/\/fumot.uk\/","logo":{"@type":"ImageObject","inLanguage":"fr-FR","@id":"https:\/\/fumot.uk\/#\/schema\/logo\/image\/","url":"https:\/\/fumot.uk\/wp-content\/uploads\/2026\/01\/cropped-fumot-logo1.png","contentUrl":"https:\/\/fumot.uk\/wp-content\/uploads\/2026\/01\/cropped-fumot-logo1.png","width":152,"height":106,"caption":"Fumot Official Direct | Straight from the Factory, 100% Genuine"},"image":{"@id":"https:\/\/fumot.uk\/#\/schema\/logo\/image\/"}}]}},"_links":{"self":[{"href":"https:\/\/fumot.uk\/fr\/wp-json\/wp\/v2\/product\/79","targetHints":{"allow":["GET"]}}],"collection":[{"href":"https:\/\/fumot.uk\/fr\/wp-json\/wp\/v2\/product"}],"about":[{"href":"https:\/\/fumot.uk\/fr\/wp-json\/wp\/v2\/types\/product"}],"replies":[{"embeddable":true,"href":"https:\/\/fumot.uk\/fr\/wp-json\/wp\/v2\/comments?post=79"}],"wp:featuredmedia":[{"embeddable":true,"href":"https:\/\/fumot.uk\/fr\/wp-json\/wp\/v2\/media\/123"}],"wp:attachment":[{"href":"https:\/\/fumot.uk\/fr\/wp-json\/wp\/v2\/media?parent=79"}],"wp:term":[{"taxonomy":"product_brand","embeddable":true,"href":"https:\/\/fumot.uk\/fr\/wp-json\/wp\/v2\/product_brand?post=79"},{"taxonomy":"product_cat","embeddable":true,"href":"https:\/\/fumot.uk\/fr\/wp-json\/wp\/v2\/product_cat?post=79"},{"taxonomy":"product_tag","embeddable":true,"href":"https:\/\/fumot.uk\/fr\/wp-json\/wp\/v2\/product_tag?post=79"}],"curies":[{"name":"wp","href":"https:\/\/api.w.org\/{rel}","templated":true}]}}