{"id":73,"date":"2026-01-20T02:40:06","date_gmt":"2026-01-20T02:40:06","guid":{"rendered":"https:\/\/fumot.uk\/?post_type=product&#038;p=73"},"modified":"2026-01-20T07:45:20","modified_gmt":"2026-01-20T07:45:20","slug":"randm-tornado-15000-puffs-cola-ice","status":"publish","type":"product","link":"https:\/\/fumot.uk\/fr\/product\/randm-tornado-15000-puffs-cola-ice\/","title":{"rendered":"RandM Tornado 15000 Puffs Cola Ice Vape Jetable \u2013 25ml, 850mAh, Bobine Mesh, Rechargeable USB\u2011C"},"content":{"rendered":"<h2>RandM Tornado 15000 Puffs \u2013 Cola Glac\u00e9e<\/h2>\n<p><strong>RandM Tornado 15000 Puffs Cola Glac\u00e9e<\/strong> m\u00e9lange cette douceur famili\u00e8re de cola avec une finition glac\u00e9e et croquante pour une vape propre et rafra\u00eechissante. Chaque bouff\u00e9e d\u00e9livre une note de cola p\u00e9tillante avec une expiration rafra\u00eechissante\u2014douce, percutante et facile \u00e0 appr\u00e9cier tout au long de la journ\u00e9e.<\/p>\n<p>Aliment\u00e9 par un <strong>bobine en maille<\/strong>, la saveur chauffe uniform\u00e9ment pour un go\u00fbt constant du premier tirage au dernier. La grande <strong>25ml d'e-liquide<\/strong> capacit\u00e9 et <strong>batterie rechargeable 850mAh<\/strong> vous aident \u00e0 tirer le meilleur parti de son nombre de bouff\u00e9es longue dur\u00e9e, tandis que <strong>flux d'air r\u00e9glable<\/strong> vous permet d'ajuster votre tirage de plus serr\u00e9 \u00e0 plus a\u00e9r\u00e9.<\/p>\n<h3>Profil de saveur<\/h3>\n<ul>\n<li><strong>Go\u00fbt :<\/strong> Cola classique avec une touche l\u00e9g\u00e8rement sucr\u00e9e et p\u00e9tillante<\/li>\n<li><strong>Finition :<\/strong> Effet \u201cglac\u00e9\u201d pour une expiration plus fra\u00eeche<\/li>\n<li><strong>Ambiance :<\/strong> Lumineux, rafra\u00eechissant et simple<\/li>\n<\/ul>\n<h3>Caract\u00e9ristiques cl\u00e9s<\/h3>\n<ul>\n<li><strong>Jusqu'\u00e0 15000 puffs<\/strong><\/li>\n<li><strong>Options de sel de nicotine :<\/strong> 0% \/ 2% \/ 3% \/ 5%<\/li>\n<li><strong>25ml d'e-liquide<\/strong><\/li>\n<li><strong>Bobine en maille<\/strong> pour une saveur douce et uniforme<\/li>\n<li><strong>Rechargeable<\/strong> avec int\u00e9gr\u00e9 <strong>batterie rechargeable de 850mAh<\/strong><\/li>\n<li><strong>USB\u2011C (Type\u2011C)<\/strong> chargement<\/li>\n<li><strong>Flux d'air ajustable<\/strong><\/li>\n<li><strong>Affichage<\/strong> + <strong>D\u00e9tail de design<\/strong><\/li>\n<li><strong>41 saveurs disponibles<\/strong><\/li>\n<\/ul>\n<p>D\u00e9couvrez plus de saveurs et toute la gamme RandM sur <a href=\"https:\/\/fumot.uk\/fr\/\">fumot.uk<\/a>.<\/p>","protected":false},"excerpt":{"rendered":"<p>Cola Ice RandM Tornado 15000 Puffs : douceur classique de cola avec une finition glac\u00e9e. 25ml, bobine en maille, flux d'air r\u00e9glable, 850mAh USB\u2011C rechargeable.<\/p>","protected":false},"featured_media":103,"comment_status":"open","ping_status":"closed","template":"","meta":[],"product_brand":[],"product_cat":[16,18,17],"product_tag":[19,20,21,40,23,29,25,26,27,28],"class_list":{"0":"post-73","1":"product","2":"type-product","3":"status-publish","4":"has-post-thumbnail","6":"product_cat-15000-puff","7":"product_cat-randm-tornado-15000-puffs","8":"product_cat-vape","9":"product_tag-25ml","10":"product_tag-850mah","11":"product_tag-adjustable-airflow","12":"product_tag-cola","13":"product_tag-display","14":"product_tag-ice","15":"product_tag-mesh-coil","16":"product_tag-rechargeable","17":"product_tag-rgb-light","18":"product_tag-type-c","20":"first","21":"instock","22":"sale","23":"shipping-taxable","24":"purchasable","25":"product-type-variable","26":"has-default-attributes"},"yoast_head":"<!-- This site is optimized with the Yoast SEO plugin v26.8 - https:\/\/yoast.com\/product\/yoast-seo-wordpress\/ -->\n<title>RandM Tornado 15000 Puffs Cola Ice | 25ml, 850mAh<\/title>\n<meta name=\"description\" content=\"RandM Tornado 15000 Puffs Cola Ice disposable vape with 25ml e-liquid, mesh coil, adjustable airflow &amp; 850mAh USB\u2011C rechargeable battery. 0\/2\/3\/5%.\" \/>\n<meta name=\"robots\" content=\"index, follow, max-snippet:-1, max-image-preview:large, max-video-preview:-1\" \/>\n<link rel=\"canonical\" href=\"https:\/\/fumot.uk\/fr\/product\/randm-tornado-15000-puffs-cola-ice\/\" \/>\n<meta property=\"og:locale\" content=\"fr_FR\" \/>\n<meta property=\"og:type\" content=\"article\" \/>\n<meta property=\"og:title\" content=\"RandM Tornado 15000 Puffs \u2013 Cola Ice (25ml, USB\u2011C Rechargeable)\" \/>\n<meta property=\"og:description\" content=\"Enjoy classic cola with a cool icy finish. Mesh coil flavour, adjustable airflow, 25ml e-liquid and 850mAh USB\u2011C rechargeable battery. Shop on fumot.uk.\" \/>\n<meta property=\"og:url\" content=\"https:\/\/fumot.uk\/fr\/product\/randm-tornado-15000-puffs-cola-ice\/\" \/>\n<meta property=\"og:site_name\" content=\"Fumot Official Direct | Straight from the Factory, 100% Genuine\" \/>\n<meta property=\"article:modified_time\" content=\"2026-01-20T07:45:20+00:00\" \/>\n<meta property=\"og:image\" content=\"https:\/\/fumot.uk\/wp-content\/uploads\/2026\/01\/Randm-Tornado-15000-cola-ice.jpg\" \/>\n\t<meta property=\"og:image:width\" content=\"2000\" \/>\n\t<meta property=\"og:image:height\" content=\"2000\" \/>\n\t<meta property=\"og:image:type\" content=\"image\/jpeg\" \/>\n<meta name=\"twitter:card\" content=\"summary_large_image\" \/>\n<meta name=\"twitter:label1\" content=\"Dur\u00e9e de lecture estim\u00e9e\" \/>\n\t<meta name=\"twitter:data1\" content=\"1 minute\" \/>\n<script type=\"application\/ld+json\" class=\"yoast-schema-graph\">{\"@context\":\"https:\/\/schema.org\",\"@graph\":[{\"@type\":\"WebPage\",\"@id\":\"https:\/\/fumot.uk\/product\/randm-tornado-15000-puffs-cola-ice\/\",\"url\":\"https:\/\/fumot.uk\/product\/randm-tornado-15000-puffs-cola-ice\/\",\"name\":\"RandM Tornado 15000 Puffs Cola Ice | 25ml, 850mAh\",\"isPartOf\":{\"@id\":\"https:\/\/fumot.uk\/#website\"},\"primaryImageOfPage\":{\"@id\":\"https:\/\/fumot.uk\/product\/randm-tornado-15000-puffs-cola-ice\/#primaryimage\"},\"image\":{\"@id\":\"https:\/\/fumot.uk\/product\/randm-tornado-15000-puffs-cola-ice\/#primaryimage\"},\"thumbnailUrl\":\"https:\/\/fumot.uk\/wp-content\/uploads\/2026\/01\/Randm-Tornado-15000-cola-ice.jpg\",\"datePublished\":\"2026-01-20T02:40:06+00:00\",\"dateModified\":\"2026-01-20T07:45:20+00:00\",\"description\":\"RandM Tornado 15000 Puffs Cola Ice disposable vape with 25ml e-liquid, mesh coil, adjustable airflow & 850mAh USB\u2011C rechargeable battery. 0\/2\/3\/5%.\",\"breadcrumb\":{\"@id\":\"https:\/\/fumot.uk\/product\/randm-tornado-15000-puffs-cola-ice\/#breadcrumb\"},\"inLanguage\":\"fr-FR\",\"potentialAction\":[{\"@type\":\"ReadAction\",\"target\":[\"https:\/\/fumot.uk\/product\/randm-tornado-15000-puffs-cola-ice\/\"]}]},{\"@type\":\"ImageObject\",\"inLanguage\":\"fr-FR\",\"@id\":\"https:\/\/fumot.uk\/product\/randm-tornado-15000-puffs-cola-ice\/#primaryimage\",\"url\":\"https:\/\/fumot.uk\/wp-content\/uploads\/2026\/01\/Randm-Tornado-15000-cola-ice.jpg\",\"contentUrl\":\"https:\/\/fumot.uk\/wp-content\/uploads\/2026\/01\/Randm-Tornado-15000-cola-ice.jpg\",\"width\":2000,\"height\":2000},{\"@type\":\"BreadcrumbList\",\"@id\":\"https:\/\/fumot.uk\/product\/randm-tornado-15000-puffs-cola-ice\/#breadcrumb\",\"itemListElement\":[{\"@type\":\"ListItem\",\"position\":1,\"name\":\"Home\",\"item\":\"https:\/\/fumot.uk\/\"},{\"@type\":\"ListItem\",\"position\":2,\"name\":\"Shop\",\"item\":\"https:\/\/fumot.uk\/shop\/\"},{\"@type\":\"ListItem\",\"position\":3,\"name\":\"RandM Tornado 15000 Puffs Cola Ice Disposable Vape \u2013 25ml, 850mAh, Mesh Coil, USB\u2011C Rechargeable\"}]},{\"@type\":\"WebSite\",\"@id\":\"https:\/\/fumot.uk\/#website\",\"url\":\"https:\/\/fumot.uk\/\",\"name\":\"Fumot Official Direct | Straight from the Factory, 100% Genuine\",\"description\":\"Official Website\",\"publisher\":{\"@id\":\"https:\/\/fumot.uk\/#organization\"},\"potentialAction\":[{\"@type\":\"SearchAction\",\"target\":{\"@type\":\"EntryPoint\",\"urlTemplate\":\"https:\/\/fumot.uk\/?s={search_term_string}\"},\"query-input\":{\"@type\":\"PropertyValueSpecification\",\"valueRequired\":true,\"valueName\":\"search_term_string\"}}],\"inLanguage\":\"fr-FR\"},{\"@type\":\"Organization\",\"@id\":\"https:\/\/fumot.uk\/#organization\",\"name\":\"Fumot Official Direct | Straight from the Factory, 100% Genuine\",\"url\":\"https:\/\/fumot.uk\/\",\"logo\":{\"@type\":\"ImageObject\",\"inLanguage\":\"fr-FR\",\"@id\":\"https:\/\/fumot.uk\/#\/schema\/logo\/image\/\",\"url\":\"https:\/\/fumot.uk\/wp-content\/uploads\/2026\/01\/cropped-fumot-logo1.png\",\"contentUrl\":\"https:\/\/fumot.uk\/wp-content\/uploads\/2026\/01\/cropped-fumot-logo1.png\",\"width\":152,\"height\":106,\"caption\":\"Fumot Official Direct | Straight from the Factory, 100% Genuine\"},\"image\":{\"@id\":\"https:\/\/fumot.uk\/#\/schema\/logo\/image\/\"}}]}<\/script>\n<!-- \/ Yoast SEO plugin. -->","yoast_head_json":{"title":"RandM Tornado 15000 Puffs Cola Ice | 25ml, 850mAh","description":"RandM Tornado 15000 bouff\u00e9es Cola Ice vape jetable avec 25ml de e-liquide, bobine en maille, flux d'air r\u00e9glable et batterie rechargeable USB\u2011C de 850mAh. 0\/2\/3\/5%.","robots":{"index":"index","follow":"follow","max-snippet":"max-snippet:-1","max-image-preview":"max-image-preview:large","max-video-preview":"max-video-preview:-1"},"canonical":"https:\/\/fumot.uk\/fr\/product\/randm-tornado-15000-puffs-cola-ice\/","og_locale":"fr_FR","og_type":"article","og_title":"RandM Tornado 15000 Puffs \u2013 Cola Ice (25ml, USB\u2011C Rechargeable)","og_description":"Enjoy classic cola with a cool icy finish. Mesh coil flavour, adjustable airflow, 25ml e-liquid and 850mAh USB\u2011C rechargeable battery. Shop on fumot.uk.","og_url":"https:\/\/fumot.uk\/fr\/product\/randm-tornado-15000-puffs-cola-ice\/","og_site_name":"Fumot Official Direct | Straight from the Factory, 100% Genuine","article_modified_time":"2026-01-20T07:45:20+00:00","og_image":[{"width":2000,"height":2000,"url":"https:\/\/fumot.uk\/wp-content\/uploads\/2026\/01\/Randm-Tornado-15000-cola-ice.jpg","type":"image\/jpeg"}],"twitter_card":"summary_large_image","twitter_misc":{"Dur\u00e9e de lecture estim\u00e9e":"1 minute"},"schema":{"@context":"https:\/\/schema.org","@graph":[{"@type":"WebPage","@id":"https:\/\/fumot.uk\/product\/randm-tornado-15000-puffs-cola-ice\/","url":"https:\/\/fumot.uk\/product\/randm-tornado-15000-puffs-cola-ice\/","name":"RandM Tornado 15000 Puffs Cola Ice | 25ml, 850mAh","isPartOf":{"@id":"https:\/\/fumot.uk\/#website"},"primaryImageOfPage":{"@id":"https:\/\/fumot.uk\/product\/randm-tornado-15000-puffs-cola-ice\/#primaryimage"},"image":{"@id":"https:\/\/fumot.uk\/product\/randm-tornado-15000-puffs-cola-ice\/#primaryimage"},"thumbnailUrl":"https:\/\/fumot.uk\/wp-content\/uploads\/2026\/01\/Randm-Tornado-15000-cola-ice.jpg","datePublished":"2026-01-20T02:40:06+00:00","dateModified":"2026-01-20T07:45:20+00:00","description":"RandM Tornado 15000 bouff\u00e9es Cola Ice vape jetable avec 25ml de e-liquide, bobine en maille, flux d'air r\u00e9glable et batterie rechargeable USB\u2011C de 850mAh. 0\/2\/3\/5%.","breadcrumb":{"@id":"https:\/\/fumot.uk\/product\/randm-tornado-15000-puffs-cola-ice\/#breadcrumb"},"inLanguage":"fr-FR","potentialAction":[{"@type":"ReadAction","target":["https:\/\/fumot.uk\/product\/randm-tornado-15000-puffs-cola-ice\/"]}]},{"@type":"ImageObject","inLanguage":"fr-FR","@id":"https:\/\/fumot.uk\/product\/randm-tornado-15000-puffs-cola-ice\/#primaryimage","url":"https:\/\/fumot.uk\/wp-content\/uploads\/2026\/01\/Randm-Tornado-15000-cola-ice.jpg","contentUrl":"https:\/\/fumot.uk\/wp-content\/uploads\/2026\/01\/Randm-Tornado-15000-cola-ice.jpg","width":2000,"height":2000},{"@type":"BreadcrumbList","@id":"https:\/\/fumot.uk\/product\/randm-tornado-15000-puffs-cola-ice\/#breadcrumb","itemListElement":[{"@type":"ListItem","position":1,"name":"Home","item":"https:\/\/fumot.uk\/"},{"@type":"ListItem","position":2,"name":"Shop","item":"https:\/\/fumot.uk\/shop\/"},{"@type":"ListItem","position":3,"name":"RandM Tornado 15000 Puffs Cola Ice Disposable Vape \u2013 25ml, 850mAh, Mesh Coil, USB\u2011C Rechargeable"}]},{"@type":"WebSite","@id":"https:\/\/fumot.uk\/#website","url":"https:\/\/fumot.uk\/","name":"Fumot Official Direct | Directement de l'usine, 100% Authentique","description":"Site officiel","publisher":{"@id":"https:\/\/fumot.uk\/#organization"},"potentialAction":[{"@type":"SearchAction","target":{"@type":"EntryPoint","urlTemplate":"https:\/\/fumot.uk\/?s={search_term_string}"},"query-input":{"@type":"PropertyValueSpecification","valueRequired":true,"valueName":"search_term_string"}}],"inLanguage":"fr-FR"},{"@type":"Organization","@id":"https:\/\/fumot.uk\/#organization","name":"Fumot Official Direct | Directement de l'usine, 100% Authentique","url":"https:\/\/fumot.uk\/","logo":{"@type":"ImageObject","inLanguage":"fr-FR","@id":"https:\/\/fumot.uk\/#\/schema\/logo\/image\/","url":"https:\/\/fumot.uk\/wp-content\/uploads\/2026\/01\/cropped-fumot-logo1.png","contentUrl":"https:\/\/fumot.uk\/wp-content\/uploads\/2026\/01\/cropped-fumot-logo1.png","width":152,"height":106,"caption":"Fumot Official Direct | Straight from the Factory, 100% Genuine"},"image":{"@id":"https:\/\/fumot.uk\/#\/schema\/logo\/image\/"}}]}},"_links":{"self":[{"href":"https:\/\/fumot.uk\/fr\/wp-json\/wp\/v2\/product\/73","targetHints":{"allow":["GET"]}}],"collection":[{"href":"https:\/\/fumot.uk\/fr\/wp-json\/wp\/v2\/product"}],"about":[{"href":"https:\/\/fumot.uk\/fr\/wp-json\/wp\/v2\/types\/product"}],"replies":[{"embeddable":true,"href":"https:\/\/fumot.uk\/fr\/wp-json\/wp\/v2\/comments?post=73"}],"wp:featuredmedia":[{"embeddable":true,"href":"https:\/\/fumot.uk\/fr\/wp-json\/wp\/v2\/media\/103"}],"wp:attachment":[{"href":"https:\/\/fumot.uk\/fr\/wp-json\/wp\/v2\/media?parent=73"}],"wp:term":[{"taxonomy":"product_brand","embeddable":true,"href":"https:\/\/fumot.uk\/fr\/wp-json\/wp\/v2\/product_brand?post=73"},{"taxonomy":"product_cat","embeddable":true,"href":"https:\/\/fumot.uk\/fr\/wp-json\/wp\/v2\/product_cat?post=73"},{"taxonomy":"product_tag","embeddable":true,"href":"https:\/\/fumot.uk\/fr\/wp-json\/wp\/v2\/product_tag?post=73"}],"curies":[{"name":"wp","href":"https:\/\/api.w.org\/{rel}","templated":true}]}}