{"id":72,"date":"2026-01-20T02:40:06","date_gmt":"2026-01-20T02:40:06","guid":{"rendered":"https:\/\/fumot.uk\/?post_type=product&#038;p=72"},"modified":"2026-01-20T07:45:19","modified_gmt":"2026-01-20T07:45:19","slug":"randm-tornado-15000-puffs-grape-ice","status":"publish","type":"product","link":"https:\/\/fumot.uk\/fr\/product\/randm-tornado-15000-puffs-grape-ice\/","title":{"rendered":"RandM Tornado 15000 Puffs Vape Jetable Raisin Glac\u00e9 25ml, 850mAh, Bobine en maille"},"content":{"rendered":"<h4>RandM Tornado 15000 Puffs \u2013 Raisin Glac\u00e9<\/h4>\n<p><strong>RandM Tornado 15000 Puffs Raisin Glac\u00e9<\/strong> r\u00e9unit la technologie moderne de la vape et une combinaison de saveurs intemporelle. Attendez-vous \u00e0 un profil de raisin audacieux et juteux suivi d'une finition glac\u00e9e et propre\u2014sucr\u00e9 \u00e0 l'inhalation, rafra\u00eechissant \u00e0 l'expiration. Aliment\u00e9 par une <strong>r\u00e9sistance en mesh<\/strong> pour des bouff\u00e9es douces et constantes, il est con\u00e7u pour une vape facile et satisfaisante toute la journ\u00e9e.<\/p>\n<p>Explorez plus de saveurs et de dispositifs sur <a href=\"https:\/\/fumot.uk\/fr\/\">fumot.uk<\/a>.<\/p>\n<h4>Caract\u00e9ristiques cl\u00e9s<\/h4>\n<ul>\n<li><strong>Jusqu'\u00e0 15000 puffs<\/strong> (varie selon l'utilisation)<\/li>\n<li><strong>Saveur Raisin Glac\u00e9<\/strong>: douceur de raisin m\u00fbr avec une fra\u00eecheur glac\u00e9e<\/li>\n<li><strong>25ml d'e-liquide<\/strong> capacit\u00e9<\/li>\n<li><strong>Indicateur de batterie et d'e-liquide<\/strong> pour un chauffage uniforme et un go\u00fbt plus riche<\/li>\n<li><strong>Rechargeable 850mAh<\/strong> batterie int\u00e9gr\u00e9e<\/li>\n<li><strong>charge Type-C<\/strong><\/li>\n<li><strong>Flux d'air ajustable<\/strong> pour un tirage plus serr\u00e9 ou plus a\u00e9r\u00e9<\/li>\n<li><strong>Affichage<\/strong> + <strong>D\u00e9tail de design<\/strong> pour un statut en un coup d'\u0153il<\/li>\n<li><strong>Options de sel de nicotine<\/strong>: 0% \/ 2% \/ 3% \/ 5%<\/li>\n<li><strong>41 saveurs disponibles<\/strong> dans la s\u00e9rie<\/li>\n<\/ul>\n<h4>Pourquoi vous allez adorer Raisin Glac\u00e9<\/h4>\n<p>Si vous aimez les vapes fruit\u00e9es qui ne sont pas lourdes, Raisin Glac\u00e9 reste croquant. Les notes de raisin restent vives et sucr\u00e9es comme des bonbons, tandis que la couche rafra\u00eechissante ajoute une touche de fra\u00eecheur\u2014id\u00e9al apr\u00e8s les repas, pendant les pauses, ou chaque fois que vous voulez une bouff\u00e9e au go\u00fbt propre.<\/p>\n<p><strong>Astuce :<\/strong> Associez le flux d'air r\u00e9glable \u00e0 votre style pr\u00e9f\u00e9r\u00e9\u2014l\u00e9g\u00e8rement plus serr\u00e9 pour une saveur plus forte, plus ouvert pour des bouff\u00e9es plus douces et a\u00e9r\u00e9es.<\/p>\n<p>D\u00e9couvrez plus d'options RandM et les jetables les plus vendus sur <a href=\"https:\/\/fumot.uk\/fr\/\">fumot.uk<\/a>.<\/p>","protected":false},"excerpt":{"rendered":"<p>Douceur de raisin juteux avec une finition glac\u00e9e. RandM Tornado 15000 Puffs Grape Ice propose 25ml de e-liquide, une bobine en mesh, un d\u00e9bit d'air r\u00e9glable, une recharge Type\u2011C, et une batterie de 850mAh.<\/p>","protected":false},"featured_media":102,"comment_status":"open","ping_status":"closed","template":"","meta":[],"product_brand":[],"product_cat":[16,18,17],"product_tag":[19,20,21,23,39,29,25,26,27,28],"class_list":{"0":"post-72","1":"product","2":"type-product","3":"status-publish","4":"has-post-thumbnail","6":"product_cat-15000-puff","7":"product_cat-randm-tornado-15000-puffs","8":"product_cat-vape","9":"product_tag-25ml","10":"product_tag-850mah","11":"product_tag-adjustable-airflow","12":"product_tag-display","13":"product_tag-grape","14":"product_tag-ice","15":"product_tag-mesh-coil","16":"product_tag-rechargeable","17":"product_tag-rgb-light","18":"product_tag-type-c","20":"first","21":"instock","22":"sale","23":"shipping-taxable","24":"purchasable","25":"product-type-variable","26":"has-default-attributes"},"yoast_head":"<!-- This site is optimized with the Yoast SEO plugin v26.8 - https:\/\/yoast.com\/product\/yoast-seo-wordpress\/ -->\n<title>RandM Tornado 15000 Grape Ice | 25ml Mesh Coil Disposable<\/title>\n<meta name=\"description\" content=\"RandM Tornado 15000 Puffs Grape Ice disposable vape: juicy grape + cool ice. 25ml e-liquid, mesh coil, adjustable airflow, 850mAh rechargeable, Type\u2011C.\" \/>\n<meta name=\"robots\" content=\"index, follow, max-snippet:-1, max-image-preview:large, max-video-preview:-1\" \/>\n<link rel=\"canonical\" href=\"https:\/\/fumot.uk\/fr\/product\/randm-tornado-15000-puffs-grape-ice\/\" \/>\n<meta property=\"og:locale\" content=\"fr_FR\" \/>\n<meta property=\"og:type\" content=\"article\" \/>\n<meta property=\"og:title\" content=\"RandM Tornado 15000 Puffs \u2013 Grape Ice\" \/>\n<meta property=\"og:description\" content=\"Bold grape flavor meets a clean icy finish. 25ml, mesh coil, adjustable airflow, 850mAh rechargeable battery with Type\u2011C. Shop on fumot.uk.\" \/>\n<meta property=\"og:url\" content=\"https:\/\/fumot.uk\/fr\/product\/randm-tornado-15000-puffs-grape-ice\/\" \/>\n<meta property=\"og:site_name\" content=\"Fumot Official Direct | Straight from the Factory, 100% Genuine\" \/>\n<meta property=\"article:modified_time\" content=\"2026-01-20T07:45:19+00:00\" \/>\n<meta property=\"og:image\" content=\"https:\/\/fumot.uk\/wp-content\/uploads\/2026\/01\/Randm-Tornado-15000-grape-ice.jpg\" \/>\n\t<meta property=\"og:image:width\" content=\"2000\" \/>\n\t<meta property=\"og:image:height\" content=\"2000\" \/>\n\t<meta property=\"og:image:type\" content=\"image\/jpeg\" \/>\n<meta name=\"twitter:card\" content=\"summary_large_image\" \/>\n<meta name=\"twitter:label1\" content=\"Dur\u00e9e de lecture estim\u00e9e\" \/>\n\t<meta name=\"twitter:data1\" content=\"1 minute\" \/>\n<script type=\"application\/ld+json\" class=\"yoast-schema-graph\">{\"@context\":\"https:\/\/schema.org\",\"@graph\":[{\"@type\":\"WebPage\",\"@id\":\"https:\/\/fumot.uk\/product\/randm-tornado-15000-puffs-grape-ice\/\",\"url\":\"https:\/\/fumot.uk\/product\/randm-tornado-15000-puffs-grape-ice\/\",\"name\":\"RandM Tornado 15000 Grape Ice | 25ml Mesh Coil Disposable\",\"isPartOf\":{\"@id\":\"https:\/\/fumot.uk\/#website\"},\"primaryImageOfPage\":{\"@id\":\"https:\/\/fumot.uk\/product\/randm-tornado-15000-puffs-grape-ice\/#primaryimage\"},\"image\":{\"@id\":\"https:\/\/fumot.uk\/product\/randm-tornado-15000-puffs-grape-ice\/#primaryimage\"},\"thumbnailUrl\":\"https:\/\/fumot.uk\/wp-content\/uploads\/2026\/01\/Randm-Tornado-15000-grape-ice.jpg\",\"datePublished\":\"2026-01-20T02:40:06+00:00\",\"dateModified\":\"2026-01-20T07:45:19+00:00\",\"description\":\"RandM Tornado 15000 Puffs Grape Ice disposable vape: juicy grape + cool ice. 25ml e-liquid, mesh coil, adjustable airflow, 850mAh rechargeable, Type\u2011C.\",\"breadcrumb\":{\"@id\":\"https:\/\/fumot.uk\/product\/randm-tornado-15000-puffs-grape-ice\/#breadcrumb\"},\"inLanguage\":\"fr-FR\",\"potentialAction\":[{\"@type\":\"ReadAction\",\"target\":[\"https:\/\/fumot.uk\/product\/randm-tornado-15000-puffs-grape-ice\/\"]}]},{\"@type\":\"ImageObject\",\"inLanguage\":\"fr-FR\",\"@id\":\"https:\/\/fumot.uk\/product\/randm-tornado-15000-puffs-grape-ice\/#primaryimage\",\"url\":\"https:\/\/fumot.uk\/wp-content\/uploads\/2026\/01\/Randm-Tornado-15000-grape-ice.jpg\",\"contentUrl\":\"https:\/\/fumot.uk\/wp-content\/uploads\/2026\/01\/Randm-Tornado-15000-grape-ice.jpg\",\"width\":2000,\"height\":2000},{\"@type\":\"BreadcrumbList\",\"@id\":\"https:\/\/fumot.uk\/product\/randm-tornado-15000-puffs-grape-ice\/#breadcrumb\",\"itemListElement\":[{\"@type\":\"ListItem\",\"position\":1,\"name\":\"Home\",\"item\":\"https:\/\/fumot.uk\/\"},{\"@type\":\"ListItem\",\"position\":2,\"name\":\"Shop\",\"item\":\"https:\/\/fumot.uk\/shop\/\"},{\"@type\":\"ListItem\",\"position\":3,\"name\":\"RandM Tornado 15000 Puffs Grape Ice Disposable Vape 25ml, 850mAh, Mesh Coil\"}]},{\"@type\":\"WebSite\",\"@id\":\"https:\/\/fumot.uk\/#website\",\"url\":\"https:\/\/fumot.uk\/\",\"name\":\"Fumot Official Direct | Straight from the Factory, 100% Genuine\",\"description\":\"Official Website\",\"publisher\":{\"@id\":\"https:\/\/fumot.uk\/#organization\"},\"potentialAction\":[{\"@type\":\"SearchAction\",\"target\":{\"@type\":\"EntryPoint\",\"urlTemplate\":\"https:\/\/fumot.uk\/?s={search_term_string}\"},\"query-input\":{\"@type\":\"PropertyValueSpecification\",\"valueRequired\":true,\"valueName\":\"search_term_string\"}}],\"inLanguage\":\"fr-FR\"},{\"@type\":\"Organization\",\"@id\":\"https:\/\/fumot.uk\/#organization\",\"name\":\"Fumot Official Direct | Straight from the Factory, 100% Genuine\",\"url\":\"https:\/\/fumot.uk\/\",\"logo\":{\"@type\":\"ImageObject\",\"inLanguage\":\"fr-FR\",\"@id\":\"https:\/\/fumot.uk\/#\/schema\/logo\/image\/\",\"url\":\"https:\/\/fumot.uk\/wp-content\/uploads\/2026\/01\/cropped-fumot-logo1.png\",\"contentUrl\":\"https:\/\/fumot.uk\/wp-content\/uploads\/2026\/01\/cropped-fumot-logo1.png\",\"width\":152,\"height\":106,\"caption\":\"Fumot Official Direct | Straight from the Factory, 100% Genuine\"},\"image\":{\"@id\":\"https:\/\/fumot.uk\/#\/schema\/logo\/image\/\"}}]}<\/script>\n<!-- \/ Yoast SEO plugin. -->","yoast_head_json":{"title":"RandM Tornado 15000 Raisin Glac\u00e9 | 25ml Bobine en Maille Jetable","description":"RandM Tornado 15000 Puffs Grape Ice cigarette \u00e9lectronique jetable : raisin juteux + glace fra\u00eeche. 25ml e-liquide, bobine en mesh, flux d'air r\u00e9glable, 850mAh rechargeable, Type\u2011C.","robots":{"index":"index","follow":"follow","max-snippet":"max-snippet:-1","max-image-preview":"max-image-preview:large","max-video-preview":"max-video-preview:-1"},"canonical":"https:\/\/fumot.uk\/fr\/product\/randm-tornado-15000-puffs-grape-ice\/","og_locale":"fr_FR","og_type":"article","og_title":"RandM Tornado 15000 Puffs \u2013 Grape Ice","og_description":"Bold grape flavor meets a clean icy finish. 25ml, mesh coil, adjustable airflow, 850mAh rechargeable battery with Type\u2011C. Shop on fumot.uk.","og_url":"https:\/\/fumot.uk\/fr\/product\/randm-tornado-15000-puffs-grape-ice\/","og_site_name":"Fumot Official Direct | Straight from the Factory, 100% Genuine","article_modified_time":"2026-01-20T07:45:19+00:00","og_image":[{"width":2000,"height":2000,"url":"https:\/\/fumot.uk\/wp-content\/uploads\/2026\/01\/Randm-Tornado-15000-grape-ice.jpg","type":"image\/jpeg"}],"twitter_card":"summary_large_image","twitter_misc":{"Dur\u00e9e de lecture estim\u00e9e":"1 minute"},"schema":{"@context":"https:\/\/schema.org","@graph":[{"@type":"WebPage","@id":"https:\/\/fumot.uk\/product\/randm-tornado-15000-puffs-grape-ice\/","url":"https:\/\/fumot.uk\/product\/randm-tornado-15000-puffs-grape-ice\/","name":"RandM Tornado 15000 Raisin Glac\u00e9 | 25ml Bobine en Maille Jetable","isPartOf":{"@id":"https:\/\/fumot.uk\/#website"},"primaryImageOfPage":{"@id":"https:\/\/fumot.uk\/product\/randm-tornado-15000-puffs-grape-ice\/#primaryimage"},"image":{"@id":"https:\/\/fumot.uk\/product\/randm-tornado-15000-puffs-grape-ice\/#primaryimage"},"thumbnailUrl":"https:\/\/fumot.uk\/wp-content\/uploads\/2026\/01\/Randm-Tornado-15000-grape-ice.jpg","datePublished":"2026-01-20T02:40:06+00:00","dateModified":"2026-01-20T07:45:19+00:00","description":"RandM Tornado 15000 Puffs Grape Ice cigarette \u00e9lectronique jetable : raisin juteux + glace fra\u00eeche. 25ml e-liquide, bobine en mesh, flux d'air r\u00e9glable, 850mAh rechargeable, Type\u2011C.","breadcrumb":{"@id":"https:\/\/fumot.uk\/product\/randm-tornado-15000-puffs-grape-ice\/#breadcrumb"},"inLanguage":"fr-FR","potentialAction":[{"@type":"ReadAction","target":["https:\/\/fumot.uk\/product\/randm-tornado-15000-puffs-grape-ice\/"]}]},{"@type":"ImageObject","inLanguage":"fr-FR","@id":"https:\/\/fumot.uk\/product\/randm-tornado-15000-puffs-grape-ice\/#primaryimage","url":"https:\/\/fumot.uk\/wp-content\/uploads\/2026\/01\/Randm-Tornado-15000-grape-ice.jpg","contentUrl":"https:\/\/fumot.uk\/wp-content\/uploads\/2026\/01\/Randm-Tornado-15000-grape-ice.jpg","width":2000,"height":2000},{"@type":"BreadcrumbList","@id":"https:\/\/fumot.uk\/product\/randm-tornado-15000-puffs-grape-ice\/#breadcrumb","itemListElement":[{"@type":"ListItem","position":1,"name":"Home","item":"https:\/\/fumot.uk\/"},{"@type":"ListItem","position":2,"name":"Shop","item":"https:\/\/fumot.uk\/shop\/"},{"@type":"ListItem","position":3,"name":"RandM Tornado 15000 Puffs Grape Ice Disposable Vape 25ml, 850mAh, Mesh Coil"}]},{"@type":"WebSite","@id":"https:\/\/fumot.uk\/#website","url":"https:\/\/fumot.uk\/","name":"Fumot Official Direct | Directement de l'usine, 100% Authentique","description":"Site officiel","publisher":{"@id":"https:\/\/fumot.uk\/#organization"},"potentialAction":[{"@type":"SearchAction","target":{"@type":"EntryPoint","urlTemplate":"https:\/\/fumot.uk\/?s={search_term_string}"},"query-input":{"@type":"PropertyValueSpecification","valueRequired":true,"valueName":"search_term_string"}}],"inLanguage":"fr-FR"},{"@type":"Organization","@id":"https:\/\/fumot.uk\/#organization","name":"Fumot Official Direct | Directement de l'usine, 100% Authentique","url":"https:\/\/fumot.uk\/","logo":{"@type":"ImageObject","inLanguage":"fr-FR","@id":"https:\/\/fumot.uk\/#\/schema\/logo\/image\/","url":"https:\/\/fumot.uk\/wp-content\/uploads\/2026\/01\/cropped-fumot-logo1.png","contentUrl":"https:\/\/fumot.uk\/wp-content\/uploads\/2026\/01\/cropped-fumot-logo1.png","width":152,"height":106,"caption":"Fumot Official Direct | Straight from the Factory, 100% Genuine"},"image":{"@id":"https:\/\/fumot.uk\/#\/schema\/logo\/image\/"}}]}},"_links":{"self":[{"href":"https:\/\/fumot.uk\/fr\/wp-json\/wp\/v2\/product\/72","targetHints":{"allow":["GET"]}}],"collection":[{"href":"https:\/\/fumot.uk\/fr\/wp-json\/wp\/v2\/product"}],"about":[{"href":"https:\/\/fumot.uk\/fr\/wp-json\/wp\/v2\/types\/product"}],"replies":[{"embeddable":true,"href":"https:\/\/fumot.uk\/fr\/wp-json\/wp\/v2\/comments?post=72"}],"wp:featuredmedia":[{"embeddable":true,"href":"https:\/\/fumot.uk\/fr\/wp-json\/wp\/v2\/media\/102"}],"wp:attachment":[{"href":"https:\/\/fumot.uk\/fr\/wp-json\/wp\/v2\/media?parent=72"}],"wp:term":[{"taxonomy":"product_brand","embeddable":true,"href":"https:\/\/fumot.uk\/fr\/wp-json\/wp\/v2\/product_brand?post=72"},{"taxonomy":"product_cat","embeddable":true,"href":"https:\/\/fumot.uk\/fr\/wp-json\/wp\/v2\/product_cat?post=72"},{"taxonomy":"product_tag","embeddable":true,"href":"https:\/\/fumot.uk\/fr\/wp-json\/wp\/v2\/product_tag?post=72"}],"curies":[{"name":"wp","href":"https:\/\/api.w.org\/{rel}","templated":true}]}}