{"id":69,"date":"2026-01-20T02:40:06","date_gmt":"2026-01-20T02:40:06","guid":{"rendered":"https:\/\/fumot.uk\/?post_type=product&#038;p=69"},"modified":"2026-01-20T07:45:14","modified_gmt":"2026-01-20T07:45:14","slug":"randm-tornado-15000-puffs-cherry","status":"publish","type":"product","link":"https:\/\/fumot.uk\/fr\/product\/randm-tornado-15000-puffs-cherry\/","title":{"rendered":"RandM Tornado 15000 Puffs Cherry Disposable Vape (25ml, 850mAh, Adjustable Airflow)"},"content":{"rendered":"<h2>RandM Tornado 15000 Puffs \u2013 Cerise<\/h2>\n<p>Apportez une touche lumineuse et juteuse \u00e0 votre vape quotidienne avec le <strong>RandM Tornado 15000 Puffs Cerise<\/strong>. Cette saveur m\u00e9lange <strong>notes de cerise sucr\u00e9e<\/strong> avec un <strong>l\u00e9g\u00e8re touche acidul\u00e9e<\/strong> pour un go\u00fbt propre et structur\u00e9 qui reste agr\u00e9able du premier tirage au dernier. Avec <strong>flux d'air r\u00e9glable<\/strong>, vous pouvez affiner chaque bouff\u00e9e\u2014serrez pour un coup plus concentr\u00e9 ou ouvrez pour une inhalation plus douce et a\u00e9r\u00e9e.<\/p>\n<p>Aliment\u00e9 par un <strong>Batterie rechargeable 850mAh<\/strong> et rempli de <strong>25ml d'e-liquide<\/strong>, ce <strong>vape jetable<\/strong> est con\u00e7u pour une commodit\u00e9 durable. Le <strong>bobine en maille<\/strong> aide \u00e0 fournir un chauffage uniforme pour une vapeur constamment douce et une saveur stable. Vous cherchez plus de saveurs ou \u00e0 explorer toute la gamme ? Visitez <a href=\"https:\/\/fumot.uk\/fr\/\" target=\"_blank\" rel=\"noopener\">fumot.uk<\/a>.<\/p>\n<h3>Pourquoi vous aimerez Cerise<\/h3>\n<ul>\n<li><strong>Juteux &amp; frais<\/strong>: caract\u00e8re de cerise sucr\u00e9e avec une finition l\u00e9g\u00e8rement acidul\u00e9e<\/li>\n<li><strong>Amical toute la journ\u00e9e<\/strong>: vibrant sans \u00eatre lourd<\/li>\n<li><strong>Contr\u00f4le du flux d'air<\/strong>: ajustez le tirage selon votre pr\u00e9f\u00e9rence<\/li>\n<\/ul>\n<h3>Caract\u00e9ristiques cl\u00e9s<\/h3>\n<ul>\n<li><strong>Jusqu'\u00e0 15000 puffs<\/strong><\/li>\n<li><strong>Options de sel de nicotine<\/strong>: 0% \/ 2% \/ 3% \/ 5%<\/li>\n<li><strong>Capacit\u00e9 de liquide<\/strong>: 25ml<\/li>\n<li><strong>Bobine<\/strong>: <a href=\"https:\/\/ultravape.de\/product-tag\/mesh-coil\/\">Indicateur de batterie et d'e-liquide<\/a><\/li>\n<li><strong>Flux d'air ajustable<\/strong> pour un tirage personnalis\u00e9<\/li>\n<li><strong>Batterie<\/strong>: 850mAh (rechargeable)<\/li>\n<li><strong>Charge<\/strong>: Type-C<\/li>\n<li><strong>Extras<\/strong>: Affichage + Lumi\u00e8re RGB<\/li>\n<li><strong>Saveurs disponibles<\/strong>: 41 options dans la s\u00e9rie<\/li>\n<\/ul>\n<p><em>Remarque :<\/em> Le nombre de bouff\u00e9es varie selon le style d'utilisation et le r\u00e9glage du flux d'air.<\/p>\n<p>D\u00e9couvrez plus d'options RandM Tornado sur <a href=\"https:\/\/fumot.uk\/fr\/\" target=\"_blank\" rel=\"noopener\">fumot.uk<\/a>.<\/p>","protected":false},"excerpt":{"rendered":"<p>Saveur Cerise Juteuse dans la vape jetable RandM Tornado 15000 Puffs\u201425ml e-liquide, batterie rechargeable 850mAh, bobine en mesh et flux d'air ajustable. Sel de nicotine : 0\/2\/3\/5%.<\/p>","protected":false},"featured_media":99,"comment_status":"open","ping_status":"closed","template":"","meta":[],"product_brand":[],"product_cat":[16,18,17],"product_tag":[19,20,21,36,23,25,26,27,28],"class_list":{"0":"post-69","1":"product","2":"type-product","3":"status-publish","4":"has-post-thumbnail","6":"product_cat-15000-puff","7":"product_cat-randm-tornado-15000-puffs","8":"product_cat-vape","9":"product_tag-25ml","10":"product_tag-850mah","11":"product_tag-adjustable-airflow","12":"product_tag-cherry","13":"product_tag-display","14":"product_tag-mesh-coil","15":"product_tag-rechargeable","16":"product_tag-rgb-light","17":"product_tag-type-c","19":"first","20":"instock","21":"sale","22":"shipping-taxable","23":"purchasable","24":"product-type-variable","25":"has-default-attributes"},"yoast_head":"<!-- This site is optimized with the Yoast SEO plugin v26.8 - https:\/\/yoast.com\/product\/yoast-seo-wordpress\/ -->\n<title>RandM Tornado 15000 Puffs Cherry | 25ml, 850mAh<\/title>\n<meta name=\"description\" content=\"RandM Tornado 15000 Puffs Cherry disposable vape with 25ml e-liquid, 850mAh rechargeable battery, mesh coil &amp; adjustable airflow. 0\/2\/3\/5% nic salt.\" \/>\n<meta name=\"robots\" content=\"index, follow, max-snippet:-1, max-image-preview:large, max-video-preview:-1\" \/>\n<link rel=\"canonical\" href=\"https:\/\/fumot.uk\/fr\/product\/randm-tornado-15000-puffs-cherry\/\" \/>\n<meta property=\"og:locale\" content=\"fr_FR\" \/>\n<meta property=\"og:type\" content=\"article\" \/>\n<meta property=\"og:title\" content=\"RandM Tornado 15000 Puffs \u2013 Cherry (Adjustable Airflow)\" \/>\n<meta property=\"og:description\" content=\"Sweet-tart Cherry flavour with mesh coil smoothness, 25ml e-liquid and an 850mAh rechargeable battery. Choose 0\/2\/3\/5% nic salt. Shop fumot.uk.\" \/>\n<meta property=\"og:url\" content=\"https:\/\/fumot.uk\/fr\/product\/randm-tornado-15000-puffs-cherry\/\" \/>\n<meta property=\"og:site_name\" content=\"Fumot Official Direct | Straight from the Factory, 100% Genuine\" \/>\n<meta property=\"article:modified_time\" content=\"2026-01-20T07:45:14+00:00\" \/>\n<meta property=\"og:image\" content=\"https:\/\/fumot.uk\/wp-content\/uploads\/2026\/01\/Randm-Tornado-15000-cherry.jpg\" \/>\n\t<meta property=\"og:image:width\" content=\"2000\" \/>\n\t<meta property=\"og:image:height\" content=\"2000\" \/>\n\t<meta property=\"og:image:type\" content=\"image\/jpeg\" \/>\n<meta name=\"twitter:card\" content=\"summary_large_image\" \/>\n<meta name=\"twitter:label1\" content=\"Dur\u00e9e de lecture estim\u00e9e\" \/>\n\t<meta name=\"twitter:data1\" content=\"1 minute\" \/>\n<script type=\"application\/ld+json\" class=\"yoast-schema-graph\">{\"@context\":\"https:\/\/schema.org\",\"@graph\":[{\"@type\":\"WebPage\",\"@id\":\"https:\/\/fumot.uk\/product\/randm-tornado-15000-puffs-cherry\/\",\"url\":\"https:\/\/fumot.uk\/product\/randm-tornado-15000-puffs-cherry\/\",\"name\":\"RandM Tornado 15000 Puffs Cherry | 25ml, 850mAh\",\"isPartOf\":{\"@id\":\"https:\/\/fumot.uk\/#website\"},\"primaryImageOfPage\":{\"@id\":\"https:\/\/fumot.uk\/product\/randm-tornado-15000-puffs-cherry\/#primaryimage\"},\"image\":{\"@id\":\"https:\/\/fumot.uk\/product\/randm-tornado-15000-puffs-cherry\/#primaryimage\"},\"thumbnailUrl\":\"https:\/\/fumot.uk\/wp-content\/uploads\/2026\/01\/Randm-Tornado-15000-cherry.jpg\",\"datePublished\":\"2026-01-20T02:40:06+00:00\",\"dateModified\":\"2026-01-20T07:45:14+00:00\",\"description\":\"RandM Tornado 15000 Puffs Cherry disposable vape with 25ml e-liquid, 850mAh rechargeable battery, mesh coil & adjustable airflow. 0\/2\/3\/5% nic salt.\",\"breadcrumb\":{\"@id\":\"https:\/\/fumot.uk\/product\/randm-tornado-15000-puffs-cherry\/#breadcrumb\"},\"inLanguage\":\"fr-FR\",\"potentialAction\":[{\"@type\":\"ReadAction\",\"target\":[\"https:\/\/fumot.uk\/product\/randm-tornado-15000-puffs-cherry\/\"]}]},{\"@type\":\"ImageObject\",\"inLanguage\":\"fr-FR\",\"@id\":\"https:\/\/fumot.uk\/product\/randm-tornado-15000-puffs-cherry\/#primaryimage\",\"url\":\"https:\/\/fumot.uk\/wp-content\/uploads\/2026\/01\/Randm-Tornado-15000-cherry.jpg\",\"contentUrl\":\"https:\/\/fumot.uk\/wp-content\/uploads\/2026\/01\/Randm-Tornado-15000-cherry.jpg\",\"width\":2000,\"height\":2000},{\"@type\":\"BreadcrumbList\",\"@id\":\"https:\/\/fumot.uk\/product\/randm-tornado-15000-puffs-cherry\/#breadcrumb\",\"itemListElement\":[{\"@type\":\"ListItem\",\"position\":1,\"name\":\"Home\",\"item\":\"https:\/\/fumot.uk\/\"},{\"@type\":\"ListItem\",\"position\":2,\"name\":\"Shop\",\"item\":\"https:\/\/fumot.uk\/shop\/\"},{\"@type\":\"ListItem\",\"position\":3,\"name\":\"RandM Tornado 15000 Puffs Cherry Disposable Vape (25ml, 850mAh, Adjustable Airflow)\"}]},{\"@type\":\"WebSite\",\"@id\":\"https:\/\/fumot.uk\/#website\",\"url\":\"https:\/\/fumot.uk\/\",\"name\":\"Fumot Official Direct | Straight from the Factory, 100% Genuine\",\"description\":\"Official Website\",\"publisher\":{\"@id\":\"https:\/\/fumot.uk\/#organization\"},\"potentialAction\":[{\"@type\":\"SearchAction\",\"target\":{\"@type\":\"EntryPoint\",\"urlTemplate\":\"https:\/\/fumot.uk\/?s={search_term_string}\"},\"query-input\":{\"@type\":\"PropertyValueSpecification\",\"valueRequired\":true,\"valueName\":\"search_term_string\"}}],\"inLanguage\":\"fr-FR\"},{\"@type\":\"Organization\",\"@id\":\"https:\/\/fumot.uk\/#organization\",\"name\":\"Fumot Official Direct | Straight from the Factory, 100% Genuine\",\"url\":\"https:\/\/fumot.uk\/\",\"logo\":{\"@type\":\"ImageObject\",\"inLanguage\":\"fr-FR\",\"@id\":\"https:\/\/fumot.uk\/#\/schema\/logo\/image\/\",\"url\":\"https:\/\/fumot.uk\/wp-content\/uploads\/2026\/01\/cropped-fumot-logo1.png\",\"contentUrl\":\"https:\/\/fumot.uk\/wp-content\/uploads\/2026\/01\/cropped-fumot-logo1.png\",\"width\":152,\"height\":106,\"caption\":\"Fumot Official Direct | Straight from the Factory, 100% Genuine\"},\"image\":{\"@id\":\"https:\/\/fumot.uk\/#\/schema\/logo\/image\/\"}}]}<\/script>\n<!-- \/ Yoast SEO plugin. -->","yoast_head_json":{"title":"RandM Tornado 15000 Puffs Cerise | 25ml, 850mAh","description":"RandM Tornado 15000 Puffs Cherry vape jetable avec 25ml de e-liquide, batterie rechargeable 850mAh, bobine en mesh et flux d'air r\u00e9glable. 0\/2\/3\/5% sel de nicotine.","robots":{"index":"index","follow":"follow","max-snippet":"max-snippet:-1","max-image-preview":"max-image-preview:large","max-video-preview":"max-video-preview:-1"},"canonical":"https:\/\/fumot.uk\/fr\/product\/randm-tornado-15000-puffs-cherry\/","og_locale":"fr_FR","og_type":"article","og_title":"RandM Tornado 15000 Puffs \u2013 Cherry (Adjustable Airflow)","og_description":"Sweet-tart Cherry flavour with mesh coil smoothness, 25ml e-liquid and an 850mAh rechargeable battery. Choose 0\/2\/3\/5% nic salt. Shop fumot.uk.","og_url":"https:\/\/fumot.uk\/fr\/product\/randm-tornado-15000-puffs-cherry\/","og_site_name":"Fumot Official Direct | Straight from the Factory, 100% Genuine","article_modified_time":"2026-01-20T07:45:14+00:00","og_image":[{"width":2000,"height":2000,"url":"https:\/\/fumot.uk\/wp-content\/uploads\/2026\/01\/Randm-Tornado-15000-cherry.jpg","type":"image\/jpeg"}],"twitter_card":"summary_large_image","twitter_misc":{"Dur\u00e9e de lecture estim\u00e9e":"1 minute"},"schema":{"@context":"https:\/\/schema.org","@graph":[{"@type":"WebPage","@id":"https:\/\/fumot.uk\/product\/randm-tornado-15000-puffs-cherry\/","url":"https:\/\/fumot.uk\/product\/randm-tornado-15000-puffs-cherry\/","name":"RandM Tornado 15000 Puffs Cerise | 25ml, 850mAh","isPartOf":{"@id":"https:\/\/fumot.uk\/#website"},"primaryImageOfPage":{"@id":"https:\/\/fumot.uk\/product\/randm-tornado-15000-puffs-cherry\/#primaryimage"},"image":{"@id":"https:\/\/fumot.uk\/product\/randm-tornado-15000-puffs-cherry\/#primaryimage"},"thumbnailUrl":"https:\/\/fumot.uk\/wp-content\/uploads\/2026\/01\/Randm-Tornado-15000-cherry.jpg","datePublished":"2026-01-20T02:40:06+00:00","dateModified":"2026-01-20T07:45:14+00:00","description":"RandM Tornado 15000 Puffs Cherry vape jetable avec 25ml de e-liquide, batterie rechargeable 850mAh, bobine en mesh et flux d'air r\u00e9glable. 0\/2\/3\/5% sel de nicotine.","breadcrumb":{"@id":"https:\/\/fumot.uk\/product\/randm-tornado-15000-puffs-cherry\/#breadcrumb"},"inLanguage":"fr-FR","potentialAction":[{"@type":"ReadAction","target":["https:\/\/fumot.uk\/product\/randm-tornado-15000-puffs-cherry\/"]}]},{"@type":"ImageObject","inLanguage":"fr-FR","@id":"https:\/\/fumot.uk\/product\/randm-tornado-15000-puffs-cherry\/#primaryimage","url":"https:\/\/fumot.uk\/wp-content\/uploads\/2026\/01\/Randm-Tornado-15000-cherry.jpg","contentUrl":"https:\/\/fumot.uk\/wp-content\/uploads\/2026\/01\/Randm-Tornado-15000-cherry.jpg","width":2000,"height":2000},{"@type":"BreadcrumbList","@id":"https:\/\/fumot.uk\/product\/randm-tornado-15000-puffs-cherry\/#breadcrumb","itemListElement":[{"@type":"ListItem","position":1,"name":"Home","item":"https:\/\/fumot.uk\/"},{"@type":"ListItem","position":2,"name":"Shop","item":"https:\/\/fumot.uk\/shop\/"},{"@type":"ListItem","position":3,"name":"RandM Tornado 15000 Puffs Cherry Disposable Vape (25ml, 850mAh, Adjustable Airflow)"}]},{"@type":"WebSite","@id":"https:\/\/fumot.uk\/#website","url":"https:\/\/fumot.uk\/","name":"Fumot Official Direct | Directement de l'usine, 100% Authentique","description":"Site officiel","publisher":{"@id":"https:\/\/fumot.uk\/#organization"},"potentialAction":[{"@type":"SearchAction","target":{"@type":"EntryPoint","urlTemplate":"https:\/\/fumot.uk\/?s={search_term_string}"},"query-input":{"@type":"PropertyValueSpecification","valueRequired":true,"valueName":"search_term_string"}}],"inLanguage":"fr-FR"},{"@type":"Organization","@id":"https:\/\/fumot.uk\/#organization","name":"Fumot Official Direct | Directement de l'usine, 100% Authentique","url":"https:\/\/fumot.uk\/","logo":{"@type":"ImageObject","inLanguage":"fr-FR","@id":"https:\/\/fumot.uk\/#\/schema\/logo\/image\/","url":"https:\/\/fumot.uk\/wp-content\/uploads\/2026\/01\/cropped-fumot-logo1.png","contentUrl":"https:\/\/fumot.uk\/wp-content\/uploads\/2026\/01\/cropped-fumot-logo1.png","width":152,"height":106,"caption":"Fumot Official Direct | Straight from the Factory, 100% Genuine"},"image":{"@id":"https:\/\/fumot.uk\/#\/schema\/logo\/image\/"}}]}},"_links":{"self":[{"href":"https:\/\/fumot.uk\/fr\/wp-json\/wp\/v2\/product\/69","targetHints":{"allow":["GET"]}}],"collection":[{"href":"https:\/\/fumot.uk\/fr\/wp-json\/wp\/v2\/product"}],"about":[{"href":"https:\/\/fumot.uk\/fr\/wp-json\/wp\/v2\/types\/product"}],"replies":[{"embeddable":true,"href":"https:\/\/fumot.uk\/fr\/wp-json\/wp\/v2\/comments?post=69"}],"wp:featuredmedia":[{"embeddable":true,"href":"https:\/\/fumot.uk\/fr\/wp-json\/wp\/v2\/media\/99"}],"wp:attachment":[{"href":"https:\/\/fumot.uk\/fr\/wp-json\/wp\/v2\/media?parent=69"}],"wp:term":[{"taxonomy":"product_brand","embeddable":true,"href":"https:\/\/fumot.uk\/fr\/wp-json\/wp\/v2\/product_brand?post=69"},{"taxonomy":"product_cat","embeddable":true,"href":"https:\/\/fumot.uk\/fr\/wp-json\/wp\/v2\/product_cat?post=69"},{"taxonomy":"product_tag","embeddable":true,"href":"https:\/\/fumot.uk\/fr\/wp-json\/wp\/v2\/product_tag?post=69"}],"curies":[{"name":"wp","href":"https:\/\/api.w.org\/{rel}","templated":true}]}}