{"id":65,"date":"2026-01-20T02:40:05","date_gmt":"2026-01-20T02:40:05","guid":{"rendered":"https:\/\/fumot.uk\/?post_type=product&#038;p=65"},"modified":"2026-01-20T07:45:24","modified_gmt":"2026-01-20T07:45:24","slug":"randm-tornado-15000-puffs-watermelon-ice","status":"publish","type":"product","link":"https:\/\/fumot.uk\/fr\/product\/randm-tornado-15000-puffs-watermelon-ice\/","title":{"rendered":"RAndM Tornado 15000 Puffs Past\u00e8que Glac\u00e9e Vape Jetable (25ml, 850mAh, \u00c9cran, USB\u2011C)"},"content":{"rendered":"<h4>Glace Past\u00e8que \u2013 Vape Jetable RAndM Tornado 15000 Puffs<\/h4>\n<p><strong>RAndM Tornado 15000 Puffs Glace Past\u00e8que<\/strong> offre une vape fruit\u00e9e et croquante avec une finition fra\u00eeche et rafra\u00eechissante. La saveur m\u00e9lange la douceur juteuse de la past\u00e8que avec une brise glac\u00e9e\u2014fra\u00eeche, douce et facile \u00e0 appr\u00e9cier du premier au dernier puff.<\/p>\n<p>Con\u00e7u pour la commodit\u00e9 quotidienne, ce <strong>vape jetable 15000 puffs<\/strong> dispose d'un <strong>affichage intelligent<\/strong> pour v\u00e9rifier rapidement l'\u00e9tat de la batterie et du e\u2011liquide d'un coup d'\u0153il. La <strong>bobine en maille<\/strong> aide \u00e0 maintenir une chauffe constante pour une saveur stable et une aspiration douce, tandis que la <strong>batterie rechargeable 850mAh<\/strong> vous permet de continuer lorsque vous avez besoin d'un coup de pouce.<\/p>\n<p>Achetez en toute confiance sur <a href=\"https:\/\/fumot.uk\/fr\/\">fumot.uk<\/a> et explorez plus de saveurs et d'options dans la gamme Tornado.<\/p>\n<h4>Caract\u00e9ristiques cl\u00e9s<\/h4>\n<ul>\n<li><strong>Jusqu'\u00e0 15000 puffs<\/strong><\/li>\n<li><strong>Glace Past\u00e8que<\/strong> saveur : past\u00e8que sucr\u00e9e + finition rafra\u00eechissante<\/li>\n<li><strong>25ml<\/strong> capacit\u00e9 de e\u2011liquide<\/li>\n<li><strong>Options de sel de nicotine :<\/strong> 0% \/ 2% \/ 3% \/ 5%<\/li>\n<li><strong>Bobine en maille<\/strong> pour un go\u00fbt constant<\/li>\n<li><strong>Flux d'air ajustable<\/strong> pour une aspiration sur mesure<\/li>\n<li><strong>Affichage intelligent<\/strong> (indicateurs de batterie &amp; e\u2011liquide)<\/li>\n<li><strong>Rechargeable 850mAh<\/strong> batterie int\u00e9gr\u00e9e<\/li>\n<li><strong>USB\u2011C (Type\u2011C)<\/strong> chargement<\/li>\n<li><strong>D\u00e9tail de design<\/strong> lumi\u00e8re RGB<\/li>\n<li><strong>41 saveurs disponibles<\/strong> dans la s\u00e9rie<\/li>\n<\/ul>\n<h4>Ce que vous go\u00fbterez<\/h4>\n<p>Past\u00e8que vive \u00e0 l'inhalation, suivie d'une exhalation fra\u00eeche et rafra\u00eechissante\u2014id\u00e9al si vous aimez les saveurs fruit\u00e9es avec une note glac\u00e9e qui reste \u00e9quilibr\u00e9e (non \u00e9crasante).<\/p>\n<p><em>Remarque :<\/em> Le nombre de puffs peut varier en fonction de la longueur de l'aspiration et des habitudes d'utilisation.<\/p>","protected":false},"excerpt":{"rendered":"<p>Vape jetable RAndM Tornado 15000 Puffs Watermelon Ice avec 25ml de e\u2011liquide, bobine en mesh, d\u00e9bit d'air r\u00e9glable, affichage intelligent, et batterie rechargeable USB\u2011C de 850mAh. Sel de nicotine : 0\/2\/3\/5%.<\/p>","protected":false},"featured_media":95,"comment_status":"open","ping_status":"closed","template":"","meta":[],"product_brand":[],"product_cat":[16,18,17],"product_tag":[19,20,21,23,29,25,26,27,28,32],"class_list":{"0":"post-65","1":"product","2":"type-product","3":"status-publish","4":"has-post-thumbnail","6":"product_cat-15000-puff","7":"product_cat-randm-tornado-15000-puffs","8":"product_cat-vape","9":"product_tag-25ml","10":"product_tag-850mah","11":"product_tag-adjustable-airflow","12":"product_tag-display","13":"product_tag-ice","14":"product_tag-mesh-coil","15":"product_tag-rechargeable","16":"product_tag-rgb-light","17":"product_tag-type-c","18":"product_tag-watermelon","20":"first","21":"instock","22":"sale","23":"shipping-taxable","24":"purchasable","25":"product-type-variable","26":"has-default-attributes"},"yoast_head":"<!-- This site is optimized with the Yoast SEO plugin v26.8 - https:\/\/yoast.com\/product\/yoast-seo-wordpress\/ -->\n<title>RAndM Tornado 15000 Watermelon Ice | 25ml, 850mAh<\/title>\n<meta name=\"description\" content=\"RAndM Tornado 15000 Puffs Watermelon Ice: sweet watermelon with a cool finish. 25ml, mesh coil, display, adjustable airflow, USB\u2011C 850mAh. 0\/2\/3\/5%.\" \/>\n<meta name=\"robots\" content=\"index, follow, max-snippet:-1, max-image-preview:large, max-video-preview:-1\" \/>\n<link rel=\"canonical\" href=\"https:\/\/fumot.uk\/fr\/product\/randm-tornado-15000-puffs-watermelon-ice\/\" \/>\n<meta property=\"og:locale\" content=\"fr_FR\" \/>\n<meta property=\"og:type\" content=\"article\" \/>\n<meta property=\"og:title\" content=\"Watermelon Ice \u2013 RAndM Tornado 15000 Puffs\" \/>\n<meta property=\"og:description\" content=\"Juicy watermelon meets a clean icy finish. 25ml, mesh coil, smart display, adjustable airflow, rechargeable 850mAh USB\u2011C battery. Shop at fumot.uk.\" \/>\n<meta property=\"og:url\" content=\"https:\/\/fumot.uk\/fr\/product\/randm-tornado-15000-puffs-watermelon-ice\/\" \/>\n<meta property=\"og:site_name\" content=\"Fumot Official Direct | Straight from the Factory, 100% Genuine\" \/>\n<meta property=\"article:modified_time\" content=\"2026-01-20T07:45:24+00:00\" \/>\n<meta property=\"og:image\" content=\"https:\/\/fumot.uk\/wp-content\/uploads\/2026\/01\/Randm-Tornado-15000-watermelon-ice.jpg\" \/>\n\t<meta property=\"og:image:width\" content=\"2000\" \/>\n\t<meta property=\"og:image:height\" content=\"2000\" \/>\n\t<meta property=\"og:image:type\" content=\"image\/jpeg\" \/>\n<meta name=\"twitter:card\" content=\"summary_large_image\" \/>\n<meta name=\"twitter:label1\" content=\"Dur\u00e9e de lecture estim\u00e9e\" \/>\n\t<meta name=\"twitter:data1\" content=\"1 minute\" \/>\n<script type=\"application\/ld+json\" class=\"yoast-schema-graph\">{\"@context\":\"https:\/\/schema.org\",\"@graph\":[{\"@type\":\"WebPage\",\"@id\":\"https:\/\/fumot.uk\/product\/randm-tornado-15000-puffs-watermelon-ice\/\",\"url\":\"https:\/\/fumot.uk\/product\/randm-tornado-15000-puffs-watermelon-ice\/\",\"name\":\"RAndM Tornado 15000 Watermelon Ice | 25ml, 850mAh\",\"isPartOf\":{\"@id\":\"https:\/\/fumot.uk\/#website\"},\"primaryImageOfPage\":{\"@id\":\"https:\/\/fumot.uk\/product\/randm-tornado-15000-puffs-watermelon-ice\/#primaryimage\"},\"image\":{\"@id\":\"https:\/\/fumot.uk\/product\/randm-tornado-15000-puffs-watermelon-ice\/#primaryimage\"},\"thumbnailUrl\":\"https:\/\/fumot.uk\/wp-content\/uploads\/2026\/01\/Randm-Tornado-15000-watermelon-ice.jpg\",\"datePublished\":\"2026-01-20T02:40:05+00:00\",\"dateModified\":\"2026-01-20T07:45:24+00:00\",\"description\":\"RAndM Tornado 15000 Puffs Watermelon Ice: sweet watermelon with a cool finish. 25ml, mesh coil, display, adjustable airflow, USB\u2011C 850mAh. 0\/2\/3\/5%.\",\"breadcrumb\":{\"@id\":\"https:\/\/fumot.uk\/product\/randm-tornado-15000-puffs-watermelon-ice\/#breadcrumb\"},\"inLanguage\":\"fr-FR\",\"potentialAction\":[{\"@type\":\"ReadAction\",\"target\":[\"https:\/\/fumot.uk\/product\/randm-tornado-15000-puffs-watermelon-ice\/\"]}]},{\"@type\":\"ImageObject\",\"inLanguage\":\"fr-FR\",\"@id\":\"https:\/\/fumot.uk\/product\/randm-tornado-15000-puffs-watermelon-ice\/#primaryimage\",\"url\":\"https:\/\/fumot.uk\/wp-content\/uploads\/2026\/01\/Randm-Tornado-15000-watermelon-ice.jpg\",\"contentUrl\":\"https:\/\/fumot.uk\/wp-content\/uploads\/2026\/01\/Randm-Tornado-15000-watermelon-ice.jpg\",\"width\":2000,\"height\":2000},{\"@type\":\"BreadcrumbList\",\"@id\":\"https:\/\/fumot.uk\/product\/randm-tornado-15000-puffs-watermelon-ice\/#breadcrumb\",\"itemListElement\":[{\"@type\":\"ListItem\",\"position\":1,\"name\":\"Home\",\"item\":\"https:\/\/fumot.uk\/\"},{\"@type\":\"ListItem\",\"position\":2,\"name\":\"Shop\",\"item\":\"https:\/\/fumot.uk\/shop\/\"},{\"@type\":\"ListItem\",\"position\":3,\"name\":\"RAndM Tornado 15000 Puffs Watermelon Ice Disposable Vape (25ml, 850mAh, Display, USB\u2011C)\"}]},{\"@type\":\"WebSite\",\"@id\":\"https:\/\/fumot.uk\/#website\",\"url\":\"https:\/\/fumot.uk\/\",\"name\":\"Fumot Official Direct | Straight from the Factory, 100% Genuine\",\"description\":\"Official Website\",\"publisher\":{\"@id\":\"https:\/\/fumot.uk\/#organization\"},\"potentialAction\":[{\"@type\":\"SearchAction\",\"target\":{\"@type\":\"EntryPoint\",\"urlTemplate\":\"https:\/\/fumot.uk\/?s={search_term_string}\"},\"query-input\":{\"@type\":\"PropertyValueSpecification\",\"valueRequired\":true,\"valueName\":\"search_term_string\"}}],\"inLanguage\":\"fr-FR\"},{\"@type\":\"Organization\",\"@id\":\"https:\/\/fumot.uk\/#organization\",\"name\":\"Fumot Official Direct | Straight from the Factory, 100% Genuine\",\"url\":\"https:\/\/fumot.uk\/\",\"logo\":{\"@type\":\"ImageObject\",\"inLanguage\":\"fr-FR\",\"@id\":\"https:\/\/fumot.uk\/#\/schema\/logo\/image\/\",\"url\":\"https:\/\/fumot.uk\/wp-content\/uploads\/2026\/01\/cropped-fumot-logo1.png\",\"contentUrl\":\"https:\/\/fumot.uk\/wp-content\/uploads\/2026\/01\/cropped-fumot-logo1.png\",\"width\":152,\"height\":106,\"caption\":\"Fumot Official Direct | Straight from the Factory, 100% Genuine\"},\"image\":{\"@id\":\"https:\/\/fumot.uk\/#\/schema\/logo\/image\/\"}}]}<\/script>\n<!-- \/ Yoast SEO plugin. -->","yoast_head_json":{"title":"RAndM Tornado 15000 Past\u00e8que Glac\u00e9e | 25ml, 850mAh","description":"RAndM Tornado 15000 Puffs Watermelon Ice : past\u00e8que sucr\u00e9e avec une finition fra\u00eeche. 25ml, bobine en mesh, affichage, flux d'air r\u00e9glable, USB\u2011C 850mAh. 0\/2\/3\/5%.","robots":{"index":"index","follow":"follow","max-snippet":"max-snippet:-1","max-image-preview":"max-image-preview:large","max-video-preview":"max-video-preview:-1"},"canonical":"https:\/\/fumot.uk\/fr\/product\/randm-tornado-15000-puffs-watermelon-ice\/","og_locale":"fr_FR","og_type":"article","og_title":"Watermelon Ice \u2013 RAndM Tornado 15000 Puffs","og_description":"Juicy watermelon meets a clean icy finish. 25ml, mesh coil, smart display, adjustable airflow, rechargeable 850mAh USB\u2011C battery. Shop at fumot.uk.","og_url":"https:\/\/fumot.uk\/fr\/product\/randm-tornado-15000-puffs-watermelon-ice\/","og_site_name":"Fumot Official Direct | Straight from the Factory, 100% Genuine","article_modified_time":"2026-01-20T07:45:24+00:00","og_image":[{"width":2000,"height":2000,"url":"https:\/\/fumot.uk\/wp-content\/uploads\/2026\/01\/Randm-Tornado-15000-watermelon-ice.jpg","type":"image\/jpeg"}],"twitter_card":"summary_large_image","twitter_misc":{"Dur\u00e9e de lecture estim\u00e9e":"1 minute"},"schema":{"@context":"https:\/\/schema.org","@graph":[{"@type":"WebPage","@id":"https:\/\/fumot.uk\/product\/randm-tornado-15000-puffs-watermelon-ice\/","url":"https:\/\/fumot.uk\/product\/randm-tornado-15000-puffs-watermelon-ice\/","name":"RAndM Tornado 15000 Past\u00e8que Glac\u00e9e | 25ml, 850mAh","isPartOf":{"@id":"https:\/\/fumot.uk\/#website"},"primaryImageOfPage":{"@id":"https:\/\/fumot.uk\/product\/randm-tornado-15000-puffs-watermelon-ice\/#primaryimage"},"image":{"@id":"https:\/\/fumot.uk\/product\/randm-tornado-15000-puffs-watermelon-ice\/#primaryimage"},"thumbnailUrl":"https:\/\/fumot.uk\/wp-content\/uploads\/2026\/01\/Randm-Tornado-15000-watermelon-ice.jpg","datePublished":"2026-01-20T02:40:05+00:00","dateModified":"2026-01-20T07:45:24+00:00","description":"RAndM Tornado 15000 Puffs Watermelon Ice : past\u00e8que sucr\u00e9e avec une finition fra\u00eeche. 25ml, bobine en mesh, affichage, flux d'air r\u00e9glable, USB\u2011C 850mAh. 0\/2\/3\/5%.","breadcrumb":{"@id":"https:\/\/fumot.uk\/product\/randm-tornado-15000-puffs-watermelon-ice\/#breadcrumb"},"inLanguage":"fr-FR","potentialAction":[{"@type":"ReadAction","target":["https:\/\/fumot.uk\/product\/randm-tornado-15000-puffs-watermelon-ice\/"]}]},{"@type":"ImageObject","inLanguage":"fr-FR","@id":"https:\/\/fumot.uk\/product\/randm-tornado-15000-puffs-watermelon-ice\/#primaryimage","url":"https:\/\/fumot.uk\/wp-content\/uploads\/2026\/01\/Randm-Tornado-15000-watermelon-ice.jpg","contentUrl":"https:\/\/fumot.uk\/wp-content\/uploads\/2026\/01\/Randm-Tornado-15000-watermelon-ice.jpg","width":2000,"height":2000},{"@type":"BreadcrumbList","@id":"https:\/\/fumot.uk\/product\/randm-tornado-15000-puffs-watermelon-ice\/#breadcrumb","itemListElement":[{"@type":"ListItem","position":1,"name":"Home","item":"https:\/\/fumot.uk\/"},{"@type":"ListItem","position":2,"name":"Shop","item":"https:\/\/fumot.uk\/shop\/"},{"@type":"ListItem","position":3,"name":"RAndM Tornado 15000 Puffs Watermelon Ice Disposable Vape (25ml, 850mAh, Display, USB\u2011C)"}]},{"@type":"WebSite","@id":"https:\/\/fumot.uk\/#website","url":"https:\/\/fumot.uk\/","name":"Fumot Official Direct | Directement de l'usine, 100% Authentique","description":"Site officiel","publisher":{"@id":"https:\/\/fumot.uk\/#organization"},"potentialAction":[{"@type":"SearchAction","target":{"@type":"EntryPoint","urlTemplate":"https:\/\/fumot.uk\/?s={search_term_string}"},"query-input":{"@type":"PropertyValueSpecification","valueRequired":true,"valueName":"search_term_string"}}],"inLanguage":"fr-FR"},{"@type":"Organization","@id":"https:\/\/fumot.uk\/#organization","name":"Fumot Official Direct | Directement de l'usine, 100% Authentique","url":"https:\/\/fumot.uk\/","logo":{"@type":"ImageObject","inLanguage":"fr-FR","@id":"https:\/\/fumot.uk\/#\/schema\/logo\/image\/","url":"https:\/\/fumot.uk\/wp-content\/uploads\/2026\/01\/cropped-fumot-logo1.png","contentUrl":"https:\/\/fumot.uk\/wp-content\/uploads\/2026\/01\/cropped-fumot-logo1.png","width":152,"height":106,"caption":"Fumot Official Direct | Straight from the Factory, 100% Genuine"},"image":{"@id":"https:\/\/fumot.uk\/#\/schema\/logo\/image\/"}}]}},"_links":{"self":[{"href":"https:\/\/fumot.uk\/fr\/wp-json\/wp\/v2\/product\/65","targetHints":{"allow":["GET"]}}],"collection":[{"href":"https:\/\/fumot.uk\/fr\/wp-json\/wp\/v2\/product"}],"about":[{"href":"https:\/\/fumot.uk\/fr\/wp-json\/wp\/v2\/types\/product"}],"replies":[{"embeddable":true,"href":"https:\/\/fumot.uk\/fr\/wp-json\/wp\/v2\/comments?post=65"}],"wp:featuredmedia":[{"embeddable":true,"href":"https:\/\/fumot.uk\/fr\/wp-json\/wp\/v2\/media\/95"}],"wp:attachment":[{"href":"https:\/\/fumot.uk\/fr\/wp-json\/wp\/v2\/media?parent=65"}],"wp:term":[{"taxonomy":"product_brand","embeddable":true,"href":"https:\/\/fumot.uk\/fr\/wp-json\/wp\/v2\/product_brand?post=65"},{"taxonomy":"product_cat","embeddable":true,"href":"https:\/\/fumot.uk\/fr\/wp-json\/wp\/v2\/product_cat?post=65"},{"taxonomy":"product_tag","embeddable":true,"href":"https:\/\/fumot.uk\/fr\/wp-json\/wp\/v2\/product_tag?post=65"}],"curies":[{"name":"wp","href":"https:\/\/api.w.org\/{rel}","templated":true}]}}