{"id":629,"date":"2026-01-20T02:47:02","date_gmt":"2026-01-20T02:47:02","guid":{"rendered":"https:\/\/fumot.uk\/?post_type=product&#038;p=629"},"modified":"2026-01-20T06:35:29","modified_gmt":"2026-01-20T06:35:29","slug":"fumot-leopard-40000-puffs-watermelon-ice","status":"publish","type":"product","link":"https:\/\/fumot.uk\/fr\/product\/fumot-leopard-40000-puffs-watermelon-ice\/","title":{"rendered":"Fumot Leopard 40000 Puffs Watermelon Ice Vape Jetable | Dual Mesh, \u00c9cran LED, 700mAh, Type\u2011C"},"content":{"rendered":"<h2>Fumot Leopard 40000 Puffs \u2013 Past\u00e8que Glac\u00e9e<\/h2>\n<p>D\u00e9couvrez le <strong>Fumot Leopard 40000 Puffs<\/strong> in <strong>Glace Past\u00e8que<\/strong>\u2014un vape jetable audacieux et cristallin avec un \u00e9clat inspir\u00e9 du l\u00e9opard et un vif <strong>\u00e9cran num\u00e9rique LED<\/strong>. Con\u00e7u pour une prise en main confortable et des bouff\u00e9es douces, il allie un style accrocheur \u00e0 une performance fiable au quotidien.<\/p>\n<h3>En Vedette : Past\u00e8que Glac\u00e9e<\/h3>\n<p><strong>Glace Past\u00e8que<\/strong> offre la douceur juteuse de la past\u00e8que m\u00fbre suivie d'une finition propre et rafra\u00eechissante. L'\u00e9quilibre reste rafra\u00eechissant plut\u00f4t que accablant\u2014id\u00e9al pour vapoter toute la journ\u00e9e quand vous voulez quelque chose de fruit\u00e9 avec une touche glac\u00e9e.<\/p>\n<h3>Caract\u00e9ristiques cl\u00e9s<\/h3>\n<ul>\n<li><strong>Jusqu'\u00e0 40,000 bouff\u00e9es<\/strong> pour une utilisation longue dur\u00e9e<\/li>\n<li><strong>Options de nicotine :<\/strong> 0%, 2%, 3%, 5%<\/li>\n<li><strong>Batterie rechargeable 700mAh<\/strong> pour une puissance constante<\/li>\n<li><strong>Charge rapide Type\u2011C<\/strong> pour des recharges pratiques<\/li>\n<li><strong>Double Bobine Mesh<\/strong> pour un chauffage uniforme et une saveur plus riche<\/li>\n<li><strong>\u00e9cran num\u00e9rique LED<\/strong> pour suivre l'\u00e9tat d'un coup d'\u0153il<\/li>\n<li><strong>Corps en cristal transparent<\/strong> avec motif l\u00e9opard et effets lumineux lors de la bouff\u00e9e<\/li>\n<\/ul>\n<h3>Pourquoi Choisir Fumot Leopard Past\u00e8que Glac\u00e9e ?<\/h3>\n<p>Si vous voulez une <strong>vape jetable past\u00e8que glac\u00e9e<\/strong> qui se sent aussi premium qu'elle en a l'air, c'est celle-ci. Le <strong>Double Bobine Mesh<\/strong> garde la saveur douce et stable, tandis que le <strong>affichage LED<\/strong> et <strong>charge Type\u2011C<\/strong> ajoute des am\u00e9liorations pratiques pour une utilisation quotidienne\u2014sans sacrifier cette finition rafra\u00eechissante et juteuse de past\u00e8que.<\/p>\n<p><strong>Cat\u00e9gorie :<\/strong> 40000 bouff\u00e9es, Cigarette \u00e9lectronique jetable, Fumot Leopard 40000 Puffs<\/p>\n<p><strong>Tags :<\/strong> 0% nicotine, 2% nicotine, 3% nicotine, 5% nicotine, 700mAh, Affichage LED, Double Maille, Glace, Type\u2011C, Past\u00e8que<\/p>","protected":false},"excerpt":{"rendered":"<p>Glace de past\u00e8que juteuse dans un design l\u00e9opard transparent. Jusqu'\u00e0 40 000 bouff\u00e9es avec double bobine en maille, affichage LED, batterie rechargeable de 700mAh et charge rapide Type-C. Nicotine : 0\/2\/3\/5%.<\/p>","protected":false},"featured_media":646,"comment_status":"open","ping_status":"closed","template":"","meta":[],"product_brand":[],"product_cat":[82,83,17],"product_tag":[84,70,85,71,86,23,73,29,28,32],"class_list":{"0":"post-629","1":"product","2":"type-product","3":"status-publish","4":"has-post-thumbnail","6":"product_cat-40000-puff","7":"product_cat-fumot-leopard-40000-puffs","8":"product_cat-vape","9":"product_tag-0-nikotin","10":"product_tag-2-nikotin","11":"product_tag-3-nikotin","12":"product_tag-5-nikotin","13":"product_tag-700-mah","14":"product_tag-display","15":"product_tag-dual-mesh","16":"product_tag-ice","17":"product_tag-type-c","18":"product_tag-watermelon","20":"first","21":"instock","22":"sale","23":"shipping-taxable","24":"purchasable","25":"product-type-variable","26":"has-default-attributes"},"yoast_head":"<!-- This site is optimized with the Yoast SEO plugin v26.8 - https:\/\/yoast.com\/product\/yoast-seo-wordpress\/ -->\n<title>Fumot Leopard 40000 Puffs Watermelon Ice | Dual Mesh<\/title>\n<meta name=\"description\" content=\"Fumot Leopard 40000 Puffs Watermelon Ice disposable vape: up to 40,000 puffs, Dual Mesh Coil, LED display, 700mAh rechargeable, Type\u2011C fast charge. 0\/2\/3\/5%.\" \/>\n<meta name=\"robots\" content=\"index, follow, max-snippet:-1, max-image-preview:large, max-video-preview:-1\" \/>\n<link rel=\"canonical\" href=\"https:\/\/fumot.uk\/fr\/product\/fumot-leopard-40000-puffs-watermelon-ice\/\" \/>\n<meta property=\"og:locale\" content=\"fr_FR\" \/>\n<meta property=\"og:type\" content=\"article\" \/>\n<meta property=\"og:title\" content=\"Fumot Leopard 40000 Puffs \u2013 Watermelon Ice\" \/>\n<meta property=\"og:description\" content=\"Juicy watermelon sweetness with a cool icy finish. Crystal leopard design, LED display, Dual Mesh Coil, 700mAh rechargeable battery and Type\u2011C fast charging\u2014up to 40,000 puffs.\" \/>\n<meta property=\"og:url\" content=\"https:\/\/fumot.uk\/fr\/product\/fumot-leopard-40000-puffs-watermelon-ice\/\" \/>\n<meta property=\"og:site_name\" content=\"Fumot Official Direct | Straight from the Factory, 100% Genuine\" \/>\n<meta property=\"article:modified_time\" content=\"2026-01-20T06:35:29+00:00\" \/>\n<meta property=\"og:image\" content=\"https:\/\/fumot.uk\/wp-content\/uploads\/2026\/01\/Fumot-Leopard-40000-Puffs-Watermelon-Ice-Disposable-Vape.jpg\" \/>\n\t<meta property=\"og:image:width\" content=\"2000\" \/>\n\t<meta property=\"og:image:height\" content=\"2000\" \/>\n\t<meta property=\"og:image:type\" content=\"image\/jpeg\" \/>\n<meta name=\"twitter:card\" content=\"summary_large_image\" \/>\n<meta name=\"twitter:label1\" content=\"Dur\u00e9e de lecture estim\u00e9e\" \/>\n\t<meta name=\"twitter:data1\" content=\"2 minutes\" \/>\n<script type=\"application\/ld+json\" class=\"yoast-schema-graph\">{\"@context\":\"https:\/\/schema.org\",\"@graph\":[{\"@type\":\"WebPage\",\"@id\":\"https:\/\/fumot.uk\/product\/fumot-leopard-40000-puffs-watermelon-ice\/\",\"url\":\"https:\/\/fumot.uk\/product\/fumot-leopard-40000-puffs-watermelon-ice\/\",\"name\":\"Fumot Leopard 40000 Puffs Watermelon Ice | Dual Mesh\",\"isPartOf\":{\"@id\":\"https:\/\/fumot.uk\/#website\"},\"primaryImageOfPage\":{\"@id\":\"https:\/\/fumot.uk\/product\/fumot-leopard-40000-puffs-watermelon-ice\/#primaryimage\"},\"image\":{\"@id\":\"https:\/\/fumot.uk\/product\/fumot-leopard-40000-puffs-watermelon-ice\/#primaryimage\"},\"thumbnailUrl\":\"https:\/\/fumot.uk\/wp-content\/uploads\/2026\/01\/Fumot-Leopard-40000-Puffs-Watermelon-Ice-Disposable-Vape.jpg\",\"datePublished\":\"2026-01-20T02:47:02+00:00\",\"dateModified\":\"2026-01-20T06:35:29+00:00\",\"description\":\"Fumot Leopard 40000 Puffs Watermelon Ice disposable vape: up to 40,000 puffs, Dual Mesh Coil, LED display, 700mAh rechargeable, Type\u2011C fast charge. 0\/2\/3\/5%.\",\"breadcrumb\":{\"@id\":\"https:\/\/fumot.uk\/product\/fumot-leopard-40000-puffs-watermelon-ice\/#breadcrumb\"},\"inLanguage\":\"fr-FR\",\"potentialAction\":[{\"@type\":\"ReadAction\",\"target\":[\"https:\/\/fumot.uk\/product\/fumot-leopard-40000-puffs-watermelon-ice\/\"]}]},{\"@type\":\"ImageObject\",\"inLanguage\":\"fr-FR\",\"@id\":\"https:\/\/fumot.uk\/product\/fumot-leopard-40000-puffs-watermelon-ice\/#primaryimage\",\"url\":\"https:\/\/fumot.uk\/wp-content\/uploads\/2026\/01\/Fumot-Leopard-40000-Puffs-Watermelon-Ice-Disposable-Vape.jpg\",\"contentUrl\":\"https:\/\/fumot.uk\/wp-content\/uploads\/2026\/01\/Fumot-Leopard-40000-Puffs-Watermelon-Ice-Disposable-Vape.jpg\",\"width\":2000,\"height\":2000},{\"@type\":\"BreadcrumbList\",\"@id\":\"https:\/\/fumot.uk\/product\/fumot-leopard-40000-puffs-watermelon-ice\/#breadcrumb\",\"itemListElement\":[{\"@type\":\"ListItem\",\"position\":1,\"name\":\"Home\",\"item\":\"https:\/\/fumot.uk\/\"},{\"@type\":\"ListItem\",\"position\":2,\"name\":\"Shop\",\"item\":\"https:\/\/fumot.uk\/shop\/\"},{\"@type\":\"ListItem\",\"position\":3,\"name\":\"Fumot Leopard 40000 Puffs Watermelon Ice Disposable Vape | Dual Mesh, LED Display, 700mAh, Type\u2011C\"}]},{\"@type\":\"WebSite\",\"@id\":\"https:\/\/fumot.uk\/#website\",\"url\":\"https:\/\/fumot.uk\/\",\"name\":\"Fumot Official Direct | Straight from the Factory, 100% Genuine\",\"description\":\"Official Website\",\"publisher\":{\"@id\":\"https:\/\/fumot.uk\/#organization\"},\"potentialAction\":[{\"@type\":\"SearchAction\",\"target\":{\"@type\":\"EntryPoint\",\"urlTemplate\":\"https:\/\/fumot.uk\/?s={search_term_string}\"},\"query-input\":{\"@type\":\"PropertyValueSpecification\",\"valueRequired\":true,\"valueName\":\"search_term_string\"}}],\"inLanguage\":\"fr-FR\"},{\"@type\":\"Organization\",\"@id\":\"https:\/\/fumot.uk\/#organization\",\"name\":\"Fumot Official Direct | Straight from the Factory, 100% Genuine\",\"url\":\"https:\/\/fumot.uk\/\",\"logo\":{\"@type\":\"ImageObject\",\"inLanguage\":\"fr-FR\",\"@id\":\"https:\/\/fumot.uk\/#\/schema\/logo\/image\/\",\"url\":\"https:\/\/fumot.uk\/wp-content\/uploads\/2026\/01\/cropped-fumot-logo1.png\",\"contentUrl\":\"https:\/\/fumot.uk\/wp-content\/uploads\/2026\/01\/cropped-fumot-logo1.png\",\"width\":152,\"height\":106,\"caption\":\"Fumot Official Direct | Straight from the Factory, 100% Genuine\"},\"image\":{\"@id\":\"https:\/\/fumot.uk\/#\/schema\/logo\/image\/\"}}]}<\/script>\n<!-- \/ Yoast SEO plugin. -->","yoast_head_json":{"title":"Fumot Leopard 40000 Puffs Past\u00e8que Glac\u00e9e | Double Mesh","description":"Fumot Leopard 40000 Puffs Watermelon Ice vape jetable : jusqu'\u00e0 40 000 bouff\u00e9es, Double R\u00e9sistance Mesh, \u00e9cran LED, rechargeable 700mAh, charge rapide Type\u2011C. 0\/2\/3\/5%.","robots":{"index":"index","follow":"follow","max-snippet":"max-snippet:-1","max-image-preview":"max-image-preview:large","max-video-preview":"max-video-preview:-1"},"canonical":"https:\/\/fumot.uk\/fr\/product\/fumot-leopard-40000-puffs-watermelon-ice\/","og_locale":"fr_FR","og_type":"article","og_title":"Fumot Leopard 40000 Puffs \u2013 Watermelon Ice","og_description":"Juicy watermelon sweetness with a cool icy finish. Crystal leopard design, LED display, Dual Mesh Coil, 700mAh rechargeable battery and Type\u2011C fast charging\u2014up to 40,000 puffs.","og_url":"https:\/\/fumot.uk\/fr\/product\/fumot-leopard-40000-puffs-watermelon-ice\/","og_site_name":"Fumot Official Direct | Straight from the Factory, 100% Genuine","article_modified_time":"2026-01-20T06:35:29+00:00","og_image":[{"width":2000,"height":2000,"url":"https:\/\/fumot.uk\/wp-content\/uploads\/2026\/01\/Fumot-Leopard-40000-Puffs-Watermelon-Ice-Disposable-Vape.jpg","type":"image\/jpeg"}],"twitter_card":"summary_large_image","twitter_misc":{"Dur\u00e9e de lecture estim\u00e9e":"2 minutes"},"schema":{"@context":"https:\/\/schema.org","@graph":[{"@type":"WebPage","@id":"https:\/\/fumot.uk\/product\/fumot-leopard-40000-puffs-watermelon-ice\/","url":"https:\/\/fumot.uk\/product\/fumot-leopard-40000-puffs-watermelon-ice\/","name":"Fumot Leopard 40000 Puffs Past\u00e8que Glac\u00e9e | Double Mesh","isPartOf":{"@id":"https:\/\/fumot.uk\/#website"},"primaryImageOfPage":{"@id":"https:\/\/fumot.uk\/product\/fumot-leopard-40000-puffs-watermelon-ice\/#primaryimage"},"image":{"@id":"https:\/\/fumot.uk\/product\/fumot-leopard-40000-puffs-watermelon-ice\/#primaryimage"},"thumbnailUrl":"https:\/\/fumot.uk\/wp-content\/uploads\/2026\/01\/Fumot-Leopard-40000-Puffs-Watermelon-Ice-Disposable-Vape.jpg","datePublished":"2026-01-20T02:47:02+00:00","dateModified":"2026-01-20T06:35:29+00:00","description":"Fumot Leopard 40000 Puffs Watermelon Ice vape jetable : jusqu'\u00e0 40 000 bouff\u00e9es, Double R\u00e9sistance Mesh, \u00e9cran LED, rechargeable 700mAh, charge rapide Type\u2011C. 0\/2\/3\/5%.","breadcrumb":{"@id":"https:\/\/fumot.uk\/product\/fumot-leopard-40000-puffs-watermelon-ice\/#breadcrumb"},"inLanguage":"fr-FR","potentialAction":[{"@type":"ReadAction","target":["https:\/\/fumot.uk\/product\/fumot-leopard-40000-puffs-watermelon-ice\/"]}]},{"@type":"ImageObject","inLanguage":"fr-FR","@id":"https:\/\/fumot.uk\/product\/fumot-leopard-40000-puffs-watermelon-ice\/#primaryimage","url":"https:\/\/fumot.uk\/wp-content\/uploads\/2026\/01\/Fumot-Leopard-40000-Puffs-Watermelon-Ice-Disposable-Vape.jpg","contentUrl":"https:\/\/fumot.uk\/wp-content\/uploads\/2026\/01\/Fumot-Leopard-40000-Puffs-Watermelon-Ice-Disposable-Vape.jpg","width":2000,"height":2000},{"@type":"BreadcrumbList","@id":"https:\/\/fumot.uk\/product\/fumot-leopard-40000-puffs-watermelon-ice\/#breadcrumb","itemListElement":[{"@type":"ListItem","position":1,"name":"Home","item":"https:\/\/fumot.uk\/"},{"@type":"ListItem","position":2,"name":"Shop","item":"https:\/\/fumot.uk\/shop\/"},{"@type":"ListItem","position":3,"name":"Fumot Leopard 40000 Puffs Watermelon Ice Disposable Vape | Dual Mesh, LED Display, 700mAh, Type\u2011C"}]},{"@type":"WebSite","@id":"https:\/\/fumot.uk\/#website","url":"https:\/\/fumot.uk\/","name":"Fumot Official Direct | Directement de l'usine, 100% Authentique","description":"Site officiel","publisher":{"@id":"https:\/\/fumot.uk\/#organization"},"potentialAction":[{"@type":"SearchAction","target":{"@type":"EntryPoint","urlTemplate":"https:\/\/fumot.uk\/?s={search_term_string}"},"query-input":{"@type":"PropertyValueSpecification","valueRequired":true,"valueName":"search_term_string"}}],"inLanguage":"fr-FR"},{"@type":"Organization","@id":"https:\/\/fumot.uk\/#organization","name":"Fumot Official Direct | Directement de l'usine, 100% Authentique","url":"https:\/\/fumot.uk\/","logo":{"@type":"ImageObject","inLanguage":"fr-FR","@id":"https:\/\/fumot.uk\/#\/schema\/logo\/image\/","url":"https:\/\/fumot.uk\/wp-content\/uploads\/2026\/01\/cropped-fumot-logo1.png","contentUrl":"https:\/\/fumot.uk\/wp-content\/uploads\/2026\/01\/cropped-fumot-logo1.png","width":152,"height":106,"caption":"Fumot Official Direct | Straight from the Factory, 100% Genuine"},"image":{"@id":"https:\/\/fumot.uk\/#\/schema\/logo\/image\/"}}]}},"_links":{"self":[{"href":"https:\/\/fumot.uk\/fr\/wp-json\/wp\/v2\/product\/629","targetHints":{"allow":["GET"]}}],"collection":[{"href":"https:\/\/fumot.uk\/fr\/wp-json\/wp\/v2\/product"}],"about":[{"href":"https:\/\/fumot.uk\/fr\/wp-json\/wp\/v2\/types\/product"}],"replies":[{"embeddable":true,"href":"https:\/\/fumot.uk\/fr\/wp-json\/wp\/v2\/comments?post=629"}],"wp:featuredmedia":[{"embeddable":true,"href":"https:\/\/fumot.uk\/fr\/wp-json\/wp\/v2\/media\/646"}],"wp:attachment":[{"href":"https:\/\/fumot.uk\/fr\/wp-json\/wp\/v2\/media?parent=629"}],"wp:term":[{"taxonomy":"product_brand","embeddable":true,"href":"https:\/\/fumot.uk\/fr\/wp-json\/wp\/v2\/product_brand?post=629"},{"taxonomy":"product_cat","embeddable":true,"href":"https:\/\/fumot.uk\/fr\/wp-json\/wp\/v2\/product_cat?post=629"},{"taxonomy":"product_tag","embeddable":true,"href":"https:\/\/fumot.uk\/fr\/wp-json\/wp\/v2\/product_tag?post=629"}],"curies":[{"name":"wp","href":"https:\/\/api.w.org\/{rel}","templated":true}]}}