{"id":627,"date":"2026-01-20T02:47:01","date_gmt":"2026-01-20T02:47:01","guid":{"rendered":"https:\/\/fumot.uk\/?post_type=product&#038;p=627"},"modified":"2026-01-20T06:35:35","modified_gmt":"2026-01-20T06:35:35","slug":"fumot-leopard-40000-puffs-strawberry-ice","status":"publish","type":"product","link":"https:\/\/fumot.uk\/fr\/product\/fumot-leopard-40000-puffs-strawberry-ice\/","title":{"rendered":"Fumot Leopard 40000 Puffs Strawberry Ice Vape Jetable \u2013 Double Mesh, \u00c9cran LED, 700mAh, Type\u2011C"},"content":{"rendered":"<h2>Fumot Leopard 40000 Puffs Fraise Glac\u00e9e \u2013 Fra\u00eecheur de Baies Cool, Look Cristal Audacieux<\/h2>\n<p>D\u00e9couvrez le <strong>Fumot Leopard 40000 Puffs<\/strong> in <strong>Fraise Glac\u00e9e<\/strong>\u2014une vape jetable con\u00e7ue pour une saveur durable et un style remarquable. Le <strong>corps en cristal transparent<\/strong> avec un motif inspir\u00e9 du l\u00e9opard et une finition scintillante est associ\u00e9 \u00e0 un <strong>\u00e9cran num\u00e9rique LED<\/strong>, cr\u00e9ant des effets lumineux vibrants \u00e0 l'inhalation. Avec une forme ergonomique et une aspiration douce, c'est un choix confortable pour les vapoteurs d\u00e9butants et exp\u00e9riment\u00e9s.<\/p>\n<h3>Saveur : Fraise Glac\u00e9e<\/h3>\n<p><strong>Fraise Glac\u00e9e<\/strong> m\u00e9lange la douceur de la fraise m\u00fbre avec une finition propre et rafra\u00eechissante. Le r\u00e9sultat est un profil fruit\u00e9 \u00e9quilibr\u00e9 qui reste frais\u2014sucr\u00e9 \u00e0 l'inhalation, croquant et glac\u00e9 \u00e0 l'expiration\u2014id\u00e9al pour une vape toute la journ\u00e9e sans sensation de lourdeur.<\/p>\n<h3>Caract\u00e9ristiques cl\u00e9s<\/h3>\n<ul>\n<li><strong>Jusqu'\u00e0 40,000 bouff\u00e9es<\/strong> (varie selon l'utilisation)<\/li>\n<li><strong>Options de nicotine :<\/strong> 0%, 2%, 3%, 5%<\/li>\n<li><strong>Batterie rechargeable 700mAh<\/strong> pour une utilisation prolong\u00e9e<\/li>\n<li><strong>Charge rapide Type\u2011C<\/strong><\/li>\n<li><strong>Double Bobine Mesh<\/strong> pour une vapeur savoureuse et constante<\/li>\n<li><strong>\u00e9cran num\u00e9rique LED<\/strong> avec indication du niveau de e\u2011liquide<\/li>\n<li><strong>Design l\u00e9opard cristal clair<\/strong> avec effets lumineux accrocheurs<\/li>\n<\/ul>\n<h3>Pourquoi choisir Fumot Leopard 40000 Fraise Glac\u00e9e ?<\/h3>\n<p>Si vous voulez une <strong>vape jetable \u00e0 haute bouff\u00e9e<\/strong> qui maintient la saveur stable, Fraise Glac\u00e9e offre un go\u00fbt de fruit lumineux et frais associ\u00e9 \u00e0 une performance fiable. Le <strong>Double Bobine Mesh<\/strong> aide \u00e0 maintenir une vapeur uniforme, tandis que le <strong>batterie rechargeable Type\u2011C 700mAh<\/strong> et <strong>affichage LED<\/strong> rend l'utilisation quotidienne simple et pr\u00e9visible.<\/p>\n<p><strong>Cat\u00e9gorie :<\/strong> 40000 bouff\u00e9es \u2022 Cigarette \u00e9lectronique jetable \u2022 Fumot Leopard 40000 Puffs<br \/>\n<strong>Prix :<\/strong> \u20ac13.67<\/p>","protected":false},"excerpt":{"rendered":"<p>Fumot Leopard 40000 Puffs Fraise Glac\u00e9e vape jetable avec Double R\u00e9sistance en Maille, \u00e9cran LED, batterie rechargeable de 700mAh, et charge Type\u2011C. Nicotine : 0\/2\/3\/5%.<\/p>","protected":false},"featured_media":644,"comment_status":"open","ping_status":"closed","template":"","meta":[],"product_brand":[],"product_cat":[82,83,17],"product_tag":[84,70,85,71,86,23,73,29,37,28],"class_list":{"0":"post-627","1":"product","2":"type-product","3":"status-publish","4":"has-post-thumbnail","6":"product_cat-40000-puff","7":"product_cat-fumot-leopard-40000-puffs","8":"product_cat-vape","9":"product_tag-0-nikotin","10":"product_tag-2-nikotin","11":"product_tag-3-nikotin","12":"product_tag-5-nikotin","13":"product_tag-700-mah","14":"product_tag-display","15":"product_tag-dual-mesh","16":"product_tag-ice","17":"product_tag-strawberry","18":"product_tag-type-c","20":"first","21":"instock","22":"sale","23":"shipping-taxable","24":"purchasable","25":"product-type-variable","26":"has-default-attributes"},"yoast_head":"<!-- This site is optimized with the Yoast SEO plugin v26.8 - https:\/\/yoast.com\/product\/yoast-seo-wordpress\/ -->\n<title>Fumot Leopard 40000 Strawberry Ice \u2013 40000 Puffs<\/title>\n<meta name=\"description\" content=\"Fumot Leopard 40000 Puffs Strawberry Ice disposable vape: Dual Mesh Coil, LED display, 700mAh rechargeable battery, Type\u2011C charging. 0\/2\/3\/5% nicotine.\" \/>\n<meta name=\"robots\" content=\"index, follow, max-snippet:-1, max-image-preview:large, max-video-preview:-1\" \/>\n<link rel=\"canonical\" href=\"https:\/\/fumot.uk\/fr\/product\/fumot-leopard-40000-puffs-strawberry-ice\/\" \/>\n<meta property=\"og:locale\" content=\"fr_FR\" \/>\n<meta property=\"og:type\" content=\"article\" \/>\n<meta property=\"og:title\" content=\"Fumot Leopard 40000 Puffs \u2013 Strawberry Ice\" \/>\n<meta property=\"og:description\" content=\"Sweet strawberry with a cool icy finish. Dual Mesh Coil, LED display, 700mAh rechargeable battery, Type\u2011C charging, up to 40,000 puffs.\" \/>\n<meta property=\"og:url\" content=\"https:\/\/fumot.uk\/fr\/product\/fumot-leopard-40000-puffs-strawberry-ice\/\" \/>\n<meta property=\"og:site_name\" content=\"Fumot Official Direct | Straight from the Factory, 100% Genuine\" \/>\n<meta property=\"article:modified_time\" content=\"2026-01-20T06:35:35+00:00\" \/>\n<meta property=\"og:image\" content=\"https:\/\/fumot.uk\/wp-content\/uploads\/2026\/01\/Fumot-Leopard-40000-Puffs-Strawberry-Ice-Disposable-Vape.jpg\" \/>\n\t<meta property=\"og:image:width\" content=\"2000\" \/>\n\t<meta property=\"og:image:height\" content=\"2000\" \/>\n\t<meta property=\"og:image:type\" content=\"image\/jpeg\" \/>\n<meta name=\"twitter:card\" content=\"summary_large_image\" \/>\n<meta name=\"twitter:label1\" content=\"Dur\u00e9e de lecture estim\u00e9e\" \/>\n\t<meta name=\"twitter:data1\" content=\"2 minutes\" \/>\n<script type=\"application\/ld+json\" class=\"yoast-schema-graph\">{\"@context\":\"https:\/\/schema.org\",\"@graph\":[{\"@type\":\"WebPage\",\"@id\":\"https:\/\/fumot.uk\/product\/fumot-leopard-40000-puffs-strawberry-ice\/\",\"url\":\"https:\/\/fumot.uk\/product\/fumot-leopard-40000-puffs-strawberry-ice\/\",\"name\":\"Fumot Leopard 40000 Strawberry Ice \u2013 40000 Puffs\",\"isPartOf\":{\"@id\":\"https:\/\/fumot.uk\/#website\"},\"primaryImageOfPage\":{\"@id\":\"https:\/\/fumot.uk\/product\/fumot-leopard-40000-puffs-strawberry-ice\/#primaryimage\"},\"image\":{\"@id\":\"https:\/\/fumot.uk\/product\/fumot-leopard-40000-puffs-strawberry-ice\/#primaryimage\"},\"thumbnailUrl\":\"https:\/\/fumot.uk\/wp-content\/uploads\/2026\/01\/Fumot-Leopard-40000-Puffs-Strawberry-Ice-Disposable-Vape.jpg\",\"datePublished\":\"2026-01-20T02:47:01+00:00\",\"dateModified\":\"2026-01-20T06:35:35+00:00\",\"description\":\"Fumot Leopard 40000 Puffs Strawberry Ice disposable vape: Dual Mesh Coil, LED display, 700mAh rechargeable battery, Type\u2011C charging. 0\/2\/3\/5% nicotine.\",\"breadcrumb\":{\"@id\":\"https:\/\/fumot.uk\/product\/fumot-leopard-40000-puffs-strawberry-ice\/#breadcrumb\"},\"inLanguage\":\"fr-FR\",\"potentialAction\":[{\"@type\":\"ReadAction\",\"target\":[\"https:\/\/fumot.uk\/product\/fumot-leopard-40000-puffs-strawberry-ice\/\"]}]},{\"@type\":\"ImageObject\",\"inLanguage\":\"fr-FR\",\"@id\":\"https:\/\/fumot.uk\/product\/fumot-leopard-40000-puffs-strawberry-ice\/#primaryimage\",\"url\":\"https:\/\/fumot.uk\/wp-content\/uploads\/2026\/01\/Fumot-Leopard-40000-Puffs-Strawberry-Ice-Disposable-Vape.jpg\",\"contentUrl\":\"https:\/\/fumot.uk\/wp-content\/uploads\/2026\/01\/Fumot-Leopard-40000-Puffs-Strawberry-Ice-Disposable-Vape.jpg\",\"width\":2000,\"height\":2000},{\"@type\":\"BreadcrumbList\",\"@id\":\"https:\/\/fumot.uk\/product\/fumot-leopard-40000-puffs-strawberry-ice\/#breadcrumb\",\"itemListElement\":[{\"@type\":\"ListItem\",\"position\":1,\"name\":\"Home\",\"item\":\"https:\/\/fumot.uk\/\"},{\"@type\":\"ListItem\",\"position\":2,\"name\":\"Shop\",\"item\":\"https:\/\/fumot.uk\/shop\/\"},{\"@type\":\"ListItem\",\"position\":3,\"name\":\"Fumot Leopard 40000 Puffs Strawberry Ice Disposable Vape \u2013 Dual Mesh, LED Display, 700mAh, Type\u2011C\"}]},{\"@type\":\"WebSite\",\"@id\":\"https:\/\/fumot.uk\/#website\",\"url\":\"https:\/\/fumot.uk\/\",\"name\":\"Fumot Official Direct | Straight from the Factory, 100% Genuine\",\"description\":\"Official Website\",\"publisher\":{\"@id\":\"https:\/\/fumot.uk\/#organization\"},\"potentialAction\":[{\"@type\":\"SearchAction\",\"target\":{\"@type\":\"EntryPoint\",\"urlTemplate\":\"https:\/\/fumot.uk\/?s={search_term_string}\"},\"query-input\":{\"@type\":\"PropertyValueSpecification\",\"valueRequired\":true,\"valueName\":\"search_term_string\"}}],\"inLanguage\":\"fr-FR\"},{\"@type\":\"Organization\",\"@id\":\"https:\/\/fumot.uk\/#organization\",\"name\":\"Fumot Official Direct | Straight from the Factory, 100% Genuine\",\"url\":\"https:\/\/fumot.uk\/\",\"logo\":{\"@type\":\"ImageObject\",\"inLanguage\":\"fr-FR\",\"@id\":\"https:\/\/fumot.uk\/#\/schema\/logo\/image\/\",\"url\":\"https:\/\/fumot.uk\/wp-content\/uploads\/2026\/01\/cropped-fumot-logo1.png\",\"contentUrl\":\"https:\/\/fumot.uk\/wp-content\/uploads\/2026\/01\/cropped-fumot-logo1.png\",\"width\":152,\"height\":106,\"caption\":\"Fumot Official Direct | Straight from the Factory, 100% Genuine\"},\"image\":{\"@id\":\"https:\/\/fumot.uk\/#\/schema\/logo\/image\/\"}}]}<\/script>\n<!-- \/ Yoast SEO plugin. -->","yoast_head_json":{"title":"Fumot Leopard 40000 Fraise Glac\u00e9e \u2013 40000 Bouff\u00e9es","description":"Fumot Leopard 40000 Puffs Strawberry Ice vape jetable : Double Mesh Coil, \u00e9cran LED, batterie rechargeable 700mAh, chargement Type\u2011C. 0\/2\/3\/5% nicotine.","robots":{"index":"index","follow":"follow","max-snippet":"max-snippet:-1","max-image-preview":"max-image-preview:large","max-video-preview":"max-video-preview:-1"},"canonical":"https:\/\/fumot.uk\/fr\/product\/fumot-leopard-40000-puffs-strawberry-ice\/","og_locale":"fr_FR","og_type":"article","og_title":"Fumot Leopard 40000 Puffs \u2013 Strawberry Ice","og_description":"Sweet strawberry with a cool icy finish. Dual Mesh Coil, LED display, 700mAh rechargeable battery, Type\u2011C charging, up to 40,000 puffs.","og_url":"https:\/\/fumot.uk\/fr\/product\/fumot-leopard-40000-puffs-strawberry-ice\/","og_site_name":"Fumot Official Direct | Straight from the Factory, 100% Genuine","article_modified_time":"2026-01-20T06:35:35+00:00","og_image":[{"width":2000,"height":2000,"url":"https:\/\/fumot.uk\/wp-content\/uploads\/2026\/01\/Fumot-Leopard-40000-Puffs-Strawberry-Ice-Disposable-Vape.jpg","type":"image\/jpeg"}],"twitter_card":"summary_large_image","twitter_misc":{"Dur\u00e9e de lecture estim\u00e9e":"2 minutes"},"schema":{"@context":"https:\/\/schema.org","@graph":[{"@type":"WebPage","@id":"https:\/\/fumot.uk\/product\/fumot-leopard-40000-puffs-strawberry-ice\/","url":"https:\/\/fumot.uk\/product\/fumot-leopard-40000-puffs-strawberry-ice\/","name":"Fumot Leopard 40000 Fraise Glac\u00e9e \u2013 40000 Bouff\u00e9es","isPartOf":{"@id":"https:\/\/fumot.uk\/#website"},"primaryImageOfPage":{"@id":"https:\/\/fumot.uk\/product\/fumot-leopard-40000-puffs-strawberry-ice\/#primaryimage"},"image":{"@id":"https:\/\/fumot.uk\/product\/fumot-leopard-40000-puffs-strawberry-ice\/#primaryimage"},"thumbnailUrl":"https:\/\/fumot.uk\/wp-content\/uploads\/2026\/01\/Fumot-Leopard-40000-Puffs-Strawberry-Ice-Disposable-Vape.jpg","datePublished":"2026-01-20T02:47:01+00:00","dateModified":"2026-01-20T06:35:35+00:00","description":"Fumot Leopard 40000 Puffs Strawberry Ice vape jetable : Double Mesh Coil, \u00e9cran LED, batterie rechargeable 700mAh, chargement Type\u2011C. 0\/2\/3\/5% nicotine.","breadcrumb":{"@id":"https:\/\/fumot.uk\/product\/fumot-leopard-40000-puffs-strawberry-ice\/#breadcrumb"},"inLanguage":"fr-FR","potentialAction":[{"@type":"ReadAction","target":["https:\/\/fumot.uk\/product\/fumot-leopard-40000-puffs-strawberry-ice\/"]}]},{"@type":"ImageObject","inLanguage":"fr-FR","@id":"https:\/\/fumot.uk\/product\/fumot-leopard-40000-puffs-strawberry-ice\/#primaryimage","url":"https:\/\/fumot.uk\/wp-content\/uploads\/2026\/01\/Fumot-Leopard-40000-Puffs-Strawberry-Ice-Disposable-Vape.jpg","contentUrl":"https:\/\/fumot.uk\/wp-content\/uploads\/2026\/01\/Fumot-Leopard-40000-Puffs-Strawberry-Ice-Disposable-Vape.jpg","width":2000,"height":2000},{"@type":"BreadcrumbList","@id":"https:\/\/fumot.uk\/product\/fumot-leopard-40000-puffs-strawberry-ice\/#breadcrumb","itemListElement":[{"@type":"ListItem","position":1,"name":"Home","item":"https:\/\/fumot.uk\/"},{"@type":"ListItem","position":2,"name":"Shop","item":"https:\/\/fumot.uk\/shop\/"},{"@type":"ListItem","position":3,"name":"Fumot Leopard 40000 Puffs Strawberry Ice Disposable Vape \u2013 Dual Mesh, LED Display, 700mAh, Type\u2011C"}]},{"@type":"WebSite","@id":"https:\/\/fumot.uk\/#website","url":"https:\/\/fumot.uk\/","name":"Fumot Official Direct | Directement de l'usine, 100% Authentique","description":"Site officiel","publisher":{"@id":"https:\/\/fumot.uk\/#organization"},"potentialAction":[{"@type":"SearchAction","target":{"@type":"EntryPoint","urlTemplate":"https:\/\/fumot.uk\/?s={search_term_string}"},"query-input":{"@type":"PropertyValueSpecification","valueRequired":true,"valueName":"search_term_string"}}],"inLanguage":"fr-FR"},{"@type":"Organization","@id":"https:\/\/fumot.uk\/#organization","name":"Fumot Official Direct | Directement de l'usine, 100% Authentique","url":"https:\/\/fumot.uk\/","logo":{"@type":"ImageObject","inLanguage":"fr-FR","@id":"https:\/\/fumot.uk\/#\/schema\/logo\/image\/","url":"https:\/\/fumot.uk\/wp-content\/uploads\/2026\/01\/cropped-fumot-logo1.png","contentUrl":"https:\/\/fumot.uk\/wp-content\/uploads\/2026\/01\/cropped-fumot-logo1.png","width":152,"height":106,"caption":"Fumot Official Direct | Straight from the Factory, 100% Genuine"},"image":{"@id":"https:\/\/fumot.uk\/#\/schema\/logo\/image\/"}}]}},"_links":{"self":[{"href":"https:\/\/fumot.uk\/fr\/wp-json\/wp\/v2\/product\/627","targetHints":{"allow":["GET"]}}],"collection":[{"href":"https:\/\/fumot.uk\/fr\/wp-json\/wp\/v2\/product"}],"about":[{"href":"https:\/\/fumot.uk\/fr\/wp-json\/wp\/v2\/types\/product"}],"replies":[{"embeddable":true,"href":"https:\/\/fumot.uk\/fr\/wp-json\/wp\/v2\/comments?post=627"}],"wp:featuredmedia":[{"embeddable":true,"href":"https:\/\/fumot.uk\/fr\/wp-json\/wp\/v2\/media\/644"}],"wp:attachment":[{"href":"https:\/\/fumot.uk\/fr\/wp-json\/wp\/v2\/media?parent=627"}],"wp:term":[{"taxonomy":"product_brand","embeddable":true,"href":"https:\/\/fumot.uk\/fr\/wp-json\/wp\/v2\/product_brand?post=627"},{"taxonomy":"product_cat","embeddable":true,"href":"https:\/\/fumot.uk\/fr\/wp-json\/wp\/v2\/product_cat?post=627"},{"taxonomy":"product_tag","embeddable":true,"href":"https:\/\/fumot.uk\/fr\/wp-json\/wp\/v2\/product_tag?post=627"}],"curies":[{"name":"wp","href":"https:\/\/api.w.org\/{rel}","templated":true}]}}