{"id":623,"date":"2026-01-20T02:47:00","date_gmt":"2026-01-20T02:47:00","guid":{"rendered":"https:\/\/fumot.uk\/?post_type=product&#038;p=623"},"modified":"2026-01-20T06:35:44","modified_gmt":"2026-01-20T06:35:44","slug":"randm-tornado-20000-puffs-watermelon-ice","status":"publish","type":"product","link":"https:\/\/fumot.uk\/fr\/product\/randm-tornado-20000-puffs-watermelon-ice\/","title":{"rendered":"RANDM Tornado 20000 Puffs Vape Jetable Past\u00e8que Glac\u00e9e (20ml, Double Mesh, Rechargeable)"},"content":{"rendered":"<h2>RANDM Tornado 20000 Puffs \u2013 Past\u00e8que Glac\u00e9e<\/h2>\n<p><strong>La douceur de la past\u00e8que juteuse rencontre une finition fra\u00eeche et glac\u00e9e.<\/strong> Le <strong>RANDM Tornado 20000 Puffs Past\u00e8que Glac\u00e9e<\/strong> La vape jetable est con\u00e7ue pour de longues sessions et une saveur propre et rafra\u00eechissante. Chaque bouff\u00e9e d\u00e9livre des notes de past\u00e8que m\u00fbre suivies d'une touche de fra\u00eecheur croquante\u2014vive, \u00e9quilibr\u00e9e, et particuli\u00e8rement satisfaisante lorsque vous voulez une bouff\u00e9e extra-fra\u00eeche.<\/p>\n<h3>Profil de Saveur : Past\u00e8que Glac\u00e9e<\/h3>\n<ul>\n<li><strong>Go\u00fbt :<\/strong> Past\u00e8que douce et juteuse<\/li>\n<li><strong>Finition :<\/strong> Sensation de \u201cglace\u201d douce et rafra\u00eechissante (non envahissante)<\/li>\n<li><strong>Ambiance :<\/strong> Frais, fruit\u00e9, et facile \u00e0 appr\u00e9cier toute la journ\u00e9e<\/li>\n<\/ul>\n<h3>Caract\u00e9ristiques cl\u00e9s<\/h3>\n<ul>\n<li><strong>Jusqu'\u00e0 20000 bouff\u00e9es :<\/strong> Con\u00e7u pour un plaisir durable avec moins de remplacements.<\/li>\n<li><strong>Capacit\u00e9 de 20ml de e-liquide :<\/strong> Beaucoup de liquide pour une utilisation prolong\u00e9e.<\/li>\n<li><strong>Options de nicotine :<\/strong> <strong>2%<\/strong> or <strong>5%<\/strong> pour correspondre \u00e0 votre pr\u00e9f\u00e9rence.<\/li>\n<li><strong>Batterie rechargeable 850mAh :<\/strong> Alimentation fiable avec recharge pratique.<\/li>\n<li><strong>Recharge rapide Type-C :<\/strong> Recharges rapides pour vous garder en mouvement.<\/li>\n<li><strong>Double r\u00e9sistance en mesh :<\/strong> Saveur plus riche et production de vapeur satisfaisante.<\/li>\n<li><strong>Affichage LED intelligent :<\/strong> V\u00e9rifiez l'\u00e9tat de la batterie et du e-liquide en un coup d'\u0153il.<\/li>\n<\/ul>\n<h3>Pour qui c'est<\/h3>\n<p>Id\u00e9al pour les vapoteurs qui aiment <strong>les saveurs fruit + glace<\/strong> et veulent une <strong>vape jetable rechargeable<\/strong> avec des fonctionnalit\u00e9s modernes comme <strong>double mesh<\/strong> performance et un affichage <strong>style LCD\/LED<\/strong> pour une utilisation quotidienne facile.<\/p>\n<h3>Pourquoi vous allez adorer Past\u00e8que Glac\u00e9e<\/h3>\n<p>Past\u00e8que Glac\u00e9e garde les choses fra\u00eeches : une inhalation douce et fruit\u00e9e, une exhalation propre et rafra\u00eechissante, et une saveur qui reste agr\u00e9able de la premi\u00e8re \u00e0 la derni\u00e8re bouff\u00e9e. Si vous cherchez une <strong>vape Past\u00e8que Glac\u00e9e<\/strong> avec un nombre de bouff\u00e9es s\u00e9rieux et une bouff\u00e9e confortable et constante, celle-ci coche les cases.<\/p>\n<p><strong>Remarque :<\/strong> Le nombre de bouff\u00e9es varie en fonction des habitudes d'utilisation.<\/p>","protected":false},"excerpt":{"rendered":"<p>Past\u00e8que douce et juteuse avec une finition glac\u00e9e croustillante. RANDM Tornado 20000 Puffs propose 20ml de e-liquide, double bobine en mesh, \u00e9cran LED, et une batterie rechargeable 850mAh Type\u2011C. Disponible en 2% ou 5% de nicotine.<\/p>","protected":false},"featured_media":640,"comment_status":"open","ping_status":"closed","template":"","meta":[],"product_brand":[],"product_cat":[68,69,17],"product_tag":[70,60,71,20,72,73,29,45,74,26,27,62,28],"class_list":{"0":"post-623","1":"product","2":"type-product","3":"status-publish","4":"has-post-thumbnail","6":"product_cat-20000-puff","7":"product_cat-randm-tornado-20000-puffs","8":"product_cat-vape","9":"product_tag-2-nikotin","10":"product_tag-20ml","11":"product_tag-5-nikotin","12":"product_tag-850mah","13":"product_tag-direct-to-lung","14":"product_tag-dual-mesh","15":"product_tag-ice","16":"product_tag-kiwi","17":"product_tag-lcd-display","18":"product_tag-rechargeable","19":"product_tag-rgb-light","20":"product_tag-sale-vape","21":"product_tag-type-c","23":"first","24":"instock","25":"sale","26":"shipping-taxable","27":"purchasable","28":"product-type-variable","29":"has-default-attributes"},"yoast_head":"<!-- This site is optimized with the Yoast SEO plugin v26.8 - https:\/\/yoast.com\/product\/yoast-seo-wordpress\/ -->\n<title>RANDM Tornado 20000 Puffs Watermelon Ice Vape<\/title>\n<meta name=\"description\" content=\"RANDM Tornado 20000 Puffs Watermelon Ice disposable vape: 20ml e-liquid, dual mesh coil, LED display, 850mAh rechargeable Type\u2011C. 2% or 5% nicotine.\" \/>\n<meta name=\"robots\" content=\"index, follow, max-snippet:-1, max-image-preview:large, max-video-preview:-1\" \/>\n<link rel=\"canonical\" href=\"https:\/\/fumot.uk\/fr\/product\/randm-tornado-20000-puffs-watermelon-ice\/\" \/>\n<meta property=\"og:locale\" content=\"fr_FR\" \/>\n<meta property=\"og:type\" content=\"article\" \/>\n<meta property=\"og:title\" content=\"RANDM Tornado 20000 Puffs \u2013 Watermelon Ice\" \/>\n<meta property=\"og:description\" content=\"Ripe watermelon sweetness with a cool icy finish. 20ml, dual mesh, LED display, 850mAh rechargeable Type\u2011C. Choose 2% or 5% nicotine.\" \/>\n<meta property=\"og:url\" content=\"https:\/\/fumot.uk\/fr\/product\/randm-tornado-20000-puffs-watermelon-ice\/\" \/>\n<meta property=\"og:site_name\" content=\"Fumot Official Direct | Straight from the Factory, 100% Genuine\" \/>\n<meta property=\"article:modified_time\" content=\"2026-01-20T06:35:44+00:00\" \/>\n<meta property=\"og:image\" content=\"https:\/\/fumot.uk\/wp-content\/uploads\/2026\/01\/Watermelon-ice_Randm-Tornado-20000-Puffs-Disposable-Vape.jpg\" \/>\n\t<meta property=\"og:image:width\" content=\"2000\" \/>\n\t<meta property=\"og:image:height\" content=\"2000\" \/>\n\t<meta property=\"og:image:type\" content=\"image\/jpeg\" \/>\n<meta name=\"twitter:card\" content=\"summary_large_image\" \/>\n<meta name=\"twitter:label1\" content=\"Dur\u00e9e de lecture estim\u00e9e\" \/>\n\t<meta name=\"twitter:data1\" content=\"2 minutes\" \/>\n<script type=\"application\/ld+json\" class=\"yoast-schema-graph\">{\"@context\":\"https:\/\/schema.org\",\"@graph\":[{\"@type\":\"WebPage\",\"@id\":\"https:\/\/fumot.uk\/product\/randm-tornado-20000-puffs-watermelon-ice\/\",\"url\":\"https:\/\/fumot.uk\/product\/randm-tornado-20000-puffs-watermelon-ice\/\",\"name\":\"RANDM Tornado 20000 Puffs Watermelon Ice Vape\",\"isPartOf\":{\"@id\":\"https:\/\/fumot.uk\/#website\"},\"primaryImageOfPage\":{\"@id\":\"https:\/\/fumot.uk\/product\/randm-tornado-20000-puffs-watermelon-ice\/#primaryimage\"},\"image\":{\"@id\":\"https:\/\/fumot.uk\/product\/randm-tornado-20000-puffs-watermelon-ice\/#primaryimage\"},\"thumbnailUrl\":\"https:\/\/fumot.uk\/wp-content\/uploads\/2026\/01\/Watermelon-ice_Randm-Tornado-20000-Puffs-Disposable-Vape.jpg\",\"datePublished\":\"2026-01-20T02:47:00+00:00\",\"dateModified\":\"2026-01-20T06:35:44+00:00\",\"description\":\"RANDM Tornado 20000 Puffs Watermelon Ice disposable vape: 20ml e-liquid, dual mesh coil, LED display, 850mAh rechargeable Type\u2011C. 2% or 5% nicotine.\",\"breadcrumb\":{\"@id\":\"https:\/\/fumot.uk\/product\/randm-tornado-20000-puffs-watermelon-ice\/#breadcrumb\"},\"inLanguage\":\"fr-FR\",\"potentialAction\":[{\"@type\":\"ReadAction\",\"target\":[\"https:\/\/fumot.uk\/product\/randm-tornado-20000-puffs-watermelon-ice\/\"]}]},{\"@type\":\"ImageObject\",\"inLanguage\":\"fr-FR\",\"@id\":\"https:\/\/fumot.uk\/product\/randm-tornado-20000-puffs-watermelon-ice\/#primaryimage\",\"url\":\"https:\/\/fumot.uk\/wp-content\/uploads\/2026\/01\/Watermelon-ice_Randm-Tornado-20000-Puffs-Disposable-Vape.jpg\",\"contentUrl\":\"https:\/\/fumot.uk\/wp-content\/uploads\/2026\/01\/Watermelon-ice_Randm-Tornado-20000-Puffs-Disposable-Vape.jpg\",\"width\":2000,\"height\":2000},{\"@type\":\"BreadcrumbList\",\"@id\":\"https:\/\/fumot.uk\/product\/randm-tornado-20000-puffs-watermelon-ice\/#breadcrumb\",\"itemListElement\":[{\"@type\":\"ListItem\",\"position\":1,\"name\":\"Home\",\"item\":\"https:\/\/fumot.uk\/\"},{\"@type\":\"ListItem\",\"position\":2,\"name\":\"Shop\",\"item\":\"https:\/\/fumot.uk\/shop\/\"},{\"@type\":\"ListItem\",\"position\":3,\"name\":\"RANDM Tornado 20000 Puffs Watermelon Ice Disposable Vape (20ml, Dual Mesh, Rechargeable)\"}]},{\"@type\":\"WebSite\",\"@id\":\"https:\/\/fumot.uk\/#website\",\"url\":\"https:\/\/fumot.uk\/\",\"name\":\"Fumot Official Direct | Straight from the Factory, 100% Genuine\",\"description\":\"Official Website\",\"publisher\":{\"@id\":\"https:\/\/fumot.uk\/#organization\"},\"potentialAction\":[{\"@type\":\"SearchAction\",\"target\":{\"@type\":\"EntryPoint\",\"urlTemplate\":\"https:\/\/fumot.uk\/?s={search_term_string}\"},\"query-input\":{\"@type\":\"PropertyValueSpecification\",\"valueRequired\":true,\"valueName\":\"search_term_string\"}}],\"inLanguage\":\"fr-FR\"},{\"@type\":\"Organization\",\"@id\":\"https:\/\/fumot.uk\/#organization\",\"name\":\"Fumot Official Direct | Straight from the Factory, 100% Genuine\",\"url\":\"https:\/\/fumot.uk\/\",\"logo\":{\"@type\":\"ImageObject\",\"inLanguage\":\"fr-FR\",\"@id\":\"https:\/\/fumot.uk\/#\/schema\/logo\/image\/\",\"url\":\"https:\/\/fumot.uk\/wp-content\/uploads\/2026\/01\/cropped-fumot-logo1.png\",\"contentUrl\":\"https:\/\/fumot.uk\/wp-content\/uploads\/2026\/01\/cropped-fumot-logo1.png\",\"width\":152,\"height\":106,\"caption\":\"Fumot Official Direct | Straight from the Factory, 100% Genuine\"},\"image\":{\"@id\":\"https:\/\/fumot.uk\/#\/schema\/logo\/image\/\"}}]}<\/script>\n<!-- \/ Yoast SEO plugin. -->","yoast_head_json":{"title":"RANDM Tornado 20000 Puffs Vape Melon d'Eau Glac\u00e9","description":"RANDM Tornado 20000 Puffs Watermelon Ice cigarette \u00e9lectronique jetable : 20ml e-liquide, double r\u00e9sistance en mesh, affichage LED, 850mAh rechargeable Type\u2011C. 2% ou 5% nicotine.","robots":{"index":"index","follow":"follow","max-snippet":"max-snippet:-1","max-image-preview":"max-image-preview:large","max-video-preview":"max-video-preview:-1"},"canonical":"https:\/\/fumot.uk\/fr\/product\/randm-tornado-20000-puffs-watermelon-ice\/","og_locale":"fr_FR","og_type":"article","og_title":"RANDM Tornado 20000 Puffs \u2013 Watermelon Ice","og_description":"Ripe watermelon sweetness with a cool icy finish. 20ml, dual mesh, LED display, 850mAh rechargeable Type\u2011C. Choose 2% or 5% nicotine.","og_url":"https:\/\/fumot.uk\/fr\/product\/randm-tornado-20000-puffs-watermelon-ice\/","og_site_name":"Fumot Official Direct | Straight from the Factory, 100% Genuine","article_modified_time":"2026-01-20T06:35:44+00:00","og_image":[{"width":2000,"height":2000,"url":"https:\/\/fumot.uk\/wp-content\/uploads\/2026\/01\/Watermelon-ice_Randm-Tornado-20000-Puffs-Disposable-Vape.jpg","type":"image\/jpeg"}],"twitter_card":"summary_large_image","twitter_misc":{"Dur\u00e9e de lecture estim\u00e9e":"2 minutes"},"schema":{"@context":"https:\/\/schema.org","@graph":[{"@type":"WebPage","@id":"https:\/\/fumot.uk\/product\/randm-tornado-20000-puffs-watermelon-ice\/","url":"https:\/\/fumot.uk\/product\/randm-tornado-20000-puffs-watermelon-ice\/","name":"RANDM Tornado 20000 Puffs Vape Melon d'Eau Glac\u00e9","isPartOf":{"@id":"https:\/\/fumot.uk\/#website"},"primaryImageOfPage":{"@id":"https:\/\/fumot.uk\/product\/randm-tornado-20000-puffs-watermelon-ice\/#primaryimage"},"image":{"@id":"https:\/\/fumot.uk\/product\/randm-tornado-20000-puffs-watermelon-ice\/#primaryimage"},"thumbnailUrl":"https:\/\/fumot.uk\/wp-content\/uploads\/2026\/01\/Watermelon-ice_Randm-Tornado-20000-Puffs-Disposable-Vape.jpg","datePublished":"2026-01-20T02:47:00+00:00","dateModified":"2026-01-20T06:35:44+00:00","description":"RANDM Tornado 20000 Puffs Watermelon Ice cigarette \u00e9lectronique jetable : 20ml e-liquide, double r\u00e9sistance en mesh, affichage LED, 850mAh rechargeable Type\u2011C. 2% ou 5% nicotine.","breadcrumb":{"@id":"https:\/\/fumot.uk\/product\/randm-tornado-20000-puffs-watermelon-ice\/#breadcrumb"},"inLanguage":"fr-FR","potentialAction":[{"@type":"ReadAction","target":["https:\/\/fumot.uk\/product\/randm-tornado-20000-puffs-watermelon-ice\/"]}]},{"@type":"ImageObject","inLanguage":"fr-FR","@id":"https:\/\/fumot.uk\/product\/randm-tornado-20000-puffs-watermelon-ice\/#primaryimage","url":"https:\/\/fumot.uk\/wp-content\/uploads\/2026\/01\/Watermelon-ice_Randm-Tornado-20000-Puffs-Disposable-Vape.jpg","contentUrl":"https:\/\/fumot.uk\/wp-content\/uploads\/2026\/01\/Watermelon-ice_Randm-Tornado-20000-Puffs-Disposable-Vape.jpg","width":2000,"height":2000},{"@type":"BreadcrumbList","@id":"https:\/\/fumot.uk\/product\/randm-tornado-20000-puffs-watermelon-ice\/#breadcrumb","itemListElement":[{"@type":"ListItem","position":1,"name":"Home","item":"https:\/\/fumot.uk\/"},{"@type":"ListItem","position":2,"name":"Shop","item":"https:\/\/fumot.uk\/shop\/"},{"@type":"ListItem","position":3,"name":"RANDM Tornado 20000 Puffs Watermelon Ice Disposable Vape (20ml, Dual Mesh, Rechargeable)"}]},{"@type":"WebSite","@id":"https:\/\/fumot.uk\/#website","url":"https:\/\/fumot.uk\/","name":"Fumot Official Direct | Directement de l'usine, 100% Authentique","description":"Site officiel","publisher":{"@id":"https:\/\/fumot.uk\/#organization"},"potentialAction":[{"@type":"SearchAction","target":{"@type":"EntryPoint","urlTemplate":"https:\/\/fumot.uk\/?s={search_term_string}"},"query-input":{"@type":"PropertyValueSpecification","valueRequired":true,"valueName":"search_term_string"}}],"inLanguage":"fr-FR"},{"@type":"Organization","@id":"https:\/\/fumot.uk\/#organization","name":"Fumot Official Direct | Directement de l'usine, 100% Authentique","url":"https:\/\/fumot.uk\/","logo":{"@type":"ImageObject","inLanguage":"fr-FR","@id":"https:\/\/fumot.uk\/#\/schema\/logo\/image\/","url":"https:\/\/fumot.uk\/wp-content\/uploads\/2026\/01\/cropped-fumot-logo1.png","contentUrl":"https:\/\/fumot.uk\/wp-content\/uploads\/2026\/01\/cropped-fumot-logo1.png","width":152,"height":106,"caption":"Fumot Official Direct | Straight from the Factory, 100% Genuine"},"image":{"@id":"https:\/\/fumot.uk\/#\/schema\/logo\/image\/"}}]}},"_links":{"self":[{"href":"https:\/\/fumot.uk\/fr\/wp-json\/wp\/v2\/product\/623","targetHints":{"allow":["GET"]}}],"collection":[{"href":"https:\/\/fumot.uk\/fr\/wp-json\/wp\/v2\/product"}],"about":[{"href":"https:\/\/fumot.uk\/fr\/wp-json\/wp\/v2\/types\/product"}],"replies":[{"embeddable":true,"href":"https:\/\/fumot.uk\/fr\/wp-json\/wp\/v2\/comments?post=623"}],"wp:featuredmedia":[{"embeddable":true,"href":"https:\/\/fumot.uk\/fr\/wp-json\/wp\/v2\/media\/640"}],"wp:attachment":[{"href":"https:\/\/fumot.uk\/fr\/wp-json\/wp\/v2\/media?parent=623"}],"wp:term":[{"taxonomy":"product_brand","embeddable":true,"href":"https:\/\/fumot.uk\/fr\/wp-json\/wp\/v2\/product_brand?post=623"},{"taxonomy":"product_cat","embeddable":true,"href":"https:\/\/fumot.uk\/fr\/wp-json\/wp\/v2\/product_cat?post=623"},{"taxonomy":"product_tag","embeddable":true,"href":"https:\/\/fumot.uk\/fr\/wp-json\/wp\/v2\/product_tag?post=623"}],"curies":[{"name":"wp","href":"https:\/\/api.w.org\/{rel}","templated":true}]}}