{"id":6012,"date":"2026-01-21T04:20:50","date_gmt":"2026-01-21T04:20:50","guid":{"rendered":"https:\/\/fumot.uk\/?post_type=product&#038;p=6012"},"modified":"2026-01-21T06:06:03","modified_gmt":"2026-01-21T06:06:03","slug":"fihp-6-in-1-vape-120000-puffs-strawberry-banana-double-apple-raspberry-watermelon-sour-mango-pineapple-tropical-fruit-lemon-peach","status":"publish","type":"product","link":"https:\/\/fumot.uk\/fr\/product\/fihp-6-in-1-vape-120000-puffs-strawberry-banana-double-apple-raspberry-watermelon-sour-mango-pineapple-tropical-fruit-lemon-peach\/","title":{"rendered":"FIHP Vape Jetable 6-en-1 120000 Bouff\u00e9es (64ml) | 6 Saveurs Commutables | Double Mesh | Type-C | \u00c9cran LED"},"content":{"rendered":"<h2>FIHP Vape 6-en-1 \u2014 120000 Bouff\u00e9es de Vari\u00e9t\u00e9 de Saveurs<\/h2>\n<p>D\u00e9couvrez le <strong>FIHP vape jetable 6 en 1<\/strong> con\u00e7u pour les personnes qui veulent <strong>plus de choix de saveurs sans changer d'appareil<\/strong>. Avec un concept de style multi-r\u00e9servoir intelligent, vous pouvez passer entre <strong>6 saveurs fruit\u00e9es<\/strong> \u00e0 tout moment\u2014gardant chaque session fra\u00eeche du premier au dernier souffle. Disponible en <strong>2% ou 5% nicotine<\/strong>, aliment\u00e9 par un <strong>Batterie rechargeable de 650mAh<\/strong> avec <strong>charge Type-C<\/strong>, plus un <strong>affichage LED<\/strong> pour vous aider \u00e0 garder le contr\u00f4le.<\/p>\n<h3>6 Saveurs Incluses (Changez \u00e0 Tout Moment)<\/h3>\n<ul>\n<li><strong>Fraise Banane<\/strong> \u2014 Fraise sucr\u00e9e rencontre banane douce et cr\u00e9meuse pour un m\u00e9lange fruit\u00e9 et doux comme un dessert.<\/li>\n<li><strong>Double Pomme<\/strong> \u2014 Un m\u00e9lange croquant de notes de pomme rouge et verte : vif, rafra\u00eechissant et l\u00e9g\u00e8rement acidul\u00e9.<\/li>\n<li><strong>Framboise Past\u00e8que<\/strong> \u2014 Past\u00e8que juteuse adoucie par une framboise vibrante pour une vape estivale facile.<\/li>\n<li><strong>Mangue Ananas Acide<\/strong> \u2014 Mangue tropicale avec une touche d'ananas plus vive pour une finition vive et piquante.<\/li>\n<li><strong>Fruits Tropicaux<\/strong> \u2014 Un m\u00e9lange tropical en couches qui garde le profil sucr\u00e9, juteux et dynamique.<\/li>\n<li><strong>Citron P\u00eache<\/strong> \u2014 \u00c9l\u00e9vation de citron frais \u00e9quilibr\u00e9e par une douceur de p\u00eache douce pour un m\u00e9lange propre et lisse.<\/li>\n<\/ul>\n<h3>Caract\u00e9ristiques cl\u00e9s<\/h3>\n<ul>\n<li><strong>Bouff\u00e9es :<\/strong> jusqu'\u00e0 120000 bouff\u00e9es<\/li>\n<li><strong>Capacit\u00e9 de e-liquide :<\/strong> 64ml<\/li>\n<li><strong>Options de nicotine :<\/strong> 2% \/ 5%<\/li>\n<li><strong>R\u00e9sistance :<\/strong> Double R\u00e9sistance en Maille (saveur constante et tirage doux)<\/li>\n<li><strong>Batterie :<\/strong> 650mAh rechargeable<\/li>\n<li><strong>Chargement :<\/strong> Type-C<\/li>\n<li><strong>Affichage :<\/strong> Affichage LED pour v\u00e9rifier facilement le statut<\/li>\n<\/ul>\n<p>Vous cherchez plus d'options jetables \u00e0 haute bouff\u00e9e et de nouvelles saveurs ? D\u00e9couvrez les derni\u00e8res nouveaut\u00e9s sur <a href=\"https:\/\/fumot.uk\/fr\/\" target=\"_blank\" rel=\"noopener\">fumot.uk<\/a>.<\/p>\n<p><img loading=\"lazy\" decoding=\"async\" src=\"https:\/\/ultravape.de\/wp-content\/uploads\/2025\/10\/FIHP-6-IN-1-Vape-120000-Puffs-6-oil-tank-disposable-Vape.jpg\" alt=\"FIHP Vape 6 en 1 120000 Bouff\u00e9es 64ml double maille Type-C affichage LED\" width=\"800\" height=\"800\" \/><\/p>","protected":false},"excerpt":{"rendered":"<p>Changez entre 6 saveurs fruit\u00e9es \u00e0 tout moment avec la vape jetable FIHP 6-en-1. Jusqu'\u00e0 120000 bouff\u00e9es, capacit\u00e9 de 64ml, Double R\u00e9sistance en Maille, affichage LED, batterie rechargeable de 650mAh, chargeur Type-C, et options de nicotine 2% ou 5%.<\/p>","protected":false},"featured_media":6069,"comment_status":"open","ping_status":"closed","template":"","meta":[],"product_brand":[],"product_cat":[278,279,17],"product_tag":[70,71,149,150,31,57,23,73,24,42,30,35,34,26,37,28],"class_list":{"0":"post-6012","1":"product","2":"type-product","3":"status-publish","4":"has-post-thumbnail","6":"product_cat-120000-puff","7":"product_cat-fihp-6-in-1-vape-120000-puffs","8":"product_cat-vape","9":"product_tag-2-nikotin","10":"product_tag-5-nikotin","11":"product_tag-6-in-1-vape","12":"product_tag-64ml","13":"product_tag-apple","14":"product_tag-banana","15":"product_tag-display","16":"product_tag-dual-mesh","17":"product_tag-lemon","18":"product_tag-mango","19":"product_tag-peach","20":"product_tag-pineapple","21":"product_tag-raspberry","22":"product_tag-rechargeable","23":"product_tag-strawberry","24":"product_tag-type-c","26":"first","27":"instock","28":"sale","29":"shipping-taxable","30":"purchasable","31":"product-type-variable","32":"has-default-attributes"},"yoast_head":"<!-- This site is optimized with the Yoast SEO plugin v26.8 - https:\/\/yoast.com\/product\/yoast-seo-wordpress\/ -->\n<title>FIHP 6-in-1 Vape 120000 Puffs | 6 Flavors, 64ml<\/title>\n<meta name=\"description\" content=\"FIHP 6-in-1 disposable vape with 120000 puffs, 64ml, Dual Mesh Coil, LED display, Type-C rechargeable 650mAh. 6 flavors. 2%\/5% nicotine.\" \/>\n<meta name=\"robots\" content=\"index, follow, max-snippet:-1, max-image-preview:large, max-video-preview:-1\" \/>\n<link rel=\"canonical\" href=\"https:\/\/fumot.uk\/fr\/product\/fihp-6-in-1-vape-120000-puffs-strawberry-banana-double-apple-raspberry-watermelon-sour-mango-pineapple-tropical-fruit-lemon-peach\/\" \/>\n<meta property=\"og:locale\" content=\"fr_FR\" \/>\n<meta property=\"og:type\" content=\"article\" \/>\n<meta property=\"og:title\" content=\"FIHP 6-in-1 Disposable Vape \u2014 120000 Puffs, 6 Flavors\" \/>\n<meta property=\"og:description\" content=\"One device, six flavors to switch anytime: Strawberry Banana, Double Apple, Raspberry Watermelon, Sour Mango Pineapple, Tropical Fruit, Lemon Peach. 64ml, Dual Mesh, Type-C.\" \/>\n<meta property=\"og:url\" content=\"https:\/\/fumot.uk\/fr\/product\/fihp-6-in-1-vape-120000-puffs-strawberry-banana-double-apple-raspberry-watermelon-sour-mango-pineapple-tropical-fruit-lemon-peach\/\" \/>\n<meta property=\"og:site_name\" content=\"Fumot Official Direct | Straight from the Factory, 100% Genuine\" \/>\n<meta property=\"article:modified_time\" content=\"2026-01-21T06:06:03+00:00\" \/>\n<meta property=\"og:image\" content=\"https:\/\/fumot.uk\/wp-content\/uploads\/2026\/01\/Y76-40001FIHP-6-IN-1-Vape-120000-Puffs-lemon-peach-strawberry-banana-double-apple-raspberry-watermelon-sour-mango-pineapple-tropical-fruit-Disposable-Vape.jpg\" \/>\n\t<meta property=\"og:image:width\" content=\"1500\" \/>\n\t<meta property=\"og:image:height\" content=\"1500\" \/>\n\t<meta property=\"og:image:type\" content=\"image\/jpeg\" \/>\n<meta name=\"twitter:card\" content=\"summary_large_image\" \/>\n<meta name=\"twitter:label1\" content=\"Dur\u00e9e de lecture estim\u00e9e\" \/>\n\t<meta name=\"twitter:data1\" content=\"1 minute\" \/>\n<script type=\"application\/ld+json\" class=\"yoast-schema-graph\">{\"@context\":\"https:\/\/schema.org\",\"@graph\":[{\"@type\":\"WebPage\",\"@id\":\"https:\/\/fumot.uk\/product\/fihp-6-in-1-vape-120000-puffs-strawberry-banana-double-apple-raspberry-watermelon-sour-mango-pineapple-tropical-fruit-lemon-peach\/\",\"url\":\"https:\/\/fumot.uk\/product\/fihp-6-in-1-vape-120000-puffs-strawberry-banana-double-apple-raspberry-watermelon-sour-mango-pineapple-tropical-fruit-lemon-peach\/\",\"name\":\"FIHP 6-in-1 Vape 120000 Puffs | 6 Flavors, 64ml\",\"isPartOf\":{\"@id\":\"https:\/\/fumot.uk\/#website\"},\"primaryImageOfPage\":{\"@id\":\"https:\/\/fumot.uk\/product\/fihp-6-in-1-vape-120000-puffs-strawberry-banana-double-apple-raspberry-watermelon-sour-mango-pineapple-tropical-fruit-lemon-peach\/#primaryimage\"},\"image\":{\"@id\":\"https:\/\/fumot.uk\/product\/fihp-6-in-1-vape-120000-puffs-strawberry-banana-double-apple-raspberry-watermelon-sour-mango-pineapple-tropical-fruit-lemon-peach\/#primaryimage\"},\"thumbnailUrl\":\"https:\/\/fumot.uk\/wp-content\/uploads\/2026\/01\/Y76-40001FIHP-6-IN-1-Vape-120000-Puffs-lemon-peach-strawberry-banana-double-apple-raspberry-watermelon-sour-mango-pineapple-tropical-fruit-Disposable-Vape.jpg\",\"datePublished\":\"2026-01-21T04:20:50+00:00\",\"dateModified\":\"2026-01-21T06:06:03+00:00\",\"description\":\"FIHP 6-in-1 disposable vape with 120000 puffs, 64ml, Dual Mesh Coil, LED display, Type-C rechargeable 650mAh. 6 flavors. 2%\/5% nicotine.\",\"breadcrumb\":{\"@id\":\"https:\/\/fumot.uk\/product\/fihp-6-in-1-vape-120000-puffs-strawberry-banana-double-apple-raspberry-watermelon-sour-mango-pineapple-tropical-fruit-lemon-peach\/#breadcrumb\"},\"inLanguage\":\"fr-FR\",\"potentialAction\":[{\"@type\":\"ReadAction\",\"target\":[\"https:\/\/fumot.uk\/product\/fihp-6-in-1-vape-120000-puffs-strawberry-banana-double-apple-raspberry-watermelon-sour-mango-pineapple-tropical-fruit-lemon-peach\/\"]}]},{\"@type\":\"ImageObject\",\"inLanguage\":\"fr-FR\",\"@id\":\"https:\/\/fumot.uk\/product\/fihp-6-in-1-vape-120000-puffs-strawberry-banana-double-apple-raspberry-watermelon-sour-mango-pineapple-tropical-fruit-lemon-peach\/#primaryimage\",\"url\":\"https:\/\/fumot.uk\/wp-content\/uploads\/2026\/01\/Y76-40001FIHP-6-IN-1-Vape-120000-Puffs-lemon-peach-strawberry-banana-double-apple-raspberry-watermelon-sour-mango-pineapple-tropical-fruit-Disposable-Vape.jpg\",\"contentUrl\":\"https:\/\/fumot.uk\/wp-content\/uploads\/2026\/01\/Y76-40001FIHP-6-IN-1-Vape-120000-Puffs-lemon-peach-strawberry-banana-double-apple-raspberry-watermelon-sour-mango-pineapple-tropical-fruit-Disposable-Vape.jpg\",\"width\":1500,\"height\":1500},{\"@type\":\"BreadcrumbList\",\"@id\":\"https:\/\/fumot.uk\/product\/fihp-6-in-1-vape-120000-puffs-strawberry-banana-double-apple-raspberry-watermelon-sour-mango-pineapple-tropical-fruit-lemon-peach\/#breadcrumb\",\"itemListElement\":[{\"@type\":\"ListItem\",\"position\":1,\"name\":\"Home\",\"item\":\"https:\/\/fumot.uk\/\"},{\"@type\":\"ListItem\",\"position\":2,\"name\":\"Shop\",\"item\":\"https:\/\/fumot.uk\/shop\/\"},{\"@type\":\"ListItem\",\"position\":3,\"name\":\"FIHP 6-in-1 Disposable Vape 120000 Puffs (64ml) | 6 Flavors Switchable | Dual Mesh | Type-C | LED Display\"}]},{\"@type\":\"WebSite\",\"@id\":\"https:\/\/fumot.uk\/#website\",\"url\":\"https:\/\/fumot.uk\/\",\"name\":\"Fumot Official Direct | Straight from the Factory, 100% Genuine\",\"description\":\"Official Website\",\"publisher\":{\"@id\":\"https:\/\/fumot.uk\/#organization\"},\"potentialAction\":[{\"@type\":\"SearchAction\",\"target\":{\"@type\":\"EntryPoint\",\"urlTemplate\":\"https:\/\/fumot.uk\/?s={search_term_string}\"},\"query-input\":{\"@type\":\"PropertyValueSpecification\",\"valueRequired\":true,\"valueName\":\"search_term_string\"}}],\"inLanguage\":\"fr-FR\"},{\"@type\":\"Organization\",\"@id\":\"https:\/\/fumot.uk\/#organization\",\"name\":\"Fumot Official Direct | Straight from the Factory, 100% Genuine\",\"url\":\"https:\/\/fumot.uk\/\",\"logo\":{\"@type\":\"ImageObject\",\"inLanguage\":\"fr-FR\",\"@id\":\"https:\/\/fumot.uk\/#\/schema\/logo\/image\/\",\"url\":\"https:\/\/fumot.uk\/wp-content\/uploads\/2026\/01\/cropped-fumot-logo1.png\",\"contentUrl\":\"https:\/\/fumot.uk\/wp-content\/uploads\/2026\/01\/cropped-fumot-logo1.png\",\"width\":152,\"height\":106,\"caption\":\"Fumot Official Direct | Straight from the Factory, 100% Genuine\"},\"image\":{\"@id\":\"https:\/\/fumot.uk\/#\/schema\/logo\/image\/\"}}]}<\/script>\n<!-- \/ Yoast SEO plugin. -->","yoast_head_json":{"title":"FIHP Vape 6-en-1 120000 Bouff\u00e9es | 6 Saveurs, 64ml","description":"FIHP vape jetable 6-en-1 avec 120000 bouff\u00e9es, 64ml, Double Bobine en Maille, \u00e9cran LED, rechargeable Type-C 650mAh. 6 saveurs. 2%\/5% nicotine.","robots":{"index":"index","follow":"follow","max-snippet":"max-snippet:-1","max-image-preview":"max-image-preview:large","max-video-preview":"max-video-preview:-1"},"canonical":"https:\/\/fumot.uk\/fr\/product\/fihp-6-in-1-vape-120000-puffs-strawberry-banana-double-apple-raspberry-watermelon-sour-mango-pineapple-tropical-fruit-lemon-peach\/","og_locale":"fr_FR","og_type":"article","og_title":"FIHP 6-in-1 Disposable Vape \u2014 120000 Puffs, 6 Flavors","og_description":"One device, six flavors to switch anytime: Strawberry Banana, Double Apple, Raspberry Watermelon, Sour Mango Pineapple, Tropical Fruit, Lemon Peach. 64ml, Dual Mesh, Type-C.","og_url":"https:\/\/fumot.uk\/fr\/product\/fihp-6-in-1-vape-120000-puffs-strawberry-banana-double-apple-raspberry-watermelon-sour-mango-pineapple-tropical-fruit-lemon-peach\/","og_site_name":"Fumot Official Direct | Straight from the Factory, 100% Genuine","article_modified_time":"2026-01-21T06:06:03+00:00","og_image":[{"width":1500,"height":1500,"url":"https:\/\/fumot.uk\/wp-content\/uploads\/2026\/01\/Y76-40001FIHP-6-IN-1-Vape-120000-Puffs-lemon-peach-strawberry-banana-double-apple-raspberry-watermelon-sour-mango-pineapple-tropical-fruit-Disposable-Vape.jpg","type":"image\/jpeg"}],"twitter_card":"summary_large_image","twitter_misc":{"Dur\u00e9e de lecture estim\u00e9e":"1 minute"},"schema":{"@context":"https:\/\/schema.org","@graph":[{"@type":"WebPage","@id":"https:\/\/fumot.uk\/product\/fihp-6-in-1-vape-120000-puffs-strawberry-banana-double-apple-raspberry-watermelon-sour-mango-pineapple-tropical-fruit-lemon-peach\/","url":"https:\/\/fumot.uk\/product\/fihp-6-in-1-vape-120000-puffs-strawberry-banana-double-apple-raspberry-watermelon-sour-mango-pineapple-tropical-fruit-lemon-peach\/","name":"FIHP Vape 6-en-1 120000 Bouff\u00e9es | 6 Saveurs, 64ml","isPartOf":{"@id":"https:\/\/fumot.uk\/#website"},"primaryImageOfPage":{"@id":"https:\/\/fumot.uk\/product\/fihp-6-in-1-vape-120000-puffs-strawberry-banana-double-apple-raspberry-watermelon-sour-mango-pineapple-tropical-fruit-lemon-peach\/#primaryimage"},"image":{"@id":"https:\/\/fumot.uk\/product\/fihp-6-in-1-vape-120000-puffs-strawberry-banana-double-apple-raspberry-watermelon-sour-mango-pineapple-tropical-fruit-lemon-peach\/#primaryimage"},"thumbnailUrl":"https:\/\/fumot.uk\/wp-content\/uploads\/2026\/01\/Y76-40001FIHP-6-IN-1-Vape-120000-Puffs-lemon-peach-strawberry-banana-double-apple-raspberry-watermelon-sour-mango-pineapple-tropical-fruit-Disposable-Vape.jpg","datePublished":"2026-01-21T04:20:50+00:00","dateModified":"2026-01-21T06:06:03+00:00","description":"FIHP vape jetable 6-en-1 avec 120000 bouff\u00e9es, 64ml, Double Bobine en Maille, \u00e9cran LED, rechargeable Type-C 650mAh. 6 saveurs. 2%\/5% nicotine.","breadcrumb":{"@id":"https:\/\/fumot.uk\/product\/fihp-6-in-1-vape-120000-puffs-strawberry-banana-double-apple-raspberry-watermelon-sour-mango-pineapple-tropical-fruit-lemon-peach\/#breadcrumb"},"inLanguage":"fr-FR","potentialAction":[{"@type":"ReadAction","target":["https:\/\/fumot.uk\/product\/fihp-6-in-1-vape-120000-puffs-strawberry-banana-double-apple-raspberry-watermelon-sour-mango-pineapple-tropical-fruit-lemon-peach\/"]}]},{"@type":"ImageObject","inLanguage":"fr-FR","@id":"https:\/\/fumot.uk\/product\/fihp-6-in-1-vape-120000-puffs-strawberry-banana-double-apple-raspberry-watermelon-sour-mango-pineapple-tropical-fruit-lemon-peach\/#primaryimage","url":"https:\/\/fumot.uk\/wp-content\/uploads\/2026\/01\/Y76-40001FIHP-6-IN-1-Vape-120000-Puffs-lemon-peach-strawberry-banana-double-apple-raspberry-watermelon-sour-mango-pineapple-tropical-fruit-Disposable-Vape.jpg","contentUrl":"https:\/\/fumot.uk\/wp-content\/uploads\/2026\/01\/Y76-40001FIHP-6-IN-1-Vape-120000-Puffs-lemon-peach-strawberry-banana-double-apple-raspberry-watermelon-sour-mango-pineapple-tropical-fruit-Disposable-Vape.jpg","width":1500,"height":1500},{"@type":"BreadcrumbList","@id":"https:\/\/fumot.uk\/product\/fihp-6-in-1-vape-120000-puffs-strawberry-banana-double-apple-raspberry-watermelon-sour-mango-pineapple-tropical-fruit-lemon-peach\/#breadcrumb","itemListElement":[{"@type":"ListItem","position":1,"name":"Home","item":"https:\/\/fumot.uk\/"},{"@type":"ListItem","position":2,"name":"Shop","item":"https:\/\/fumot.uk\/shop\/"},{"@type":"ListItem","position":3,"name":"FIHP 6-in-1 Disposable Vape 120000 Puffs (64ml) | 6 Flavors Switchable | Dual Mesh | Type-C | LED Display"}]},{"@type":"WebSite","@id":"https:\/\/fumot.uk\/#website","url":"https:\/\/fumot.uk\/","name":"Fumot Official Direct | Directement de l'usine, 100% Authentique","description":"Site officiel","publisher":{"@id":"https:\/\/fumot.uk\/#organization"},"potentialAction":[{"@type":"SearchAction","target":{"@type":"EntryPoint","urlTemplate":"https:\/\/fumot.uk\/?s={search_term_string}"},"query-input":{"@type":"PropertyValueSpecification","valueRequired":true,"valueName":"search_term_string"}}],"inLanguage":"fr-FR"},{"@type":"Organization","@id":"https:\/\/fumot.uk\/#organization","name":"Fumot Official Direct | Directement de l'usine, 100% Authentique","url":"https:\/\/fumot.uk\/","logo":{"@type":"ImageObject","inLanguage":"fr-FR","@id":"https:\/\/fumot.uk\/#\/schema\/logo\/image\/","url":"https:\/\/fumot.uk\/wp-content\/uploads\/2026\/01\/cropped-fumot-logo1.png","contentUrl":"https:\/\/fumot.uk\/wp-content\/uploads\/2026\/01\/cropped-fumot-logo1.png","width":152,"height":106,"caption":"Fumot Official Direct | Straight from the Factory, 100% Genuine"},"image":{"@id":"https:\/\/fumot.uk\/#\/schema\/logo\/image\/"}}]}},"_links":{"self":[{"href":"https:\/\/fumot.uk\/fr\/wp-json\/wp\/v2\/product\/6012","targetHints":{"allow":["GET"]}}],"collection":[{"href":"https:\/\/fumot.uk\/fr\/wp-json\/wp\/v2\/product"}],"about":[{"href":"https:\/\/fumot.uk\/fr\/wp-json\/wp\/v2\/types\/product"}],"replies":[{"embeddable":true,"href":"https:\/\/fumot.uk\/fr\/wp-json\/wp\/v2\/comments?post=6012"}],"wp:featuredmedia":[{"embeddable":true,"href":"https:\/\/fumot.uk\/fr\/wp-json\/wp\/v2\/media\/6069"}],"wp:attachment":[{"href":"https:\/\/fumot.uk\/fr\/wp-json\/wp\/v2\/media?parent=6012"}],"wp:term":[{"taxonomy":"product_brand","embeddable":true,"href":"https:\/\/fumot.uk\/fr\/wp-json\/wp\/v2\/product_brand?post=6012"},{"taxonomy":"product_cat","embeddable":true,"href":"https:\/\/fumot.uk\/fr\/wp-json\/wp\/v2\/product_cat?post=6012"},{"taxonomy":"product_tag","embeddable":true,"href":"https:\/\/fumot.uk\/fr\/wp-json\/wp\/v2\/product_tag?post=6012"}],"curies":[{"name":"wp","href":"https:\/\/api.w.org\/{rel}","templated":true}]}}