{"id":6003,"date":"2026-01-21T04:20:48","date_gmt":"2026-01-21T04:20:48","guid":{"rendered":"https:\/\/fumot.uk\/?post_type=product&#038;p=6003"},"modified":"2026-01-21T06:10:24","modified_gmt":"2026-01-21T06:10:24","slug":"fihp-double-flavor-40000-puffs-blueberry-ice-fizzy-cherry","status":"publish","type":"product","link":"https:\/\/fumot.uk\/fr\/product\/fihp-double-flavor-40000-puffs-blueberry-ice-fizzy-cherry\/","title":{"rendered":"FIHP Vape Jetable Double Saveur 40000 Bouff\u00e9es \u2013 Glace Myrtille &amp; Cerise P\u00e9tillante (36ml, Double Maille, Type\u2011C, LED)"},"content":{"rendered":"<h2>FIHP Double Flavor 40000 Puffs \u2013 Blueberry Ice &amp; Fizzy Cherry<\/h2>\n<p>Rencontrez un duo fait pour les amateurs de changement de saveur. Le <strong>FIHP Double Flavor 40000 Puffs<\/strong> s'associe <strong>Myrtille glac\u00e9e<\/strong> avec <strong>Cerise P\u00e9tillante<\/strong> dans un seul appareil, vous permettant de changer d'ambiance \u00e0 tout moment avec une simple rotation de l'embout buccal.<\/p>\n<h3>Deux Saveurs, Un Changement Fluide<\/h3>\n<ul>\n<li><strong>Myrtille glac\u00e9e<\/strong>: Douceur de myrtille m\u00fbre avec une finition propre et rafra\u00eechissante\u2014croquante et rafra\u00eechissante sans dominer le fruit.<\/li>\n<li><strong>Cerise P\u00e9tillante<\/strong>: Notes de cerise \u00e9clatantes avec une sensation p\u00e9tillante, semblable \u00e0 un soda\u2014vive, acidul\u00e9e et facile \u00e0 appr\u00e9cier.<\/li>\n<\/ul>\n<p>Que vous souhaitiez une remise \u00e0 z\u00e9ro glac\u00e9e aux baies ou une explosion de cerise p\u00e9tillante, ce <strong>vape jetable \u00e0 double saveur<\/strong> rend chaque session nouvelle.<\/p>\n<h3>Con\u00e7u pour une Utilisation Quotidienne Durable<\/h3>\n<ul>\n<li><strong>Jusqu'\u00e0 40000 bouff\u00e9es<\/strong><\/li>\n<li><strong>capacit\u00e9 de 36 ml de e-liquide<\/strong><\/li>\n<li><strong>Double Bobine Mesh<\/strong> pour une saveur plus riche et une inhalation constamment douce<\/li>\n<li><strong>Batterie rechargeable de 650mAh<\/strong><\/li>\n<li><strong>charge Type\u2011C<\/strong><\/li>\n<li><strong>affichage LED<\/strong> pour un statut en un coup d'\u0153il<\/li>\n<li><strong>Options de nicotine :<\/strong> 2% ou 5%<\/li>\n<\/ul>\n<h3>Pourquoi vous aimerez cette combinaison de saveurs<\/h3>\n<p><strong>Myrtille Glac\u00e9e &amp; Cerise P\u00e9tillante<\/strong> est fait pour quiconque souhaite de la vari\u00e9t\u00e9 sans transporter plusieurs appareils. Passez de la myrtille fra\u00eeche et fruit\u00e9e \u00e0 un coup de cerise p\u00e9tillante chaque fois que votre humeur change\u2014id\u00e9al pour une rotation toute la journ\u00e9e.<\/p>\n<p><strong>D\u00e9couvrez plus d'options de Double Saveur FIHP<\/strong> on <a href=\"https:\/\/fumot.uk\/fr\/\" target=\"_blank\" rel=\"noopener\">fumot.uk<\/a>.<\/p>","protected":false},"excerpt":{"rendered":"<p>FIHP Double Flavor 40000 Puffs vape jetable en Glace Myrtille &amp; Cerise P\u00e9tillante. Double saveurs \u00e0 tourner, 36ml, Double Bobine Mesh, 650mAh rechargeable, Type\u2011C, \u00e9cran LED, 2%\/5% nicotine.<\/p>","protected":false},"featured_media":6037,"comment_status":"open","ping_status":"closed","template":"","meta":[],"product_brand":[],"product_cat":[82,276,17],"product_tag":[70,165,71,131,33,36,114,73,29,26,28],"class_list":{"0":"post-6003","1":"product","2":"type-product","3":"status-publish","4":"has-post-thumbnail","6":"product_cat-40000-puff","7":"product_cat-fihp-double-flavor-40000-puffs","8":"product_cat-vape","9":"product_tag-2-nikotin","10":"product_tag-36ml","11":"product_tag-5-nikotin","12":"product_tag-650mah","13":"product_tag-blueberry","14":"product_tag-cherry","15":"product_tag-dual-flavor","16":"product_tag-dual-mesh","17":"product_tag-ice","18":"product_tag-rechargeable","19":"product_tag-type-c","21":"first","22":"instock","23":"sale","24":"shipping-taxable","25":"purchasable","26":"product-type-variable","27":"has-default-attributes"},"yoast_head":"<!-- This site is optimized with the Yoast SEO plugin v26.8 - https:\/\/yoast.com\/product\/yoast-seo-wordpress\/ -->\n<title>FIHP Double Flavor 40000 Puffs \u2013 Blueberry Ice &amp; Fizzy Cherry<\/title>\n<meta name=\"description\" content=\"FIHP Double Flavor disposable vape: Blueberry Ice &amp; Fizzy Cherry. Up to 40000 puffs, 36ml, Dual Mesh Coil, 650mAh Type\u2011C rechargeable, LED, 2%\/5%.\" \/>\n<meta name=\"robots\" content=\"index, follow, max-snippet:-1, max-image-preview:large, max-video-preview:-1\" \/>\n<link rel=\"canonical\" href=\"https:\/\/fumot.uk\/fr\/product\/fihp-double-flavor-40000-puffs-blueberry-ice-fizzy-cherry\/\" \/>\n<meta property=\"og:locale\" content=\"fr_FR\" \/>\n<meta property=\"og:type\" content=\"article\" \/>\n<meta property=\"og:title\" content=\"Switch Anytime: Blueberry Ice &amp; Fizzy Cherry \u2013 FIHP 40000 Puffs\" \/>\n<meta property=\"og:description\" content=\"Two flavors in one device. Twist-to-switch Blueberry Ice and Fizzy Cherry with 36ml e-liquid, Dual Mesh Coil, LED display, and Type\u2011C rechargeable power.\" \/>\n<meta property=\"og:url\" content=\"https:\/\/fumot.uk\/fr\/product\/fihp-double-flavor-40000-puffs-blueberry-ice-fizzy-cherry\/\" \/>\n<meta property=\"og:site_name\" content=\"Fumot Official Direct | Straight from the Factory, 100% Genuine\" \/>\n<meta property=\"article:modified_time\" content=\"2026-01-21T06:10:24+00:00\" \/>\n<meta property=\"og:image\" content=\"https:\/\/fumot.uk\/wp-content\/uploads\/2026\/01\/FIHP-Double-Flavors-40000-Puffs-Fizzy-Cherry-Blueberry-Ice-Disposable-E-Cigarette.jpg\" \/>\n\t<meta property=\"og:image:width\" content=\"1200\" \/>\n\t<meta property=\"og:image:height\" content=\"1200\" \/>\n\t<meta property=\"og:image:type\" content=\"image\/jpeg\" \/>\n<meta name=\"twitter:card\" content=\"summary_large_image\" \/>\n<meta name=\"twitter:label1\" content=\"Dur\u00e9e de lecture estim\u00e9e\" \/>\n\t<meta name=\"twitter:data1\" content=\"1 minute\" \/>\n<script type=\"application\/ld+json\" class=\"yoast-schema-graph\">{\"@context\":\"https:\/\/schema.org\",\"@graph\":[{\"@type\":\"WebPage\",\"@id\":\"https:\/\/fumot.uk\/product\/fihp-double-flavor-40000-puffs-blueberry-ice-fizzy-cherry\/\",\"url\":\"https:\/\/fumot.uk\/product\/fihp-double-flavor-40000-puffs-blueberry-ice-fizzy-cherry\/\",\"name\":\"FIHP Double Flavor 40000 Puffs \u2013 Blueberry Ice & Fizzy Cherry\",\"isPartOf\":{\"@id\":\"https:\/\/fumot.uk\/#website\"},\"primaryImageOfPage\":{\"@id\":\"https:\/\/fumot.uk\/product\/fihp-double-flavor-40000-puffs-blueberry-ice-fizzy-cherry\/#primaryimage\"},\"image\":{\"@id\":\"https:\/\/fumot.uk\/product\/fihp-double-flavor-40000-puffs-blueberry-ice-fizzy-cherry\/#primaryimage\"},\"thumbnailUrl\":\"https:\/\/fumot.uk\/wp-content\/uploads\/2026\/01\/FIHP-Double-Flavors-40000-Puffs-Fizzy-Cherry-Blueberry-Ice-Disposable-E-Cigarette.jpg\",\"datePublished\":\"2026-01-21T04:20:48+00:00\",\"dateModified\":\"2026-01-21T06:10:24+00:00\",\"description\":\"FIHP Double Flavor disposable vape: Blueberry Ice & Fizzy Cherry. Up to 40000 puffs, 36ml, Dual Mesh Coil, 650mAh Type\u2011C rechargeable, LED, 2%\/5%.\",\"breadcrumb\":{\"@id\":\"https:\/\/fumot.uk\/product\/fihp-double-flavor-40000-puffs-blueberry-ice-fizzy-cherry\/#breadcrumb\"},\"inLanguage\":\"fr-FR\",\"potentialAction\":[{\"@type\":\"ReadAction\",\"target\":[\"https:\/\/fumot.uk\/product\/fihp-double-flavor-40000-puffs-blueberry-ice-fizzy-cherry\/\"]}]},{\"@type\":\"ImageObject\",\"inLanguage\":\"fr-FR\",\"@id\":\"https:\/\/fumot.uk\/product\/fihp-double-flavor-40000-puffs-blueberry-ice-fizzy-cherry\/#primaryimage\",\"url\":\"https:\/\/fumot.uk\/wp-content\/uploads\/2026\/01\/FIHP-Double-Flavors-40000-Puffs-Fizzy-Cherry-Blueberry-Ice-Disposable-E-Cigarette.jpg\",\"contentUrl\":\"https:\/\/fumot.uk\/wp-content\/uploads\/2026\/01\/FIHP-Double-Flavors-40000-Puffs-Fizzy-Cherry-Blueberry-Ice-Disposable-E-Cigarette.jpg\",\"width\":1200,\"height\":1200},{\"@type\":\"BreadcrumbList\",\"@id\":\"https:\/\/fumot.uk\/product\/fihp-double-flavor-40000-puffs-blueberry-ice-fizzy-cherry\/#breadcrumb\",\"itemListElement\":[{\"@type\":\"ListItem\",\"position\":1,\"name\":\"Home\",\"item\":\"https:\/\/fumot.uk\/\"},{\"@type\":\"ListItem\",\"position\":2,\"name\":\"Shop\",\"item\":\"https:\/\/fumot.uk\/shop\/\"},{\"@type\":\"ListItem\",\"position\":3,\"name\":\"FIHP Double Flavor Disposable Vape 40000 Puffs \u2013 Blueberry Ice &#038; Fizzy Cherry (36ml, Dual Mesh, Type\u2011C, LED)\"}]},{\"@type\":\"WebSite\",\"@id\":\"https:\/\/fumot.uk\/#website\",\"url\":\"https:\/\/fumot.uk\/\",\"name\":\"Fumot Official Direct | Straight from the Factory, 100% Genuine\",\"description\":\"Official Website\",\"publisher\":{\"@id\":\"https:\/\/fumot.uk\/#organization\"},\"potentialAction\":[{\"@type\":\"SearchAction\",\"target\":{\"@type\":\"EntryPoint\",\"urlTemplate\":\"https:\/\/fumot.uk\/?s={search_term_string}\"},\"query-input\":{\"@type\":\"PropertyValueSpecification\",\"valueRequired\":true,\"valueName\":\"search_term_string\"}}],\"inLanguage\":\"fr-FR\"},{\"@type\":\"Organization\",\"@id\":\"https:\/\/fumot.uk\/#organization\",\"name\":\"Fumot Official Direct | Straight from the Factory, 100% Genuine\",\"url\":\"https:\/\/fumot.uk\/\",\"logo\":{\"@type\":\"ImageObject\",\"inLanguage\":\"fr-FR\",\"@id\":\"https:\/\/fumot.uk\/#\/schema\/logo\/image\/\",\"url\":\"https:\/\/fumot.uk\/wp-content\/uploads\/2026\/01\/cropped-fumot-logo1.png\",\"contentUrl\":\"https:\/\/fumot.uk\/wp-content\/uploads\/2026\/01\/cropped-fumot-logo1.png\",\"width\":152,\"height\":106,\"caption\":\"Fumot Official Direct | Straight from the Factory, 100% Genuine\"},\"image\":{\"@id\":\"https:\/\/fumot.uk\/#\/schema\/logo\/image\/\"}}]}<\/script>\n<!-- \/ Yoast SEO plugin. -->","yoast_head_json":{"title":"FIHP Double Flavor 40000 Puffs \u2013 Glace aux myrtilles &amp; Cerise p\u00e9tillante","description":"FIHP Double Flavor vape jetable : Glace aux myrtilles &amp; Cerise p\u00e9tillante. Jusqu'\u00e0 40000 bouff\u00e9es, 36ml, Double bobine en mesh, rechargeable Type\u2011C 650mAh, LED, 2%\/5%.","robots":{"index":"index","follow":"follow","max-snippet":"max-snippet:-1","max-image-preview":"max-image-preview:large","max-video-preview":"max-video-preview:-1"},"canonical":"https:\/\/fumot.uk\/fr\/product\/fihp-double-flavor-40000-puffs-blueberry-ice-fizzy-cherry\/","og_locale":"fr_FR","og_type":"article","og_title":"Switch Anytime: Blueberry Ice & Fizzy Cherry \u2013 FIHP 40000 Puffs","og_description":"Two flavors in one device. Twist-to-switch Blueberry Ice and Fizzy Cherry with 36ml e-liquid, Dual Mesh Coil, LED display, and Type\u2011C rechargeable power.","og_url":"https:\/\/fumot.uk\/fr\/product\/fihp-double-flavor-40000-puffs-blueberry-ice-fizzy-cherry\/","og_site_name":"Fumot Official Direct | Straight from the Factory, 100% Genuine","article_modified_time":"2026-01-21T06:10:24+00:00","og_image":[{"width":1200,"height":1200,"url":"https:\/\/fumot.uk\/wp-content\/uploads\/2026\/01\/FIHP-Double-Flavors-40000-Puffs-Fizzy-Cherry-Blueberry-Ice-Disposable-E-Cigarette.jpg","type":"image\/jpeg"}],"twitter_card":"summary_large_image","twitter_misc":{"Dur\u00e9e de lecture estim\u00e9e":"1 minute"},"schema":{"@context":"https:\/\/schema.org","@graph":[{"@type":"WebPage","@id":"https:\/\/fumot.uk\/product\/fihp-double-flavor-40000-puffs-blueberry-ice-fizzy-cherry\/","url":"https:\/\/fumot.uk\/product\/fihp-double-flavor-40000-puffs-blueberry-ice-fizzy-cherry\/","name":"FIHP Double Flavor 40000 Puffs \u2013 Glace aux myrtilles &amp; Cerise p\u00e9tillante","isPartOf":{"@id":"https:\/\/fumot.uk\/#website"},"primaryImageOfPage":{"@id":"https:\/\/fumot.uk\/product\/fihp-double-flavor-40000-puffs-blueberry-ice-fizzy-cherry\/#primaryimage"},"image":{"@id":"https:\/\/fumot.uk\/product\/fihp-double-flavor-40000-puffs-blueberry-ice-fizzy-cherry\/#primaryimage"},"thumbnailUrl":"https:\/\/fumot.uk\/wp-content\/uploads\/2026\/01\/FIHP-Double-Flavors-40000-Puffs-Fizzy-Cherry-Blueberry-Ice-Disposable-E-Cigarette.jpg","datePublished":"2026-01-21T04:20:48+00:00","dateModified":"2026-01-21T06:10:24+00:00","description":"FIHP Double Flavor vape jetable : Glace aux myrtilles &amp; Cerise p\u00e9tillante. Jusqu'\u00e0 40000 bouff\u00e9es, 36ml, Double bobine en mesh, rechargeable Type\u2011C 650mAh, LED, 2%\/5%.","breadcrumb":{"@id":"https:\/\/fumot.uk\/product\/fihp-double-flavor-40000-puffs-blueberry-ice-fizzy-cherry\/#breadcrumb"},"inLanguage":"fr-FR","potentialAction":[{"@type":"ReadAction","target":["https:\/\/fumot.uk\/product\/fihp-double-flavor-40000-puffs-blueberry-ice-fizzy-cherry\/"]}]},{"@type":"ImageObject","inLanguage":"fr-FR","@id":"https:\/\/fumot.uk\/product\/fihp-double-flavor-40000-puffs-blueberry-ice-fizzy-cherry\/#primaryimage","url":"https:\/\/fumot.uk\/wp-content\/uploads\/2026\/01\/FIHP-Double-Flavors-40000-Puffs-Fizzy-Cherry-Blueberry-Ice-Disposable-E-Cigarette.jpg","contentUrl":"https:\/\/fumot.uk\/wp-content\/uploads\/2026\/01\/FIHP-Double-Flavors-40000-Puffs-Fizzy-Cherry-Blueberry-Ice-Disposable-E-Cigarette.jpg","width":1200,"height":1200},{"@type":"BreadcrumbList","@id":"https:\/\/fumot.uk\/product\/fihp-double-flavor-40000-puffs-blueberry-ice-fizzy-cherry\/#breadcrumb","itemListElement":[{"@type":"ListItem","position":1,"name":"Home","item":"https:\/\/fumot.uk\/"},{"@type":"ListItem","position":2,"name":"Shop","item":"https:\/\/fumot.uk\/shop\/"},{"@type":"ListItem","position":3,"name":"FIHP Double Flavor Disposable Vape 40000 Puffs \u2013 Blueberry Ice &#038; Fizzy Cherry (36ml, Dual Mesh, Type\u2011C, LED)"}]},{"@type":"WebSite","@id":"https:\/\/fumot.uk\/#website","url":"https:\/\/fumot.uk\/","name":"Fumot Official Direct | Directement de l'usine, 100% Authentique","description":"Site officiel","publisher":{"@id":"https:\/\/fumot.uk\/#organization"},"potentialAction":[{"@type":"SearchAction","target":{"@type":"EntryPoint","urlTemplate":"https:\/\/fumot.uk\/?s={search_term_string}"},"query-input":{"@type":"PropertyValueSpecification","valueRequired":true,"valueName":"search_term_string"}}],"inLanguage":"fr-FR"},{"@type":"Organization","@id":"https:\/\/fumot.uk\/#organization","name":"Fumot Official Direct | Directement de l'usine, 100% Authentique","url":"https:\/\/fumot.uk\/","logo":{"@type":"ImageObject","inLanguage":"fr-FR","@id":"https:\/\/fumot.uk\/#\/schema\/logo\/image\/","url":"https:\/\/fumot.uk\/wp-content\/uploads\/2026\/01\/cropped-fumot-logo1.png","contentUrl":"https:\/\/fumot.uk\/wp-content\/uploads\/2026\/01\/cropped-fumot-logo1.png","width":152,"height":106,"caption":"Fumot Official Direct | Straight from the Factory, 100% Genuine"},"image":{"@id":"https:\/\/fumot.uk\/#\/schema\/logo\/image\/"}}]}},"_links":{"self":[{"href":"https:\/\/fumot.uk\/fr\/wp-json\/wp\/v2\/product\/6003","targetHints":{"allow":["GET"]}}],"collection":[{"href":"https:\/\/fumot.uk\/fr\/wp-json\/wp\/v2\/product"}],"about":[{"href":"https:\/\/fumot.uk\/fr\/wp-json\/wp\/v2\/types\/product"}],"replies":[{"embeddable":true,"href":"https:\/\/fumot.uk\/fr\/wp-json\/wp\/v2\/comments?post=6003"}],"wp:featuredmedia":[{"embeddable":true,"href":"https:\/\/fumot.uk\/fr\/wp-json\/wp\/v2\/media\/6037"}],"wp:attachment":[{"href":"https:\/\/fumot.uk\/fr\/wp-json\/wp\/v2\/media?parent=6003"}],"wp:term":[{"taxonomy":"product_brand","embeddable":true,"href":"https:\/\/fumot.uk\/fr\/wp-json\/wp\/v2\/product_brand?post=6003"},{"taxonomy":"product_cat","embeddable":true,"href":"https:\/\/fumot.uk\/fr\/wp-json\/wp\/v2\/product_cat?post=6003"},{"taxonomy":"product_tag","embeddable":true,"href":"https:\/\/fumot.uk\/fr\/wp-json\/wp\/v2\/product_tag?post=6003"}],"curies":[{"name":"wp","href":"https:\/\/api.w.org\/{rel}","templated":true}]}}