{"id":5997,"date":"2026-01-21T04:20:47","date_gmt":"2026-01-21T04:20:47","guid":{"rendered":"https:\/\/fumot.uk\/?post_type=product&#038;p=5997"},"modified":"2026-01-21T06:12:01","modified_gmt":"2026-01-21T06:12:01","slug":"al-fakher-hypermax-15000-puffs-lucid-dream","status":"publish","type":"product","link":"https:\/\/fumot.uk\/fr\/product\/al-fakher-hypermax-15000-puffs-lucid-dream\/","title":{"rendered":"AL FAKHER Hypermax 15000 Puffs (Lucid Dream) \u2013 30ml 5% Nicotine, Rechargeable Type\u2011C, Smart Display"},"content":{"rendered":"<h2>AL FAKHER Hypermax 15000 Puffs \u2013 Lucid Dream<\/h2>\n<p><strong>R\u00eave lucide<\/strong> est un m\u00e9lange doux et myst\u00e9rieux con\u00e7u pour les vapoteurs qui pr\u00e9f\u00e8rent une saveur qui semble calme mais captivante. Attendez-vous \u00e0 <strong>des tons fruit\u00e9s doux<\/strong> superpos\u00e9s avec une <strong>l\u00e9g\u00e8re finition sucr\u00e9e-florale<\/strong>\u2014propre, a\u00e9r\u00e9 et agr\u00e9ablement aromatique. Chaque inhalation offre un profil \u00e9quilibr\u00e9 qui reste agr\u00e9able de la premi\u00e8re bouff\u00e9e \u00e0 la derni\u00e8re, sans sensation de lourdeur.<\/p>\n<h3>Pourquoi vous aimerez Lucid Dream<\/h3>\n<ul>\n<li><strong>Fruit r\u00eaveur + douceur florale douce<\/strong> pour une vape \u00e9l\u00e9gante toute la journ\u00e9e<\/li>\n<li><strong>Taffe fra\u00eeche et douce<\/strong> con\u00e7ue pour une sensation relaxante mais stimulante<\/li>\n<li><strong>Livraison de saveur constante<\/strong> gr\u00e2ce au chauffage Mesh Coil<\/li>\n<\/ul>\n<h3>Caract\u00e9ristiques cl\u00e9s<\/h3>\n<ul>\n<li>\u2705 <strong>Jusqu'\u00e0 15000 puffs<\/strong><\/li>\n<li>\u2705 <strong>30ml<\/strong> e-liquide pr\u00e9-rempli<\/li>\n<li>\u2705 <strong>5% nicotine<\/strong><\/li>\n<li>\u2705 <strong>Batterie rechargeable 600mAh<\/strong><\/li>\n<li>\u2705 <strong>Type\u2011C<\/strong> rechargeable<\/li>\n<li>\u2705 <strong>Affichage Intelligent<\/strong> pour une v\u00e9rification claire de l'\u00e9tat<\/li>\n<li>\u2705 <strong>Indicateur de batterie et d'e-liquide<\/strong> pour une saveur riche et une vapeur douce<\/li>\n<li>\u2705 <strong>Direct to Lung (DTL)<\/strong> style taffe<\/li>\n<li>\u2705 <strong>Certification TPD<\/strong><\/li>\n<li>\u2705 Disponible en <strong>20 saveurs<\/strong><\/li>\n<\/ul>\n<h3>Explorez plus sur fumot.uk<\/h3>\n<p>Vous cherchez d'autres profils de la m\u00eame gamme ? Parcourez plus d'options dans notre <a href=\"https:\/\/fumot.uk\/fr\/\" target=\"_blank\" rel=\"noopener\">fumot.uk<\/a> magasin, et d\u00e9couvrez d'autres <a href=\"https:\/\/fumot.uk\/fr\/\" target=\"_blank\" rel=\"noopener\">AL FAKHER Hypermax 15000 Puffs<\/a> saveurs pour correspondre \u00e0 votre humeur.<\/p>\n<h3>Sp\u00e9cifications<\/h3>\n<ul>\n<li><strong>Marque :<\/strong> AL FAKHER<\/li>\n<li><strong>S\u00e9rie :<\/strong> Hypermax<\/li>\n<li><strong>Capacit\u00e9 d'e-liquide :<\/strong> R\u00eave lucide<\/li>\n<li><strong>Bouff\u00e9es :<\/strong> 15000<\/li>\n<li><strong>Nicotine :<\/strong> 5%<\/li>\n<li><strong>E-liquide :<\/strong> 30ml<\/li>\n<li><strong>Batterie :<\/strong> 600mAh (Rechargeable)<\/li>\n<li><strong>Chargement :<\/strong> Type\u2011C<\/li>\n<li><strong>R\u00e9sistance :<\/strong> Indicateur de batterie et d'e-liquide<\/li>\n<li><strong>Affichage :<\/strong> Affichage Intelligent<\/li>\n<li><strong>Inhalation :<\/strong> Direct to Lung<\/li>\n<\/ul>\n<p><em>Remarque : Le nombre de bouff\u00e9es peut varier en fonction des habitudes d'utilisation.<\/em><\/p>","protected":false},"excerpt":{"rendered":"<p>AL FAKHER Hypermax 15000 Puffs dans Lucid Dream offre un m\u00e9lange fruit\u00e9 doux avec une l\u00e9g\u00e8re finition sucr\u00e9e-florale. Comprend 30ml de nicotine 5%, Mesh Coil, Smart Display, et une batterie rechargeable Type\u2011C de 600mAh.<\/p>","protected":false},"featured_media":6027,"comment_status":"open","ping_status":"closed","template":"","meta":[],"product_brand":[],"product_cat":[16,238,17],"product_tag":[239,71,240,33,72,39,42,25,26,62,199,204],"class_list":{"0":"post-5997","1":"product","2":"type-product","3":"status-publish","4":"has-post-thumbnail","6":"product_cat-15000-puff","7":"product_cat-al-fakher-hypermax-15000-puffs","8":"product_cat-vape","9":"product_tag-30-ml","10":"product_tag-5-nikotin","11":"product_tag-600-mah","12":"product_tag-blueberry","13":"product_tag-direct-to-lung","14":"product_tag-grape","15":"product_tag-mango","16":"product_tag-mesh-coil","17":"product_tag-rechargeable","18":"product_tag-sale-vape","19":"product_tag-smart-display","20":"product_tag-tpd-certification","22":"first","23":"instock","24":"sale","25":"shipping-taxable","26":"purchasable","27":"product-type-variable","28":"has-default-attributes"},"yoast_head":"<!-- This site is optimized with the Yoast SEO plugin v26.8 - https:\/\/yoast.com\/product\/yoast-seo-wordpress\/ -->\n<title>AL FAKHER Hypermax 15000 Lucid Dream | 30ml 5% Nic<\/title>\n<meta name=\"description\" content=\"Shop AL FAKHER Hypermax 15000 Puffs Lucid Dream: fruity with a gentle sweet-floral finish. 30ml 5% nic, Mesh Coil, Smart Display, 600mAh Type\u2011C.\" \/>\n<meta name=\"robots\" content=\"index, follow, max-snippet:-1, max-image-preview:large, max-video-preview:-1\" \/>\n<link rel=\"canonical\" href=\"https:\/\/fumot.uk\/fr\/product\/al-fakher-hypermax-15000-puffs-lucid-dream\/\" \/>\n<meta property=\"og:locale\" content=\"fr_FR\" \/>\n<meta property=\"og:type\" content=\"article\" \/>\n<meta property=\"og:title\" content=\"Lucid Dream \u2013 AL FAKHER Hypermax 15000 Puffs\" \/>\n<meta property=\"og:description\" content=\"A dreamy fruity vape with a soft sweet-floral finish. 30ml 5% nicotine, Mesh Coil, Smart Display, 600mAh Type\u2011C rechargeable.\" \/>\n<meta property=\"og:url\" content=\"https:\/\/fumot.uk\/fr\/product\/al-fakher-hypermax-15000-puffs-lucid-dream\/\" \/>\n<meta property=\"og:site_name\" content=\"Fumot Official Direct | Straight from the Factory, 100% Genuine\" \/>\n<meta property=\"article:modified_time\" content=\"2026-01-21T06:12:01+00:00\" \/>\n<meta property=\"og:image\" content=\"https:\/\/fumot.uk\/wp-content\/uploads\/2026\/01\/AL-FAKHER-Hypermax-15000-Puffs-Lucid-Dream-Disposable-Vape.png\" \/>\n\t<meta property=\"og:image:width\" content=\"800\" \/>\n\t<meta property=\"og:image:height\" content=\"800\" \/>\n\t<meta property=\"og:image:type\" content=\"image\/png\" \/>\n<meta name=\"twitter:card\" content=\"summary_large_image\" \/>\n<meta name=\"twitter:label1\" content=\"Dur\u00e9e de lecture estim\u00e9e\" \/>\n\t<meta name=\"twitter:data1\" content=\"1 minute\" \/>\n<script type=\"application\/ld+json\" class=\"yoast-schema-graph\">{\"@context\":\"https:\/\/schema.org\",\"@graph\":[{\"@type\":\"WebPage\",\"@id\":\"https:\/\/fumot.uk\/product\/al-fakher-hypermax-15000-puffs-lucid-dream\/\",\"url\":\"https:\/\/fumot.uk\/product\/al-fakher-hypermax-15000-puffs-lucid-dream\/\",\"name\":\"AL FAKHER Hypermax 15000 Lucid Dream | 30ml 5% Nic\",\"isPartOf\":{\"@id\":\"https:\/\/fumot.uk\/#website\"},\"primaryImageOfPage\":{\"@id\":\"https:\/\/fumot.uk\/product\/al-fakher-hypermax-15000-puffs-lucid-dream\/#primaryimage\"},\"image\":{\"@id\":\"https:\/\/fumot.uk\/product\/al-fakher-hypermax-15000-puffs-lucid-dream\/#primaryimage\"},\"thumbnailUrl\":\"https:\/\/fumot.uk\/wp-content\/uploads\/2026\/01\/AL-FAKHER-Hypermax-15000-Puffs-Lucid-Dream-Disposable-Vape.png\",\"datePublished\":\"2026-01-21T04:20:47+00:00\",\"dateModified\":\"2026-01-21T06:12:01+00:00\",\"description\":\"Shop AL FAKHER Hypermax 15000 Puffs Lucid Dream: fruity with a gentle sweet-floral finish. 30ml 5% nic, Mesh Coil, Smart Display, 600mAh Type\u2011C.\",\"breadcrumb\":{\"@id\":\"https:\/\/fumot.uk\/product\/al-fakher-hypermax-15000-puffs-lucid-dream\/#breadcrumb\"},\"inLanguage\":\"fr-FR\",\"potentialAction\":[{\"@type\":\"ReadAction\",\"target\":[\"https:\/\/fumot.uk\/product\/al-fakher-hypermax-15000-puffs-lucid-dream\/\"]}]},{\"@type\":\"ImageObject\",\"inLanguage\":\"fr-FR\",\"@id\":\"https:\/\/fumot.uk\/product\/al-fakher-hypermax-15000-puffs-lucid-dream\/#primaryimage\",\"url\":\"https:\/\/fumot.uk\/wp-content\/uploads\/2026\/01\/AL-FAKHER-Hypermax-15000-Puffs-Lucid-Dream-Disposable-Vape.png\",\"contentUrl\":\"https:\/\/fumot.uk\/wp-content\/uploads\/2026\/01\/AL-FAKHER-Hypermax-15000-Puffs-Lucid-Dream-Disposable-Vape.png\",\"width\":800,\"height\":800},{\"@type\":\"BreadcrumbList\",\"@id\":\"https:\/\/fumot.uk\/product\/al-fakher-hypermax-15000-puffs-lucid-dream\/#breadcrumb\",\"itemListElement\":[{\"@type\":\"ListItem\",\"position\":1,\"name\":\"Home\",\"item\":\"https:\/\/fumot.uk\/\"},{\"@type\":\"ListItem\",\"position\":2,\"name\":\"Shop\",\"item\":\"https:\/\/fumot.uk\/shop\/\"},{\"@type\":\"ListItem\",\"position\":3,\"name\":\"AL FAKHER Hypermax 15000 Puffs (Lucid Dream) \u2013 30ml 5% Nicotine, Rechargeable Type\u2011C, Smart Display\"}]},{\"@type\":\"WebSite\",\"@id\":\"https:\/\/fumot.uk\/#website\",\"url\":\"https:\/\/fumot.uk\/\",\"name\":\"Fumot Official Direct | Straight from the Factory, 100% Genuine\",\"description\":\"Official Website\",\"publisher\":{\"@id\":\"https:\/\/fumot.uk\/#organization\"},\"potentialAction\":[{\"@type\":\"SearchAction\",\"target\":{\"@type\":\"EntryPoint\",\"urlTemplate\":\"https:\/\/fumot.uk\/?s={search_term_string}\"},\"query-input\":{\"@type\":\"PropertyValueSpecification\",\"valueRequired\":true,\"valueName\":\"search_term_string\"}}],\"inLanguage\":\"fr-FR\"},{\"@type\":\"Organization\",\"@id\":\"https:\/\/fumot.uk\/#organization\",\"name\":\"Fumot Official Direct | Straight from the Factory, 100% Genuine\",\"url\":\"https:\/\/fumot.uk\/\",\"logo\":{\"@type\":\"ImageObject\",\"inLanguage\":\"fr-FR\",\"@id\":\"https:\/\/fumot.uk\/#\/schema\/logo\/image\/\",\"url\":\"https:\/\/fumot.uk\/wp-content\/uploads\/2026\/01\/cropped-fumot-logo1.png\",\"contentUrl\":\"https:\/\/fumot.uk\/wp-content\/uploads\/2026\/01\/cropped-fumot-logo1.png\",\"width\":152,\"height\":106,\"caption\":\"Fumot Official Direct | Straight from the Factory, 100% Genuine\"},\"image\":{\"@id\":\"https:\/\/fumot.uk\/#\/schema\/logo\/image\/\"}}]}<\/script>\n<!-- \/ Yoast SEO plugin. -->","yoast_head_json":{"title":"AL FAKHER Hypermax 15000 Lucid Dream | 30ml 5% Nic","description":"Boutique AL FAKHER Hypermax 15000 Puffs Lucid Dream : fruit\u00e9 avec une douce finition sucr\u00e9e-florale. 30ml 5% nic, Mesh Coil, Smart Display, 600mAh Type\u2011C.","robots":{"index":"index","follow":"follow","max-snippet":"max-snippet:-1","max-image-preview":"max-image-preview:large","max-video-preview":"max-video-preview:-1"},"canonical":"https:\/\/fumot.uk\/fr\/product\/al-fakher-hypermax-15000-puffs-lucid-dream\/","og_locale":"fr_FR","og_type":"article","og_title":"Lucid Dream \u2013 AL FAKHER Hypermax 15000 Puffs","og_description":"A dreamy fruity vape with a soft sweet-floral finish. 30ml 5% nicotine, Mesh Coil, Smart Display, 600mAh Type\u2011C rechargeable.","og_url":"https:\/\/fumot.uk\/fr\/product\/al-fakher-hypermax-15000-puffs-lucid-dream\/","og_site_name":"Fumot Official Direct | Straight from the Factory, 100% Genuine","article_modified_time":"2026-01-21T06:12:01+00:00","og_image":[{"width":800,"height":800,"url":"https:\/\/fumot.uk\/wp-content\/uploads\/2026\/01\/AL-FAKHER-Hypermax-15000-Puffs-Lucid-Dream-Disposable-Vape.png","type":"image\/png"}],"twitter_card":"summary_large_image","twitter_misc":{"Dur\u00e9e de lecture estim\u00e9e":"1 minute"},"schema":{"@context":"https:\/\/schema.org","@graph":[{"@type":"WebPage","@id":"https:\/\/fumot.uk\/product\/al-fakher-hypermax-15000-puffs-lucid-dream\/","url":"https:\/\/fumot.uk\/product\/al-fakher-hypermax-15000-puffs-lucid-dream\/","name":"AL FAKHER Hypermax 15000 Lucid Dream | 30ml 5% Nic","isPartOf":{"@id":"https:\/\/fumot.uk\/#website"},"primaryImageOfPage":{"@id":"https:\/\/fumot.uk\/product\/al-fakher-hypermax-15000-puffs-lucid-dream\/#primaryimage"},"image":{"@id":"https:\/\/fumot.uk\/product\/al-fakher-hypermax-15000-puffs-lucid-dream\/#primaryimage"},"thumbnailUrl":"https:\/\/fumot.uk\/wp-content\/uploads\/2026\/01\/AL-FAKHER-Hypermax-15000-Puffs-Lucid-Dream-Disposable-Vape.png","datePublished":"2026-01-21T04:20:47+00:00","dateModified":"2026-01-21T06:12:01+00:00","description":"Boutique AL FAKHER Hypermax 15000 Puffs Lucid Dream : fruit\u00e9 avec une douce finition sucr\u00e9e-florale. 30ml 5% nic, Mesh Coil, Smart Display, 600mAh Type\u2011C.","breadcrumb":{"@id":"https:\/\/fumot.uk\/product\/al-fakher-hypermax-15000-puffs-lucid-dream\/#breadcrumb"},"inLanguage":"fr-FR","potentialAction":[{"@type":"ReadAction","target":["https:\/\/fumot.uk\/product\/al-fakher-hypermax-15000-puffs-lucid-dream\/"]}]},{"@type":"ImageObject","inLanguage":"fr-FR","@id":"https:\/\/fumot.uk\/product\/al-fakher-hypermax-15000-puffs-lucid-dream\/#primaryimage","url":"https:\/\/fumot.uk\/wp-content\/uploads\/2026\/01\/AL-FAKHER-Hypermax-15000-Puffs-Lucid-Dream-Disposable-Vape.png","contentUrl":"https:\/\/fumot.uk\/wp-content\/uploads\/2026\/01\/AL-FAKHER-Hypermax-15000-Puffs-Lucid-Dream-Disposable-Vape.png","width":800,"height":800},{"@type":"BreadcrumbList","@id":"https:\/\/fumot.uk\/product\/al-fakher-hypermax-15000-puffs-lucid-dream\/#breadcrumb","itemListElement":[{"@type":"ListItem","position":1,"name":"Home","item":"https:\/\/fumot.uk\/"},{"@type":"ListItem","position":2,"name":"Shop","item":"https:\/\/fumot.uk\/shop\/"},{"@type":"ListItem","position":3,"name":"AL FAKHER Hypermax 15000 Puffs (Lucid Dream) \u2013 30ml 5% Nicotine, Rechargeable Type\u2011C, Smart Display"}]},{"@type":"WebSite","@id":"https:\/\/fumot.uk\/#website","url":"https:\/\/fumot.uk\/","name":"Fumot Official Direct | Directement de l'usine, 100% Authentique","description":"Site officiel","publisher":{"@id":"https:\/\/fumot.uk\/#organization"},"potentialAction":[{"@type":"SearchAction","target":{"@type":"EntryPoint","urlTemplate":"https:\/\/fumot.uk\/?s={search_term_string}"},"query-input":{"@type":"PropertyValueSpecification","valueRequired":true,"valueName":"search_term_string"}}],"inLanguage":"fr-FR"},{"@type":"Organization","@id":"https:\/\/fumot.uk\/#organization","name":"Fumot Official Direct | Directement de l'usine, 100% Authentique","url":"https:\/\/fumot.uk\/","logo":{"@type":"ImageObject","inLanguage":"fr-FR","@id":"https:\/\/fumot.uk\/#\/schema\/logo\/image\/","url":"https:\/\/fumot.uk\/wp-content\/uploads\/2026\/01\/cropped-fumot-logo1.png","contentUrl":"https:\/\/fumot.uk\/wp-content\/uploads\/2026\/01\/cropped-fumot-logo1.png","width":152,"height":106,"caption":"Fumot Official Direct | Straight from the Factory, 100% Genuine"},"image":{"@id":"https:\/\/fumot.uk\/#\/schema\/logo\/image\/"}}]}},"_links":{"self":[{"href":"https:\/\/fumot.uk\/fr\/wp-json\/wp\/v2\/product\/5997","targetHints":{"allow":["GET"]}}],"collection":[{"href":"https:\/\/fumot.uk\/fr\/wp-json\/wp\/v2\/product"}],"about":[{"href":"https:\/\/fumot.uk\/fr\/wp-json\/wp\/v2\/types\/product"}],"replies":[{"embeddable":true,"href":"https:\/\/fumot.uk\/fr\/wp-json\/wp\/v2\/comments?post=5997"}],"wp:featuredmedia":[{"embeddable":true,"href":"https:\/\/fumot.uk\/fr\/wp-json\/wp\/v2\/media\/6027"}],"wp:attachment":[{"href":"https:\/\/fumot.uk\/fr\/wp-json\/wp\/v2\/media?parent=5997"}],"wp:term":[{"taxonomy":"product_brand","embeddable":true,"href":"https:\/\/fumot.uk\/fr\/wp-json\/wp\/v2\/product_brand?post=5997"},{"taxonomy":"product_cat","embeddable":true,"href":"https:\/\/fumot.uk\/fr\/wp-json\/wp\/v2\/product_cat?post=5997"},{"taxonomy":"product_tag","embeddable":true,"href":"https:\/\/fumot.uk\/fr\/wp-json\/wp\/v2\/product_tag?post=5997"}],"curies":[{"name":"wp","href":"https:\/\/api.w.org\/{rel}","templated":true}]}}