{"id":4558,"date":"2026-01-21T04:11:38","date_gmt":"2026-01-21T04:11:38","guid":{"rendered":"https:\/\/fumot.uk\/?post_type=product&#038;p=4558"},"modified":"2026-01-21T06:19:53","modified_gmt":"2026-01-21T06:19:53","slug":"al-fakher-hypermax-15000-puffs-strawberry-punch","status":"publish","type":"product","link":"https:\/\/fumot.uk\/fr\/product\/al-fakher-hypermax-15000-puffs-strawberry-punch\/","title":{"rendered":"AL FAKHER Hypermax 15000 Puffs Punch Fraise \u2013 5% Nicotine, 30ml, Type\u2011C Rechargeable Disposable Vape"},"content":{"rendered":"<h2>AL FAKHER Hypermax 15000 Puffs \u2013 Punch \u00e0 la Fraise<\/h2>\n<p>Apportez une ambiance fruit\u00e9e douce comme des bonbons \u00e0 votre vape quotidienne avec <strong>Punch Fraise<\/strong> dans le <strong>AL FAKHER Hypermax 15000 Puffs<\/strong> s\u00e9rie. Cette saveur s'appuie sur la douceur juteuse des fraises m\u00fbres, termin\u00e9e par une touche fruit\u00e9e et punchy qui garde chaque bouff\u00e9e vive et rafra\u00eechissante. C'est un choix facile pour toute la journ\u00e9e pour quiconque appr\u00e9cie un profil fruit\u00e9 et sucr\u00e9 sans se sentir lourd.<\/p>\n<h3>Profil de Saveur : Punch \u00e0 la Fraise<\/h3>\n<ul>\n<li><strong>Inhalation :<\/strong> douceur audacieuse de fraises m\u00fbres<\/li>\n<li><strong>Notes interm\u00e9diaires :<\/strong> caract\u00e8re \u201c punch \u201d fruit\u00e9 m\u00e9lang\u00e9 pour plus de profondeur<\/li>\n<li><strong>Finition :<\/strong> arri\u00e8re-go\u00fbt de fruit propre et lumineux<\/li>\n<\/ul>\n<h3>Caract\u00e9ristiques cl\u00e9s<\/h3>\n<ul>\n<li><strong>Jusqu'\u00e0 15000 puffs<\/strong> (l'utilisation varie selon la longueur des bouff\u00e9es)<\/li>\n<li><strong>5% nicotine<\/strong><\/li>\n<li><strong>30ml d'e-liquide pr\u00e9-rempli<\/strong><\/li>\n<li><strong>Batterie rechargeable 600mAh<\/strong><\/li>\n<li><strong>Recharge USB Type\u2011C<\/strong> (voir plus d'options Type\u2011C : <a href=\"https:\/\/fumot.uk\/fr\/product-tag\/type-c\/\">Rechargeable Type\u2011C<\/a>)<\/li>\n<li><strong>Bobine en maille<\/strong> pour une saveur constante et une vapeur douce<\/li>\n<li><strong>Affichage intelligent<\/strong> pour des v\u00e9rifications rapides de l'\u00e9tat<\/li>\n<li><strong>Direct\u2011to\u2011Lung (DTL)<\/strong> bouff\u00e9e amicale<\/li>\n<li><strong>certification TPD<\/strong><\/li>\n<\/ul>\n<h3>Pourquoi vous allez l'aimer<\/h3>\n<p><strong>Punch Fraise<\/strong> est con\u00e7u pour les vapoteurs qui veulent une base de fraise sucr\u00e9e avec un m\u00e9lange fruit\u00e9 \u00e9nergique\u2014assez lumineux pour rester int\u00e9ressant, assez doux pour continuer \u00e0 le rechercher. Le <strong>bobine en maille<\/strong> aide \u00e0 maintenir la clart\u00e9 de la saveur de la premi\u00e8re bouff\u00e9e \u00e0 la derni\u00e8re, tandis que le <strong>rechargeable Type\u2011C<\/strong> configuration rend l'utilisation quotidienne simple.<\/p>\n<p><strong>Explorez plus de saveurs et d'appareils sur<\/strong> <a href=\"https:\/\/fumot.uk\/fr\/\">fumot.uk<\/a>.<\/p>","protected":false},"excerpt":{"rendered":"<p>AL FAKHER Hypermax 15000 Puffs en Strawberry Punch : fraise m\u00fbre et sucr\u00e9e avec une finition punch fruit\u00e9. 30ml pr\u00e9-rempli, 5% nicotine, 600mAh Type\u2011C rechargeable, bobine en mesh, affichage intelligent, adapt\u00e9 au DTL.<\/p>","protected":false},"featured_media":4603,"comment_status":"open","ping_status":"closed","template":"","meta":[],"product_brand":[],"product_cat":[16,238,17],"product_tag":[239,71,240,72,25,26,62,199,37,204],"class_list":{"0":"post-4558","1":"product","2":"type-product","3":"status-publish","4":"has-post-thumbnail","6":"product_cat-15000-puff","7":"product_cat-al-fakher-hypermax-15000-puffs","8":"product_cat-vape","9":"product_tag-30-ml","10":"product_tag-5-nikotin","11":"product_tag-600-mah","12":"product_tag-direct-to-lung","13":"product_tag-mesh-coil","14":"product_tag-rechargeable","15":"product_tag-sale-vape","16":"product_tag-smart-display","17":"product_tag-strawberry","18":"product_tag-tpd-certification","20":"first","21":"instock","22":"sale","23":"shipping-taxable","24":"purchasable","25":"product-type-variable","26":"has-default-attributes"},"yoast_head":"<!-- This site is optimized with the Yoast SEO plugin v26.8 - https:\/\/yoast.com\/product\/yoast-seo-wordpress\/ -->\n<title>AL FAKHER Hypermax 15000 Strawberry Punch | 15000 Puffs<\/title>\n<meta name=\"description\" content=\"Shop AL FAKHER Hypermax 15000 Puffs Strawberry Punch: 30ml, 5% nicotine, 600mAh Type\u2011C rechargeable, mesh coil &amp; smart display. Available at fumot.uk.\" \/>\n<meta name=\"robots\" content=\"index, follow, max-snippet:-1, max-image-preview:large, max-video-preview:-1\" \/>\n<link rel=\"canonical\" href=\"https:\/\/fumot.uk\/fr\/product\/al-fakher-hypermax-15000-puffs-strawberry-punch\/\" \/>\n<meta property=\"og:locale\" content=\"fr_FR\" \/>\n<meta property=\"og:type\" content=\"article\" \/>\n<meta property=\"og:title\" content=\"Strawberry Punch \u2013 AL FAKHER Hypermax 15000 Puffs\" \/>\n<meta property=\"og:description\" content=\"Juicy strawberry sweetness with a lively fruity punch. 30ml, 5% nicotine, 600mAh Type\u2011C rechargeable, mesh coil &amp; smart display\u2014find it on fumot.uk.\" \/>\n<meta property=\"og:url\" content=\"https:\/\/fumot.uk\/fr\/product\/al-fakher-hypermax-15000-puffs-strawberry-punch\/\" \/>\n<meta property=\"og:site_name\" content=\"Fumot Official Direct | Straight from the Factory, 100% Genuine\" \/>\n<meta property=\"article:modified_time\" content=\"2026-01-21T06:19:53+00:00\" \/>\n<meta property=\"og:image\" content=\"https:\/\/fumot.uk\/wp-content\/uploads\/2026\/01\/AL-FAKHER-Hypermax-15000-Puffs-Strawberry-Punch-Disposable-Vape.png\" \/>\n\t<meta property=\"og:image:width\" content=\"800\" \/>\n\t<meta property=\"og:image:height\" content=\"800\" \/>\n\t<meta property=\"og:image:type\" content=\"image\/png\" \/>\n<meta name=\"twitter:card\" content=\"summary_large_image\" \/>\n<meta name=\"twitter:label1\" content=\"Dur\u00e9e de lecture estim\u00e9e\" \/>\n\t<meta name=\"twitter:data1\" content=\"1 minute\" \/>\n<script type=\"application\/ld+json\" class=\"yoast-schema-graph\">{\"@context\":\"https:\/\/schema.org\",\"@graph\":[{\"@type\":\"WebPage\",\"@id\":\"https:\/\/fumot.uk\/product\/al-fakher-hypermax-15000-puffs-strawberry-punch\/\",\"url\":\"https:\/\/fumot.uk\/product\/al-fakher-hypermax-15000-puffs-strawberry-punch\/\",\"name\":\"AL FAKHER Hypermax 15000 Strawberry Punch | 15000 Puffs\",\"isPartOf\":{\"@id\":\"https:\/\/fumot.uk\/#website\"},\"primaryImageOfPage\":{\"@id\":\"https:\/\/fumot.uk\/product\/al-fakher-hypermax-15000-puffs-strawberry-punch\/#primaryimage\"},\"image\":{\"@id\":\"https:\/\/fumot.uk\/product\/al-fakher-hypermax-15000-puffs-strawberry-punch\/#primaryimage\"},\"thumbnailUrl\":\"https:\/\/fumot.uk\/wp-content\/uploads\/2026\/01\/AL-FAKHER-Hypermax-15000-Puffs-Strawberry-Punch-Disposable-Vape.png\",\"datePublished\":\"2026-01-21T04:11:38+00:00\",\"dateModified\":\"2026-01-21T06:19:53+00:00\",\"description\":\"Shop AL FAKHER Hypermax 15000 Puffs Strawberry Punch: 30ml, 5% nicotine, 600mAh Type\u2011C rechargeable, mesh coil & smart display. Available at fumot.uk.\",\"breadcrumb\":{\"@id\":\"https:\/\/fumot.uk\/product\/al-fakher-hypermax-15000-puffs-strawberry-punch\/#breadcrumb\"},\"inLanguage\":\"fr-FR\",\"potentialAction\":[{\"@type\":\"ReadAction\",\"target\":[\"https:\/\/fumot.uk\/product\/al-fakher-hypermax-15000-puffs-strawberry-punch\/\"]}]},{\"@type\":\"ImageObject\",\"inLanguage\":\"fr-FR\",\"@id\":\"https:\/\/fumot.uk\/product\/al-fakher-hypermax-15000-puffs-strawberry-punch\/#primaryimage\",\"url\":\"https:\/\/fumot.uk\/wp-content\/uploads\/2026\/01\/AL-FAKHER-Hypermax-15000-Puffs-Strawberry-Punch-Disposable-Vape.png\",\"contentUrl\":\"https:\/\/fumot.uk\/wp-content\/uploads\/2026\/01\/AL-FAKHER-Hypermax-15000-Puffs-Strawberry-Punch-Disposable-Vape.png\",\"width\":800,\"height\":800},{\"@type\":\"BreadcrumbList\",\"@id\":\"https:\/\/fumot.uk\/product\/al-fakher-hypermax-15000-puffs-strawberry-punch\/#breadcrumb\",\"itemListElement\":[{\"@type\":\"ListItem\",\"position\":1,\"name\":\"Home\",\"item\":\"https:\/\/fumot.uk\/\"},{\"@type\":\"ListItem\",\"position\":2,\"name\":\"Shop\",\"item\":\"https:\/\/fumot.uk\/shop\/\"},{\"@type\":\"ListItem\",\"position\":3,\"name\":\"AL FAKHER Hypermax 15000 Puffs Strawberry Punch \u2013 5% Nicotine, 30ml, Type\u2011C Rechargeable Disposable Vape\"}]},{\"@type\":\"WebSite\",\"@id\":\"https:\/\/fumot.uk\/#website\",\"url\":\"https:\/\/fumot.uk\/\",\"name\":\"Fumot Official Direct | Straight from the Factory, 100% Genuine\",\"description\":\"Official Website\",\"publisher\":{\"@id\":\"https:\/\/fumot.uk\/#organization\"},\"potentialAction\":[{\"@type\":\"SearchAction\",\"target\":{\"@type\":\"EntryPoint\",\"urlTemplate\":\"https:\/\/fumot.uk\/?s={search_term_string}\"},\"query-input\":{\"@type\":\"PropertyValueSpecification\",\"valueRequired\":true,\"valueName\":\"search_term_string\"}}],\"inLanguage\":\"fr-FR\"},{\"@type\":\"Organization\",\"@id\":\"https:\/\/fumot.uk\/#organization\",\"name\":\"Fumot Official Direct | Straight from the Factory, 100% Genuine\",\"url\":\"https:\/\/fumot.uk\/\",\"logo\":{\"@type\":\"ImageObject\",\"inLanguage\":\"fr-FR\",\"@id\":\"https:\/\/fumot.uk\/#\/schema\/logo\/image\/\",\"url\":\"https:\/\/fumot.uk\/wp-content\/uploads\/2026\/01\/cropped-fumot-logo1.png\",\"contentUrl\":\"https:\/\/fumot.uk\/wp-content\/uploads\/2026\/01\/cropped-fumot-logo1.png\",\"width\":152,\"height\":106,\"caption\":\"Fumot Official Direct | Straight from the Factory, 100% Genuine\"},\"image\":{\"@id\":\"https:\/\/fumot.uk\/#\/schema\/logo\/image\/\"}}]}<\/script>\n<!-- \/ Yoast SEO plugin. -->","yoast_head_json":{"title":"AL FAKHER Hypermax 15000 Strawberry Punch | 15000 Bouff\u00e9es","description":"Achetez AL FAKHER Hypermax 15000 Puffs Strawberry Punch : 30ml, 5% nicotine, 600mAh Type\u2011C rechargeable, bobine en maille et affichage intelligent. Disponible sur fumot.uk.","robots":{"index":"index","follow":"follow","max-snippet":"max-snippet:-1","max-image-preview":"max-image-preview:large","max-video-preview":"max-video-preview:-1"},"canonical":"https:\/\/fumot.uk\/fr\/product\/al-fakher-hypermax-15000-puffs-strawberry-punch\/","og_locale":"fr_FR","og_type":"article","og_title":"Strawberry Punch \u2013 AL FAKHER Hypermax 15000 Puffs","og_description":"Juicy strawberry sweetness with a lively fruity punch. 30ml, 5% nicotine, 600mAh Type\u2011C rechargeable, mesh coil & smart display\u2014find it on fumot.uk.","og_url":"https:\/\/fumot.uk\/fr\/product\/al-fakher-hypermax-15000-puffs-strawberry-punch\/","og_site_name":"Fumot Official Direct | Straight from the Factory, 100% Genuine","article_modified_time":"2026-01-21T06:19:53+00:00","og_image":[{"width":800,"height":800,"url":"https:\/\/fumot.uk\/wp-content\/uploads\/2026\/01\/AL-FAKHER-Hypermax-15000-Puffs-Strawberry-Punch-Disposable-Vape.png","type":"image\/png"}],"twitter_card":"summary_large_image","twitter_misc":{"Dur\u00e9e de lecture estim\u00e9e":"1 minute"},"schema":{"@context":"https:\/\/schema.org","@graph":[{"@type":"WebPage","@id":"https:\/\/fumot.uk\/product\/al-fakher-hypermax-15000-puffs-strawberry-punch\/","url":"https:\/\/fumot.uk\/product\/al-fakher-hypermax-15000-puffs-strawberry-punch\/","name":"AL FAKHER Hypermax 15000 Strawberry Punch | 15000 Bouff\u00e9es","isPartOf":{"@id":"https:\/\/fumot.uk\/#website"},"primaryImageOfPage":{"@id":"https:\/\/fumot.uk\/product\/al-fakher-hypermax-15000-puffs-strawberry-punch\/#primaryimage"},"image":{"@id":"https:\/\/fumot.uk\/product\/al-fakher-hypermax-15000-puffs-strawberry-punch\/#primaryimage"},"thumbnailUrl":"https:\/\/fumot.uk\/wp-content\/uploads\/2026\/01\/AL-FAKHER-Hypermax-15000-Puffs-Strawberry-Punch-Disposable-Vape.png","datePublished":"2026-01-21T04:11:38+00:00","dateModified":"2026-01-21T06:19:53+00:00","description":"Achetez AL FAKHER Hypermax 15000 Puffs Strawberry Punch : 30ml, 5% nicotine, 600mAh Type\u2011C rechargeable, bobine en maille et affichage intelligent. Disponible sur fumot.uk.","breadcrumb":{"@id":"https:\/\/fumot.uk\/product\/al-fakher-hypermax-15000-puffs-strawberry-punch\/#breadcrumb"},"inLanguage":"fr-FR","potentialAction":[{"@type":"ReadAction","target":["https:\/\/fumot.uk\/product\/al-fakher-hypermax-15000-puffs-strawberry-punch\/"]}]},{"@type":"ImageObject","inLanguage":"fr-FR","@id":"https:\/\/fumot.uk\/product\/al-fakher-hypermax-15000-puffs-strawberry-punch\/#primaryimage","url":"https:\/\/fumot.uk\/wp-content\/uploads\/2026\/01\/AL-FAKHER-Hypermax-15000-Puffs-Strawberry-Punch-Disposable-Vape.png","contentUrl":"https:\/\/fumot.uk\/wp-content\/uploads\/2026\/01\/AL-FAKHER-Hypermax-15000-Puffs-Strawberry-Punch-Disposable-Vape.png","width":800,"height":800},{"@type":"BreadcrumbList","@id":"https:\/\/fumot.uk\/product\/al-fakher-hypermax-15000-puffs-strawberry-punch\/#breadcrumb","itemListElement":[{"@type":"ListItem","position":1,"name":"Home","item":"https:\/\/fumot.uk\/"},{"@type":"ListItem","position":2,"name":"Shop","item":"https:\/\/fumot.uk\/shop\/"},{"@type":"ListItem","position":3,"name":"AL FAKHER Hypermax 15000 Puffs Strawberry Punch \u2013 5% Nicotine, 30ml, Type\u2011C Rechargeable Disposable Vape"}]},{"@type":"WebSite","@id":"https:\/\/fumot.uk\/#website","url":"https:\/\/fumot.uk\/","name":"Fumot Official Direct | Directement de l'usine, 100% Authentique","description":"Site officiel","publisher":{"@id":"https:\/\/fumot.uk\/#organization"},"potentialAction":[{"@type":"SearchAction","target":{"@type":"EntryPoint","urlTemplate":"https:\/\/fumot.uk\/?s={search_term_string}"},"query-input":{"@type":"PropertyValueSpecification","valueRequired":true,"valueName":"search_term_string"}}],"inLanguage":"fr-FR"},{"@type":"Organization","@id":"https:\/\/fumot.uk\/#organization","name":"Fumot Official Direct | Directement de l'usine, 100% Authentique","url":"https:\/\/fumot.uk\/","logo":{"@type":"ImageObject","inLanguage":"fr-FR","@id":"https:\/\/fumot.uk\/#\/schema\/logo\/image\/","url":"https:\/\/fumot.uk\/wp-content\/uploads\/2026\/01\/cropped-fumot-logo1.png","contentUrl":"https:\/\/fumot.uk\/wp-content\/uploads\/2026\/01\/cropped-fumot-logo1.png","width":152,"height":106,"caption":"Fumot Official Direct | Straight from the Factory, 100% Genuine"},"image":{"@id":"https:\/\/fumot.uk\/#\/schema\/logo\/image\/"}}]}},"_links":{"self":[{"href":"https:\/\/fumot.uk\/fr\/wp-json\/wp\/v2\/product\/4558","targetHints":{"allow":["GET"]}}],"collection":[{"href":"https:\/\/fumot.uk\/fr\/wp-json\/wp\/v2\/product"}],"about":[{"href":"https:\/\/fumot.uk\/fr\/wp-json\/wp\/v2\/types\/product"}],"replies":[{"embeddable":true,"href":"https:\/\/fumot.uk\/fr\/wp-json\/wp\/v2\/comments?post=4558"}],"wp:featuredmedia":[{"embeddable":true,"href":"https:\/\/fumot.uk\/fr\/wp-json\/wp\/v2\/media\/4603"}],"wp:attachment":[{"href":"https:\/\/fumot.uk\/fr\/wp-json\/wp\/v2\/media?parent=4558"}],"wp:term":[{"taxonomy":"product_brand","embeddable":true,"href":"https:\/\/fumot.uk\/fr\/wp-json\/wp\/v2\/product_brand?post=4558"},{"taxonomy":"product_cat","embeddable":true,"href":"https:\/\/fumot.uk\/fr\/wp-json\/wp\/v2\/product_cat?post=4558"},{"taxonomy":"product_tag","embeddable":true,"href":"https:\/\/fumot.uk\/fr\/wp-json\/wp\/v2\/product_tag?post=4558"}],"curies":[{"name":"wp","href":"https:\/\/api.w.org\/{rel}","templated":true}]}}