{"id":4541,"date":"2026-01-21T04:11:17","date_gmt":"2026-01-21T04:11:17","guid":{"rendered":"https:\/\/fumot.uk\/?post_type=product&#038;p=4541"},"modified":"2026-01-21T06:21:50","modified_gmt":"2026-01-21T06:21:50","slug":"al-fakher-hypermax-15000-puffs-lush-ice","status":"publish","type":"product","link":"https:\/\/fumot.uk\/fr\/product\/al-fakher-hypermax-15000-puffs-lush-ice\/","title":{"rendered":"AL FAKHER Hypermax 15000 Puffs Lush Glac\u00e9 Disposable Vape | 5% Nicotine, 30ml, Type\u2011C Rechargeable"},"content":{"rendered":"<h2>AL FAKHER Hypermax 15000 Puffs \u2013 Lush Ice<\/h2>\n<p><strong>Glace luxuriante<\/strong> est un m\u00e9lange propre, de style estival qui associe la douceur juteuse de la past\u00e8que \u00e0 une finition menthol\u00e9e fra\u00eeche et croquante. Chaque inhalation d\u00e9livre une note fruit\u00e9e douce, suivie d'une expiration glac\u00e9e qui reste rafra\u00eechissante sans dominer la saveur\u2014id\u00e9al pour les vapoteurs qui appr\u00e9cient un profil lumineux et frais.<\/p>\n<h3>Profil de saveur : Lush Ice<\/h3>\n<ul>\n<li><strong>Go\u00fbt :<\/strong> Past\u00e8que sucr\u00e9e + menthol frais<\/li>\n<li><strong>Finition :<\/strong> Expiration fra\u00eeche et glac\u00e9e<\/li>\n<li><strong>Ambiance :<\/strong> L\u00e9ger, rafra\u00eechissant, adapt\u00e9 au quotidien<\/li>\n<\/ul>\n<h3>Caract\u00e9ristiques cl\u00e9s<\/h3>\n<ul>\n<li><strong>Jusqu'\u00e0 15000 puffs<\/strong> (l'utilisation varie selon la longueur des bouff\u00e9es)<\/li>\n<li><strong>30ml d'e-liquide pr\u00e9-rempli<\/strong><\/li>\n<li><strong>5% nicotine<\/strong><\/li>\n<li><strong>Batterie rechargeable 600mAh<\/strong><\/li>\n<li><strong>charge Type\u2011C<\/strong><\/li>\n<li><strong>Bobine en maille<\/strong> pour une saveur constante et une vapeur douce<\/li>\n<li><strong>Affichage Intelligent<\/strong> pour un statut clair et instantan\u00e9<\/li>\n<li><strong>Direct\u2011to\u2011Lung (DTL)<\/strong> style taffe<\/li>\n<li><strong>Certification TPD<\/strong><\/li>\n<\/ul>\n<h3>Pourquoi choisir Hypermax Lush Ice ?<\/h3>\n<p>Si vous recherchez une <strong>vape jetable past\u00e8que glac\u00e9e<\/strong> qui reste croquant et savoureux d\u00e8s la premi\u00e8re bouff\u00e9e, Hypermax Lush Ice est un choix solide. La bobine en maille aide \u00e0 garder la note de past\u00e8que vive, tandis que la finition fra\u00eeche en fait une excellente option pour les journ\u00e9es chaudes ou pour quiconque pr\u00e9f\u00e8re un vapotage de style \u201cglace\u201d.<\/p>\n<p><strong>D\u00e9couvrez plus de saveurs et d'offres sur<\/strong> <a href=\"https:\/\/fumot.uk\/fr\/\">fumot.uk<\/a>.<\/p>","protected":false},"excerpt":{"rendered":"<p>AL FAKHER Hypermax 15000 Puffs en Lush Ice m\u00e9lange past\u00e8que sucr\u00e9e avec une finition menthol\u00e9e fra\u00eeche. Pr\u00e9-rempli 30ml, 5% nicotine, 600mAh Type\u2011C rechargeable, bobine en mesh et affichage intelligent pour une vape DTL douce.<\/p>","protected":false},"featured_media":4585,"comment_status":"open","ping_status":"closed","template":"","meta":[],"product_brand":[],"product_cat":[16,238,17],"product_tag":[239,71,240,72,29,44,25,26,62,199,204],"class_list":{"0":"post-4541","1":"product","2":"type-product","3":"status-publish","4":"has-post-thumbnail","6":"product_cat-15000-puff","7":"product_cat-al-fakher-hypermax-15000-puffs","8":"product_cat-vape","9":"product_tag-30-ml","10":"product_tag-5-nikotin","11":"product_tag-600-mah","12":"product_tag-direct-to-lung","13":"product_tag-ice","14":"product_tag-lush","15":"product_tag-mesh-coil","16":"product_tag-rechargeable","17":"product_tag-sale-vape","18":"product_tag-smart-display","19":"product_tag-tpd-certification","21":"first","22":"instock","23":"sale","24":"shipping-taxable","25":"purchasable","26":"product-type-variable","27":"has-default-attributes"},"yoast_head":"<!-- This site is optimized with the Yoast SEO plugin v26.8 - https:\/\/yoast.com\/product\/yoast-seo-wordpress\/ -->\n<title>AL FAKHER Hypermax 15000 Lush Ice | 30ml 5% Nic<\/title>\n<meta name=\"description\" content=\"Buy AL FAKHER Hypermax 15000 Puffs Lush Ice: sweet watermelon + cool menthol. 30ml prefilled, 5% nicotine, 600mAh Type\u2011C rechargeable, mesh coil, smart display.\" \/>\n<meta name=\"robots\" content=\"index, follow, max-snippet:-1, max-image-preview:large, max-video-preview:-1\" \/>\n<link rel=\"canonical\" href=\"https:\/\/fumot.uk\/fr\/product\/al-fakher-hypermax-15000-puffs-lush-ice\/\" \/>\n<meta property=\"og:locale\" content=\"fr_FR\" \/>\n<meta property=\"og:type\" content=\"article\" \/>\n<meta property=\"og:title\" content=\"AL FAKHER Hypermax 15000 Puffs \u2013 Lush Ice\" \/>\n<meta property=\"og:description\" content=\"Juicy watermelon with a crisp menthol finish. 30ml prefilled, 5% nicotine, mesh coil, smart display, and Type\u2011C rechargeable 600mAh battery.\" \/>\n<meta property=\"og:url\" content=\"https:\/\/fumot.uk\/fr\/product\/al-fakher-hypermax-15000-puffs-lush-ice\/\" \/>\n<meta property=\"og:site_name\" content=\"Fumot Official Direct | Straight from the Factory, 100% Genuine\" \/>\n<meta property=\"article:modified_time\" content=\"2026-01-21T06:21:50+00:00\" \/>\n<meta property=\"og:image\" content=\"https:\/\/fumot.uk\/wp-content\/uploads\/2026\/01\/AL-FAKHER-Hypermax-15000-Puffs-Lush-Ice-Disposable-Vape.png\" \/>\n\t<meta property=\"og:image:width\" content=\"768\" \/>\n\t<meta property=\"og:image:height\" content=\"768\" \/>\n\t<meta property=\"og:image:type\" content=\"image\/png\" \/>\n<meta name=\"twitter:card\" content=\"summary_large_image\" \/>\n<meta name=\"twitter:label1\" content=\"Dur\u00e9e de lecture estim\u00e9e\" \/>\n\t<meta name=\"twitter:data1\" content=\"1 minute\" \/>\n<script type=\"application\/ld+json\" class=\"yoast-schema-graph\">{\"@context\":\"https:\/\/schema.org\",\"@graph\":[{\"@type\":\"WebPage\",\"@id\":\"https:\/\/fumot.uk\/product\/al-fakher-hypermax-15000-puffs-lush-ice\/\",\"url\":\"https:\/\/fumot.uk\/product\/al-fakher-hypermax-15000-puffs-lush-ice\/\",\"name\":\"AL FAKHER Hypermax 15000 Lush Ice | 30ml 5% Nic\",\"isPartOf\":{\"@id\":\"https:\/\/fumot.uk\/#website\"},\"primaryImageOfPage\":{\"@id\":\"https:\/\/fumot.uk\/product\/al-fakher-hypermax-15000-puffs-lush-ice\/#primaryimage\"},\"image\":{\"@id\":\"https:\/\/fumot.uk\/product\/al-fakher-hypermax-15000-puffs-lush-ice\/#primaryimage\"},\"thumbnailUrl\":\"https:\/\/fumot.uk\/wp-content\/uploads\/2026\/01\/AL-FAKHER-Hypermax-15000-Puffs-Lush-Ice-Disposable-Vape.png\",\"datePublished\":\"2026-01-21T04:11:17+00:00\",\"dateModified\":\"2026-01-21T06:21:50+00:00\",\"description\":\"Buy AL FAKHER Hypermax 15000 Puffs Lush Ice: sweet watermelon + cool menthol. 30ml prefilled, 5% nicotine, 600mAh Type\u2011C rechargeable, mesh coil, smart display.\",\"breadcrumb\":{\"@id\":\"https:\/\/fumot.uk\/product\/al-fakher-hypermax-15000-puffs-lush-ice\/#breadcrumb\"},\"inLanguage\":\"fr-FR\",\"potentialAction\":[{\"@type\":\"ReadAction\",\"target\":[\"https:\/\/fumot.uk\/product\/al-fakher-hypermax-15000-puffs-lush-ice\/\"]}]},{\"@type\":\"ImageObject\",\"inLanguage\":\"fr-FR\",\"@id\":\"https:\/\/fumot.uk\/product\/al-fakher-hypermax-15000-puffs-lush-ice\/#primaryimage\",\"url\":\"https:\/\/fumot.uk\/wp-content\/uploads\/2026\/01\/AL-FAKHER-Hypermax-15000-Puffs-Lush-Ice-Disposable-Vape.png\",\"contentUrl\":\"https:\/\/fumot.uk\/wp-content\/uploads\/2026\/01\/AL-FAKHER-Hypermax-15000-Puffs-Lush-Ice-Disposable-Vape.png\",\"width\":768,\"height\":768},{\"@type\":\"BreadcrumbList\",\"@id\":\"https:\/\/fumot.uk\/product\/al-fakher-hypermax-15000-puffs-lush-ice\/#breadcrumb\",\"itemListElement\":[{\"@type\":\"ListItem\",\"position\":1,\"name\":\"Home\",\"item\":\"https:\/\/fumot.uk\/\"},{\"@type\":\"ListItem\",\"position\":2,\"name\":\"Shop\",\"item\":\"https:\/\/fumot.uk\/shop\/\"},{\"@type\":\"ListItem\",\"position\":3,\"name\":\"AL FAKHER Hypermax 15000 Puffs Lush Ice Disposable Vape | 5% Nicotine, 30ml, Type\u2011C Rechargeable\"}]},{\"@type\":\"WebSite\",\"@id\":\"https:\/\/fumot.uk\/#website\",\"url\":\"https:\/\/fumot.uk\/\",\"name\":\"Fumot Official Direct | Straight from the Factory, 100% Genuine\",\"description\":\"Official Website\",\"publisher\":{\"@id\":\"https:\/\/fumot.uk\/#organization\"},\"potentialAction\":[{\"@type\":\"SearchAction\",\"target\":{\"@type\":\"EntryPoint\",\"urlTemplate\":\"https:\/\/fumot.uk\/?s={search_term_string}\"},\"query-input\":{\"@type\":\"PropertyValueSpecification\",\"valueRequired\":true,\"valueName\":\"search_term_string\"}}],\"inLanguage\":\"fr-FR\"},{\"@type\":\"Organization\",\"@id\":\"https:\/\/fumot.uk\/#organization\",\"name\":\"Fumot Official Direct | Straight from the Factory, 100% Genuine\",\"url\":\"https:\/\/fumot.uk\/\",\"logo\":{\"@type\":\"ImageObject\",\"inLanguage\":\"fr-FR\",\"@id\":\"https:\/\/fumot.uk\/#\/schema\/logo\/image\/\",\"url\":\"https:\/\/fumot.uk\/wp-content\/uploads\/2026\/01\/cropped-fumot-logo1.png\",\"contentUrl\":\"https:\/\/fumot.uk\/wp-content\/uploads\/2026\/01\/cropped-fumot-logo1.png\",\"width\":152,\"height\":106,\"caption\":\"Fumot Official Direct | Straight from the Factory, 100% Genuine\"},\"image\":{\"@id\":\"https:\/\/fumot.uk\/#\/schema\/logo\/image\/\"}}]}<\/script>\n<!-- \/ Yoast SEO plugin. -->","yoast_head_json":{"title":"AL FAKHER Hypermax 15000 Lush Ice | 30ml 5% Nic","description":"Achetez AL FAKHER Hypermax 15000 Puffs Lush Ice : past\u00e8que sucr\u00e9e + menthol frais. 30ml pr\u00e9rempli, 5% nicotine, 600mAh Type\u2011C rechargeable, bobine en mesh, affichage intelligent.","robots":{"index":"index","follow":"follow","max-snippet":"max-snippet:-1","max-image-preview":"max-image-preview:large","max-video-preview":"max-video-preview:-1"},"canonical":"https:\/\/fumot.uk\/fr\/product\/al-fakher-hypermax-15000-puffs-lush-ice\/","og_locale":"fr_FR","og_type":"article","og_title":"AL FAKHER Hypermax 15000 Puffs \u2013 Lush Ice","og_description":"Juicy watermelon with a crisp menthol finish. 30ml prefilled, 5% nicotine, mesh coil, smart display, and Type\u2011C rechargeable 600mAh battery.","og_url":"https:\/\/fumot.uk\/fr\/product\/al-fakher-hypermax-15000-puffs-lush-ice\/","og_site_name":"Fumot Official Direct | Straight from the Factory, 100% Genuine","article_modified_time":"2026-01-21T06:21:50+00:00","og_image":[{"width":768,"height":768,"url":"https:\/\/fumot.uk\/wp-content\/uploads\/2026\/01\/AL-FAKHER-Hypermax-15000-Puffs-Lush-Ice-Disposable-Vape.png","type":"image\/png"}],"twitter_card":"summary_large_image","twitter_misc":{"Dur\u00e9e de lecture estim\u00e9e":"1 minute"},"schema":{"@context":"https:\/\/schema.org","@graph":[{"@type":"WebPage","@id":"https:\/\/fumot.uk\/product\/al-fakher-hypermax-15000-puffs-lush-ice\/","url":"https:\/\/fumot.uk\/product\/al-fakher-hypermax-15000-puffs-lush-ice\/","name":"AL FAKHER Hypermax 15000 Lush Ice | 30ml 5% Nic","isPartOf":{"@id":"https:\/\/fumot.uk\/#website"},"primaryImageOfPage":{"@id":"https:\/\/fumot.uk\/product\/al-fakher-hypermax-15000-puffs-lush-ice\/#primaryimage"},"image":{"@id":"https:\/\/fumot.uk\/product\/al-fakher-hypermax-15000-puffs-lush-ice\/#primaryimage"},"thumbnailUrl":"https:\/\/fumot.uk\/wp-content\/uploads\/2026\/01\/AL-FAKHER-Hypermax-15000-Puffs-Lush-Ice-Disposable-Vape.png","datePublished":"2026-01-21T04:11:17+00:00","dateModified":"2026-01-21T06:21:50+00:00","description":"Achetez AL FAKHER Hypermax 15000 Puffs Lush Ice : past\u00e8que sucr\u00e9e + menthol frais. 30ml pr\u00e9rempli, 5% nicotine, 600mAh Type\u2011C rechargeable, bobine en mesh, affichage intelligent.","breadcrumb":{"@id":"https:\/\/fumot.uk\/product\/al-fakher-hypermax-15000-puffs-lush-ice\/#breadcrumb"},"inLanguage":"fr-FR","potentialAction":[{"@type":"ReadAction","target":["https:\/\/fumot.uk\/product\/al-fakher-hypermax-15000-puffs-lush-ice\/"]}]},{"@type":"ImageObject","inLanguage":"fr-FR","@id":"https:\/\/fumot.uk\/product\/al-fakher-hypermax-15000-puffs-lush-ice\/#primaryimage","url":"https:\/\/fumot.uk\/wp-content\/uploads\/2026\/01\/AL-FAKHER-Hypermax-15000-Puffs-Lush-Ice-Disposable-Vape.png","contentUrl":"https:\/\/fumot.uk\/wp-content\/uploads\/2026\/01\/AL-FAKHER-Hypermax-15000-Puffs-Lush-Ice-Disposable-Vape.png","width":768,"height":768},{"@type":"BreadcrumbList","@id":"https:\/\/fumot.uk\/product\/al-fakher-hypermax-15000-puffs-lush-ice\/#breadcrumb","itemListElement":[{"@type":"ListItem","position":1,"name":"Home","item":"https:\/\/fumot.uk\/"},{"@type":"ListItem","position":2,"name":"Shop","item":"https:\/\/fumot.uk\/shop\/"},{"@type":"ListItem","position":3,"name":"AL FAKHER Hypermax 15000 Puffs Lush Ice Disposable Vape | 5% Nicotine, 30ml, Type\u2011C Rechargeable"}]},{"@type":"WebSite","@id":"https:\/\/fumot.uk\/#website","url":"https:\/\/fumot.uk\/","name":"Fumot Official Direct | Directement de l'usine, 100% Authentique","description":"Site officiel","publisher":{"@id":"https:\/\/fumot.uk\/#organization"},"potentialAction":[{"@type":"SearchAction","target":{"@type":"EntryPoint","urlTemplate":"https:\/\/fumot.uk\/?s={search_term_string}"},"query-input":{"@type":"PropertyValueSpecification","valueRequired":true,"valueName":"search_term_string"}}],"inLanguage":"fr-FR"},{"@type":"Organization","@id":"https:\/\/fumot.uk\/#organization","name":"Fumot Official Direct | Directement de l'usine, 100% Authentique","url":"https:\/\/fumot.uk\/","logo":{"@type":"ImageObject","inLanguage":"fr-FR","@id":"https:\/\/fumot.uk\/#\/schema\/logo\/image\/","url":"https:\/\/fumot.uk\/wp-content\/uploads\/2026\/01\/cropped-fumot-logo1.png","contentUrl":"https:\/\/fumot.uk\/wp-content\/uploads\/2026\/01\/cropped-fumot-logo1.png","width":152,"height":106,"caption":"Fumot Official Direct | Straight from the Factory, 100% Genuine"},"image":{"@id":"https:\/\/fumot.uk\/#\/schema\/logo\/image\/"}}]}},"_links":{"self":[{"href":"https:\/\/fumot.uk\/fr\/wp-json\/wp\/v2\/product\/4541","targetHints":{"allow":["GET"]}}],"collection":[{"href":"https:\/\/fumot.uk\/fr\/wp-json\/wp\/v2\/product"}],"about":[{"href":"https:\/\/fumot.uk\/fr\/wp-json\/wp\/v2\/types\/product"}],"replies":[{"embeddable":true,"href":"https:\/\/fumot.uk\/fr\/wp-json\/wp\/v2\/comments?post=4541"}],"wp:featuredmedia":[{"embeddable":true,"href":"https:\/\/fumot.uk\/fr\/wp-json\/wp\/v2\/media\/4585"}],"wp:attachment":[{"href":"https:\/\/fumot.uk\/fr\/wp-json\/wp\/v2\/media?parent=4541"}],"wp:term":[{"taxonomy":"product_brand","embeddable":true,"href":"https:\/\/fumot.uk\/fr\/wp-json\/wp\/v2\/product_brand?post=4541"},{"taxonomy":"product_cat","embeddable":true,"href":"https:\/\/fumot.uk\/fr\/wp-json\/wp\/v2\/product_cat?post=4541"},{"taxonomy":"product_tag","embeddable":true,"href":"https:\/\/fumot.uk\/fr\/wp-json\/wp\/v2\/product_tag?post=4541"}],"curies":[{"name":"wp","href":"https:\/\/api.w.org\/{rel}","templated":true}]}}