{"id":4538,"date":"2026-01-21T04:11:17","date_gmt":"2026-01-21T04:11:17","guid":{"rendered":"https:\/\/fumot.uk\/?post_type=product&#038;p=4538"},"modified":"2026-01-21T06:24:10","modified_gmt":"2026-01-21T06:24:10","slug":"kiwi-passion-guava-jnr-ragegorilla-55000-puffs","status":"publish","type":"product","link":"https:\/\/fumot.uk\/fr\/product\/kiwi-passion-guava-jnr-ragegorilla-55000-puffs\/","title":{"rendered":"Kiwi Passion Guava JNR RageGorilla 55000 Puffs Vape Jetable (42ml, Double Mesh, Affichage Intelligent, 950mAh, Type\u2011C)"},"content":{"rendered":"<h2>Kiwi Passion Guava \u2013 JNR RageGorilla 55000 Puffs Vape Jetable<\/h2>\n<p>Apportez un trio tropical \u00e0 votre rotation quotidienne avec <strong>Kiwi Passion Guava<\/strong> dans le <strong>JNR RageGorilla 55000 Puffs<\/strong>. Chaque bouff\u00e9e s'ouvre sur un vert croquant <strong>kiwi<\/strong>, se transforme en la vivacit\u00e9 \u00e9clatante de <strong>fruit de la passion<\/strong>, puis se termine par une <strong>goyave<\/strong> finition lisse et juteuse. La saveur reste agr\u00e9ablement propre avec un \u00e9quilibre sucr\u00e9-acidul\u00e9\u2014id\u00e9al lorsque vous voulez quelque chose de fruit\u00e9 sans \u00eatre lourd.<\/p>\n<h3>Notes de saveur : Ce que Kiwi Passion Guava a comme go\u00fbt<\/h3>\n<ul>\n<li><strong>Kiwi \u00e0 l'inhalation :<\/strong> l\u00e9ger, frais et l\u00e9g\u00e8rement acidul\u00e9<\/li>\n<li><strong>Fruit de la passion au milieu :<\/strong> morsure tropicale vibrante qui \u00e9l\u00e8ve le m\u00e9lange<\/li>\n<li><strong>Goyave \u00e0 la fin :<\/strong> douceur douce qui persiste en douceur<\/li>\n<\/ul>\n<h3>Con\u00e7u pour une saveur constante : JNR RageGorilla 55000 Puffs<\/h3>\n<p>Le <a href=\"https:\/\/fumot.uk\/fr\/product-category\/jnr-ragegorilla-55000-puffs\/\"><strong>JNR RageGorilla 55000 Puffs<\/strong><\/a> est con\u00e7u pour de longues sessions et une sortie r\u00e9guli\u00e8re. Un <strong>Double Bobine Mesh<\/strong> soutient un chauffage uniforme pour un go\u00fbt plus plein, tandis que le <strong>Affichage Intelligent<\/strong> vous aide \u00e0 suivre l'utilisation d'un coup d'\u0153il. Le corps de style cristal garde le look audacieux et l'exp\u00e9rience simple.<\/p>\n<h3>Caract\u00e9ristiques cl\u00e9s<\/h3>\n<ul>\n<li><strong>Environ bouff\u00e9es :<\/strong> 55000<\/li>\n<li><strong>Capacit\u00e9 de e-liquide :<\/strong> 42ml<\/li>\n<li><strong>Options de nicotine :<\/strong> 2% \/ 5%<\/li>\n<li><strong>Batterie :<\/strong> 950mAh (rechargeable)<\/li>\n<li><strong>Chargement :<\/strong> Charge rapide Type\u2011C<\/li>\n<li><strong>R\u00e9sistance :<\/strong> Double Bobine Mesh<\/li>\n<li><strong>Affichage :<\/strong> Affichage Intelligent<\/li>\n<\/ul>\n<h3>Explorez plus de saveurs sur fumot.uk<\/h3>\n<p>Vous cherchez votre prochain fruit pr\u00e9f\u00e9r\u00e9 ? Parcourez la collection compl\u00e8te de <a href=\"https:\/\/fumot.uk\/fr\/product-category\/jnr-ragegorilla-55000-puffs\/\">RageGorilla 55000 Puffs<\/a> et d\u00e9couvrez plus d'options fra\u00eeches et fruit\u00e9es sur <a href=\"https:\/\/fumot.uk\/fr\/\">fumot.uk<\/a>.<\/p>","protected":false},"excerpt":{"rendered":"<p>Kiwi Passion Guava dans le JNR RageGorilla 55000 Puffs vape jetable : 42ml e-liquide, Double Mesh Coil, \u00c9cran Intelligent, batterie rechargeable 950mAh avec Type\u2011C. Nicotine : 2% ou 5%.<\/p>","protected":false},"featured_media":4582,"comment_status":"open","ping_status":"closed","template":"","meta":[],"product_brand":[],"product_cat":[235,236,17],"product_tag":[70,237,71,197,49,113,72,73,87,45,46,26,199,28],"class_list":{"0":"post-4538","1":"product","2":"type-product","3":"status-publish","4":"has-post-thumbnail","6":"product_cat-55000-puff","7":"product_cat-jnr-ragegorilla-55000-puffs","8":"product_cat-vape","9":"product_tag-2-nikotin","10":"product_tag-42ml","11":"product_tag-5-nikotin","12":"product_tag-950mah","13":"product_tag-bubblegum","14":"product_tag-crystal-vape","15":"product_tag-direct-to-lung","16":"product_tag-dual-mesh","17":"product_tag-guava","18":"product_tag-kiwi","19":"product_tag-passion-fruit","20":"product_tag-rechargeable","21":"product_tag-smart-display","22":"product_tag-type-c","24":"first","25":"instock","26":"sale","27":"shipping-taxable","28":"purchasable","29":"product-type-variable","30":"has-default-attributes"},"yoast_head":"<!-- This site is optimized with the Yoast SEO plugin v26.8 - https:\/\/yoast.com\/product\/yoast-seo-wordpress\/ -->\n<title>Kiwi Passion Guava | RageGorilla 55000 Puffs Vape<\/title>\n<meta name=\"description\" content=\"Kiwi Passion Guava JNR RageGorilla 55000 Puffs disposable vape: 42ml, Dual Mesh Coil, Smart Display, 950mAh Type\u2011C rechargeable. 2%\/5%.\" \/>\n<meta name=\"robots\" content=\"index, follow, max-snippet:-1, max-image-preview:large, max-video-preview:-1\" \/>\n<link rel=\"canonical\" href=\"https:\/\/fumot.uk\/fr\/product\/kiwi-passion-guava-jnr-ragegorilla-55000-puffs\/\" \/>\n<meta property=\"og:locale\" content=\"fr_FR\" \/>\n<meta property=\"og:type\" content=\"article\" \/>\n<meta property=\"og:title\" content=\"Kiwi Passion Guava \u2013 JNR RageGorilla 55000 Puffs\" \/>\n<meta property=\"og:description\" content=\"A bright tropical mix of kiwi, passion fruit and guava in a 42ml RageGorilla disposable with Dual Mesh Coil, Smart Display and Type\u2011C recharge.\" \/>\n<meta property=\"og:url\" content=\"https:\/\/fumot.uk\/fr\/product\/kiwi-passion-guava-jnr-ragegorilla-55000-puffs\/\" \/>\n<meta property=\"og:site_name\" content=\"Fumot Official Direct | Straight from the Factory, 100% Genuine\" \/>\n<meta property=\"article:modified_time\" content=\"2026-01-21T06:24:10+00:00\" \/>\n<meta property=\"og:image\" content=\"https:\/\/fumot.uk\/wp-content\/uploads\/2026\/01\/JNR-RageGorilla-55000-Puffs-Kiwi-Passion-Guava-disposable-e-cigarette.jpg\" \/>\n\t<meta property=\"og:image:width\" content=\"800\" \/>\n\t<meta property=\"og:image:height\" content=\"800\" \/>\n\t<meta property=\"og:image:type\" content=\"image\/jpeg\" \/>\n<meta name=\"twitter:card\" content=\"summary_large_image\" \/>\n<meta name=\"twitter:label1\" content=\"Dur\u00e9e de lecture estim\u00e9e\" \/>\n\t<meta name=\"twitter:data1\" content=\"1 minute\" \/>\n<script type=\"application\/ld+json\" class=\"yoast-schema-graph\">{\"@context\":\"https:\/\/schema.org\",\"@graph\":[{\"@type\":\"WebPage\",\"@id\":\"https:\/\/fumot.uk\/product\/kiwi-passion-guava-jnr-ragegorilla-55000-puffs\/\",\"url\":\"https:\/\/fumot.uk\/product\/kiwi-passion-guava-jnr-ragegorilla-55000-puffs\/\",\"name\":\"Kiwi Passion Guava | RageGorilla 55000 Puffs Vape\",\"isPartOf\":{\"@id\":\"https:\/\/fumot.uk\/#website\"},\"primaryImageOfPage\":{\"@id\":\"https:\/\/fumot.uk\/product\/kiwi-passion-guava-jnr-ragegorilla-55000-puffs\/#primaryimage\"},\"image\":{\"@id\":\"https:\/\/fumot.uk\/product\/kiwi-passion-guava-jnr-ragegorilla-55000-puffs\/#primaryimage\"},\"thumbnailUrl\":\"https:\/\/fumot.uk\/wp-content\/uploads\/2026\/01\/JNR-RageGorilla-55000-Puffs-Kiwi-Passion-Guava-disposable-e-cigarette.jpg\",\"datePublished\":\"2026-01-21T04:11:17+00:00\",\"dateModified\":\"2026-01-21T06:24:10+00:00\",\"description\":\"Kiwi Passion Guava JNR RageGorilla 55000 Puffs disposable vape: 42ml, Dual Mesh Coil, Smart Display, 950mAh Type\u2011C rechargeable. 2%\/5%.\",\"breadcrumb\":{\"@id\":\"https:\/\/fumot.uk\/product\/kiwi-passion-guava-jnr-ragegorilla-55000-puffs\/#breadcrumb\"},\"inLanguage\":\"fr-FR\",\"potentialAction\":[{\"@type\":\"ReadAction\",\"target\":[\"https:\/\/fumot.uk\/product\/kiwi-passion-guava-jnr-ragegorilla-55000-puffs\/\"]}]},{\"@type\":\"ImageObject\",\"inLanguage\":\"fr-FR\",\"@id\":\"https:\/\/fumot.uk\/product\/kiwi-passion-guava-jnr-ragegorilla-55000-puffs\/#primaryimage\",\"url\":\"https:\/\/fumot.uk\/wp-content\/uploads\/2026\/01\/JNR-RageGorilla-55000-Puffs-Kiwi-Passion-Guava-disposable-e-cigarette.jpg\",\"contentUrl\":\"https:\/\/fumot.uk\/wp-content\/uploads\/2026\/01\/JNR-RageGorilla-55000-Puffs-Kiwi-Passion-Guava-disposable-e-cigarette.jpg\",\"width\":800,\"height\":800},{\"@type\":\"BreadcrumbList\",\"@id\":\"https:\/\/fumot.uk\/product\/kiwi-passion-guava-jnr-ragegorilla-55000-puffs\/#breadcrumb\",\"itemListElement\":[{\"@type\":\"ListItem\",\"position\":1,\"name\":\"Home\",\"item\":\"https:\/\/fumot.uk\/\"},{\"@type\":\"ListItem\",\"position\":2,\"name\":\"Shop\",\"item\":\"https:\/\/fumot.uk\/shop\/\"},{\"@type\":\"ListItem\",\"position\":3,\"name\":\"Kiwi Passion Guava JNR RageGorilla 55000 Puffs Disposable Vape (42ml, Dual Mesh, Smart Display, 950mAh, Type\u2011C)\"}]},{\"@type\":\"WebSite\",\"@id\":\"https:\/\/fumot.uk\/#website\",\"url\":\"https:\/\/fumot.uk\/\",\"name\":\"Fumot Official Direct | Straight from the Factory, 100% Genuine\",\"description\":\"Official Website\",\"publisher\":{\"@id\":\"https:\/\/fumot.uk\/#organization\"},\"potentialAction\":[{\"@type\":\"SearchAction\",\"target\":{\"@type\":\"EntryPoint\",\"urlTemplate\":\"https:\/\/fumot.uk\/?s={search_term_string}\"},\"query-input\":{\"@type\":\"PropertyValueSpecification\",\"valueRequired\":true,\"valueName\":\"search_term_string\"}}],\"inLanguage\":\"fr-FR\"},{\"@type\":\"Organization\",\"@id\":\"https:\/\/fumot.uk\/#organization\",\"name\":\"Fumot Official Direct | Straight from the Factory, 100% Genuine\",\"url\":\"https:\/\/fumot.uk\/\",\"logo\":{\"@type\":\"ImageObject\",\"inLanguage\":\"fr-FR\",\"@id\":\"https:\/\/fumot.uk\/#\/schema\/logo\/image\/\",\"url\":\"https:\/\/fumot.uk\/wp-content\/uploads\/2026\/01\/cropped-fumot-logo1.png\",\"contentUrl\":\"https:\/\/fumot.uk\/wp-content\/uploads\/2026\/01\/cropped-fumot-logo1.png\",\"width\":152,\"height\":106,\"caption\":\"Fumot Official Direct | Straight from the Factory, 100% Genuine\"},\"image\":{\"@id\":\"https:\/\/fumot.uk\/#\/schema\/logo\/image\/\"}}]}<\/script>\n<!-- \/ Yoast SEO plugin. -->","yoast_head_json":{"title":"Kiwi Passion Guava | RageGorilla 55000 Puffs Vape","description":"Kiwi Passion Guava JNR RageGorilla 55000 Puffs vape jetable : 42ml, Double Bobine en Maille, Affichage Intelligent, rechargeable Type\u2011C 950mAh. 2%\/5%.","robots":{"index":"index","follow":"follow","max-snippet":"max-snippet:-1","max-image-preview":"max-image-preview:large","max-video-preview":"max-video-preview:-1"},"canonical":"https:\/\/fumot.uk\/fr\/product\/kiwi-passion-guava-jnr-ragegorilla-55000-puffs\/","og_locale":"fr_FR","og_type":"article","og_title":"Kiwi Passion Guava \u2013 JNR RageGorilla 55000 Puffs","og_description":"A bright tropical mix of kiwi, passion fruit and guava in a 42ml RageGorilla disposable with Dual Mesh Coil, Smart Display and Type\u2011C recharge.","og_url":"https:\/\/fumot.uk\/fr\/product\/kiwi-passion-guava-jnr-ragegorilla-55000-puffs\/","og_site_name":"Fumot Official Direct | Straight from the Factory, 100% Genuine","article_modified_time":"2026-01-21T06:24:10+00:00","og_image":[{"width":800,"height":800,"url":"https:\/\/fumot.uk\/wp-content\/uploads\/2026\/01\/JNR-RageGorilla-55000-Puffs-Kiwi-Passion-Guava-disposable-e-cigarette.jpg","type":"image\/jpeg"}],"twitter_card":"summary_large_image","twitter_misc":{"Dur\u00e9e de lecture estim\u00e9e":"1 minute"},"schema":{"@context":"https:\/\/schema.org","@graph":[{"@type":"WebPage","@id":"https:\/\/fumot.uk\/product\/kiwi-passion-guava-jnr-ragegorilla-55000-puffs\/","url":"https:\/\/fumot.uk\/product\/kiwi-passion-guava-jnr-ragegorilla-55000-puffs\/","name":"Kiwi Passion Guava | RageGorilla 55000 Puffs Vape","isPartOf":{"@id":"https:\/\/fumot.uk\/#website"},"primaryImageOfPage":{"@id":"https:\/\/fumot.uk\/product\/kiwi-passion-guava-jnr-ragegorilla-55000-puffs\/#primaryimage"},"image":{"@id":"https:\/\/fumot.uk\/product\/kiwi-passion-guava-jnr-ragegorilla-55000-puffs\/#primaryimage"},"thumbnailUrl":"https:\/\/fumot.uk\/wp-content\/uploads\/2026\/01\/JNR-RageGorilla-55000-Puffs-Kiwi-Passion-Guava-disposable-e-cigarette.jpg","datePublished":"2026-01-21T04:11:17+00:00","dateModified":"2026-01-21T06:24:10+00:00","description":"Kiwi Passion Guava JNR RageGorilla 55000 Puffs vape jetable : 42ml, Double Bobine en Maille, Affichage Intelligent, rechargeable Type\u2011C 950mAh. 2%\/5%.","breadcrumb":{"@id":"https:\/\/fumot.uk\/product\/kiwi-passion-guava-jnr-ragegorilla-55000-puffs\/#breadcrumb"},"inLanguage":"fr-FR","potentialAction":[{"@type":"ReadAction","target":["https:\/\/fumot.uk\/product\/kiwi-passion-guava-jnr-ragegorilla-55000-puffs\/"]}]},{"@type":"ImageObject","inLanguage":"fr-FR","@id":"https:\/\/fumot.uk\/product\/kiwi-passion-guava-jnr-ragegorilla-55000-puffs\/#primaryimage","url":"https:\/\/fumot.uk\/wp-content\/uploads\/2026\/01\/JNR-RageGorilla-55000-Puffs-Kiwi-Passion-Guava-disposable-e-cigarette.jpg","contentUrl":"https:\/\/fumot.uk\/wp-content\/uploads\/2026\/01\/JNR-RageGorilla-55000-Puffs-Kiwi-Passion-Guava-disposable-e-cigarette.jpg","width":800,"height":800},{"@type":"BreadcrumbList","@id":"https:\/\/fumot.uk\/product\/kiwi-passion-guava-jnr-ragegorilla-55000-puffs\/#breadcrumb","itemListElement":[{"@type":"ListItem","position":1,"name":"Home","item":"https:\/\/fumot.uk\/"},{"@type":"ListItem","position":2,"name":"Shop","item":"https:\/\/fumot.uk\/shop\/"},{"@type":"ListItem","position":3,"name":"Kiwi Passion Guava JNR RageGorilla 55000 Puffs Disposable Vape (42ml, Dual Mesh, Smart Display, 950mAh, Type\u2011C)"}]},{"@type":"WebSite","@id":"https:\/\/fumot.uk\/#website","url":"https:\/\/fumot.uk\/","name":"Fumot Official Direct | Directement de l'usine, 100% Authentique","description":"Site officiel","publisher":{"@id":"https:\/\/fumot.uk\/#organization"},"potentialAction":[{"@type":"SearchAction","target":{"@type":"EntryPoint","urlTemplate":"https:\/\/fumot.uk\/?s={search_term_string}"},"query-input":{"@type":"PropertyValueSpecification","valueRequired":true,"valueName":"search_term_string"}}],"inLanguage":"fr-FR"},{"@type":"Organization","@id":"https:\/\/fumot.uk\/#organization","name":"Fumot Official Direct | Directement de l'usine, 100% Authentique","url":"https:\/\/fumot.uk\/","logo":{"@type":"ImageObject","inLanguage":"fr-FR","@id":"https:\/\/fumot.uk\/#\/schema\/logo\/image\/","url":"https:\/\/fumot.uk\/wp-content\/uploads\/2026\/01\/cropped-fumot-logo1.png","contentUrl":"https:\/\/fumot.uk\/wp-content\/uploads\/2026\/01\/cropped-fumot-logo1.png","width":152,"height":106,"caption":"Fumot Official Direct | Straight from the Factory, 100% Genuine"},"image":{"@id":"https:\/\/fumot.uk\/#\/schema\/logo\/image\/"}}]}},"_links":{"self":[{"href":"https:\/\/fumot.uk\/fr\/wp-json\/wp\/v2\/product\/4538","targetHints":{"allow":["GET"]}}],"collection":[{"href":"https:\/\/fumot.uk\/fr\/wp-json\/wp\/v2\/product"}],"about":[{"href":"https:\/\/fumot.uk\/fr\/wp-json\/wp\/v2\/types\/product"}],"replies":[{"embeddable":true,"href":"https:\/\/fumot.uk\/fr\/wp-json\/wp\/v2\/comments?post=4538"}],"wp:featuredmedia":[{"embeddable":true,"href":"https:\/\/fumot.uk\/fr\/wp-json\/wp\/v2\/media\/4582"}],"wp:attachment":[{"href":"https:\/\/fumot.uk\/fr\/wp-json\/wp\/v2\/media?parent=4538"}],"wp:term":[{"taxonomy":"product_brand","embeddable":true,"href":"https:\/\/fumot.uk\/fr\/wp-json\/wp\/v2\/product_brand?post=4538"},{"taxonomy":"product_cat","embeddable":true,"href":"https:\/\/fumot.uk\/fr\/wp-json\/wp\/v2\/product_cat?post=4538"},{"taxonomy":"product_tag","embeddable":true,"href":"https:\/\/fumot.uk\/fr\/wp-json\/wp\/v2\/product_tag?post=4538"}],"curies":[{"name":"wp","href":"https:\/\/api.w.org\/{rel}","templated":true}]}}