{"id":4535,"date":"2026-01-21T04:11:16","date_gmt":"2026-01-21T04:11:16","guid":{"rendered":"https:\/\/fumot.uk\/?post_type=product&#038;p=4535"},"modified":"2026-01-21T06:24:38","modified_gmt":"2026-01-21T06:24:38","slug":"watermelon-bubblegum-jnr-ragegorilla-55000-puffs","status":"publish","type":"product","link":"https:\/\/fumot.uk\/fr\/product\/watermelon-bubblegum-jnr-ragegorilla-55000-puffs\/","title":{"rendered":"JNR RageGorilla 55000 Puffs Past\u00e8que Chewing-gum Vape Jetable | Double Mesh + \u00c9cran Intelligent"},"content":{"rendered":"<h2>Past\u00e8que Bubblegum \u2013 JNR RageGorilla 55000 Puffs<\/h2>\n<p>D\u00e9couvrez un m\u00e9lange ludique inspir\u00e9 de l'\u00e9t\u00e9 : <strong>Past\u00e8que Chewing-gum<\/strong> associe la douceur juteuse de la past\u00e8que \u00e0 une finition classique de bubblegum pour une vape fruit\u00e9e et sucr\u00e9e que vous pouvez appr\u00e9cier toute la journ\u00e9e. Con\u00e7u pour la commodit\u00e9 et la coh\u00e9rence, le <strong>JNR RageGorilla 55000 Puffs<\/strong> offre une saveur dense avec son <strong>Double Bobine Mesh<\/strong> et vous informe avec un <strong>Affichage Intelligent<\/strong>.<\/p>\n<h3>Profil de saveur : Doux, Juteux, Nostalgique<\/h3>\n<ul>\n<li><strong>Note de t\u00eate :<\/strong> fra\u00eecheur croquante de la past\u00e8que<\/li>\n<li><strong>Corps :<\/strong> douceur sucr\u00e9e et douce<\/li>\n<li><strong>Finition :<\/strong> ar\u00f4me de bubblegum qui persiste l\u00e9g\u00e8rement<\/li>\n<\/ul>\n<p>Si vous aimez les saveurs de bonbons fruit\u00e9s qui sont \u00e9clatantes mais pas agressives, Past\u00e8que Bubblegum est un favori facile.<\/p>\n<h3>Pourquoi vous allez adorer le RageGorilla 55000 Puffs<\/h3>\n<ul>\n<li><strong>Jusqu'\u00e0 55 000 bouff\u00e9es<\/strong> (l'utilisation varie)<\/li>\n<li><strong>Double Bobine Mesh<\/strong> pour une vapeur douce et dense et un go\u00fbt constant<\/li>\n<li><strong>Affichage Intelligent<\/strong> pour surveiller la batterie, le e-liquide et les informations de bouff\u00e9e en un coup d'\u0153il<\/li>\n<li><strong>Batterie rechargeable de 950 mAh<\/strong> avec <strong>Charge rapide Type-C<\/strong><\/li>\n<li><strong>Capacit\u00e9 de 42 ml de e-liquide<\/strong> pour des sessions prolong\u00e9es<\/li>\n<li><strong>Coque cristalline<\/strong> avec un style Gorilla audacieux pour un look remarquable<\/li>\n<\/ul>\n<h3>Options de nicotine<\/h3>\n<p>Disponible en <strong>2% ou 5% nicotine<\/strong>. Choisissez la force qui correspond \u00e0 votre pr\u00e9f\u00e9rence.<\/p>\n<h3>Caract\u00e9ristiques rapides<\/h3>\n<ul>\n<li><strong>Produit :<\/strong> Vape jetable JNR RageGorilla (rechargeable)<\/li>\n<li><strong>Bouff\u00e9es :<\/strong> Jusqu'\u00e0 55 000<\/li>\n<li><strong>Saveur :<\/strong> Past\u00e8que Chewing-gum<\/li>\n<li><strong>E-liquide :<\/strong> 42ml<\/li>\n<li><strong>Batterie :<\/strong> 950mAh<\/li>\n<li><strong>R\u00e9sistance :<\/strong> Double Bobine Mesh<\/li>\n<li><strong>Chargement :<\/strong> USB Type-C<\/li>\n<li><strong>Affichage :<\/strong> Affichage Intelligent<\/li>\n<\/ul>\n<p>Explorez plus d'options de saveurs et la gamme compl\u00e8te RageGorilla sur <a href=\"https:\/\/fumot.uk\/fr\/\" target=\"_blank\" rel=\"noopener\">fumot.uk<\/a>.<\/p>\n<p><small>Remarque : Le nombre de bouff\u00e9es est une estimation et peut varier selon le style de vapotage individuel.<\/small><\/p>","protected":false},"excerpt":{"rendered":"<p>Past\u00e8que juteuse rencontre chewing-gum sucr\u00e9 dans le JNR RageGorilla 55000 Puffs. Double r\u00e9sistance en maille, \u00e9cran intelligent, 42ml d'e-liquide, 950mAh Type\u2011C rechargeable.<\/p>","protected":false},"featured_media":4579,"comment_status":"open","ping_status":"closed","template":"","meta":[],"product_brand":[],"product_cat":[235,236,17],"product_tag":[70,237,71,197,49,113,72,73,26,199,28,32],"class_list":{"0":"post-4535","1":"product","2":"type-product","3":"status-publish","4":"has-post-thumbnail","6":"product_cat-55000-puff","7":"product_cat-jnr-ragegorilla-55000-puffs","8":"product_cat-vape","9":"product_tag-2-nikotin","10":"product_tag-42ml","11":"product_tag-5-nikotin","12":"product_tag-950mah","13":"product_tag-bubblegum","14":"product_tag-crystal-vape","15":"product_tag-direct-to-lung","16":"product_tag-dual-mesh","17":"product_tag-rechargeable","18":"product_tag-smart-display","19":"product_tag-type-c","20":"product_tag-watermelon","22":"first","23":"instock","24":"sale","25":"shipping-taxable","26":"purchasable","27":"product-type-variable","28":"has-default-attributes"},"yoast_head":"<!-- This site is optimized with the Yoast SEO plugin v26.8 - https:\/\/yoast.com\/product\/yoast-seo-wordpress\/ -->\n<title>Watermelon Bubblegum JNR RageGorilla 55000 Puffs Vape<\/title>\n<meta name=\"description\" content=\"Shop JNR RageGorilla 55000 Puffs Watermelon Bubblegum: Dual Mesh Coil, Smart Display, 42ml e-liquid, 950mAh Type\u2011C rechargeable. 2%\/5% nic.\" \/>\n<meta name=\"robots\" content=\"index, follow, max-snippet:-1, max-image-preview:large, max-video-preview:-1\" \/>\n<link rel=\"canonical\" href=\"https:\/\/fumot.uk\/fr\/product\/watermelon-bubblegum-jnr-ragegorilla-55000-puffs\/\" \/>\n<meta property=\"og:locale\" content=\"fr_FR\" \/>\n<meta property=\"og:type\" content=\"article\" \/>\n<meta property=\"og:title\" content=\"Watermelon Bubblegum | JNR RageGorilla 55000 Puffs\" \/>\n<meta property=\"og:description\" content=\"A juicy watermelon + bubblegum blend with smooth vapour from Dual Mesh Coil. Smart Display, 42ml e-liquid, 950mAh Type\u2011C rechargeable. 2%\/5%.\" \/>\n<meta property=\"og:url\" content=\"https:\/\/fumot.uk\/fr\/product\/watermelon-bubblegum-jnr-ragegorilla-55000-puffs\/\" \/>\n<meta property=\"og:site_name\" content=\"Fumot Official Direct | Straight from the Factory, 100% Genuine\" \/>\n<meta property=\"article:modified_time\" content=\"2026-01-21T06:24:38+00:00\" \/>\n<meta property=\"og:image\" content=\"https:\/\/fumot.uk\/wp-content\/uploads\/2026\/01\/JNR-RageGorilla-55000-Puffs-Watermelon-Bubblegum-disposable-e-cigarette.jpg\" \/>\n\t<meta property=\"og:image:width\" content=\"800\" \/>\n\t<meta property=\"og:image:height\" content=\"800\" \/>\n\t<meta property=\"og:image:type\" content=\"image\/jpeg\" \/>\n<meta name=\"twitter:card\" content=\"summary_large_image\" \/>\n<meta name=\"twitter:label1\" content=\"Dur\u00e9e de lecture estim\u00e9e\" \/>\n\t<meta name=\"twitter:data1\" content=\"1 minute\" \/>\n<script type=\"application\/ld+json\" class=\"yoast-schema-graph\">{\"@context\":\"https:\/\/schema.org\",\"@graph\":[{\"@type\":\"WebPage\",\"@id\":\"https:\/\/fumot.uk\/product\/watermelon-bubblegum-jnr-ragegorilla-55000-puffs\/\",\"url\":\"https:\/\/fumot.uk\/product\/watermelon-bubblegum-jnr-ragegorilla-55000-puffs\/\",\"name\":\"Watermelon Bubblegum JNR RageGorilla 55000 Puffs Vape\",\"isPartOf\":{\"@id\":\"https:\/\/fumot.uk\/#website\"},\"primaryImageOfPage\":{\"@id\":\"https:\/\/fumot.uk\/product\/watermelon-bubblegum-jnr-ragegorilla-55000-puffs\/#primaryimage\"},\"image\":{\"@id\":\"https:\/\/fumot.uk\/product\/watermelon-bubblegum-jnr-ragegorilla-55000-puffs\/#primaryimage\"},\"thumbnailUrl\":\"https:\/\/fumot.uk\/wp-content\/uploads\/2026\/01\/JNR-RageGorilla-55000-Puffs-Watermelon-Bubblegum-disposable-e-cigarette.jpg\",\"datePublished\":\"2026-01-21T04:11:16+00:00\",\"dateModified\":\"2026-01-21T06:24:38+00:00\",\"description\":\"Shop JNR RageGorilla 55000 Puffs Watermelon Bubblegum: Dual Mesh Coil, Smart Display, 42ml e-liquid, 950mAh Type\u2011C rechargeable. 2%\/5% nic.\",\"breadcrumb\":{\"@id\":\"https:\/\/fumot.uk\/product\/watermelon-bubblegum-jnr-ragegorilla-55000-puffs\/#breadcrumb\"},\"inLanguage\":\"fr-FR\",\"potentialAction\":[{\"@type\":\"ReadAction\",\"target\":[\"https:\/\/fumot.uk\/product\/watermelon-bubblegum-jnr-ragegorilla-55000-puffs\/\"]}]},{\"@type\":\"ImageObject\",\"inLanguage\":\"fr-FR\",\"@id\":\"https:\/\/fumot.uk\/product\/watermelon-bubblegum-jnr-ragegorilla-55000-puffs\/#primaryimage\",\"url\":\"https:\/\/fumot.uk\/wp-content\/uploads\/2026\/01\/JNR-RageGorilla-55000-Puffs-Watermelon-Bubblegum-disposable-e-cigarette.jpg\",\"contentUrl\":\"https:\/\/fumot.uk\/wp-content\/uploads\/2026\/01\/JNR-RageGorilla-55000-Puffs-Watermelon-Bubblegum-disposable-e-cigarette.jpg\",\"width\":800,\"height\":800},{\"@type\":\"BreadcrumbList\",\"@id\":\"https:\/\/fumot.uk\/product\/watermelon-bubblegum-jnr-ragegorilla-55000-puffs\/#breadcrumb\",\"itemListElement\":[{\"@type\":\"ListItem\",\"position\":1,\"name\":\"Home\",\"item\":\"https:\/\/fumot.uk\/\"},{\"@type\":\"ListItem\",\"position\":2,\"name\":\"Shop\",\"item\":\"https:\/\/fumot.uk\/shop\/\"},{\"@type\":\"ListItem\",\"position\":3,\"name\":\"JNR RageGorilla 55000 Puffs Watermelon Bubblegum Disposable Vape | Dual Mesh + Smart Display\"}]},{\"@type\":\"WebSite\",\"@id\":\"https:\/\/fumot.uk\/#website\",\"url\":\"https:\/\/fumot.uk\/\",\"name\":\"Fumot Official Direct | Straight from the Factory, 100% Genuine\",\"description\":\"Official Website\",\"publisher\":{\"@id\":\"https:\/\/fumot.uk\/#organization\"},\"potentialAction\":[{\"@type\":\"SearchAction\",\"target\":{\"@type\":\"EntryPoint\",\"urlTemplate\":\"https:\/\/fumot.uk\/?s={search_term_string}\"},\"query-input\":{\"@type\":\"PropertyValueSpecification\",\"valueRequired\":true,\"valueName\":\"search_term_string\"}}],\"inLanguage\":\"fr-FR\"},{\"@type\":\"Organization\",\"@id\":\"https:\/\/fumot.uk\/#organization\",\"name\":\"Fumot Official Direct | Straight from the Factory, 100% Genuine\",\"url\":\"https:\/\/fumot.uk\/\",\"logo\":{\"@type\":\"ImageObject\",\"inLanguage\":\"fr-FR\",\"@id\":\"https:\/\/fumot.uk\/#\/schema\/logo\/image\/\",\"url\":\"https:\/\/fumot.uk\/wp-content\/uploads\/2026\/01\/cropped-fumot-logo1.png\",\"contentUrl\":\"https:\/\/fumot.uk\/wp-content\/uploads\/2026\/01\/cropped-fumot-logo1.png\",\"width\":152,\"height\":106,\"caption\":\"Fumot Official Direct | Straight from the Factory, 100% Genuine\"},\"image\":{\"@id\":\"https:\/\/fumot.uk\/#\/schema\/logo\/image\/\"}}]}<\/script>\n<!-- \/ Yoast SEO plugin. -->","yoast_head_json":{"title":"Vape Past\u00e8que Chewing-gum JNR RageGorilla 55000 Puffs","description":"Achetez JNR RageGorilla 55000 Puffs Past\u00e8que Chewing-gum : Double R\u00e9sistance en Maille, Affichage Intelligent, 42ml e-liquide, 950mAh Type\u2011C rechargeable. 2%\/5% nic.","robots":{"index":"index","follow":"follow","max-snippet":"max-snippet:-1","max-image-preview":"max-image-preview:large","max-video-preview":"max-video-preview:-1"},"canonical":"https:\/\/fumot.uk\/fr\/product\/watermelon-bubblegum-jnr-ragegorilla-55000-puffs\/","og_locale":"fr_FR","og_type":"article","og_title":"Watermelon Bubblegum | JNR RageGorilla 55000 Puffs","og_description":"A juicy watermelon + bubblegum blend with smooth vapour from Dual Mesh Coil. Smart Display, 42ml e-liquid, 950mAh Type\u2011C rechargeable. 2%\/5%.","og_url":"https:\/\/fumot.uk\/fr\/product\/watermelon-bubblegum-jnr-ragegorilla-55000-puffs\/","og_site_name":"Fumot Official Direct | Straight from the Factory, 100% Genuine","article_modified_time":"2026-01-21T06:24:38+00:00","og_image":[{"width":800,"height":800,"url":"https:\/\/fumot.uk\/wp-content\/uploads\/2026\/01\/JNR-RageGorilla-55000-Puffs-Watermelon-Bubblegum-disposable-e-cigarette.jpg","type":"image\/jpeg"}],"twitter_card":"summary_large_image","twitter_misc":{"Dur\u00e9e de lecture estim\u00e9e":"1 minute"},"schema":{"@context":"https:\/\/schema.org","@graph":[{"@type":"WebPage","@id":"https:\/\/fumot.uk\/product\/watermelon-bubblegum-jnr-ragegorilla-55000-puffs\/","url":"https:\/\/fumot.uk\/product\/watermelon-bubblegum-jnr-ragegorilla-55000-puffs\/","name":"Vape Past\u00e8que Chewing-gum JNR RageGorilla 55000 Puffs","isPartOf":{"@id":"https:\/\/fumot.uk\/#website"},"primaryImageOfPage":{"@id":"https:\/\/fumot.uk\/product\/watermelon-bubblegum-jnr-ragegorilla-55000-puffs\/#primaryimage"},"image":{"@id":"https:\/\/fumot.uk\/product\/watermelon-bubblegum-jnr-ragegorilla-55000-puffs\/#primaryimage"},"thumbnailUrl":"https:\/\/fumot.uk\/wp-content\/uploads\/2026\/01\/JNR-RageGorilla-55000-Puffs-Watermelon-Bubblegum-disposable-e-cigarette.jpg","datePublished":"2026-01-21T04:11:16+00:00","dateModified":"2026-01-21T06:24:38+00:00","description":"Achetez JNR RageGorilla 55000 Puffs Past\u00e8que Chewing-gum : Double R\u00e9sistance en Maille, Affichage Intelligent, 42ml e-liquide, 950mAh Type\u2011C rechargeable. 2%\/5% nic.","breadcrumb":{"@id":"https:\/\/fumot.uk\/product\/watermelon-bubblegum-jnr-ragegorilla-55000-puffs\/#breadcrumb"},"inLanguage":"fr-FR","potentialAction":[{"@type":"ReadAction","target":["https:\/\/fumot.uk\/product\/watermelon-bubblegum-jnr-ragegorilla-55000-puffs\/"]}]},{"@type":"ImageObject","inLanguage":"fr-FR","@id":"https:\/\/fumot.uk\/product\/watermelon-bubblegum-jnr-ragegorilla-55000-puffs\/#primaryimage","url":"https:\/\/fumot.uk\/wp-content\/uploads\/2026\/01\/JNR-RageGorilla-55000-Puffs-Watermelon-Bubblegum-disposable-e-cigarette.jpg","contentUrl":"https:\/\/fumot.uk\/wp-content\/uploads\/2026\/01\/JNR-RageGorilla-55000-Puffs-Watermelon-Bubblegum-disposable-e-cigarette.jpg","width":800,"height":800},{"@type":"BreadcrumbList","@id":"https:\/\/fumot.uk\/product\/watermelon-bubblegum-jnr-ragegorilla-55000-puffs\/#breadcrumb","itemListElement":[{"@type":"ListItem","position":1,"name":"Home","item":"https:\/\/fumot.uk\/"},{"@type":"ListItem","position":2,"name":"Shop","item":"https:\/\/fumot.uk\/shop\/"},{"@type":"ListItem","position":3,"name":"JNR RageGorilla 55000 Puffs Watermelon Bubblegum Disposable Vape | Dual Mesh + Smart Display"}]},{"@type":"WebSite","@id":"https:\/\/fumot.uk\/#website","url":"https:\/\/fumot.uk\/","name":"Fumot Official Direct | Directement de l'usine, 100% Authentique","description":"Site officiel","publisher":{"@id":"https:\/\/fumot.uk\/#organization"},"potentialAction":[{"@type":"SearchAction","target":{"@type":"EntryPoint","urlTemplate":"https:\/\/fumot.uk\/?s={search_term_string}"},"query-input":{"@type":"PropertyValueSpecification","valueRequired":true,"valueName":"search_term_string"}}],"inLanguage":"fr-FR"},{"@type":"Organization","@id":"https:\/\/fumot.uk\/#organization","name":"Fumot Official Direct | Directement de l'usine, 100% Authentique","url":"https:\/\/fumot.uk\/","logo":{"@type":"ImageObject","inLanguage":"fr-FR","@id":"https:\/\/fumot.uk\/#\/schema\/logo\/image\/","url":"https:\/\/fumot.uk\/wp-content\/uploads\/2026\/01\/cropped-fumot-logo1.png","contentUrl":"https:\/\/fumot.uk\/wp-content\/uploads\/2026\/01\/cropped-fumot-logo1.png","width":152,"height":106,"caption":"Fumot Official Direct | Straight from the Factory, 100% Genuine"},"image":{"@id":"https:\/\/fumot.uk\/#\/schema\/logo\/image\/"}}]}},"_links":{"self":[{"href":"https:\/\/fumot.uk\/fr\/wp-json\/wp\/v2\/product\/4535","targetHints":{"allow":["GET"]}}],"collection":[{"href":"https:\/\/fumot.uk\/fr\/wp-json\/wp\/v2\/product"}],"about":[{"href":"https:\/\/fumot.uk\/fr\/wp-json\/wp\/v2\/types\/product"}],"replies":[{"embeddable":true,"href":"https:\/\/fumot.uk\/fr\/wp-json\/wp\/v2\/comments?post=4535"}],"wp:featuredmedia":[{"embeddable":true,"href":"https:\/\/fumot.uk\/fr\/wp-json\/wp\/v2\/media\/4579"}],"wp:attachment":[{"href":"https:\/\/fumot.uk\/fr\/wp-json\/wp\/v2\/media?parent=4535"}],"wp:term":[{"taxonomy":"product_brand","embeddable":true,"href":"https:\/\/fumot.uk\/fr\/wp-json\/wp\/v2\/product_brand?post=4535"},{"taxonomy":"product_cat","embeddable":true,"href":"https:\/\/fumot.uk\/fr\/wp-json\/wp\/v2\/product_cat?post=4535"},{"taxonomy":"product_tag","embeddable":true,"href":"https:\/\/fumot.uk\/fr\/wp-json\/wp\/v2\/product_tag?post=4535"}],"curies":[{"name":"wp","href":"https:\/\/api.w.org\/{rel}","templated":true}]}}