{"id":4534,"date":"2026-01-21T04:11:16","date_gmt":"2026-01-21T04:11:16","guid":{"rendered":"https:\/\/fumot.uk\/?post_type=product&#038;p=4534"},"modified":"2026-01-21T06:25:48","modified_gmt":"2026-01-21T06:25:48","slug":"peach-mango-watermelon-jnr-ragegorilla-55000-puffs","status":"publish","type":"product","link":"https:\/\/fumot.uk\/fr\/product\/peach-mango-watermelon-jnr-ragegorilla-55000-puffs\/","title":{"rendered":"JNR RageGorilla 55000 Puffs P\u00eache Mangue Past\u00e8que \u2013 Double Mesh, Affichage Intelligent, Rechargeable Type\u2011C"},"content":{"rendered":"<h2>P\u00eache Mangue Past\u00e8que \u2013 JNR RageGorilla 55000 Puffs<\/h2>\n<p>Apportez une touche ensoleill\u00e9e et fruit\u00e9e \u00e0 votre journ\u00e9e avec le <strong>JNR RageGorilla 55000 Puffs<\/strong> in <strong>Mangue P\u00eache Past\u00e8que<\/strong>. Cette saveur m\u00e9lange <strong>une douceur de p\u00eache douce<\/strong>, <strong>profondeur de mangue m\u00fbre<\/strong>, et une <strong>finition de past\u00e8que propre<\/strong> pour une vape douce et rafra\u00eechissante qui reste vive du premier tirage au dernier.<\/p>\n<h3>Profil de saveur<\/h3>\n<ul>\n<li><strong>P\u00eache :<\/strong> douceur moelleuse et juteuse<\/li>\n<li><strong>Mangue :<\/strong> corps tropical audacieux<\/li>\n<li><strong>Past\u00e8que :<\/strong> \u00e9l\u00e9vation fra\u00eeche et rafra\u00eechissante qui le garde l\u00e9ger<\/li>\n<\/ul>\n<p>Le r\u00e9sultat est un m\u00e9lange de fruits \u00e9quilibr\u00e9 et convivial au quotidien\u2014sucr\u00e9 sans \u00eatre lourd, lumineux sans \u00eatre vif.<\/p>\n<h3>Con\u00e7u pour une Performance Consistante et Douce<\/h3>\n<p>RageGorilla <strong>Double Bobine Mesh<\/strong> avec un <strong>syst\u00e8me de chauffage \u00e0 double c\u0153ur<\/strong> est con\u00e7u pour offrir une vapeur stable et une d\u00e9finition de saveur propre. Le tirage est agr\u00e9ablement doux, ce qui en fait une excellente option pour les amateurs de fruits qui souhaitent un go\u00fbt en couches avec une inhalation facile.<\/p>\n<h3>Caract\u00e9ristiques cl\u00e9s<\/h3>\n<ul>\n<li><strong>Environ Bouff\u00e9es :<\/strong> 55,000<\/li>\n<li><strong>Capacit\u00e9 de E\u2011Liquide :<\/strong> 42ml<\/li>\n<li><strong>Teneur en Nicotine :<\/strong> 2% ou 5% (s\u00e9lectionnez votre option)<\/li>\n<li><strong>Batterie :<\/strong> 950mAh (rechargeable)<\/li>\n<li><strong>Chargement :<\/strong> Charge rapide Type\u2011C<\/li>\n<li><strong>R\u00e9sistance :<\/strong> Double Bobine Mesh<\/li>\n<li><strong>Affichage :<\/strong> Affichage Intelligent<\/li>\n<\/ul>\n<h3>Pourquoi P\u00eache Mangue Past\u00e8que Fonctionne Si Bien<\/h3>\n<p>Ce trio est tout au sujet du contraste et de l'harmonie : la p\u00eache ajoute de la douceur, la mangue apporte de la richesse et la past\u00e8que garde la finition propre et rafra\u00eechissante\u2014id\u00e9al lorsque vous voulez une vape fruit\u00e9e qui reste l\u00e9g\u00e8re et croquante.<\/p>\n<p><strong>Parcourez plus de saveurs et les derni\u00e8res nouveaut\u00e9s sur<\/strong> <a href=\"https:\/\/fumot.uk\/fr\/\">fumot.uk<\/a>.<\/p>","protected":false},"excerpt":{"rendered":"<p>P\u00eache juteuse Mangue Past\u00e8que dans le JNR RageGorilla 55000 Puffs\u2014Double bobine en maille, \u00e9cran intelligent, 42ml e\u2011liquide, rechargeable Type\u2011C 950mAh. Nicotine : 2% ou 5%.<\/p>","protected":false},"featured_media":4578,"comment_status":"open","ping_status":"closed","template":"","meta":[],"product_brand":[],"product_cat":[235,236,17],"product_tag":[70,237,71,197,113,72,73,42,30,26,199,28,32],"class_list":{"0":"post-4534","1":"product","2":"type-product","3":"status-publish","4":"has-post-thumbnail","6":"product_cat-55000-puff","7":"product_cat-jnr-ragegorilla-55000-puffs","8":"product_cat-vape","9":"product_tag-2-nikotin","10":"product_tag-42ml","11":"product_tag-5-nikotin","12":"product_tag-950mah","13":"product_tag-crystal-vape","14":"product_tag-direct-to-lung","15":"product_tag-dual-mesh","16":"product_tag-mango","17":"product_tag-peach","18":"product_tag-rechargeable","19":"product_tag-smart-display","20":"product_tag-type-c","21":"product_tag-watermelon","23":"first","24":"instock","25":"sale","26":"shipping-taxable","27":"purchasable","28":"product-type-variable","29":"has-default-attributes"},"yoast_head":"<!-- This site is optimized with the Yoast SEO plugin v26.8 - https:\/\/yoast.com\/product\/yoast-seo-wordpress\/ -->\n<title>JNR RageGorilla 55000 Peach Mango Watermelon<\/title>\n<meta name=\"description\" content=\"Peach Mango Watermelon JNR RageGorilla 55000 Puffs: Dual Mesh Coil, Smart Display, 42ml, 950mAh Type\u2011C rechargeable. 2% or 5% nicotine.\" \/>\n<meta name=\"robots\" content=\"index, follow, max-snippet:-1, max-image-preview:large, max-video-preview:-1\" \/>\n<link rel=\"canonical\" href=\"https:\/\/fumot.uk\/fr\/product\/peach-mango-watermelon-jnr-ragegorilla-55000-puffs\/\" \/>\n<meta property=\"og:locale\" content=\"fr_FR\" \/>\n<meta property=\"og:type\" content=\"article\" \/>\n<meta property=\"og:title\" content=\"Peach Mango Watermelon \u2013 JNR RageGorilla 55000 Puffs\" \/>\n<meta property=\"og:description\" content=\"A smooth, refreshing fruit blend of peach, mango and watermelon. Dual Mesh Coil, Smart Display, 42ml, 950mAh Type\u2011C rechargeable. 2%\/5% nicotine.\" \/>\n<meta property=\"og:url\" content=\"https:\/\/fumot.uk\/fr\/product\/peach-mango-watermelon-jnr-ragegorilla-55000-puffs\/\" \/>\n<meta property=\"og:site_name\" content=\"Fumot Official Direct | Straight from the Factory, 100% Genuine\" \/>\n<meta property=\"article:modified_time\" content=\"2026-01-21T06:25:48+00:00\" \/>\n<meta property=\"og:image\" content=\"https:\/\/fumot.uk\/wp-content\/uploads\/2026\/01\/JNR-RageGorilla-55000-Puffs-Peach-Mango-Watermelon-disposable-e-cigarette.jpg\" \/>\n\t<meta property=\"og:image:width\" content=\"800\" \/>\n\t<meta property=\"og:image:height\" content=\"800\" \/>\n\t<meta property=\"og:image:type\" content=\"image\/jpeg\" \/>\n<meta name=\"twitter:card\" content=\"summary_large_image\" \/>\n<meta name=\"twitter:label1\" content=\"Dur\u00e9e de lecture estim\u00e9e\" \/>\n\t<meta name=\"twitter:data1\" content=\"1 minute\" \/>\n<script type=\"application\/ld+json\" class=\"yoast-schema-graph\">{\"@context\":\"https:\/\/schema.org\",\"@graph\":[{\"@type\":\"WebPage\",\"@id\":\"https:\/\/fumot.uk\/product\/peach-mango-watermelon-jnr-ragegorilla-55000-puffs\/\",\"url\":\"https:\/\/fumot.uk\/product\/peach-mango-watermelon-jnr-ragegorilla-55000-puffs\/\",\"name\":\"JNR RageGorilla 55000 Peach Mango Watermelon\",\"isPartOf\":{\"@id\":\"https:\/\/fumot.uk\/#website\"},\"primaryImageOfPage\":{\"@id\":\"https:\/\/fumot.uk\/product\/peach-mango-watermelon-jnr-ragegorilla-55000-puffs\/#primaryimage\"},\"image\":{\"@id\":\"https:\/\/fumot.uk\/product\/peach-mango-watermelon-jnr-ragegorilla-55000-puffs\/#primaryimage\"},\"thumbnailUrl\":\"https:\/\/fumot.uk\/wp-content\/uploads\/2026\/01\/JNR-RageGorilla-55000-Puffs-Peach-Mango-Watermelon-disposable-e-cigarette.jpg\",\"datePublished\":\"2026-01-21T04:11:16+00:00\",\"dateModified\":\"2026-01-21T06:25:48+00:00\",\"description\":\"Peach Mango Watermelon JNR RageGorilla 55000 Puffs: Dual Mesh Coil, Smart Display, 42ml, 950mAh Type\u2011C rechargeable. 2% or 5% nicotine.\",\"breadcrumb\":{\"@id\":\"https:\/\/fumot.uk\/product\/peach-mango-watermelon-jnr-ragegorilla-55000-puffs\/#breadcrumb\"},\"inLanguage\":\"fr-FR\",\"potentialAction\":[{\"@type\":\"ReadAction\",\"target\":[\"https:\/\/fumot.uk\/product\/peach-mango-watermelon-jnr-ragegorilla-55000-puffs\/\"]}]},{\"@type\":\"ImageObject\",\"inLanguage\":\"fr-FR\",\"@id\":\"https:\/\/fumot.uk\/product\/peach-mango-watermelon-jnr-ragegorilla-55000-puffs\/#primaryimage\",\"url\":\"https:\/\/fumot.uk\/wp-content\/uploads\/2026\/01\/JNR-RageGorilla-55000-Puffs-Peach-Mango-Watermelon-disposable-e-cigarette.jpg\",\"contentUrl\":\"https:\/\/fumot.uk\/wp-content\/uploads\/2026\/01\/JNR-RageGorilla-55000-Puffs-Peach-Mango-Watermelon-disposable-e-cigarette.jpg\",\"width\":800,\"height\":800},{\"@type\":\"BreadcrumbList\",\"@id\":\"https:\/\/fumot.uk\/product\/peach-mango-watermelon-jnr-ragegorilla-55000-puffs\/#breadcrumb\",\"itemListElement\":[{\"@type\":\"ListItem\",\"position\":1,\"name\":\"Home\",\"item\":\"https:\/\/fumot.uk\/\"},{\"@type\":\"ListItem\",\"position\":2,\"name\":\"Shop\",\"item\":\"https:\/\/fumot.uk\/shop\/\"},{\"@type\":\"ListItem\",\"position\":3,\"name\":\"JNR RageGorilla 55000 Puffs Peach Mango Watermelon \u2013 Dual Mesh, Smart Display, Type\u2011C Rechargeable\"}]},{\"@type\":\"WebSite\",\"@id\":\"https:\/\/fumot.uk\/#website\",\"url\":\"https:\/\/fumot.uk\/\",\"name\":\"Fumot Official Direct | Straight from the Factory, 100% Genuine\",\"description\":\"Official Website\",\"publisher\":{\"@id\":\"https:\/\/fumot.uk\/#organization\"},\"potentialAction\":[{\"@type\":\"SearchAction\",\"target\":{\"@type\":\"EntryPoint\",\"urlTemplate\":\"https:\/\/fumot.uk\/?s={search_term_string}\"},\"query-input\":{\"@type\":\"PropertyValueSpecification\",\"valueRequired\":true,\"valueName\":\"search_term_string\"}}],\"inLanguage\":\"fr-FR\"},{\"@type\":\"Organization\",\"@id\":\"https:\/\/fumot.uk\/#organization\",\"name\":\"Fumot Official Direct | Straight from the Factory, 100% Genuine\",\"url\":\"https:\/\/fumot.uk\/\",\"logo\":{\"@type\":\"ImageObject\",\"inLanguage\":\"fr-FR\",\"@id\":\"https:\/\/fumot.uk\/#\/schema\/logo\/image\/\",\"url\":\"https:\/\/fumot.uk\/wp-content\/uploads\/2026\/01\/cropped-fumot-logo1.png\",\"contentUrl\":\"https:\/\/fumot.uk\/wp-content\/uploads\/2026\/01\/cropped-fumot-logo1.png\",\"width\":152,\"height\":106,\"caption\":\"Fumot Official Direct | Straight from the Factory, 100% Genuine\"},\"image\":{\"@id\":\"https:\/\/fumot.uk\/#\/schema\/logo\/image\/\"}}]}<\/script>\n<!-- \/ Yoast SEO plugin. -->","yoast_head_json":{"title":"JNR RageGorilla 55000 P\u00eache Mangue Past\u00e8que","description":"P\u00eache Mangue Past\u00e8que JNR RageGorilla 55000 Bouff\u00e9es : Double R\u00e9sistance en Maille, Affichage Intelligent, 42ml, 950mAh Type\u2011C rechargeable. 2% ou 5% nicotine.","robots":{"index":"index","follow":"follow","max-snippet":"max-snippet:-1","max-image-preview":"max-image-preview:large","max-video-preview":"max-video-preview:-1"},"canonical":"https:\/\/fumot.uk\/fr\/product\/peach-mango-watermelon-jnr-ragegorilla-55000-puffs\/","og_locale":"fr_FR","og_type":"article","og_title":"Peach Mango Watermelon \u2013 JNR RageGorilla 55000 Puffs","og_description":"A smooth, refreshing fruit blend of peach, mango and watermelon. Dual Mesh Coil, Smart Display, 42ml, 950mAh Type\u2011C rechargeable. 2%\/5% nicotine.","og_url":"https:\/\/fumot.uk\/fr\/product\/peach-mango-watermelon-jnr-ragegorilla-55000-puffs\/","og_site_name":"Fumot Official Direct | Straight from the Factory, 100% Genuine","article_modified_time":"2026-01-21T06:25:48+00:00","og_image":[{"width":800,"height":800,"url":"https:\/\/fumot.uk\/wp-content\/uploads\/2026\/01\/JNR-RageGorilla-55000-Puffs-Peach-Mango-Watermelon-disposable-e-cigarette.jpg","type":"image\/jpeg"}],"twitter_card":"summary_large_image","twitter_misc":{"Dur\u00e9e de lecture estim\u00e9e":"1 minute"},"schema":{"@context":"https:\/\/schema.org","@graph":[{"@type":"WebPage","@id":"https:\/\/fumot.uk\/product\/peach-mango-watermelon-jnr-ragegorilla-55000-puffs\/","url":"https:\/\/fumot.uk\/product\/peach-mango-watermelon-jnr-ragegorilla-55000-puffs\/","name":"JNR RageGorilla 55000 P\u00eache Mangue Past\u00e8que","isPartOf":{"@id":"https:\/\/fumot.uk\/#website"},"primaryImageOfPage":{"@id":"https:\/\/fumot.uk\/product\/peach-mango-watermelon-jnr-ragegorilla-55000-puffs\/#primaryimage"},"image":{"@id":"https:\/\/fumot.uk\/product\/peach-mango-watermelon-jnr-ragegorilla-55000-puffs\/#primaryimage"},"thumbnailUrl":"https:\/\/fumot.uk\/wp-content\/uploads\/2026\/01\/JNR-RageGorilla-55000-Puffs-Peach-Mango-Watermelon-disposable-e-cigarette.jpg","datePublished":"2026-01-21T04:11:16+00:00","dateModified":"2026-01-21T06:25:48+00:00","description":"P\u00eache Mangue Past\u00e8que JNR RageGorilla 55000 Bouff\u00e9es : Double R\u00e9sistance en Maille, Affichage Intelligent, 42ml, 950mAh Type\u2011C rechargeable. 2% ou 5% nicotine.","breadcrumb":{"@id":"https:\/\/fumot.uk\/product\/peach-mango-watermelon-jnr-ragegorilla-55000-puffs\/#breadcrumb"},"inLanguage":"fr-FR","potentialAction":[{"@type":"ReadAction","target":["https:\/\/fumot.uk\/product\/peach-mango-watermelon-jnr-ragegorilla-55000-puffs\/"]}]},{"@type":"ImageObject","inLanguage":"fr-FR","@id":"https:\/\/fumot.uk\/product\/peach-mango-watermelon-jnr-ragegorilla-55000-puffs\/#primaryimage","url":"https:\/\/fumot.uk\/wp-content\/uploads\/2026\/01\/JNR-RageGorilla-55000-Puffs-Peach-Mango-Watermelon-disposable-e-cigarette.jpg","contentUrl":"https:\/\/fumot.uk\/wp-content\/uploads\/2026\/01\/JNR-RageGorilla-55000-Puffs-Peach-Mango-Watermelon-disposable-e-cigarette.jpg","width":800,"height":800},{"@type":"BreadcrumbList","@id":"https:\/\/fumot.uk\/product\/peach-mango-watermelon-jnr-ragegorilla-55000-puffs\/#breadcrumb","itemListElement":[{"@type":"ListItem","position":1,"name":"Home","item":"https:\/\/fumot.uk\/"},{"@type":"ListItem","position":2,"name":"Shop","item":"https:\/\/fumot.uk\/shop\/"},{"@type":"ListItem","position":3,"name":"JNR RageGorilla 55000 Puffs Peach Mango Watermelon \u2013 Dual Mesh, Smart Display, Type\u2011C Rechargeable"}]},{"@type":"WebSite","@id":"https:\/\/fumot.uk\/#website","url":"https:\/\/fumot.uk\/","name":"Fumot Official Direct | Directement de l'usine, 100% Authentique","description":"Site officiel","publisher":{"@id":"https:\/\/fumot.uk\/#organization"},"potentialAction":[{"@type":"SearchAction","target":{"@type":"EntryPoint","urlTemplate":"https:\/\/fumot.uk\/?s={search_term_string}"},"query-input":{"@type":"PropertyValueSpecification","valueRequired":true,"valueName":"search_term_string"}}],"inLanguage":"fr-FR"},{"@type":"Organization","@id":"https:\/\/fumot.uk\/#organization","name":"Fumot Official Direct | Directement de l'usine, 100% Authentique","url":"https:\/\/fumot.uk\/","logo":{"@type":"ImageObject","inLanguage":"fr-FR","@id":"https:\/\/fumot.uk\/#\/schema\/logo\/image\/","url":"https:\/\/fumot.uk\/wp-content\/uploads\/2026\/01\/cropped-fumot-logo1.png","contentUrl":"https:\/\/fumot.uk\/wp-content\/uploads\/2026\/01\/cropped-fumot-logo1.png","width":152,"height":106,"caption":"Fumot Official Direct | Straight from the Factory, 100% Genuine"},"image":{"@id":"https:\/\/fumot.uk\/#\/schema\/logo\/image\/"}}]}},"_links":{"self":[{"href":"https:\/\/fumot.uk\/fr\/wp-json\/wp\/v2\/product\/4534","targetHints":{"allow":["GET"]}}],"collection":[{"href":"https:\/\/fumot.uk\/fr\/wp-json\/wp\/v2\/product"}],"about":[{"href":"https:\/\/fumot.uk\/fr\/wp-json\/wp\/v2\/types\/product"}],"replies":[{"embeddable":true,"href":"https:\/\/fumot.uk\/fr\/wp-json\/wp\/v2\/comments?post=4534"}],"wp:featuredmedia":[{"embeddable":true,"href":"https:\/\/fumot.uk\/fr\/wp-json\/wp\/v2\/media\/4578"}],"wp:attachment":[{"href":"https:\/\/fumot.uk\/fr\/wp-json\/wp\/v2\/media?parent=4534"}],"wp:term":[{"taxonomy":"product_brand","embeddable":true,"href":"https:\/\/fumot.uk\/fr\/wp-json\/wp\/v2\/product_brand?post=4534"},{"taxonomy":"product_cat","embeddable":true,"href":"https:\/\/fumot.uk\/fr\/wp-json\/wp\/v2\/product_cat?post=4534"},{"taxonomy":"product_tag","embeddable":true,"href":"https:\/\/fumot.uk\/fr\/wp-json\/wp\/v2\/product_tag?post=4534"}],"curies":[{"name":"wp","href":"https:\/\/api.w.org\/{rel}","templated":true}]}}