{"id":4529,"date":"2026-01-21T04:11:15","date_gmt":"2026-01-21T04:11:15","guid":{"rendered":"https:\/\/fumot.uk\/?post_type=product&#038;p=4529"},"modified":"2026-01-21T06:27:58","modified_gmt":"2026-01-21T06:27:58","slug":"juicy-peaches-jnr-ragegorilla-55000-puffs","status":"publish","type":"product","link":"https:\/\/fumot.uk\/fr\/product\/juicy-peaches-jnr-ragegorilla-55000-puffs\/","title":{"rendered":"JNR RageGorilla 55000 Puffs P\u00eaches Juteuses | Double Maille, Affichage Intelligent, Rechargeable Type\u2011C"},"content":{"rendered":"<h2>P\u00eaches Juteuses \u2014 JNR RageGorilla 55000 Puffs<\/h2>\n<p>Apportez une vape lumineuse et fruit\u00e9e \u00e0 votre journ\u00e9e avec le <strong>JNR RageGorilla 55000 Puffs P\u00eaches Juteuses<\/strong>. Con\u00e7u pour une commodit\u00e9 durable, ce jetable haute capacit\u00e9 combine une aspiration douce avec un profil de p\u00eache audacieux\u2014id\u00e9al lorsque vous souhaitez un go\u00fbt propre et rafra\u00eechissant sans configurations compliqu\u00e9es.<\/p>\n<h3>Saveur : P\u00eaches Juteuses<\/h3>\n<p><strong>P\u00eaches juteuses<\/strong> d\u00e9livre l'ar\u00f4me de p\u00eaches m\u00fbres et une finition naturellement sucr\u00e9e et succulente. Chaque bouff\u00e9e s'ouvre sur des notes de p\u00eache fra\u00eeche, puis s'installe dans une douceur fruit\u00e9e arrondie qui reste \u00e9quilibr\u00e9e\u2014rafra\u00eechissante, satisfaisante et facile \u00e0 appr\u00e9cier tout au long de la journ\u00e9e.<\/p>\n<h3>Pourquoi vous allez l\u2019aimer<\/h3>\n<ul>\n<li><strong>Jusqu'\u00e0 55 000 bouff\u00e9es<\/strong> pour une utilisation prolong\u00e9e (varie selon l'utilisation).<\/li>\n<li><strong>Double Bobine Mesh<\/strong> pour une vapeur plus dense et plus douce et une saveur constante.<\/li>\n<li><strong>V\u00e9rifiez votre<\/strong> affiche le niveau de batterie, le niveau de liquide et le nombre de bouff\u00e9es en un coup d'\u0153il.<\/li>\n<li><strong>Batterie rechargeable de 950 mAh<\/strong> avec <strong>Charge rapide Type\u2011C<\/strong>.<\/li>\n<li><strong>Capacit\u00e9 de 42 ml de e-liquide<\/strong> pour moins d'interruptions.<\/li>\n<li><strong>Bo\u00eetier cristallin<\/strong> avec un design Gorilla audacieux\u2014distinctif et durable.<\/li>\n<\/ul>\n<h3>Sp\u00e9cifications<\/h3>\n<ul>\n<li><strong>Marque\/S\u00e9rie :<\/strong> JNR RageGorilla 55000 Puffs<\/li>\n<li><strong>Saveur :<\/strong> P\u00eaches juteuses<\/li>\n<li><strong>Nombre de Bouff\u00e9es :<\/strong> ~55,000<\/li>\n<li><strong>E-liquide :<\/strong> 42ml<\/li>\n<li><strong>Teneur en Nicotine :<\/strong> 2% \/ 5%<\/li>\n<li><strong>R\u00e9sistance :<\/strong> Double Bobine Mesh<\/li>\n<li><strong>Batterie :<\/strong> 950mAh<\/li>\n<li><strong>Chargement :<\/strong> Type\u2011C<\/li>\n<li><strong>Affichage :<\/strong> Affichage Intelligent<\/li>\n<\/ul>\n<p>Explorez plus d'options \u00e0 haute bouff\u00e9e et de saveurs dans notre collection sur <a href=\"https:\/\/fumot.uk\/fr\/\">fumot.uk<\/a>.<\/p>","protected":false},"excerpt":{"rendered":"<p>Juicy Peaches rencontre la performance : JNR RageGorilla 55000 Puffs avec Double Mesh Coil, \u00c9cran Intelligent, 42ml e-liquide, batterie rechargeable 950mAh Type\u2011C, et options de nicotine 2%\/5%.<\/p>","protected":false},"featured_media":4573,"comment_status":"open","ping_status":"closed","template":"","meta":[],"product_brand":[],"product_cat":[235,236,17],"product_tag":[70,237,71,197,113,72,73,30,26,199,28],"class_list":{"0":"post-4529","1":"product","2":"type-product","3":"status-publish","4":"has-post-thumbnail","6":"product_cat-55000-puff","7":"product_cat-jnr-ragegorilla-55000-puffs","8":"product_cat-vape","9":"product_tag-2-nikotin","10":"product_tag-42ml","11":"product_tag-5-nikotin","12":"product_tag-950mah","13":"product_tag-crystal-vape","14":"product_tag-direct-to-lung","15":"product_tag-dual-mesh","16":"product_tag-peach","17":"product_tag-rechargeable","18":"product_tag-smart-display","19":"product_tag-type-c","21":"first","22":"instock","23":"sale","24":"shipping-taxable","25":"purchasable","26":"product-type-variable","27":"has-default-attributes"},"yoast_head":"<!-- This site is optimized with the Yoast SEO plugin v26.8 - https:\/\/yoast.com\/product\/yoast-seo-wordpress\/ -->\n<title>JNR RageGorilla 55000 Puffs Juicy Peaches | fumot.uk<\/title>\n<meta name=\"description\" content=\"Shop JNR RageGorilla 55000 Puffs Juicy Peaches: Dual Mesh Coil, Smart Display, 42ml e-liquid, 950mAh Type\u2011C rechargeable, 2%\/5% nicotine options.\" \/>\n<meta name=\"robots\" content=\"index, follow, max-snippet:-1, max-image-preview:large, max-video-preview:-1\" \/>\n<link rel=\"canonical\" href=\"https:\/\/fumot.uk\/fr\/product\/juicy-peaches-jnr-ragegorilla-55000-puffs\/\" \/>\n<meta property=\"og:locale\" content=\"fr_FR\" \/>\n<meta property=\"og:type\" content=\"article\" \/>\n<meta property=\"og:title\" content=\"Juicy Peaches | JNR RageGorilla 55000 Puffs\" \/>\n<meta property=\"og:description\" content=\"A ripe, sweet peach vape with big capacity\u2014Dual Mesh Coil, Smart Display, 42ml e-liquid, 950mAh Type\u2011C rechargeable. Available in 2% or 5% nicotine.\" \/>\n<meta property=\"og:url\" content=\"https:\/\/fumot.uk\/fr\/product\/juicy-peaches-jnr-ragegorilla-55000-puffs\/\" \/>\n<meta property=\"og:site_name\" content=\"Fumot Official Direct | Straight from the Factory, 100% Genuine\" \/>\n<meta property=\"article:modified_time\" content=\"2026-01-21T06:27:58+00:00\" \/>\n<meta property=\"og:image\" content=\"https:\/\/fumot.uk\/wp-content\/uploads\/2026\/01\/JNR-RageGorilla-55000-Puffs-Juicy-Peaches-disposable-e-cigarette.jpg\" \/>\n\t<meta property=\"og:image:width\" content=\"800\" \/>\n\t<meta property=\"og:image:height\" content=\"800\" \/>\n\t<meta property=\"og:image:type\" content=\"image\/jpeg\" \/>\n<meta name=\"twitter:card\" content=\"summary_large_image\" \/>\n<meta name=\"twitter:label1\" content=\"Dur\u00e9e de lecture estim\u00e9e\" \/>\n\t<meta name=\"twitter:data1\" content=\"1 minute\" \/>\n<script type=\"application\/ld+json\" class=\"yoast-schema-graph\">{\"@context\":\"https:\/\/schema.org\",\"@graph\":[{\"@type\":\"WebPage\",\"@id\":\"https:\/\/fumot.uk\/product\/juicy-peaches-jnr-ragegorilla-55000-puffs\/\",\"url\":\"https:\/\/fumot.uk\/product\/juicy-peaches-jnr-ragegorilla-55000-puffs\/\",\"name\":\"JNR RageGorilla 55000 Puffs Juicy Peaches | fumot.uk\",\"isPartOf\":{\"@id\":\"https:\/\/fumot.uk\/#website\"},\"primaryImageOfPage\":{\"@id\":\"https:\/\/fumot.uk\/product\/juicy-peaches-jnr-ragegorilla-55000-puffs\/#primaryimage\"},\"image\":{\"@id\":\"https:\/\/fumot.uk\/product\/juicy-peaches-jnr-ragegorilla-55000-puffs\/#primaryimage\"},\"thumbnailUrl\":\"https:\/\/fumot.uk\/wp-content\/uploads\/2026\/01\/JNR-RageGorilla-55000-Puffs-Juicy-Peaches-disposable-e-cigarette.jpg\",\"datePublished\":\"2026-01-21T04:11:15+00:00\",\"dateModified\":\"2026-01-21T06:27:58+00:00\",\"description\":\"Shop JNR RageGorilla 55000 Puffs Juicy Peaches: Dual Mesh Coil, Smart Display, 42ml e-liquid, 950mAh Type\u2011C rechargeable, 2%\/5% nicotine options.\",\"breadcrumb\":{\"@id\":\"https:\/\/fumot.uk\/product\/juicy-peaches-jnr-ragegorilla-55000-puffs\/#breadcrumb\"},\"inLanguage\":\"fr-FR\",\"potentialAction\":[{\"@type\":\"ReadAction\",\"target\":[\"https:\/\/fumot.uk\/product\/juicy-peaches-jnr-ragegorilla-55000-puffs\/\"]}]},{\"@type\":\"ImageObject\",\"inLanguage\":\"fr-FR\",\"@id\":\"https:\/\/fumot.uk\/product\/juicy-peaches-jnr-ragegorilla-55000-puffs\/#primaryimage\",\"url\":\"https:\/\/fumot.uk\/wp-content\/uploads\/2026\/01\/JNR-RageGorilla-55000-Puffs-Juicy-Peaches-disposable-e-cigarette.jpg\",\"contentUrl\":\"https:\/\/fumot.uk\/wp-content\/uploads\/2026\/01\/JNR-RageGorilla-55000-Puffs-Juicy-Peaches-disposable-e-cigarette.jpg\",\"width\":800,\"height\":800},{\"@type\":\"BreadcrumbList\",\"@id\":\"https:\/\/fumot.uk\/product\/juicy-peaches-jnr-ragegorilla-55000-puffs\/#breadcrumb\",\"itemListElement\":[{\"@type\":\"ListItem\",\"position\":1,\"name\":\"Home\",\"item\":\"https:\/\/fumot.uk\/\"},{\"@type\":\"ListItem\",\"position\":2,\"name\":\"Shop\",\"item\":\"https:\/\/fumot.uk\/shop\/\"},{\"@type\":\"ListItem\",\"position\":3,\"name\":\"JNR RageGorilla 55000 Puffs Juicy Peaches | Dual Mesh, Smart Display, Type\u2011C Rechargeable\"}]},{\"@type\":\"WebSite\",\"@id\":\"https:\/\/fumot.uk\/#website\",\"url\":\"https:\/\/fumot.uk\/\",\"name\":\"Fumot Official Direct | Straight from the Factory, 100% Genuine\",\"description\":\"Official Website\",\"publisher\":{\"@id\":\"https:\/\/fumot.uk\/#organization\"},\"potentialAction\":[{\"@type\":\"SearchAction\",\"target\":{\"@type\":\"EntryPoint\",\"urlTemplate\":\"https:\/\/fumot.uk\/?s={search_term_string}\"},\"query-input\":{\"@type\":\"PropertyValueSpecification\",\"valueRequired\":true,\"valueName\":\"search_term_string\"}}],\"inLanguage\":\"fr-FR\"},{\"@type\":\"Organization\",\"@id\":\"https:\/\/fumot.uk\/#organization\",\"name\":\"Fumot Official Direct | Straight from the Factory, 100% Genuine\",\"url\":\"https:\/\/fumot.uk\/\",\"logo\":{\"@type\":\"ImageObject\",\"inLanguage\":\"fr-FR\",\"@id\":\"https:\/\/fumot.uk\/#\/schema\/logo\/image\/\",\"url\":\"https:\/\/fumot.uk\/wp-content\/uploads\/2026\/01\/cropped-fumot-logo1.png\",\"contentUrl\":\"https:\/\/fumot.uk\/wp-content\/uploads\/2026\/01\/cropped-fumot-logo1.png\",\"width\":152,\"height\":106,\"caption\":\"Fumot Official Direct | Straight from the Factory, 100% Genuine\"},\"image\":{\"@id\":\"https:\/\/fumot.uk\/#\/schema\/logo\/image\/\"}}]}<\/script>\n<!-- \/ Yoast SEO plugin. -->","yoast_head_json":{"title":"JNR RageGorilla 55000 Puffs P\u00eaches Juteuses | fumot.uk","description":"Boutique JNR RageGorilla 55000 Puffs P\u00eaches Juteuses : Double R\u00e9sistance en Maille, Affichage Intelligent, 42ml e-liquide, 950mAh Type\u2011C rechargeable, options de nicotine 2%\/5%.","robots":{"index":"index","follow":"follow","max-snippet":"max-snippet:-1","max-image-preview":"max-image-preview:large","max-video-preview":"max-video-preview:-1"},"canonical":"https:\/\/fumot.uk\/fr\/product\/juicy-peaches-jnr-ragegorilla-55000-puffs\/","og_locale":"fr_FR","og_type":"article","og_title":"Juicy Peaches | JNR RageGorilla 55000 Puffs","og_description":"A ripe, sweet peach vape with big capacity\u2014Dual Mesh Coil, Smart Display, 42ml e-liquid, 950mAh Type\u2011C rechargeable. Available in 2% or 5% nicotine.","og_url":"https:\/\/fumot.uk\/fr\/product\/juicy-peaches-jnr-ragegorilla-55000-puffs\/","og_site_name":"Fumot Official Direct | Straight from the Factory, 100% Genuine","article_modified_time":"2026-01-21T06:27:58+00:00","og_image":[{"width":800,"height":800,"url":"https:\/\/fumot.uk\/wp-content\/uploads\/2026\/01\/JNR-RageGorilla-55000-Puffs-Juicy-Peaches-disposable-e-cigarette.jpg","type":"image\/jpeg"}],"twitter_card":"summary_large_image","twitter_misc":{"Dur\u00e9e de lecture estim\u00e9e":"1 minute"},"schema":{"@context":"https:\/\/schema.org","@graph":[{"@type":"WebPage","@id":"https:\/\/fumot.uk\/product\/juicy-peaches-jnr-ragegorilla-55000-puffs\/","url":"https:\/\/fumot.uk\/product\/juicy-peaches-jnr-ragegorilla-55000-puffs\/","name":"JNR RageGorilla 55000 Puffs P\u00eaches Juteuses | fumot.uk","isPartOf":{"@id":"https:\/\/fumot.uk\/#website"},"primaryImageOfPage":{"@id":"https:\/\/fumot.uk\/product\/juicy-peaches-jnr-ragegorilla-55000-puffs\/#primaryimage"},"image":{"@id":"https:\/\/fumot.uk\/product\/juicy-peaches-jnr-ragegorilla-55000-puffs\/#primaryimage"},"thumbnailUrl":"https:\/\/fumot.uk\/wp-content\/uploads\/2026\/01\/JNR-RageGorilla-55000-Puffs-Juicy-Peaches-disposable-e-cigarette.jpg","datePublished":"2026-01-21T04:11:15+00:00","dateModified":"2026-01-21T06:27:58+00:00","description":"Boutique JNR RageGorilla 55000 Puffs P\u00eaches Juteuses : Double R\u00e9sistance en Maille, Affichage Intelligent, 42ml e-liquide, 950mAh Type\u2011C rechargeable, options de nicotine 2%\/5%.","breadcrumb":{"@id":"https:\/\/fumot.uk\/product\/juicy-peaches-jnr-ragegorilla-55000-puffs\/#breadcrumb"},"inLanguage":"fr-FR","potentialAction":[{"@type":"ReadAction","target":["https:\/\/fumot.uk\/product\/juicy-peaches-jnr-ragegorilla-55000-puffs\/"]}]},{"@type":"ImageObject","inLanguage":"fr-FR","@id":"https:\/\/fumot.uk\/product\/juicy-peaches-jnr-ragegorilla-55000-puffs\/#primaryimage","url":"https:\/\/fumot.uk\/wp-content\/uploads\/2026\/01\/JNR-RageGorilla-55000-Puffs-Juicy-Peaches-disposable-e-cigarette.jpg","contentUrl":"https:\/\/fumot.uk\/wp-content\/uploads\/2026\/01\/JNR-RageGorilla-55000-Puffs-Juicy-Peaches-disposable-e-cigarette.jpg","width":800,"height":800},{"@type":"BreadcrumbList","@id":"https:\/\/fumot.uk\/product\/juicy-peaches-jnr-ragegorilla-55000-puffs\/#breadcrumb","itemListElement":[{"@type":"ListItem","position":1,"name":"Home","item":"https:\/\/fumot.uk\/"},{"@type":"ListItem","position":2,"name":"Shop","item":"https:\/\/fumot.uk\/shop\/"},{"@type":"ListItem","position":3,"name":"JNR RageGorilla 55000 Puffs Juicy Peaches | Dual Mesh, Smart Display, Type\u2011C Rechargeable"}]},{"@type":"WebSite","@id":"https:\/\/fumot.uk\/#website","url":"https:\/\/fumot.uk\/","name":"Fumot Official Direct | Directement de l'usine, 100% Authentique","description":"Site officiel","publisher":{"@id":"https:\/\/fumot.uk\/#organization"},"potentialAction":[{"@type":"SearchAction","target":{"@type":"EntryPoint","urlTemplate":"https:\/\/fumot.uk\/?s={search_term_string}"},"query-input":{"@type":"PropertyValueSpecification","valueRequired":true,"valueName":"search_term_string"}}],"inLanguage":"fr-FR"},{"@type":"Organization","@id":"https:\/\/fumot.uk\/#organization","name":"Fumot Official Direct | Directement de l'usine, 100% Authentique","url":"https:\/\/fumot.uk\/","logo":{"@type":"ImageObject","inLanguage":"fr-FR","@id":"https:\/\/fumot.uk\/#\/schema\/logo\/image\/","url":"https:\/\/fumot.uk\/wp-content\/uploads\/2026\/01\/cropped-fumot-logo1.png","contentUrl":"https:\/\/fumot.uk\/wp-content\/uploads\/2026\/01\/cropped-fumot-logo1.png","width":152,"height":106,"caption":"Fumot Official Direct | Straight from the Factory, 100% Genuine"},"image":{"@id":"https:\/\/fumot.uk\/#\/schema\/logo\/image\/"}}]}},"_links":{"self":[{"href":"https:\/\/fumot.uk\/fr\/wp-json\/wp\/v2\/product\/4529","targetHints":{"allow":["GET"]}}],"collection":[{"href":"https:\/\/fumot.uk\/fr\/wp-json\/wp\/v2\/product"}],"about":[{"href":"https:\/\/fumot.uk\/fr\/wp-json\/wp\/v2\/types\/product"}],"replies":[{"embeddable":true,"href":"https:\/\/fumot.uk\/fr\/wp-json\/wp\/v2\/comments?post=4529"}],"wp:featuredmedia":[{"embeddable":true,"href":"https:\/\/fumot.uk\/fr\/wp-json\/wp\/v2\/media\/4573"}],"wp:attachment":[{"href":"https:\/\/fumot.uk\/fr\/wp-json\/wp\/v2\/media?parent=4529"}],"wp:term":[{"taxonomy":"product_brand","embeddable":true,"href":"https:\/\/fumot.uk\/fr\/wp-json\/wp\/v2\/product_brand?post=4529"},{"taxonomy":"product_cat","embeddable":true,"href":"https:\/\/fumot.uk\/fr\/wp-json\/wp\/v2\/product_cat?post=4529"},{"taxonomy":"product_tag","embeddable":true,"href":"https:\/\/fumot.uk\/fr\/wp-json\/wp\/v2\/product_tag?post=4529"}],"curies":[{"name":"wp","href":"https:\/\/api.w.org\/{rel}","templated":true}]}}