{"id":4525,"date":"2026-01-21T04:11:14","date_gmt":"2026-01-21T04:11:14","guid":{"rendered":"https:\/\/fumot.uk\/?post_type=product&#038;p=4525"},"modified":"2026-01-21T06:28:28","modified_gmt":"2026-01-21T06:28:28","slug":"blueberry-raspberry-cherry-jnr-ragegorilla-55000-puffs","status":"publish","type":"product","link":"https:\/\/fumot.uk\/fr\/product\/blueberry-raspberry-cherry-jnr-ragegorilla-55000-puffs\/","title":{"rendered":"JNR RageGorilla 55000 Puffs Vape Jetable Myrtille Framboise Cerise (42ml, 950mAh, Double Mesh, Type\u2011C)"},"content":{"rendered":"<h2>Myrtille Framboise Cerise | JNR RageGorilla 55000 Bouff\u00e9es<\/h2>\n<p>Rencontrez un trio de fruits audacieux con\u00e7u pour de longues sessions : <strong>JNR RageGorilla 55000 Puffs<\/strong> in <strong>Myrtille Framboise Cerise<\/strong>. Con\u00e7u avec un corps cristallin saisissant et des lignes nettes inspir\u00e9es du gorille, cette vape jetable associe un style remarquable \u00e0 une inhalation douce et dense aliment\u00e9e par <strong>Double Bobine Mesh<\/strong> et la technologie de chauffage \u00e0 double c\u0153ur.<\/p>\n<h3>Profil de saveur : Myrtille \u2022 Framboise \u2022 Cerise<\/h3>\n<p>Ce m\u00e9lange superpose les fruits de mani\u00e8re propre et satisfaisante. \u00c0 l'inhalation, vous remarquerez la <strong>douceur douce de la myrtille<\/strong>, suivie d'une <strong>framboise vive et sucr\u00e9e-acidul\u00e9e<\/strong> qui s'\u00e9l\u00e8ve, se terminant par une <strong>note de cerise arrondie<\/strong> qui ajoute de la profondeur sans dominer. \u00c9quilibr\u00e9, fruit\u00e9 et agr\u00e9ablement complexe\u2014id\u00e9al si vous aimez les saveurs multi-baies avec une finition plus riche.<\/p>\n<h3>Pourquoi vous allez l'aimer<\/h3>\n<ul>\n<li><strong>Jusqu'\u00e0 55 000 bouff\u00e9es<\/strong> pour une utilisation prolong\u00e9e (varie selon l'utilisation)<\/li>\n<li><strong>42ml d'e-liquide<\/strong> capacit\u00e9 pour une saveur durable<\/li>\n<li><strong>Double Bobine Mesh<\/strong> pour une vapeur plus pleine et un go\u00fbt constant<\/li>\n<li><strong>Batterie rechargeable de 950 mAh<\/strong> avec <strong>Charge rapide Type\u2011C<\/strong><\/li>\n<li><strong>Affichage Intelligent<\/strong> pour aider \u00e0 surveiller l'utilisation en un coup d'\u0153il<\/li>\n<li><strong>Options de nicotine :<\/strong> 2% ou 5%<\/li>\n<\/ul>\n<h3>Sp\u00e9cifications du Produit<\/h3>\n<ul>\n<li><strong>Marque\/Mod\u00e8le :<\/strong> JNR RageGorilla<\/li>\n<li><strong>Bouff\u00e9es :<\/strong> 55,000<\/li>\n<li><strong>Saveur :<\/strong> Myrtille Framboise Cerise (style Blue Razz Cherry)<\/li>\n<li><strong>E-liquide :<\/strong> 42ml<\/li>\n<li><strong>Batterie :<\/strong> 950mAh (rechargeable)<\/li>\n<li><strong>Chargement :<\/strong> Type\u2011C<\/li>\n<li><strong>R\u00e9sistance :<\/strong> Double Bobine Mesh<\/li>\n<li><strong>Affichage :<\/strong> Affichage Intelligent<\/li>\n<li><strong>Teneur en Nicotine :<\/strong> 2% \/ 5%<\/li>\n<\/ul>\n<p>Explorez plus de jetables \u00e0 haute capacit\u00e9 et de saveurs fruit\u00e9es sur <a href=\"https:\/\/fumot.uk\/fr\/\" target=\"_blank\" rel=\"noopener\">fumot.uk<\/a>.<\/p>","protected":false},"excerpt":{"rendered":"<p>Myrtille Framboise Cerise dans le JNR RageGorilla 55000 Puffs : un m\u00e9lange de baies \u00e0 cerise en couches avec Double Bobine en Maille, 42ml e-liquide, batterie rechargeable 950mAh, Affichage Intelligent, et charge Type\u2011C (2%\/5% nic).<\/p>","protected":false},"featured_media":4554,"comment_status":"open","ping_status":"closed","template":"","meta":[],"product_brand":[],"product_cat":[235,236,17],"product_tag":[70,237,71,197,33,36,113,72,73,34,26,199,28],"class_list":{"0":"post-4525","1":"product","2":"type-product","3":"status-publish","4":"has-post-thumbnail","6":"product_cat-55000-puff","7":"product_cat-jnr-ragegorilla-55000-puffs","8":"product_cat-vape","9":"product_tag-2-nikotin","10":"product_tag-42ml","11":"product_tag-5-nikotin","12":"product_tag-950mah","13":"product_tag-blueberry","14":"product_tag-cherry","15":"product_tag-crystal-vape","16":"product_tag-direct-to-lung","17":"product_tag-dual-mesh","18":"product_tag-raspberry","19":"product_tag-rechargeable","20":"product_tag-smart-display","21":"product_tag-type-c","23":"first","24":"instock","25":"sale","26":"shipping-taxable","27":"purchasable","28":"product-type-variable","29":"has-default-attributes"},"yoast_head":"<!-- This site is optimized with the Yoast SEO plugin v26.8 - https:\/\/yoast.com\/product\/yoast-seo-wordpress\/ -->\n<title>JNR RageGorilla 55000 Blueberry Raspberry Cherry Vape<\/title>\n<meta name=\"description\" content=\"JNR RageGorilla 55000 Puffs Blueberry Raspberry Cherry: 42ml, 950mAh rechargeable, Dual Mesh Coil, Smart Display, Type\u2011C fast charge. 2%\/5% nic.\" \/>\n<meta name=\"robots\" content=\"index, follow, max-snippet:-1, max-image-preview:large, max-video-preview:-1\" \/>\n<link rel=\"canonical\" href=\"https:\/\/fumot.uk\/fr\/product\/blueberry-raspberry-cherry-jnr-ragegorilla-55000-puffs\/\" \/>\n<meta property=\"og:locale\" content=\"fr_FR\" \/>\n<meta property=\"og:type\" content=\"article\" \/>\n<meta property=\"og:title\" content=\"Blueberry Raspberry Cherry | JNR RageGorilla 55000 Puffs\" \/>\n<meta property=\"og:description\" content=\"A smooth, layered blueberry-raspberry-cherry vape with 42ml e-liquid, Dual Mesh Coil, 950mAh rechargeable battery, Smart Display, and Type\u2011C charging.\" \/>\n<meta property=\"og:url\" content=\"https:\/\/fumot.uk\/fr\/product\/blueberry-raspberry-cherry-jnr-ragegorilla-55000-puffs\/\" \/>\n<meta property=\"og:site_name\" content=\"Fumot Official Direct | Straight from the Factory, 100% Genuine\" \/>\n<meta property=\"article:modified_time\" content=\"2026-01-21T06:28:28+00:00\" \/>\n<meta property=\"og:image\" content=\"https:\/\/fumot.uk\/wp-content\/uploads\/2026\/01\/6-Blueberry-Raspberry-Cherry.jpg\" \/>\n\t<meta property=\"og:image:width\" content=\"800\" \/>\n\t<meta property=\"og:image:height\" content=\"800\" \/>\n\t<meta property=\"og:image:type\" content=\"image\/jpeg\" \/>\n<meta name=\"twitter:card\" content=\"summary_large_image\" \/>\n<meta name=\"twitter:label1\" content=\"Dur\u00e9e de lecture estim\u00e9e\" \/>\n\t<meta name=\"twitter:data1\" content=\"1 minute\" \/>\n<script type=\"application\/ld+json\" class=\"yoast-schema-graph\">{\"@context\":\"https:\/\/schema.org\",\"@graph\":[{\"@type\":\"WebPage\",\"@id\":\"https:\/\/fumot.uk\/product\/blueberry-raspberry-cherry-jnr-ragegorilla-55000-puffs\/\",\"url\":\"https:\/\/fumot.uk\/product\/blueberry-raspberry-cherry-jnr-ragegorilla-55000-puffs\/\",\"name\":\"JNR RageGorilla 55000 Blueberry Raspberry Cherry Vape\",\"isPartOf\":{\"@id\":\"https:\/\/fumot.uk\/#website\"},\"primaryImageOfPage\":{\"@id\":\"https:\/\/fumot.uk\/product\/blueberry-raspberry-cherry-jnr-ragegorilla-55000-puffs\/#primaryimage\"},\"image\":{\"@id\":\"https:\/\/fumot.uk\/product\/blueberry-raspberry-cherry-jnr-ragegorilla-55000-puffs\/#primaryimage\"},\"thumbnailUrl\":\"https:\/\/fumot.uk\/wp-content\/uploads\/2026\/01\/6-Blueberry-Raspberry-Cherry.jpg\",\"datePublished\":\"2026-01-21T04:11:14+00:00\",\"dateModified\":\"2026-01-21T06:28:28+00:00\",\"description\":\"JNR RageGorilla 55000 Puffs Blueberry Raspberry Cherry: 42ml, 950mAh rechargeable, Dual Mesh Coil, Smart Display, Type\u2011C fast charge. 2%\/5% nic.\",\"breadcrumb\":{\"@id\":\"https:\/\/fumot.uk\/product\/blueberry-raspberry-cherry-jnr-ragegorilla-55000-puffs\/#breadcrumb\"},\"inLanguage\":\"fr-FR\",\"potentialAction\":[{\"@type\":\"ReadAction\",\"target\":[\"https:\/\/fumot.uk\/product\/blueberry-raspberry-cherry-jnr-ragegorilla-55000-puffs\/\"]}]},{\"@type\":\"ImageObject\",\"inLanguage\":\"fr-FR\",\"@id\":\"https:\/\/fumot.uk\/product\/blueberry-raspberry-cherry-jnr-ragegorilla-55000-puffs\/#primaryimage\",\"url\":\"https:\/\/fumot.uk\/wp-content\/uploads\/2026\/01\/6-Blueberry-Raspberry-Cherry.jpg\",\"contentUrl\":\"https:\/\/fumot.uk\/wp-content\/uploads\/2026\/01\/6-Blueberry-Raspberry-Cherry.jpg\",\"width\":800,\"height\":800},{\"@type\":\"BreadcrumbList\",\"@id\":\"https:\/\/fumot.uk\/product\/blueberry-raspberry-cherry-jnr-ragegorilla-55000-puffs\/#breadcrumb\",\"itemListElement\":[{\"@type\":\"ListItem\",\"position\":1,\"name\":\"Home\",\"item\":\"https:\/\/fumot.uk\/\"},{\"@type\":\"ListItem\",\"position\":2,\"name\":\"Shop\",\"item\":\"https:\/\/fumot.uk\/shop\/\"},{\"@type\":\"ListItem\",\"position\":3,\"name\":\"JNR RageGorilla 55000 Puffs Blueberry Raspberry Cherry Disposable Vape (42ml, 950mAh, Dual Mesh, Type\u2011C)\"}]},{\"@type\":\"WebSite\",\"@id\":\"https:\/\/fumot.uk\/#website\",\"url\":\"https:\/\/fumot.uk\/\",\"name\":\"Fumot Official Direct | Straight from the Factory, 100% Genuine\",\"description\":\"Official Website\",\"publisher\":{\"@id\":\"https:\/\/fumot.uk\/#organization\"},\"potentialAction\":[{\"@type\":\"SearchAction\",\"target\":{\"@type\":\"EntryPoint\",\"urlTemplate\":\"https:\/\/fumot.uk\/?s={search_term_string}\"},\"query-input\":{\"@type\":\"PropertyValueSpecification\",\"valueRequired\":true,\"valueName\":\"search_term_string\"}}],\"inLanguage\":\"fr-FR\"},{\"@type\":\"Organization\",\"@id\":\"https:\/\/fumot.uk\/#organization\",\"name\":\"Fumot Official Direct | Straight from the Factory, 100% Genuine\",\"url\":\"https:\/\/fumot.uk\/\",\"logo\":{\"@type\":\"ImageObject\",\"inLanguage\":\"fr-FR\",\"@id\":\"https:\/\/fumot.uk\/#\/schema\/logo\/image\/\",\"url\":\"https:\/\/fumot.uk\/wp-content\/uploads\/2026\/01\/cropped-fumot-logo1.png\",\"contentUrl\":\"https:\/\/fumot.uk\/wp-content\/uploads\/2026\/01\/cropped-fumot-logo1.png\",\"width\":152,\"height\":106,\"caption\":\"Fumot Official Direct | Straight from the Factory, 100% Genuine\"},\"image\":{\"@id\":\"https:\/\/fumot.uk\/#\/schema\/logo\/image\/\"}}]}<\/script>\n<!-- \/ Yoast SEO plugin. -->","yoast_head_json":{"title":"JNR RageGorilla 55000 Vape Myrtille Framboise Cerise","description":"JNR RageGorilla 55000 Puffs Myrtille Framboise Cerise : 42ml, 950mAh rechargeable, Double Bobine en Maille, Affichage Intelligent, Charge rapide Type\u2011C. 2%\/5% nic.","robots":{"index":"index","follow":"follow","max-snippet":"max-snippet:-1","max-image-preview":"max-image-preview:large","max-video-preview":"max-video-preview:-1"},"canonical":"https:\/\/fumot.uk\/fr\/product\/blueberry-raspberry-cherry-jnr-ragegorilla-55000-puffs\/","og_locale":"fr_FR","og_type":"article","og_title":"Blueberry Raspberry Cherry | JNR RageGorilla 55000 Puffs","og_description":"A smooth, layered blueberry-raspberry-cherry vape with 42ml e-liquid, Dual Mesh Coil, 950mAh rechargeable battery, Smart Display, and Type\u2011C charging.","og_url":"https:\/\/fumot.uk\/fr\/product\/blueberry-raspberry-cherry-jnr-ragegorilla-55000-puffs\/","og_site_name":"Fumot Official Direct | Straight from the Factory, 100% Genuine","article_modified_time":"2026-01-21T06:28:28+00:00","og_image":[{"width":800,"height":800,"url":"https:\/\/fumot.uk\/wp-content\/uploads\/2026\/01\/6-Blueberry-Raspberry-Cherry.jpg","type":"image\/jpeg"}],"twitter_card":"summary_large_image","twitter_misc":{"Dur\u00e9e de lecture estim\u00e9e":"1 minute"},"schema":{"@context":"https:\/\/schema.org","@graph":[{"@type":"WebPage","@id":"https:\/\/fumot.uk\/product\/blueberry-raspberry-cherry-jnr-ragegorilla-55000-puffs\/","url":"https:\/\/fumot.uk\/product\/blueberry-raspberry-cherry-jnr-ragegorilla-55000-puffs\/","name":"JNR RageGorilla 55000 Vape Myrtille Framboise Cerise","isPartOf":{"@id":"https:\/\/fumot.uk\/#website"},"primaryImageOfPage":{"@id":"https:\/\/fumot.uk\/product\/blueberry-raspberry-cherry-jnr-ragegorilla-55000-puffs\/#primaryimage"},"image":{"@id":"https:\/\/fumot.uk\/product\/blueberry-raspberry-cherry-jnr-ragegorilla-55000-puffs\/#primaryimage"},"thumbnailUrl":"https:\/\/fumot.uk\/wp-content\/uploads\/2026\/01\/6-Blueberry-Raspberry-Cherry.jpg","datePublished":"2026-01-21T04:11:14+00:00","dateModified":"2026-01-21T06:28:28+00:00","description":"JNR RageGorilla 55000 Puffs Myrtille Framboise Cerise : 42ml, 950mAh rechargeable, Double Bobine en Maille, Affichage Intelligent, Charge rapide Type\u2011C. 2%\/5% nic.","breadcrumb":{"@id":"https:\/\/fumot.uk\/product\/blueberry-raspberry-cherry-jnr-ragegorilla-55000-puffs\/#breadcrumb"},"inLanguage":"fr-FR","potentialAction":[{"@type":"ReadAction","target":["https:\/\/fumot.uk\/product\/blueberry-raspberry-cherry-jnr-ragegorilla-55000-puffs\/"]}]},{"@type":"ImageObject","inLanguage":"fr-FR","@id":"https:\/\/fumot.uk\/product\/blueberry-raspberry-cherry-jnr-ragegorilla-55000-puffs\/#primaryimage","url":"https:\/\/fumot.uk\/wp-content\/uploads\/2026\/01\/6-Blueberry-Raspberry-Cherry.jpg","contentUrl":"https:\/\/fumot.uk\/wp-content\/uploads\/2026\/01\/6-Blueberry-Raspberry-Cherry.jpg","width":800,"height":800},{"@type":"BreadcrumbList","@id":"https:\/\/fumot.uk\/product\/blueberry-raspberry-cherry-jnr-ragegorilla-55000-puffs\/#breadcrumb","itemListElement":[{"@type":"ListItem","position":1,"name":"Home","item":"https:\/\/fumot.uk\/"},{"@type":"ListItem","position":2,"name":"Shop","item":"https:\/\/fumot.uk\/shop\/"},{"@type":"ListItem","position":3,"name":"JNR RageGorilla 55000 Puffs Blueberry Raspberry Cherry Disposable Vape (42ml, 950mAh, Dual Mesh, Type\u2011C)"}]},{"@type":"WebSite","@id":"https:\/\/fumot.uk\/#website","url":"https:\/\/fumot.uk\/","name":"Fumot Official Direct | Directement de l'usine, 100% Authentique","description":"Site officiel","publisher":{"@id":"https:\/\/fumot.uk\/#organization"},"potentialAction":[{"@type":"SearchAction","target":{"@type":"EntryPoint","urlTemplate":"https:\/\/fumot.uk\/?s={search_term_string}"},"query-input":{"@type":"PropertyValueSpecification","valueRequired":true,"valueName":"search_term_string"}}],"inLanguage":"fr-FR"},{"@type":"Organization","@id":"https:\/\/fumot.uk\/#organization","name":"Fumot Official Direct | Directement de l'usine, 100% Authentique","url":"https:\/\/fumot.uk\/","logo":{"@type":"ImageObject","inLanguage":"fr-FR","@id":"https:\/\/fumot.uk\/#\/schema\/logo\/image\/","url":"https:\/\/fumot.uk\/wp-content\/uploads\/2026\/01\/cropped-fumot-logo1.png","contentUrl":"https:\/\/fumot.uk\/wp-content\/uploads\/2026\/01\/cropped-fumot-logo1.png","width":152,"height":106,"caption":"Fumot Official Direct | Straight from the Factory, 100% Genuine"},"image":{"@id":"https:\/\/fumot.uk\/#\/schema\/logo\/image\/"}}]}},"_links":{"self":[{"href":"https:\/\/fumot.uk\/fr\/wp-json\/wp\/v2\/product\/4525","targetHints":{"allow":["GET"]}}],"collection":[{"href":"https:\/\/fumot.uk\/fr\/wp-json\/wp\/v2\/product"}],"about":[{"href":"https:\/\/fumot.uk\/fr\/wp-json\/wp\/v2\/types\/product"}],"replies":[{"embeddable":true,"href":"https:\/\/fumot.uk\/fr\/wp-json\/wp\/v2\/comments?post=4525"}],"wp:featuredmedia":[{"embeddable":true,"href":"https:\/\/fumot.uk\/fr\/wp-json\/wp\/v2\/media\/4554"}],"wp:attachment":[{"href":"https:\/\/fumot.uk\/fr\/wp-json\/wp\/v2\/media?parent=4525"}],"wp:term":[{"taxonomy":"product_brand","embeddable":true,"href":"https:\/\/fumot.uk\/fr\/wp-json\/wp\/v2\/product_brand?post=4525"},{"taxonomy":"product_cat","embeddable":true,"href":"https:\/\/fumot.uk\/fr\/wp-json\/wp\/v2\/product_cat?post=4525"},{"taxonomy":"product_tag","embeddable":true,"href":"https:\/\/fumot.uk\/fr\/wp-json\/wp\/v2\/product_tag?post=4525"}],"curies":[{"name":"wp","href":"https:\/\/api.w.org\/{rel}","templated":true}]}}