{"id":4524,"date":"2026-01-21T04:11:14","date_gmt":"2026-01-21T04:11:14","guid":{"rendered":"https:\/\/fumot.uk\/?post_type=product&#038;p=4524"},"modified":"2026-01-21T06:28:55","modified_gmt":"2026-01-21T06:28:55","slug":"strawberry-kiwi-jnr-ragegorilla-55000-puffs","status":"publish","type":"product","link":"https:\/\/fumot.uk\/fr\/product\/strawberry-kiwi-jnr-ragegorilla-55000-puffs\/","title":{"rendered":"JNR RageGorilla 55000 Puffs Vape Jetable Fraise Kiwi | Double Mesh + Affichage Intelligent"},"content":{"rendered":"<h2>Fraise Kiwi \u2013 JNR RageGorilla 55000 Puffs<\/h2>\n<p>Apportez une touche lumineuse et fruit\u00e9e \u00e0 votre journ\u00e9e avec le <strong>JNR RageGorilla 55000 Puffs Fraise Kiwi<\/strong>. Cette grande capacit\u00e9 <strong>vape jetable<\/strong> m\u00e9lange la douceur juteuse de la fraise avec la fra\u00eecheur l\u00e9g\u00e8rement acidul\u00e9e du kiwi\u2014douce, stratifi\u00e9e et \u00e9quilibr\u00e9e de mani\u00e8re rafra\u00eechissante du premier au dernier souffle.<\/p>\n<h3>Profil de saveur : Fraise sucr\u00e9e rencontre Kiwi zest\u00e9<\/h3>\n<p>Chaque bouff\u00e9e s'ouvre sur une note riche de fraise, suivie de la finition douce-acidul\u00e9e du kiwi. Le r\u00e9sultat ressemble \u00e0 une boisson fruit\u00e9e glac\u00e9e\u2014sucr\u00e9e sans \u00eatre lourde, et fra\u00eeche sans \u00eatre vive.<\/p>\n<h3>Ce qui rend RageGorilla diff\u00e9rent<\/h3>\n<p>Le <strong>JNR RageGorilla 55000 Puffs<\/strong> est con\u00e7u pour une saveur constante et un look moderne et premium. Son <strong>Double Bobine Mesh<\/strong> aide \u00e0 produire une vapeur plus dense et plus douce \u00e0 l'inhalation et une exhalation plus fine et plus uniforme. Un <strong>V\u00e9rifiez votre<\/strong> vous informe en temps r\u00e9el\u2014vous pouvez ainsi v\u00e9rifier le niveau de batterie, le liquide restant et les bouff\u00e9es estim\u00e9es d'un coup d'\u0153il.<\/p>\n<h3>Caract\u00e9ristiques cl\u00e9s<\/h3>\n<ul>\n<li><strong>Bouff\u00e9es :<\/strong> Env. 55 000 bouff\u00e9es<\/li>\n<li><strong>Teneur en Nicotine :<\/strong> 2% ou 5% (s\u00e9lectionnez votre option pr\u00e9f\u00e9r\u00e9e)<\/li>\n<li><strong>850mAh (rechargeable)<\/strong> 42ml<\/li>\n<li><strong>Batterie :<\/strong> 950mAh rechargeable<\/li>\n<li><strong>Chargement :<\/strong> Charge rapide Type-C<\/li>\n<li><strong>R\u00e9sistance :<\/strong> Double Bobine Mesh<\/li>\n<li><strong>Affichage :<\/strong> Affichage intelligent (batterie \/ e-liquide \/ compteur de bouff\u00e9es)<\/li>\n<li><strong>Design :<\/strong> Corps cristallin avec motif Gorilla audacieux<\/li>\n<\/ul>\n<h3>Explorez plus sur fumot.uk<\/h3>\n<p>Vous cherchez plus d'options \u00e0 haute bouff\u00e9e ou des m\u00e9langes de fruits diff\u00e9rents ? Parcourez plus de produits jetables sur <a href=\"https:\/\/fumot.uk\/fr\/\">fumot.uk<\/a>.<\/p>\n<p><em>Remarque :<\/em> Le nombre de bouff\u00e9es est une estimation et peut varier en fonction du style d'utilisation.<\/p>","protected":false},"excerpt":{"rendered":"<p>Saveur Fraise Kiwi dans le JNR RageGorilla 55000 Puffs vape jetable\u2014Double bobine en mesh, \u00e9cran intelligent, 42ml de e-liquide, 950mAh rechargeable, charge rapide Type\u2011C. Nicotine : 2% ou 5%.<\/p>","protected":false},"featured_media":4553,"comment_status":"open","ping_status":"closed","template":"","meta":[],"product_brand":[],"product_cat":[235,236,17],"product_tag":[70,237,71,197,113,72,73,45,26,199,37,28],"class_list":{"0":"post-4524","1":"product","2":"type-product","3":"status-publish","4":"has-post-thumbnail","6":"product_cat-55000-puff","7":"product_cat-jnr-ragegorilla-55000-puffs","8":"product_cat-vape","9":"product_tag-2-nikotin","10":"product_tag-42ml","11":"product_tag-5-nikotin","12":"product_tag-950mah","13":"product_tag-crystal-vape","14":"product_tag-direct-to-lung","15":"product_tag-dual-mesh","16":"product_tag-kiwi","17":"product_tag-rechargeable","18":"product_tag-smart-display","19":"product_tag-strawberry","20":"product_tag-type-c","22":"first","23":"instock","24":"sale","25":"shipping-taxable","26":"purchasable","27":"product-type-variable","28":"has-default-attributes"},"yoast_head":"<!-- This site is optimized with the Yoast SEO plugin v26.8 - https:\/\/yoast.com\/product\/yoast-seo-wordpress\/ -->\n<title>JNR RageGorilla 55000 Puffs Strawberry Kiwi Vape<\/title>\n<meta name=\"description\" content=\"Strawberry Kiwi JNR RageGorilla 55000 Puffs: Dual Mesh Coil, Smart Display, 42ml e-liquid, 950mAh rechargeable, Type\u2011C charging. 2% or 5% nic.\" \/>\n<meta name=\"robots\" content=\"index, follow, max-snippet:-1, max-image-preview:large, max-video-preview:-1\" \/>\n<link rel=\"canonical\" href=\"https:\/\/fumot.uk\/fr\/product\/strawberry-kiwi-jnr-ragegorilla-55000-puffs\/\" \/>\n<meta property=\"og:locale\" content=\"fr_FR\" \/>\n<meta property=\"og:type\" content=\"article\" \/>\n<meta property=\"og:title\" content=\"Strawberry Kiwi | JNR RageGorilla 55000 Puffs\" \/>\n<meta property=\"og:description\" content=\"A refreshing strawberry-and-kiwi blend with Dual Mesh Coil performance, Smart Display, 42ml e-liquid, and 950mAh Type\u2011C rechargeable power. 2%\/5% nic.\" \/>\n<meta property=\"og:url\" content=\"https:\/\/fumot.uk\/fr\/product\/strawberry-kiwi-jnr-ragegorilla-55000-puffs\/\" \/>\n<meta property=\"og:site_name\" content=\"Fumot Official Direct | Straight from the Factory, 100% Genuine\" \/>\n<meta property=\"article:modified_time\" content=\"2026-01-21T06:28:55+00:00\" \/>\n<meta property=\"og:image\" content=\"https:\/\/fumot.uk\/wp-content\/uploads\/2026\/01\/5-Strawberry-Kiwi.jpg\" \/>\n\t<meta property=\"og:image:width\" content=\"800\" \/>\n\t<meta property=\"og:image:height\" content=\"800\" \/>\n\t<meta property=\"og:image:type\" content=\"image\/jpeg\" \/>\n<meta name=\"twitter:card\" content=\"summary_large_image\" \/>\n<meta name=\"twitter:label1\" content=\"Dur\u00e9e de lecture estim\u00e9e\" \/>\n\t<meta name=\"twitter:data1\" content=\"1 minute\" \/>\n<script type=\"application\/ld+json\" class=\"yoast-schema-graph\">{\"@context\":\"https:\/\/schema.org\",\"@graph\":[{\"@type\":\"WebPage\",\"@id\":\"https:\/\/fumot.uk\/product\/strawberry-kiwi-jnr-ragegorilla-55000-puffs\/\",\"url\":\"https:\/\/fumot.uk\/product\/strawberry-kiwi-jnr-ragegorilla-55000-puffs\/\",\"name\":\"JNR RageGorilla 55000 Puffs Strawberry Kiwi Vape\",\"isPartOf\":{\"@id\":\"https:\/\/fumot.uk\/#website\"},\"primaryImageOfPage\":{\"@id\":\"https:\/\/fumot.uk\/product\/strawberry-kiwi-jnr-ragegorilla-55000-puffs\/#primaryimage\"},\"image\":{\"@id\":\"https:\/\/fumot.uk\/product\/strawberry-kiwi-jnr-ragegorilla-55000-puffs\/#primaryimage\"},\"thumbnailUrl\":\"https:\/\/fumot.uk\/wp-content\/uploads\/2026\/01\/5-Strawberry-Kiwi.jpg\",\"datePublished\":\"2026-01-21T04:11:14+00:00\",\"dateModified\":\"2026-01-21T06:28:55+00:00\",\"description\":\"Strawberry Kiwi JNR RageGorilla 55000 Puffs: Dual Mesh Coil, Smart Display, 42ml e-liquid, 950mAh rechargeable, Type\u2011C charging. 2% or 5% nic.\",\"breadcrumb\":{\"@id\":\"https:\/\/fumot.uk\/product\/strawberry-kiwi-jnr-ragegorilla-55000-puffs\/#breadcrumb\"},\"inLanguage\":\"fr-FR\",\"potentialAction\":[{\"@type\":\"ReadAction\",\"target\":[\"https:\/\/fumot.uk\/product\/strawberry-kiwi-jnr-ragegorilla-55000-puffs\/\"]}]},{\"@type\":\"ImageObject\",\"inLanguage\":\"fr-FR\",\"@id\":\"https:\/\/fumot.uk\/product\/strawberry-kiwi-jnr-ragegorilla-55000-puffs\/#primaryimage\",\"url\":\"https:\/\/fumot.uk\/wp-content\/uploads\/2026\/01\/5-Strawberry-Kiwi.jpg\",\"contentUrl\":\"https:\/\/fumot.uk\/wp-content\/uploads\/2026\/01\/5-Strawberry-Kiwi.jpg\",\"width\":800,\"height\":800},{\"@type\":\"BreadcrumbList\",\"@id\":\"https:\/\/fumot.uk\/product\/strawberry-kiwi-jnr-ragegorilla-55000-puffs\/#breadcrumb\",\"itemListElement\":[{\"@type\":\"ListItem\",\"position\":1,\"name\":\"Home\",\"item\":\"https:\/\/fumot.uk\/\"},{\"@type\":\"ListItem\",\"position\":2,\"name\":\"Shop\",\"item\":\"https:\/\/fumot.uk\/shop\/\"},{\"@type\":\"ListItem\",\"position\":3,\"name\":\"JNR RageGorilla 55000 Puffs Strawberry Kiwi Disposable Vape | Dual Mesh + Smart Display\"}]},{\"@type\":\"WebSite\",\"@id\":\"https:\/\/fumot.uk\/#website\",\"url\":\"https:\/\/fumot.uk\/\",\"name\":\"Fumot Official Direct | Straight from the Factory, 100% Genuine\",\"description\":\"Official Website\",\"publisher\":{\"@id\":\"https:\/\/fumot.uk\/#organization\"},\"potentialAction\":[{\"@type\":\"SearchAction\",\"target\":{\"@type\":\"EntryPoint\",\"urlTemplate\":\"https:\/\/fumot.uk\/?s={search_term_string}\"},\"query-input\":{\"@type\":\"PropertyValueSpecification\",\"valueRequired\":true,\"valueName\":\"search_term_string\"}}],\"inLanguage\":\"fr-FR\"},{\"@type\":\"Organization\",\"@id\":\"https:\/\/fumot.uk\/#organization\",\"name\":\"Fumot Official Direct | Straight from the Factory, 100% Genuine\",\"url\":\"https:\/\/fumot.uk\/\",\"logo\":{\"@type\":\"ImageObject\",\"inLanguage\":\"fr-FR\",\"@id\":\"https:\/\/fumot.uk\/#\/schema\/logo\/image\/\",\"url\":\"https:\/\/fumot.uk\/wp-content\/uploads\/2026\/01\/cropped-fumot-logo1.png\",\"contentUrl\":\"https:\/\/fumot.uk\/wp-content\/uploads\/2026\/01\/cropped-fumot-logo1.png\",\"width\":152,\"height\":106,\"caption\":\"Fumot Official Direct | Straight from the Factory, 100% Genuine\"},\"image\":{\"@id\":\"https:\/\/fumot.uk\/#\/schema\/logo\/image\/\"}}]}<\/script>\n<!-- \/ Yoast SEO plugin. -->","yoast_head_json":{"title":"JNR RageGorilla 55000 Puffs Vape Fraise Kiwi","description":"Fraise Kiwi JNR RageGorilla 55000 Puffs : Double bobine en mesh, \u00e9cran intelligent, 42ml d'e-liquide, rechargeable 950mAh, charge Type\u2011C. 2% ou 5% nic.","robots":{"index":"index","follow":"follow","max-snippet":"max-snippet:-1","max-image-preview":"max-image-preview:large","max-video-preview":"max-video-preview:-1"},"canonical":"https:\/\/fumot.uk\/fr\/product\/strawberry-kiwi-jnr-ragegorilla-55000-puffs\/","og_locale":"fr_FR","og_type":"article","og_title":"Strawberry Kiwi | JNR RageGorilla 55000 Puffs","og_description":"A refreshing strawberry-and-kiwi blend with Dual Mesh Coil performance, Smart Display, 42ml e-liquid, and 950mAh Type\u2011C rechargeable power. 2%\/5% nic.","og_url":"https:\/\/fumot.uk\/fr\/product\/strawberry-kiwi-jnr-ragegorilla-55000-puffs\/","og_site_name":"Fumot Official Direct | Straight from the Factory, 100% Genuine","article_modified_time":"2026-01-21T06:28:55+00:00","og_image":[{"width":800,"height":800,"url":"https:\/\/fumot.uk\/wp-content\/uploads\/2026\/01\/5-Strawberry-Kiwi.jpg","type":"image\/jpeg"}],"twitter_card":"summary_large_image","twitter_misc":{"Dur\u00e9e de lecture estim\u00e9e":"1 minute"},"schema":{"@context":"https:\/\/schema.org","@graph":[{"@type":"WebPage","@id":"https:\/\/fumot.uk\/product\/strawberry-kiwi-jnr-ragegorilla-55000-puffs\/","url":"https:\/\/fumot.uk\/product\/strawberry-kiwi-jnr-ragegorilla-55000-puffs\/","name":"JNR RageGorilla 55000 Puffs Vape Fraise Kiwi","isPartOf":{"@id":"https:\/\/fumot.uk\/#website"},"primaryImageOfPage":{"@id":"https:\/\/fumot.uk\/product\/strawberry-kiwi-jnr-ragegorilla-55000-puffs\/#primaryimage"},"image":{"@id":"https:\/\/fumot.uk\/product\/strawberry-kiwi-jnr-ragegorilla-55000-puffs\/#primaryimage"},"thumbnailUrl":"https:\/\/fumot.uk\/wp-content\/uploads\/2026\/01\/5-Strawberry-Kiwi.jpg","datePublished":"2026-01-21T04:11:14+00:00","dateModified":"2026-01-21T06:28:55+00:00","description":"Fraise Kiwi JNR RageGorilla 55000 Puffs : Double bobine en mesh, \u00e9cran intelligent, 42ml d'e-liquide, rechargeable 950mAh, charge Type\u2011C. 2% ou 5% nic.","breadcrumb":{"@id":"https:\/\/fumot.uk\/product\/strawberry-kiwi-jnr-ragegorilla-55000-puffs\/#breadcrumb"},"inLanguage":"fr-FR","potentialAction":[{"@type":"ReadAction","target":["https:\/\/fumot.uk\/product\/strawberry-kiwi-jnr-ragegorilla-55000-puffs\/"]}]},{"@type":"ImageObject","inLanguage":"fr-FR","@id":"https:\/\/fumot.uk\/product\/strawberry-kiwi-jnr-ragegorilla-55000-puffs\/#primaryimage","url":"https:\/\/fumot.uk\/wp-content\/uploads\/2026\/01\/5-Strawberry-Kiwi.jpg","contentUrl":"https:\/\/fumot.uk\/wp-content\/uploads\/2026\/01\/5-Strawberry-Kiwi.jpg","width":800,"height":800},{"@type":"BreadcrumbList","@id":"https:\/\/fumot.uk\/product\/strawberry-kiwi-jnr-ragegorilla-55000-puffs\/#breadcrumb","itemListElement":[{"@type":"ListItem","position":1,"name":"Home","item":"https:\/\/fumot.uk\/"},{"@type":"ListItem","position":2,"name":"Shop","item":"https:\/\/fumot.uk\/shop\/"},{"@type":"ListItem","position":3,"name":"JNR RageGorilla 55000 Puffs Strawberry Kiwi Disposable Vape | Dual Mesh + Smart Display"}]},{"@type":"WebSite","@id":"https:\/\/fumot.uk\/#website","url":"https:\/\/fumot.uk\/","name":"Fumot Official Direct | Directement de l'usine, 100% Authentique","description":"Site officiel","publisher":{"@id":"https:\/\/fumot.uk\/#organization"},"potentialAction":[{"@type":"SearchAction","target":{"@type":"EntryPoint","urlTemplate":"https:\/\/fumot.uk\/?s={search_term_string}"},"query-input":{"@type":"PropertyValueSpecification","valueRequired":true,"valueName":"search_term_string"}}],"inLanguage":"fr-FR"},{"@type":"Organization","@id":"https:\/\/fumot.uk\/#organization","name":"Fumot Official Direct | Directement de l'usine, 100% Authentique","url":"https:\/\/fumot.uk\/","logo":{"@type":"ImageObject","inLanguage":"fr-FR","@id":"https:\/\/fumot.uk\/#\/schema\/logo\/image\/","url":"https:\/\/fumot.uk\/wp-content\/uploads\/2026\/01\/cropped-fumot-logo1.png","contentUrl":"https:\/\/fumot.uk\/wp-content\/uploads\/2026\/01\/cropped-fumot-logo1.png","width":152,"height":106,"caption":"Fumot Official Direct | Straight from the Factory, 100% Genuine"},"image":{"@id":"https:\/\/fumot.uk\/#\/schema\/logo\/image\/"}}]}},"_links":{"self":[{"href":"https:\/\/fumot.uk\/fr\/wp-json\/wp\/v2\/product\/4524","targetHints":{"allow":["GET"]}}],"collection":[{"href":"https:\/\/fumot.uk\/fr\/wp-json\/wp\/v2\/product"}],"about":[{"href":"https:\/\/fumot.uk\/fr\/wp-json\/wp\/v2\/types\/product"}],"replies":[{"embeddable":true,"href":"https:\/\/fumot.uk\/fr\/wp-json\/wp\/v2\/comments?post=4524"}],"wp:featuredmedia":[{"embeddable":true,"href":"https:\/\/fumot.uk\/fr\/wp-json\/wp\/v2\/media\/4553"}],"wp:attachment":[{"href":"https:\/\/fumot.uk\/fr\/wp-json\/wp\/v2\/media?parent=4524"}],"wp:term":[{"taxonomy":"product_brand","embeddable":true,"href":"https:\/\/fumot.uk\/fr\/wp-json\/wp\/v2\/product_brand?post=4524"},{"taxonomy":"product_cat","embeddable":true,"href":"https:\/\/fumot.uk\/fr\/wp-json\/wp\/v2\/product_cat?post=4524"},{"taxonomy":"product_tag","embeddable":true,"href":"https:\/\/fumot.uk\/fr\/wp-json\/wp\/v2\/product_tag?post=4524"}],"curies":[{"name":"wp","href":"https:\/\/api.w.org\/{rel}","templated":true}]}}