{"id":4520,"date":"2026-01-21T04:11:13","date_gmt":"2026-01-21T04:11:13","guid":{"rendered":"https:\/\/fumot.uk\/?post_type=product&#038;p=4520"},"modified":"2026-01-21T06:30:46","modified_gmt":"2026-01-21T06:30:46","slug":"strawberry-ice-jnr-ragegorilla-55000-puffs","status":"publish","type":"product","link":"https:\/\/fumot.uk\/fr\/product\/strawberry-ice-jnr-ragegorilla-55000-puffs\/","title":{"rendered":"JNR RageGorilla 55000 Puffs Vape Jetable Fraise Glac\u00e9e (42ml, Double Mesh, Affichage Intelligent)"},"content":{"rendered":"<h2>JNR RageGorilla 55000 Puffs \u2013 Fraise Glac\u00e9e<\/h2>\n<p>Le <strong>JNR RageGorilla 55000 Puffs<\/strong> est une vape jetable \u00e0 haute capacit\u00e9 con\u00e7ue pour une saveur durable et une inhalation douce et r\u00e9guli\u00e8re. Avec un corps transparent frappant et un style d\u00e9taill\u00e9 de gorille, elle est con\u00e7ue pour \u00eatre aussi audacieuse qu'elle est performante. \u00c0 l'int\u00e9rieur, <strong>bobine double mesh<\/strong> le chauffage aide \u00e0 offrir une d\u00e9finition de saveur plus riche du premier au dernier souffle.<\/p>\n<h3>Saveur : Fraise Glac\u00e9e<\/h3>\n<p><strong>Fraise Glac\u00e9e<\/strong> m\u00e9lange le go\u00fbt sucr\u00e9 et juteux des fraises m\u00fbres avec une finition propre et rafra\u00eechissante. Chaque inhalation apporte une note de fraise vive, suivie d'une douce brise glac\u00e9e qui garde la saveur nette et rafra\u00eechissante\u2014sucr\u00e9e, glac\u00e9e et facile \u00e0 vapoter toute la journ\u00e9e.<\/p>\n<h3>Caract\u00e9ristiques cl\u00e9s<\/h3>\n<ul>\n<li><strong>Jusqu'\u00e0 ~55 000 bouff\u00e9es<\/strong> (l'utilisation varie selon la longueur du tirage)<\/li>\n<li><strong>Options de nicotine :<\/strong> 2% ou 5%<\/li>\n<li><strong>Capacit\u00e9 de e-liquide :<\/strong> 42ml<\/li>\n<li><strong>Batterie :<\/strong> 950mAh<\/li>\n<li><strong>R\u00e9sistance :<\/strong> Double Bobine Mesh<\/li>\n<li><strong>Affichage :<\/strong> Affichage Intelligent<\/li>\n<li><strong>Chargement :<\/strong> Charge rapide Type-C<\/li>\n<\/ul>\n<h3>Pourquoi vous allez l'aimer<\/h3>\n<ul>\n<li><strong>Livraison de saveur plus compl\u00e8te :<\/strong> Le chauffage \u00e0 double maille soutient une finition douce et stratifi\u00e9e de fraise \u00e0 glace<\/li>\n<li><strong>Commodit\u00e9 de grande capacit\u00e9 :<\/strong> 42ml associ\u00e9 \u00e0 une batterie rechargeable pour une utilisation prolong\u00e9e<\/li>\n<li><strong>Surveillance facile :<\/strong> L'affichage intelligent vous aide \u00e0 suivre d'un coup d'\u0153il<\/li>\n<\/ul>\n<p>Explorez plus d'options \u00e0 haute bouff\u00e9e sur <a href=\"https:\/\/fumot.uk\/fr\/product-category\/55000-puff\/\">fumot.uk<\/a>.<\/p>","protected":false},"excerpt":{"rendered":"<p>Saveur de fraise m\u00fbre et sucr\u00e9e avec une finition glac\u00e9e propre. JNR RageGorilla 55 000 Puffs propose 42 ml d'e-liquide, une batterie rechargeable de 950 mAh, une double bobine en maille, un affichage intelligent et une charge rapide Type-C.<\/p>","protected":false},"featured_media":4549,"comment_status":"open","ping_status":"closed","template":"","meta":[],"product_brand":[],"product_cat":[235,236,17],"product_tag":[70,237,71,197,113,72,73,29,26,199,37,28],"class_list":{"0":"post-4520","1":"product","2":"type-product","3":"status-publish","4":"has-post-thumbnail","6":"product_cat-55000-puff","7":"product_cat-jnr-ragegorilla-55000-puffs","8":"product_cat-vape","9":"product_tag-2-nikotin","10":"product_tag-42ml","11":"product_tag-5-nikotin","12":"product_tag-950mah","13":"product_tag-crystal-vape","14":"product_tag-direct-to-lung","15":"product_tag-dual-mesh","16":"product_tag-ice","17":"product_tag-rechargeable","18":"product_tag-smart-display","19":"product_tag-strawberry","20":"product_tag-type-c","22":"first","23":"instock","24":"sale","25":"shipping-taxable","26":"purchasable","27":"product-type-variable","28":"has-default-attributes"},"yoast_head":"<!-- This site is optimized with the Yoast SEO plugin v26.8 - https:\/\/yoast.com\/product\/yoast-seo-wordpress\/ -->\n<title>Strawberry Ice JNR RageGorilla 55000 Puffs | fumot.uk<\/title>\n<meta name=\"description\" content=\"JNR RageGorilla 55000 Puffs Strawberry Ice: sweet strawberry with a cool finish. 42ml, 950mAh, dual mesh coil, smart display, Type-C charging. Shop fumot.uk.\" \/>\n<meta name=\"robots\" content=\"index, follow, max-snippet:-1, max-image-preview:large, max-video-preview:-1\" \/>\n<link rel=\"canonical\" href=\"https:\/\/fumot.uk\/fr\/product\/strawberry-ice-jnr-ragegorilla-55000-puffs\/\" \/>\n<meta property=\"og:locale\" content=\"fr_FR\" \/>\n<meta property=\"og:type\" content=\"article\" \/>\n<meta property=\"og:title\" content=\"Strawberry Ice \u2013 JNR RageGorilla 55000 Puffs (42ml, Dual Mesh)\" \/>\n<meta property=\"og:description\" content=\"Juicy strawberry sweetness with an icy cool finish. 42ml e-liquid, 950mAh rechargeable, smart display, dual mesh coil, Type-C charging\u2014available on fumot.uk.\" \/>\n<meta property=\"og:url\" content=\"https:\/\/fumot.uk\/fr\/product\/strawberry-ice-jnr-ragegorilla-55000-puffs\/\" \/>\n<meta property=\"og:site_name\" content=\"Fumot Official Direct | Straight from the Factory, 100% Genuine\" \/>\n<meta property=\"article:modified_time\" content=\"2026-01-21T06:30:46+00:00\" \/>\n<meta property=\"og:image\" content=\"https:\/\/fumot.uk\/wp-content\/uploads\/2026\/01\/1-Strawberry-Ice.jpg\" \/>\n\t<meta property=\"og:image:width\" content=\"800\" \/>\n\t<meta property=\"og:image:height\" content=\"800\" \/>\n\t<meta property=\"og:image:type\" content=\"image\/jpeg\" \/>\n<meta name=\"twitter:card\" content=\"summary_large_image\" \/>\n<meta name=\"twitter:label1\" content=\"Dur\u00e9e de lecture estim\u00e9e\" \/>\n\t<meta name=\"twitter:data1\" content=\"1 minute\" \/>\n<script type=\"application\/ld+json\" class=\"yoast-schema-graph\">{\"@context\":\"https:\/\/schema.org\",\"@graph\":[{\"@type\":\"WebPage\",\"@id\":\"https:\/\/fumot.uk\/product\/strawberry-ice-jnr-ragegorilla-55000-puffs\/\",\"url\":\"https:\/\/fumot.uk\/product\/strawberry-ice-jnr-ragegorilla-55000-puffs\/\",\"name\":\"Strawberry Ice JNR RageGorilla 55000 Puffs | fumot.uk\",\"isPartOf\":{\"@id\":\"https:\/\/fumot.uk\/#website\"},\"primaryImageOfPage\":{\"@id\":\"https:\/\/fumot.uk\/product\/strawberry-ice-jnr-ragegorilla-55000-puffs\/#primaryimage\"},\"image\":{\"@id\":\"https:\/\/fumot.uk\/product\/strawberry-ice-jnr-ragegorilla-55000-puffs\/#primaryimage\"},\"thumbnailUrl\":\"https:\/\/fumot.uk\/wp-content\/uploads\/2026\/01\/1-Strawberry-Ice.jpg\",\"datePublished\":\"2026-01-21T04:11:13+00:00\",\"dateModified\":\"2026-01-21T06:30:46+00:00\",\"description\":\"JNR RageGorilla 55000 Puffs Strawberry Ice: sweet strawberry with a cool finish. 42ml, 950mAh, dual mesh coil, smart display, Type-C charging. Shop fumot.uk.\",\"breadcrumb\":{\"@id\":\"https:\/\/fumot.uk\/product\/strawberry-ice-jnr-ragegorilla-55000-puffs\/#breadcrumb\"},\"inLanguage\":\"fr-FR\",\"potentialAction\":[{\"@type\":\"ReadAction\",\"target\":[\"https:\/\/fumot.uk\/product\/strawberry-ice-jnr-ragegorilla-55000-puffs\/\"]}]},{\"@type\":\"ImageObject\",\"inLanguage\":\"fr-FR\",\"@id\":\"https:\/\/fumot.uk\/product\/strawberry-ice-jnr-ragegorilla-55000-puffs\/#primaryimage\",\"url\":\"https:\/\/fumot.uk\/wp-content\/uploads\/2026\/01\/1-Strawberry-Ice.jpg\",\"contentUrl\":\"https:\/\/fumot.uk\/wp-content\/uploads\/2026\/01\/1-Strawberry-Ice.jpg\",\"width\":800,\"height\":800},{\"@type\":\"BreadcrumbList\",\"@id\":\"https:\/\/fumot.uk\/product\/strawberry-ice-jnr-ragegorilla-55000-puffs\/#breadcrumb\",\"itemListElement\":[{\"@type\":\"ListItem\",\"position\":1,\"name\":\"Home\",\"item\":\"https:\/\/fumot.uk\/\"},{\"@type\":\"ListItem\",\"position\":2,\"name\":\"Shop\",\"item\":\"https:\/\/fumot.uk\/shop\/\"},{\"@type\":\"ListItem\",\"position\":3,\"name\":\"JNR RageGorilla 55000 Puffs Strawberry Ice Disposable Vape (42ml, Dual Mesh, Smart Display)\"}]},{\"@type\":\"WebSite\",\"@id\":\"https:\/\/fumot.uk\/#website\",\"url\":\"https:\/\/fumot.uk\/\",\"name\":\"Fumot Official Direct | Straight from the Factory, 100% Genuine\",\"description\":\"Official Website\",\"publisher\":{\"@id\":\"https:\/\/fumot.uk\/#organization\"},\"potentialAction\":[{\"@type\":\"SearchAction\",\"target\":{\"@type\":\"EntryPoint\",\"urlTemplate\":\"https:\/\/fumot.uk\/?s={search_term_string}\"},\"query-input\":{\"@type\":\"PropertyValueSpecification\",\"valueRequired\":true,\"valueName\":\"search_term_string\"}}],\"inLanguage\":\"fr-FR\"},{\"@type\":\"Organization\",\"@id\":\"https:\/\/fumot.uk\/#organization\",\"name\":\"Fumot Official Direct | Straight from the Factory, 100% Genuine\",\"url\":\"https:\/\/fumot.uk\/\",\"logo\":{\"@type\":\"ImageObject\",\"inLanguage\":\"fr-FR\",\"@id\":\"https:\/\/fumot.uk\/#\/schema\/logo\/image\/\",\"url\":\"https:\/\/fumot.uk\/wp-content\/uploads\/2026\/01\/cropped-fumot-logo1.png\",\"contentUrl\":\"https:\/\/fumot.uk\/wp-content\/uploads\/2026\/01\/cropped-fumot-logo1.png\",\"width\":152,\"height\":106,\"caption\":\"Fumot Official Direct | Straight from the Factory, 100% Genuine\"},\"image\":{\"@id\":\"https:\/\/fumot.uk\/#\/schema\/logo\/image\/\"}}]}<\/script>\n<!-- \/ Yoast SEO plugin. -->","yoast_head_json":{"title":"Glace \u00e0 la Fraise JNR RageGorilla 55000 Bouff\u00e9es | fumot.uk","description":"JNR RageGorilla 55000 Puffs Fraise Glac\u00e9e : fraise sucr\u00e9e avec une finition fra\u00eeche. 42ml, 950mAh, double bobine en maille, \u00e9cran intelligent, recharge Type-C. Achetez sur fumot.uk.","robots":{"index":"index","follow":"follow","max-snippet":"max-snippet:-1","max-image-preview":"max-image-preview:large","max-video-preview":"max-video-preview:-1"},"canonical":"https:\/\/fumot.uk\/fr\/product\/strawberry-ice-jnr-ragegorilla-55000-puffs\/","og_locale":"fr_FR","og_type":"article","og_title":"Strawberry Ice \u2013 JNR RageGorilla 55000 Puffs (42ml, Dual Mesh)","og_description":"Juicy strawberry sweetness with an icy cool finish. 42ml e-liquid, 950mAh rechargeable, smart display, dual mesh coil, Type-C charging\u2014available on fumot.uk.","og_url":"https:\/\/fumot.uk\/fr\/product\/strawberry-ice-jnr-ragegorilla-55000-puffs\/","og_site_name":"Fumot Official Direct | Straight from the Factory, 100% Genuine","article_modified_time":"2026-01-21T06:30:46+00:00","og_image":[{"width":800,"height":800,"url":"https:\/\/fumot.uk\/wp-content\/uploads\/2026\/01\/1-Strawberry-Ice.jpg","type":"image\/jpeg"}],"twitter_card":"summary_large_image","twitter_misc":{"Dur\u00e9e de lecture estim\u00e9e":"1 minute"},"schema":{"@context":"https:\/\/schema.org","@graph":[{"@type":"WebPage","@id":"https:\/\/fumot.uk\/product\/strawberry-ice-jnr-ragegorilla-55000-puffs\/","url":"https:\/\/fumot.uk\/product\/strawberry-ice-jnr-ragegorilla-55000-puffs\/","name":"Glace \u00e0 la Fraise JNR RageGorilla 55000 Bouff\u00e9es | fumot.uk","isPartOf":{"@id":"https:\/\/fumot.uk\/#website"},"primaryImageOfPage":{"@id":"https:\/\/fumot.uk\/product\/strawberry-ice-jnr-ragegorilla-55000-puffs\/#primaryimage"},"image":{"@id":"https:\/\/fumot.uk\/product\/strawberry-ice-jnr-ragegorilla-55000-puffs\/#primaryimage"},"thumbnailUrl":"https:\/\/fumot.uk\/wp-content\/uploads\/2026\/01\/1-Strawberry-Ice.jpg","datePublished":"2026-01-21T04:11:13+00:00","dateModified":"2026-01-21T06:30:46+00:00","description":"JNR RageGorilla 55000 Puffs Fraise Glac\u00e9e : fraise sucr\u00e9e avec une finition fra\u00eeche. 42ml, 950mAh, double bobine en maille, \u00e9cran intelligent, recharge Type-C. Achetez sur fumot.uk.","breadcrumb":{"@id":"https:\/\/fumot.uk\/product\/strawberry-ice-jnr-ragegorilla-55000-puffs\/#breadcrumb"},"inLanguage":"fr-FR","potentialAction":[{"@type":"ReadAction","target":["https:\/\/fumot.uk\/product\/strawberry-ice-jnr-ragegorilla-55000-puffs\/"]}]},{"@type":"ImageObject","inLanguage":"fr-FR","@id":"https:\/\/fumot.uk\/product\/strawberry-ice-jnr-ragegorilla-55000-puffs\/#primaryimage","url":"https:\/\/fumot.uk\/wp-content\/uploads\/2026\/01\/1-Strawberry-Ice.jpg","contentUrl":"https:\/\/fumot.uk\/wp-content\/uploads\/2026\/01\/1-Strawberry-Ice.jpg","width":800,"height":800},{"@type":"BreadcrumbList","@id":"https:\/\/fumot.uk\/product\/strawberry-ice-jnr-ragegorilla-55000-puffs\/#breadcrumb","itemListElement":[{"@type":"ListItem","position":1,"name":"Home","item":"https:\/\/fumot.uk\/"},{"@type":"ListItem","position":2,"name":"Shop","item":"https:\/\/fumot.uk\/shop\/"},{"@type":"ListItem","position":3,"name":"JNR RageGorilla 55000 Puffs Strawberry Ice Disposable Vape (42ml, Dual Mesh, Smart Display)"}]},{"@type":"WebSite","@id":"https:\/\/fumot.uk\/#website","url":"https:\/\/fumot.uk\/","name":"Fumot Official Direct | Directement de l'usine, 100% Authentique","description":"Site officiel","publisher":{"@id":"https:\/\/fumot.uk\/#organization"},"potentialAction":[{"@type":"SearchAction","target":{"@type":"EntryPoint","urlTemplate":"https:\/\/fumot.uk\/?s={search_term_string}"},"query-input":{"@type":"PropertyValueSpecification","valueRequired":true,"valueName":"search_term_string"}}],"inLanguage":"fr-FR"},{"@type":"Organization","@id":"https:\/\/fumot.uk\/#organization","name":"Fumot Official Direct | Directement de l'usine, 100% Authentique","url":"https:\/\/fumot.uk\/","logo":{"@type":"ImageObject","inLanguage":"fr-FR","@id":"https:\/\/fumot.uk\/#\/schema\/logo\/image\/","url":"https:\/\/fumot.uk\/wp-content\/uploads\/2026\/01\/cropped-fumot-logo1.png","contentUrl":"https:\/\/fumot.uk\/wp-content\/uploads\/2026\/01\/cropped-fumot-logo1.png","width":152,"height":106,"caption":"Fumot Official Direct | Straight from the Factory, 100% Genuine"},"image":{"@id":"https:\/\/fumot.uk\/#\/schema\/logo\/image\/"}}]}},"_links":{"self":[{"href":"https:\/\/fumot.uk\/fr\/wp-json\/wp\/v2\/product\/4520","targetHints":{"allow":["GET"]}}],"collection":[{"href":"https:\/\/fumot.uk\/fr\/wp-json\/wp\/v2\/product"}],"about":[{"href":"https:\/\/fumot.uk\/fr\/wp-json\/wp\/v2\/types\/product"}],"replies":[{"embeddable":true,"href":"https:\/\/fumot.uk\/fr\/wp-json\/wp\/v2\/comments?post=4520"}],"wp:featuredmedia":[{"embeddable":true,"href":"https:\/\/fumot.uk\/fr\/wp-json\/wp\/v2\/media\/4549"}],"wp:attachment":[{"href":"https:\/\/fumot.uk\/fr\/wp-json\/wp\/v2\/media?parent=4520"}],"wp:term":[{"taxonomy":"product_brand","embeddable":true,"href":"https:\/\/fumot.uk\/fr\/wp-json\/wp\/v2\/product_brand?post=4520"},{"taxonomy":"product_cat","embeddable":true,"href":"https:\/\/fumot.uk\/fr\/wp-json\/wp\/v2\/product_cat?post=4520"},{"taxonomy":"product_tag","embeddable":true,"href":"https:\/\/fumot.uk\/fr\/wp-json\/wp\/v2\/product_tag?post=4520"}],"curies":[{"name":"wp","href":"https:\/\/api.w.org\/{rel}","templated":true}]}}