{"id":4518,"date":"2026-01-21T04:11:12","date_gmt":"2026-01-21T04:11:12","guid":{"rendered":"https:\/\/fumot.uk\/?post_type=product&#038;p=4518"},"modified":"2026-01-21T06:32:00","modified_gmt":"2026-01-21T06:32:00","slug":"hawaii-jnr-tank-pro-33000-puffs","status":"publish","type":"product","link":"https:\/\/fumot.uk\/fr\/product\/hawaii-jnr-tank-pro-33000-puffs\/","title":{"rendered":"JNR TANK PRO 33000 Puffs Hawaii \u2013 Vape jetable Fruits Tropicaux Glac\u00e9s (28ml, Double Mesh, \u00c9cran LED, Type\u2011C, 850mAh)"},"content":{"rendered":"<h2>JNR TANK PRO 33000 Puffs \u2013 Saveur Hawaii<\/h2>\n<p><strong>Hawaii<\/strong> dans la s\u00e9rie JNR TANK PRO est un m\u00e9lange lumineux de fruits tropicaux avec une finition propre et rafra\u00eechissante. Attendez-vous \u00e0 des notes de fruits juteux et m\u00fbris au soleil \u00e0 l'inhalation, suivies d'une exhalation glac\u00e9e rafra\u00eechissante qui maintient le go\u00fbt net et complexe\u2014id\u00e9al si vous aimez les profils tropicaux sucr\u00e9s sans sensation de lourdeur.<\/p>\n<h3>Profil de go\u00fbt Hawaii : Tropical, Sucr\u00e9 &amp; Rafra\u00eechissant<\/h3>\n<p>Le <strong>JNR TANK PRO 33000 Puffs Hawaii<\/strong> la saveur combine la douceur succulente des fruits tropicaux m\u00e9lang\u00e9s avec une l\u00e9g\u00e8re sensation de fra\u00eecheur. L'ar\u00f4me s'ouvre audacieux et fruit\u00e9, puis s'installe dans un arri\u00e8re-go\u00fbt lisse et frais pour une exp\u00e9rience de vape facile et quotidienne.<\/p>\n<h3>Pourquoi vous aimerez le JNR TANK PRO 33000<\/h3>\n<ul>\n<li><strong>Jusqu'\u00e0 33000 bouff\u00e9es<\/strong> pour une utilisation prolong\u00e9e<\/li>\n<li><strong>V\u00e9ritable e-liquide de 28ml<\/strong> capacit\u00e9<\/li>\n<li><strong>Double Bobine Mesh<\/strong> pour une saveur constante et une vapeur dense<\/li>\n<li><strong>\u00c9cran LED (\u00c9cran intelligent)<\/strong> affiche clairement les niveaux de batterie et d'e-liquide<\/li>\n<li><strong>R\u00e9glage de la puissance<\/strong>: 15W \/ 20W<\/li>\n<li><strong>Batterie rechargeable 850mAh<\/strong> avec <strong>Type\u2011C<\/strong> recharge rapide<\/li>\n<li><strong>Options de nicotine<\/strong>: 2% \/ 5%<\/li>\n<\/ul>\n<h3>Explorez plus de saveurs sur fumot.uk<\/h3>\n<p>Vous voulez comparer plus d'options dans la m\u00eame s\u00e9rie ? Parcourez la collection compl\u00e8te ici : <a href=\"https:\/\/fumot.uk\/fr\/product-category\/jnr-tank-pro-33000-puffs\/\"><strong>JNR TANK PRO 33000 Puffs<\/strong><\/a>.<\/p>\n<p><strong>Remarque :<\/strong> Le nombre de bouff\u00e9es peut varier en fonction des habitudes d'utilisation (longueur de tirage et r\u00e9glage de puissance).<\/p>","protected":false},"excerpt":{"rendered":"<p>Saveur Hawaii pour JNR TANK PRO 33000 : douceur de fruits tropicaux m\u00e9lang\u00e9s avec une finition fra\u00eeche et rafra\u00eechissante. 28ml, Double R\u00e9sistance en Maille, Affichage LED, 850mAh Type\u2011C rechargeable, 15W\/20W, 2%\/5% nicotine.<\/p>","protected":false},"featured_media":4548,"comment_status":"open","ping_status":"closed","template":"","meta":[],"product_brand":[],"product_cat":[217,218,17],"product_tag":[70,124,71,20,21,22,36,72,23,73,26,62],"class_list":{"0":"post-4518","1":"product","2":"type-product","3":"status-publish","4":"has-post-thumbnail","6":"product_cat-33000-puff","7":"product_cat-jnr-tank-pro-33000-puffs","8":"product_cat-vape","9":"product_tag-2-nikotin","10":"product_tag-28ml","11":"product_tag-5-nikotin","12":"product_tag-850mah","13":"product_tag-adjustable-airflow","14":"product_tag-blue-razz","15":"product_tag-cherry","16":"product_tag-direct-to-lung","17":"product_tag-display","18":"product_tag-dual-mesh","19":"product_tag-rechargeable","20":"product_tag-sale-vape","22":"first","23":"instock","24":"sale","25":"shipping-taxable","26":"purchasable","27":"product-type-variable","28":"has-default-attributes"},"yoast_head":"<!-- This site is optimized with the Yoast SEO plugin v26.8 - https:\/\/yoast.com\/product\/yoast-seo-wordpress\/ -->\n<title>JNR TANK PRO 33000 Hawaii | 28ml, Dual Mesh, Type\u2011C<\/title>\n<meta name=\"description\" content=\"JNR TANK PRO 33000 Puffs Hawaii: tropical fruit with an icy finish. 28ml e-liquid, Dual Mesh Coil, LED display, 850mAh Type\u2011C rechargeable. 2%\/5%.\" \/>\n<meta name=\"robots\" content=\"index, follow, max-snippet:-1, max-image-preview:large, max-video-preview:-1\" \/>\n<link rel=\"canonical\" href=\"https:\/\/fumot.uk\/fr\/product\/hawaii-jnr-tank-pro-33000-puffs\/\" \/>\n<meta property=\"og:locale\" content=\"fr_FR\" \/>\n<meta property=\"og:type\" content=\"article\" \/>\n<meta property=\"og:title\" content=\"JNR TANK PRO 33000 Puffs \u2013 Hawaii Tropical Fruit Ice\" \/>\n<meta property=\"og:description\" content=\"A lively tropical fruit blend with a cool, clean finish\u2014powered by Dual Mesh Coil, 28ml e-liquid, LED smart screen, and Type\u2011C rechargeable 850mAh battery.\" \/>\n<meta property=\"og:url\" content=\"https:\/\/fumot.uk\/fr\/product\/hawaii-jnr-tank-pro-33000-puffs\/\" \/>\n<meta property=\"og:site_name\" content=\"Fumot Official Direct | Straight from the Factory, 100% Genuine\" \/>\n<meta property=\"article:modified_time\" content=\"2026-01-21T06:32:00+00:00\" \/>\n<meta property=\"og:image\" content=\"https:\/\/fumot.uk\/wp-content\/uploads\/2026\/01\/Blue-Razz-Cherry-JNR-TANK-PRO-33000-Puffs-Disposable-Vape.jpg\" \/>\n\t<meta property=\"og:image:width\" content=\"800\" \/>\n\t<meta property=\"og:image:height\" content=\"800\" \/>\n\t<meta property=\"og:image:type\" content=\"image\/jpeg\" \/>\n<meta name=\"twitter:card\" content=\"summary_large_image\" \/>\n<meta name=\"twitter:label1\" content=\"Dur\u00e9e de lecture estim\u00e9e\" \/>\n\t<meta name=\"twitter:data1\" content=\"1 minute\" \/>\n<script type=\"application\/ld+json\" class=\"yoast-schema-graph\">{\"@context\":\"https:\/\/schema.org\",\"@graph\":[{\"@type\":\"WebPage\",\"@id\":\"https:\/\/fumot.uk\/product\/hawaii-jnr-tank-pro-33000-puffs\/\",\"url\":\"https:\/\/fumot.uk\/product\/hawaii-jnr-tank-pro-33000-puffs\/\",\"name\":\"JNR TANK PRO 33000 Hawaii | 28ml, Dual Mesh, Type\u2011C\",\"isPartOf\":{\"@id\":\"https:\/\/fumot.uk\/#website\"},\"primaryImageOfPage\":{\"@id\":\"https:\/\/fumot.uk\/product\/hawaii-jnr-tank-pro-33000-puffs\/#primaryimage\"},\"image\":{\"@id\":\"https:\/\/fumot.uk\/product\/hawaii-jnr-tank-pro-33000-puffs\/#primaryimage\"},\"thumbnailUrl\":\"https:\/\/fumot.uk\/wp-content\/uploads\/2026\/01\/Blue-Razz-Cherry-JNR-TANK-PRO-33000-Puffs-Disposable-Vape.jpg\",\"datePublished\":\"2026-01-21T04:11:12+00:00\",\"dateModified\":\"2026-01-21T06:32:00+00:00\",\"description\":\"JNR TANK PRO 33000 Puffs Hawaii: tropical fruit with an icy finish. 28ml e-liquid, Dual Mesh Coil, LED display, 850mAh Type\u2011C rechargeable. 2%\/5%.\",\"breadcrumb\":{\"@id\":\"https:\/\/fumot.uk\/product\/hawaii-jnr-tank-pro-33000-puffs\/#breadcrumb\"},\"inLanguage\":\"fr-FR\",\"potentialAction\":[{\"@type\":\"ReadAction\",\"target\":[\"https:\/\/fumot.uk\/product\/hawaii-jnr-tank-pro-33000-puffs\/\"]}]},{\"@type\":\"ImageObject\",\"inLanguage\":\"fr-FR\",\"@id\":\"https:\/\/fumot.uk\/product\/hawaii-jnr-tank-pro-33000-puffs\/#primaryimage\",\"url\":\"https:\/\/fumot.uk\/wp-content\/uploads\/2026\/01\/Blue-Razz-Cherry-JNR-TANK-PRO-33000-Puffs-Disposable-Vape.jpg\",\"contentUrl\":\"https:\/\/fumot.uk\/wp-content\/uploads\/2026\/01\/Blue-Razz-Cherry-JNR-TANK-PRO-33000-Puffs-Disposable-Vape.jpg\",\"width\":800,\"height\":800},{\"@type\":\"BreadcrumbList\",\"@id\":\"https:\/\/fumot.uk\/product\/hawaii-jnr-tank-pro-33000-puffs\/#breadcrumb\",\"itemListElement\":[{\"@type\":\"ListItem\",\"position\":1,\"name\":\"Home\",\"item\":\"https:\/\/fumot.uk\/\"},{\"@type\":\"ListItem\",\"position\":2,\"name\":\"Shop\",\"item\":\"https:\/\/fumot.uk\/shop\/\"},{\"@type\":\"ListItem\",\"position\":3,\"name\":\"JNR TANK PRO 33000 Puffs Hawaii \u2013 Tropical Fruit Ice Disposable Vape (28ml, Dual Mesh, LED Display, Type\u2011C, 850mAh)\"}]},{\"@type\":\"WebSite\",\"@id\":\"https:\/\/fumot.uk\/#website\",\"url\":\"https:\/\/fumot.uk\/\",\"name\":\"Fumot Official Direct | Straight from the Factory, 100% Genuine\",\"description\":\"Official Website\",\"publisher\":{\"@id\":\"https:\/\/fumot.uk\/#organization\"},\"potentialAction\":[{\"@type\":\"SearchAction\",\"target\":{\"@type\":\"EntryPoint\",\"urlTemplate\":\"https:\/\/fumot.uk\/?s={search_term_string}\"},\"query-input\":{\"@type\":\"PropertyValueSpecification\",\"valueRequired\":true,\"valueName\":\"search_term_string\"}}],\"inLanguage\":\"fr-FR\"},{\"@type\":\"Organization\",\"@id\":\"https:\/\/fumot.uk\/#organization\",\"name\":\"Fumot Official Direct | Straight from the Factory, 100% Genuine\",\"url\":\"https:\/\/fumot.uk\/\",\"logo\":{\"@type\":\"ImageObject\",\"inLanguage\":\"fr-FR\",\"@id\":\"https:\/\/fumot.uk\/#\/schema\/logo\/image\/\",\"url\":\"https:\/\/fumot.uk\/wp-content\/uploads\/2026\/01\/cropped-fumot-logo1.png\",\"contentUrl\":\"https:\/\/fumot.uk\/wp-content\/uploads\/2026\/01\/cropped-fumot-logo1.png\",\"width\":152,\"height\":106,\"caption\":\"Fumot Official Direct | Straight from the Factory, 100% Genuine\"},\"image\":{\"@id\":\"https:\/\/fumot.uk\/#\/schema\/logo\/image\/\"}}]}<\/script>\n<!-- \/ Yoast SEO plugin. -->","yoast_head_json":{"title":"JNR TANK PRO 33000 Hawaii | 28ml, Double Mesh, Type\u2011C","description":"JNR TANK PRO 33000 Puffs Hawaii : fruit tropical avec une finition glac\u00e9e. 28ml e-liquide, Double Mesh Coil, affichage LED, rechargeable Type\u2011C 850mAh. 2%\/5%.","robots":{"index":"index","follow":"follow","max-snippet":"max-snippet:-1","max-image-preview":"max-image-preview:large","max-video-preview":"max-video-preview:-1"},"canonical":"https:\/\/fumot.uk\/fr\/product\/hawaii-jnr-tank-pro-33000-puffs\/","og_locale":"fr_FR","og_type":"article","og_title":"JNR TANK PRO 33000 Puffs \u2013 Hawaii Tropical Fruit Ice","og_description":"A lively tropical fruit blend with a cool, clean finish\u2014powered by Dual Mesh Coil, 28ml e-liquid, LED smart screen, and Type\u2011C rechargeable 850mAh battery.","og_url":"https:\/\/fumot.uk\/fr\/product\/hawaii-jnr-tank-pro-33000-puffs\/","og_site_name":"Fumot Official Direct | Straight from the Factory, 100% Genuine","article_modified_time":"2026-01-21T06:32:00+00:00","og_image":[{"width":800,"height":800,"url":"https:\/\/fumot.uk\/wp-content\/uploads\/2026\/01\/Blue-Razz-Cherry-JNR-TANK-PRO-33000-Puffs-Disposable-Vape.jpg","type":"image\/jpeg"}],"twitter_card":"summary_large_image","twitter_misc":{"Dur\u00e9e de lecture estim\u00e9e":"1 minute"},"schema":{"@context":"https:\/\/schema.org","@graph":[{"@type":"WebPage","@id":"https:\/\/fumot.uk\/product\/hawaii-jnr-tank-pro-33000-puffs\/","url":"https:\/\/fumot.uk\/product\/hawaii-jnr-tank-pro-33000-puffs\/","name":"JNR TANK PRO 33000 Hawaii | 28ml, Double Mesh, Type\u2011C","isPartOf":{"@id":"https:\/\/fumot.uk\/#website"},"primaryImageOfPage":{"@id":"https:\/\/fumot.uk\/product\/hawaii-jnr-tank-pro-33000-puffs\/#primaryimage"},"image":{"@id":"https:\/\/fumot.uk\/product\/hawaii-jnr-tank-pro-33000-puffs\/#primaryimage"},"thumbnailUrl":"https:\/\/fumot.uk\/wp-content\/uploads\/2026\/01\/Blue-Razz-Cherry-JNR-TANK-PRO-33000-Puffs-Disposable-Vape.jpg","datePublished":"2026-01-21T04:11:12+00:00","dateModified":"2026-01-21T06:32:00+00:00","description":"JNR TANK PRO 33000 Puffs Hawaii : fruit tropical avec une finition glac\u00e9e. 28ml e-liquide, Double Mesh Coil, affichage LED, rechargeable Type\u2011C 850mAh. 2%\/5%.","breadcrumb":{"@id":"https:\/\/fumot.uk\/product\/hawaii-jnr-tank-pro-33000-puffs\/#breadcrumb"},"inLanguage":"fr-FR","potentialAction":[{"@type":"ReadAction","target":["https:\/\/fumot.uk\/product\/hawaii-jnr-tank-pro-33000-puffs\/"]}]},{"@type":"ImageObject","inLanguage":"fr-FR","@id":"https:\/\/fumot.uk\/product\/hawaii-jnr-tank-pro-33000-puffs\/#primaryimage","url":"https:\/\/fumot.uk\/wp-content\/uploads\/2026\/01\/Blue-Razz-Cherry-JNR-TANK-PRO-33000-Puffs-Disposable-Vape.jpg","contentUrl":"https:\/\/fumot.uk\/wp-content\/uploads\/2026\/01\/Blue-Razz-Cherry-JNR-TANK-PRO-33000-Puffs-Disposable-Vape.jpg","width":800,"height":800},{"@type":"BreadcrumbList","@id":"https:\/\/fumot.uk\/product\/hawaii-jnr-tank-pro-33000-puffs\/#breadcrumb","itemListElement":[{"@type":"ListItem","position":1,"name":"Home","item":"https:\/\/fumot.uk\/"},{"@type":"ListItem","position":2,"name":"Shop","item":"https:\/\/fumot.uk\/shop\/"},{"@type":"ListItem","position":3,"name":"JNR TANK PRO 33000 Puffs Hawaii \u2013 Tropical Fruit Ice Disposable Vape (28ml, Dual Mesh, LED Display, Type\u2011C, 850mAh)"}]},{"@type":"WebSite","@id":"https:\/\/fumot.uk\/#website","url":"https:\/\/fumot.uk\/","name":"Fumot Official Direct | Directement de l'usine, 100% Authentique","description":"Site officiel","publisher":{"@id":"https:\/\/fumot.uk\/#organization"},"potentialAction":[{"@type":"SearchAction","target":{"@type":"EntryPoint","urlTemplate":"https:\/\/fumot.uk\/?s={search_term_string}"},"query-input":{"@type":"PropertyValueSpecification","valueRequired":true,"valueName":"search_term_string"}}],"inLanguage":"fr-FR"},{"@type":"Organization","@id":"https:\/\/fumot.uk\/#organization","name":"Fumot Official Direct | Directement de l'usine, 100% Authentique","url":"https:\/\/fumot.uk\/","logo":{"@type":"ImageObject","inLanguage":"fr-FR","@id":"https:\/\/fumot.uk\/#\/schema\/logo\/image\/","url":"https:\/\/fumot.uk\/wp-content\/uploads\/2026\/01\/cropped-fumot-logo1.png","contentUrl":"https:\/\/fumot.uk\/wp-content\/uploads\/2026\/01\/cropped-fumot-logo1.png","width":152,"height":106,"caption":"Fumot Official Direct | Straight from the Factory, 100% Genuine"},"image":{"@id":"https:\/\/fumot.uk\/#\/schema\/logo\/image\/"}}]}},"_links":{"self":[{"href":"https:\/\/fumot.uk\/fr\/wp-json\/wp\/v2\/product\/4518","targetHints":{"allow":["GET"]}}],"collection":[{"href":"https:\/\/fumot.uk\/fr\/wp-json\/wp\/v2\/product"}],"about":[{"href":"https:\/\/fumot.uk\/fr\/wp-json\/wp\/v2\/types\/product"}],"replies":[{"embeddable":true,"href":"https:\/\/fumot.uk\/fr\/wp-json\/wp\/v2\/comments?post=4518"}],"wp:featuredmedia":[{"embeddable":true,"href":"https:\/\/fumot.uk\/fr\/wp-json\/wp\/v2\/media\/4548"}],"wp:attachment":[{"href":"https:\/\/fumot.uk\/fr\/wp-json\/wp\/v2\/media?parent=4518"}],"wp:term":[{"taxonomy":"product_brand","embeddable":true,"href":"https:\/\/fumot.uk\/fr\/wp-json\/wp\/v2\/product_brand?post=4518"},{"taxonomy":"product_cat","embeddable":true,"href":"https:\/\/fumot.uk\/fr\/wp-json\/wp\/v2\/product_cat?post=4518"},{"taxonomy":"product_tag","embeddable":true,"href":"https:\/\/fumot.uk\/fr\/wp-json\/wp\/v2\/product_tag?post=4518"}],"curies":[{"name":"wp","href":"https:\/\/api.w.org\/{rel}","templated":true}]}}