{"id":4517,"date":"2026-01-21T04:11:12","date_gmt":"2026-01-21T04:11:12","guid":{"rendered":"https:\/\/fumot.uk\/?post_type=product&#038;p=4517"},"modified":"2026-01-21T04:14:31","modified_gmt":"2026-01-21T04:14:31","slug":"watermelon-lce-jnr-tank-pro-33000-puffs","status":"publish","type":"product","link":"https:\/\/fumot.uk\/fr\/product\/watermelon-lce-jnr-tank-pro-33000-puffs\/","title":{"rendered":"Past\u00e8que lce-JNR TANK PRO 33000 Puffs"},"content":{"rendered":"<h4 data-start=\"0\" data-end=\"47\">JNR TANK PRO 33000 Bouff\u00e9es \u2013 <strong data-start=\"27\" data-end=\"45\">Glace Past\u00e8que<\/strong><\/h4>\n<p data-start=\"49\" data-end=\"399\">Le <strong data-start=\"53\" data-end=\"96\">JNR TANK PRO 33000 Bouff\u00e9es Past\u00e8que Glace<\/strong> Le go\u00fbt est comme un m\u00e9lange rafra\u00eechissant et sucr\u00e9 de past\u00e8que juteuse avec une touche de fra\u00eecheur glac\u00e9e qui \u00e9veille les sens. D'abord, un ar\u00f4me intense et fruit\u00e9 de past\u00e8que se d\u00e9ploie, suivi d'une note fra\u00eeche et rafra\u00eechissante qui offre une exp\u00e9rience de vapotage unique et complexe.<\/p>\n<h4 data-start=\"401\" data-end=\"455\"><strong data-start=\"401\" data-end=\"453\">Past\u00e8que Glace \u2013 Fruit\u00e9 sucr\u00e9 &amp; rafra\u00eechissant frais<\/strong><\/h4>\n<p data-start=\"457\" data-end=\"943\" data-is-last-node=\"\" data-is-only-node=\"\">Le <strong data-start=\"461\" data-end=\"504\">JNR TANK PRO 33000 Bouff\u00e9es Past\u00e8que Glace<\/strong> Le go\u00fbt combine la douceur juteuse de la past\u00e8que avec une fra\u00eecheur glac\u00e9e vivifiante. L'ar\u00f4me fruit\u00e9 se d\u00e9ploie intens\u00e9ment \u00e0 l'inhalation, suivi d'une fin fra\u00eeche et rafra\u00eechissante. Le <strong data-start=\"712\" data-end=\"742\">Technologie de double r\u00e9sistance Mesh<\/strong> assure une vapeur uniforme et riche, tandis que <strong data-start=\"796\" data-end=\"811\">33 000 bouff\u00e9es<\/strong>, le <strong data-start=\"817\" data-end=\"832\">\u00e9cran LED<\/strong> et le <strong data-start=\"841\" data-end=\"872\">Port de recharge rapide Type-C<\/strong> garantissent une exp\u00e9rience de vapotage confortable et intens\u00e9ment durable.<\/p>\n<h4>Caract\u00e9ristiques de base du JNR TANK PRO 33000 Bouff\u00e9es :<\/h4>\n<p>\u2705Bouff\u00e9es : <a href=\"https:\/\/ultravape.de\/product-category\/33000-puff\/\">33 000 Bouff\u00e9es<\/a><br \/>\n\u2705Double r\u00e9sistance Mesh<br \/>\n\u2705E-liquide : R\u00e9el 28ml<br \/>\n\u2705Nicotine :2%\/5%<br \/>\n\u2705Batterie :850mah<br \/>\n\u2705Rechargeable :Port de recharge Type-C<br \/>\n\u2705\u00c9cran LED (\u00c9cran intelligent)<br \/>\n<strong>\u2705<\/strong>Indique clairement le niveau de batterie et de e-liquide<br \/>\n<strong>\u2705<\/strong>R\u00e9glage de la puissance :15W&amp;20W<\/p>\n<p>Si vous souhaitez d\u00e9couvrir la vari\u00e9t\u00e9 des saveurs du <strong data-start=\"51\" data-end=\"79\">JNR TANK PRO 33000 Puffs<\/strong> et en savoir plus sur chaque ar\u00f4me, visitez la <a href=\"https:\/\/ultravape.de\/product-category\/jnr-tank-pro-33000-puffs\/\"><strong data-start=\"163\" data-end=\"175\">JNR TANK<\/strong><\/a> page, o\u00f9 vous trouverez des informations d\u00e9taill\u00e9es et des recommandations utiles.<\/p>","protected":false},"excerpt":{"rendered":"<p>JNR TANK PRO 33000 Puffs \u2013 Watermelon Ice Le go\u00fbt du JNR TANK PRO 33000 Puffs Watermelon Ice est comme un m\u00e9lange rafra\u00eechissant et sucr\u00e9 de past\u00e8que juteuse avec une touche de fra\u00eecheur glac\u00e9e qui \u00e9veille les sens. D'abord, un ar\u00f4me intense et fruit\u00e9 de past\u00e8que se d\u00e9ploie, suivi d'une note fra\u00eeche et rafra\u00eechissante qui offre une exp\u00e9rience de vapotage unique et complexe. Watermelon [\u2026]<\/p>","protected":false},"featured_media":4547,"comment_status":"open","ping_status":"closed","template":"","meta":[],"product_brand":[],"product_cat":[217,218,17],"product_tag":[70,124,71,20,21,72,23,73,29,26,62,32],"class_list":{"0":"post-4517","1":"product","2":"type-product","3":"status-publish","4":"has-post-thumbnail","6":"product_cat-33000-puff","7":"product_cat-jnr-tank-pro-33000-puffs","8":"product_cat-vape","9":"product_tag-2-nikotin","10":"product_tag-28ml","11":"product_tag-5-nikotin","12":"product_tag-850mah","13":"product_tag-adjustable-airflow","14":"product_tag-direct-to-lung","15":"product_tag-display","16":"product_tag-dual-mesh","17":"product_tag-ice","18":"product_tag-rechargeable","19":"product_tag-sale-vape","20":"product_tag-watermelon","22":"first","23":"instock","24":"sale","25":"shipping-taxable","26":"purchasable","27":"product-type-variable","28":"has-default-attributes"},"yoast_head":"<!-- This site is optimized with the Yoast SEO plugin v26.8 - https:\/\/yoast.com\/product\/yoast-seo-wordpress\/ -->\n<title>Watermelon lce-JNR TANK PRO 33000 Puffs - Fumot Official Direct | Straight from the Factory, 100% Genuine<\/title>\n<meta name=\"robots\" content=\"index, follow, max-snippet:-1, max-image-preview:large, max-video-preview:-1\" \/>\n<link rel=\"canonical\" href=\"https:\/\/fumot.uk\/fr\/product\/watermelon-lce-jnr-tank-pro-33000-puffs\/\" \/>\n<meta property=\"og:locale\" content=\"fr_FR\" \/>\n<meta property=\"og:type\" content=\"article\" \/>\n<meta property=\"og:title\" content=\"Watermelon lce-JNR TANK PRO 33000 Puffs - Fumot Official Direct | Straight from the Factory, 100% Genuine\" \/>\n<meta property=\"og:description\" content=\"JNR TANK PRO 33000 Puffs \u2013 Watermelon Ice Der JNR TANK PRO 33000 Puffs Watermelon Ice Geschmack ist wie ein erfrischend s\u00fc\u00dfer Mix aus saftiger Wassermelone mit einem Hauch eisiger Frische, der die Sinne belebt. Zuerst entfaltet sich ein intensives, fruchtiges Wassermelonenaroma, gefolgt von einer k\u00fchlen, erfrischenden Note, die ein einzigartiges, vielschichtiges Dampferlebnis bietet. Watermelon [&hellip;]\" \/>\n<meta property=\"og:url\" content=\"https:\/\/fumot.uk\/fr\/product\/watermelon-lce-jnr-tank-pro-33000-puffs\/\" \/>\n<meta property=\"og:site_name\" content=\"Fumot Official Direct | Straight from the Factory, 100% Genuine\" \/>\n<meta property=\"article:modified_time\" content=\"2026-01-21T04:14:31+00:00\" \/>\n<meta name=\"twitter:card\" content=\"summary_large_image\" \/>\n<meta name=\"twitter:label1\" content=\"Dur\u00e9e de lecture estim\u00e9e\" \/>\n\t<meta name=\"twitter:data1\" content=\"1 minute\" \/>\n<script type=\"application\/ld+json\" class=\"yoast-schema-graph\">{\"@context\":\"https:\/\/schema.org\",\"@graph\":[{\"@type\":\"WebPage\",\"@id\":\"https:\/\/fumot.uk\/product\/watermelon-lce-jnr-tank-pro-33000-puffs\/\",\"url\":\"https:\/\/fumot.uk\/product\/watermelon-lce-jnr-tank-pro-33000-puffs\/\",\"name\":\"Watermelon lce-JNR TANK PRO 33000 Puffs - Fumot Official Direct | Straight from the Factory, 100% Genuine\",\"isPartOf\":{\"@id\":\"https:\/\/fumot.uk\/#website\"},\"primaryImageOfPage\":{\"@id\":\"https:\/\/fumot.uk\/product\/watermelon-lce-jnr-tank-pro-33000-puffs\/#primaryimage\"},\"image\":{\"@id\":\"https:\/\/fumot.uk\/product\/watermelon-lce-jnr-tank-pro-33000-puffs\/#primaryimage\"},\"thumbnailUrl\":\"https:\/\/fumot.uk\/wp-content\/uploads\/2026\/01\/Watermelon-Ice-JNR-TANK-PRO-33000-Puffs-Disposable-Vape.jpg\",\"datePublished\":\"2026-01-21T04:11:12+00:00\",\"dateModified\":\"2026-01-21T04:14:31+00:00\",\"breadcrumb\":{\"@id\":\"https:\/\/fumot.uk\/product\/watermelon-lce-jnr-tank-pro-33000-puffs\/#breadcrumb\"},\"inLanguage\":\"fr-FR\",\"potentialAction\":[{\"@type\":\"ReadAction\",\"target\":[\"https:\/\/fumot.uk\/product\/watermelon-lce-jnr-tank-pro-33000-puffs\/\"]}]},{\"@type\":\"ImageObject\",\"inLanguage\":\"fr-FR\",\"@id\":\"https:\/\/fumot.uk\/product\/watermelon-lce-jnr-tank-pro-33000-puffs\/#primaryimage\",\"url\":\"https:\/\/fumot.uk\/wp-content\/uploads\/2026\/01\/Watermelon-Ice-JNR-TANK-PRO-33000-Puffs-Disposable-Vape.jpg\",\"contentUrl\":\"https:\/\/fumot.uk\/wp-content\/uploads\/2026\/01\/Watermelon-Ice-JNR-TANK-PRO-33000-Puffs-Disposable-Vape.jpg\",\"width\":800,\"height\":800},{\"@type\":\"BreadcrumbList\",\"@id\":\"https:\/\/fumot.uk\/product\/watermelon-lce-jnr-tank-pro-33000-puffs\/#breadcrumb\",\"itemListElement\":[{\"@type\":\"ListItem\",\"position\":1,\"name\":\"Home\",\"item\":\"https:\/\/fumot.uk\/\"},{\"@type\":\"ListItem\",\"position\":2,\"name\":\"Shop\",\"item\":\"https:\/\/fumot.uk\/shop\/\"},{\"@type\":\"ListItem\",\"position\":3,\"name\":\"Watermelon lce-JNR TANK PRO 33000 Puffs\"}]},{\"@type\":\"WebSite\",\"@id\":\"https:\/\/fumot.uk\/#website\",\"url\":\"https:\/\/fumot.uk\/\",\"name\":\"Fumot Official Direct | Straight from the Factory, 100% Genuine\",\"description\":\"Official Website\",\"publisher\":{\"@id\":\"https:\/\/fumot.uk\/#organization\"},\"potentialAction\":[{\"@type\":\"SearchAction\",\"target\":{\"@type\":\"EntryPoint\",\"urlTemplate\":\"https:\/\/fumot.uk\/?s={search_term_string}\"},\"query-input\":{\"@type\":\"PropertyValueSpecification\",\"valueRequired\":true,\"valueName\":\"search_term_string\"}}],\"inLanguage\":\"fr-FR\"},{\"@type\":\"Organization\",\"@id\":\"https:\/\/fumot.uk\/#organization\",\"name\":\"Fumot Official Direct | Straight from the Factory, 100% Genuine\",\"url\":\"https:\/\/fumot.uk\/\",\"logo\":{\"@type\":\"ImageObject\",\"inLanguage\":\"fr-FR\",\"@id\":\"https:\/\/fumot.uk\/#\/schema\/logo\/image\/\",\"url\":\"https:\/\/fumot.uk\/wp-content\/uploads\/2026\/01\/cropped-fumot-logo1.png\",\"contentUrl\":\"https:\/\/fumot.uk\/wp-content\/uploads\/2026\/01\/cropped-fumot-logo1.png\",\"width\":152,\"height\":106,\"caption\":\"Fumot Official Direct | Straight from the Factory, 100% Genuine\"},\"image\":{\"@id\":\"https:\/\/fumot.uk\/#\/schema\/logo\/image\/\"}}]}<\/script>\n<!-- \/ Yoast SEO plugin. -->","yoast_head_json":{"title":"Past\u00e8que lce-JNR TANK PRO 33000 Bouff\u00e9es - Fumot Officiel Direct | Directement de l'Usine, 100% Authentique","robots":{"index":"index","follow":"follow","max-snippet":"max-snippet:-1","max-image-preview":"max-image-preview:large","max-video-preview":"max-video-preview:-1"},"canonical":"https:\/\/fumot.uk\/fr\/product\/watermelon-lce-jnr-tank-pro-33000-puffs\/","og_locale":"fr_FR","og_type":"article","og_title":"Watermelon lce-JNR TANK PRO 33000 Puffs - Fumot Official Direct | Straight from the Factory, 100% Genuine","og_description":"JNR TANK PRO 33000 Puffs \u2013 Watermelon Ice Der JNR TANK PRO 33000 Puffs Watermelon Ice Geschmack ist wie ein erfrischend s\u00fc\u00dfer Mix aus saftiger Wassermelone mit einem Hauch eisiger Frische, der die Sinne belebt. Zuerst entfaltet sich ein intensives, fruchtiges Wassermelonenaroma, gefolgt von einer k\u00fchlen, erfrischenden Note, die ein einzigartiges, vielschichtiges Dampferlebnis bietet. Watermelon [&hellip;]","og_url":"https:\/\/fumot.uk\/fr\/product\/watermelon-lce-jnr-tank-pro-33000-puffs\/","og_site_name":"Fumot Official Direct | Straight from the Factory, 100% Genuine","article_modified_time":"2026-01-21T04:14:31+00:00","twitter_card":"summary_large_image","twitter_misc":{"Dur\u00e9e de lecture estim\u00e9e":"1 minute"},"schema":{"@context":"https:\/\/schema.org","@graph":[{"@type":"WebPage","@id":"https:\/\/fumot.uk\/product\/watermelon-lce-jnr-tank-pro-33000-puffs\/","url":"https:\/\/fumot.uk\/product\/watermelon-lce-jnr-tank-pro-33000-puffs\/","name":"Past\u00e8que lce-JNR TANK PRO 33000 Bouff\u00e9es - Fumot Officiel Direct | Directement de l'Usine, 100% Authentique","isPartOf":{"@id":"https:\/\/fumot.uk\/#website"},"primaryImageOfPage":{"@id":"https:\/\/fumot.uk\/product\/watermelon-lce-jnr-tank-pro-33000-puffs\/#primaryimage"},"image":{"@id":"https:\/\/fumot.uk\/product\/watermelon-lce-jnr-tank-pro-33000-puffs\/#primaryimage"},"thumbnailUrl":"https:\/\/fumot.uk\/wp-content\/uploads\/2026\/01\/Watermelon-Ice-JNR-TANK-PRO-33000-Puffs-Disposable-Vape.jpg","datePublished":"2026-01-21T04:11:12+00:00","dateModified":"2026-01-21T04:14:31+00:00","breadcrumb":{"@id":"https:\/\/fumot.uk\/product\/watermelon-lce-jnr-tank-pro-33000-puffs\/#breadcrumb"},"inLanguage":"fr-FR","potentialAction":[{"@type":"ReadAction","target":["https:\/\/fumot.uk\/product\/watermelon-lce-jnr-tank-pro-33000-puffs\/"]}]},{"@type":"ImageObject","inLanguage":"fr-FR","@id":"https:\/\/fumot.uk\/product\/watermelon-lce-jnr-tank-pro-33000-puffs\/#primaryimage","url":"https:\/\/fumot.uk\/wp-content\/uploads\/2026\/01\/Watermelon-Ice-JNR-TANK-PRO-33000-Puffs-Disposable-Vape.jpg","contentUrl":"https:\/\/fumot.uk\/wp-content\/uploads\/2026\/01\/Watermelon-Ice-JNR-TANK-PRO-33000-Puffs-Disposable-Vape.jpg","width":800,"height":800},{"@type":"BreadcrumbList","@id":"https:\/\/fumot.uk\/product\/watermelon-lce-jnr-tank-pro-33000-puffs\/#breadcrumb","itemListElement":[{"@type":"ListItem","position":1,"name":"Home","item":"https:\/\/fumot.uk\/"},{"@type":"ListItem","position":2,"name":"Shop","item":"https:\/\/fumot.uk\/shop\/"},{"@type":"ListItem","position":3,"name":"Watermelon lce-JNR TANK PRO 33000 Puffs"}]},{"@type":"WebSite","@id":"https:\/\/fumot.uk\/#website","url":"https:\/\/fumot.uk\/","name":"Fumot Official Direct | Directement de l'usine, 100% Authentique","description":"Site officiel","publisher":{"@id":"https:\/\/fumot.uk\/#organization"},"potentialAction":[{"@type":"SearchAction","target":{"@type":"EntryPoint","urlTemplate":"https:\/\/fumot.uk\/?s={search_term_string}"},"query-input":{"@type":"PropertyValueSpecification","valueRequired":true,"valueName":"search_term_string"}}],"inLanguage":"fr-FR"},{"@type":"Organization","@id":"https:\/\/fumot.uk\/#organization","name":"Fumot Official Direct | Directement de l'usine, 100% Authentique","url":"https:\/\/fumot.uk\/","logo":{"@type":"ImageObject","inLanguage":"fr-FR","@id":"https:\/\/fumot.uk\/#\/schema\/logo\/image\/","url":"https:\/\/fumot.uk\/wp-content\/uploads\/2026\/01\/cropped-fumot-logo1.png","contentUrl":"https:\/\/fumot.uk\/wp-content\/uploads\/2026\/01\/cropped-fumot-logo1.png","width":152,"height":106,"caption":"Fumot Official Direct | Straight from the Factory, 100% Genuine"},"image":{"@id":"https:\/\/fumot.uk\/#\/schema\/logo\/image\/"}}]}},"_links":{"self":[{"href":"https:\/\/fumot.uk\/fr\/wp-json\/wp\/v2\/product\/4517","targetHints":{"allow":["GET"]}}],"collection":[{"href":"https:\/\/fumot.uk\/fr\/wp-json\/wp\/v2\/product"}],"about":[{"href":"https:\/\/fumot.uk\/fr\/wp-json\/wp\/v2\/types\/product"}],"replies":[{"embeddable":true,"href":"https:\/\/fumot.uk\/fr\/wp-json\/wp\/v2\/comments?post=4517"}],"wp:featuredmedia":[{"embeddable":true,"href":"https:\/\/fumot.uk\/fr\/wp-json\/wp\/v2\/media\/4547"}],"wp:attachment":[{"href":"https:\/\/fumot.uk\/fr\/wp-json\/wp\/v2\/media?parent=4517"}],"wp:term":[{"taxonomy":"product_brand","embeddable":true,"href":"https:\/\/fumot.uk\/fr\/wp-json\/wp\/v2\/product_brand?post=4517"},{"taxonomy":"product_cat","embeddable":true,"href":"https:\/\/fumot.uk\/fr\/wp-json\/wp\/v2\/product_cat?post=4517"},{"taxonomy":"product_tag","embeddable":true,"href":"https:\/\/fumot.uk\/fr\/wp-json\/wp\/v2\/product_tag?post=4517"}],"curies":[{"name":"wp","href":"https:\/\/api.w.org\/{rel}","templated":true}]}}