{"id":4497,"date":"2026-01-21T04:10:49","date_gmt":"2026-01-21T04:10:49","guid":{"rendered":"https:\/\/fumot.uk\/?post_type=product&#038;p=4497"},"modified":"2026-01-21T06:37:21","modified_gmt":"2026-01-21T06:37:21","slug":"strawberry-banana-jnr-tank-pro-33000-puffs","status":"publish","type":"product","link":"https:\/\/fumot.uk\/fr\/product\/strawberry-banana-jnr-tank-pro-33000-puffs\/","title":{"rendered":"JNR TANK PRO 33000 Puffs Vape Jetable Fraise Banane (28ml, Double Mesh, \u00c9cran LED, Type\u2011C, 850mAh)"},"content":{"rendered":"<h2>JNR TANK PRO 33000 Bouff\u00e9es \u2013 Fraise Banane<\/h2>\n<p>Profitez d'un m\u00e9lange doux et fruit\u00e9 avec le <strong>JNR TANK PRO 33000 Bouff\u00e9es Fraise Banane<\/strong>. L'inhalation s'ouvre sur une douceur de fraise juteuse et vive, suivie d'une finition de banane cr\u00e9meuse qui se sent douce et satisfaisante\u2014\u00e9quilibr\u00e9e pour un style de vape toute la journ\u00e9e sans \u00eatre \u00e9crasante.<\/p>\n<h3>Profil de Saveur : Fruit\u00e9 Doux &amp; Cr\u00e9meux Lisse<\/h3>\n<p><strong>Fraise Banane<\/strong> apporte un m\u00e9lange de fruits familier de type dessert : des notes de fraise vives au d\u00e9but, puis un caract\u00e8re de cr\u00e8me de banane doux \u00e0 l'expiration. Associ\u00e9 \u00e0 une aspiration constante, il offre un go\u00fbt en couches qui reste propre et agr\u00e9able de la premi\u00e8re \u00e0 la derni\u00e8re bouff\u00e9e.<\/p>\n<h3>Pourquoi vous allez adorer le JNR TANK PRO 33000<\/h3>\n<ul>\n<li><strong>Jusqu'\u00e0 33000 bouff\u00e9es<\/strong> pour une utilisation prolong\u00e9e*<\/li>\n<li><strong>V\u00e9ritable e-liquide de 28ml<\/strong> capacit\u00e9 pour une saveur durable<\/li>\n<li><strong>Double Bobine Mesh<\/strong> pour un chauffage uniforme et une vapeur plus abondante<\/li>\n<li><strong>\u00c9cran LED (\u00c9cran intelligent)<\/strong> montre clairement le niveau de la batterie et du e-liquide<\/li>\n<li><strong>batterie rechargeable de 850mAh<\/strong> con\u00e7u pour une fiabilit\u00e9 quotidienne<\/li>\n<li><strong>Charge rapide Type\u2011C<\/strong> pour des recharges rapides<\/li>\n<li><strong>R\u00e9glage de la puissance :<\/strong> 15W \/ 20W<\/li>\n<li><strong>Options de nicotine :<\/strong> 2% ou 5%<\/li>\n<\/ul>\n<p><em>*Le nombre de bouff\u00e9es varie selon les habitudes d'utilisation et les r\u00e9glages.<\/em><\/p>\n<h3>Caract\u00e9ristiques<\/h3>\n<ul>\n<li><strong>Saveur :<\/strong> JNR TANK PRO<\/li>\n<li><strong>Bouff\u00e9es :<\/strong> 33000<\/li>\n<li><strong>Saveur :<\/strong> Fraise Banane<\/li>\n<li><strong>E-liquide :<\/strong> 28ml<\/li>\n<li><strong>Nicotine :<\/strong> 2% \/ 5%<\/li>\n<li><strong>R\u00e9sistance :<\/strong> Double Bobine Mesh<\/li>\n<li><strong>Batterie :<\/strong> 850mAh<\/li>\n<li><strong>Chargement :<\/strong> Type\u2011C<\/li>\n<li><strong>Affichage :<\/strong> \u00c9cran LED (\u00c9cran intelligent)<\/li>\n<li><strong>Puissance :<\/strong> 15W &amp; 20W<\/li>\n<\/ul>\n<h3>Explorez plus de saveurs sur fumot.uk<\/h3>\n<p>Vous voulez comparer plus d'options dans la m\u00eame s\u00e9rie ? Parcourez la gamme compl\u00e8te ici : <a href=\"https:\/\/fumot.uk\/fr\/product-category\/jnr-tank-pro-33000-puffs\/\">collection JNR TANK PRO 33000 Puffs<\/a>.<\/p>","protected":false},"excerpt":{"rendered":"<p>JNR TANK PRO 33000 Puffs Strawberry Banana vape jetable avec v\u00e9ritable e-liquide de 28ml, Double Mesh Coil, \u00e9cran intelligent LED, batterie 850mAh, charge Type\u2011C, et options de nicotine 2%\/5%.<\/p>","protected":false},"featured_media":4545,"comment_status":"open","ping_status":"closed","template":"","meta":[],"product_brand":[],"product_cat":[217,218,17],"product_tag":[70,124,71,20,21,57,72,23,73,26,62,37],"class_list":{"0":"post-4497","1":"product","2":"type-product","3":"status-publish","4":"has-post-thumbnail","6":"product_cat-33000-puff","7":"product_cat-jnr-tank-pro-33000-puffs","8":"product_cat-vape","9":"product_tag-2-nikotin","10":"product_tag-28ml","11":"product_tag-5-nikotin","12":"product_tag-850mah","13":"product_tag-adjustable-airflow","14":"product_tag-banana","15":"product_tag-direct-to-lung","16":"product_tag-display","17":"product_tag-dual-mesh","18":"product_tag-rechargeable","19":"product_tag-sale-vape","20":"product_tag-strawberry","22":"first","23":"instock","24":"sale","25":"shipping-taxable","26":"purchasable","27":"product-type-variable","28":"has-default-attributes"},"yoast_head":"<!-- This site is optimized with the Yoast SEO plugin v26.8 - https:\/\/yoast.com\/product\/yoast-seo-wordpress\/ -->\n<title>JNR TANK PRO 33000 Strawberry Banana | 28ml, Dual Mesh<\/title>\n<meta name=\"description\" content=\"JNR TANK PRO 33000 Puffs Strawberry Banana: real 28ml e-liquid, Dual Mesh Coil, LED display, 850mAh, Type\u2011C charging, 2%\/5% nicotine. Shop fumot.uk.\" \/>\n<meta name=\"robots\" content=\"index, follow, max-snippet:-1, max-image-preview:large, max-video-preview:-1\" \/>\n<link rel=\"canonical\" href=\"https:\/\/fumot.uk\/fr\/product\/strawberry-banana-jnr-tank-pro-33000-puffs\/\" \/>\n<meta property=\"og:locale\" content=\"fr_FR\" \/>\n<meta property=\"og:type\" content=\"article\" \/>\n<meta property=\"og:title\" content=\"Strawberry Banana JNR TANK PRO 33000 Puffs (28ml)\" \/>\n<meta property=\"og:description\" content=\"A smooth strawberry-to-creamy-banana blend with Dual Mesh Coil, LED smart screen, 850mAh battery and Type\u2011C charging. 2% or 5% nicotine.\" \/>\n<meta property=\"og:url\" content=\"https:\/\/fumot.uk\/fr\/product\/strawberry-banana-jnr-tank-pro-33000-puffs\/\" \/>\n<meta property=\"og:site_name\" content=\"Fumot Official Direct | Straight from the Factory, 100% Genuine\" \/>\n<meta property=\"article:modified_time\" content=\"2026-01-21T06:37:21+00:00\" \/>\n<meta property=\"og:image\" content=\"https:\/\/fumot.uk\/wp-content\/uploads\/2026\/01\/Strawberry-Banana-JNR-TANK-PRO-33000-Puffs-Disposable-Vape.jpg\" \/>\n\t<meta property=\"og:image:width\" content=\"800\" \/>\n\t<meta property=\"og:image:height\" content=\"800\" \/>\n\t<meta property=\"og:image:type\" content=\"image\/jpeg\" \/>\n<meta name=\"twitter:card\" content=\"summary_large_image\" \/>\n<meta name=\"twitter:label1\" content=\"Dur\u00e9e de lecture estim\u00e9e\" \/>\n\t<meta name=\"twitter:data1\" content=\"1 minute\" \/>\n<script type=\"application\/ld+json\" class=\"yoast-schema-graph\">{\"@context\":\"https:\/\/schema.org\",\"@graph\":[{\"@type\":\"WebPage\",\"@id\":\"https:\/\/fumot.uk\/product\/strawberry-banana-jnr-tank-pro-33000-puffs\/\",\"url\":\"https:\/\/fumot.uk\/product\/strawberry-banana-jnr-tank-pro-33000-puffs\/\",\"name\":\"JNR TANK PRO 33000 Strawberry Banana | 28ml, Dual Mesh\",\"isPartOf\":{\"@id\":\"https:\/\/fumot.uk\/#website\"},\"primaryImageOfPage\":{\"@id\":\"https:\/\/fumot.uk\/product\/strawberry-banana-jnr-tank-pro-33000-puffs\/#primaryimage\"},\"image\":{\"@id\":\"https:\/\/fumot.uk\/product\/strawberry-banana-jnr-tank-pro-33000-puffs\/#primaryimage\"},\"thumbnailUrl\":\"https:\/\/fumot.uk\/wp-content\/uploads\/2026\/01\/Strawberry-Banana-JNR-TANK-PRO-33000-Puffs-Disposable-Vape.jpg\",\"datePublished\":\"2026-01-21T04:10:49+00:00\",\"dateModified\":\"2026-01-21T06:37:21+00:00\",\"description\":\"JNR TANK PRO 33000 Puffs Strawberry Banana: real 28ml e-liquid, Dual Mesh Coil, LED display, 850mAh, Type\u2011C charging, 2%\/5% nicotine. Shop fumot.uk.\",\"breadcrumb\":{\"@id\":\"https:\/\/fumot.uk\/product\/strawberry-banana-jnr-tank-pro-33000-puffs\/#breadcrumb\"},\"inLanguage\":\"fr-FR\",\"potentialAction\":[{\"@type\":\"ReadAction\",\"target\":[\"https:\/\/fumot.uk\/product\/strawberry-banana-jnr-tank-pro-33000-puffs\/\"]}]},{\"@type\":\"ImageObject\",\"inLanguage\":\"fr-FR\",\"@id\":\"https:\/\/fumot.uk\/product\/strawberry-banana-jnr-tank-pro-33000-puffs\/#primaryimage\",\"url\":\"https:\/\/fumot.uk\/wp-content\/uploads\/2026\/01\/Strawberry-Banana-JNR-TANK-PRO-33000-Puffs-Disposable-Vape.jpg\",\"contentUrl\":\"https:\/\/fumot.uk\/wp-content\/uploads\/2026\/01\/Strawberry-Banana-JNR-TANK-PRO-33000-Puffs-Disposable-Vape.jpg\",\"width\":800,\"height\":800},{\"@type\":\"BreadcrumbList\",\"@id\":\"https:\/\/fumot.uk\/product\/strawberry-banana-jnr-tank-pro-33000-puffs\/#breadcrumb\",\"itemListElement\":[{\"@type\":\"ListItem\",\"position\":1,\"name\":\"Home\",\"item\":\"https:\/\/fumot.uk\/\"},{\"@type\":\"ListItem\",\"position\":2,\"name\":\"Shop\",\"item\":\"https:\/\/fumot.uk\/shop\/\"},{\"@type\":\"ListItem\",\"position\":3,\"name\":\"JNR TANK PRO 33000 Puffs Strawberry Banana Disposable Vape (28ml, Dual Mesh, LED Display, Type\u2011C, 850mAh)\"}]},{\"@type\":\"WebSite\",\"@id\":\"https:\/\/fumot.uk\/#website\",\"url\":\"https:\/\/fumot.uk\/\",\"name\":\"Fumot Official Direct | Straight from the Factory, 100% Genuine\",\"description\":\"Official Website\",\"publisher\":{\"@id\":\"https:\/\/fumot.uk\/#organization\"},\"potentialAction\":[{\"@type\":\"SearchAction\",\"target\":{\"@type\":\"EntryPoint\",\"urlTemplate\":\"https:\/\/fumot.uk\/?s={search_term_string}\"},\"query-input\":{\"@type\":\"PropertyValueSpecification\",\"valueRequired\":true,\"valueName\":\"search_term_string\"}}],\"inLanguage\":\"fr-FR\"},{\"@type\":\"Organization\",\"@id\":\"https:\/\/fumot.uk\/#organization\",\"name\":\"Fumot Official Direct | Straight from the Factory, 100% Genuine\",\"url\":\"https:\/\/fumot.uk\/\",\"logo\":{\"@type\":\"ImageObject\",\"inLanguage\":\"fr-FR\",\"@id\":\"https:\/\/fumot.uk\/#\/schema\/logo\/image\/\",\"url\":\"https:\/\/fumot.uk\/wp-content\/uploads\/2026\/01\/cropped-fumot-logo1.png\",\"contentUrl\":\"https:\/\/fumot.uk\/wp-content\/uploads\/2026\/01\/cropped-fumot-logo1.png\",\"width\":152,\"height\":106,\"caption\":\"Fumot Official Direct | Straight from the Factory, 100% Genuine\"},\"image\":{\"@id\":\"https:\/\/fumot.uk\/#\/schema\/logo\/image\/\"}}]}<\/script>\n<!-- \/ Yoast SEO plugin. -->","yoast_head_json":{"title":"JNR TANK PRO 33000 Fraise Banane | 28ml, Double Mesh","description":"JNR TANK PRO 33000 Puffs Fraise Banane : v\u00e9ritable e-liquide 28ml, Double R\u00e9sistance Mesh, \u00e9cran LED, 850mAh, charge Type\u2011C, 2%\/5% nicotine. Shop fumot.uk.","robots":{"index":"index","follow":"follow","max-snippet":"max-snippet:-1","max-image-preview":"max-image-preview:large","max-video-preview":"max-video-preview:-1"},"canonical":"https:\/\/fumot.uk\/fr\/product\/strawberry-banana-jnr-tank-pro-33000-puffs\/","og_locale":"fr_FR","og_type":"article","og_title":"Strawberry Banana JNR TANK PRO 33000 Puffs (28ml)","og_description":"A smooth strawberry-to-creamy-banana blend with Dual Mesh Coil, LED smart screen, 850mAh battery and Type\u2011C charging. 2% or 5% nicotine.","og_url":"https:\/\/fumot.uk\/fr\/product\/strawberry-banana-jnr-tank-pro-33000-puffs\/","og_site_name":"Fumot Official Direct | Straight from the Factory, 100% Genuine","article_modified_time":"2026-01-21T06:37:21+00:00","og_image":[{"width":800,"height":800,"url":"https:\/\/fumot.uk\/wp-content\/uploads\/2026\/01\/Strawberry-Banana-JNR-TANK-PRO-33000-Puffs-Disposable-Vape.jpg","type":"image\/jpeg"}],"twitter_card":"summary_large_image","twitter_misc":{"Dur\u00e9e de lecture estim\u00e9e":"1 minute"},"schema":{"@context":"https:\/\/schema.org","@graph":[{"@type":"WebPage","@id":"https:\/\/fumot.uk\/product\/strawberry-banana-jnr-tank-pro-33000-puffs\/","url":"https:\/\/fumot.uk\/product\/strawberry-banana-jnr-tank-pro-33000-puffs\/","name":"JNR TANK PRO 33000 Fraise Banane | 28ml, Double Mesh","isPartOf":{"@id":"https:\/\/fumot.uk\/#website"},"primaryImageOfPage":{"@id":"https:\/\/fumot.uk\/product\/strawberry-banana-jnr-tank-pro-33000-puffs\/#primaryimage"},"image":{"@id":"https:\/\/fumot.uk\/product\/strawberry-banana-jnr-tank-pro-33000-puffs\/#primaryimage"},"thumbnailUrl":"https:\/\/fumot.uk\/wp-content\/uploads\/2026\/01\/Strawberry-Banana-JNR-TANK-PRO-33000-Puffs-Disposable-Vape.jpg","datePublished":"2026-01-21T04:10:49+00:00","dateModified":"2026-01-21T06:37:21+00:00","description":"JNR TANK PRO 33000 Puffs Fraise Banane : v\u00e9ritable e-liquide 28ml, Double R\u00e9sistance Mesh, \u00e9cran LED, 850mAh, charge Type\u2011C, 2%\/5% nicotine. Shop fumot.uk.","breadcrumb":{"@id":"https:\/\/fumot.uk\/product\/strawberry-banana-jnr-tank-pro-33000-puffs\/#breadcrumb"},"inLanguage":"fr-FR","potentialAction":[{"@type":"ReadAction","target":["https:\/\/fumot.uk\/product\/strawberry-banana-jnr-tank-pro-33000-puffs\/"]}]},{"@type":"ImageObject","inLanguage":"fr-FR","@id":"https:\/\/fumot.uk\/product\/strawberry-banana-jnr-tank-pro-33000-puffs\/#primaryimage","url":"https:\/\/fumot.uk\/wp-content\/uploads\/2026\/01\/Strawberry-Banana-JNR-TANK-PRO-33000-Puffs-Disposable-Vape.jpg","contentUrl":"https:\/\/fumot.uk\/wp-content\/uploads\/2026\/01\/Strawberry-Banana-JNR-TANK-PRO-33000-Puffs-Disposable-Vape.jpg","width":800,"height":800},{"@type":"BreadcrumbList","@id":"https:\/\/fumot.uk\/product\/strawberry-banana-jnr-tank-pro-33000-puffs\/#breadcrumb","itemListElement":[{"@type":"ListItem","position":1,"name":"Home","item":"https:\/\/fumot.uk\/"},{"@type":"ListItem","position":2,"name":"Shop","item":"https:\/\/fumot.uk\/shop\/"},{"@type":"ListItem","position":3,"name":"JNR TANK PRO 33000 Puffs Strawberry Banana Disposable Vape (28ml, Dual Mesh, LED Display, Type\u2011C, 850mAh)"}]},{"@type":"WebSite","@id":"https:\/\/fumot.uk\/#website","url":"https:\/\/fumot.uk\/","name":"Fumot Official Direct | Directement de l'usine, 100% Authentique","description":"Site officiel","publisher":{"@id":"https:\/\/fumot.uk\/#organization"},"potentialAction":[{"@type":"SearchAction","target":{"@type":"EntryPoint","urlTemplate":"https:\/\/fumot.uk\/?s={search_term_string}"},"query-input":{"@type":"PropertyValueSpecification","valueRequired":true,"valueName":"search_term_string"}}],"inLanguage":"fr-FR"},{"@type":"Organization","@id":"https:\/\/fumot.uk\/#organization","name":"Fumot Official Direct | Directement de l'usine, 100% Authentique","url":"https:\/\/fumot.uk\/","logo":{"@type":"ImageObject","inLanguage":"fr-FR","@id":"https:\/\/fumot.uk\/#\/schema\/logo\/image\/","url":"https:\/\/fumot.uk\/wp-content\/uploads\/2026\/01\/cropped-fumot-logo1.png","contentUrl":"https:\/\/fumot.uk\/wp-content\/uploads\/2026\/01\/cropped-fumot-logo1.png","width":152,"height":106,"caption":"Fumot Official Direct | Straight from the Factory, 100% Genuine"},"image":{"@id":"https:\/\/fumot.uk\/#\/schema\/logo\/image\/"}}]}},"_links":{"self":[{"href":"https:\/\/fumot.uk\/fr\/wp-json\/wp\/v2\/product\/4497","targetHints":{"allow":["GET"]}}],"collection":[{"href":"https:\/\/fumot.uk\/fr\/wp-json\/wp\/v2\/product"}],"about":[{"href":"https:\/\/fumot.uk\/fr\/wp-json\/wp\/v2\/types\/product"}],"replies":[{"embeddable":true,"href":"https:\/\/fumot.uk\/fr\/wp-json\/wp\/v2\/comments?post=4497"}],"wp:featuredmedia":[{"embeddable":true,"href":"https:\/\/fumot.uk\/fr\/wp-json\/wp\/v2\/media\/4545"}],"wp:attachment":[{"href":"https:\/\/fumot.uk\/fr\/wp-json\/wp\/v2\/media?parent=4497"}],"wp:term":[{"taxonomy":"product_brand","embeddable":true,"href":"https:\/\/fumot.uk\/fr\/wp-json\/wp\/v2\/product_brand?post=4497"},{"taxonomy":"product_cat","embeddable":true,"href":"https:\/\/fumot.uk\/fr\/wp-json\/wp\/v2\/product_cat?post=4497"},{"taxonomy":"product_tag","embeddable":true,"href":"https:\/\/fumot.uk\/fr\/wp-json\/wp\/v2\/product_tag?post=4497"}],"curies":[{"name":"wp","href":"https:\/\/api.w.org\/{rel}","templated":true}]}}