{"id":4495,"date":"2026-01-21T04:10:49","date_gmt":"2026-01-21T04:10:49","guid":{"rendered":"https:\/\/fumot.uk\/?post_type=product&#038;p=4495"},"modified":"2026-01-21T06:37:45","modified_gmt":"2026-01-21T06:37:45","slug":"blueberry-sour-raspberry-jnr-tank-pro-33000-puffs","status":"publish","type":"product","link":"https:\/\/fumot.uk\/fr\/product\/blueberry-sour-raspberry-jnr-tank-pro-33000-puffs\/","title":{"rendered":"JNR TANK PRO 33000 Puffs Vape Jetable Myrtille Framboise Aigre | Double R\u00e9sistance en Maille, 28ml, \u00c9cran LED"},"content":{"rendered":"<h2>JNR TANK PRO 33000 Puffs \u2013 Framboise aigre aux myrtilles<\/h2>\n<p><strong>Myrtille Framboise acide<\/strong> apporte un contraste audacieux de baies : douceur de myrtille lisse et confitur\u00e9e \u00e0 l'inhalation, suivie d'une vive torsion de framboise aigre \u00e0 l'expiration. C'est une vape fruit\u00e9e et en couches qui reste rafra\u00eechissante sans \u00eatre trop forte.<\/p>\n<h3>Profil de saveur : Baie sucr\u00e9e rencontre framboise aigre<\/h3>\n<ul>\n<li><strong>Inhalation :<\/strong> douceur riche de myrtille<\/li>\n<li><strong>Expiration :<\/strong> finition de framboise aigre vive<\/li>\n<li><strong>Global :<\/strong> vibrant, \u00e9quilibr\u00e9 et au go\u00fbt pur<\/li>\n<\/ul>\n<h3>Pourquoi vous aimerez le JNR TANK PRO 33000<\/h3>\n<p>Con\u00e7u pour la coh\u00e9rence et la commodit\u00e9, la <strong>JNR TANK PRO 33000 Puffs<\/strong> associe un <strong>Double Bobine Mesh<\/strong> avec un g\u00e9n\u00e9reux <strong>v\u00e9ritable e-liquide de 28ml<\/strong> capacit\u00e9 pour une saveur compl\u00e8te et une vapeur constante. Le <strong>affichage LED intelligent<\/strong> vous informe d'un coup d'\u0153il, tandis que <strong>Charge rapide Type\u2011C<\/strong> vous aide \u00e0 reprendre rapidement la vape.<\/p>\n<h3>Caract\u00e9ristiques cl\u00e9s<\/h3>\n<ul>\n<li><strong>Bouff\u00e9es :<\/strong> Jusqu'\u00e0 33000<\/li>\n<li><strong>R\u00e9sistance :<\/strong> Double Bobine Mesh<\/li>\n<li><strong>850mAh (rechargeable)<\/strong> R\u00e9el 28ml<\/li>\n<li><strong>Teneur en Nicotine :<\/strong> 2% ou 5% (s\u00e9lectionnez votre option)<\/li>\n<li><strong>Batterie :<\/strong> R\u00e9sistance en maille<\/li>\n<li><strong>Chargement :<\/strong> Port de charge Type\u2011C<\/li>\n<li><strong>Affichage :<\/strong> \u00c9cran intelligent LED (affiche le niveau de batterie et de e-liquide)<\/li>\n<li><strong>R\u00e9glage de Puissance :<\/strong> 15W \/ 20W<\/li>\n<\/ul>\n<h3>Explorez plus de saveurs sur fumot.uk<\/h3>\n<p>Vous voulez comparer plus d'options fruit\u00e9es et glac\u00e9es dans la m\u00eame s\u00e9rie ? Parcourez le <a href=\"https:\/\/fumot.uk\/fr\/product-category\/jnr-tank-pro-33000-puffs\/\"><strong>collection JNR TANK PRO 33000 Puffs<\/strong><\/a> sur fumot.uk pour plus de saveurs et de recommandations.<\/p>\n<p><strong>Prix :<\/strong> \u00a312.44<\/p>","protected":false},"excerpt":{"rendered":"<p>JNR TANK PRO 33000 Puffs en Myrtille Framboise Aigre : inhalation de myrtille sucr\u00e9e, finition framboise aigre. Double bobine en mesh, v\u00e9ritable e-liquide de 28ml, affichage LED, charge Type\u2011C, batterie 850mAh. Options de nicotine : 2% ou 5%.<\/p>","protected":false},"featured_media":4516,"comment_status":"open","ping_status":"closed","template":"","meta":[],"product_brand":[],"product_cat":[217,218,17],"product_tag":[70,124,71,20,21,33,36,72,23,73,34,26,62],"class_list":{"0":"post-4495","1":"product","2":"type-product","3":"status-publish","4":"has-post-thumbnail","6":"product_cat-33000-puff","7":"product_cat-jnr-tank-pro-33000-puffs","8":"product_cat-vape","9":"product_tag-2-nikotin","10":"product_tag-28ml","11":"product_tag-5-nikotin","12":"product_tag-850mah","13":"product_tag-adjustable-airflow","14":"product_tag-blueberry","15":"product_tag-cherry","16":"product_tag-direct-to-lung","17":"product_tag-display","18":"product_tag-dual-mesh","19":"product_tag-raspberry","20":"product_tag-rechargeable","21":"product_tag-sale-vape","23":"first","24":"instock","25":"sale","26":"shipping-taxable","27":"purchasable","28":"product-type-variable","29":"has-default-attributes"},"yoast_head":"<!-- This site is optimized with the Yoast SEO plugin v26.8 - https:\/\/yoast.com\/product\/yoast-seo-wordpress\/ -->\n<title>JNR TANK PRO 33000 Blueberry Sour Raspberry Vape<\/title>\n<meta name=\"description\" content=\"Blueberry Sour Raspberry JNR TANK PRO 33000: sweet blueberry with a tangy sour raspberry finish. Dual mesh, 28ml, LED display, Type\u2011C, 850mAh.\" \/>\n<meta name=\"robots\" content=\"index, follow, max-snippet:-1, max-image-preview:large, max-video-preview:-1\" \/>\n<link rel=\"canonical\" href=\"https:\/\/fumot.uk\/fr\/product\/blueberry-sour-raspberry-jnr-tank-pro-33000-puffs\/\" \/>\n<meta property=\"og:locale\" content=\"fr_FR\" \/>\n<meta property=\"og:type\" content=\"article\" \/>\n<meta property=\"og:title\" content=\"Blueberry Sour Raspberry \u2013 JNR TANK PRO 33000 Puffs\" \/>\n<meta property=\"og:description\" content=\"A sweet blueberry inhale with a zesty sour raspberry exhale. Dual Mesh Coil, real 28ml e-liquid, LED smart screen, Type\u2011C charging, 850mAh battery.\" \/>\n<meta property=\"og:url\" content=\"https:\/\/fumot.uk\/fr\/product\/blueberry-sour-raspberry-jnr-tank-pro-33000-puffs\/\" \/>\n<meta property=\"og:site_name\" content=\"Fumot Official Direct | Straight from the Factory, 100% Genuine\" \/>\n<meta property=\"article:modified_time\" content=\"2026-01-21T06:37:45+00:00\" \/>\n<meta property=\"og:image\" content=\"https:\/\/fumot.uk\/wp-content\/uploads\/2026\/01\/Blueberry-Sour-Raspberry-JNR-TANK-PRO-33000-Puffs-Disposable-Vape.jpg\" \/>\n\t<meta property=\"og:image:width\" content=\"800\" \/>\n\t<meta property=\"og:image:height\" content=\"800\" \/>\n\t<meta property=\"og:image:type\" content=\"image\/jpeg\" \/>\n<meta name=\"twitter:card\" content=\"summary_large_image\" \/>\n<meta name=\"twitter:label1\" content=\"Dur\u00e9e de lecture estim\u00e9e\" \/>\n\t<meta name=\"twitter:data1\" content=\"1 minute\" \/>\n<script type=\"application\/ld+json\" class=\"yoast-schema-graph\">{\"@context\":\"https:\/\/schema.org\",\"@graph\":[{\"@type\":\"WebPage\",\"@id\":\"https:\/\/fumot.uk\/product\/blueberry-sour-raspberry-jnr-tank-pro-33000-puffs\/\",\"url\":\"https:\/\/fumot.uk\/product\/blueberry-sour-raspberry-jnr-tank-pro-33000-puffs\/\",\"name\":\"JNR TANK PRO 33000 Blueberry Sour Raspberry Vape\",\"isPartOf\":{\"@id\":\"https:\/\/fumot.uk\/#website\"},\"primaryImageOfPage\":{\"@id\":\"https:\/\/fumot.uk\/product\/blueberry-sour-raspberry-jnr-tank-pro-33000-puffs\/#primaryimage\"},\"image\":{\"@id\":\"https:\/\/fumot.uk\/product\/blueberry-sour-raspberry-jnr-tank-pro-33000-puffs\/#primaryimage\"},\"thumbnailUrl\":\"https:\/\/fumot.uk\/wp-content\/uploads\/2026\/01\/Blueberry-Sour-Raspberry-JNR-TANK-PRO-33000-Puffs-Disposable-Vape.jpg\",\"datePublished\":\"2026-01-21T04:10:49+00:00\",\"dateModified\":\"2026-01-21T06:37:45+00:00\",\"description\":\"Blueberry Sour Raspberry JNR TANK PRO 33000: sweet blueberry with a tangy sour raspberry finish. Dual mesh, 28ml, LED display, Type\u2011C, 850mAh.\",\"breadcrumb\":{\"@id\":\"https:\/\/fumot.uk\/product\/blueberry-sour-raspberry-jnr-tank-pro-33000-puffs\/#breadcrumb\"},\"inLanguage\":\"fr-FR\",\"potentialAction\":[{\"@type\":\"ReadAction\",\"target\":[\"https:\/\/fumot.uk\/product\/blueberry-sour-raspberry-jnr-tank-pro-33000-puffs\/\"]}]},{\"@type\":\"ImageObject\",\"inLanguage\":\"fr-FR\",\"@id\":\"https:\/\/fumot.uk\/product\/blueberry-sour-raspberry-jnr-tank-pro-33000-puffs\/#primaryimage\",\"url\":\"https:\/\/fumot.uk\/wp-content\/uploads\/2026\/01\/Blueberry-Sour-Raspberry-JNR-TANK-PRO-33000-Puffs-Disposable-Vape.jpg\",\"contentUrl\":\"https:\/\/fumot.uk\/wp-content\/uploads\/2026\/01\/Blueberry-Sour-Raspberry-JNR-TANK-PRO-33000-Puffs-Disposable-Vape.jpg\",\"width\":800,\"height\":800},{\"@type\":\"BreadcrumbList\",\"@id\":\"https:\/\/fumot.uk\/product\/blueberry-sour-raspberry-jnr-tank-pro-33000-puffs\/#breadcrumb\",\"itemListElement\":[{\"@type\":\"ListItem\",\"position\":1,\"name\":\"Home\",\"item\":\"https:\/\/fumot.uk\/\"},{\"@type\":\"ListItem\",\"position\":2,\"name\":\"Shop\",\"item\":\"https:\/\/fumot.uk\/shop\/\"},{\"@type\":\"ListItem\",\"position\":3,\"name\":\"JNR TANK PRO 33000 Puffs Blueberry Sour Raspberry Disposable Vape | Dual Mesh Coil, 28ml, LED Display\"}]},{\"@type\":\"WebSite\",\"@id\":\"https:\/\/fumot.uk\/#website\",\"url\":\"https:\/\/fumot.uk\/\",\"name\":\"Fumot Official Direct | Straight from the Factory, 100% Genuine\",\"description\":\"Official Website\",\"publisher\":{\"@id\":\"https:\/\/fumot.uk\/#organization\"},\"potentialAction\":[{\"@type\":\"SearchAction\",\"target\":{\"@type\":\"EntryPoint\",\"urlTemplate\":\"https:\/\/fumot.uk\/?s={search_term_string}\"},\"query-input\":{\"@type\":\"PropertyValueSpecification\",\"valueRequired\":true,\"valueName\":\"search_term_string\"}}],\"inLanguage\":\"fr-FR\"},{\"@type\":\"Organization\",\"@id\":\"https:\/\/fumot.uk\/#organization\",\"name\":\"Fumot Official Direct | Straight from the Factory, 100% Genuine\",\"url\":\"https:\/\/fumot.uk\/\",\"logo\":{\"@type\":\"ImageObject\",\"inLanguage\":\"fr-FR\",\"@id\":\"https:\/\/fumot.uk\/#\/schema\/logo\/image\/\",\"url\":\"https:\/\/fumot.uk\/wp-content\/uploads\/2026\/01\/cropped-fumot-logo1.png\",\"contentUrl\":\"https:\/\/fumot.uk\/wp-content\/uploads\/2026\/01\/cropped-fumot-logo1.png\",\"width\":152,\"height\":106,\"caption\":\"Fumot Official Direct | Straight from the Factory, 100% Genuine\"},\"image\":{\"@id\":\"https:\/\/fumot.uk\/#\/schema\/logo\/image\/\"}}]}<\/script>\n<!-- \/ Yoast SEO plugin. -->","yoast_head_json":{"title":"JNR TANK PRO 33000 Vape Myrtille Framboise Aigre","description":"Blueberry Sour Raspberry JNR TANK PRO 33000 : myrtille sucr\u00e9e avec une finition de framboise acidul\u00e9e. Double mesh, 28ml, \u00e9cran LED, Type\u2011C, 850mAh.","robots":{"index":"index","follow":"follow","max-snippet":"max-snippet:-1","max-image-preview":"max-image-preview:large","max-video-preview":"max-video-preview:-1"},"canonical":"https:\/\/fumot.uk\/fr\/product\/blueberry-sour-raspberry-jnr-tank-pro-33000-puffs\/","og_locale":"fr_FR","og_type":"article","og_title":"Blueberry Sour Raspberry \u2013 JNR TANK PRO 33000 Puffs","og_description":"A sweet blueberry inhale with a zesty sour raspberry exhale. Dual Mesh Coil, real 28ml e-liquid, LED smart screen, Type\u2011C charging, 850mAh battery.","og_url":"https:\/\/fumot.uk\/fr\/product\/blueberry-sour-raspberry-jnr-tank-pro-33000-puffs\/","og_site_name":"Fumot Official Direct | Straight from the Factory, 100% Genuine","article_modified_time":"2026-01-21T06:37:45+00:00","og_image":[{"width":800,"height":800,"url":"https:\/\/fumot.uk\/wp-content\/uploads\/2026\/01\/Blueberry-Sour-Raspberry-JNR-TANK-PRO-33000-Puffs-Disposable-Vape.jpg","type":"image\/jpeg"}],"twitter_card":"summary_large_image","twitter_misc":{"Dur\u00e9e de lecture estim\u00e9e":"1 minute"},"schema":{"@context":"https:\/\/schema.org","@graph":[{"@type":"WebPage","@id":"https:\/\/fumot.uk\/product\/blueberry-sour-raspberry-jnr-tank-pro-33000-puffs\/","url":"https:\/\/fumot.uk\/product\/blueberry-sour-raspberry-jnr-tank-pro-33000-puffs\/","name":"JNR TANK PRO 33000 Vape Myrtille Framboise Aigre","isPartOf":{"@id":"https:\/\/fumot.uk\/#website"},"primaryImageOfPage":{"@id":"https:\/\/fumot.uk\/product\/blueberry-sour-raspberry-jnr-tank-pro-33000-puffs\/#primaryimage"},"image":{"@id":"https:\/\/fumot.uk\/product\/blueberry-sour-raspberry-jnr-tank-pro-33000-puffs\/#primaryimage"},"thumbnailUrl":"https:\/\/fumot.uk\/wp-content\/uploads\/2026\/01\/Blueberry-Sour-Raspberry-JNR-TANK-PRO-33000-Puffs-Disposable-Vape.jpg","datePublished":"2026-01-21T04:10:49+00:00","dateModified":"2026-01-21T06:37:45+00:00","description":"Blueberry Sour Raspberry JNR TANK PRO 33000 : myrtille sucr\u00e9e avec une finition de framboise acidul\u00e9e. Double mesh, 28ml, \u00e9cran LED, Type\u2011C, 850mAh.","breadcrumb":{"@id":"https:\/\/fumot.uk\/product\/blueberry-sour-raspberry-jnr-tank-pro-33000-puffs\/#breadcrumb"},"inLanguage":"fr-FR","potentialAction":[{"@type":"ReadAction","target":["https:\/\/fumot.uk\/product\/blueberry-sour-raspberry-jnr-tank-pro-33000-puffs\/"]}]},{"@type":"ImageObject","inLanguage":"fr-FR","@id":"https:\/\/fumot.uk\/product\/blueberry-sour-raspberry-jnr-tank-pro-33000-puffs\/#primaryimage","url":"https:\/\/fumot.uk\/wp-content\/uploads\/2026\/01\/Blueberry-Sour-Raspberry-JNR-TANK-PRO-33000-Puffs-Disposable-Vape.jpg","contentUrl":"https:\/\/fumot.uk\/wp-content\/uploads\/2026\/01\/Blueberry-Sour-Raspberry-JNR-TANK-PRO-33000-Puffs-Disposable-Vape.jpg","width":800,"height":800},{"@type":"BreadcrumbList","@id":"https:\/\/fumot.uk\/product\/blueberry-sour-raspberry-jnr-tank-pro-33000-puffs\/#breadcrumb","itemListElement":[{"@type":"ListItem","position":1,"name":"Home","item":"https:\/\/fumot.uk\/"},{"@type":"ListItem","position":2,"name":"Shop","item":"https:\/\/fumot.uk\/shop\/"},{"@type":"ListItem","position":3,"name":"JNR TANK PRO 33000 Puffs Blueberry Sour Raspberry Disposable Vape | Dual Mesh Coil, 28ml, LED Display"}]},{"@type":"WebSite","@id":"https:\/\/fumot.uk\/#website","url":"https:\/\/fumot.uk\/","name":"Fumot Official Direct | Directement de l'usine, 100% Authentique","description":"Site officiel","publisher":{"@id":"https:\/\/fumot.uk\/#organization"},"potentialAction":[{"@type":"SearchAction","target":{"@type":"EntryPoint","urlTemplate":"https:\/\/fumot.uk\/?s={search_term_string}"},"query-input":{"@type":"PropertyValueSpecification","valueRequired":true,"valueName":"search_term_string"}}],"inLanguage":"fr-FR"},{"@type":"Organization","@id":"https:\/\/fumot.uk\/#organization","name":"Fumot Official Direct | Directement de l'usine, 100% Authentique","url":"https:\/\/fumot.uk\/","logo":{"@type":"ImageObject","inLanguage":"fr-FR","@id":"https:\/\/fumot.uk\/#\/schema\/logo\/image\/","url":"https:\/\/fumot.uk\/wp-content\/uploads\/2026\/01\/cropped-fumot-logo1.png","contentUrl":"https:\/\/fumot.uk\/wp-content\/uploads\/2026\/01\/cropped-fumot-logo1.png","width":152,"height":106,"caption":"Fumot Official Direct | Straight from the Factory, 100% Genuine"},"image":{"@id":"https:\/\/fumot.uk\/#\/schema\/logo\/image\/"}}]}},"_links":{"self":[{"href":"https:\/\/fumot.uk\/fr\/wp-json\/wp\/v2\/product\/4495","targetHints":{"allow":["GET"]}}],"collection":[{"href":"https:\/\/fumot.uk\/fr\/wp-json\/wp\/v2\/product"}],"about":[{"href":"https:\/\/fumot.uk\/fr\/wp-json\/wp\/v2\/types\/product"}],"replies":[{"embeddable":true,"href":"https:\/\/fumot.uk\/fr\/wp-json\/wp\/v2\/comments?post=4495"}],"wp:featuredmedia":[{"embeddable":true,"href":"https:\/\/fumot.uk\/fr\/wp-json\/wp\/v2\/media\/4516"}],"wp:attachment":[{"href":"https:\/\/fumot.uk\/fr\/wp-json\/wp\/v2\/media?parent=4495"}],"wp:term":[{"taxonomy":"product_brand","embeddable":true,"href":"https:\/\/fumot.uk\/fr\/wp-json\/wp\/v2\/product_brand?post=4495"},{"taxonomy":"product_cat","embeddable":true,"href":"https:\/\/fumot.uk\/fr\/wp-json\/wp\/v2\/product_cat?post=4495"},{"taxonomy":"product_tag","embeddable":true,"href":"https:\/\/fumot.uk\/fr\/wp-json\/wp\/v2\/product_tag?post=4495"}],"curies":[{"name":"wp","href":"https:\/\/api.w.org\/{rel}","templated":true}]}}