{"id":4493,"date":"2026-01-21T04:10:48","date_gmt":"2026-01-21T04:10:48","guid":{"rendered":"https:\/\/fumot.uk\/?post_type=product&#038;p=4493"},"modified":"2026-01-21T06:39:26","modified_gmt":"2026-01-21T06:39:26","slug":"double-apple-jnr-tank-pro-33000-puffs","status":"publish","type":"product","link":"https:\/\/fumot.uk\/fr\/product\/double-apple-jnr-tank-pro-33000-puffs\/","title":{"rendered":"JNR TANK PRO 33000 Puffs Double Apple Vape Jetable (28ml, Double Mesh, \u00c9cran LED, Type\u2011C)"},"content":{"rendered":"<h2>JNR TANK PRO 33000 Puffs \u2013 Double Apple<\/h2>\n<p><strong>Double Pomme<\/strong> offre un m\u00e9lange \u00e9clatant et frais du verger de <strong>pomme rouge sucr\u00e9e<\/strong> et <strong>pomme verte croquante<\/strong>. Attendez-vous \u00e0 une inhalation de pomme juteuse et cors\u00e9e suivie d'une finition propre et rafra\u00eechissante qui reste douce et \u00e9quilibr\u00e9e du premier tirage au dernier.<\/p>\n<h3>Profil de saveur Double Apple<\/h3>\n<ul>\n<li><strong>Note de t\u00eate :<\/strong> douceur de pomme rouge m\u00fbre<\/li>\n<li><strong>Corps :<\/strong> ar\u00f4me de pomme fruit\u00e9 et en couches<\/li>\n<li><strong>Finition :<\/strong> croquant l\u00e9ger et frais de pomme verte<\/li>\n<\/ul>\n<h3>Pourquoi vous aimerez le JNR TANK PRO 33000<\/h3>\n<p>Con\u00e7u pour la coh\u00e9rence et la commodit\u00e9, la <strong>JNR TANK PRO 33000 Puffs<\/strong> associe une grande capacit\u00e9 de liquide \u00e0 un syst\u00e8me de sortie stable. Le <strong>Double Bobine Mesh<\/strong> aide \u00e0 garder la vapeur dense et les notes de pomme claires, tandis que le <strong>\u00c9cran intelligent LED<\/strong> permet de v\u00e9rifier facilement les niveaux de batterie et de liquide en un coup d'\u0153il.<\/p>\n<h3>Caract\u00e9ristiques cl\u00e9s<\/h3>\n<ul>\n<li><strong>Bouff\u00e9es :<\/strong> jusqu'\u00e0 33000<\/li>\n<li><strong>850mAh (rechargeable)<\/strong> 28ml<\/li>\n<li><strong>Teneur en Nicotine :<\/strong> 2% \/ 5% (s\u00e9lectionnez votre option)<\/li>\n<li><strong>R\u00e9sistance :<\/strong> Double Bobine Mesh<\/li>\n<li><strong>Batterie :<\/strong> 850mAh<\/li>\n<li><strong>Chargement :<\/strong> Charge rapide Type\u2011C<\/li>\n<li><strong>Affichage :<\/strong> \u00c9cran LED (\u00c9cran intelligent)<\/li>\n<li><strong>Indicateurs :<\/strong> montre clairement le niveau de la batterie et du e-liquide<\/li>\n<li><strong>R\u00e9glage de Puissance :<\/strong> 15W \/ 20W<\/li>\n<\/ul>\n<h3>Explorez plus sur fumot.uk<\/h3>\n<p>Vous souhaitez comparer plus de saveurs et de versions ? Parcourez la collection compl\u00e8te sur <a href=\"https:\/\/fumot.uk\/fr\/product-category\/jnr-tank-pro-33000-puffs\/\">fumot.uk \u2013 JNR TANK PRO 33000 Puffs<\/a>. Si vous pr\u00e9f\u00e9rez les appareils avec un indicateur \u00e0 l'\u00e9cran, vous pouvez \u00e9galement consulter notre s\u00e9lection de <a href=\"https:\/\/fumot.uk\/fr\/product-tag\/display\/\">vapes \u00e0 affichage LED<\/a>.<\/p>\n<p><em>Remarque :<\/em> Le nombre de bouff\u00e9es peut varier selon les habitudes d'utilisation.<\/p>","protected":false},"excerpt":{"rendered":"<p>Double Apple m\u00e9lange une pomme rouge sucr\u00e9e avec une pomme verte croquante pour une vape juteuse et rafra\u00eechissante. JNR TANK PRO propose jusqu'\u00e0 33000 bouff\u00e9es, 28ml de e-liquide, Double Mesh Coil, \u00e9cran intelligent LED, et chargement Type\u2011C (options de nicotine 2%\/5%).<\/p>","protected":false},"featured_media":4514,"comment_status":"open","ping_status":"closed","template":"","meta":[],"product_brand":[],"product_cat":[217,218,17],"product_tag":[70,124,71,20,21,31,72,23,73,26,62],"class_list":{"0":"post-4493","1":"product","2":"type-product","3":"status-publish","4":"has-post-thumbnail","6":"product_cat-33000-puff","7":"product_cat-jnr-tank-pro-33000-puffs","8":"product_cat-vape","9":"product_tag-2-nikotin","10":"product_tag-28ml","11":"product_tag-5-nikotin","12":"product_tag-850mah","13":"product_tag-adjustable-airflow","14":"product_tag-apple","15":"product_tag-direct-to-lung","16":"product_tag-display","17":"product_tag-dual-mesh","18":"product_tag-rechargeable","19":"product_tag-sale-vape","21":"first","22":"instock","23":"sale","24":"shipping-taxable","25":"purchasable","26":"product-type-variable","27":"has-default-attributes"},"yoast_head":"<!-- This site is optimized with the Yoast SEO plugin v26.8 - https:\/\/yoast.com\/product\/yoast-seo-wordpress\/ -->\n<title>JNR TANK PRO 33000 Puffs Double Apple | fumot.uk<\/title>\n<meta name=\"description\" content=\"Double Apple JNR TANK PRO: up to 33000 puffs, 28ml e-liquid, Dual Mesh Coil, LED display, 850mAh battery, Type\u2011C charging. Choose 2% or 5%.\" \/>\n<meta name=\"robots\" content=\"index, follow, max-snippet:-1, max-image-preview:large, max-video-preview:-1\" \/>\n<link rel=\"canonical\" href=\"https:\/\/fumot.uk\/fr\/product\/double-apple-jnr-tank-pro-33000-puffs\/\" \/>\n<meta property=\"og:locale\" content=\"fr_FR\" \/>\n<meta property=\"og:type\" content=\"article\" \/>\n<meta property=\"og:title\" content=\"Double Apple JNR TANK PRO 33000 Puffs \u2013 Crisp &amp; Juicy Apple Blend\" \/>\n<meta property=\"og:description\" content=\"Sweet red apple meets crisp green apple in a smooth, refreshing vape. Dual Mesh, LED smart screen, Type\u2011C charging, 28ml and up to 33000 puffs.\" \/>\n<meta property=\"og:url\" content=\"https:\/\/fumot.uk\/fr\/product\/double-apple-jnr-tank-pro-33000-puffs\/\" \/>\n<meta property=\"og:site_name\" content=\"Fumot Official Direct | Straight from the Factory, 100% Genuine\" \/>\n<meta property=\"article:modified_time\" content=\"2026-01-21T06:39:26+00:00\" \/>\n<meta property=\"og:image\" content=\"https:\/\/fumot.uk\/wp-content\/uploads\/2026\/01\/Double-Apple-JNR-TANK-PRO-33000-Puffs-Disposable-Vape.jpg\" \/>\n\t<meta property=\"og:image:width\" content=\"800\" \/>\n\t<meta property=\"og:image:height\" content=\"800\" \/>\n\t<meta property=\"og:image:type\" content=\"image\/jpeg\" \/>\n<meta name=\"twitter:card\" content=\"summary_large_image\" \/>\n<meta name=\"twitter:label1\" content=\"Dur\u00e9e de lecture estim\u00e9e\" \/>\n\t<meta name=\"twitter:data1\" content=\"1 minute\" \/>\n<script type=\"application\/ld+json\" class=\"yoast-schema-graph\">{\"@context\":\"https:\/\/schema.org\",\"@graph\":[{\"@type\":\"WebPage\",\"@id\":\"https:\/\/fumot.uk\/product\/double-apple-jnr-tank-pro-33000-puffs\/\",\"url\":\"https:\/\/fumot.uk\/product\/double-apple-jnr-tank-pro-33000-puffs\/\",\"name\":\"JNR TANK PRO 33000 Puffs Double Apple | fumot.uk\",\"isPartOf\":{\"@id\":\"https:\/\/fumot.uk\/#website\"},\"primaryImageOfPage\":{\"@id\":\"https:\/\/fumot.uk\/product\/double-apple-jnr-tank-pro-33000-puffs\/#primaryimage\"},\"image\":{\"@id\":\"https:\/\/fumot.uk\/product\/double-apple-jnr-tank-pro-33000-puffs\/#primaryimage\"},\"thumbnailUrl\":\"https:\/\/fumot.uk\/wp-content\/uploads\/2026\/01\/Double-Apple-JNR-TANK-PRO-33000-Puffs-Disposable-Vape.jpg\",\"datePublished\":\"2026-01-21T04:10:48+00:00\",\"dateModified\":\"2026-01-21T06:39:26+00:00\",\"description\":\"Double Apple JNR TANK PRO: up to 33000 puffs, 28ml e-liquid, Dual Mesh Coil, LED display, 850mAh battery, Type\u2011C charging. Choose 2% or 5%.\",\"breadcrumb\":{\"@id\":\"https:\/\/fumot.uk\/product\/double-apple-jnr-tank-pro-33000-puffs\/#breadcrumb\"},\"inLanguage\":\"fr-FR\",\"potentialAction\":[{\"@type\":\"ReadAction\",\"target\":[\"https:\/\/fumot.uk\/product\/double-apple-jnr-tank-pro-33000-puffs\/\"]}]},{\"@type\":\"ImageObject\",\"inLanguage\":\"fr-FR\",\"@id\":\"https:\/\/fumot.uk\/product\/double-apple-jnr-tank-pro-33000-puffs\/#primaryimage\",\"url\":\"https:\/\/fumot.uk\/wp-content\/uploads\/2026\/01\/Double-Apple-JNR-TANK-PRO-33000-Puffs-Disposable-Vape.jpg\",\"contentUrl\":\"https:\/\/fumot.uk\/wp-content\/uploads\/2026\/01\/Double-Apple-JNR-TANK-PRO-33000-Puffs-Disposable-Vape.jpg\",\"width\":800,\"height\":800},{\"@type\":\"BreadcrumbList\",\"@id\":\"https:\/\/fumot.uk\/product\/double-apple-jnr-tank-pro-33000-puffs\/#breadcrumb\",\"itemListElement\":[{\"@type\":\"ListItem\",\"position\":1,\"name\":\"Home\",\"item\":\"https:\/\/fumot.uk\/\"},{\"@type\":\"ListItem\",\"position\":2,\"name\":\"Shop\",\"item\":\"https:\/\/fumot.uk\/shop\/\"},{\"@type\":\"ListItem\",\"position\":3,\"name\":\"JNR TANK PRO 33000 Puffs Double Apple Disposable Vape (28ml, Dual Mesh, LED Display, Type\u2011C)\"}]},{\"@type\":\"WebSite\",\"@id\":\"https:\/\/fumot.uk\/#website\",\"url\":\"https:\/\/fumot.uk\/\",\"name\":\"Fumot Official Direct | Straight from the Factory, 100% Genuine\",\"description\":\"Official Website\",\"publisher\":{\"@id\":\"https:\/\/fumot.uk\/#organization\"},\"potentialAction\":[{\"@type\":\"SearchAction\",\"target\":{\"@type\":\"EntryPoint\",\"urlTemplate\":\"https:\/\/fumot.uk\/?s={search_term_string}\"},\"query-input\":{\"@type\":\"PropertyValueSpecification\",\"valueRequired\":true,\"valueName\":\"search_term_string\"}}],\"inLanguage\":\"fr-FR\"},{\"@type\":\"Organization\",\"@id\":\"https:\/\/fumot.uk\/#organization\",\"name\":\"Fumot Official Direct | Straight from the Factory, 100% Genuine\",\"url\":\"https:\/\/fumot.uk\/\",\"logo\":{\"@type\":\"ImageObject\",\"inLanguage\":\"fr-FR\",\"@id\":\"https:\/\/fumot.uk\/#\/schema\/logo\/image\/\",\"url\":\"https:\/\/fumot.uk\/wp-content\/uploads\/2026\/01\/cropped-fumot-logo1.png\",\"contentUrl\":\"https:\/\/fumot.uk\/wp-content\/uploads\/2026\/01\/cropped-fumot-logo1.png\",\"width\":152,\"height\":106,\"caption\":\"Fumot Official Direct | Straight from the Factory, 100% Genuine\"},\"image\":{\"@id\":\"https:\/\/fumot.uk\/#\/schema\/logo\/image\/\"}}]}<\/script>\n<!-- \/ Yoast SEO plugin. -->","yoast_head_json":{"title":"JNR TANK PRO 33000 Puffs Double Apple | fumot.uk","description":"Double Apple JNR TANK PRO : jusqu'\u00e0 33000 bouff\u00e9es, 28ml de e-liquide, Double R\u00e9sistance Mesh, \u00e9cran LED, batterie 850mAh, charge Type\u2011C. Choisissez 2% ou 5%.","robots":{"index":"index","follow":"follow","max-snippet":"max-snippet:-1","max-image-preview":"max-image-preview:large","max-video-preview":"max-video-preview:-1"},"canonical":"https:\/\/fumot.uk\/fr\/product\/double-apple-jnr-tank-pro-33000-puffs\/","og_locale":"fr_FR","og_type":"article","og_title":"Double Apple JNR TANK PRO 33000 Puffs \u2013 Crisp & Juicy Apple Blend","og_description":"Sweet red apple meets crisp green apple in a smooth, refreshing vape. Dual Mesh, LED smart screen, Type\u2011C charging, 28ml and up to 33000 puffs.","og_url":"https:\/\/fumot.uk\/fr\/product\/double-apple-jnr-tank-pro-33000-puffs\/","og_site_name":"Fumot Official Direct | Straight from the Factory, 100% Genuine","article_modified_time":"2026-01-21T06:39:26+00:00","og_image":[{"width":800,"height":800,"url":"https:\/\/fumot.uk\/wp-content\/uploads\/2026\/01\/Double-Apple-JNR-TANK-PRO-33000-Puffs-Disposable-Vape.jpg","type":"image\/jpeg"}],"twitter_card":"summary_large_image","twitter_misc":{"Dur\u00e9e de lecture estim\u00e9e":"1 minute"},"schema":{"@context":"https:\/\/schema.org","@graph":[{"@type":"WebPage","@id":"https:\/\/fumot.uk\/product\/double-apple-jnr-tank-pro-33000-puffs\/","url":"https:\/\/fumot.uk\/product\/double-apple-jnr-tank-pro-33000-puffs\/","name":"JNR TANK PRO 33000 Puffs Double Apple | fumot.uk","isPartOf":{"@id":"https:\/\/fumot.uk\/#website"},"primaryImageOfPage":{"@id":"https:\/\/fumot.uk\/product\/double-apple-jnr-tank-pro-33000-puffs\/#primaryimage"},"image":{"@id":"https:\/\/fumot.uk\/product\/double-apple-jnr-tank-pro-33000-puffs\/#primaryimage"},"thumbnailUrl":"https:\/\/fumot.uk\/wp-content\/uploads\/2026\/01\/Double-Apple-JNR-TANK-PRO-33000-Puffs-Disposable-Vape.jpg","datePublished":"2026-01-21T04:10:48+00:00","dateModified":"2026-01-21T06:39:26+00:00","description":"Double Apple JNR TANK PRO : jusqu'\u00e0 33000 bouff\u00e9es, 28ml de e-liquide, Double R\u00e9sistance Mesh, \u00e9cran LED, batterie 850mAh, charge Type\u2011C. Choisissez 2% ou 5%.","breadcrumb":{"@id":"https:\/\/fumot.uk\/product\/double-apple-jnr-tank-pro-33000-puffs\/#breadcrumb"},"inLanguage":"fr-FR","potentialAction":[{"@type":"ReadAction","target":["https:\/\/fumot.uk\/product\/double-apple-jnr-tank-pro-33000-puffs\/"]}]},{"@type":"ImageObject","inLanguage":"fr-FR","@id":"https:\/\/fumot.uk\/product\/double-apple-jnr-tank-pro-33000-puffs\/#primaryimage","url":"https:\/\/fumot.uk\/wp-content\/uploads\/2026\/01\/Double-Apple-JNR-TANK-PRO-33000-Puffs-Disposable-Vape.jpg","contentUrl":"https:\/\/fumot.uk\/wp-content\/uploads\/2026\/01\/Double-Apple-JNR-TANK-PRO-33000-Puffs-Disposable-Vape.jpg","width":800,"height":800},{"@type":"BreadcrumbList","@id":"https:\/\/fumot.uk\/product\/double-apple-jnr-tank-pro-33000-puffs\/#breadcrumb","itemListElement":[{"@type":"ListItem","position":1,"name":"Home","item":"https:\/\/fumot.uk\/"},{"@type":"ListItem","position":2,"name":"Shop","item":"https:\/\/fumot.uk\/shop\/"},{"@type":"ListItem","position":3,"name":"JNR TANK PRO 33000 Puffs Double Apple Disposable Vape (28ml, Dual Mesh, LED Display, Type\u2011C)"}]},{"@type":"WebSite","@id":"https:\/\/fumot.uk\/#website","url":"https:\/\/fumot.uk\/","name":"Fumot Official Direct | Directement de l'usine, 100% Authentique","description":"Site officiel","publisher":{"@id":"https:\/\/fumot.uk\/#organization"},"potentialAction":[{"@type":"SearchAction","target":{"@type":"EntryPoint","urlTemplate":"https:\/\/fumot.uk\/?s={search_term_string}"},"query-input":{"@type":"PropertyValueSpecification","valueRequired":true,"valueName":"search_term_string"}}],"inLanguage":"fr-FR"},{"@type":"Organization","@id":"https:\/\/fumot.uk\/#organization","name":"Fumot Official Direct | Directement de l'usine, 100% Authentique","url":"https:\/\/fumot.uk\/","logo":{"@type":"ImageObject","inLanguage":"fr-FR","@id":"https:\/\/fumot.uk\/#\/schema\/logo\/image\/","url":"https:\/\/fumot.uk\/wp-content\/uploads\/2026\/01\/cropped-fumot-logo1.png","contentUrl":"https:\/\/fumot.uk\/wp-content\/uploads\/2026\/01\/cropped-fumot-logo1.png","width":152,"height":106,"caption":"Fumot Official Direct | Straight from the Factory, 100% Genuine"},"image":{"@id":"https:\/\/fumot.uk\/#\/schema\/logo\/image\/"}}]}},"_links":{"self":[{"href":"https:\/\/fumot.uk\/fr\/wp-json\/wp\/v2\/product\/4493","targetHints":{"allow":["GET"]}}],"collection":[{"href":"https:\/\/fumot.uk\/fr\/wp-json\/wp\/v2\/product"}],"about":[{"href":"https:\/\/fumot.uk\/fr\/wp-json\/wp\/v2\/types\/product"}],"replies":[{"embeddable":true,"href":"https:\/\/fumot.uk\/fr\/wp-json\/wp\/v2\/comments?post=4493"}],"wp:featuredmedia":[{"embeddable":true,"href":"https:\/\/fumot.uk\/fr\/wp-json\/wp\/v2\/media\/4514"}],"wp:attachment":[{"href":"https:\/\/fumot.uk\/fr\/wp-json\/wp\/v2\/media?parent=4493"}],"wp:term":[{"taxonomy":"product_brand","embeddable":true,"href":"https:\/\/fumot.uk\/fr\/wp-json\/wp\/v2\/product_brand?post=4493"},{"taxonomy":"product_cat","embeddable":true,"href":"https:\/\/fumot.uk\/fr\/wp-json\/wp\/v2\/product_cat?post=4493"},{"taxonomy":"product_tag","embeddable":true,"href":"https:\/\/fumot.uk\/fr\/wp-json\/wp\/v2\/product_tag?post=4493"}],"curies":[{"name":"wp","href":"https:\/\/api.w.org\/{rel}","templated":true}]}}