{"id":4488,"date":"2026-01-21T04:10:47","date_gmt":"2026-01-21T04:10:47","guid":{"rendered":"https:\/\/fumot.uk\/?post_type=product&#038;p=4488"},"modified":"2026-01-21T06:40:52","modified_gmt":"2026-01-21T06:40:52","slug":"mr-blue-jnr-tank-pro-33000-puffs","status":"publish","type":"product","link":"https:\/\/fumot.uk\/fr\/product\/mr-blue-jnr-tank-pro-33000-puffs\/","title":{"rendered":"JNR TANK PRO Mr Blue 33000 Puffs Vape Jetable | Double R\u00e9sistance en Maille, 28ml, \u00c9cran LED"},"content":{"rendered":"<h2>JNR TANK PRO 33000 Puffs \u2013 Mr Blue (Baies &amp; Menthe)<\/h2>\n<p><strong>Mr Blue<\/strong> sur le <strong>JNR TANK PRO 33000 Puffs<\/strong> est un m\u00e9lange de baies croquantes et sucr\u00e9es avec une touche de menthe fra\u00eeche. Vous go\u00fbterez les notes juteuses de baies m\u00e9lang\u00e9es \u00e0 l'inhalation, suivies d'une fra\u00eecheur propre et rafra\u00eechissante \u00e0 l'expiration\u2014\u00e9quilibr\u00e9, lumineux et facile \u00e0 appr\u00e9cier toute la journ\u00e9e.<\/p>\n<h3>Profil de saveur Mr Blue<\/h3>\n<ul>\n<li><strong>Inhalation :<\/strong> baies m\u00e9lang\u00e9es sucr\u00e9es et m\u00fbres<\/li>\n<li><strong>Expiration :<\/strong> finition douce de menthe rafra\u00eechissante<\/li>\n<li><strong>Global :<\/strong> fruit\u00e9, frais et agr\u00e9ablement frais (pas trop puissant)<\/li>\n<\/ul>\n<h3>Pourquoi vous aimerez l'exp\u00e9rience JNR TANK PRO<\/h3>\n<p>Con\u00e7u pour une saveur constante et une vapeur r\u00e9guli\u00e8re, le <strong>Double Bobine Mesh<\/strong> aide \u00e0 garder chaque bouff\u00e9e pleine et douce. Le <strong>affichage LED intelligent<\/strong> permet de surveiller facilement le niveau de la batterie et du e-liquide, tandis que le <strong>Charge rapide Type-C<\/strong> r\u00e9duit le temps d'arr\u00eat. Vous pouvez \u00e9galement changer la puissance de sortie entre <strong>15W<\/strong> et <strong>20W<\/strong> pour correspondre \u00e0 votre intensit\u00e9 pr\u00e9f\u00e9r\u00e9e.<\/p>\n<h3>Caract\u00e9ristiques cl\u00e9s<\/h3>\n<ul>\n<li><strong>Bouff\u00e9es :<\/strong> jusqu'\u00e0 33000<\/li>\n<li><strong>Capacit\u00e9 de e-liquide :<\/strong> 28ml (r\u00e9el)<\/li>\n<li><strong>Options de nicotine :<\/strong> 2% \/ 5%<\/li>\n<li><strong>R\u00e9sistance :<\/strong> Double Bobine Mesh<\/li>\n<li><strong>Batterie :<\/strong> 850mAh<\/li>\n<li><strong>Chargement :<\/strong> Type-C<\/li>\n<li><strong>Affichage :<\/strong> \u00e9cran intelligent LED (indicateurs de batterie et de e-liquide)<\/li>\n<li><strong>R\u00e9glage de la puissance :<\/strong> 15W \/ 20W<\/li>\n<\/ul>\n<p>Vous voulez explorer plus de saveurs dans cette s\u00e9rie ? Visitez notre page de collection sur <a href=\"https:\/\/fumot.uk\/fr\/product-category\/jnr-tank-pro-33000-puffs\/\"><strong>fumot.uk<\/strong><\/a> pour comparer toutes les <strong>JNR TANK PRO 33000 Puffs<\/strong> options et trouver votre prochain favori.<\/p>","protected":false},"excerpt":{"rendered":"<p>JNR TANK PRO 33000 Puffs en Mr Blue : baies m\u00e9lang\u00e9es sucr\u00e9es avec une finition menthol\u00e9e. Double bobine en mesh, 28ml de e-liquide, \u00e9cran LED, batterie 850mAh, charge Type\u2011C, 15W\/20W.<\/p>","protected":false},"featured_media":4509,"comment_status":"open","ping_status":"closed","template":"","meta":[],"product_brand":[],"product_cat":[217,218,17],"product_tag":[70,124,71,20,21,33,72,23,73,79,26,62],"class_list":{"0":"post-4488","1":"product","2":"type-product","3":"status-publish","4":"has-post-thumbnail","6":"product_cat-33000-puff","7":"product_cat-jnr-tank-pro-33000-puffs","8":"product_cat-vape","9":"product_tag-2-nikotin","10":"product_tag-28ml","11":"product_tag-5-nikotin","12":"product_tag-850mah","13":"product_tag-adjustable-airflow","14":"product_tag-blueberry","15":"product_tag-direct-to-lung","16":"product_tag-display","17":"product_tag-dual-mesh","18":"product_tag-mixed-berries","19":"product_tag-rechargeable","20":"product_tag-sale-vape","22":"first","23":"instock","24":"sale","25":"shipping-taxable","26":"purchasable","27":"product-type-variable","28":"has-default-attributes"},"yoast_head":"<!-- This site is optimized with the Yoast SEO plugin v26.8 - https:\/\/yoast.com\/product\/yoast-seo-wordpress\/ -->\n<title>JNR TANK PRO Mr Blue 33000 Puffs | 28ml, Dual Mesh<\/title>\n<meta name=\"description\" content=\"Mr Blue JNR TANK PRO 33000 Puffs: sweet mixed berries with cool mint. 28ml e-liquid, Dual Mesh Coil, LED display, 850mAh, Type\u2011C, 15W\/20W.\" \/>\n<meta name=\"robots\" content=\"index, follow, max-snippet:-1, max-image-preview:large, max-video-preview:-1\" \/>\n<link rel=\"canonical\" href=\"https:\/\/fumot.uk\/fr\/product\/mr-blue-jnr-tank-pro-33000-puffs\/\" \/>\n<meta property=\"og:locale\" content=\"fr_FR\" \/>\n<meta property=\"og:type\" content=\"article\" \/>\n<meta property=\"og:title\" content=\"Mr Blue JNR TANK PRO 33000 Puffs \u2013 Berry &amp; Mint Cool\" \/>\n<meta property=\"og:description\" content=\"A bright mixed-berry vape with a refreshing mint finish. 28ml, Dual Mesh Coil, LED display, 850mAh battery and Type\u2011C charging.\" \/>\n<meta property=\"og:url\" content=\"https:\/\/fumot.uk\/fr\/product\/mr-blue-jnr-tank-pro-33000-puffs\/\" \/>\n<meta property=\"og:site_name\" content=\"Fumot Official Direct | Straight from the Factory, 100% Genuine\" \/>\n<meta property=\"article:modified_time\" content=\"2026-01-21T06:40:52+00:00\" \/>\n<meta property=\"og:image\" content=\"https:\/\/fumot.uk\/wp-content\/uploads\/2026\/01\/Mr-Blue-JNR-TANK-PRO-33000-Puffs-Disposable-Vape.jpg\" \/>\n\t<meta property=\"og:image:width\" content=\"800\" \/>\n\t<meta property=\"og:image:height\" content=\"800\" \/>\n\t<meta property=\"og:image:type\" content=\"image\/jpeg\" \/>\n<meta name=\"twitter:card\" content=\"summary_large_image\" \/>\n<meta name=\"twitter:label1\" content=\"Dur\u00e9e de lecture estim\u00e9e\" \/>\n\t<meta name=\"twitter:data1\" content=\"1 minute\" \/>\n<script type=\"application\/ld+json\" class=\"yoast-schema-graph\">{\"@context\":\"https:\/\/schema.org\",\"@graph\":[{\"@type\":\"WebPage\",\"@id\":\"https:\/\/fumot.uk\/product\/mr-blue-jnr-tank-pro-33000-puffs\/\",\"url\":\"https:\/\/fumot.uk\/product\/mr-blue-jnr-tank-pro-33000-puffs\/\",\"name\":\"JNR TANK PRO Mr Blue 33000 Puffs | 28ml, Dual Mesh\",\"isPartOf\":{\"@id\":\"https:\/\/fumot.uk\/#website\"},\"primaryImageOfPage\":{\"@id\":\"https:\/\/fumot.uk\/product\/mr-blue-jnr-tank-pro-33000-puffs\/#primaryimage\"},\"image\":{\"@id\":\"https:\/\/fumot.uk\/product\/mr-blue-jnr-tank-pro-33000-puffs\/#primaryimage\"},\"thumbnailUrl\":\"https:\/\/fumot.uk\/wp-content\/uploads\/2026\/01\/Mr-Blue-JNR-TANK-PRO-33000-Puffs-Disposable-Vape.jpg\",\"datePublished\":\"2026-01-21T04:10:47+00:00\",\"dateModified\":\"2026-01-21T06:40:52+00:00\",\"description\":\"Mr Blue JNR TANK PRO 33000 Puffs: sweet mixed berries with cool mint. 28ml e-liquid, Dual Mesh Coil, LED display, 850mAh, Type\u2011C, 15W\/20W.\",\"breadcrumb\":{\"@id\":\"https:\/\/fumot.uk\/product\/mr-blue-jnr-tank-pro-33000-puffs\/#breadcrumb\"},\"inLanguage\":\"fr-FR\",\"potentialAction\":[{\"@type\":\"ReadAction\",\"target\":[\"https:\/\/fumot.uk\/product\/mr-blue-jnr-tank-pro-33000-puffs\/\"]}]},{\"@type\":\"ImageObject\",\"inLanguage\":\"fr-FR\",\"@id\":\"https:\/\/fumot.uk\/product\/mr-blue-jnr-tank-pro-33000-puffs\/#primaryimage\",\"url\":\"https:\/\/fumot.uk\/wp-content\/uploads\/2026\/01\/Mr-Blue-JNR-TANK-PRO-33000-Puffs-Disposable-Vape.jpg\",\"contentUrl\":\"https:\/\/fumot.uk\/wp-content\/uploads\/2026\/01\/Mr-Blue-JNR-TANK-PRO-33000-Puffs-Disposable-Vape.jpg\",\"width\":800,\"height\":800},{\"@type\":\"BreadcrumbList\",\"@id\":\"https:\/\/fumot.uk\/product\/mr-blue-jnr-tank-pro-33000-puffs\/#breadcrumb\",\"itemListElement\":[{\"@type\":\"ListItem\",\"position\":1,\"name\":\"Home\",\"item\":\"https:\/\/fumot.uk\/\"},{\"@type\":\"ListItem\",\"position\":2,\"name\":\"Shop\",\"item\":\"https:\/\/fumot.uk\/shop\/\"},{\"@type\":\"ListItem\",\"position\":3,\"name\":\"JNR TANK PRO Mr Blue 33000 Puffs Disposable Vape | Dual Mesh Coil, 28ml, LED Display\"}]},{\"@type\":\"WebSite\",\"@id\":\"https:\/\/fumot.uk\/#website\",\"url\":\"https:\/\/fumot.uk\/\",\"name\":\"Fumot Official Direct | Straight from the Factory, 100% Genuine\",\"description\":\"Official Website\",\"publisher\":{\"@id\":\"https:\/\/fumot.uk\/#organization\"},\"potentialAction\":[{\"@type\":\"SearchAction\",\"target\":{\"@type\":\"EntryPoint\",\"urlTemplate\":\"https:\/\/fumot.uk\/?s={search_term_string}\"},\"query-input\":{\"@type\":\"PropertyValueSpecification\",\"valueRequired\":true,\"valueName\":\"search_term_string\"}}],\"inLanguage\":\"fr-FR\"},{\"@type\":\"Organization\",\"@id\":\"https:\/\/fumot.uk\/#organization\",\"name\":\"Fumot Official Direct | Straight from the Factory, 100% Genuine\",\"url\":\"https:\/\/fumot.uk\/\",\"logo\":{\"@type\":\"ImageObject\",\"inLanguage\":\"fr-FR\",\"@id\":\"https:\/\/fumot.uk\/#\/schema\/logo\/image\/\",\"url\":\"https:\/\/fumot.uk\/wp-content\/uploads\/2026\/01\/cropped-fumot-logo1.png\",\"contentUrl\":\"https:\/\/fumot.uk\/wp-content\/uploads\/2026\/01\/cropped-fumot-logo1.png\",\"width\":152,\"height\":106,\"caption\":\"Fumot Official Direct | Straight from the Factory, 100% Genuine\"},\"image\":{\"@id\":\"https:\/\/fumot.uk\/#\/schema\/logo\/image\/\"}}]}<\/script>\n<!-- \/ Yoast SEO plugin. -->","yoast_head_json":{"title":"JNR TANK PRO Mr Blue 33000 Puffs | 28ml, Double Mesh","description":"Mr Blue JNR TANK PRO 33000 Puffs : baies m\u00e9lang\u00e9es sucr\u00e9es avec menthe fra\u00eeche. 28ml e-liquide, Double Mesh Coil, \u00e9cran LED, 850mAh, Type\u2011C, 15W\/20W.","robots":{"index":"index","follow":"follow","max-snippet":"max-snippet:-1","max-image-preview":"max-image-preview:large","max-video-preview":"max-video-preview:-1"},"canonical":"https:\/\/fumot.uk\/fr\/product\/mr-blue-jnr-tank-pro-33000-puffs\/","og_locale":"fr_FR","og_type":"article","og_title":"Mr Blue JNR TANK PRO 33000 Puffs \u2013 Berry & Mint Cool","og_description":"A bright mixed-berry vape with a refreshing mint finish. 28ml, Dual Mesh Coil, LED display, 850mAh battery and Type\u2011C charging.","og_url":"https:\/\/fumot.uk\/fr\/product\/mr-blue-jnr-tank-pro-33000-puffs\/","og_site_name":"Fumot Official Direct | Straight from the Factory, 100% Genuine","article_modified_time":"2026-01-21T06:40:52+00:00","og_image":[{"width":800,"height":800,"url":"https:\/\/fumot.uk\/wp-content\/uploads\/2026\/01\/Mr-Blue-JNR-TANK-PRO-33000-Puffs-Disposable-Vape.jpg","type":"image\/jpeg"}],"twitter_card":"summary_large_image","twitter_misc":{"Dur\u00e9e de lecture estim\u00e9e":"1 minute"},"schema":{"@context":"https:\/\/schema.org","@graph":[{"@type":"WebPage","@id":"https:\/\/fumot.uk\/product\/mr-blue-jnr-tank-pro-33000-puffs\/","url":"https:\/\/fumot.uk\/product\/mr-blue-jnr-tank-pro-33000-puffs\/","name":"JNR TANK PRO Mr Blue 33000 Puffs | 28ml, Double Mesh","isPartOf":{"@id":"https:\/\/fumot.uk\/#website"},"primaryImageOfPage":{"@id":"https:\/\/fumot.uk\/product\/mr-blue-jnr-tank-pro-33000-puffs\/#primaryimage"},"image":{"@id":"https:\/\/fumot.uk\/product\/mr-blue-jnr-tank-pro-33000-puffs\/#primaryimage"},"thumbnailUrl":"https:\/\/fumot.uk\/wp-content\/uploads\/2026\/01\/Mr-Blue-JNR-TANK-PRO-33000-Puffs-Disposable-Vape.jpg","datePublished":"2026-01-21T04:10:47+00:00","dateModified":"2026-01-21T06:40:52+00:00","description":"Mr Blue JNR TANK PRO 33000 Puffs : baies m\u00e9lang\u00e9es sucr\u00e9es avec menthe fra\u00eeche. 28ml e-liquide, Double Mesh Coil, \u00e9cran LED, 850mAh, Type\u2011C, 15W\/20W.","breadcrumb":{"@id":"https:\/\/fumot.uk\/product\/mr-blue-jnr-tank-pro-33000-puffs\/#breadcrumb"},"inLanguage":"fr-FR","potentialAction":[{"@type":"ReadAction","target":["https:\/\/fumot.uk\/product\/mr-blue-jnr-tank-pro-33000-puffs\/"]}]},{"@type":"ImageObject","inLanguage":"fr-FR","@id":"https:\/\/fumot.uk\/product\/mr-blue-jnr-tank-pro-33000-puffs\/#primaryimage","url":"https:\/\/fumot.uk\/wp-content\/uploads\/2026\/01\/Mr-Blue-JNR-TANK-PRO-33000-Puffs-Disposable-Vape.jpg","contentUrl":"https:\/\/fumot.uk\/wp-content\/uploads\/2026\/01\/Mr-Blue-JNR-TANK-PRO-33000-Puffs-Disposable-Vape.jpg","width":800,"height":800},{"@type":"BreadcrumbList","@id":"https:\/\/fumot.uk\/product\/mr-blue-jnr-tank-pro-33000-puffs\/#breadcrumb","itemListElement":[{"@type":"ListItem","position":1,"name":"Home","item":"https:\/\/fumot.uk\/"},{"@type":"ListItem","position":2,"name":"Shop","item":"https:\/\/fumot.uk\/shop\/"},{"@type":"ListItem","position":3,"name":"JNR TANK PRO Mr Blue 33000 Puffs Disposable Vape | Dual Mesh Coil, 28ml, LED Display"}]},{"@type":"WebSite","@id":"https:\/\/fumot.uk\/#website","url":"https:\/\/fumot.uk\/","name":"Fumot Official Direct | Directement de l'usine, 100% Authentique","description":"Site officiel","publisher":{"@id":"https:\/\/fumot.uk\/#organization"},"potentialAction":[{"@type":"SearchAction","target":{"@type":"EntryPoint","urlTemplate":"https:\/\/fumot.uk\/?s={search_term_string}"},"query-input":{"@type":"PropertyValueSpecification","valueRequired":true,"valueName":"search_term_string"}}],"inLanguage":"fr-FR"},{"@type":"Organization","@id":"https:\/\/fumot.uk\/#organization","name":"Fumot Official Direct | Directement de l'usine, 100% Authentique","url":"https:\/\/fumot.uk\/","logo":{"@type":"ImageObject","inLanguage":"fr-FR","@id":"https:\/\/fumot.uk\/#\/schema\/logo\/image\/","url":"https:\/\/fumot.uk\/wp-content\/uploads\/2026\/01\/cropped-fumot-logo1.png","contentUrl":"https:\/\/fumot.uk\/wp-content\/uploads\/2026\/01\/cropped-fumot-logo1.png","width":152,"height":106,"caption":"Fumot Official Direct | Straight from the Factory, 100% Genuine"},"image":{"@id":"https:\/\/fumot.uk\/#\/schema\/logo\/image\/"}}]}},"_links":{"self":[{"href":"https:\/\/fumot.uk\/fr\/wp-json\/wp\/v2\/product\/4488","targetHints":{"allow":["GET"]}}],"collection":[{"href":"https:\/\/fumot.uk\/fr\/wp-json\/wp\/v2\/product"}],"about":[{"href":"https:\/\/fumot.uk\/fr\/wp-json\/wp\/v2\/types\/product"}],"replies":[{"embeddable":true,"href":"https:\/\/fumot.uk\/fr\/wp-json\/wp\/v2\/comments?post=4488"}],"wp:featuredmedia":[{"embeddable":true,"href":"https:\/\/fumot.uk\/fr\/wp-json\/wp\/v2\/media\/4509"}],"wp:attachment":[{"href":"https:\/\/fumot.uk\/fr\/wp-json\/wp\/v2\/media?parent=4488"}],"wp:term":[{"taxonomy":"product_brand","embeddable":true,"href":"https:\/\/fumot.uk\/fr\/wp-json\/wp\/v2\/product_brand?post=4488"},{"taxonomy":"product_cat","embeddable":true,"href":"https:\/\/fumot.uk\/fr\/wp-json\/wp\/v2\/product_cat?post=4488"},{"taxonomy":"product_tag","embeddable":true,"href":"https:\/\/fumot.uk\/fr\/wp-json\/wp\/v2\/product_tag?post=4488"}],"curies":[{"name":"wp","href":"https:\/\/api.w.org\/{rel}","templated":true}]}}