{"id":4486,"date":"2026-01-21T04:10:47","date_gmt":"2026-01-21T04:10:47","guid":{"rendered":"https:\/\/fumot.uk\/?post_type=product&#038;p=4486"},"modified":"2026-01-21T06:41:25","modified_gmt":"2026-01-21T06:41:25","slug":"jnr-radiance-31000-puffs-technologische-vape-watermelon-lce","status":"publish","type":"product","link":"https:\/\/fumot.uk\/fr\/product\/jnr-radiance-31000-puffs-technologische-vape-watermelon-lce\/","title":{"rendered":"JNR Radiance 31000 Puffs Past\u00e8que Glac\u00e9e Vape Jetable (28ml, Double Mesh, USB-C, \u00c9cran LED)"},"content":{"rendered":"<h3>JNR Radiance 31000 Puffs \u2013 Saveur Past\u00e8que Glac\u00e9e<\/h3>\n<p>Le <strong>JNR Radiance 31000 Puffs<\/strong> est une vape jetable haut de gamme con\u00e7ue pour une performance fluide et constante et un look moderne. Construit avec un <strong>Double Bobine Mesh<\/strong>, un grand <strong>Capacit\u00e9 de 28ml de e-liquide<\/strong>, et un \u00e9cran <strong>affichage LED<\/strong> pour les niveaux de batterie et de liquide, il est fait pour les utilisateurs qui veulent une exp\u00e9rience fiable et savoureuse de bouche-\u00e0-poumon (MTL) du premier au dernier tirage.<\/p>\n<h4>Past\u00e8que Glac\u00e9e : Douceur Juteuse + Fra\u00eecheur Propre<\/h4>\n<p><strong>Glace Past\u00e8que<\/strong> combine la douceur de la past\u00e8que m\u00fbre avec une finition fra\u00eeche et croquante. Le r\u00e9sultat est une vape rafra\u00eechissante, ax\u00e9e sur le fruit, qui reste vive et satisfaisante\u2014id\u00e9ale pour une utilisation quotidienne lorsque vous voulez quelque chose de propre, sucr\u00e9 et glac\u00e9 sans \u00eatre lourd.<\/p>\n<p>D\u00e9couvrez plus de choix frais et glac\u00e9s sur <a href=\"https:\/\/fumot.uk\/fr\/\">fumot.uk<\/a>.<\/p>\n<h4>Caract\u00e9ristiques cl\u00e9s<\/h4>\n<ul>\n<li><strong>Jusqu'\u00e0 31 000 bouff\u00e9es<\/strong><\/li>\n<li><strong>28ml<\/strong> r\u00e9servoir d'e-liquide<\/li>\n<li><strong>Double Bobine Mesh<\/strong> pour une vapeur dense et douce<\/li>\n<li><strong>950mAh<\/strong> batterie rechargeable<\/li>\n<li><strong>USB Type-C<\/strong> recharge rapide<\/li>\n<li><strong>affichage LED<\/strong> affiche le niveau de batterie et d'e-liquide<\/li>\n<li><strong>Options de nicotine :<\/strong> 0%, 2%, 5%<\/li>\n<li><strong>Plusieurs saveurs disponibles<\/strong> (15 options)<\/li>\n<\/ul>\n<h4>Pourquoi choisir JNR Radiance 31000 Puffs ?<\/h4>\n<ul>\n<li><strong>Commodit\u00e9 durable<\/strong> \u2013 grande capacit\u00e9 avec alimentation rechargeable pour une utilisation prolong\u00e9e<\/li>\n<li><strong>Saveur claire et pr\u00e9cise<\/strong> \u2013 La double r\u00e9sistance en maille aide \u00e0 offrir un profil de go\u00fbt constant<\/li>\n<li><strong>Sensation moderne et haut de gamme<\/strong> \u2013 corps en m\u00e9tal \u00e9l\u00e9gant plus un affichage intelligent pratique<\/li>\n<\/ul>\n<p><strong>Astuce :<\/strong> Si vous aimez les m\u00e9langes fruit\u00e9s-frais, vous pouvez \u00e9galement parcourir plus de <a href=\"https:\/\/fumot.uk\/fr\/\">saveurs de style Past\u00e8que Glac\u00e9e<\/a> et d'autres profils glac\u00e9s sur fumot.uk.<\/p>","protected":false},"excerpt":{"rendered":"<p>JNR Radiance 31000 Puffs en Watermelon Ice : douceur de past\u00e8que juteuse avec une finition glac\u00e9e. 28ml, Double R\u00e9sistance en Maille, 950mAh rechargeable, USB-C, \u00e9cran LED. Nicotine : 0\/2\/5%.<\/p>","protected":false},"featured_media":4507,"comment_status":"open","ping_status":"closed","template":"","meta":[],"product_brand":[],"product_cat":[215,216,17],"product_tag":[84,70,124,71,197,73,29,202,26,199,28,32],"class_list":{"0":"post-4486","1":"product","2":"type-product","3":"status-publish","4":"has-post-thumbnail","6":"product_cat-31000-puff","7":"product_cat-jnr-radiance-31000-puffs","8":"product_cat-vape","9":"product_tag-0-nikotin","10":"product_tag-2-nikotin","11":"product_tag-28ml","12":"product_tag-5-nikotin","13":"product_tag-950mah","14":"product_tag-dual-mesh","15":"product_tag-ice","16":"product_tag-mouth-to-lung","17":"product_tag-rechargeable","18":"product_tag-smart-display","19":"product_tag-type-c","20":"product_tag-watermelon","22":"first","23":"instock","24":"sale","25":"shipping-taxable","26":"purchasable","27":"product-type-variable","28":"has-default-attributes"},"yoast_head":"<!-- This site is optimized with the Yoast SEO plugin v26.8 - https:\/\/yoast.com\/product\/yoast-seo-wordpress\/ -->\n<title>JNR Radiance 31000 Puffs Watermelon Ice | fumot.uk<\/title>\n<meta name=\"description\" content=\"Shop JNR Radiance 31000 Puffs Watermelon Ice: 28ml e-liquid, Dual Mesh Coil, 950mAh rechargeable (USB-C), LED display. Nicotine 0\/2\/5%.\" \/>\n<meta name=\"robots\" content=\"index, follow, max-snippet:-1, max-image-preview:large, max-video-preview:-1\" \/>\n<link rel=\"canonical\" href=\"https:\/\/fumot.uk\/fr\/product\/jnr-radiance-31000-puffs-technologische-vape-watermelon-lce\/\" \/>\n<meta property=\"og:locale\" content=\"fr_FR\" \/>\n<meta property=\"og:type\" content=\"article\" \/>\n<meta property=\"og:title\" content=\"JNR Radiance 31000 Puffs \u2013 Watermelon Ice\" \/>\n<meta property=\"og:description\" content=\"Fresh watermelon sweetness with a clean icy finish. 28ml, Dual Mesh Coil, rechargeable 950mAh with USB-C, plus LED battery &amp; e-liquid display.\" \/>\n<meta property=\"og:url\" content=\"https:\/\/fumot.uk\/fr\/product\/jnr-radiance-31000-puffs-technologische-vape-watermelon-lce\/\" \/>\n<meta property=\"og:site_name\" content=\"Fumot Official Direct | Straight from the Factory, 100% Genuine\" \/>\n<meta property=\"article:modified_time\" content=\"2026-01-21T06:41:25+00:00\" \/>\n<meta property=\"og:image\" content=\"https:\/\/fumot.uk\/wp-content\/uploads\/2026\/01\/JNR-Radiance-31000-Puffs-Watermelon-Ice-Rechargeable-E-Cigarette.jpg\" \/>\n\t<meta property=\"og:image:width\" content=\"800\" \/>\n\t<meta property=\"og:image:height\" content=\"800\" \/>\n\t<meta property=\"og:image:type\" content=\"image\/jpeg\" \/>\n<meta name=\"twitter:card\" content=\"summary_large_image\" \/>\n<meta name=\"twitter:label1\" content=\"Dur\u00e9e de lecture estim\u00e9e\" \/>\n\t<meta name=\"twitter:data1\" content=\"1 minute\" \/>\n<script type=\"application\/ld+json\" class=\"yoast-schema-graph\">{\"@context\":\"https:\/\/schema.org\",\"@graph\":[{\"@type\":\"WebPage\",\"@id\":\"https:\/\/fumot.uk\/product\/jnr-radiance-31000-puffs-technologische-vape-watermelon-lce\/\",\"url\":\"https:\/\/fumot.uk\/product\/jnr-radiance-31000-puffs-technologische-vape-watermelon-lce\/\",\"name\":\"JNR Radiance 31000 Puffs Watermelon Ice | fumot.uk\",\"isPartOf\":{\"@id\":\"https:\/\/fumot.uk\/#website\"},\"primaryImageOfPage\":{\"@id\":\"https:\/\/fumot.uk\/product\/jnr-radiance-31000-puffs-technologische-vape-watermelon-lce\/#primaryimage\"},\"image\":{\"@id\":\"https:\/\/fumot.uk\/product\/jnr-radiance-31000-puffs-technologische-vape-watermelon-lce\/#primaryimage\"},\"thumbnailUrl\":\"https:\/\/fumot.uk\/wp-content\/uploads\/2026\/01\/JNR-Radiance-31000-Puffs-Watermelon-Ice-Rechargeable-E-Cigarette.jpg\",\"datePublished\":\"2026-01-21T04:10:47+00:00\",\"dateModified\":\"2026-01-21T06:41:25+00:00\",\"description\":\"Shop JNR Radiance 31000 Puffs Watermelon Ice: 28ml e-liquid, Dual Mesh Coil, 950mAh rechargeable (USB-C), LED display. Nicotine 0\/2\/5%.\",\"breadcrumb\":{\"@id\":\"https:\/\/fumot.uk\/product\/jnr-radiance-31000-puffs-technologische-vape-watermelon-lce\/#breadcrumb\"},\"inLanguage\":\"fr-FR\",\"potentialAction\":[{\"@type\":\"ReadAction\",\"target\":[\"https:\/\/fumot.uk\/product\/jnr-radiance-31000-puffs-technologische-vape-watermelon-lce\/\"]}]},{\"@type\":\"ImageObject\",\"inLanguage\":\"fr-FR\",\"@id\":\"https:\/\/fumot.uk\/product\/jnr-radiance-31000-puffs-technologische-vape-watermelon-lce\/#primaryimage\",\"url\":\"https:\/\/fumot.uk\/wp-content\/uploads\/2026\/01\/JNR-Radiance-31000-Puffs-Watermelon-Ice-Rechargeable-E-Cigarette.jpg\",\"contentUrl\":\"https:\/\/fumot.uk\/wp-content\/uploads\/2026\/01\/JNR-Radiance-31000-Puffs-Watermelon-Ice-Rechargeable-E-Cigarette.jpg\",\"width\":800,\"height\":800},{\"@type\":\"BreadcrumbList\",\"@id\":\"https:\/\/fumot.uk\/product\/jnr-radiance-31000-puffs-technologische-vape-watermelon-lce\/#breadcrumb\",\"itemListElement\":[{\"@type\":\"ListItem\",\"position\":1,\"name\":\"Home\",\"item\":\"https:\/\/fumot.uk\/\"},{\"@type\":\"ListItem\",\"position\":2,\"name\":\"Shop\",\"item\":\"https:\/\/fumot.uk\/shop\/\"},{\"@type\":\"ListItem\",\"position\":3,\"name\":\"JNR Radiance 31000 Puffs Watermelon Ice Disposable Vape (28ml, Dual Mesh, USB-C, LED Display)\"}]},{\"@type\":\"WebSite\",\"@id\":\"https:\/\/fumot.uk\/#website\",\"url\":\"https:\/\/fumot.uk\/\",\"name\":\"Fumot Official Direct | Straight from the Factory, 100% Genuine\",\"description\":\"Official Website\",\"publisher\":{\"@id\":\"https:\/\/fumot.uk\/#organization\"},\"potentialAction\":[{\"@type\":\"SearchAction\",\"target\":{\"@type\":\"EntryPoint\",\"urlTemplate\":\"https:\/\/fumot.uk\/?s={search_term_string}\"},\"query-input\":{\"@type\":\"PropertyValueSpecification\",\"valueRequired\":true,\"valueName\":\"search_term_string\"}}],\"inLanguage\":\"fr-FR\"},{\"@type\":\"Organization\",\"@id\":\"https:\/\/fumot.uk\/#organization\",\"name\":\"Fumot Official Direct | Straight from the Factory, 100% Genuine\",\"url\":\"https:\/\/fumot.uk\/\",\"logo\":{\"@type\":\"ImageObject\",\"inLanguage\":\"fr-FR\",\"@id\":\"https:\/\/fumot.uk\/#\/schema\/logo\/image\/\",\"url\":\"https:\/\/fumot.uk\/wp-content\/uploads\/2026\/01\/cropped-fumot-logo1.png\",\"contentUrl\":\"https:\/\/fumot.uk\/wp-content\/uploads\/2026\/01\/cropped-fumot-logo1.png\",\"width\":152,\"height\":106,\"caption\":\"Fumot Official Direct | Straight from the Factory, 100% Genuine\"},\"image\":{\"@id\":\"https:\/\/fumot.uk\/#\/schema\/logo\/image\/\"}}]}<\/script>\n<!-- \/ Yoast SEO plugin. -->","yoast_head_json":{"title":"JNR Radiance 31000 Puffs Glace Past\u00e8que | fumot.uk","description":"Magasinez JNR Radiance 31000 Puffs Watermelon Ice : 28ml e-liquide, Double Mesh Coil, 950mAh rechargeable (USB-C), \u00e9cran LED. Nicotine 0\/2\/5%.","robots":{"index":"index","follow":"follow","max-snippet":"max-snippet:-1","max-image-preview":"max-image-preview:large","max-video-preview":"max-video-preview:-1"},"canonical":"https:\/\/fumot.uk\/fr\/product\/jnr-radiance-31000-puffs-technologische-vape-watermelon-lce\/","og_locale":"fr_FR","og_type":"article","og_title":"JNR Radiance 31000 Puffs \u2013 Watermelon Ice","og_description":"Fresh watermelon sweetness with a clean icy finish. 28ml, Dual Mesh Coil, rechargeable 950mAh with USB-C, plus LED battery & e-liquid display.","og_url":"https:\/\/fumot.uk\/fr\/product\/jnr-radiance-31000-puffs-technologische-vape-watermelon-lce\/","og_site_name":"Fumot Official Direct | Straight from the Factory, 100% Genuine","article_modified_time":"2026-01-21T06:41:25+00:00","og_image":[{"width":800,"height":800,"url":"https:\/\/fumot.uk\/wp-content\/uploads\/2026\/01\/JNR-Radiance-31000-Puffs-Watermelon-Ice-Rechargeable-E-Cigarette.jpg","type":"image\/jpeg"}],"twitter_card":"summary_large_image","twitter_misc":{"Dur\u00e9e de lecture estim\u00e9e":"1 minute"},"schema":{"@context":"https:\/\/schema.org","@graph":[{"@type":"WebPage","@id":"https:\/\/fumot.uk\/product\/jnr-radiance-31000-puffs-technologische-vape-watermelon-lce\/","url":"https:\/\/fumot.uk\/product\/jnr-radiance-31000-puffs-technologische-vape-watermelon-lce\/","name":"JNR Radiance 31000 Puffs Glace Past\u00e8que | fumot.uk","isPartOf":{"@id":"https:\/\/fumot.uk\/#website"},"primaryImageOfPage":{"@id":"https:\/\/fumot.uk\/product\/jnr-radiance-31000-puffs-technologische-vape-watermelon-lce\/#primaryimage"},"image":{"@id":"https:\/\/fumot.uk\/product\/jnr-radiance-31000-puffs-technologische-vape-watermelon-lce\/#primaryimage"},"thumbnailUrl":"https:\/\/fumot.uk\/wp-content\/uploads\/2026\/01\/JNR-Radiance-31000-Puffs-Watermelon-Ice-Rechargeable-E-Cigarette.jpg","datePublished":"2026-01-21T04:10:47+00:00","dateModified":"2026-01-21T06:41:25+00:00","description":"Magasinez JNR Radiance 31000 Puffs Watermelon Ice : 28ml e-liquide, Double Mesh Coil, 950mAh rechargeable (USB-C), \u00e9cran LED. Nicotine 0\/2\/5%.","breadcrumb":{"@id":"https:\/\/fumot.uk\/product\/jnr-radiance-31000-puffs-technologische-vape-watermelon-lce\/#breadcrumb"},"inLanguage":"fr-FR","potentialAction":[{"@type":"ReadAction","target":["https:\/\/fumot.uk\/product\/jnr-radiance-31000-puffs-technologische-vape-watermelon-lce\/"]}]},{"@type":"ImageObject","inLanguage":"fr-FR","@id":"https:\/\/fumot.uk\/product\/jnr-radiance-31000-puffs-technologische-vape-watermelon-lce\/#primaryimage","url":"https:\/\/fumot.uk\/wp-content\/uploads\/2026\/01\/JNR-Radiance-31000-Puffs-Watermelon-Ice-Rechargeable-E-Cigarette.jpg","contentUrl":"https:\/\/fumot.uk\/wp-content\/uploads\/2026\/01\/JNR-Radiance-31000-Puffs-Watermelon-Ice-Rechargeable-E-Cigarette.jpg","width":800,"height":800},{"@type":"BreadcrumbList","@id":"https:\/\/fumot.uk\/product\/jnr-radiance-31000-puffs-technologische-vape-watermelon-lce\/#breadcrumb","itemListElement":[{"@type":"ListItem","position":1,"name":"Home","item":"https:\/\/fumot.uk\/"},{"@type":"ListItem","position":2,"name":"Shop","item":"https:\/\/fumot.uk\/shop\/"},{"@type":"ListItem","position":3,"name":"JNR Radiance 31000 Puffs Watermelon Ice Disposable Vape (28ml, Dual Mesh, USB-C, LED Display)"}]},{"@type":"WebSite","@id":"https:\/\/fumot.uk\/#website","url":"https:\/\/fumot.uk\/","name":"Fumot Official Direct | Directement de l'usine, 100% Authentique","description":"Site officiel","publisher":{"@id":"https:\/\/fumot.uk\/#organization"},"potentialAction":[{"@type":"SearchAction","target":{"@type":"EntryPoint","urlTemplate":"https:\/\/fumot.uk\/?s={search_term_string}"},"query-input":{"@type":"PropertyValueSpecification","valueRequired":true,"valueName":"search_term_string"}}],"inLanguage":"fr-FR"},{"@type":"Organization","@id":"https:\/\/fumot.uk\/#organization","name":"Fumot Official Direct | Directement de l'usine, 100% Authentique","url":"https:\/\/fumot.uk\/","logo":{"@type":"ImageObject","inLanguage":"fr-FR","@id":"https:\/\/fumot.uk\/#\/schema\/logo\/image\/","url":"https:\/\/fumot.uk\/wp-content\/uploads\/2026\/01\/cropped-fumot-logo1.png","contentUrl":"https:\/\/fumot.uk\/wp-content\/uploads\/2026\/01\/cropped-fumot-logo1.png","width":152,"height":106,"caption":"Fumot Official Direct | Straight from the Factory, 100% Genuine"},"image":{"@id":"https:\/\/fumot.uk\/#\/schema\/logo\/image\/"}}]}},"_links":{"self":[{"href":"https:\/\/fumot.uk\/fr\/wp-json\/wp\/v2\/product\/4486","targetHints":{"allow":["GET"]}}],"collection":[{"href":"https:\/\/fumot.uk\/fr\/wp-json\/wp\/v2\/product"}],"about":[{"href":"https:\/\/fumot.uk\/fr\/wp-json\/wp\/v2\/types\/product"}],"replies":[{"embeddable":true,"href":"https:\/\/fumot.uk\/fr\/wp-json\/wp\/v2\/comments?post=4486"}],"wp:featuredmedia":[{"embeddable":true,"href":"https:\/\/fumot.uk\/fr\/wp-json\/wp\/v2\/media\/4507"}],"wp:attachment":[{"href":"https:\/\/fumot.uk\/fr\/wp-json\/wp\/v2\/media?parent=4486"}],"wp:term":[{"taxonomy":"product_brand","embeddable":true,"href":"https:\/\/fumot.uk\/fr\/wp-json\/wp\/v2\/product_brand?post=4486"},{"taxonomy":"product_cat","embeddable":true,"href":"https:\/\/fumot.uk\/fr\/wp-json\/wp\/v2\/product_cat?post=4486"},{"taxonomy":"product_tag","embeddable":true,"href":"https:\/\/fumot.uk\/fr\/wp-json\/wp\/v2\/product_tag?post=4486"}],"curies":[{"name":"wp","href":"https:\/\/api.w.org\/{rel}","templated":true}]}}