{"id":4483,"date":"2026-01-21T04:10:46","date_gmt":"2026-01-21T04:10:46","guid":{"rendered":"https:\/\/fumot.uk\/?post_type=product&#038;p=4483"},"modified":"2026-01-21T06:42:24","modified_gmt":"2026-01-21T06:42:24","slug":"jnr-radiance-31000-puffs-technologische-vape-peach-mango-pineapple","status":"publish","type":"product","link":"https:\/\/fumot.uk\/fr\/product\/jnr-radiance-31000-puffs-technologische-vape-peach-mango-pineapple\/","title":{"rendered":"JNR Radiance 31000 Puffs Vape Jetable \u2013 P\u00eache Mangue Ananas | Double Mesh, 28ml, Type\u2011C"},"content":{"rendered":"<h2>JNR Radiance 31000 Puffs \u2013 P\u00eache Mangue Ananas<\/h2>\n<p>Apportez un m\u00e9lange ensoleill\u00e9 et tropical \u00e0 chaque bouff\u00e9e avec le <strong>JNR Radiance 31000 Puffs<\/strong> in <strong>Mangue P\u00eache Ananas<\/strong>. Cette saveur superpose <strong>une douceur de p\u00eache douce<\/strong>, <strong>la richesse de la mangue m\u00fbre<\/strong>, et une <strong>une finition d'ananas \u00e9clatante<\/strong> pour un profil juteux et rafra\u00eechissant qui reste satisfaisant de la premi\u00e8re \u00e0 la derni\u00e8re bouff\u00e9e.<\/p>\n<h3>Profil de saveur : P\u00eache Mangue Ananas<\/h3>\n<ul>\n<li><strong>P\u00eache<\/strong>: douceur douce et moelleuse<\/li>\n<li><strong>Mangue<\/strong>: profondeur tropicale luxuriante<\/li>\n<li><strong>Ananas<\/strong>: \u00e9l\u00e9vation croquante et acidul\u00e9e \u00e0 l'expiration<\/li>\n<\/ul>\n<p>\u00c9quilibr\u00e9 et vibrant\u2014id\u00e9al si vous aimez les vapes fruit\u00e9es avec un arri\u00e8re-go\u00fbt tropical net.<\/p>\n<h3>Caract\u00e9ristiques cl\u00e9s<\/h3>\n<ul>\n<li><strong>Jusqu'\u00e0 31 000 bouff\u00e9es<\/strong> (l'utilisation varie)<\/li>\n<li><strong>Double Bobine Mesh<\/strong> pour une vapeur constante et une saveur plus claire<\/li>\n<li><strong>Capacit\u00e9 de 28ml de e-liquide<\/strong> pour une utilisation longue dur\u00e9e<\/li>\n<li><strong>Options de nicotine<\/strong>: 0%, 2%, 5%<\/li>\n<li><strong>Batterie rechargeable de 950 mAh<\/strong> avec <strong>Charge rapide Type\u2011C<\/strong><\/li>\n<li><strong>Affichage LED intelligent<\/strong> montre le niveau de batterie et de e-liquide<\/li>\n<li><strong>Adapt\u00e9 \u00e0 l'inhalation bouche-\u00e0-poumon (MTL)<\/strong> tirage<\/li>\n<\/ul>\n<h3>Pourquoi vous allez adorer le JNR Radiance 31000<\/h3>\n<ul>\n<li><strong>Moins d'interruptions<\/strong>: grand r\u00e9servoir de 28 ml signifie moins de souci de manquer rapidement<\/li>\n<li><strong>Chaque bouff\u00e9e reste au point<\/strong>: la technologie \u00e0 double maillage aide \u00e0 maintenir la consistance de la saveur<\/li>\n<li><strong>Facile \u00e0 transporter au quotidien<\/strong>: puissance rechargeable + affichage LED clair pour des v\u00e9rifications rapides<\/li>\n<\/ul>\n<h3>Explorez plus sur fumot.uk<\/h3>\n<p>Vous cherchez plus d'options durables ou diff\u00e9rents m\u00e9langes de fruits ? Parcourez notre collection compl\u00e8te de <a href=\"https:\/\/fumot.uk\/fr\/\" target=\"_blank\" rel=\"noopener\">vapes jetables et appareils JNR Radiance sur fumot.uk<\/a>.<\/p>\n<p><strong>Remarque :<\/strong> Le nombre de bouff\u00e9es est une estimation et d\u00e9pend des habitudes d'utilisation individuelles.<\/p>","protected":false},"excerpt":{"rendered":"<p>Saveur Tropicale P\u00eache Mangue Ananas dans la vape jetable JNR Radiance 31000 Puffs. Double bobine en mesh, 28ml e-liquide, 950mAh rechargeable Type\u2011C, affichage LED, options de nicotine 0\/2\/5%.<\/p>","protected":false},"featured_media":4504,"comment_status":"open","ping_status":"closed","template":"","meta":[],"product_brand":[],"product_cat":[215,216,17],"product_tag":[84,70,124,71,197,73,42,202,30,35,26,199,28],"class_list":{"0":"post-4483","1":"product","2":"type-product","3":"status-publish","4":"has-post-thumbnail","6":"product_cat-31000-puff","7":"product_cat-jnr-radiance-31000-puffs","8":"product_cat-vape","9":"product_tag-0-nikotin","10":"product_tag-2-nikotin","11":"product_tag-28ml","12":"product_tag-5-nikotin","13":"product_tag-950mah","14":"product_tag-dual-mesh","15":"product_tag-mango","16":"product_tag-mouth-to-lung","17":"product_tag-peach","18":"product_tag-pineapple","19":"product_tag-rechargeable","20":"product_tag-smart-display","21":"product_tag-type-c","23":"first","24":"instock","25":"sale","26":"shipping-taxable","27":"purchasable","28":"product-type-variable","29":"has-default-attributes"},"yoast_head":"<!-- This site is optimized with the Yoast SEO plugin v26.8 - https:\/\/yoast.com\/product\/yoast-seo-wordpress\/ -->\n<title>JNR Radiance 31000 Puffs Peach Mango Pineapple Vape<\/title>\n<meta name=\"description\" content=\"JNR Radiance 31000 Puffs Peach Mango Pineapple: Dual Mesh Coil, 28ml e-liquid, 950mAh Type\u2011C rechargeable, LED display. Nicotine 0%, 2%, 5%.\" \/>\n<meta name=\"robots\" content=\"index, follow, max-snippet:-1, max-image-preview:large, max-video-preview:-1\" \/>\n<link rel=\"canonical\" href=\"https:\/\/fumot.uk\/fr\/product\/jnr-radiance-31000-puffs-technologische-vape-peach-mango-pineapple\/\" \/>\n<meta property=\"og:locale\" content=\"fr_FR\" \/>\n<meta property=\"og:type\" content=\"article\" \/>\n<meta property=\"og:title\" content=\"JNR Radiance 31000 Puffs \u2013 Peach Mango Pineapple\" \/>\n<meta property=\"og:description\" content=\"Juicy peach, ripe mango and bright pineapple in a long-lasting 31,000\u2011puff device with Dual Mesh Coil, 28ml tank, Type\u2011C charging and LED display.\" \/>\n<meta property=\"og:url\" content=\"https:\/\/fumot.uk\/fr\/product\/jnr-radiance-31000-puffs-technologische-vape-peach-mango-pineapple\/\" \/>\n<meta property=\"og:site_name\" content=\"Fumot Official Direct | Straight from the Factory, 100% Genuine\" \/>\n<meta property=\"article:modified_time\" content=\"2026-01-21T06:42:24+00:00\" \/>\n<meta property=\"og:image\" content=\"https:\/\/fumot.uk\/wp-content\/uploads\/2026\/01\/JNR-Radiance-31000-Puffs-Peach-Mango-Pineapple-Disposable-Device.jpg\" \/>\n\t<meta property=\"og:image:width\" content=\"800\" \/>\n\t<meta property=\"og:image:height\" content=\"800\" \/>\n\t<meta property=\"og:image:type\" content=\"image\/jpeg\" \/>\n<meta name=\"twitter:card\" content=\"summary_large_image\" \/>\n<meta name=\"twitter:label1\" content=\"Dur\u00e9e de lecture estim\u00e9e\" \/>\n\t<meta name=\"twitter:data1\" content=\"1 minute\" \/>\n<script type=\"application\/ld+json\" class=\"yoast-schema-graph\">{\"@context\":\"https:\/\/schema.org\",\"@graph\":[{\"@type\":\"WebPage\",\"@id\":\"https:\/\/fumot.uk\/product\/jnr-radiance-31000-puffs-technologische-vape-peach-mango-pineapple\/\",\"url\":\"https:\/\/fumot.uk\/product\/jnr-radiance-31000-puffs-technologische-vape-peach-mango-pineapple\/\",\"name\":\"JNR Radiance 31000 Puffs Peach Mango Pineapple Vape\",\"isPartOf\":{\"@id\":\"https:\/\/fumot.uk\/#website\"},\"primaryImageOfPage\":{\"@id\":\"https:\/\/fumot.uk\/product\/jnr-radiance-31000-puffs-technologische-vape-peach-mango-pineapple\/#primaryimage\"},\"image\":{\"@id\":\"https:\/\/fumot.uk\/product\/jnr-radiance-31000-puffs-technologische-vape-peach-mango-pineapple\/#primaryimage\"},\"thumbnailUrl\":\"https:\/\/fumot.uk\/wp-content\/uploads\/2026\/01\/JNR-Radiance-31000-Puffs-Peach-Mango-Pineapple-Disposable-Device.jpg\",\"datePublished\":\"2026-01-21T04:10:46+00:00\",\"dateModified\":\"2026-01-21T06:42:24+00:00\",\"description\":\"JNR Radiance 31000 Puffs Peach Mango Pineapple: Dual Mesh Coil, 28ml e-liquid, 950mAh Type\u2011C rechargeable, LED display. Nicotine 0%, 2%, 5%.\",\"breadcrumb\":{\"@id\":\"https:\/\/fumot.uk\/product\/jnr-radiance-31000-puffs-technologische-vape-peach-mango-pineapple\/#breadcrumb\"},\"inLanguage\":\"fr-FR\",\"potentialAction\":[{\"@type\":\"ReadAction\",\"target\":[\"https:\/\/fumot.uk\/product\/jnr-radiance-31000-puffs-technologische-vape-peach-mango-pineapple\/\"]}]},{\"@type\":\"ImageObject\",\"inLanguage\":\"fr-FR\",\"@id\":\"https:\/\/fumot.uk\/product\/jnr-radiance-31000-puffs-technologische-vape-peach-mango-pineapple\/#primaryimage\",\"url\":\"https:\/\/fumot.uk\/wp-content\/uploads\/2026\/01\/JNR-Radiance-31000-Puffs-Peach-Mango-Pineapple-Disposable-Device.jpg\",\"contentUrl\":\"https:\/\/fumot.uk\/wp-content\/uploads\/2026\/01\/JNR-Radiance-31000-Puffs-Peach-Mango-Pineapple-Disposable-Device.jpg\",\"width\":800,\"height\":800},{\"@type\":\"BreadcrumbList\",\"@id\":\"https:\/\/fumot.uk\/product\/jnr-radiance-31000-puffs-technologische-vape-peach-mango-pineapple\/#breadcrumb\",\"itemListElement\":[{\"@type\":\"ListItem\",\"position\":1,\"name\":\"Home\",\"item\":\"https:\/\/fumot.uk\/\"},{\"@type\":\"ListItem\",\"position\":2,\"name\":\"Shop\",\"item\":\"https:\/\/fumot.uk\/shop\/\"},{\"@type\":\"ListItem\",\"position\":3,\"name\":\"JNR Radiance 31000 Puffs Disposable Vape \u2013 Peach Mango Pineapple | Dual Mesh, 28ml, Type\u2011C\"}]},{\"@type\":\"WebSite\",\"@id\":\"https:\/\/fumot.uk\/#website\",\"url\":\"https:\/\/fumot.uk\/\",\"name\":\"Fumot Official Direct | Straight from the Factory, 100% Genuine\",\"description\":\"Official Website\",\"publisher\":{\"@id\":\"https:\/\/fumot.uk\/#organization\"},\"potentialAction\":[{\"@type\":\"SearchAction\",\"target\":{\"@type\":\"EntryPoint\",\"urlTemplate\":\"https:\/\/fumot.uk\/?s={search_term_string}\"},\"query-input\":{\"@type\":\"PropertyValueSpecification\",\"valueRequired\":true,\"valueName\":\"search_term_string\"}}],\"inLanguage\":\"fr-FR\"},{\"@type\":\"Organization\",\"@id\":\"https:\/\/fumot.uk\/#organization\",\"name\":\"Fumot Official Direct | Straight from the Factory, 100% Genuine\",\"url\":\"https:\/\/fumot.uk\/\",\"logo\":{\"@type\":\"ImageObject\",\"inLanguage\":\"fr-FR\",\"@id\":\"https:\/\/fumot.uk\/#\/schema\/logo\/image\/\",\"url\":\"https:\/\/fumot.uk\/wp-content\/uploads\/2026\/01\/cropped-fumot-logo1.png\",\"contentUrl\":\"https:\/\/fumot.uk\/wp-content\/uploads\/2026\/01\/cropped-fumot-logo1.png\",\"width\":152,\"height\":106,\"caption\":\"Fumot Official Direct | Straight from the Factory, 100% Genuine\"},\"image\":{\"@id\":\"https:\/\/fumot.uk\/#\/schema\/logo\/image\/\"}}]}<\/script>\n<!-- \/ Yoast SEO plugin. -->","yoast_head_json":{"title":"JNR Radiance 31000 Puffs Vape P\u00eache Mangue Ananas","description":"JNR Radiance 31000 Puffs P\u00eache Mangue Ananas : Double R\u00e9sistance Mesh, 28ml e-liquide, 950mAh Type\u2011C rechargeable, \u00e9cran LED. Nicotine 0%, 2%, 5%.","robots":{"index":"index","follow":"follow","max-snippet":"max-snippet:-1","max-image-preview":"max-image-preview:large","max-video-preview":"max-video-preview:-1"},"canonical":"https:\/\/fumot.uk\/fr\/product\/jnr-radiance-31000-puffs-technologische-vape-peach-mango-pineapple\/","og_locale":"fr_FR","og_type":"article","og_title":"JNR Radiance 31000 Puffs \u2013 Peach Mango Pineapple","og_description":"Juicy peach, ripe mango and bright pineapple in a long-lasting 31,000\u2011puff device with Dual Mesh Coil, 28ml tank, Type\u2011C charging and LED display.","og_url":"https:\/\/fumot.uk\/fr\/product\/jnr-radiance-31000-puffs-technologische-vape-peach-mango-pineapple\/","og_site_name":"Fumot Official Direct | Straight from the Factory, 100% Genuine","article_modified_time":"2026-01-21T06:42:24+00:00","og_image":[{"width":800,"height":800,"url":"https:\/\/fumot.uk\/wp-content\/uploads\/2026\/01\/JNR-Radiance-31000-Puffs-Peach-Mango-Pineapple-Disposable-Device.jpg","type":"image\/jpeg"}],"twitter_card":"summary_large_image","twitter_misc":{"Dur\u00e9e de lecture estim\u00e9e":"1 minute"},"schema":{"@context":"https:\/\/schema.org","@graph":[{"@type":"WebPage","@id":"https:\/\/fumot.uk\/product\/jnr-radiance-31000-puffs-technologische-vape-peach-mango-pineapple\/","url":"https:\/\/fumot.uk\/product\/jnr-radiance-31000-puffs-technologische-vape-peach-mango-pineapple\/","name":"JNR Radiance 31000 Puffs Vape P\u00eache Mangue Ananas","isPartOf":{"@id":"https:\/\/fumot.uk\/#website"},"primaryImageOfPage":{"@id":"https:\/\/fumot.uk\/product\/jnr-radiance-31000-puffs-technologische-vape-peach-mango-pineapple\/#primaryimage"},"image":{"@id":"https:\/\/fumot.uk\/product\/jnr-radiance-31000-puffs-technologische-vape-peach-mango-pineapple\/#primaryimage"},"thumbnailUrl":"https:\/\/fumot.uk\/wp-content\/uploads\/2026\/01\/JNR-Radiance-31000-Puffs-Peach-Mango-Pineapple-Disposable-Device.jpg","datePublished":"2026-01-21T04:10:46+00:00","dateModified":"2026-01-21T06:42:24+00:00","description":"JNR Radiance 31000 Puffs P\u00eache Mangue Ananas : Double R\u00e9sistance Mesh, 28ml e-liquide, 950mAh Type\u2011C rechargeable, \u00e9cran LED. Nicotine 0%, 2%, 5%.","breadcrumb":{"@id":"https:\/\/fumot.uk\/product\/jnr-radiance-31000-puffs-technologische-vape-peach-mango-pineapple\/#breadcrumb"},"inLanguage":"fr-FR","potentialAction":[{"@type":"ReadAction","target":["https:\/\/fumot.uk\/product\/jnr-radiance-31000-puffs-technologische-vape-peach-mango-pineapple\/"]}]},{"@type":"ImageObject","inLanguage":"fr-FR","@id":"https:\/\/fumot.uk\/product\/jnr-radiance-31000-puffs-technologische-vape-peach-mango-pineapple\/#primaryimage","url":"https:\/\/fumot.uk\/wp-content\/uploads\/2026\/01\/JNR-Radiance-31000-Puffs-Peach-Mango-Pineapple-Disposable-Device.jpg","contentUrl":"https:\/\/fumot.uk\/wp-content\/uploads\/2026\/01\/JNR-Radiance-31000-Puffs-Peach-Mango-Pineapple-Disposable-Device.jpg","width":800,"height":800},{"@type":"BreadcrumbList","@id":"https:\/\/fumot.uk\/product\/jnr-radiance-31000-puffs-technologische-vape-peach-mango-pineapple\/#breadcrumb","itemListElement":[{"@type":"ListItem","position":1,"name":"Home","item":"https:\/\/fumot.uk\/"},{"@type":"ListItem","position":2,"name":"Shop","item":"https:\/\/fumot.uk\/shop\/"},{"@type":"ListItem","position":3,"name":"JNR Radiance 31000 Puffs Disposable Vape \u2013 Peach Mango Pineapple | Dual Mesh, 28ml, Type\u2011C"}]},{"@type":"WebSite","@id":"https:\/\/fumot.uk\/#website","url":"https:\/\/fumot.uk\/","name":"Fumot Official Direct | Directement de l'usine, 100% Authentique","description":"Site officiel","publisher":{"@id":"https:\/\/fumot.uk\/#organization"},"potentialAction":[{"@type":"SearchAction","target":{"@type":"EntryPoint","urlTemplate":"https:\/\/fumot.uk\/?s={search_term_string}"},"query-input":{"@type":"PropertyValueSpecification","valueRequired":true,"valueName":"search_term_string"}}],"inLanguage":"fr-FR"},{"@type":"Organization","@id":"https:\/\/fumot.uk\/#organization","name":"Fumot Official Direct | Directement de l'usine, 100% Authentique","url":"https:\/\/fumot.uk\/","logo":{"@type":"ImageObject","inLanguage":"fr-FR","@id":"https:\/\/fumot.uk\/#\/schema\/logo\/image\/","url":"https:\/\/fumot.uk\/wp-content\/uploads\/2026\/01\/cropped-fumot-logo1.png","contentUrl":"https:\/\/fumot.uk\/wp-content\/uploads\/2026\/01\/cropped-fumot-logo1.png","width":152,"height":106,"caption":"Fumot Official Direct | Straight from the Factory, 100% Genuine"},"image":{"@id":"https:\/\/fumot.uk\/#\/schema\/logo\/image\/"}}]}},"_links":{"self":[{"href":"https:\/\/fumot.uk\/fr\/wp-json\/wp\/v2\/product\/4483","targetHints":{"allow":["GET"]}}],"collection":[{"href":"https:\/\/fumot.uk\/fr\/wp-json\/wp\/v2\/product"}],"about":[{"href":"https:\/\/fumot.uk\/fr\/wp-json\/wp\/v2\/types\/product"}],"replies":[{"embeddable":true,"href":"https:\/\/fumot.uk\/fr\/wp-json\/wp\/v2\/comments?post=4483"}],"wp:featuredmedia":[{"embeddable":true,"href":"https:\/\/fumot.uk\/fr\/wp-json\/wp\/v2\/media\/4504"}],"wp:attachment":[{"href":"https:\/\/fumot.uk\/fr\/wp-json\/wp\/v2\/media?parent=4483"}],"wp:term":[{"taxonomy":"product_brand","embeddable":true,"href":"https:\/\/fumot.uk\/fr\/wp-json\/wp\/v2\/product_brand?post=4483"},{"taxonomy":"product_cat","embeddable":true,"href":"https:\/\/fumot.uk\/fr\/wp-json\/wp\/v2\/product_cat?post=4483"},{"taxonomy":"product_tag","embeddable":true,"href":"https:\/\/fumot.uk\/fr\/wp-json\/wp\/v2\/product_tag?post=4483"}],"curies":[{"name":"wp","href":"https:\/\/api.w.org\/{rel}","templated":true}]}}