{"id":4479,"date":"2026-01-21T04:10:45","date_gmt":"2026-01-21T04:10:45","guid":{"rendered":"https:\/\/fumot.uk\/?post_type=product&#038;p=4479"},"modified":"2026-01-21T04:12:11","modified_gmt":"2026-01-21T04:12:11","slug":"jnr-radiance-31000-puffs-technologische-vape-strawberry-lce","status":"publish","type":"product","link":"https:\/\/fumot.uk\/fr\/product\/jnr-radiance-31000-puffs-technologische-vape-strawberry-lce\/","title":{"rendered":"JNR Radiance 31000 Puffs-Technologische Vape-Fraise Glac\u00e9e"},"content":{"rendered":"<article class=\"text-token-text-primary w-full focus:outline-none scroll-mt-[calc(var(--header-height)+min(200px,max(70px,20svh)))]\" dir=\"auto\" tabindex=\"-1\" data-turn-id=\"request-WEB:85ad12bf-bd2e-4bae-a794-381ad18f8629-26\" data-testid=\"conversation-turn-54\" data-scroll-anchor=\"true\" data-turn=\"assistant\">\n<div class=\"text-base my-auto mx-auto pb-10 [--thread-content-margin:--spacing(4)] @[37rem]:[--thread-content-margin:--spacing(6)] @[72rem]:[--thread-content-margin:--spacing(16)] px-(--thread-content-margin)\">\n<div class=\"[--thread-content-max-width:32rem] @[34rem]:[--thread-content-max-width:40rem] @[64rem]:[--thread-content-max-width:48rem] mx-auto max-w-(--thread-content-max-width) flex-1 group\/turn-messages focus-visible:outline-hidden relative flex w-full min-w-0 flex-col agent-turn\" tabindex=\"-1\">\n<div class=\"flex max-w-full flex-col grow\">\n<div class=\"min-h-8 text-message relative flex w-full flex-col items-end gap-2 text-start break-words whitespace-normal [.text-message+&amp;]:mt-5\" dir=\"auto\" data-message-author-role=\"assistant\" data-message-id=\"8b97df2e-326c-4994-a87a-a1de3b53b833\" data-message-model-slug=\"gpt-5-mini\">\n<div class=\"flex w-full flex-col gap-1 empty:hidden first:pt-[3px]\">\n<div class=\"markdown prose dark:prose-invert w-full break-words light markdown-new-styling\">\n<h3 data-start=\"122\" data-end=\"186\"><strong data-start=\"122\" data-end=\"186\" data-is-last-node=\"\">JNR Radiance 31000 Puffs \u2013 Plaisir durable &amp; diversit\u00e9<\/strong><\/h3>\n<\/div>\n<\/div>\n<\/div>\n<\/div>\n<\/div>\n<\/div>\n<\/article>\n<p>La <strong data-start=\"44\" data-end=\"72\">JNR Radiance 31000 Puffs<\/strong> est une cigarette \u00e9lectronique haut de gamme con\u00e7ue pour les utilisateurs qui appr\u00e9cient le design moderne, la facilit\u00e9 d'utilisation et la technologie avanc\u00e9e. Elle offre jusqu'\u00e0 <strong data-start=\"247\" data-end=\"262\">31000 bouff\u00e9es<\/strong>, un <strong data-start=\"270\" data-end=\"300\">grand r\u00e9servoir de 28 ml de e-liquide<\/strong>, un <strong data-start=\"308\" data-end=\"366\">batterie puissante de 950 mAh avec charge rapide Type-C<\/strong> et la <strong data-start=\"375\" data-end=\"405\"><a href=\"https:\/\/ultravape.de\/product-tag\/dual-mesh\/\">Double Bobine Mesh<\/a>technologie<\/strong>, qui assure une vapeur dense et uniforme et met en valeur chaque ar\u00f4me de mani\u00e8re intense.<\/p>\n<h4 data-start=\"44\" data-end=\"91\"><strong data-start=\"44\" data-end=\"89\">JNR Radiance 31000 Puffs \u2013 Fraise glac\u00e9e<\/strong><\/h4>\n<p data-start=\"93\" data-end=\"318\" data-is-only-node=\"\">Le <strong>Fraise Glac\u00e9e<\/strong> Le go\u00fbt combine la fra\u00eecheur sucr\u00e9e des fraises m\u00fbres avec un ar\u00f4me de glace rafra\u00eechissant. Cette combinaison harmonieuse offre \u00e0 chaque bouff\u00e9e une exp\u00e9rience de vapotage intense, rafra\u00eechissante et savoureuse.<\/p>\n<h4 data-start=\"29\" data-end=\"78\"><strong data-start=\"29\" data-end=\"76\">Caract\u00e9ristiques du JNR Radiance 31000 Puffs :<\/strong><\/h4>\n<p>\u2022 Jusqu'\u00e0<strong> 31000 bouff\u00e9es<\/strong><br data-start=\"45\" data-end=\"48\" \/>\u2022 <strong>15<\/strong> saveurs<br data-start=\"73\" data-end=\"76\" \/>\u2022 <strong>Double Bobine Mesh<\/strong><br data-start=\"92\" data-end=\"95\" \/>\u2022 <strong>28 ml<\/strong> r\u00e9servoir de e-liquide<br data-start=\"116\" data-end=\"119\" \/>\u2022 Forces de nicotine : <strong>0%, 2%, 5%<\/strong><br data-start=\"147\" data-end=\"150\" \/>\u2022 <strong>950 mAh<\/strong> batterie avec<strong> Type-C<\/strong> charge rapide<br data-start=\"189\" data-end=\"192\" \/>\u2022<strong> \u00e9cran LED<\/strong> pour le niveau de batterie et de liquide<\/p>\n<h4 data-start=\"73\" data-end=\"117\"><strong data-start=\"73\" data-end=\"115\">Pourquoi choisir JNR Radiance 31000 Puffs :<\/strong><\/h4>\n<p data-start=\"119\" data-end=\"434\">\u2705 <strong data-start=\"51\" data-end=\"75\">Grand r\u00e9servoir de e-liquide<\/strong> \u2013 28 ml pour une vapotage prolong\u00e9 sans recharge<br data-start=\"120\" data-end=\"123\" \/>\u2705 <strong data-start=\"125\" data-end=\"168\">Batterie puissante avec charge rapide<\/strong> \u2013 950 mAh avec Type-C pour une utilisation durable<br data-start=\"212\" data-end=\"215\" \/>\u2705 <strong data-start=\"217\" data-end=\"256\">Go\u00fbt populaire : Fraise glac\u00e9e<\/strong> \u2013 Fraises sucr\u00e9es avec ar\u00f4me de glace rafra\u00eechissant pour une exp\u00e9rience de vapotage intense<\/p>\n<p>&nbsp;<\/p>","protected":false},"excerpt":{"rendered":"<p>JNR Radiance 31000 Puffs \u2013 Plaisir durable &amp; diversit\u00e9 La JNR Radiance 31000 Puffs est une cigarette \u00e9lectronique haut de gamme, con\u00e7ue pour les utilisateurs qui appr\u00e9cient le design moderne, la facilit\u00e9 d'utilisation et la technologie avanc\u00e9e. Elle offre jusqu'\u00e0 31000 bouff\u00e9es, un grand r\u00e9servoir de 28 ml de e-liquide, une batterie puissante de 950 mAh avec charge rapide Type-C et la technologie Dual Mesh Coil, qui pour [\u2026]<\/p>","protected":false},"featured_media":4500,"comment_status":"open","ping_status":"closed","template":"","meta":[],"product_brand":[],"product_cat":[215,216,17],"product_tag":[84,70,124,71,197,73,29,202,26,199,37,28],"class_list":{"0":"post-4479","1":"product","2":"type-product","3":"status-publish","4":"has-post-thumbnail","6":"product_cat-31000-puff","7":"product_cat-jnr-radiance-31000-puffs","8":"product_cat-vape","9":"product_tag-0-nikotin","10":"product_tag-2-nikotin","11":"product_tag-28ml","12":"product_tag-5-nikotin","13":"product_tag-950mah","14":"product_tag-dual-mesh","15":"product_tag-ice","16":"product_tag-mouth-to-lung","17":"product_tag-rechargeable","18":"product_tag-smart-display","19":"product_tag-strawberry","20":"product_tag-type-c","22":"first","23":"instock","24":"sale","25":"shipping-taxable","26":"purchasable","27":"product-type-variable","28":"has-default-attributes"},"yoast_head":"<!-- This site is optimized with the Yoast SEO plugin v26.8 - https:\/\/yoast.com\/product\/yoast-seo-wordpress\/ -->\n<title>JNR Radiance 31000 Puffs-Technologische Vape-Strawberry lce - Fumot Official Direct | Straight from the Factory, 100% Genuine<\/title>\n<meta name=\"robots\" content=\"index, follow, max-snippet:-1, max-image-preview:large, max-video-preview:-1\" \/>\n<link rel=\"canonical\" href=\"https:\/\/fumot.uk\/fr\/product\/jnr-radiance-31000-puffs-technologische-vape-strawberry-lce\/\" \/>\n<meta property=\"og:locale\" content=\"fr_FR\" \/>\n<meta property=\"og:type\" content=\"article\" \/>\n<meta property=\"og:title\" content=\"JNR Radiance 31000 Puffs-Technologische Vape-Strawberry lce - Fumot Official Direct | Straight from the Factory, 100% Genuine\" \/>\n<meta property=\"og:description\" content=\"JNR Radiance 31000 Puffs \u2013 Langanhaltender Genuss &amp; Vielfalt Die JNR Radiance 31000 Puffs ist eine Premium-E-Zigarette, die f\u00fcr Nutzer konzipiert wurde, die Wert auf modernes Design, Benutzerfreundlichkeit und fortschrittliche Technologie legen. Sie bietet bis zu 31000 Z\u00fcge, einen gro\u00dfen 28\u202fml E-Liquid-Tank, einen leistungsstarken 950\u202fmAh Akku mit Type-C-Schnellladung und die Dual Mesh Coil-Technologie, die f\u00fcr [&hellip;]\" \/>\n<meta property=\"og:url\" content=\"https:\/\/fumot.uk\/fr\/product\/jnr-radiance-31000-puffs-technologische-vape-strawberry-lce\/\" \/>\n<meta property=\"og:site_name\" content=\"Fumot Official Direct | Straight from the Factory, 100% Genuine\" \/>\n<meta property=\"article:modified_time\" content=\"2026-01-21T04:12:11+00:00\" \/>\n<meta name=\"twitter:card\" content=\"summary_large_image\" \/>\n<meta name=\"twitter:label1\" content=\"Dur\u00e9e de lecture estim\u00e9e\" \/>\n\t<meta name=\"twitter:data1\" content=\"1 minute\" \/>\n<script type=\"application\/ld+json\" class=\"yoast-schema-graph\">{\"@context\":\"https:\/\/schema.org\",\"@graph\":[{\"@type\":\"WebPage\",\"@id\":\"https:\/\/fumot.uk\/product\/jnr-radiance-31000-puffs-technologische-vape-strawberry-lce\/\",\"url\":\"https:\/\/fumot.uk\/product\/jnr-radiance-31000-puffs-technologische-vape-strawberry-lce\/\",\"name\":\"JNR Radiance 31000 Puffs-Technologische Vape-Strawberry lce - Fumot Official Direct | Straight from the Factory, 100% Genuine\",\"isPartOf\":{\"@id\":\"https:\/\/fumot.uk\/#website\"},\"primaryImageOfPage\":{\"@id\":\"https:\/\/fumot.uk\/product\/jnr-radiance-31000-puffs-technologische-vape-strawberry-lce\/#primaryimage\"},\"image\":{\"@id\":\"https:\/\/fumot.uk\/product\/jnr-radiance-31000-puffs-technologische-vape-strawberry-lce\/#primaryimage\"},\"thumbnailUrl\":\"https:\/\/fumot.uk\/wp-content\/uploads\/2026\/01\/Strawberry-Ice-JNR-Radiance-31000-Puffs-Disposable-Device.jpg\",\"datePublished\":\"2026-01-21T04:10:45+00:00\",\"dateModified\":\"2026-01-21T04:12:11+00:00\",\"breadcrumb\":{\"@id\":\"https:\/\/fumot.uk\/product\/jnr-radiance-31000-puffs-technologische-vape-strawberry-lce\/#breadcrumb\"},\"inLanguage\":\"fr-FR\",\"potentialAction\":[{\"@type\":\"ReadAction\",\"target\":[\"https:\/\/fumot.uk\/product\/jnr-radiance-31000-puffs-technologische-vape-strawberry-lce\/\"]}]},{\"@type\":\"ImageObject\",\"inLanguage\":\"fr-FR\",\"@id\":\"https:\/\/fumot.uk\/product\/jnr-radiance-31000-puffs-technologische-vape-strawberry-lce\/#primaryimage\",\"url\":\"https:\/\/fumot.uk\/wp-content\/uploads\/2026\/01\/Strawberry-Ice-JNR-Radiance-31000-Puffs-Disposable-Device.jpg\",\"contentUrl\":\"https:\/\/fumot.uk\/wp-content\/uploads\/2026\/01\/Strawberry-Ice-JNR-Radiance-31000-Puffs-Disposable-Device.jpg\",\"width\":800,\"height\":800},{\"@type\":\"BreadcrumbList\",\"@id\":\"https:\/\/fumot.uk\/product\/jnr-radiance-31000-puffs-technologische-vape-strawberry-lce\/#breadcrumb\",\"itemListElement\":[{\"@type\":\"ListItem\",\"position\":1,\"name\":\"Home\",\"item\":\"https:\/\/fumot.uk\/\"},{\"@type\":\"ListItem\",\"position\":2,\"name\":\"Shop\",\"item\":\"https:\/\/fumot.uk\/shop\/\"},{\"@type\":\"ListItem\",\"position\":3,\"name\":\"JNR Radiance 31000 Puffs-Technologische Vape-Strawberry lce\"}]},{\"@type\":\"WebSite\",\"@id\":\"https:\/\/fumot.uk\/#website\",\"url\":\"https:\/\/fumot.uk\/\",\"name\":\"Fumot Official Direct | Straight from the Factory, 100% Genuine\",\"description\":\"Official Website\",\"publisher\":{\"@id\":\"https:\/\/fumot.uk\/#organization\"},\"potentialAction\":[{\"@type\":\"SearchAction\",\"target\":{\"@type\":\"EntryPoint\",\"urlTemplate\":\"https:\/\/fumot.uk\/?s={search_term_string}\"},\"query-input\":{\"@type\":\"PropertyValueSpecification\",\"valueRequired\":true,\"valueName\":\"search_term_string\"}}],\"inLanguage\":\"fr-FR\"},{\"@type\":\"Organization\",\"@id\":\"https:\/\/fumot.uk\/#organization\",\"name\":\"Fumot Official Direct | Straight from the Factory, 100% Genuine\",\"url\":\"https:\/\/fumot.uk\/\",\"logo\":{\"@type\":\"ImageObject\",\"inLanguage\":\"fr-FR\",\"@id\":\"https:\/\/fumot.uk\/#\/schema\/logo\/image\/\",\"url\":\"https:\/\/fumot.uk\/wp-content\/uploads\/2026\/01\/cropped-fumot-logo1.png\",\"contentUrl\":\"https:\/\/fumot.uk\/wp-content\/uploads\/2026\/01\/cropped-fumot-logo1.png\",\"width\":152,\"height\":106,\"caption\":\"Fumot Official Direct | Straight from the Factory, 100% Genuine\"},\"image\":{\"@id\":\"https:\/\/fumot.uk\/#\/schema\/logo\/image\/\"}}]}<\/script>\n<!-- \/ Yoast SEO plugin. -->","yoast_head_json":{"title":"JNR Radiance 31000 Puffs-Technologische Vape-Fraise Glac\u00e9e - Fumot Official Direct | Directement de l'usine, 100% Authentique","robots":{"index":"index","follow":"follow","max-snippet":"max-snippet:-1","max-image-preview":"max-image-preview:large","max-video-preview":"max-video-preview:-1"},"canonical":"https:\/\/fumot.uk\/fr\/product\/jnr-radiance-31000-puffs-technologische-vape-strawberry-lce\/","og_locale":"fr_FR","og_type":"article","og_title":"JNR Radiance 31000 Puffs-Technologische Vape-Strawberry lce - Fumot Official Direct | Straight from the Factory, 100% Genuine","og_description":"JNR Radiance 31000 Puffs \u2013 Langanhaltender Genuss &amp; Vielfalt Die JNR Radiance 31000 Puffs ist eine Premium-E-Zigarette, die f\u00fcr Nutzer konzipiert wurde, die Wert auf modernes Design, Benutzerfreundlichkeit und fortschrittliche Technologie legen. Sie bietet bis zu 31000 Z\u00fcge, einen gro\u00dfen 28\u202fml E-Liquid-Tank, einen leistungsstarken 950\u202fmAh Akku mit Type-C-Schnellladung und die Dual Mesh Coil-Technologie, die f\u00fcr [&hellip;]","og_url":"https:\/\/fumot.uk\/fr\/product\/jnr-radiance-31000-puffs-technologische-vape-strawberry-lce\/","og_site_name":"Fumot Official Direct | Straight from the Factory, 100% Genuine","article_modified_time":"2026-01-21T04:12:11+00:00","twitter_card":"summary_large_image","twitter_misc":{"Dur\u00e9e de lecture estim\u00e9e":"1 minute"},"schema":{"@context":"https:\/\/schema.org","@graph":[{"@type":"WebPage","@id":"https:\/\/fumot.uk\/product\/jnr-radiance-31000-puffs-technologische-vape-strawberry-lce\/","url":"https:\/\/fumot.uk\/product\/jnr-radiance-31000-puffs-technologische-vape-strawberry-lce\/","name":"JNR Radiance 31000 Puffs-Technologische Vape-Fraise Glac\u00e9e - Fumot Official Direct | Directement de l'usine, 100% Authentique","isPartOf":{"@id":"https:\/\/fumot.uk\/#website"},"primaryImageOfPage":{"@id":"https:\/\/fumot.uk\/product\/jnr-radiance-31000-puffs-technologische-vape-strawberry-lce\/#primaryimage"},"image":{"@id":"https:\/\/fumot.uk\/product\/jnr-radiance-31000-puffs-technologische-vape-strawberry-lce\/#primaryimage"},"thumbnailUrl":"https:\/\/fumot.uk\/wp-content\/uploads\/2026\/01\/Strawberry-Ice-JNR-Radiance-31000-Puffs-Disposable-Device.jpg","datePublished":"2026-01-21T04:10:45+00:00","dateModified":"2026-01-21T04:12:11+00:00","breadcrumb":{"@id":"https:\/\/fumot.uk\/product\/jnr-radiance-31000-puffs-technologische-vape-strawberry-lce\/#breadcrumb"},"inLanguage":"fr-FR","potentialAction":[{"@type":"ReadAction","target":["https:\/\/fumot.uk\/product\/jnr-radiance-31000-puffs-technologische-vape-strawberry-lce\/"]}]},{"@type":"ImageObject","inLanguage":"fr-FR","@id":"https:\/\/fumot.uk\/product\/jnr-radiance-31000-puffs-technologische-vape-strawberry-lce\/#primaryimage","url":"https:\/\/fumot.uk\/wp-content\/uploads\/2026\/01\/Strawberry-Ice-JNR-Radiance-31000-Puffs-Disposable-Device.jpg","contentUrl":"https:\/\/fumot.uk\/wp-content\/uploads\/2026\/01\/Strawberry-Ice-JNR-Radiance-31000-Puffs-Disposable-Device.jpg","width":800,"height":800},{"@type":"BreadcrumbList","@id":"https:\/\/fumot.uk\/product\/jnr-radiance-31000-puffs-technologische-vape-strawberry-lce\/#breadcrumb","itemListElement":[{"@type":"ListItem","position":1,"name":"Home","item":"https:\/\/fumot.uk\/"},{"@type":"ListItem","position":2,"name":"Shop","item":"https:\/\/fumot.uk\/shop\/"},{"@type":"ListItem","position":3,"name":"JNR Radiance 31000 Puffs-Technologische Vape-Strawberry lce"}]},{"@type":"WebSite","@id":"https:\/\/fumot.uk\/#website","url":"https:\/\/fumot.uk\/","name":"Fumot Official Direct | Directement de l'usine, 100% Authentique","description":"Site officiel","publisher":{"@id":"https:\/\/fumot.uk\/#organization"},"potentialAction":[{"@type":"SearchAction","target":{"@type":"EntryPoint","urlTemplate":"https:\/\/fumot.uk\/?s={search_term_string}"},"query-input":{"@type":"PropertyValueSpecification","valueRequired":true,"valueName":"search_term_string"}}],"inLanguage":"fr-FR"},{"@type":"Organization","@id":"https:\/\/fumot.uk\/#organization","name":"Fumot Official Direct | Directement de l'usine, 100% Authentique","url":"https:\/\/fumot.uk\/","logo":{"@type":"ImageObject","inLanguage":"fr-FR","@id":"https:\/\/fumot.uk\/#\/schema\/logo\/image\/","url":"https:\/\/fumot.uk\/wp-content\/uploads\/2026\/01\/cropped-fumot-logo1.png","contentUrl":"https:\/\/fumot.uk\/wp-content\/uploads\/2026\/01\/cropped-fumot-logo1.png","width":152,"height":106,"caption":"Fumot Official Direct | Straight from the Factory, 100% Genuine"},"image":{"@id":"https:\/\/fumot.uk\/#\/schema\/logo\/image\/"}}]}},"_links":{"self":[{"href":"https:\/\/fumot.uk\/fr\/wp-json\/wp\/v2\/product\/4479","targetHints":{"allow":["GET"]}}],"collection":[{"href":"https:\/\/fumot.uk\/fr\/wp-json\/wp\/v2\/product"}],"about":[{"href":"https:\/\/fumot.uk\/fr\/wp-json\/wp\/v2\/types\/product"}],"replies":[{"embeddable":true,"href":"https:\/\/fumot.uk\/fr\/wp-json\/wp\/v2\/comments?post=4479"}],"wp:featuredmedia":[{"embeddable":true,"href":"https:\/\/fumot.uk\/fr\/wp-json\/wp\/v2\/media\/4500"}],"wp:attachment":[{"href":"https:\/\/fumot.uk\/fr\/wp-json\/wp\/v2\/media?parent=4479"}],"wp:term":[{"taxonomy":"product_brand","embeddable":true,"href":"https:\/\/fumot.uk\/fr\/wp-json\/wp\/v2\/product_brand?post=4479"},{"taxonomy":"product_cat","embeddable":true,"href":"https:\/\/fumot.uk\/fr\/wp-json\/wp\/v2\/product_cat?post=4479"},{"taxonomy":"product_tag","embeddable":true,"href":"https:\/\/fumot.uk\/fr\/wp-json\/wp\/v2\/product_tag?post=4479"}],"curies":[{"name":"wp","href":"https:\/\/api.w.org\/{rel}","templated":true}]}}