{"id":433,"date":"2026-01-20T02:44:33","date_gmt":"2026-01-20T02:44:33","guid":{"rendered":"https:\/\/fumot.uk\/?post_type=product&#038;p=433"},"modified":"2026-01-20T02:47:24","modified_gmt":"2026-01-20T02:47:24","slug":"randm-tornado-20000-puffs-strawberry-kiwi","status":"publish","type":"product","link":"https:\/\/fumot.uk\/fr\/product\/randm-tornado-20000-puffs-strawberry-kiwi\/","title":{"rendered":"Randm Tornado 20000 Puffs-Fraise Kiwi"},"content":{"rendered":"<h3 data-start=\"0\" data-end=\"45\">Randm Tornado 20000 Puffs \u2013 Fraise Kiwi<\/h3>\n<p data-start=\"47\" data-end=\"391\"><strong>Fruit\u00e9 et rafra\u00eechissant, profitez de l'exp\u00e9rience ultime de vapotage<\/strong><br data-start=\"114\" data-end=\"117\" \/>La cigarette \u00e9lectronique Randm Tornado 20000 Puffs au go\u00fbt Fraise Kiwi combine l'intensit\u00e9 sucr\u00e9e de fraises m\u00fbres avec la fra\u00eecheur p\u00e9tillante du kiwi. Chaque bouff\u00e9e est fruit\u00e9e, rafra\u00eechissante et parfaitement \u00e9quilibr\u00e9e \u2013 un moment de plaisir qui donne envie de plus.<\/p>\n<h3 data-start=\"393\" data-end=\"409\">Caract\u00e9ristiques principales :<\/h3>\n<p data-start=\"411\" data-end=\"1153\"><strong>\u2611 Go\u00fbt :<\/strong> Go\u00fbt Fraise-Kiwi fruit\u00e9 et sucr\u00e9 avec un \u00e9quilibre parfait entre douceur et acidit\u00e9.<br data-start=\"509\" data-end=\"512\" \/><strong>\u2611 Teneur en nicotine :<\/strong> 2% \/ 5%, pour r\u00e9pondre \u00e0 diff\u00e9rents besoins.<br data-start=\"582\" data-end=\"585\" \/><strong>\u2611 Capacit\u00e9 de la batterie :<\/strong> Batterie rechargeable de 850 mAh pour une performance durable.<br data-start=\"661\" data-end=\"664\" \/><strong>\u2611 Nombre de bouff\u00e9es :<\/strong> Jusqu'\u00e0 <a href=\"https:\/\/ultravape.de\/product-category\/20000-puff\/\">20000 bouff\u00e9es<\/a> pour un plaisir durable sans remplissage fr\u00e9quent.<br data-start=\"747\" data-end=\"750\" \/><strong>\u2611 Capacit\u00e9 de l'e-liquide :<\/strong> 20 ml pour une vape continue.<br data-start=\"807\" data-end=\"810\" \/><strong>\u2611 Affichage intelligent :<\/strong> Indicateur LED pour surveiller en temps r\u00e9el le statut de l'e-liquide et de la batterie, gestion facile.<br data-start=\"918\" data-end=\"921\" \/><strong>\u2611 Technologie Dual-Mesh :<\/strong> Vapeur intense et saveur pleine pour une exp\u00e9rience de vapotage douce et riche.<br data-start=\"1038\" data-end=\"1041\" \/><strong>\u2611 Port de charge rapide Type-C :<\/strong> Recharge rapide, pr\u00eat \u00e0 l'emploi \u00e0 tout moment pour un plaisir ininterrompu.<\/p>\n<h3 data-start=\"1155\" data-end=\"1167\">Public cible<\/h3>\n<p data-start=\"1169\" data-end=\"1310\">Pour les vapoteurs qui aiment les saveurs fruit\u00e9es-sucr\u00e9es et rafra\u00eechissantes et qui appr\u00e9cient les appareils de haute qualit\u00e9, durables et confortables.<\/p>\n<h3 data-start=\"1312\" data-end=\"1374\">Fraise Kiwi \u2013 Fra\u00eecheur fruit\u00e9e, chaque bouff\u00e9e est un moment fort<\/h3>\n<p data-start=\"1376\" data-end=\"1635\" data-is-last-node=\"\" data-is-only-node=\"\">La cigarette \u00e9lectronique Randm Tornado 20000 Puffs en Fraise Kiwi combine technologie de pointe et exp\u00e9rience fruit\u00e9e intense. Chaque bouff\u00e9e est sucr\u00e9e, p\u00e9tillante et riche, vous permettant de vous perdre compl\u00e8tement dans le monde rafra\u00eechissant de Fraise Kiwi.<\/p>","protected":false},"excerpt":{"rendered":"<p>Randm Tornado 20000 Puffs \u2013 Fraise Kiwi Fruit\u00e9 et rafra\u00eechissant, profitez de l'exp\u00e9rience de vapotage ultimeLa cigarette \u00e9lectronique Randm Tornado 20000 Puffs au go\u00fbt Fraise Kiwi combine l'intensit\u00e9 sucr\u00e9e des fraises m\u00fbres avec la fra\u00eecheur p\u00e9tillante du kiwi. Chaque bouff\u00e9e est fruit\u00e9e, rafra\u00eechissante et parfaitement \u00e9quilibr\u00e9e \u2013 un moment de plaisir qui donne envie de plus. Caract\u00e9ristiques principales : \u2611 [\u2026]<\/p>","protected":false},"featured_media":475,"comment_status":"open","ping_status":"closed","template":"","meta":[],"product_brand":[],"product_cat":[68,69,17],"product_tag":[70,60,71,20,72,73,45,74,26,27,62,37,28],"class_list":{"0":"post-433","1":"product","2":"type-product","3":"status-publish","4":"has-post-thumbnail","6":"product_cat-20000-puff","7":"product_cat-randm-tornado-20000-puffs","8":"product_cat-vape","9":"product_tag-2-nikotin","10":"product_tag-20ml","11":"product_tag-5-nikotin","12":"product_tag-850mah","13":"product_tag-direct-to-lung","14":"product_tag-dual-mesh","15":"product_tag-kiwi","16":"product_tag-lcd-display","17":"product_tag-rechargeable","18":"product_tag-rgb-light","19":"product_tag-sale-vape","20":"product_tag-strawberry","21":"product_tag-type-c","23":"first","24":"instock","25":"sale","26":"shipping-taxable","27":"purchasable","28":"product-type-variable","29":"has-default-attributes"},"yoast_head":"<!-- This site is optimized with the Yoast SEO plugin v26.8 - https:\/\/yoast.com\/product\/yoast-seo-wordpress\/ -->\n<title>Randm Tornado 20000 Puffs-Strawberry Kiwi - Fumot Official Direct | Straight from the Factory, 100% Genuine<\/title>\n<meta name=\"robots\" content=\"index, follow, max-snippet:-1, max-image-preview:large, max-video-preview:-1\" \/>\n<link rel=\"canonical\" href=\"https:\/\/fumot.uk\/fr\/product\/randm-tornado-20000-puffs-strawberry-kiwi\/\" \/>\n<meta property=\"og:locale\" content=\"fr_FR\" \/>\n<meta property=\"og:type\" content=\"article\" \/>\n<meta property=\"og:title\" content=\"Randm Tornado 20000 Puffs-Strawberry Kiwi - Fumot Official Direct | Straight from the Factory, 100% Genuine\" \/>\n<meta property=\"og:description\" content=\"Randm Tornado 20000 Puffs \u2013 Strawberry Kiwi Fruchtig und erfrischend, genie\u00dfen Sie das ultimative DampferlebnisDie Randm Tornado 20000 Puffs E-Zigarette in der Geschmacksrichtung Strawberry Kiwi vereint die s\u00fc\u00dfe Intensit\u00e4t reifer Erdbeeren mit der spritzigen Frische von Kiwi. Jeder Zug ist fruchtig, erfrischend und perfekt ausbalanciert \u2013 ein Genussmoment, der Lust auf mehr macht. Hauptmerkmale: \u2611 [&hellip;]\" \/>\n<meta property=\"og:url\" content=\"https:\/\/fumot.uk\/fr\/product\/randm-tornado-20000-puffs-strawberry-kiwi\/\" \/>\n<meta property=\"og:site_name\" content=\"Fumot Official Direct | Straight from the Factory, 100% Genuine\" \/>\n<meta property=\"article:modified_time\" content=\"2026-01-20T02:47:24+00:00\" \/>\n<meta property=\"og:image\" content=\"https:\/\/fumot.uk\/wp-content\/uploads\/2026\/01\/Strawberry-Kiwi_Randm-Tornado-20000-Puffs-Disposable-Vape.jpg\" \/>\n\t<meta property=\"og:image:width\" content=\"2000\" \/>\n\t<meta property=\"og:image:height\" content=\"2000\" \/>\n\t<meta property=\"og:image:type\" content=\"image\/jpeg\" \/>\n<meta name=\"twitter:card\" content=\"summary_large_image\" \/>\n<meta name=\"twitter:label1\" content=\"Dur\u00e9e de lecture estim\u00e9e\" \/>\n\t<meta name=\"twitter:data1\" content=\"2 minutes\" \/>\n<script type=\"application\/ld+json\" class=\"yoast-schema-graph\">{\"@context\":\"https:\/\/schema.org\",\"@graph\":[{\"@type\":\"WebPage\",\"@id\":\"https:\/\/fumot.uk\/product\/randm-tornado-20000-puffs-strawberry-kiwi\/\",\"url\":\"https:\/\/fumot.uk\/product\/randm-tornado-20000-puffs-strawberry-kiwi\/\",\"name\":\"Randm Tornado 20000 Puffs-Strawberry Kiwi - Fumot Official Direct | Straight from the Factory, 100% Genuine\",\"isPartOf\":{\"@id\":\"https:\/\/fumot.uk\/#website\"},\"primaryImageOfPage\":{\"@id\":\"https:\/\/fumot.uk\/product\/randm-tornado-20000-puffs-strawberry-kiwi\/#primaryimage\"},\"image\":{\"@id\":\"https:\/\/fumot.uk\/product\/randm-tornado-20000-puffs-strawberry-kiwi\/#primaryimage\"},\"thumbnailUrl\":\"https:\/\/fumot.uk\/wp-content\/uploads\/2026\/01\/Strawberry-Kiwi_Randm-Tornado-20000-Puffs-Disposable-Vape.jpg\",\"datePublished\":\"2026-01-20T02:44:33+00:00\",\"dateModified\":\"2026-01-20T02:47:24+00:00\",\"breadcrumb\":{\"@id\":\"https:\/\/fumot.uk\/product\/randm-tornado-20000-puffs-strawberry-kiwi\/#breadcrumb\"},\"inLanguage\":\"fr-FR\",\"potentialAction\":[{\"@type\":\"ReadAction\",\"target\":[\"https:\/\/fumot.uk\/product\/randm-tornado-20000-puffs-strawberry-kiwi\/\"]}]},{\"@type\":\"ImageObject\",\"inLanguage\":\"fr-FR\",\"@id\":\"https:\/\/fumot.uk\/product\/randm-tornado-20000-puffs-strawberry-kiwi\/#primaryimage\",\"url\":\"https:\/\/fumot.uk\/wp-content\/uploads\/2026\/01\/Strawberry-Kiwi_Randm-Tornado-20000-Puffs-Disposable-Vape.jpg\",\"contentUrl\":\"https:\/\/fumot.uk\/wp-content\/uploads\/2026\/01\/Strawberry-Kiwi_Randm-Tornado-20000-Puffs-Disposable-Vape.jpg\",\"width\":2000,\"height\":2000},{\"@type\":\"BreadcrumbList\",\"@id\":\"https:\/\/fumot.uk\/product\/randm-tornado-20000-puffs-strawberry-kiwi\/#breadcrumb\",\"itemListElement\":[{\"@type\":\"ListItem\",\"position\":1,\"name\":\"Home\",\"item\":\"https:\/\/fumot.uk\/\"},{\"@type\":\"ListItem\",\"position\":2,\"name\":\"Shop\",\"item\":\"https:\/\/fumot.uk\/shop\/\"},{\"@type\":\"ListItem\",\"position\":3,\"name\":\"Randm Tornado 20000 Puffs-Strawberry Kiwi\"}]},{\"@type\":\"WebSite\",\"@id\":\"https:\/\/fumot.uk\/#website\",\"url\":\"https:\/\/fumot.uk\/\",\"name\":\"Fumot Official Direct | Straight from the Factory, 100% Genuine\",\"description\":\"Official Website\",\"publisher\":{\"@id\":\"https:\/\/fumot.uk\/#organization\"},\"potentialAction\":[{\"@type\":\"SearchAction\",\"target\":{\"@type\":\"EntryPoint\",\"urlTemplate\":\"https:\/\/fumot.uk\/?s={search_term_string}\"},\"query-input\":{\"@type\":\"PropertyValueSpecification\",\"valueRequired\":true,\"valueName\":\"search_term_string\"}}],\"inLanguage\":\"fr-FR\"},{\"@type\":\"Organization\",\"@id\":\"https:\/\/fumot.uk\/#organization\",\"name\":\"Fumot Official Direct | Straight from the Factory, 100% Genuine\",\"url\":\"https:\/\/fumot.uk\/\",\"logo\":{\"@type\":\"ImageObject\",\"inLanguage\":\"fr-FR\",\"@id\":\"https:\/\/fumot.uk\/#\/schema\/logo\/image\/\",\"url\":\"https:\/\/fumot.uk\/wp-content\/uploads\/2026\/01\/cropped-fumot-logo1.png\",\"contentUrl\":\"https:\/\/fumot.uk\/wp-content\/uploads\/2026\/01\/cropped-fumot-logo1.png\",\"width\":152,\"height\":106,\"caption\":\"Fumot Official Direct | Straight from the Factory, 100% Genuine\"},\"image\":{\"@id\":\"https:\/\/fumot.uk\/#\/schema\/logo\/image\/\"}}]}<\/script>\n<!-- \/ Yoast SEO plugin. -->","yoast_head_json":{"title":"Randm Tornado 20000 Puffs-Fraise Kiwi - Fumot Officiel Direct | Directement de l'Usine, 100% Authentique","robots":{"index":"index","follow":"follow","max-snippet":"max-snippet:-1","max-image-preview":"max-image-preview:large","max-video-preview":"max-video-preview:-1"},"canonical":"https:\/\/fumot.uk\/fr\/product\/randm-tornado-20000-puffs-strawberry-kiwi\/","og_locale":"fr_FR","og_type":"article","og_title":"Randm Tornado 20000 Puffs-Strawberry Kiwi - Fumot Official Direct | Straight from the Factory, 100% Genuine","og_description":"Randm Tornado 20000 Puffs \u2013 Strawberry Kiwi Fruchtig und erfrischend, genie\u00dfen Sie das ultimative DampferlebnisDie Randm Tornado 20000 Puffs E-Zigarette in der Geschmacksrichtung Strawberry Kiwi vereint die s\u00fc\u00dfe Intensit\u00e4t reifer Erdbeeren mit der spritzigen Frische von Kiwi. Jeder Zug ist fruchtig, erfrischend und perfekt ausbalanciert \u2013 ein Genussmoment, der Lust auf mehr macht. Hauptmerkmale: \u2611 [&hellip;]","og_url":"https:\/\/fumot.uk\/fr\/product\/randm-tornado-20000-puffs-strawberry-kiwi\/","og_site_name":"Fumot Official Direct | Straight from the Factory, 100% Genuine","article_modified_time":"2026-01-20T02:47:24+00:00","og_image":[{"width":2000,"height":2000,"url":"https:\/\/fumot.uk\/wp-content\/uploads\/2026\/01\/Strawberry-Kiwi_Randm-Tornado-20000-Puffs-Disposable-Vape.jpg","type":"image\/jpeg"}],"twitter_card":"summary_large_image","twitter_misc":{"Dur\u00e9e de lecture estim\u00e9e":"2 minutes"},"schema":{"@context":"https:\/\/schema.org","@graph":[{"@type":"WebPage","@id":"https:\/\/fumot.uk\/product\/randm-tornado-20000-puffs-strawberry-kiwi\/","url":"https:\/\/fumot.uk\/product\/randm-tornado-20000-puffs-strawberry-kiwi\/","name":"Randm Tornado 20000 Puffs-Fraise Kiwi - Fumot Officiel Direct | Directement de l'Usine, 100% Authentique","isPartOf":{"@id":"https:\/\/fumot.uk\/#website"},"primaryImageOfPage":{"@id":"https:\/\/fumot.uk\/product\/randm-tornado-20000-puffs-strawberry-kiwi\/#primaryimage"},"image":{"@id":"https:\/\/fumot.uk\/product\/randm-tornado-20000-puffs-strawberry-kiwi\/#primaryimage"},"thumbnailUrl":"https:\/\/fumot.uk\/wp-content\/uploads\/2026\/01\/Strawberry-Kiwi_Randm-Tornado-20000-Puffs-Disposable-Vape.jpg","datePublished":"2026-01-20T02:44:33+00:00","dateModified":"2026-01-20T02:47:24+00:00","breadcrumb":{"@id":"https:\/\/fumot.uk\/product\/randm-tornado-20000-puffs-strawberry-kiwi\/#breadcrumb"},"inLanguage":"fr-FR","potentialAction":[{"@type":"ReadAction","target":["https:\/\/fumot.uk\/product\/randm-tornado-20000-puffs-strawberry-kiwi\/"]}]},{"@type":"ImageObject","inLanguage":"fr-FR","@id":"https:\/\/fumot.uk\/product\/randm-tornado-20000-puffs-strawberry-kiwi\/#primaryimage","url":"https:\/\/fumot.uk\/wp-content\/uploads\/2026\/01\/Strawberry-Kiwi_Randm-Tornado-20000-Puffs-Disposable-Vape.jpg","contentUrl":"https:\/\/fumot.uk\/wp-content\/uploads\/2026\/01\/Strawberry-Kiwi_Randm-Tornado-20000-Puffs-Disposable-Vape.jpg","width":2000,"height":2000},{"@type":"BreadcrumbList","@id":"https:\/\/fumot.uk\/product\/randm-tornado-20000-puffs-strawberry-kiwi\/#breadcrumb","itemListElement":[{"@type":"ListItem","position":1,"name":"Home","item":"https:\/\/fumot.uk\/"},{"@type":"ListItem","position":2,"name":"Shop","item":"https:\/\/fumot.uk\/shop\/"},{"@type":"ListItem","position":3,"name":"Randm Tornado 20000 Puffs-Strawberry Kiwi"}]},{"@type":"WebSite","@id":"https:\/\/fumot.uk\/#website","url":"https:\/\/fumot.uk\/","name":"Fumot Official Direct | Directement de l'usine, 100% Authentique","description":"Site officiel","publisher":{"@id":"https:\/\/fumot.uk\/#organization"},"potentialAction":[{"@type":"SearchAction","target":{"@type":"EntryPoint","urlTemplate":"https:\/\/fumot.uk\/?s={search_term_string}"},"query-input":{"@type":"PropertyValueSpecification","valueRequired":true,"valueName":"search_term_string"}}],"inLanguage":"fr-FR"},{"@type":"Organization","@id":"https:\/\/fumot.uk\/#organization","name":"Fumot Official Direct | Directement de l'usine, 100% Authentique","url":"https:\/\/fumot.uk\/","logo":{"@type":"ImageObject","inLanguage":"fr-FR","@id":"https:\/\/fumot.uk\/#\/schema\/logo\/image\/","url":"https:\/\/fumot.uk\/wp-content\/uploads\/2026\/01\/cropped-fumot-logo1.png","contentUrl":"https:\/\/fumot.uk\/wp-content\/uploads\/2026\/01\/cropped-fumot-logo1.png","width":152,"height":106,"caption":"Fumot Official Direct | Straight from the Factory, 100% Genuine"},"image":{"@id":"https:\/\/fumot.uk\/#\/schema\/logo\/image\/"}}]}},"_links":{"self":[{"href":"https:\/\/fumot.uk\/fr\/wp-json\/wp\/v2\/product\/433","targetHints":{"allow":["GET"]}}],"collection":[{"href":"https:\/\/fumot.uk\/fr\/wp-json\/wp\/v2\/product"}],"about":[{"href":"https:\/\/fumot.uk\/fr\/wp-json\/wp\/v2\/types\/product"}],"replies":[{"embeddable":true,"href":"https:\/\/fumot.uk\/fr\/wp-json\/wp\/v2\/comments?post=433"}],"wp:featuredmedia":[{"embeddable":true,"href":"https:\/\/fumot.uk\/fr\/wp-json\/wp\/v2\/media\/475"}],"wp:attachment":[{"href":"https:\/\/fumot.uk\/fr\/wp-json\/wp\/v2\/media?parent=433"}],"wp:term":[{"taxonomy":"product_brand","embeddable":true,"href":"https:\/\/fumot.uk\/fr\/wp-json\/wp\/v2\/product_brand?post=433"},{"taxonomy":"product_cat","embeddable":true,"href":"https:\/\/fumot.uk\/fr\/wp-json\/wp\/v2\/product_cat?post=433"},{"taxonomy":"product_tag","embeddable":true,"href":"https:\/\/fumot.uk\/fr\/wp-json\/wp\/v2\/product_tag?post=433"}],"curies":[{"name":"wp","href":"https:\/\/api.w.org\/{rel}","templated":true}]}}