{"id":429,"date":"2026-01-20T02:44:32","date_gmt":"2026-01-20T02:44:32","guid":{"rendered":"https:\/\/fumot.uk\/?post_type=product&#038;p=429"},"modified":"2026-01-20T07:59:42","modified_gmt":"2026-01-20T07:59:42","slug":"randm-tornado-20000-puffs-pina-colada","status":"publish","type":"product","link":"https:\/\/fumot.uk\/fr\/product\/randm-tornado-20000-puffs-pina-colada\/","title":{"rendered":"RAndM Tornado 20000 Puffs Pina Colada Vape Jetable \u2013 20ml, Rechargeable 850mAh, Double Bobine en Maille, \u00c9cran LCD (2%\/5% Nicotine)"},"content":{"rendered":"<h2>RAndM Tornado 20000 Puffs \u2013 Pina Colada<\/h2>\n<p>\u00c9vadez-vous vers un moment de saveur ensoleill\u00e9 et doux avec le <strong>RAndM Tornado 20000 Puffs Pina Colada<\/strong>. Il associe <strong>la douceur vive de l'ananas<\/strong> avec un <strong>\u00e0 une finition cr\u00e9meuse de noix de coco<\/strong> pour un m\u00e9lange tropical qui reste doux et agr\u00e9able du premier tirage au dernier.<\/p>\n<h3>Notes de saveur : Pina Colada<\/h3>\n<ul>\n<li><strong>Inhalation :<\/strong> ananas juteux<\/li>\n<li><strong>Expiration :<\/strong> cr\u00e8me de noix de coco douce<\/li>\n<li><strong>Global :<\/strong> doux, tropical, lisse\u2014facile \u00e0 vapoter au quotidien<\/li>\n<\/ul>\n<h3>Ce qui rend ce jetable 20000 Puffs exceptionnel<\/h3>\n<ul>\n<li><strong>Jusqu'\u00e0 20000 bouff\u00e9es<\/strong> (l'utilisation varie) pour un plaisir prolong\u00e9<\/li>\n<li><strong>Capacit\u00e9 de 20ml de e-liquide<\/strong> pour maintenir la saveur<\/li>\n<li><strong>Forces de nicotine :<\/strong> choisissez <strong>2%<\/strong> or <strong>5%<\/strong><\/li>\n<li><strong>Batterie rechargeable 850mAh<\/strong> pour une utilisation prolong\u00e9e entre les charges<\/li>\n<li><strong>Recharge USB Type-C<\/strong> pour des recharges pratiques<\/li>\n<li><strong>Double bobine en mesh<\/strong> con\u00e7ue pour une saveur plus riche et une vapeur plus douce<\/li>\n<li><strong>\u00c9cran LCD intelligent<\/strong> vous aide \u00e0 suivre l'\u00e9tat de la batterie et du liquide<\/li>\n<li><strong>Tirage DTL convivial<\/strong> pour un style d'inhalation plus ouvert<\/li>\n<\/ul>\n<h3>Id\u00e9al pour<\/h3>\n<p>Si vous aimez <strong>les saveurs de desserts tropicaux<\/strong> qui ne sont pas trop lourdes, ce <strong>vape jetable Pina Colada<\/strong> est une excellente correspondance. Il est \u00e9galement id\u00e9al si vous souhaitez la commodit\u00e9 d'un jetable avec la praticit\u00e9 de <strong>recharger<\/strong> et v\u00e9rifier les niveaux sur un <strong>\u00e9cran LCD<\/strong>.<\/p>\n<h3>Achetez plus sur fumot.uk<\/h3>\n<p>D\u00e9couvrez plus de saveurs et d'appareils sur <a href=\"https:\/\/fumot.uk\/fr\/\">fumot.uk<\/a>, ou parcourez notre <a href=\"https:\/\/fumot.uk\/fr\/product-category\/20000-puff\/\">collection de vapes 20000 puffs<\/a> pour trouver votre prochain favori de tous les jours.<\/p>\n<p><strong>Simplement tropical :<\/strong> \u00e9clat d'ananas \u00e0 l'avant, cr\u00e8me de noix de coco \u00e0 la finition\u2014doux, \u00e9quilibr\u00e9, et pr\u00eat quand vous l'\u00eates.<\/p>","protected":false},"excerpt":{"rendered":"<p>Vape jetable RAndM Tornado 20000 Puffs Pina Colada avec douceur d'ananas et finition cr\u00e9meuse de noix de coco. 20ml, 850mAh rechargeable, double bobine en mesh, \u00e9cran LCD, USB\u2011C. Nicotine : 2% ou 5%.<\/p>","protected":false},"featured_media":471,"comment_status":"open","ping_status":"closed","template":"","meta":[],"product_brand":[],"product_cat":[68,69,17],"product_tag":[70,60,71,20,72,73,74,35,26,27,62,28],"class_list":{"0":"post-429","1":"product","2":"type-product","3":"status-publish","4":"has-post-thumbnail","6":"product_cat-20000-puff","7":"product_cat-randm-tornado-20000-puffs","8":"product_cat-vape","9":"product_tag-2-nikotin","10":"product_tag-20ml","11":"product_tag-5-nikotin","12":"product_tag-850mah","13":"product_tag-direct-to-lung","14":"product_tag-dual-mesh","15":"product_tag-lcd-display","16":"product_tag-pineapple","17":"product_tag-rechargeable","18":"product_tag-rgb-light","19":"product_tag-sale-vape","20":"product_tag-type-c","22":"first","23":"instock","24":"sale","25":"shipping-taxable","26":"purchasable","27":"product-type-variable","28":"has-default-attributes"},"yoast_head":"<!-- This site is optimized with the Yoast SEO plugin v26.8 - https:\/\/yoast.com\/product\/yoast-seo-wordpress\/ -->\n<title>RAndM Tornado 20000 Puffs Pina Colada Vape | fumot.uk<\/title>\n<meta name=\"description\" content=\"Pina Colada flavour: pineapple + creamy coconut. RAndM Tornado 20000 Puffs with 20ml, 850mAh rechargeable, dual mesh, LCD, USB\u2011C. 2%\/5%.\" \/>\n<meta name=\"robots\" content=\"index, follow, max-snippet:-1, max-image-preview:large, max-video-preview:-1\" \/>\n<link rel=\"canonical\" href=\"https:\/\/fumot.uk\/fr\/product\/randm-tornado-20000-puffs-pina-colada\/\" \/>\n<meta property=\"og:locale\" content=\"fr_FR\" \/>\n<meta property=\"og:type\" content=\"article\" \/>\n<meta property=\"og:title\" content=\"RAndM Tornado 20000 Puffs \u2013 Pina Colada (20ml, Rechargeable)\" \/>\n<meta property=\"og:description\" content=\"Tropical pineapple meets creamy coconut in a smooth Pina Colada vape. 20ml, dual mesh, LCD, USB\u2011C recharge. Choose 2% or 5% nicotine.\" \/>\n<meta property=\"og:url\" content=\"https:\/\/fumot.uk\/fr\/product\/randm-tornado-20000-puffs-pina-colada\/\" \/>\n<meta property=\"og:site_name\" content=\"Fumot Official Direct | Straight from the Factory, 100% Genuine\" \/>\n<meta property=\"article:modified_time\" content=\"2026-01-20T07:59:42+00:00\" \/>\n<meta property=\"og:image\" content=\"https:\/\/fumot.uk\/wp-content\/uploads\/2026\/01\/Pina-Colada_Randm-Tornado-20000-Puffs-Disposable-Vape.jpg\" \/>\n\t<meta property=\"og:image:width\" content=\"2000\" \/>\n\t<meta property=\"og:image:height\" content=\"2000\" \/>\n\t<meta property=\"og:image:type\" content=\"image\/jpeg\" \/>\n<meta name=\"twitter:card\" content=\"summary_large_image\" \/>\n<meta name=\"twitter:label1\" content=\"Dur\u00e9e de lecture estim\u00e9e\" \/>\n\t<meta name=\"twitter:data1\" content=\"2 minutes\" \/>\n<script type=\"application\/ld+json\" class=\"yoast-schema-graph\">{\"@context\":\"https:\/\/schema.org\",\"@graph\":[{\"@type\":\"WebPage\",\"@id\":\"https:\/\/fumot.uk\/product\/randm-tornado-20000-puffs-pina-colada\/\",\"url\":\"https:\/\/fumot.uk\/product\/randm-tornado-20000-puffs-pina-colada\/\",\"name\":\"RAndM Tornado 20000 Puffs Pina Colada Vape | fumot.uk\",\"isPartOf\":{\"@id\":\"https:\/\/fumot.uk\/#website\"},\"primaryImageOfPage\":{\"@id\":\"https:\/\/fumot.uk\/product\/randm-tornado-20000-puffs-pina-colada\/#primaryimage\"},\"image\":{\"@id\":\"https:\/\/fumot.uk\/product\/randm-tornado-20000-puffs-pina-colada\/#primaryimage\"},\"thumbnailUrl\":\"https:\/\/fumot.uk\/wp-content\/uploads\/2026\/01\/Pina-Colada_Randm-Tornado-20000-Puffs-Disposable-Vape.jpg\",\"datePublished\":\"2026-01-20T02:44:32+00:00\",\"dateModified\":\"2026-01-20T07:59:42+00:00\",\"description\":\"Pina Colada flavour: pineapple + creamy coconut. RAndM Tornado 20000 Puffs with 20ml, 850mAh rechargeable, dual mesh, LCD, USB\u2011C. 2%\/5%.\",\"breadcrumb\":{\"@id\":\"https:\/\/fumot.uk\/product\/randm-tornado-20000-puffs-pina-colada\/#breadcrumb\"},\"inLanguage\":\"fr-FR\",\"potentialAction\":[{\"@type\":\"ReadAction\",\"target\":[\"https:\/\/fumot.uk\/product\/randm-tornado-20000-puffs-pina-colada\/\"]}]},{\"@type\":\"ImageObject\",\"inLanguage\":\"fr-FR\",\"@id\":\"https:\/\/fumot.uk\/product\/randm-tornado-20000-puffs-pina-colada\/#primaryimage\",\"url\":\"https:\/\/fumot.uk\/wp-content\/uploads\/2026\/01\/Pina-Colada_Randm-Tornado-20000-Puffs-Disposable-Vape.jpg\",\"contentUrl\":\"https:\/\/fumot.uk\/wp-content\/uploads\/2026\/01\/Pina-Colada_Randm-Tornado-20000-Puffs-Disposable-Vape.jpg\",\"width\":2000,\"height\":2000},{\"@type\":\"BreadcrumbList\",\"@id\":\"https:\/\/fumot.uk\/product\/randm-tornado-20000-puffs-pina-colada\/#breadcrumb\",\"itemListElement\":[{\"@type\":\"ListItem\",\"position\":1,\"name\":\"Home\",\"item\":\"https:\/\/fumot.uk\/\"},{\"@type\":\"ListItem\",\"position\":2,\"name\":\"Shop\",\"item\":\"https:\/\/fumot.uk\/shop\/\"},{\"@type\":\"ListItem\",\"position\":3,\"name\":\"RAndM Tornado 20000 Puffs Pina Colada Disposable Vape \u2013 20ml, Rechargeable 850mAh, Dual Mesh Coil, LCD Display (2%\/5% Nicotine)\"}]},{\"@type\":\"WebSite\",\"@id\":\"https:\/\/fumot.uk\/#website\",\"url\":\"https:\/\/fumot.uk\/\",\"name\":\"Fumot Official Direct | Straight from the Factory, 100% Genuine\",\"description\":\"Official Website\",\"publisher\":{\"@id\":\"https:\/\/fumot.uk\/#organization\"},\"potentialAction\":[{\"@type\":\"SearchAction\",\"target\":{\"@type\":\"EntryPoint\",\"urlTemplate\":\"https:\/\/fumot.uk\/?s={search_term_string}\"},\"query-input\":{\"@type\":\"PropertyValueSpecification\",\"valueRequired\":true,\"valueName\":\"search_term_string\"}}],\"inLanguage\":\"fr-FR\"},{\"@type\":\"Organization\",\"@id\":\"https:\/\/fumot.uk\/#organization\",\"name\":\"Fumot Official Direct | Straight from the Factory, 100% Genuine\",\"url\":\"https:\/\/fumot.uk\/\",\"logo\":{\"@type\":\"ImageObject\",\"inLanguage\":\"fr-FR\",\"@id\":\"https:\/\/fumot.uk\/#\/schema\/logo\/image\/\",\"url\":\"https:\/\/fumot.uk\/wp-content\/uploads\/2026\/01\/cropped-fumot-logo1.png\",\"contentUrl\":\"https:\/\/fumot.uk\/wp-content\/uploads\/2026\/01\/cropped-fumot-logo1.png\",\"width\":152,\"height\":106,\"caption\":\"Fumot Official Direct | Straight from the Factory, 100% Genuine\"},\"image\":{\"@id\":\"https:\/\/fumot.uk\/#\/schema\/logo\/image\/\"}}]}<\/script>\n<!-- \/ Yoast SEO plugin. -->","yoast_head_json":{"title":"RAndM Tornado 20000 Puffs Pina Colada Vape | fumot.uk","description":"Saveur Pina Colada : ananas + noix de coco cr\u00e9meuse. RAndM Tornado 20000 Puffs avec 20ml, 850mAh rechargeable, double mesh, LCD, USB\u2011C. 2%\/5%.","robots":{"index":"index","follow":"follow","max-snippet":"max-snippet:-1","max-image-preview":"max-image-preview:large","max-video-preview":"max-video-preview:-1"},"canonical":"https:\/\/fumot.uk\/fr\/product\/randm-tornado-20000-puffs-pina-colada\/","og_locale":"fr_FR","og_type":"article","og_title":"RAndM Tornado 20000 Puffs \u2013 Pina Colada (20ml, Rechargeable)","og_description":"Tropical pineapple meets creamy coconut in a smooth Pina Colada vape. 20ml, dual mesh, LCD, USB\u2011C recharge. Choose 2% or 5% nicotine.","og_url":"https:\/\/fumot.uk\/fr\/product\/randm-tornado-20000-puffs-pina-colada\/","og_site_name":"Fumot Official Direct | Straight from the Factory, 100% Genuine","article_modified_time":"2026-01-20T07:59:42+00:00","og_image":[{"width":2000,"height":2000,"url":"https:\/\/fumot.uk\/wp-content\/uploads\/2026\/01\/Pina-Colada_Randm-Tornado-20000-Puffs-Disposable-Vape.jpg","type":"image\/jpeg"}],"twitter_card":"summary_large_image","twitter_misc":{"Dur\u00e9e de lecture estim\u00e9e":"2 minutes"},"schema":{"@context":"https:\/\/schema.org","@graph":[{"@type":"WebPage","@id":"https:\/\/fumot.uk\/product\/randm-tornado-20000-puffs-pina-colada\/","url":"https:\/\/fumot.uk\/product\/randm-tornado-20000-puffs-pina-colada\/","name":"RAndM Tornado 20000 Puffs Pina Colada Vape | fumot.uk","isPartOf":{"@id":"https:\/\/fumot.uk\/#website"},"primaryImageOfPage":{"@id":"https:\/\/fumot.uk\/product\/randm-tornado-20000-puffs-pina-colada\/#primaryimage"},"image":{"@id":"https:\/\/fumot.uk\/product\/randm-tornado-20000-puffs-pina-colada\/#primaryimage"},"thumbnailUrl":"https:\/\/fumot.uk\/wp-content\/uploads\/2026\/01\/Pina-Colada_Randm-Tornado-20000-Puffs-Disposable-Vape.jpg","datePublished":"2026-01-20T02:44:32+00:00","dateModified":"2026-01-20T07:59:42+00:00","description":"Saveur Pina Colada : ananas + noix de coco cr\u00e9meuse. RAndM Tornado 20000 Puffs avec 20ml, 850mAh rechargeable, double mesh, LCD, USB\u2011C. 2%\/5%.","breadcrumb":{"@id":"https:\/\/fumot.uk\/product\/randm-tornado-20000-puffs-pina-colada\/#breadcrumb"},"inLanguage":"fr-FR","potentialAction":[{"@type":"ReadAction","target":["https:\/\/fumot.uk\/product\/randm-tornado-20000-puffs-pina-colada\/"]}]},{"@type":"ImageObject","inLanguage":"fr-FR","@id":"https:\/\/fumot.uk\/product\/randm-tornado-20000-puffs-pina-colada\/#primaryimage","url":"https:\/\/fumot.uk\/wp-content\/uploads\/2026\/01\/Pina-Colada_Randm-Tornado-20000-Puffs-Disposable-Vape.jpg","contentUrl":"https:\/\/fumot.uk\/wp-content\/uploads\/2026\/01\/Pina-Colada_Randm-Tornado-20000-Puffs-Disposable-Vape.jpg","width":2000,"height":2000},{"@type":"BreadcrumbList","@id":"https:\/\/fumot.uk\/product\/randm-tornado-20000-puffs-pina-colada\/#breadcrumb","itemListElement":[{"@type":"ListItem","position":1,"name":"Home","item":"https:\/\/fumot.uk\/"},{"@type":"ListItem","position":2,"name":"Shop","item":"https:\/\/fumot.uk\/shop\/"},{"@type":"ListItem","position":3,"name":"RAndM Tornado 20000 Puffs Pina Colada Disposable Vape \u2013 20ml, Rechargeable 850mAh, Dual Mesh Coil, LCD Display (2%\/5% Nicotine)"}]},{"@type":"WebSite","@id":"https:\/\/fumot.uk\/#website","url":"https:\/\/fumot.uk\/","name":"Fumot Official Direct | Directement de l'usine, 100% Authentique","description":"Site officiel","publisher":{"@id":"https:\/\/fumot.uk\/#organization"},"potentialAction":[{"@type":"SearchAction","target":{"@type":"EntryPoint","urlTemplate":"https:\/\/fumot.uk\/?s={search_term_string}"},"query-input":{"@type":"PropertyValueSpecification","valueRequired":true,"valueName":"search_term_string"}}],"inLanguage":"fr-FR"},{"@type":"Organization","@id":"https:\/\/fumot.uk\/#organization","name":"Fumot Official Direct | Directement de l'usine, 100% Authentique","url":"https:\/\/fumot.uk\/","logo":{"@type":"ImageObject","inLanguage":"fr-FR","@id":"https:\/\/fumot.uk\/#\/schema\/logo\/image\/","url":"https:\/\/fumot.uk\/wp-content\/uploads\/2026\/01\/cropped-fumot-logo1.png","contentUrl":"https:\/\/fumot.uk\/wp-content\/uploads\/2026\/01\/cropped-fumot-logo1.png","width":152,"height":106,"caption":"Fumot Official Direct | Straight from the Factory, 100% Genuine"},"image":{"@id":"https:\/\/fumot.uk\/#\/schema\/logo\/image\/"}}]}},"_links":{"self":[{"href":"https:\/\/fumot.uk\/fr\/wp-json\/wp\/v2\/product\/429","targetHints":{"allow":["GET"]}}],"collection":[{"href":"https:\/\/fumot.uk\/fr\/wp-json\/wp\/v2\/product"}],"about":[{"href":"https:\/\/fumot.uk\/fr\/wp-json\/wp\/v2\/types\/product"}],"replies":[{"embeddable":true,"href":"https:\/\/fumot.uk\/fr\/wp-json\/wp\/v2\/comments?post=429"}],"wp:featuredmedia":[{"embeddable":true,"href":"https:\/\/fumot.uk\/fr\/wp-json\/wp\/v2\/media\/471"}],"wp:attachment":[{"href":"https:\/\/fumot.uk\/fr\/wp-json\/wp\/v2\/media?parent=429"}],"wp:term":[{"taxonomy":"product_brand","embeddable":true,"href":"https:\/\/fumot.uk\/fr\/wp-json\/wp\/v2\/product_brand?post=429"},{"taxonomy":"product_cat","embeddable":true,"href":"https:\/\/fumot.uk\/fr\/wp-json\/wp\/v2\/product_cat?post=429"},{"taxonomy":"product_tag","embeddable":true,"href":"https:\/\/fumot.uk\/fr\/wp-json\/wp\/v2\/product_tag?post=429"}],"curies":[{"name":"wp","href":"https:\/\/api.w.org\/{rel}","templated":true}]}}