{"id":4274,"date":"2026-01-21T04:08:50","date_gmt":"2026-01-21T04:08:50","guid":{"rendered":"https:\/\/fumot.uk\/?post_type=product&#038;p=4274"},"modified":"2026-01-21T06:59:34","modified_gmt":"2026-01-21T06:59:34","slug":"passion-fruit-kiwi-jnr-mega-box-50000-puffs","status":"publish","type":"product","link":"https:\/\/fumot.uk\/fr\/product\/passion-fruit-kiwi-jnr-mega-box-50000-puffs\/","title":{"rendered":"JNR Mega Box Pro 50000 Puffs Fruit de la passion Kiwi (32ml, Display, Type\u2011C, 850mAh)"},"content":{"rendered":"<h2>JNR Mega Box Pro 50000 Puffs \u2013 Fruit de la Passion Kiwi<\/h2>\n<p>Apportez une touche tropicale \u00e9clatante \u00e0 votre journ\u00e9e avec le <strong>JNR Mega Box Pro 50000 Puffs Fruit de la Passion Kiwi<\/strong>. Cette saveur m\u00e9lange <strong>fruit de la passion doux et m\u00fbri au soleil<\/strong> avec <strong>kiwi croquant et acidul\u00e9<\/strong> pour une vape vive et bien \u00e9quilibr\u00e9e qui reste douce et rafra\u00eechissante du premier au dernier tirage.<\/p>\n<h3>Profil de Saveur : Douceur Tropicale Rencontre Kiwi Piquant<\/h3>\n<p><strong>Fruit de la Passion Kiwi<\/strong> offre un go\u00fbt de fruit en couches : des notes tropicales juteuses au d\u00e9but, suivies d'une finition de kiwi propre et l\u00e9g\u00e8rement acidul\u00e9e. Le r\u00e9sultat est une saveur exotique, adapt\u00e9e \u00e0 un usage quotidien\u2014vibrante sans devenir \u00e9crasante.<\/p>\n<h3>Con\u00e7u pour le Contr\u00f4le et la Coh\u00e9rence<\/h3>\n<p>Le Mega Box Pro associe un look moderne et premium \u00e0 une utilisation pratique. Le <strong>affichage LED<\/strong> vous aide \u00e0 suivre <strong>niveau de e-liquide<\/strong> et <strong>l'\u00e9tat de la batterie<\/strong>, pour que vous sachiez toujours o\u00f9 vous en \u00eates\u2014pas de conjectures.<\/p>\n<h3>Double Mesh + Double Core pour une Vapeur Dense et Douce<\/h3>\n<p>Construit avec <strong>Double Bobine Mesh<\/strong> et <strong>la technologie Dual Core<\/strong>, cet appareil est r\u00e9gl\u00e9 pour offrir une saveur riche et un tirage constamment doux. Il met en valeur la douceur du fruit de la passion tout en gardant la note de kiwi croquante et \u00e9clatante.<\/p>\n<h3>Caract\u00e9ristiques cl\u00e9s<\/h3>\n<ul>\n<li><strong>Bouff\u00e9es :<\/strong> Jusqu'\u00e0 50000<\/li>\n<li><strong>Capacit\u00e9 de e-liquide :<\/strong> 32ml<\/li>\n<li><strong>Affichage :<\/strong> Indicateur de e-liquide et de batterie<\/li>\n<li><strong>R\u00e9sistance :<\/strong> Double Mesh Coil &amp; Double Core<\/li>\n<li><strong>Batterie :<\/strong> R\u00e9sistance en maille<\/li>\n<li><strong>Chargement :<\/strong> Type-C<\/li>\n<li><strong>Options de nicotine :<\/strong> 0% \/ 2% \/ 5%<\/li>\n<\/ul>\n<h3>Explorez plus sur fumot.uk<\/h3>\n<p>Vous cherchez plus de profils fruit\u00e9s ou d'autres forces ? Parcourez la s\u00e9lection compl\u00e8te de <a href=\"https:\/\/fumot.uk\/fr\/\">vapes jetables et de saveurs sur fumot.uk<\/a>.<\/p>","protected":false},"excerpt":{"rendered":"<p>JNR Mega Box Pro 50000 Puffs Fruit de la Passion Kiwi : douceur tropicale du fruit de la passion avec une finition de kiwi croquante. 32ml, affichage LED, Double Mesh\/Dual Core, rechargeable Type\u2011C 850mAh. Nicotine : 0\/2\/5%.<\/p>","protected":false},"featured_media":4322,"comment_status":"open","ping_status":"closed","template":"","meta":[],"product_brand":[],"product_cat":[110,214,17],"product_tag":[84,70,167,71,20,72,23,73,45,46,26,28],"class_list":{"0":"post-4274","1":"product","2":"type-product","3":"status-publish","4":"has-post-thumbnail","6":"product_cat-50000-puff","7":"product_cat-jnr-mega-box-pro-50000-puffs","8":"product_cat-vape","9":"product_tag-0-nikotin","10":"product_tag-2-nikotin","11":"product_tag-32ml","12":"product_tag-5-nikotin","13":"product_tag-850mah","14":"product_tag-direct-to-lung","15":"product_tag-display","16":"product_tag-dual-mesh","17":"product_tag-kiwi","18":"product_tag-passion-fruit","19":"product_tag-rechargeable","20":"product_tag-type-c","22":"first","23":"instock","24":"sale","25":"shipping-taxable","26":"purchasable","27":"product-type-variable","28":"has-default-attributes"},"yoast_head":"<!-- This site is optimized with the Yoast SEO plugin v26.8 - https:\/\/yoast.com\/product\/yoast-seo-wordpress\/ -->\n<title>JNR Mega Box Pro 50000 Puffs Passion Fruit Kiwi<\/title>\n<meta name=\"description\" content=\"Passion Fruit Kiwi JNR Mega Box Pro 50000 Puffs with 32ml, LED display, Dual Mesh\/Dual Core, 850mAh Type\u2011C rechargeable. 0\/2\/5% nicotine.\" \/>\n<meta name=\"robots\" content=\"index, follow, max-snippet:-1, max-image-preview:large, max-video-preview:-1\" \/>\n<link rel=\"canonical\" href=\"https:\/\/fumot.uk\/fr\/product\/passion-fruit-kiwi-jnr-mega-box-50000-puffs\/\" \/>\n<meta property=\"og:locale\" content=\"fr_FR\" \/>\n<meta property=\"og:type\" content=\"article\" \/>\n<meta property=\"og:title\" content=\"Passion Fruit Kiwi \u2013 JNR Mega Box Pro 50000 Puffs\" \/>\n<meta property=\"og:description\" content=\"Tropical passion fruit meets crisp kiwi in a smooth, dense vape. 32ml, display, Dual Mesh\/Dual Core, 850mAh Type\u2011C rechargeable. 0\/2\/5% nicotine.\" \/>\n<meta property=\"og:url\" content=\"https:\/\/fumot.uk\/fr\/product\/passion-fruit-kiwi-jnr-mega-box-50000-puffs\/\" \/>\n<meta property=\"og:site_name\" content=\"Fumot Official Direct | Straight from the Factory, 100% Genuine\" \/>\n<meta property=\"article:modified_time\" content=\"2026-01-21T06:59:34+00:00\" \/>\n<meta property=\"og:image\" content=\"https:\/\/fumot.uk\/wp-content\/uploads\/2026\/01\/PASSION-FRUIT-KIWI-JNR-Mega-Box-Pro-50000-Puffs-Disposable-Device-scaled-1.jpg\" \/>\n\t<meta property=\"og:image:width\" content=\"2560\" \/>\n\t<meta property=\"og:image:height\" content=\"2560\" \/>\n\t<meta property=\"og:image:type\" content=\"image\/jpeg\" \/>\n<meta name=\"twitter:card\" content=\"summary_large_image\" \/>\n<meta name=\"twitter:label1\" content=\"Dur\u00e9e de lecture estim\u00e9e\" \/>\n\t<meta name=\"twitter:data1\" content=\"1 minute\" \/>\n<script type=\"application\/ld+json\" class=\"yoast-schema-graph\">{\"@context\":\"https:\/\/schema.org\",\"@graph\":[{\"@type\":\"WebPage\",\"@id\":\"https:\/\/fumot.uk\/product\/passion-fruit-kiwi-jnr-mega-box-50000-puffs\/\",\"url\":\"https:\/\/fumot.uk\/product\/passion-fruit-kiwi-jnr-mega-box-50000-puffs\/\",\"name\":\"JNR Mega Box Pro 50000 Puffs Passion Fruit Kiwi\",\"isPartOf\":{\"@id\":\"https:\/\/fumot.uk\/#website\"},\"primaryImageOfPage\":{\"@id\":\"https:\/\/fumot.uk\/product\/passion-fruit-kiwi-jnr-mega-box-50000-puffs\/#primaryimage\"},\"image\":{\"@id\":\"https:\/\/fumot.uk\/product\/passion-fruit-kiwi-jnr-mega-box-50000-puffs\/#primaryimage\"},\"thumbnailUrl\":\"https:\/\/fumot.uk\/wp-content\/uploads\/2026\/01\/PASSION-FRUIT-KIWI-JNR-Mega-Box-Pro-50000-Puffs-Disposable-Device-scaled-1.jpg\",\"datePublished\":\"2026-01-21T04:08:50+00:00\",\"dateModified\":\"2026-01-21T06:59:34+00:00\",\"description\":\"Passion Fruit Kiwi JNR Mega Box Pro 50000 Puffs with 32ml, LED display, Dual Mesh\/Dual Core, 850mAh Type\u2011C rechargeable. 0\/2\/5% nicotine.\",\"breadcrumb\":{\"@id\":\"https:\/\/fumot.uk\/product\/passion-fruit-kiwi-jnr-mega-box-50000-puffs\/#breadcrumb\"},\"inLanguage\":\"fr-FR\",\"potentialAction\":[{\"@type\":\"ReadAction\",\"target\":[\"https:\/\/fumot.uk\/product\/passion-fruit-kiwi-jnr-mega-box-50000-puffs\/\"]}]},{\"@type\":\"ImageObject\",\"inLanguage\":\"fr-FR\",\"@id\":\"https:\/\/fumot.uk\/product\/passion-fruit-kiwi-jnr-mega-box-50000-puffs\/#primaryimage\",\"url\":\"https:\/\/fumot.uk\/wp-content\/uploads\/2026\/01\/PASSION-FRUIT-KIWI-JNR-Mega-Box-Pro-50000-Puffs-Disposable-Device-scaled-1.jpg\",\"contentUrl\":\"https:\/\/fumot.uk\/wp-content\/uploads\/2026\/01\/PASSION-FRUIT-KIWI-JNR-Mega-Box-Pro-50000-Puffs-Disposable-Device-scaled-1.jpg\",\"width\":2560,\"height\":2560},{\"@type\":\"BreadcrumbList\",\"@id\":\"https:\/\/fumot.uk\/product\/passion-fruit-kiwi-jnr-mega-box-50000-puffs\/#breadcrumb\",\"itemListElement\":[{\"@type\":\"ListItem\",\"position\":1,\"name\":\"Home\",\"item\":\"https:\/\/fumot.uk\/\"},{\"@type\":\"ListItem\",\"position\":2,\"name\":\"Shop\",\"item\":\"https:\/\/fumot.uk\/shop\/\"},{\"@type\":\"ListItem\",\"position\":3,\"name\":\"JNR Mega Box Pro 50000 Puffs Passion Fruit Kiwi (32ml, Display, Type\u2011C, 850mAh)\"}]},{\"@type\":\"WebSite\",\"@id\":\"https:\/\/fumot.uk\/#website\",\"url\":\"https:\/\/fumot.uk\/\",\"name\":\"Fumot Official Direct | Straight from the Factory, 100% Genuine\",\"description\":\"Official Website\",\"publisher\":{\"@id\":\"https:\/\/fumot.uk\/#organization\"},\"potentialAction\":[{\"@type\":\"SearchAction\",\"target\":{\"@type\":\"EntryPoint\",\"urlTemplate\":\"https:\/\/fumot.uk\/?s={search_term_string}\"},\"query-input\":{\"@type\":\"PropertyValueSpecification\",\"valueRequired\":true,\"valueName\":\"search_term_string\"}}],\"inLanguage\":\"fr-FR\"},{\"@type\":\"Organization\",\"@id\":\"https:\/\/fumot.uk\/#organization\",\"name\":\"Fumot Official Direct | Straight from the Factory, 100% Genuine\",\"url\":\"https:\/\/fumot.uk\/\",\"logo\":{\"@type\":\"ImageObject\",\"inLanguage\":\"fr-FR\",\"@id\":\"https:\/\/fumot.uk\/#\/schema\/logo\/image\/\",\"url\":\"https:\/\/fumot.uk\/wp-content\/uploads\/2026\/01\/cropped-fumot-logo1.png\",\"contentUrl\":\"https:\/\/fumot.uk\/wp-content\/uploads\/2026\/01\/cropped-fumot-logo1.png\",\"width\":152,\"height\":106,\"caption\":\"Fumot Official Direct | Straight from the Factory, 100% Genuine\"},\"image\":{\"@id\":\"https:\/\/fumot.uk\/#\/schema\/logo\/image\/\"}}]}<\/script>\n<!-- \/ Yoast SEO plugin. -->","yoast_head_json":{"title":"JNR Mega Box Pro 50000 Puffs Fruit de la Passion Kiwi","description":"Fruit de la passion Kiwi JNR Mega Box Pro 50000 bouff\u00e9es avec 32ml, \u00e9cran LED, Double Mesh\/Dual Core, 850mAh Type\u2011C rechargeable. 0\/2\/5% nicotine.","robots":{"index":"index","follow":"follow","max-snippet":"max-snippet:-1","max-image-preview":"max-image-preview:large","max-video-preview":"max-video-preview:-1"},"canonical":"https:\/\/fumot.uk\/fr\/product\/passion-fruit-kiwi-jnr-mega-box-50000-puffs\/","og_locale":"fr_FR","og_type":"article","og_title":"Passion Fruit Kiwi \u2013 JNR Mega Box Pro 50000 Puffs","og_description":"Tropical passion fruit meets crisp kiwi in a smooth, dense vape. 32ml, display, Dual Mesh\/Dual Core, 850mAh Type\u2011C rechargeable. 0\/2\/5% nicotine.","og_url":"https:\/\/fumot.uk\/fr\/product\/passion-fruit-kiwi-jnr-mega-box-50000-puffs\/","og_site_name":"Fumot Official Direct | Straight from the Factory, 100% Genuine","article_modified_time":"2026-01-21T06:59:34+00:00","og_image":[{"width":2560,"height":2560,"url":"https:\/\/fumot.uk\/wp-content\/uploads\/2026\/01\/PASSION-FRUIT-KIWI-JNR-Mega-Box-Pro-50000-Puffs-Disposable-Device-scaled-1.jpg","type":"image\/jpeg"}],"twitter_card":"summary_large_image","twitter_misc":{"Dur\u00e9e de lecture estim\u00e9e":"1 minute"},"schema":{"@context":"https:\/\/schema.org","@graph":[{"@type":"WebPage","@id":"https:\/\/fumot.uk\/product\/passion-fruit-kiwi-jnr-mega-box-50000-puffs\/","url":"https:\/\/fumot.uk\/product\/passion-fruit-kiwi-jnr-mega-box-50000-puffs\/","name":"JNR Mega Box Pro 50000 Puffs Fruit de la Passion Kiwi","isPartOf":{"@id":"https:\/\/fumot.uk\/#website"},"primaryImageOfPage":{"@id":"https:\/\/fumot.uk\/product\/passion-fruit-kiwi-jnr-mega-box-50000-puffs\/#primaryimage"},"image":{"@id":"https:\/\/fumot.uk\/product\/passion-fruit-kiwi-jnr-mega-box-50000-puffs\/#primaryimage"},"thumbnailUrl":"https:\/\/fumot.uk\/wp-content\/uploads\/2026\/01\/PASSION-FRUIT-KIWI-JNR-Mega-Box-Pro-50000-Puffs-Disposable-Device-scaled-1.jpg","datePublished":"2026-01-21T04:08:50+00:00","dateModified":"2026-01-21T06:59:34+00:00","description":"Fruit de la passion Kiwi JNR Mega Box Pro 50000 bouff\u00e9es avec 32ml, \u00e9cran LED, Double Mesh\/Dual Core, 850mAh Type\u2011C rechargeable. 0\/2\/5% nicotine.","breadcrumb":{"@id":"https:\/\/fumot.uk\/product\/passion-fruit-kiwi-jnr-mega-box-50000-puffs\/#breadcrumb"},"inLanguage":"fr-FR","potentialAction":[{"@type":"ReadAction","target":["https:\/\/fumot.uk\/product\/passion-fruit-kiwi-jnr-mega-box-50000-puffs\/"]}]},{"@type":"ImageObject","inLanguage":"fr-FR","@id":"https:\/\/fumot.uk\/product\/passion-fruit-kiwi-jnr-mega-box-50000-puffs\/#primaryimage","url":"https:\/\/fumot.uk\/wp-content\/uploads\/2026\/01\/PASSION-FRUIT-KIWI-JNR-Mega-Box-Pro-50000-Puffs-Disposable-Device-scaled-1.jpg","contentUrl":"https:\/\/fumot.uk\/wp-content\/uploads\/2026\/01\/PASSION-FRUIT-KIWI-JNR-Mega-Box-Pro-50000-Puffs-Disposable-Device-scaled-1.jpg","width":2560,"height":2560},{"@type":"BreadcrumbList","@id":"https:\/\/fumot.uk\/product\/passion-fruit-kiwi-jnr-mega-box-50000-puffs\/#breadcrumb","itemListElement":[{"@type":"ListItem","position":1,"name":"Home","item":"https:\/\/fumot.uk\/"},{"@type":"ListItem","position":2,"name":"Shop","item":"https:\/\/fumot.uk\/shop\/"},{"@type":"ListItem","position":3,"name":"JNR Mega Box Pro 50000 Puffs Passion Fruit Kiwi (32ml, Display, Type\u2011C, 850mAh)"}]},{"@type":"WebSite","@id":"https:\/\/fumot.uk\/#website","url":"https:\/\/fumot.uk\/","name":"Fumot Official Direct | Directement de l'usine, 100% Authentique","description":"Site officiel","publisher":{"@id":"https:\/\/fumot.uk\/#organization"},"potentialAction":[{"@type":"SearchAction","target":{"@type":"EntryPoint","urlTemplate":"https:\/\/fumot.uk\/?s={search_term_string}"},"query-input":{"@type":"PropertyValueSpecification","valueRequired":true,"valueName":"search_term_string"}}],"inLanguage":"fr-FR"},{"@type":"Organization","@id":"https:\/\/fumot.uk\/#organization","name":"Fumot Official Direct | Directement de l'usine, 100% Authentique","url":"https:\/\/fumot.uk\/","logo":{"@type":"ImageObject","inLanguage":"fr-FR","@id":"https:\/\/fumot.uk\/#\/schema\/logo\/image\/","url":"https:\/\/fumot.uk\/wp-content\/uploads\/2026\/01\/cropped-fumot-logo1.png","contentUrl":"https:\/\/fumot.uk\/wp-content\/uploads\/2026\/01\/cropped-fumot-logo1.png","width":152,"height":106,"caption":"Fumot Official Direct | Straight from the Factory, 100% Genuine"},"image":{"@id":"https:\/\/fumot.uk\/#\/schema\/logo\/image\/"}}]}},"_links":{"self":[{"href":"https:\/\/fumot.uk\/fr\/wp-json\/wp\/v2\/product\/4274","targetHints":{"allow":["GET"]}}],"collection":[{"href":"https:\/\/fumot.uk\/fr\/wp-json\/wp\/v2\/product"}],"about":[{"href":"https:\/\/fumot.uk\/fr\/wp-json\/wp\/v2\/types\/product"}],"replies":[{"embeddable":true,"href":"https:\/\/fumot.uk\/fr\/wp-json\/wp\/v2\/comments?post=4274"}],"wp:featuredmedia":[{"embeddable":true,"href":"https:\/\/fumot.uk\/fr\/wp-json\/wp\/v2\/media\/4322"}],"wp:attachment":[{"href":"https:\/\/fumot.uk\/fr\/wp-json\/wp\/v2\/media?parent=4274"}],"wp:term":[{"taxonomy":"product_brand","embeddable":true,"href":"https:\/\/fumot.uk\/fr\/wp-json\/wp\/v2\/product_brand?post=4274"},{"taxonomy":"product_cat","embeddable":true,"href":"https:\/\/fumot.uk\/fr\/wp-json\/wp\/v2\/product_cat?post=4274"},{"taxonomy":"product_tag","embeddable":true,"href":"https:\/\/fumot.uk\/fr\/wp-json\/wp\/v2\/product_tag?post=4274"}],"curies":[{"name":"wp","href":"https:\/\/api.w.org\/{rel}","templated":true}]}}