{"id":4272,"date":"2026-01-21T04:08:49","date_gmt":"2026-01-21T04:08:49","guid":{"rendered":"https:\/\/fumot.uk\/?post_type=product&#038;p=4272"},"modified":"2026-01-21T07:02:21","modified_gmt":"2026-01-21T07:02:21","slug":"strawberry-watermelon-ice-jnr-mega-box-50000-puffs","status":"publish","type":"product","link":"https:\/\/fumot.uk\/fr\/product\/strawberry-watermelon-ice-jnr-mega-box-50000-puffs\/","title":{"rendered":"JNR Mega Box Pro Fraise Past\u00e8que Glace 50000 Bouff\u00e9es (32ml, 850mAh, Type\u2011C, Affichage)"},"content":{"rendered":"<h2>JNR Mega Box Pro 50000 Puffs \u2013 Fraise Past\u00e8que Glac\u00e9e<\/h2>\n<p><strong>Fraise Past\u00e8que Glac\u00e9e<\/strong> m\u00e9lange la douceur de la fraise m\u00fbre avec la past\u00e8que juteuse et une finition propre et rafra\u00eechissante. Le r\u00e9sultat est un profil lumineux et rafra\u00eechissant pour toute la journ\u00e9e\u2014fruit\u00e9 au d\u00e9part, doux \u00e0 l'expiration, avec une note glac\u00e9e qui reste \u00e9quilibr\u00e9e plut\u00f4t que dominante.<\/p>\n<h3>Con\u00e7u pour un Sentiment Premium, Construit pour Performer<\/h3>\n<p>Le <strong>JNR Mega Box Pro 50000 Puffs<\/strong> associe un corps en m\u00e9tal sombre et scintillant \u00e0 une texture subtile pour un look confiant et moderne. Un clair <strong>affichage LED<\/strong> garde les informations cl\u00e9s visibles d'un coup d'\u0153il, tandis que la forme \u00e9pur\u00e9e est con\u00e7ue pour une manipulation confortable au quotidien.<\/p>\n<h3>Saveur Qui Reste Constante<\/h3>\n<p>Avec un g\u00e9n\u00e9reux <strong>Capacit\u00e9 de 32ml de e\u2011liquide<\/strong> et <strong>Double R\u00e9sistance en Maille + Double C\u0153ur<\/strong> technologie, cet appareil est con\u00e7u pour une vapeur dense mais douce et une distribution de saveur r\u00e9guli\u00e8re\u2014mettant en avant l'ar\u00f4me sucr\u00e9 de la fraise, la fra\u00eecheur juteuse de la past\u00e8que, et la finition \u201cglace\u201d croquante.<\/p>\n<h3>Caract\u00e9ristiques cl\u00e9s<\/h3>\n<ul>\n<li><strong>Saveur :<\/strong> Fraise Past\u00e8que Glac\u00e9e<\/li>\n<li><strong>Bouff\u00e9es :<\/strong> Jusqu'\u00e0 50 000 (selon l'utilisation)<\/li>\n<li><strong>E\u2011liquide :<\/strong> 32ml<\/li>\n<li><strong>R\u00e9sistance :<\/strong> Double Mesh Coil &amp; Double Core<\/li>\n<li><strong>Batterie :<\/strong> R\u00e9sistance en maille<\/li>\n<li><strong>Chargement :<\/strong> <a href=\"https:\/\/fumot.uk\/fr\/product-tag\/type-c\/\">Type\u2011C<\/a><\/li>\n<li><strong>Affichage :<\/strong> Niveau de e-liquide &amp; statut de la batterie<\/li>\n<li><strong>Options de nicotine :<\/strong> 0% \/ 2% \/ 5% (s\u00e9lectionnez votre pr\u00e9f\u00e9rence)<\/li>\n<\/ul>\n<h3>Pourquoi Vous Aimerez Fraise Past\u00e8que Glac\u00e9e<\/h3>\n<p>Si vous voulez un m\u00e9lange de fruits qui semble <strong>frais et propre<\/strong> sans perdre sa douceur, ce profil atteint le juste milieu : baie lumineuse, fra\u00eecheur de past\u00e8que aqueuse, et une douce touche glac\u00e9e qui garde chaque bouff\u00e9e croquante.<\/p>\n<p><strong>Explorez plus \u00e0<\/strong> <a href=\"https:\/\/fumot.uk\/fr\/\">fumot.uk<\/a>.<\/p>","protected":false},"excerpt":{"rendered":"<p>JNR Mega Box Pro Fraise Past\u00e8que Glace avec jusqu'\u00e0 50,000 bouff\u00e9es, 32ml e\u2011liquide, Double Bobine en Maille + Double C\u0153ur, Affichage LED, Batterie rechargeable 850mAh, et charge Type\u2011C. Nicotine : 0% \/ 2% \/ 5%.<\/p>","protected":false},"featured_media":4320,"comment_status":"open","ping_status":"closed","template":"","meta":[],"product_brand":[],"product_cat":[110,214,17],"product_tag":[84,70,167,71,20,72,23,73,29,26,37,28,32],"class_list":{"0":"post-4272","1":"product","2":"type-product","3":"status-publish","4":"has-post-thumbnail","6":"product_cat-50000-puff","7":"product_cat-jnr-mega-box-pro-50000-puffs","8":"product_cat-vape","9":"product_tag-0-nikotin","10":"product_tag-2-nikotin","11":"product_tag-32ml","12":"product_tag-5-nikotin","13":"product_tag-850mah","14":"product_tag-direct-to-lung","15":"product_tag-display","16":"product_tag-dual-mesh","17":"product_tag-ice","18":"product_tag-rechargeable","19":"product_tag-strawberry","20":"product_tag-type-c","21":"product_tag-watermelon","23":"first","24":"instock","25":"sale","26":"shipping-taxable","27":"purchasable","28":"product-type-variable","29":"has-default-attributes"},"yoast_head":"<!-- This site is optimized with the Yoast SEO plugin v26.8 - https:\/\/yoast.com\/product\/yoast-seo-wordpress\/ -->\n<title>JNR Mega Box Pro Strawberry Watermelon Ice 50000 Puffs<\/title>\n<meta name=\"description\" content=\"Strawberry Watermelon Ice JNR Mega Box Pro: up to 50,000 puffs, 32ml e\u2011liquid, Dual Mesh + Dual Core, LED display, 850mAh Type\u2011C rechargeable. 0\/2\/5%.\" \/>\n<meta name=\"robots\" content=\"index, follow, max-snippet:-1, max-image-preview:large, max-video-preview:-1\" \/>\n<link rel=\"canonical\" href=\"https:\/\/fumot.uk\/fr\/product\/strawberry-watermelon-ice-jnr-mega-box-50000-puffs\/\" \/>\n<meta property=\"og:locale\" content=\"fr_FR\" \/>\n<meta property=\"og:type\" content=\"article\" \/>\n<meta property=\"og:title\" content=\"Strawberry Watermelon Ice \u2013 JNR Mega Box Pro 50000 Puffs\" \/>\n<meta property=\"og:description\" content=\"Sweet strawberry, juicy watermelon, and a crisp icy finish. 32ml e\u2011liquid, Dual Mesh + Dual Core, LED display, 850mAh rechargeable with Type\u2011C. 0\/2\/5%.\" \/>\n<meta property=\"og:url\" content=\"https:\/\/fumot.uk\/fr\/product\/strawberry-watermelon-ice-jnr-mega-box-50000-puffs\/\" \/>\n<meta property=\"og:site_name\" content=\"Fumot Official Direct | Straight from the Factory, 100% Genuine\" \/>\n<meta property=\"article:modified_time\" content=\"2026-01-21T07:02:21+00:00\" \/>\n<meta property=\"og:image\" content=\"https:\/\/fumot.uk\/wp-content\/uploads\/2026\/01\/STRAWBERRY-WATERMELON-ICE-JNR-Mega-Box-Pro-50000-Puffs-Disposable-Device-scaled-1.jpg\" \/>\n\t<meta property=\"og:image:width\" content=\"2560\" \/>\n\t<meta property=\"og:image:height\" content=\"2560\" \/>\n\t<meta property=\"og:image:type\" content=\"image\/jpeg\" \/>\n<meta name=\"twitter:card\" content=\"summary_large_image\" \/>\n<meta name=\"twitter:label1\" content=\"Dur\u00e9e de lecture estim\u00e9e\" \/>\n\t<meta name=\"twitter:data1\" content=\"1 minute\" \/>\n<script type=\"application\/ld+json\" class=\"yoast-schema-graph\">{\"@context\":\"https:\/\/schema.org\",\"@graph\":[{\"@type\":\"WebPage\",\"@id\":\"https:\/\/fumot.uk\/product\/strawberry-watermelon-ice-jnr-mega-box-50000-puffs\/\",\"url\":\"https:\/\/fumot.uk\/product\/strawberry-watermelon-ice-jnr-mega-box-50000-puffs\/\",\"name\":\"JNR Mega Box Pro Strawberry Watermelon Ice 50000 Puffs\",\"isPartOf\":{\"@id\":\"https:\/\/fumot.uk\/#website\"},\"primaryImageOfPage\":{\"@id\":\"https:\/\/fumot.uk\/product\/strawberry-watermelon-ice-jnr-mega-box-50000-puffs\/#primaryimage\"},\"image\":{\"@id\":\"https:\/\/fumot.uk\/product\/strawberry-watermelon-ice-jnr-mega-box-50000-puffs\/#primaryimage\"},\"thumbnailUrl\":\"https:\/\/fumot.uk\/wp-content\/uploads\/2026\/01\/STRAWBERRY-WATERMELON-ICE-JNR-Mega-Box-Pro-50000-Puffs-Disposable-Device-scaled-1.jpg\",\"datePublished\":\"2026-01-21T04:08:49+00:00\",\"dateModified\":\"2026-01-21T07:02:21+00:00\",\"description\":\"Strawberry Watermelon Ice JNR Mega Box Pro: up to 50,000 puffs, 32ml e\u2011liquid, Dual Mesh + Dual Core, LED display, 850mAh Type\u2011C rechargeable. 0\/2\/5%.\",\"breadcrumb\":{\"@id\":\"https:\/\/fumot.uk\/product\/strawberry-watermelon-ice-jnr-mega-box-50000-puffs\/#breadcrumb\"},\"inLanguage\":\"fr-FR\",\"potentialAction\":[{\"@type\":\"ReadAction\",\"target\":[\"https:\/\/fumot.uk\/product\/strawberry-watermelon-ice-jnr-mega-box-50000-puffs\/\"]}]},{\"@type\":\"ImageObject\",\"inLanguage\":\"fr-FR\",\"@id\":\"https:\/\/fumot.uk\/product\/strawberry-watermelon-ice-jnr-mega-box-50000-puffs\/#primaryimage\",\"url\":\"https:\/\/fumot.uk\/wp-content\/uploads\/2026\/01\/STRAWBERRY-WATERMELON-ICE-JNR-Mega-Box-Pro-50000-Puffs-Disposable-Device-scaled-1.jpg\",\"contentUrl\":\"https:\/\/fumot.uk\/wp-content\/uploads\/2026\/01\/STRAWBERRY-WATERMELON-ICE-JNR-Mega-Box-Pro-50000-Puffs-Disposable-Device-scaled-1.jpg\",\"width\":2560,\"height\":2560},{\"@type\":\"BreadcrumbList\",\"@id\":\"https:\/\/fumot.uk\/product\/strawberry-watermelon-ice-jnr-mega-box-50000-puffs\/#breadcrumb\",\"itemListElement\":[{\"@type\":\"ListItem\",\"position\":1,\"name\":\"Home\",\"item\":\"https:\/\/fumot.uk\/\"},{\"@type\":\"ListItem\",\"position\":2,\"name\":\"Shop\",\"item\":\"https:\/\/fumot.uk\/shop\/\"},{\"@type\":\"ListItem\",\"position\":3,\"name\":\"JNR Mega Box Pro Strawberry Watermelon Ice 50000 Puffs (32ml, 850mAh, Type\u2011C, Display)\"}]},{\"@type\":\"WebSite\",\"@id\":\"https:\/\/fumot.uk\/#website\",\"url\":\"https:\/\/fumot.uk\/\",\"name\":\"Fumot Official Direct | Straight from the Factory, 100% Genuine\",\"description\":\"Official Website\",\"publisher\":{\"@id\":\"https:\/\/fumot.uk\/#organization\"},\"potentialAction\":[{\"@type\":\"SearchAction\",\"target\":{\"@type\":\"EntryPoint\",\"urlTemplate\":\"https:\/\/fumot.uk\/?s={search_term_string}\"},\"query-input\":{\"@type\":\"PropertyValueSpecification\",\"valueRequired\":true,\"valueName\":\"search_term_string\"}}],\"inLanguage\":\"fr-FR\"},{\"@type\":\"Organization\",\"@id\":\"https:\/\/fumot.uk\/#organization\",\"name\":\"Fumot Official Direct | Straight from the Factory, 100% Genuine\",\"url\":\"https:\/\/fumot.uk\/\",\"logo\":{\"@type\":\"ImageObject\",\"inLanguage\":\"fr-FR\",\"@id\":\"https:\/\/fumot.uk\/#\/schema\/logo\/image\/\",\"url\":\"https:\/\/fumot.uk\/wp-content\/uploads\/2026\/01\/cropped-fumot-logo1.png\",\"contentUrl\":\"https:\/\/fumot.uk\/wp-content\/uploads\/2026\/01\/cropped-fumot-logo1.png\",\"width\":152,\"height\":106,\"caption\":\"Fumot Official Direct | Straight from the Factory, 100% Genuine\"},\"image\":{\"@id\":\"https:\/\/fumot.uk\/#\/schema\/logo\/image\/\"}}]}<\/script>\n<!-- \/ Yoast SEO plugin. -->","yoast_head_json":{"title":"JNR Mega Box Pro Fraise Past\u00e8que Glac\u00e9e 50000 Bouff\u00e9es","description":"Fraise Past\u00e8que Glace JNR Mega Box Pro : jusqu'\u00e0 50 000 bouff\u00e9es, 32 ml de e\u2011liquide, Double Mesh + Double C\u0153ur, \u00e9cran LED, rechargeable Type\u2011C 850mAh. 0\/2\/5%.","robots":{"index":"index","follow":"follow","max-snippet":"max-snippet:-1","max-image-preview":"max-image-preview:large","max-video-preview":"max-video-preview:-1"},"canonical":"https:\/\/fumot.uk\/fr\/product\/strawberry-watermelon-ice-jnr-mega-box-50000-puffs\/","og_locale":"fr_FR","og_type":"article","og_title":"Strawberry Watermelon Ice \u2013 JNR Mega Box Pro 50000 Puffs","og_description":"Sweet strawberry, juicy watermelon, and a crisp icy finish. 32ml e\u2011liquid, Dual Mesh + Dual Core, LED display, 850mAh rechargeable with Type\u2011C. 0\/2\/5%.","og_url":"https:\/\/fumot.uk\/fr\/product\/strawberry-watermelon-ice-jnr-mega-box-50000-puffs\/","og_site_name":"Fumot Official Direct | Straight from the Factory, 100% Genuine","article_modified_time":"2026-01-21T07:02:21+00:00","og_image":[{"width":2560,"height":2560,"url":"https:\/\/fumot.uk\/wp-content\/uploads\/2026\/01\/STRAWBERRY-WATERMELON-ICE-JNR-Mega-Box-Pro-50000-Puffs-Disposable-Device-scaled-1.jpg","type":"image\/jpeg"}],"twitter_card":"summary_large_image","twitter_misc":{"Dur\u00e9e de lecture estim\u00e9e":"1 minute"},"schema":{"@context":"https:\/\/schema.org","@graph":[{"@type":"WebPage","@id":"https:\/\/fumot.uk\/product\/strawberry-watermelon-ice-jnr-mega-box-50000-puffs\/","url":"https:\/\/fumot.uk\/product\/strawberry-watermelon-ice-jnr-mega-box-50000-puffs\/","name":"JNR Mega Box Pro Fraise Past\u00e8que Glac\u00e9e 50000 Bouff\u00e9es","isPartOf":{"@id":"https:\/\/fumot.uk\/#website"},"primaryImageOfPage":{"@id":"https:\/\/fumot.uk\/product\/strawberry-watermelon-ice-jnr-mega-box-50000-puffs\/#primaryimage"},"image":{"@id":"https:\/\/fumot.uk\/product\/strawberry-watermelon-ice-jnr-mega-box-50000-puffs\/#primaryimage"},"thumbnailUrl":"https:\/\/fumot.uk\/wp-content\/uploads\/2026\/01\/STRAWBERRY-WATERMELON-ICE-JNR-Mega-Box-Pro-50000-Puffs-Disposable-Device-scaled-1.jpg","datePublished":"2026-01-21T04:08:49+00:00","dateModified":"2026-01-21T07:02:21+00:00","description":"Fraise Past\u00e8que Glace JNR Mega Box Pro : jusqu'\u00e0 50 000 bouff\u00e9es, 32 ml de e\u2011liquide, Double Mesh + Double C\u0153ur, \u00e9cran LED, rechargeable Type\u2011C 850mAh. 0\/2\/5%.","breadcrumb":{"@id":"https:\/\/fumot.uk\/product\/strawberry-watermelon-ice-jnr-mega-box-50000-puffs\/#breadcrumb"},"inLanguage":"fr-FR","potentialAction":[{"@type":"ReadAction","target":["https:\/\/fumot.uk\/product\/strawberry-watermelon-ice-jnr-mega-box-50000-puffs\/"]}]},{"@type":"ImageObject","inLanguage":"fr-FR","@id":"https:\/\/fumot.uk\/product\/strawberry-watermelon-ice-jnr-mega-box-50000-puffs\/#primaryimage","url":"https:\/\/fumot.uk\/wp-content\/uploads\/2026\/01\/STRAWBERRY-WATERMELON-ICE-JNR-Mega-Box-Pro-50000-Puffs-Disposable-Device-scaled-1.jpg","contentUrl":"https:\/\/fumot.uk\/wp-content\/uploads\/2026\/01\/STRAWBERRY-WATERMELON-ICE-JNR-Mega-Box-Pro-50000-Puffs-Disposable-Device-scaled-1.jpg","width":2560,"height":2560},{"@type":"BreadcrumbList","@id":"https:\/\/fumot.uk\/product\/strawberry-watermelon-ice-jnr-mega-box-50000-puffs\/#breadcrumb","itemListElement":[{"@type":"ListItem","position":1,"name":"Home","item":"https:\/\/fumot.uk\/"},{"@type":"ListItem","position":2,"name":"Shop","item":"https:\/\/fumot.uk\/shop\/"},{"@type":"ListItem","position":3,"name":"JNR Mega Box Pro Strawberry Watermelon Ice 50000 Puffs (32ml, 850mAh, Type\u2011C, Display)"}]},{"@type":"WebSite","@id":"https:\/\/fumot.uk\/#website","url":"https:\/\/fumot.uk\/","name":"Fumot Official Direct | Directement de l'usine, 100% Authentique","description":"Site officiel","publisher":{"@id":"https:\/\/fumot.uk\/#organization"},"potentialAction":[{"@type":"SearchAction","target":{"@type":"EntryPoint","urlTemplate":"https:\/\/fumot.uk\/?s={search_term_string}"},"query-input":{"@type":"PropertyValueSpecification","valueRequired":true,"valueName":"search_term_string"}}],"inLanguage":"fr-FR"},{"@type":"Organization","@id":"https:\/\/fumot.uk\/#organization","name":"Fumot Official Direct | Directement de l'usine, 100% Authentique","url":"https:\/\/fumot.uk\/","logo":{"@type":"ImageObject","inLanguage":"fr-FR","@id":"https:\/\/fumot.uk\/#\/schema\/logo\/image\/","url":"https:\/\/fumot.uk\/wp-content\/uploads\/2026\/01\/cropped-fumot-logo1.png","contentUrl":"https:\/\/fumot.uk\/wp-content\/uploads\/2026\/01\/cropped-fumot-logo1.png","width":152,"height":106,"caption":"Fumot Official Direct | Straight from the Factory, 100% Genuine"},"image":{"@id":"https:\/\/fumot.uk\/#\/schema\/logo\/image\/"}}]}},"_links":{"self":[{"href":"https:\/\/fumot.uk\/fr\/wp-json\/wp\/v2\/product\/4272","targetHints":{"allow":["GET"]}}],"collection":[{"href":"https:\/\/fumot.uk\/fr\/wp-json\/wp\/v2\/product"}],"about":[{"href":"https:\/\/fumot.uk\/fr\/wp-json\/wp\/v2\/types\/product"}],"replies":[{"embeddable":true,"href":"https:\/\/fumot.uk\/fr\/wp-json\/wp\/v2\/comments?post=4272"}],"wp:featuredmedia":[{"embeddable":true,"href":"https:\/\/fumot.uk\/fr\/wp-json\/wp\/v2\/media\/4320"}],"wp:attachment":[{"href":"https:\/\/fumot.uk\/fr\/wp-json\/wp\/v2\/media?parent=4272"}],"wp:term":[{"taxonomy":"product_brand","embeddable":true,"href":"https:\/\/fumot.uk\/fr\/wp-json\/wp\/v2\/product_brand?post=4272"},{"taxonomy":"product_cat","embeddable":true,"href":"https:\/\/fumot.uk\/fr\/wp-json\/wp\/v2\/product_cat?post=4272"},{"taxonomy":"product_tag","embeddable":true,"href":"https:\/\/fumot.uk\/fr\/wp-json\/wp\/v2\/product_tag?post=4272"}],"curies":[{"name":"wp","href":"https:\/\/api.w.org\/{rel}","templated":true}]}}